{"id":2502,"date":"2023-08-14T02:01:44","date_gmt":"2023-08-14T06:01:44","guid":{"rendered":"https:\/\/amirlatam.com\/sa\/?post_type=product&#038;p=2502"},"modified":"2024-12-16T11:28:46","modified_gmt":"2024-12-16T15:28:46","slug":"master-en-gestion-sanitaria-direccion-clinica-e-innovacion-en-centros-medico","status":"publish","type":"product","link":"https:\/\/amirlatam.com\/sa\/cursos\/medicina\/master-en-gestion-sanitaria-direccion-clinica-e-innovacion-en-centros-medico\/","title":{"rendered":"M\u00e1ster en Gesti\u00f3n Sanitaria"},"content":{"rendered":"\t\t<div data-elementor-type=\"container\" data-elementor-id=\"2504\" class=\"elementor elementor-2504\" data-elementor-settings=\"{&quot;ha_cmc_init_switcher&quot;:&quot;no&quot;}\" data-elementor-post-type=\"elementor_library\">\n\t\t\t\t<div class=\"elementor-element elementor-element-4ad8716e e-flex e-con-boxed e-con e-parent\" data-id=\"4ad8716e\" data-element_type=\"container\" data-e-type=\"container\" data-settings=\"{&quot;_ha_eqh_enable&quot;:false}\">\n\t\t\t\t\t<div class=\"e-con-inner\">\n\t\t\t\t<div class=\"elementor-element elementor-element-4ea6e09b elementor-widget elementor-widget-accordion\" data-id=\"4ea6e09b\" data-element_type=\"widget\" data-e-type=\"widget\" data-widget_type=\"accordion.default\">\n\t\t\t\t<div class=\"elementor-widget-container\">\n\t\t\t\t\t\t\t<div class=\"elementor-accordion\">\n\t\t\t\t\t\t\t<div class=\"elementor-accordion-item\">\n\t\t\t\t\t<div id=\"elementor-tab-title-1311\" class=\"elementor-tab-title\" data-tab=\"1\" role=\"button\" aria-controls=\"elementor-tab-content-1311\" aria-expanded=\"false\">\n\t\t\t\t\t\t\t\t\t\t\t\t\t<span class=\"elementor-accordion-icon elementor-accordion-icon-left\" aria-hidden=\"true\">\n\t\t\t\t\t\t\t\t\t\t\t\t\t\t\t<i class=\"elementor-accordion-icon-closed fa fa-plus\"><\/i>\n\t\t\t\t\t\t\t\t<i class=\"elementor-accordion-icon-opened fa fa-minus\"><\/i>\n\t\t\t\t\t\t\t\t\t\t\t\t\t\t<\/span>\n\t\t\t\t\t\t\t\t\t\t\t\t<a class=\"elementor-accordion-title\" tabindex=\"0\">Contenido y M\u00f3dulos<\/a>\n\t\t\t\t\t<\/div>\n\t\t\t\t\t<div id=\"elementor-tab-content-1311\" class=\"elementor-tab-content elementor-clearfix\" data-tab=\"1\" role=\"region\" aria-labelledby=\"elementor-tab-title-1311\"><p style=\"font-weight: 400;\">1.- Sistema Nacional de Salud<\/p><p style=\"font-weight: 400;\">2.- Gesti\u00f3n econ\u00f3mica<\/p><p style=\"font-weight: 400;\">3.- Calidad<\/p><p style=\"font-weight: 400;\">4.- Investigaci\u00f3n e innovaci\u00f3n<\/p><p style=\"font-weight: 400;\">5.- Liderazgo y coaching<\/p><p style=\"font-weight: 400;\">6.- Gesti\u00f3n de emociones<\/p><p style=\"font-weight: 400;\">7.- Conflicto y su mediaci\u00f3n<\/p><p>8.- RRHH<\/p><p>9.- <span lang=\"ES\">Sistemas de informaci\u00f3n<\/span><\/p><p style=\"font-weight: 400;\">10.- Planificaci\u00f3n de turnos<\/p><p style=\"font-weight: 400;\">11 y 12.- Procesos varios de gesti\u00f3n<\/p><\/div>\n\t\t\t\t<\/div>\n\t\t\t\t\t\t\t\t<\/div>\n\t\t\t\t\t\t<\/div>\n\t\t\t\t<\/div>\n\t\t\t\t\t<\/div>\n\t\t\t\t<\/div>\n\t\t\t\t<\/div>\n\t\t\n","protected":false},"excerpt":{"rendered":"<p style=\"font-weight: 400\">Con este M\u00e1ster buscamos aportar los conocimientos y habilidades necesarias para poder <strong>dirigir equipos de personas en el \u00e1mbito sanitario<\/strong>, desde gesti\u00f3n econ\u00f3mica, normativa del marco sanitario, liderazgo, t\u00e9cnicas de negociaci\u00f3n, integrar departamentos de innovaci\u00f3n, entre otras tem\u00e1ticas.<\/p>\n<p style=\"font-weight: 400\">Nuestra metodolog\u00eda consiste en que tu experiencia sea lo m\u00e1s satisfactoria e integrada posible, facilitando la posibilidad de <strong>acceder a los contenidos<\/strong> de video, audio, res\u00famenes, PDFs y esquemas <strong>en cualquier momento<\/strong>, y brindando <strong>tutor\u00edas<\/strong> peri\u00f3dicas para un acompa\u00f1amiento cercano.<\/p>\n","protected":false},"featured_media":2627,"template":"","meta":{"_acf_changed":false},"product_brand":[],"product_cat":[59],"product_tag":[],"class_list":{"0":"post-2502","1":"product","2":"type-product","3":"status-publish","4":"has-post-thumbnail","6":"product_cat-medicina","8":"first","9":"instock","10":"shipping-taxable","11":"product-type-simple"},"acf":[],"yoast_head":"<!-- This site is optimized with the Yoast SEO Premium plugin v26.8 (Yoast SEO v26.8) - https:\/\/yoast.com\/product\/yoast-seo-premium-wordpress\/ -->\n<title>M\u00e1ster en Gesti\u00f3n Sanitaria - Sur Am\u00e9rica<\/title>\n<meta name=\"robots\" content=\"index, follow, max-snippet:-1, max-image-preview:large, max-video-preview:-1\" \/>\n<link rel=\"canonical\" href=\"https:\/\/amirlatam.com\/sa\/cursos\/medicina\/master-en-gestion-sanitaria-direccion-clinica-e-innovacion-en-centros-medico\/\" \/>\n<meta property=\"og:locale\" content=\"es_ES\" \/>\n<meta property=\"og:type\" content=\"article\" \/>\n<meta property=\"og:title\" content=\"M\u00e1ster en Gesti\u00f3n Sanitaria\" \/>\n<meta property=\"og:description\" content=\"Con este M\u00e1ster buscamos aportar los conocimientos y habilidades necesarias para poder dirigir equipos de personas en el \u00e1mbito sanitario, desde gesti\u00f3n econ\u00f3mica, normativa del marco sanitario, liderazgo, t\u00e9cnicas de negociaci\u00f3n, integrar departamentos de innovaci\u00f3n, entre otras tem\u00e1ticas. Nuestra metodolog\u00eda consiste en que tu experiencia sea lo m\u00e1s satisfactoria e integrada posible, facilitando la posibilidad de acceder a los contenidos de video, audio, res\u00famenes, PDFs y esquemas en cualquier momento, y brindando tutor\u00edas peri\u00f3dicas para un acompa\u00f1amiento cercano.\" \/>\n<meta property=\"og:url\" content=\"https:\/\/amirlatam.com\/sa\/cursos\/medicina\/master-en-gestion-sanitaria-direccion-clinica-e-innovacion-en-centros-medico\/\" \/>\n<meta property=\"og:site_name\" content=\"Sur Am\u00e9rica\" \/>\n<meta property=\"article:modified_time\" content=\"2024-12-16T15:28:46+00:00\" \/>\n<meta property=\"og:image\" content=\"https:\/\/amirlatam.com\/sa\/wp-content\/uploads\/sites\/7\/2023\/07\/Gerencia-hospitalaria.jpg\" \/>\n\t<meta property=\"og:image:width\" content=\"1920\" \/>\n\t<meta property=\"og:image:height\" content=\"1920\" \/>\n\t<meta property=\"og:image:type\" content=\"image\/jpeg\" \/>\n<meta name=\"twitter:card\" content=\"summary_large_image\" \/>\n<meta name=\"twitter:label1\" content=\"Precio\" \/>\n\t<meta name=\"twitter:data1\" content=\"\" \/>\n\t<meta name=\"twitter:label2\" content=\"Disponibilidad\" \/>\n\t<meta name=\"twitter:data2\" content=\"Disponible\" \/>\n<script type=\"application\/ld+json\" class=\"yoast-schema-graph\">{\"@context\":\"https:\/\/schema.org\",\"@graph\":[{\"@type\":\"WebPage\",\"@id\":\"https:\/\/amirlatam.com\/sa\/cursos\/medicina\/master-en-gestion-sanitaria-direccion-clinica-e-innovacion-en-centros-medico\/\",\"url\":\"https:\/\/amirlatam.com\/sa\/cursos\/medicina\/master-en-gestion-sanitaria-direccion-clinica-e-innovacion-en-centros-medico\/\",\"name\":\"M\u00e1ster en Gesti\u00f3n Sanitaria - Sur Am\u00e9rica\",\"isPartOf\":{\"@id\":\"https:\/\/amirlatam.com\/sa\/#website\"},\"primaryImageOfPage\":{\"@id\":\"https:\/\/amirlatam.com\/sa\/cursos\/medicina\/master-en-gestion-sanitaria-direccion-clinica-e-innovacion-en-centros-medico\/#primaryimage\"},\"image\":{\"@id\":\"https:\/\/amirlatam.com\/sa\/cursos\/medicina\/master-en-gestion-sanitaria-direccion-clinica-e-innovacion-en-centros-medico\/#primaryimage\"},\"thumbnailUrl\":\"https:\/\/amirlatam.com\/sa\/wp-content\/uploads\/sites\/7\/2023\/07\/Gerencia-hospitalaria.jpg\",\"datePublished\":\"2023-08-14T06:01:44+00:00\",\"dateModified\":\"2024-12-16T15:28:46+00:00\",\"breadcrumb\":{\"@id\":\"https:\/\/amirlatam.com\/sa\/cursos\/medicina\/master-en-gestion-sanitaria-direccion-clinica-e-innovacion-en-centros-medico\/#breadcrumb\"},\"inLanguage\":\"es\",\"potentialAction\":[{\"@type\":\"ReadAction\",\"target\":[\"https:\/\/amirlatam.com\/sa\/cursos\/medicina\/master-en-gestion-sanitaria-direccion-clinica-e-innovacion-en-centros-medico\/\"]}]},{\"@type\":\"ImageObject\",\"inLanguage\":\"es\",\"@id\":\"https:\/\/amirlatam.com\/sa\/cursos\/medicina\/master-en-gestion-sanitaria-direccion-clinica-e-innovacion-en-centros-medico\/#primaryimage\",\"url\":\"https:\/\/amirlatam.com\/sa\/wp-content\/uploads\/sites\/7\/2023\/07\/Gerencia-hospitalaria.jpg\",\"contentUrl\":\"https:\/\/amirlatam.com\/sa\/wp-content\/uploads\/sites\/7\/2023\/07\/Gerencia-hospitalaria.jpg\",\"width\":1920,\"height\":1920},{\"@type\":\"BreadcrumbList\",\"@id\":\"https:\/\/amirlatam.com\/sa\/cursos\/medicina\/master-en-gestion-sanitaria-direccion-clinica-e-innovacion-en-centros-medico\/#breadcrumb\",\"itemListElement\":[{\"@type\":\"ListItem\",\"position\":1,\"name\":\"Portada\",\"item\":\"https:\/\/amirlatam.com\/sa\/\"},{\"@type\":\"ListItem\",\"position\":2,\"name\":\"Tienda\",\"item\":\"https:\/\/amirlatam.com\/sa\/tienda\/\"},{\"@type\":\"ListItem\",\"position\":3,\"name\":\"M\u00e1ster en Gesti\u00f3n Sanitaria\"}]},{\"@type\":\"WebSite\",\"@id\":\"https:\/\/amirlatam.com\/sa\/#website\",\"url\":\"https:\/\/amirlatam.com\/sa\/\",\"name\":\"Sur Am\u00e9rica\",\"description\":\"AMIR Latinoam\u00e9rica\",\"publisher\":{\"@id\":\"https:\/\/amirlatam.com\/sa\/#organization\"},\"potentialAction\":[{\"@type\":\"SearchAction\",\"target\":{\"@type\":\"EntryPoint\",\"urlTemplate\":\"https:\/\/amirlatam.com\/sa\/?s={search_term_string}\"},\"query-input\":{\"@type\":\"PropertyValueSpecification\",\"valueRequired\":true,\"valueName\":\"search_term_string\"}}],\"inLanguage\":\"es\"},{\"@type\":\"Organization\",\"@id\":\"https:\/\/amirlatam.com\/sa\/#organization\",\"name\":\"Sur Am\u00e9rica\",\"url\":\"https:\/\/amirlatam.com\/sa\/\",\"logo\":{\"@type\":\"ImageObject\",\"inLanguage\":\"es\",\"@id\":\"https:\/\/amirlatam.com\/sa\/#\/schema\/logo\/image\/\",\"url\":\"https:\/\/amirlatam.com\/sa\/wp-content\/uploads\/sites\/7\/2023\/06\/Logo.png\",\"contentUrl\":\"https:\/\/amirlatam.com\/sa\/wp-content\/uploads\/sites\/7\/2023\/06\/Logo.png\",\"width\":676,\"height\":200,\"caption\":\"Sur Am\u00e9rica\"},\"image\":{\"@id\":\"https:\/\/amirlatam.com\/sa\/#\/schema\/logo\/image\/\"}}]}<\/script>\n<meta property=\"product:price:currency\" content=\"USD\" \/>\n<meta property=\"og:availability\" content=\"instock\" \/>\n<meta property=\"product:availability\" content=\"instock\" \/>\n<meta property=\"product:condition\" content=\"new\" \/>\n<!-- \/ Yoast SEO Premium plugin. -->","yoast_head_json":{"title":"M\u00e1ster en Gesti\u00f3n Sanitaria - Sur Am\u00e9rica","robots":{"index":"index","follow":"follow","max-snippet":"max-snippet:-1","max-image-preview":"max-image-preview:large","max-video-preview":"max-video-preview:-1"},"canonical":"https:\/\/amirlatam.com\/sa\/cursos\/medicina\/master-en-gestion-sanitaria-direccion-clinica-e-innovacion-en-centros-medico\/","og_locale":"es_ES","og_type":"article","og_title":"M\u00e1ster en Gesti\u00f3n Sanitaria","og_description":"Con este M\u00e1ster buscamos aportar los conocimientos y habilidades necesarias para poder dirigir equipos de personas en el \u00e1mbito sanitario, desde gesti\u00f3n econ\u00f3mica, normativa del marco sanitario, liderazgo, t\u00e9cnicas de negociaci\u00f3n, integrar departamentos de innovaci\u00f3n, entre otras tem\u00e1ticas. Nuestra metodolog\u00eda consiste en que tu experiencia sea lo m\u00e1s satisfactoria e integrada posible, facilitando la posibilidad de acceder a los contenidos de video, audio, res\u00famenes, PDFs y esquemas en cualquier momento, y brindando tutor\u00edas peri\u00f3dicas para un acompa\u00f1amiento cercano.","og_url":"https:\/\/amirlatam.com\/sa\/cursos\/medicina\/master-en-gestion-sanitaria-direccion-clinica-e-innovacion-en-centros-medico\/","og_site_name":"Sur Am\u00e9rica","article_modified_time":"2024-12-16T15:28:46+00:00","og_image":[{"width":1920,"height":1920,"url":"https:\/\/amirlatam.com\/sa\/wp-content\/uploads\/sites\/7\/2023\/07\/Gerencia-hospitalaria.jpg","type":"image\/jpeg"}],"twitter_card":"summary_large_image","twitter_misc":{"Precio":"","Disponibilidad":"Disponible"},"schema":{"@context":"https:\/\/schema.org","@graph":[{"@type":"WebPage","@id":"https:\/\/amirlatam.com\/sa\/cursos\/medicina\/master-en-gestion-sanitaria-direccion-clinica-e-innovacion-en-centros-medico\/","url":"https:\/\/amirlatam.com\/sa\/cursos\/medicina\/master-en-gestion-sanitaria-direccion-clinica-e-innovacion-en-centros-medico\/","name":"M\u00e1ster en Gesti\u00f3n Sanitaria - Sur Am\u00e9rica","isPartOf":{"@id":"https:\/\/amirlatam.com\/sa\/#website"},"primaryImageOfPage":{"@id":"https:\/\/amirlatam.com\/sa\/cursos\/medicina\/master-en-gestion-sanitaria-direccion-clinica-e-innovacion-en-centros-medico\/#primaryimage"},"image":{"@id":"https:\/\/amirlatam.com\/sa\/cursos\/medicina\/master-en-gestion-sanitaria-direccion-clinica-e-innovacion-en-centros-medico\/#primaryimage"},"thumbnailUrl":"https:\/\/amirlatam.com\/sa\/wp-content\/uploads\/sites\/7\/2023\/07\/Gerencia-hospitalaria.jpg","datePublished":"2023-08-14T06:01:44+00:00","dateModified":"2024-12-16T15:28:46+00:00","breadcrumb":{"@id":"https:\/\/amirlatam.com\/sa\/cursos\/medicina\/master-en-gestion-sanitaria-direccion-clinica-e-innovacion-en-centros-medico\/#breadcrumb"},"inLanguage":"es","potentialAction":[{"@type":"ReadAction","target":["https:\/\/amirlatam.com\/sa\/cursos\/medicina\/master-en-gestion-sanitaria-direccion-clinica-e-innovacion-en-centros-medico\/"]}]},{"@type":"ImageObject","inLanguage":"es","@id":"https:\/\/amirlatam.com\/sa\/cursos\/medicina\/master-en-gestion-sanitaria-direccion-clinica-e-innovacion-en-centros-medico\/#primaryimage","url":"https:\/\/amirlatam.com\/sa\/wp-content\/uploads\/sites\/7\/2023\/07\/Gerencia-hospitalaria.jpg","contentUrl":"https:\/\/amirlatam.com\/sa\/wp-content\/uploads\/sites\/7\/2023\/07\/Gerencia-hospitalaria.jpg","width":1920,"height":1920},{"@type":"BreadcrumbList","@id":"https:\/\/amirlatam.com\/sa\/cursos\/medicina\/master-en-gestion-sanitaria-direccion-clinica-e-innovacion-en-centros-medico\/#breadcrumb","itemListElement":[{"@type":"ListItem","position":1,"name":"Portada","item":"https:\/\/amirlatam.com\/sa\/"},{"@type":"ListItem","position":2,"name":"Tienda","item":"https:\/\/amirlatam.com\/sa\/tienda\/"},{"@type":"ListItem","position":3,"name":"M\u00e1ster en Gesti\u00f3n Sanitaria"}]},{"@type":"WebSite","@id":"https:\/\/amirlatam.com\/sa\/#website","url":"https:\/\/amirlatam.com\/sa\/","name":"Sur Am\u00e9rica","description":"AMIR Latinoam\u00e9rica","publisher":{"@id":"https:\/\/amirlatam.com\/sa\/#organization"},"potentialAction":[{"@type":"SearchAction","target":{"@type":"EntryPoint","urlTemplate":"https:\/\/amirlatam.com\/sa\/?s={search_term_string}"},"query-input":{"@type":"PropertyValueSpecification","valueRequired":true,"valueName":"search_term_string"}}],"inLanguage":"es"},{"@type":"Organization","@id":"https:\/\/amirlatam.com\/sa\/#organization","name":"Sur Am\u00e9rica","url":"https:\/\/amirlatam.com\/sa\/","logo":{"@type":"ImageObject","inLanguage":"es","@id":"https:\/\/amirlatam.com\/sa\/#\/schema\/logo\/image\/","url":"https:\/\/amirlatam.com\/sa\/wp-content\/uploads\/sites\/7\/2023\/06\/Logo.png","contentUrl":"https:\/\/amirlatam.com\/sa\/wp-content\/uploads\/sites\/7\/2023\/06\/Logo.png","width":676,"height":200,"caption":"Sur Am\u00e9rica"},"image":{"@id":"https:\/\/amirlatam.com\/sa\/#\/schema\/logo\/image\/"}}]},"product_price_currency":"USD","og_availability":"instock","product_availability":"instock","product_condition":"new"},"_links":{"self":[{"href":"https:\/\/amirlatam.com\/sa\/wp-json\/wp\/v2\/product\/2502","targetHints":{"allow":["GET"]}}],"collection":[{"href":"https:\/\/amirlatam.com\/sa\/wp-json\/wp\/v2\/product"}],"about":[{"href":"https:\/\/amirlatam.com\/sa\/wp-json\/wp\/v2\/types\/product"}],"version-history":[{"count":5,"href":"https:\/\/amirlatam.com\/sa\/wp-json\/wp\/v2\/product\/2502\/revisions"}],"predecessor-version":[{"id":10388,"href":"https:\/\/amirlatam.com\/sa\/wp-json\/wp\/v2\/product\/2502\/revisions\/10388"}],"wp:featuredmedia":[{"embeddable":true,"href":"https:\/\/amirlatam.com\/sa\/wp-json\/wp\/v2\/media\/2627"}],"wp:attachment":[{"href":"https:\/\/amirlatam.com\/sa\/wp-json\/wp\/v2\/media?parent=2502"}],"wp:term":[{"taxonomy":"product_brand","embeddable":true,"href":"https:\/\/amirlatam.com\/sa\/wp-json\/wp\/v2\/product_brand?post=2502"},{"taxonomy":"product_cat","embeddable":true,"href":"https:\/\/amirlatam.com\/sa\/wp-json\/wp\/v2\/product_cat?post=2502"},{"taxonomy":"product_tag","embeddable":true,"href":"https:\/\/amirlatam.com\/sa\/wp-json\/wp\/v2\/product_tag?post=2502"}],"curies":[{"name":"wp","href":"https:\/\/api.w.org\/{rel}","templated":true}]}}