{"id":2164,"date":"2023-08-07T05:41:57","date_gmt":"2023-08-07T09:41:57","guid":{"rendered":"https:\/\/amirlatam.com\/sa\/?post_type=product&#038;p=2164"},"modified":"2023-08-29T17:35:07","modified_gmt":"2023-08-29T21:35:07","slug":"mir-completo","status":"publish","type":"product","link":"https:\/\/amirlatam.com\/sa\/cursos\/acceso-a-especialidades\/mir\/mir-completo\/","title":{"rendered":"MIR Completo"},"content":{"rendered":"<h3 style=\"text-align: center;\"><strong>\u00bfC\u00f3mo quieres estudiar?<\/strong><\/h3>\n<p style=\"text-align: center;\">\u00bfImaginas tener un curso que se adapte a ti, a tus preferencias y necesidades?<strong> \u00a1En AMIR lo tenemos!<\/strong> Descubre cu\u00e1l de nuestros cursos es el que m\u00e1s se adapta a ti.<\/p>\n","protected":false},"excerpt":{"rendered":"<h3><strong>La f\u00f3rmula AMIR para conseguir tu plaza<\/strong><\/h3>\n<p>\u00bfEst\u00e1s buscando la mejor preparaci\u00f3n para el examen MIR? En AMIR, nuestro principal objetivo es poder sacar a relucir todo tu potencial para que te sea m\u00e1s f\u00e1cil conseguir el \u00e9xito en esta aventura en la que estamos dispuestos a acompa\u00f1arte. Para conseguirlo, hace m\u00e1s de 16 a\u00f1os, desarrollamos un m\u00e9todo de estudio que hemos contrastado y perfeccionado con el tiempo para que te resulte m\u00e1s f\u00e1cil alcanzar la plaza que deseas.<\/p>\n","protected":false},"featured_media":2696,"template":"","meta":{"_acf_changed":false},"product_brand":[],"product_cat":[65],"product_tag":[71],"class_list":{"0":"post-2164","1":"product","2":"type-product","3":"status-publish","4":"has-post-thumbnail","6":"product_cat-mir","7":"product_tag-mir-completo","9":"first","10":"instock","11":"shipping-taxable","12":"purchasable","13":"product-type-simple"},"acf":[],"yoast_head":"<!-- This site is optimized with the Yoast SEO Premium plugin v26.8 (Yoast SEO v26.8) - https:\/\/yoast.com\/product\/yoast-seo-premium-wordpress\/ -->\n<title>MIR Completo - Sur Am\u00e9rica<\/title>\n<meta name=\"robots\" content=\"index, follow, max-snippet:-1, max-image-preview:large, max-video-preview:-1\" \/>\n<link rel=\"canonical\" href=\"https:\/\/amirlatam.com\/sa\/cursos\/acceso-a-especialidades\/mir\/mir-completo\/\" \/>\n<meta property=\"og:locale\" content=\"es_ES\" \/>\n<meta property=\"og:type\" content=\"article\" \/>\n<meta property=\"og:title\" content=\"MIR Completo\" \/>\n<meta property=\"og:description\" content=\"La f\u00f3rmula AMIR para conseguir tu plaza \u00bfEst\u00e1s buscando la mejor preparaci\u00f3n para el examen MIR? En AMIR, nuestro principal objetivo es poder sacar a relucir todo tu potencial para que te sea m\u00e1s f\u00e1cil conseguir el \u00e9xito en esta aventura en la que estamos dispuestos a acompa\u00f1arte. Para conseguirlo, hace m\u00e1s de 16 a\u00f1os, desarrollamos un m\u00e9todo de estudio que hemos contrastado y perfeccionado con el tiempo para que te resulte m\u00e1s f\u00e1cil alcanzar la plaza que deseas.\" \/>\n<meta property=\"og:url\" content=\"https:\/\/amirlatam.com\/sa\/cursos\/acceso-a-especialidades\/mir\/mir-completo\/\" \/>\n<meta property=\"og:site_name\" content=\"Sur Am\u00e9rica\" \/>\n<meta property=\"article:modified_time\" content=\"2023-08-29T21:35:07+00:00\" \/>\n<meta property=\"og:image\" content=\"https:\/\/amirlatam.com\/sa\/wp-content\/uploads\/sites\/7\/2023\/08\/quisiera-hacer-pregunta-scaled.jpg\" \/>\n\t<meta property=\"og:image:width\" content=\"2560\" \/>\n\t<meta property=\"og:image:height\" content=\"1707\" \/>\n\t<meta property=\"og:image:type\" content=\"image\/jpeg\" \/>\n<meta name=\"twitter:card\" content=\"summary_large_image\" \/>\n<meta name=\"twitter:label1\" content=\"Precio\" \/>\n\t<meta name=\"twitter:data1\" content=\"&#036;1.00\" \/>\n\t<meta name=\"twitter:label2\" content=\"Disponibilidad\" \/>\n\t<meta name=\"twitter:data2\" content=\"Disponible\" \/>\n<script type=\"application\/ld+json\" class=\"yoast-schema-graph\">{\"@context\":\"https:\/\/schema.org\",\"@graph\":[{\"@type\":\"WebPage\",\"@id\":\"https:\/\/amirlatam.com\/sa\/cursos\/acceso-a-especialidades\/mir\/mir-completo\/\",\"url\":\"https:\/\/amirlatam.com\/sa\/cursos\/acceso-a-especialidades\/mir\/mir-completo\/\",\"name\":\"MIR Completo - Sur Am\u00e9rica\",\"isPartOf\":{\"@id\":\"https:\/\/amirlatam.com\/sa\/#website\"},\"primaryImageOfPage\":{\"@id\":\"https:\/\/amirlatam.com\/sa\/cursos\/acceso-a-especialidades\/mir\/mir-completo\/#primaryimage\"},\"image\":{\"@id\":\"https:\/\/amirlatam.com\/sa\/cursos\/acceso-a-especialidades\/mir\/mir-completo\/#primaryimage\"},\"thumbnailUrl\":\"https:\/\/amirlatam.com\/sa\/wp-content\/uploads\/sites\/7\/2023\/08\/quisiera-hacer-pregunta-scaled.jpg\",\"datePublished\":\"2023-08-07T09:41:57+00:00\",\"dateModified\":\"2023-08-29T21:35:07+00:00\",\"breadcrumb\":{\"@id\":\"https:\/\/amirlatam.com\/sa\/cursos\/acceso-a-especialidades\/mir\/mir-completo\/#breadcrumb\"},\"inLanguage\":\"es\",\"potentialAction\":[{\"@type\":\"ReadAction\",\"target\":[\"https:\/\/amirlatam.com\/sa\/cursos\/acceso-a-especialidades\/mir\/mir-completo\/\"]}]},{\"@type\":\"ImageObject\",\"inLanguage\":\"es\",\"@id\":\"https:\/\/amirlatam.com\/sa\/cursos\/acceso-a-especialidades\/mir\/mir-completo\/#primaryimage\",\"url\":\"https:\/\/amirlatam.com\/sa\/wp-content\/uploads\/sites\/7\/2023\/08\/quisiera-hacer-pregunta-scaled.jpg\",\"contentUrl\":\"https:\/\/amirlatam.com\/sa\/wp-content\/uploads\/sites\/7\/2023\/08\/quisiera-hacer-pregunta-scaled.jpg\",\"width\":2560,\"height\":1707,\"caption\":\"Happy doctor attending a seminar and raising his hand to ask a question at convention center.\"},{\"@type\":\"BreadcrumbList\",\"@id\":\"https:\/\/amirlatam.com\/sa\/cursos\/acceso-a-especialidades\/mir\/mir-completo\/#breadcrumb\",\"itemListElement\":[{\"@type\":\"ListItem\",\"position\":1,\"name\":\"Portada\",\"item\":\"https:\/\/amirlatam.com\/sa\/\"},{\"@type\":\"ListItem\",\"position\":2,\"name\":\"Tienda\",\"item\":\"https:\/\/amirlatam.com\/sa\/tienda\/\"},{\"@type\":\"ListItem\",\"position\":3,\"name\":\"MIR Completo\"}]},{\"@type\":\"WebSite\",\"@id\":\"https:\/\/amirlatam.com\/sa\/#website\",\"url\":\"https:\/\/amirlatam.com\/sa\/\",\"name\":\"Sur Am\u00e9rica\",\"description\":\"AMIR Latinoam\u00e9rica\",\"publisher\":{\"@id\":\"https:\/\/amirlatam.com\/sa\/#organization\"},\"potentialAction\":[{\"@type\":\"SearchAction\",\"target\":{\"@type\":\"EntryPoint\",\"urlTemplate\":\"https:\/\/amirlatam.com\/sa\/?s={search_term_string}\"},\"query-input\":{\"@type\":\"PropertyValueSpecification\",\"valueRequired\":true,\"valueName\":\"search_term_string\"}}],\"inLanguage\":\"es\"},{\"@type\":\"Organization\",\"@id\":\"https:\/\/amirlatam.com\/sa\/#organization\",\"name\":\"Sur Am\u00e9rica\",\"url\":\"https:\/\/amirlatam.com\/sa\/\",\"logo\":{\"@type\":\"ImageObject\",\"inLanguage\":\"es\",\"@id\":\"https:\/\/amirlatam.com\/sa\/#\/schema\/logo\/image\/\",\"url\":\"https:\/\/amirlatam.com\/sa\/wp-content\/uploads\/sites\/7\/2023\/06\/Logo.png\",\"contentUrl\":\"https:\/\/amirlatam.com\/sa\/wp-content\/uploads\/sites\/7\/2023\/06\/Logo.png\",\"width\":676,\"height\":200,\"caption\":\"Sur Am\u00e9rica\"},\"image\":{\"@id\":\"https:\/\/amirlatam.com\/sa\/#\/schema\/logo\/image\/\"}}]}<\/script>\n<meta property=\"product:price:amount\" content=\"1.00\" \/>\n<meta property=\"product:price:currency\" content=\"USD\" \/>\n<meta property=\"og:availability\" content=\"instock\" \/>\n<meta property=\"product:availability\" content=\"instock\" \/>\n<meta property=\"product:condition\" content=\"new\" \/>\n<!-- \/ Yoast SEO Premium plugin. -->","yoast_head_json":{"title":"MIR Completo - Sur Am\u00e9rica","robots":{"index":"index","follow":"follow","max-snippet":"max-snippet:-1","max-image-preview":"max-image-preview:large","max-video-preview":"max-video-preview:-1"},"canonical":"https:\/\/amirlatam.com\/sa\/cursos\/acceso-a-especialidades\/mir\/mir-completo\/","og_locale":"es_ES","og_type":"article","og_title":"MIR Completo","og_description":"La f\u00f3rmula AMIR para conseguir tu plaza \u00bfEst\u00e1s buscando la mejor preparaci\u00f3n para el examen MIR? En AMIR, nuestro principal objetivo es poder sacar a relucir todo tu potencial para que te sea m\u00e1s f\u00e1cil conseguir el \u00e9xito en esta aventura en la que estamos dispuestos a acompa\u00f1arte. Para conseguirlo, hace m\u00e1s de 16 a\u00f1os, desarrollamos un m\u00e9todo de estudio que hemos contrastado y perfeccionado con el tiempo para que te resulte m\u00e1s f\u00e1cil alcanzar la plaza que deseas.","og_url":"https:\/\/amirlatam.com\/sa\/cursos\/acceso-a-especialidades\/mir\/mir-completo\/","og_site_name":"Sur Am\u00e9rica","article_modified_time":"2023-08-29T21:35:07+00:00","og_image":[{"width":2560,"height":1707,"url":"https:\/\/amirlatam.com\/sa\/wp-content\/uploads\/sites\/7\/2023\/08\/quisiera-hacer-pregunta-scaled.jpg","type":"image\/jpeg"}],"twitter_card":"summary_large_image","twitter_misc":{"Precio":"&#36;1.00","Disponibilidad":"Disponible"},"schema":{"@context":"https:\/\/schema.org","@graph":[{"@type":"WebPage","@id":"https:\/\/amirlatam.com\/sa\/cursos\/acceso-a-especialidades\/mir\/mir-completo\/","url":"https:\/\/amirlatam.com\/sa\/cursos\/acceso-a-especialidades\/mir\/mir-completo\/","name":"MIR Completo - Sur Am\u00e9rica","isPartOf":{"@id":"https:\/\/amirlatam.com\/sa\/#website"},"primaryImageOfPage":{"@id":"https:\/\/amirlatam.com\/sa\/cursos\/acceso-a-especialidades\/mir\/mir-completo\/#primaryimage"},"image":{"@id":"https:\/\/amirlatam.com\/sa\/cursos\/acceso-a-especialidades\/mir\/mir-completo\/#primaryimage"},"thumbnailUrl":"https:\/\/amirlatam.com\/sa\/wp-content\/uploads\/sites\/7\/2023\/08\/quisiera-hacer-pregunta-scaled.jpg","datePublished":"2023-08-07T09:41:57+00:00","dateModified":"2023-08-29T21:35:07+00:00","breadcrumb":{"@id":"https:\/\/amirlatam.com\/sa\/cursos\/acceso-a-especialidades\/mir\/mir-completo\/#breadcrumb"},"inLanguage":"es","potentialAction":[{"@type":"ReadAction","target":["https:\/\/amirlatam.com\/sa\/cursos\/acceso-a-especialidades\/mir\/mir-completo\/"]}]},{"@type":"ImageObject","inLanguage":"es","@id":"https:\/\/amirlatam.com\/sa\/cursos\/acceso-a-especialidades\/mir\/mir-completo\/#primaryimage","url":"https:\/\/amirlatam.com\/sa\/wp-content\/uploads\/sites\/7\/2023\/08\/quisiera-hacer-pregunta-scaled.jpg","contentUrl":"https:\/\/amirlatam.com\/sa\/wp-content\/uploads\/sites\/7\/2023\/08\/quisiera-hacer-pregunta-scaled.jpg","width":2560,"height":1707,"caption":"Happy doctor attending a seminar and raising his hand to ask a question at convention center."},{"@type":"BreadcrumbList","@id":"https:\/\/amirlatam.com\/sa\/cursos\/acceso-a-especialidades\/mir\/mir-completo\/#breadcrumb","itemListElement":[{"@type":"ListItem","position":1,"name":"Portada","item":"https:\/\/amirlatam.com\/sa\/"},{"@type":"ListItem","position":2,"name":"Tienda","item":"https:\/\/amirlatam.com\/sa\/tienda\/"},{"@type":"ListItem","position":3,"name":"MIR Completo"}]},{"@type":"WebSite","@id":"https:\/\/amirlatam.com\/sa\/#website","url":"https:\/\/amirlatam.com\/sa\/","name":"Sur Am\u00e9rica","description":"AMIR Latinoam\u00e9rica","publisher":{"@id":"https:\/\/amirlatam.com\/sa\/#organization"},"potentialAction":[{"@type":"SearchAction","target":{"@type":"EntryPoint","urlTemplate":"https:\/\/amirlatam.com\/sa\/?s={search_term_string}"},"query-input":{"@type":"PropertyValueSpecification","valueRequired":true,"valueName":"search_term_string"}}],"inLanguage":"es"},{"@type":"Organization","@id":"https:\/\/amirlatam.com\/sa\/#organization","name":"Sur Am\u00e9rica","url":"https:\/\/amirlatam.com\/sa\/","logo":{"@type":"ImageObject","inLanguage":"es","@id":"https:\/\/amirlatam.com\/sa\/#\/schema\/logo\/image\/","url":"https:\/\/amirlatam.com\/sa\/wp-content\/uploads\/sites\/7\/2023\/06\/Logo.png","contentUrl":"https:\/\/amirlatam.com\/sa\/wp-content\/uploads\/sites\/7\/2023\/06\/Logo.png","width":676,"height":200,"caption":"Sur Am\u00e9rica"},"image":{"@id":"https:\/\/amirlatam.com\/sa\/#\/schema\/logo\/image\/"}}]},"product_price_amount":"1.00","product_price_currency":"USD","og_availability":"instock","product_availability":"instock","product_condition":"new"},"_links":{"self":[{"href":"https:\/\/amirlatam.com\/sa\/wp-json\/wp\/v2\/product\/2164","targetHints":{"allow":["GET"]}}],"collection":[{"href":"https:\/\/amirlatam.com\/sa\/wp-json\/wp\/v2\/product"}],"about":[{"href":"https:\/\/amirlatam.com\/sa\/wp-json\/wp\/v2\/types\/product"}],"version-history":[{"count":14,"href":"https:\/\/amirlatam.com\/sa\/wp-json\/wp\/v2\/product\/2164\/revisions"}],"predecessor-version":[{"id":2663,"href":"https:\/\/amirlatam.com\/sa\/wp-json\/wp\/v2\/product\/2164\/revisions\/2663"}],"wp:featuredmedia":[{"embeddable":true,"href":"https:\/\/amirlatam.com\/sa\/wp-json\/wp\/v2\/media\/2696"}],"wp:attachment":[{"href":"https:\/\/amirlatam.com\/sa\/wp-json\/wp\/v2\/media?parent=2164"}],"wp:term":[{"taxonomy":"product_brand","embeddable":true,"href":"https:\/\/amirlatam.com\/sa\/wp-json\/wp\/v2\/product_brand?post=2164"},{"taxonomy":"product_cat","embeddable":true,"href":"https:\/\/amirlatam.com\/sa\/wp-json\/wp\/v2\/product_cat?post=2164"},{"taxonomy":"product_tag","embeddable":true,"href":"https:\/\/amirlatam.com\/sa\/wp-json\/wp\/v2\/product_tag?post=2164"}],"curies":[{"name":"wp","href":"https:\/\/api.w.org\/{rel}","templated":true}]}}