{"id":1603,"date":"2023-07-12T15:17:55","date_gmt":"2023-07-12T19:17:55","guid":{"rendered":"https:\/\/amirlatam.com\/sa\/?post_type=product&#038;p=1603"},"modified":"2023-12-13T00:35:41","modified_gmt":"2023-12-13T04:35:41","slug":"master-tricologia-e-injerto-capilar","status":"publish","type":"product","link":"https:\/\/amirlatam.com\/sa\/cursos\/estetica\/master-tricologia-e-injerto-capilar\/","title":{"rendered":"M\u00e1ster en Tricolog\u00eda"},"content":{"rendered":"\t\t<div data-elementor-type=\"container\" data-elementor-id=\"2511\" class=\"elementor elementor-2511\" data-elementor-settings=\"{&quot;ha_cmc_init_switcher&quot;:&quot;no&quot;}\" data-elementor-post-type=\"elementor_library\">\n\t\t\t\t<div class=\"elementor-element elementor-element-6e05e667 e-flex e-con-boxed e-con e-parent\" data-id=\"6e05e667\" data-element_type=\"container\" data-e-type=\"container\" data-settings=\"{&quot;_ha_eqh_enable&quot;:false}\">\n\t\t\t\t\t<div class=\"e-con-inner\">\n\t\t\t\t<div class=\"elementor-element elementor-element-4ee7fd72 elementor-widget elementor-widget-accordion\" data-id=\"4ee7fd72\" data-element_type=\"widget\" data-e-type=\"widget\" data-widget_type=\"accordion.default\">\n\t\t\t\t<div class=\"elementor-widget-container\">\n\t\t\t\t\t\t\t<div class=\"elementor-accordion\">\n\t\t\t\t\t\t\t<div class=\"elementor-accordion-item\">\n\t\t\t\t\t<div id=\"elementor-tab-title-1321\" class=\"elementor-tab-title\" data-tab=\"1\" role=\"button\" aria-controls=\"elementor-tab-content-1321\" aria-expanded=\"false\">\n\t\t\t\t\t\t\t\t\t\t\t\t\t<span class=\"elementor-accordion-icon elementor-accordion-icon-left\" aria-hidden=\"true\">\n\t\t\t\t\t\t\t\t\t\t\t\t\t\t\t<i class=\"elementor-accordion-icon-closed fa fa-plus\"><\/i>\n\t\t\t\t\t\t\t\t<i class=\"elementor-accordion-icon-opened fa fa-minus\"><\/i>\n\t\t\t\t\t\t\t\t\t\t\t\t\t\t<\/span>\n\t\t\t\t\t\t\t\t\t\t\t\t<a class=\"elementor-accordion-title\" tabindex=\"0\">M\u00f3dulo I<\/a>\n\t\t\t\t\t<\/div>\n\t\t\t\t\t<div id=\"elementor-tab-content-1321\" class=\"elementor-tab-content elementor-clearfix\" data-tab=\"1\" role=\"region\" aria-labelledby=\"elementor-tab-title-1321\"><h3 style=\"font-weight: 400;\"><strong>M\u00d3DULO I INTRODUCCI\u00d3N<\/strong><\/h3><ul><li>ASPECTOS GENERALES EN MIC<\/li><li>ANATOM\u00cdA DEL FOL\u00cdCULO PILOSO<\/li><li>FISIOLOG\u00cdA DEL FOL\u00cdCULO PILOSO<\/li><li>REGULACI\u00d3N DEL CRECIMIENTO DEL PELO<\/li><li>HISTORIA CL\u00cdNICA Y EXPLORACI\u00d3N<\/li><li>AN\u00c1LISIS, TRICOGRAMA Y DIAGN\u00d3STICO<\/li><\/ul><p>\u00a0<\/p><\/div>\n\t\t\t\t<\/div>\n\t\t\t\t\t\t\t<div class=\"elementor-accordion-item\">\n\t\t\t\t\t<div id=\"elementor-tab-title-1322\" class=\"elementor-tab-title\" data-tab=\"2\" role=\"button\" aria-controls=\"elementor-tab-content-1322\" aria-expanded=\"false\">\n\t\t\t\t\t\t\t\t\t\t\t\t\t<span class=\"elementor-accordion-icon elementor-accordion-icon-left\" aria-hidden=\"true\">\n\t\t\t\t\t\t\t\t\t\t\t\t\t\t\t<i class=\"elementor-accordion-icon-closed fa fa-plus\"><\/i>\n\t\t\t\t\t\t\t\t<i class=\"elementor-accordion-icon-opened fa fa-minus\"><\/i>\n\t\t\t\t\t\t\t\t\t\t\t\t\t\t<\/span>\n\t\t\t\t\t\t\t\t\t\t\t\t<a class=\"elementor-accordion-title\" tabindex=\"0\">M\u00f3dulo II<\/a>\n\t\t\t\t\t<\/div>\n\t\t\t\t\t<div id=\"elementor-tab-content-1322\" class=\"elementor-tab-content elementor-clearfix\" data-tab=\"2\" role=\"region\" aria-labelledby=\"elementor-tab-title-1322\"><h3 style=\"font-weight: 400;\"><strong>MO\u0301DULO II ALOPECIAS <\/strong><\/h3><ul><li>PATOLOG\u00cdAS DEL CUERO CABELLUDO<\/li><li>CLASIFICACI\u00d3N DE ALOPECIAS<\/li><li>CARACTER\u00cdSTICAS Y DIAGN\u00d3STICO DIFERENCIAL DE ALOPECIAS<\/li><li>ALOPECIAS POR AFECCIONES EXTERNAS DEL CUERO CABELLUDO<\/li><li>ALOPECIA AREATA. ETIOPATOGENIA, TRATAMIENTO Y COMPLICA- CIONES<\/li><li>ALOPECIAS CICATRICIALES PRIMARIAS Y SECUNDARIAS<\/li><li>ALOPECIA ANDROG\u00c9NICA<\/li><li>PATOLOG\u00cdA EN CEJAS Y PESTA\u00d1AS<\/li><\/ul><\/div>\n\t\t\t\t<\/div>\n\t\t\t\t\t\t\t<div class=\"elementor-accordion-item\">\n\t\t\t\t\t<div id=\"elementor-tab-title-1323\" class=\"elementor-tab-title\" data-tab=\"3\" role=\"button\" aria-controls=\"elementor-tab-content-1323\" aria-expanded=\"false\">\n\t\t\t\t\t\t\t\t\t\t\t\t\t<span class=\"elementor-accordion-icon elementor-accordion-icon-left\" aria-hidden=\"true\">\n\t\t\t\t\t\t\t\t\t\t\t\t\t\t\t<i class=\"elementor-accordion-icon-closed fa fa-plus\"><\/i>\n\t\t\t\t\t\t\t\t<i class=\"elementor-accordion-icon-opened fa fa-minus\"><\/i>\n\t\t\t\t\t\t\t\t\t\t\t\t\t\t<\/span>\n\t\t\t\t\t\t\t\t\t\t\t\t<a class=\"elementor-accordion-title\" tabindex=\"0\">M\u00f3dulo III<\/a>\n\t\t\t\t\t<\/div>\n\t\t\t\t\t<div id=\"elementor-tab-content-1323\" class=\"elementor-tab-content elementor-clearfix\" data-tab=\"3\" role=\"region\" aria-labelledby=\"elementor-tab-title-1323\"><h3 style=\"font-weight: 400;\"><strong>MO\u0301DULO III TRATAMIENTO MEDICO<\/strong><\/h3><ul><li>MESOTERAPIA EN MICROINJERTO CAPILAR<\/li><li>TRATAMIENTO L\u00c1SER DE BAJA POTENCIA<\/li><li>PLASMA RICO EN PLAQUETAS<\/li><li>TRATAMIENTO CON C\u00c9LULAS MADRE<\/li><li>COSMETOLOG\u00cdA CAPILAR Y SUPLEMENTACI\u00d3N ORAL<\/li><li>OTROS TRATAMIENTOS \u00daTILES<\/li><\/ul><\/div>\n\t\t\t\t<\/div>\n\t\t\t\t\t\t\t<div class=\"elementor-accordion-item\">\n\t\t\t\t\t<div id=\"elementor-tab-title-1324\" class=\"elementor-tab-title\" data-tab=\"4\" role=\"button\" aria-controls=\"elementor-tab-content-1324\" aria-expanded=\"false\">\n\t\t\t\t\t\t\t\t\t\t\t\t\t<span class=\"elementor-accordion-icon elementor-accordion-icon-left\" aria-hidden=\"true\">\n\t\t\t\t\t\t\t\t\t\t\t\t\t\t\t<i class=\"elementor-accordion-icon-closed fa fa-plus\"><\/i>\n\t\t\t\t\t\t\t\t<i class=\"elementor-accordion-icon-opened fa fa-minus\"><\/i>\n\t\t\t\t\t\t\t\t\t\t\t\t\t\t<\/span>\n\t\t\t\t\t\t\t\t\t\t\t\t<a class=\"elementor-accordion-title\" tabindex=\"0\">M\u00f3dulo IV<\/a>\n\t\t\t\t\t<\/div>\n\t\t\t\t\t<div id=\"elementor-tab-content-1324\" class=\"elementor-tab-content elementor-clearfix\" data-tab=\"4\" role=\"region\" aria-labelledby=\"elementor-tab-title-1324\"><h3 style=\"font-weight: 400;\"><strong>MO\u0301DULO IV ASPECTOS FARMACOLO\u0301GICOS Y URGENCIAS <\/strong><\/h3><ul><li>ANESTESIA I<\/li><li>ANESTESIA II<\/li><li>RCP BASICA Y AVANZADA<\/li><li>OTRAS URGENCIAS EN CONSULTA<\/li><\/ul><\/div>\n\t\t\t\t<\/div>\n\t\t\t\t\t\t\t<div class=\"elementor-accordion-item\">\n\t\t\t\t\t<div id=\"elementor-tab-title-1325\" class=\"elementor-tab-title\" data-tab=\"5\" role=\"button\" aria-controls=\"elementor-tab-content-1325\" aria-expanded=\"false\">\n\t\t\t\t\t\t\t\t\t\t\t\t\t<span class=\"elementor-accordion-icon elementor-accordion-icon-left\" aria-hidden=\"true\">\n\t\t\t\t\t\t\t\t\t\t\t\t\t\t\t<i class=\"elementor-accordion-icon-closed fa fa-plus\"><\/i>\n\t\t\t\t\t\t\t\t<i class=\"elementor-accordion-icon-opened fa fa-minus\"><\/i>\n\t\t\t\t\t\t\t\t\t\t\t\t\t\t<\/span>\n\t\t\t\t\t\t\t\t\t\t\t\t<a class=\"elementor-accordion-title\" tabindex=\"0\">M\u00f3dulo V<\/a>\n\t\t\t\t\t<\/div>\n\t\t\t\t\t<div id=\"elementor-tab-content-1325\" class=\"elementor-tab-content elementor-clearfix\" data-tab=\"5\" role=\"region\" aria-labelledby=\"elementor-tab-title-1325\"><h3 style=\"font-weight: 400;\"><strong>MO\u0301DULO V TRATAMIENTO QUIRU\u0301RGICO<\/strong><\/h3><ul><li>TIPOS DE CIRUG\u00cdA, PLANIFICACI\u00d3N Y FASES<\/li><li>T\u00c9CNICA FUE<\/li><li>T\u00c9CNICA NON SHAVEN<\/li><li>T\u00c9CNICA FUSS<\/li><li>T\u00c9CNICAS DE IMPLANTACI\u00d3N<\/li><li>AVANCES TECNOL\u00d3GICOS<\/li><li>T\u00c9CNICAS DE MANTENIMIENTO<\/li><\/ul><\/div>\n\t\t\t\t<\/div>\n\t\t\t\t\t\t\t<div class=\"elementor-accordion-item\">\n\t\t\t\t\t<div id=\"elementor-tab-title-1326\" class=\"elementor-tab-title\" data-tab=\"6\" role=\"button\" aria-controls=\"elementor-tab-content-1326\" aria-expanded=\"false\">\n\t\t\t\t\t\t\t\t\t\t\t\t\t<span class=\"elementor-accordion-icon elementor-accordion-icon-left\" aria-hidden=\"true\">\n\t\t\t\t\t\t\t\t\t\t\t\t\t\t\t<i class=\"elementor-accordion-icon-closed fa fa-plus\"><\/i>\n\t\t\t\t\t\t\t\t<i class=\"elementor-accordion-icon-opened fa fa-minus\"><\/i>\n\t\t\t\t\t\t\t\t\t\t\t\t\t\t<\/span>\n\t\t\t\t\t\t\t\t\t\t\t\t<a class=\"elementor-accordion-title\" tabindex=\"0\">M\u00f3dulo VI<\/a>\n\t\t\t\t\t<\/div>\n\t\t\t\t\t<div id=\"elementor-tab-content-1326\" class=\"elementor-tab-content elementor-clearfix\" data-tab=\"6\" role=\"region\" aria-labelledby=\"elementor-tab-title-1326\"><h3 style=\"font-weight: 400;\"><strong>M\u00d3DULO VI LA CONSULTA DE MICROINJERTO CAPILAR<\/strong><\/h3><ul><li>C\u00d3MO MONTAR UNA CONSULTA<\/li><li>PERSONAL NECESARIO EN UNA CONSULTA<\/li><li>PAPEL DE ENFERMER\u00cdA Y T\u00c9CNICOS ESPECIALIZADOS<\/li><\/ul><\/div>\n\t\t\t\t<\/div>\n\t\t\t\t\t\t\t<div class=\"elementor-accordion-item\">\n\t\t\t\t\t<div id=\"elementor-tab-title-1327\" class=\"elementor-tab-title\" data-tab=\"7\" role=\"button\" aria-controls=\"elementor-tab-content-1327\" aria-expanded=\"false\">\n\t\t\t\t\t\t\t\t\t\t\t\t\t<span class=\"elementor-accordion-icon elementor-accordion-icon-left\" aria-hidden=\"true\">\n\t\t\t\t\t\t\t\t\t\t\t\t\t\t\t<i class=\"elementor-accordion-icon-closed fa fa-plus\"><\/i>\n\t\t\t\t\t\t\t\t<i class=\"elementor-accordion-icon-opened fa fa-minus\"><\/i>\n\t\t\t\t\t\t\t\t\t\t\t\t\t\t<\/span>\n\t\t\t\t\t\t\t\t\t\t\t\t<a class=\"elementor-accordion-title\" tabindex=\"0\">M\u00f3dulo VII<\/a>\n\t\t\t\t\t<\/div>\n\t\t\t\t\t<div id=\"elementor-tab-content-1327\" class=\"elementor-tab-content elementor-clearfix\" data-tab=\"7\" role=\"region\" aria-labelledby=\"elementor-tab-title-1327\"><h3 style=\"font-weight: 400;\"><strong>M\u00d3DULO VII MARKETING Y MEDIOS AUDIOVISUALES<\/strong><\/h3><ul><li>FOTOGRAF\u00cdA Y V\u00cdDEO EN MICROINJERTO CAPILAR<\/li><li>T\u00c9CNICAS DE MARKETING<\/li><li>REDES SOCIALES (RRSS)<\/li><li>MARCA PERSONAL<\/li><\/ul><\/div>\n\t\t\t\t<\/div>\n\t\t\t\t\t\t\t<div class=\"elementor-accordion-item\">\n\t\t\t\t\t<div id=\"elementor-tab-title-1328\" class=\"elementor-tab-title\" data-tab=\"8\" role=\"button\" aria-controls=\"elementor-tab-content-1328\" aria-expanded=\"false\">\n\t\t\t\t\t\t\t\t\t\t\t\t\t<span class=\"elementor-accordion-icon elementor-accordion-icon-left\" aria-hidden=\"true\">\n\t\t\t\t\t\t\t\t\t\t\t\t\t\t\t<i class=\"elementor-accordion-icon-closed fa fa-plus\"><\/i>\n\t\t\t\t\t\t\t\t<i class=\"elementor-accordion-icon-opened fa fa-minus\"><\/i>\n\t\t\t\t\t\t\t\t\t\t\t\t\t\t<\/span>\n\t\t\t\t\t\t\t\t\t\t\t\t<a class=\"elementor-accordion-title\" tabindex=\"0\">M\u00f3dulo VIII<\/a>\n\t\t\t\t\t<\/div>\n\t\t\t\t\t<div id=\"elementor-tab-content-1328\" class=\"elementor-tab-content elementor-clearfix\" data-tab=\"8\" role=\"region\" aria-labelledby=\"elementor-tab-title-1328\"><h3 style=\"font-weight: 400;\"><strong>M\u00d3DULO VIII COMUNICACI\u00d3N<\/strong><\/h3><ul><li>COMUNICACI\u00d3N EN TRICOLOG\u00cdA Y TRASPLANTE CAPILAR<\/li><li>DIVULGACI\u00d3N CIENT\u00cdFICA E INTERVENCI\u00d3N EN MEDIOS<\/li><li>ESTRATEGIA COMUNICATIVA Y AUDIOVISUAL PARA DESEN- VOLVERSE EN CONGRESOS<\/li><\/ul><\/div>\n\t\t\t\t<\/div>\n\t\t\t\t\t\t\t<div class=\"elementor-accordion-item\">\n\t\t\t\t\t<div id=\"elementor-tab-title-1329\" class=\"elementor-tab-title\" data-tab=\"9\" role=\"button\" aria-controls=\"elementor-tab-content-1329\" aria-expanded=\"false\">\n\t\t\t\t\t\t\t\t\t\t\t\t\t<span class=\"elementor-accordion-icon elementor-accordion-icon-left\" aria-hidden=\"true\">\n\t\t\t\t\t\t\t\t\t\t\t\t\t\t\t<i class=\"elementor-accordion-icon-closed fa fa-plus\"><\/i>\n\t\t\t\t\t\t\t\t<i class=\"elementor-accordion-icon-opened fa fa-minus\"><\/i>\n\t\t\t\t\t\t\t\t\t\t\t\t\t\t<\/span>\n\t\t\t\t\t\t\t\t\t\t\t\t<a class=\"elementor-accordion-title\" tabindex=\"0\">M\u00f3dulo IX<\/a>\n\t\t\t\t\t<\/div>\n\t\t\t\t\t<div id=\"elementor-tab-content-1329\" class=\"elementor-tab-content elementor-clearfix\" data-tab=\"9\" role=\"region\" aria-labelledby=\"elementor-tab-title-1329\"><h3><b>M\u00d3DULO IX: OTROS ASPECTOS EN MEDICINA EST\u00c9TICA<\/b><\/h3><p><strong>IX-1. ECOGRAF\u00cdA EN MEDICINA EST\u00c9TICA<\/strong><\/p><p><span style=\"font-weight: 400;\">\u2192 Ecograf\u00eda en Medicina Est\u00e9tica.<\/span><\/p><p><span style=\"font-weight: 400;\">\u2192 Uso de los ultrasonidos para guiar algunas t\u00e9cnicas y como herramienta diagn\u00f3stica.<\/span><\/p><p><strong>IX-2. EST\u00c9TICA DEL PACIENTE ONCOL\u00d3GICO<\/strong><\/p><p><span style=\"font-weight: 400;\">\u2192 Alteraciones en el cuerpo del paciente oncol\u00f3gico como consecuencia del propio tumor o de los tratamientos a los que se somete.<\/span><\/p><p><span style=\"font-weight: 400;\">\u2192 Cuidados de la piel del paciente oncol\u00f3gico en Medicina Est\u00e9tica.<\/span><\/p><p><strong>IX-3. EL FUTURO DE LA MEDICINA EST\u00c9TICA<\/strong><\/p><p><span style=\"font-weight: 400;\">\u2192 Tendencias en Medicina Est\u00e9tica.<\/span><\/p><p><span style=\"font-weight: 400;\">\u2192 El futuro de esta disciplina.<\/span><\/p><\/div>\n\t\t\t\t<\/div>\n\t\t\t\t\t\t\t\t<\/div>\n\t\t\t\t\t\t<\/div>\n\t\t\t\t<\/div>\n\t\t\t\t\t<\/div>\n\t\t\t\t<\/div>\n\t\t\t\t<\/div>\n\t\t\n","protected":false},"excerpt":{"rendered":"<p style=\"font-weight: 400;\">En el <strong>M\u00e1ster de Injerto y Micro Injerto Capilar<\/strong> obtendr\u00e1s los conocimientos te\u00f3ricos y pr\u00e1cticos sobre las diferentes t\u00e9cnicas de injerto capilar, incluyendo la extracci\u00f3n de unidades foliculares, la preparaci\u00f3n de los injertos y la colocaci\u00f3n adecuada para lograr resultados naturales y satisfactorios.<\/p>\n<p style=\"font-weight: 400;\">Esta formaci\u00f3n avanzada permite a los especialistas evaluar y diagnosticar con precisi\u00f3n las necesidades de cada paciente, as\u00ed como dise\u00f1ar un plan de tratamiento personalizado para lograr los resultados deseados.<\/p>\n<p style=\"font-weight: 400;\">Convi\u00e9rtete en un experto en <strong>Injerto Capilar<\/strong>, capaz de desarrollar y aplicar las t\u00e9cnicas m\u00e1s demandadas de un mercado en pleno auge \u00a1Inf\u00f3rmate ya!<\/p>\n","protected":false},"featured_media":2630,"template":"","meta":{"_acf_changed":false},"product_brand":[],"product_cat":[57,59],"product_tag":[],"class_list":{"0":"post-1603","1":"product","2":"type-product","3":"status-publish","4":"has-post-thumbnail","6":"product_cat-estetica","7":"product_cat-medicina","9":"first","10":"instock","11":"featured","12":"shipping-taxable","13":"purchasable","14":"product-type-simple"},"acf":[],"yoast_head":"<!-- This site is optimized with the Yoast SEO Premium plugin v26.8 (Yoast SEO v26.8) - https:\/\/yoast.com\/product\/yoast-seo-premium-wordpress\/ -->\n<title>M\u00e1ster en Tricolog\u00eda - Sur Am\u00e9rica<\/title>\n<meta name=\"robots\" content=\"index, follow, max-snippet:-1, max-image-preview:large, max-video-preview:-1\" \/>\n<link rel=\"canonical\" href=\"https:\/\/amirlatam.com\/sa\/cursos\/estetica\/master-tricologia-e-injerto-capilar\/\" \/>\n<meta property=\"og:locale\" content=\"es_ES\" \/>\n<meta property=\"og:type\" content=\"article\" \/>\n<meta property=\"og:title\" content=\"M\u00e1ster en Tricolog\u00eda\" \/>\n<meta property=\"og:description\" content=\"En el M\u00e1ster de Injerto y Micro Injerto Capilar obtendr\u00e1s los conocimientos te\u00f3ricos y pr\u00e1cticos sobre las diferentes t\u00e9cnicas de injerto capilar, incluyendo la extracci\u00f3n de unidades foliculares, la preparaci\u00f3n de los injertos y la colocaci\u00f3n adecuada para lograr resultados naturales y satisfactorios. Esta formaci\u00f3n avanzada permite a los especialistas evaluar y diagnosticar con precisi\u00f3n las necesidades de cada paciente, as\u00ed como dise\u00f1ar un plan de tratamiento personalizado para lograr los resultados deseados. Convi\u00e9rtete en un experto en Injerto Capilar, capaz de desarrollar y aplicar las t\u00e9cnicas m\u00e1s demandadas de un mercado en pleno auge \u00a1Inf\u00f3rmate ya!\" \/>\n<meta property=\"og:url\" content=\"https:\/\/amirlatam.com\/sa\/cursos\/estetica\/master-tricologia-e-injerto-capilar\/\" \/>\n<meta property=\"og:site_name\" content=\"Sur Am\u00e9rica\" \/>\n<meta property=\"article:modified_time\" content=\"2023-12-13T04:35:41+00:00\" \/>\n<meta property=\"og:image\" content=\"https:\/\/amirlatam.com\/sa\/wp-content\/uploads\/sites\/7\/2023\/07\/Tricologia-02.jpg\" \/>\n\t<meta property=\"og:image:width\" content=\"1920\" \/>\n\t<meta property=\"og:image:height\" content=\"1920\" \/>\n\t<meta property=\"og:image:type\" content=\"image\/jpeg\" \/>\n<meta name=\"twitter:card\" content=\"summary_large_image\" \/>\n<meta name=\"twitter:label1\" content=\"Precio\" \/>\n\t<meta name=\"twitter:data1\" content=\"&#036;1.00\" \/>\n\t<meta name=\"twitter:label2\" content=\"Disponibilidad\" \/>\n\t<meta name=\"twitter:data2\" content=\"Disponible\" \/>\n<script type=\"application\/ld+json\" class=\"yoast-schema-graph\">{\"@context\":\"https:\/\/schema.org\",\"@graph\":[{\"@type\":\"WebPage\",\"@id\":\"https:\/\/amirlatam.com\/sa\/cursos\/estetica\/master-tricologia-e-injerto-capilar\/\",\"url\":\"https:\/\/amirlatam.com\/sa\/cursos\/estetica\/master-tricologia-e-injerto-capilar\/\",\"name\":\"M\u00e1ster en Tricolog\u00eda - Sur Am\u00e9rica\",\"isPartOf\":{\"@id\":\"https:\/\/amirlatam.com\/sa\/#website\"},\"primaryImageOfPage\":{\"@id\":\"https:\/\/amirlatam.com\/sa\/cursos\/estetica\/master-tricologia-e-injerto-capilar\/#primaryimage\"},\"image\":{\"@id\":\"https:\/\/amirlatam.com\/sa\/cursos\/estetica\/master-tricologia-e-injerto-capilar\/#primaryimage\"},\"thumbnailUrl\":\"https:\/\/amirlatam.com\/sa\/wp-content\/uploads\/sites\/7\/2023\/07\/Tricologia-02.jpg\",\"datePublished\":\"2023-07-12T19:17:55+00:00\",\"dateModified\":\"2023-12-13T04:35:41+00:00\",\"breadcrumb\":{\"@id\":\"https:\/\/amirlatam.com\/sa\/cursos\/estetica\/master-tricologia-e-injerto-capilar\/#breadcrumb\"},\"inLanguage\":\"es\",\"potentialAction\":[{\"@type\":\"ReadAction\",\"target\":[\"https:\/\/amirlatam.com\/sa\/cursos\/estetica\/master-tricologia-e-injerto-capilar\/\"]}]},{\"@type\":\"ImageObject\",\"inLanguage\":\"es\",\"@id\":\"https:\/\/amirlatam.com\/sa\/cursos\/estetica\/master-tricologia-e-injerto-capilar\/#primaryimage\",\"url\":\"https:\/\/amirlatam.com\/sa\/wp-content\/uploads\/sites\/7\/2023\/07\/Tricologia-02.jpg\",\"contentUrl\":\"https:\/\/amirlatam.com\/sa\/wp-content\/uploads\/sites\/7\/2023\/07\/Tricologia-02.jpg\",\"width\":1920,\"height\":1920},{\"@type\":\"BreadcrumbList\",\"@id\":\"https:\/\/amirlatam.com\/sa\/cursos\/estetica\/master-tricologia-e-injerto-capilar\/#breadcrumb\",\"itemListElement\":[{\"@type\":\"ListItem\",\"position\":1,\"name\":\"Portada\",\"item\":\"https:\/\/amirlatam.com\/sa\/\"},{\"@type\":\"ListItem\",\"position\":2,\"name\":\"Tienda\",\"item\":\"https:\/\/amirlatam.com\/sa\/tienda\/\"},{\"@type\":\"ListItem\",\"position\":3,\"name\":\"M\u00e1ster en Tricolog\u00eda\"}]},{\"@type\":\"WebSite\",\"@id\":\"https:\/\/amirlatam.com\/sa\/#website\",\"url\":\"https:\/\/amirlatam.com\/sa\/\",\"name\":\"Sur Am\u00e9rica\",\"description\":\"AMIR Latinoam\u00e9rica\",\"publisher\":{\"@id\":\"https:\/\/amirlatam.com\/sa\/#organization\"},\"potentialAction\":[{\"@type\":\"SearchAction\",\"target\":{\"@type\":\"EntryPoint\",\"urlTemplate\":\"https:\/\/amirlatam.com\/sa\/?s={search_term_string}\"},\"query-input\":{\"@type\":\"PropertyValueSpecification\",\"valueRequired\":true,\"valueName\":\"search_term_string\"}}],\"inLanguage\":\"es\"},{\"@type\":\"Organization\",\"@id\":\"https:\/\/amirlatam.com\/sa\/#organization\",\"name\":\"Sur Am\u00e9rica\",\"url\":\"https:\/\/amirlatam.com\/sa\/\",\"logo\":{\"@type\":\"ImageObject\",\"inLanguage\":\"es\",\"@id\":\"https:\/\/amirlatam.com\/sa\/#\/schema\/logo\/image\/\",\"url\":\"https:\/\/amirlatam.com\/sa\/wp-content\/uploads\/sites\/7\/2023\/06\/Logo.png\",\"contentUrl\":\"https:\/\/amirlatam.com\/sa\/wp-content\/uploads\/sites\/7\/2023\/06\/Logo.png\",\"width\":676,\"height\":200,\"caption\":\"Sur Am\u00e9rica\"},\"image\":{\"@id\":\"https:\/\/amirlatam.com\/sa\/#\/schema\/logo\/image\/\"}}]}<\/script>\n<meta property=\"product:price:amount\" content=\"1.00\" \/>\n<meta property=\"product:price:currency\" content=\"USD\" \/>\n<meta property=\"og:availability\" content=\"instock\" \/>\n<meta property=\"product:availability\" content=\"instock\" \/>\n<meta property=\"product:condition\" content=\"new\" \/>\n<!-- \/ Yoast SEO Premium plugin. -->","yoast_head_json":{"title":"M\u00e1ster en Tricolog\u00eda - Sur Am\u00e9rica","robots":{"index":"index","follow":"follow","max-snippet":"max-snippet:-1","max-image-preview":"max-image-preview:large","max-video-preview":"max-video-preview:-1"},"canonical":"https:\/\/amirlatam.com\/sa\/cursos\/estetica\/master-tricologia-e-injerto-capilar\/","og_locale":"es_ES","og_type":"article","og_title":"M\u00e1ster en Tricolog\u00eda","og_description":"En el M\u00e1ster de Injerto y Micro Injerto Capilar obtendr\u00e1s los conocimientos te\u00f3ricos y pr\u00e1cticos sobre las diferentes t\u00e9cnicas de injerto capilar, incluyendo la extracci\u00f3n de unidades foliculares, la preparaci\u00f3n de los injertos y la colocaci\u00f3n adecuada para lograr resultados naturales y satisfactorios. Esta formaci\u00f3n avanzada permite a los especialistas evaluar y diagnosticar con precisi\u00f3n las necesidades de cada paciente, as\u00ed como dise\u00f1ar un plan de tratamiento personalizado para lograr los resultados deseados. Convi\u00e9rtete en un experto en Injerto Capilar, capaz de desarrollar y aplicar las t\u00e9cnicas m\u00e1s demandadas de un mercado en pleno auge \u00a1Inf\u00f3rmate ya!","og_url":"https:\/\/amirlatam.com\/sa\/cursos\/estetica\/master-tricologia-e-injerto-capilar\/","og_site_name":"Sur Am\u00e9rica","article_modified_time":"2023-12-13T04:35:41+00:00","og_image":[{"width":1920,"height":1920,"url":"https:\/\/amirlatam.com\/sa\/wp-content\/uploads\/sites\/7\/2023\/07\/Tricologia-02.jpg","type":"image\/jpeg"}],"twitter_card":"summary_large_image","twitter_misc":{"Precio":"&#36;1.00","Disponibilidad":"Disponible"},"schema":{"@context":"https:\/\/schema.org","@graph":[{"@type":"WebPage","@id":"https:\/\/amirlatam.com\/sa\/cursos\/estetica\/master-tricologia-e-injerto-capilar\/","url":"https:\/\/amirlatam.com\/sa\/cursos\/estetica\/master-tricologia-e-injerto-capilar\/","name":"M\u00e1ster en Tricolog\u00eda - Sur Am\u00e9rica","isPartOf":{"@id":"https:\/\/amirlatam.com\/sa\/#website"},"primaryImageOfPage":{"@id":"https:\/\/amirlatam.com\/sa\/cursos\/estetica\/master-tricologia-e-injerto-capilar\/#primaryimage"},"image":{"@id":"https:\/\/amirlatam.com\/sa\/cursos\/estetica\/master-tricologia-e-injerto-capilar\/#primaryimage"},"thumbnailUrl":"https:\/\/amirlatam.com\/sa\/wp-content\/uploads\/sites\/7\/2023\/07\/Tricologia-02.jpg","datePublished":"2023-07-12T19:17:55+00:00","dateModified":"2023-12-13T04:35:41+00:00","breadcrumb":{"@id":"https:\/\/amirlatam.com\/sa\/cursos\/estetica\/master-tricologia-e-injerto-capilar\/#breadcrumb"},"inLanguage":"es","potentialAction":[{"@type":"ReadAction","target":["https:\/\/amirlatam.com\/sa\/cursos\/estetica\/master-tricologia-e-injerto-capilar\/"]}]},{"@type":"ImageObject","inLanguage":"es","@id":"https:\/\/amirlatam.com\/sa\/cursos\/estetica\/master-tricologia-e-injerto-capilar\/#primaryimage","url":"https:\/\/amirlatam.com\/sa\/wp-content\/uploads\/sites\/7\/2023\/07\/Tricologia-02.jpg","contentUrl":"https:\/\/amirlatam.com\/sa\/wp-content\/uploads\/sites\/7\/2023\/07\/Tricologia-02.jpg","width":1920,"height":1920},{"@type":"BreadcrumbList","@id":"https:\/\/amirlatam.com\/sa\/cursos\/estetica\/master-tricologia-e-injerto-capilar\/#breadcrumb","itemListElement":[{"@type":"ListItem","position":1,"name":"Portada","item":"https:\/\/amirlatam.com\/sa\/"},{"@type":"ListItem","position":2,"name":"Tienda","item":"https:\/\/amirlatam.com\/sa\/tienda\/"},{"@type":"ListItem","position":3,"name":"M\u00e1ster en Tricolog\u00eda"}]},{"@type":"WebSite","@id":"https:\/\/amirlatam.com\/sa\/#website","url":"https:\/\/amirlatam.com\/sa\/","name":"Sur Am\u00e9rica","description":"AMIR Latinoam\u00e9rica","publisher":{"@id":"https:\/\/amirlatam.com\/sa\/#organization"},"potentialAction":[{"@type":"SearchAction","target":{"@type":"EntryPoint","urlTemplate":"https:\/\/amirlatam.com\/sa\/?s={search_term_string}"},"query-input":{"@type":"PropertyValueSpecification","valueRequired":true,"valueName":"search_term_string"}}],"inLanguage":"es"},{"@type":"Organization","@id":"https:\/\/amirlatam.com\/sa\/#organization","name":"Sur Am\u00e9rica","url":"https:\/\/amirlatam.com\/sa\/","logo":{"@type":"ImageObject","inLanguage":"es","@id":"https:\/\/amirlatam.com\/sa\/#\/schema\/logo\/image\/","url":"https:\/\/amirlatam.com\/sa\/wp-content\/uploads\/sites\/7\/2023\/06\/Logo.png","contentUrl":"https:\/\/amirlatam.com\/sa\/wp-content\/uploads\/sites\/7\/2023\/06\/Logo.png","width":676,"height":200,"caption":"Sur Am\u00e9rica"},"image":{"@id":"https:\/\/amirlatam.com\/sa\/#\/schema\/logo\/image\/"}}]},"product_price_amount":"1.00","product_price_currency":"USD","og_availability":"instock","product_availability":"instock","product_condition":"new"},"_links":{"self":[{"href":"https:\/\/amirlatam.com\/sa\/wp-json\/wp\/v2\/product\/1603","targetHints":{"allow":["GET"]}}],"collection":[{"href":"https:\/\/amirlatam.com\/sa\/wp-json\/wp\/v2\/product"}],"about":[{"href":"https:\/\/amirlatam.com\/sa\/wp-json\/wp\/v2\/types\/product"}],"version-history":[{"count":7,"href":"https:\/\/amirlatam.com\/sa\/wp-json\/wp\/v2\/product\/1603\/revisions"}],"predecessor-version":[{"id":10146,"href":"https:\/\/amirlatam.com\/sa\/wp-json\/wp\/v2\/product\/1603\/revisions\/10146"}],"wp:featuredmedia":[{"embeddable":true,"href":"https:\/\/amirlatam.com\/sa\/wp-json\/wp\/v2\/media\/2630"}],"wp:attachment":[{"href":"https:\/\/amirlatam.com\/sa\/wp-json\/wp\/v2\/media?parent=1603"}],"wp:term":[{"taxonomy":"product_brand","embeddable":true,"href":"https:\/\/amirlatam.com\/sa\/wp-json\/wp\/v2\/product_brand?post=1603"},{"taxonomy":"product_cat","embeddable":true,"href":"https:\/\/amirlatam.com\/sa\/wp-json\/wp\/v2\/product_cat?post=1603"},{"taxonomy":"product_tag","embeddable":true,"href":"https:\/\/amirlatam.com\/sa\/wp-json\/wp\/v2\/product_tag?post=1603"}],"curies":[{"name":"wp","href":"https:\/\/api.w.org\/{rel}","templated":true}]}}