{"id":867,"date":"2024-04-18T16:11:07","date_gmt":"2024-04-18T20:11:07","guid":{"rendered":"https:\/\/amirlatam.com\/pry\/?post_type=product&#038;p=867"},"modified":"2024-04-18T16:11:40","modified_gmt":"2024-04-18T20:11:40","slug":"diplomado-en-ginecologia-y-obstetricia","status":"publish","type":"product","link":"https:\/\/amirlatam.com\/pry\/producto\/diplomado-en-ginecologia-y-obstetricia\/","title":{"rendered":"Diplomado en Ginecolog\u00eda y Obstetricia"},"content":{"rendered":"<ul>\n<li>Curso en fundamentos en ginecolog\u00eda y obstetricia.<\/li>\n<li>Actualizaci\u00f3n en medicina perinatal.<\/li>\n<li>Actualizaci\u00f3n en medicina fetal.<\/li>\n<li>Actualizaci\u00f3n la atenci\u00f3n al parto y puerperio.<\/li>\n<li>Actualizaci\u00f3n en patolog\u00eda ginecol\u00f3gica benigna.<\/li>\n<li>Actualizaci\u00f3n en ginecolog\u00eda oncol\u00f3gica del<\/li>\n<li>tracto genital y de la mama.<\/li>\n<li>Actualizaci\u00f3n en patolog\u00eda del suelo p\u00e9lvico.<\/li>\n<li>Medicina reproductiva.<\/li>\n<\/ul>\n","protected":false},"excerpt":{"rendered":"<h2><strong>Haz crecer tu carrera como m\u00e9dico<\/strong><\/h2>\n<h3><b>Diplomado en Ginecolog\u00eda y Obstetricia: <\/b><span style=\"font-weight: 400\">Convi\u00e9rtete en Experto<\/span><\/h3>\n<p><span style=\"font-weight: 400\">Acceder al <\/span><b>Diplomado en Ginecolog\u00eda y Obstetricia<\/b><span style=\"font-weight: 400\"> es adentrarse en un programa formativo dise\u00f1ado para brindarte competencias actuales y especializadas en el abordaje cl\u00ednico, especialmente a nivel hospitalario. Este diplomado internacional se distingue por profundizar y actualizar de manera detallada el estudio de esta especialidad.<\/span><\/p>\n","protected":false},"featured_media":889,"comment_status":"closed","ping_status":"closed","template":"","meta":{"_acf_changed":false},"product_brand":[],"product_cat":[53,55],"product_tag":[66,73],"class_list":{"0":"post-867","1":"product","2":"type-product","3":"status-publish","4":"has-post-thumbnail","6":"product_cat-medicina","7":"product_cat-diplomados","8":"product_tag-diplomado","9":"product_tag-mir-producto","11":"first","12":"instock","13":"shipping-taxable","14":"purchasable","15":"product-type-simple"},"acf":[],"yoast_head":"<!-- This site is optimized with the Yoast SEO Premium plugin v26.8 (Yoast SEO v26.8) - https:\/\/yoast.com\/product\/yoast-seo-premium-wordpress\/ -->\n<title>Diplomado en Ginecolog\u00eda y Obstetricia &#8226; Paraguay<\/title>\n<meta name=\"robots\" content=\"index, follow, max-snippet:-1, max-image-preview:large, max-video-preview:-1\" \/>\n<link rel=\"canonical\" href=\"https:\/\/amirlatam.com\/pry\/producto\/diplomado-en-ginecologia-y-obstetricia\/\" \/>\n<meta property=\"og:locale\" content=\"es_ES\" \/>\n<meta property=\"og:type\" content=\"article\" \/>\n<meta property=\"og:title\" content=\"Diplomado en Ginecolog\u00eda y Obstetricia\" \/>\n<meta property=\"og:description\" content=\"Haz crecer tu carrera como m\u00e9dico Diplomado en Ginecolog\u00eda y Obstetricia: Convi\u00e9rtete en Experto Acceder al Diplomado en Ginecolog\u00eda y Obstetricia es adentrarse en un programa formativo dise\u00f1ado para brindarte competencias actuales y especializadas en el abordaje cl\u00ednico, especialmente a nivel hospitalario. Este diplomado internacional se distingue por profundizar y actualizar de manera detallada el estudio de esta especialidad.\" \/>\n<meta property=\"og:url\" content=\"https:\/\/amirlatam.com\/pry\/producto\/diplomado-en-ginecologia-y-obstetricia\/\" \/>\n<meta property=\"og:site_name\" content=\"Paraguay\" \/>\n<meta property=\"article:publisher\" content=\"https:\/\/www.facebook.com\/AMIRSuramerica\" \/>\n<meta property=\"article:modified_time\" content=\"2024-04-18T20:11:40+00:00\" \/>\n<meta property=\"og:image\" content=\"https:\/\/amirlatam.com\/pry\/wp-content\/uploads\/sites\/12\/2024\/04\/front-view-doctor-holding-anatomic-model-scaled-1.jpg\" \/>\n\t<meta property=\"og:image:width\" content=\"2560\" \/>\n\t<meta property=\"og:image:height\" content=\"1707\" \/>\n\t<meta property=\"og:image:type\" content=\"image\/jpeg\" \/>\n<meta name=\"twitter:card\" content=\"summary_large_image\" \/>\n<meta name=\"twitter:label1\" content=\"Precio\" \/>\n\t<meta name=\"twitter:data1\" content=\"&#8370;&nbsp;1\" \/>\n\t<meta name=\"twitter:label2\" content=\"Disponibilidad\" \/>\n\t<meta name=\"twitter:data2\" content=\"Disponible\" \/>\n<script type=\"application\/ld+json\" class=\"yoast-schema-graph\">{\"@context\":\"https:\/\/schema.org\",\"@graph\":[{\"@type\":\"WebPage\",\"@id\":\"https:\/\/amirlatam.com\/pry\/producto\/diplomado-en-ginecologia-y-obstetricia\/\",\"url\":\"https:\/\/amirlatam.com\/pry\/producto\/diplomado-en-ginecologia-y-obstetricia\/\",\"name\":\"Diplomado en Ginecolog\u00eda y Obstetricia &#8226; Paraguay\",\"isPartOf\":{\"@id\":\"https:\/\/amirlatam.com\/pry\/#website\"},\"primaryImageOfPage\":{\"@id\":\"https:\/\/amirlatam.com\/pry\/producto\/diplomado-en-ginecologia-y-obstetricia\/#primaryimage\"},\"image\":{\"@id\":\"https:\/\/amirlatam.com\/pry\/producto\/diplomado-en-ginecologia-y-obstetricia\/#primaryimage\"},\"thumbnailUrl\":\"https:\/\/amirlatam.com\/pry\/wp-content\/uploads\/sites\/12\/2024\/04\/front-view-doctor-holding-anatomic-model-scaled-1.jpg\",\"datePublished\":\"2024-04-18T20:11:07+00:00\",\"dateModified\":\"2024-04-18T20:11:40+00:00\",\"breadcrumb\":{\"@id\":\"https:\/\/amirlatam.com\/pry\/producto\/diplomado-en-ginecologia-y-obstetricia\/#breadcrumb\"},\"inLanguage\":\"es\",\"potentialAction\":[{\"@type\":\"ReadAction\",\"target\":[\"https:\/\/amirlatam.com\/pry\/producto\/diplomado-en-ginecologia-y-obstetricia\/\"]}]},{\"@type\":\"ImageObject\",\"inLanguage\":\"es\",\"@id\":\"https:\/\/amirlatam.com\/pry\/producto\/diplomado-en-ginecologia-y-obstetricia\/#primaryimage\",\"url\":\"https:\/\/amirlatam.com\/pry\/wp-content\/uploads\/sites\/12\/2024\/04\/front-view-doctor-holding-anatomic-model-scaled-1.jpg\",\"contentUrl\":\"https:\/\/amirlatam.com\/pry\/wp-content\/uploads\/sites\/12\/2024\/04\/front-view-doctor-holding-anatomic-model-scaled-1.jpg\",\"width\":2560,\"height\":1707},{\"@type\":\"BreadcrumbList\",\"@id\":\"https:\/\/amirlatam.com\/pry\/producto\/diplomado-en-ginecologia-y-obstetricia\/#breadcrumb\",\"itemListElement\":[{\"@type\":\"ListItem\",\"position\":1,\"name\":\"Portada\",\"item\":\"https:\/\/amirlatam.com\/pry\/\"},{\"@type\":\"ListItem\",\"position\":2,\"name\":\"Tienda\",\"item\":\"https:\/\/amirlatam.com\/pry\/tienda-2\/\"},{\"@type\":\"ListItem\",\"position\":3,\"name\":\"Diplomado en Ginecolog\u00eda y Obstetricia\"}]},{\"@type\":\"WebSite\",\"@id\":\"https:\/\/amirlatam.com\/pry\/#website\",\"url\":\"https:\/\/amirlatam.com\/pry\/\",\"name\":\"AMIR Colombia\",\"description\":\"\",\"publisher\":{\"@id\":\"https:\/\/amirlatam.com\/pry\/#organization\"},\"alternateName\":\"AMIR\",\"potentialAction\":[{\"@type\":\"SearchAction\",\"target\":{\"@type\":\"EntryPoint\",\"urlTemplate\":\"https:\/\/amirlatam.com\/pry\/?s={search_term_string}\"},\"query-input\":{\"@type\":\"PropertyValueSpecification\",\"valueRequired\":true,\"valueName\":\"search_term_string\"}}],\"inLanguage\":\"es\"},{\"@type\":\"Organization\",\"@id\":\"https:\/\/amirlatam.com\/pry\/#organization\",\"name\":\"AMIR Colombia\",\"url\":\"https:\/\/amirlatam.com\/pry\/\",\"logo\":{\"@type\":\"ImageObject\",\"inLanguage\":\"es\",\"@id\":\"https:\/\/amirlatam.com\/pry\/#\/schema\/logo\/image\/\",\"url\":\"https:\/\/amirlatam.com\/co\/wp-content\/uploads\/sites\/2\/2023\/08\/amir-favicon.png\",\"contentUrl\":\"https:\/\/amirlatam.com\/co\/wp-content\/uploads\/sites\/2\/2023\/08\/amir-favicon.png\",\"width\":720,\"height\":720,\"caption\":\"AMIR Colombia\"},\"image\":{\"@id\":\"https:\/\/amirlatam.com\/pry\/#\/schema\/logo\/image\/\"},\"sameAs\":[\"https:\/\/www.facebook.com\/AMIRSuramerica\",\"https:\/\/www.linkedin.com\/company\/amir-colombia\/\",\"https:\/\/www.instagram.com\/amirsuramerica\/\"]}]}<\/script>\n<meta property=\"product:price:amount\" content=\"1\" \/>\n<meta property=\"product:price:currency\" content=\"PYG\" \/>\n<meta property=\"og:availability\" content=\"instock\" \/>\n<meta property=\"product:availability\" content=\"instock\" \/>\n<meta property=\"product:condition\" content=\"new\" \/>\n<!-- \/ Yoast SEO Premium plugin. -->","yoast_head_json":{"title":"Diplomado en Ginecolog\u00eda y Obstetricia &#8226; Paraguay","robots":{"index":"index","follow":"follow","max-snippet":"max-snippet:-1","max-image-preview":"max-image-preview:large","max-video-preview":"max-video-preview:-1"},"canonical":"https:\/\/amirlatam.com\/pry\/producto\/diplomado-en-ginecologia-y-obstetricia\/","og_locale":"es_ES","og_type":"article","og_title":"Diplomado en Ginecolog\u00eda y Obstetricia","og_description":"Haz crecer tu carrera como m\u00e9dico Diplomado en Ginecolog\u00eda y Obstetricia: Convi\u00e9rtete en Experto Acceder al Diplomado en Ginecolog\u00eda y Obstetricia es adentrarse en un programa formativo dise\u00f1ado para brindarte competencias actuales y especializadas en el abordaje cl\u00ednico, especialmente a nivel hospitalario. Este diplomado internacional se distingue por profundizar y actualizar de manera detallada el estudio de esta especialidad.","og_url":"https:\/\/amirlatam.com\/pry\/producto\/diplomado-en-ginecologia-y-obstetricia\/","og_site_name":"Paraguay","article_publisher":"https:\/\/www.facebook.com\/AMIRSuramerica","article_modified_time":"2024-04-18T20:11:40+00:00","og_image":[{"width":2560,"height":1707,"url":"https:\/\/amirlatam.com\/pry\/wp-content\/uploads\/sites\/12\/2024\/04\/front-view-doctor-holding-anatomic-model-scaled-1.jpg","type":"image\/jpeg"}],"twitter_card":"summary_large_image","twitter_misc":{"Precio":"&#8370;&nbsp;1","Disponibilidad":"Disponible"},"schema":{"@context":"https:\/\/schema.org","@graph":[{"@type":"WebPage","@id":"https:\/\/amirlatam.com\/pry\/producto\/diplomado-en-ginecologia-y-obstetricia\/","url":"https:\/\/amirlatam.com\/pry\/producto\/diplomado-en-ginecologia-y-obstetricia\/","name":"Diplomado en Ginecolog\u00eda y Obstetricia &#8226; Paraguay","isPartOf":{"@id":"https:\/\/amirlatam.com\/pry\/#website"},"primaryImageOfPage":{"@id":"https:\/\/amirlatam.com\/pry\/producto\/diplomado-en-ginecologia-y-obstetricia\/#primaryimage"},"image":{"@id":"https:\/\/amirlatam.com\/pry\/producto\/diplomado-en-ginecologia-y-obstetricia\/#primaryimage"},"thumbnailUrl":"https:\/\/amirlatam.com\/pry\/wp-content\/uploads\/sites\/12\/2024\/04\/front-view-doctor-holding-anatomic-model-scaled-1.jpg","datePublished":"2024-04-18T20:11:07+00:00","dateModified":"2024-04-18T20:11:40+00:00","breadcrumb":{"@id":"https:\/\/amirlatam.com\/pry\/producto\/diplomado-en-ginecologia-y-obstetricia\/#breadcrumb"},"inLanguage":"es","potentialAction":[{"@type":"ReadAction","target":["https:\/\/amirlatam.com\/pry\/producto\/diplomado-en-ginecologia-y-obstetricia\/"]}]},{"@type":"ImageObject","inLanguage":"es","@id":"https:\/\/amirlatam.com\/pry\/producto\/diplomado-en-ginecologia-y-obstetricia\/#primaryimage","url":"https:\/\/amirlatam.com\/pry\/wp-content\/uploads\/sites\/12\/2024\/04\/front-view-doctor-holding-anatomic-model-scaled-1.jpg","contentUrl":"https:\/\/amirlatam.com\/pry\/wp-content\/uploads\/sites\/12\/2024\/04\/front-view-doctor-holding-anatomic-model-scaled-1.jpg","width":2560,"height":1707},{"@type":"BreadcrumbList","@id":"https:\/\/amirlatam.com\/pry\/producto\/diplomado-en-ginecologia-y-obstetricia\/#breadcrumb","itemListElement":[{"@type":"ListItem","position":1,"name":"Portada","item":"https:\/\/amirlatam.com\/pry\/"},{"@type":"ListItem","position":2,"name":"Tienda","item":"https:\/\/amirlatam.com\/pry\/tienda-2\/"},{"@type":"ListItem","position":3,"name":"Diplomado en Ginecolog\u00eda y Obstetricia"}]},{"@type":"WebSite","@id":"https:\/\/amirlatam.com\/pry\/#website","url":"https:\/\/amirlatam.com\/pry\/","name":"AMIR Colombia","description":"","publisher":{"@id":"https:\/\/amirlatam.com\/pry\/#organization"},"alternateName":"AMIR","potentialAction":[{"@type":"SearchAction","target":{"@type":"EntryPoint","urlTemplate":"https:\/\/amirlatam.com\/pry\/?s={search_term_string}"},"query-input":{"@type":"PropertyValueSpecification","valueRequired":true,"valueName":"search_term_string"}}],"inLanguage":"es"},{"@type":"Organization","@id":"https:\/\/amirlatam.com\/pry\/#organization","name":"AMIR Colombia","url":"https:\/\/amirlatam.com\/pry\/","logo":{"@type":"ImageObject","inLanguage":"es","@id":"https:\/\/amirlatam.com\/pry\/#\/schema\/logo\/image\/","url":"https:\/\/amirlatam.com\/co\/wp-content\/uploads\/sites\/2\/2023\/08\/amir-favicon.png","contentUrl":"https:\/\/amirlatam.com\/co\/wp-content\/uploads\/sites\/2\/2023\/08\/amir-favicon.png","width":720,"height":720,"caption":"AMIR Colombia"},"image":{"@id":"https:\/\/amirlatam.com\/pry\/#\/schema\/logo\/image\/"},"sameAs":["https:\/\/www.facebook.com\/AMIRSuramerica","https:\/\/www.linkedin.com\/company\/amir-colombia\/","https:\/\/www.instagram.com\/amirsuramerica\/"]}]},"product_price_amount":"1","product_price_currency":"PYG","og_availability":"instock","product_availability":"instock","product_condition":"new"},"_links":{"self":[{"href":"https:\/\/amirlatam.com\/pry\/wp-json\/wp\/v2\/product\/867","targetHints":{"allow":["GET"]}}],"collection":[{"href":"https:\/\/amirlatam.com\/pry\/wp-json\/wp\/v2\/product"}],"about":[{"href":"https:\/\/amirlatam.com\/pry\/wp-json\/wp\/v2\/types\/product"}],"replies":[{"embeddable":true,"href":"https:\/\/amirlatam.com\/pry\/wp-json\/wp\/v2\/comments?post=867"}],"wp:featuredmedia":[{"embeddable":true,"href":"https:\/\/amirlatam.com\/pry\/wp-json\/wp\/v2\/media\/889"}],"wp:attachment":[{"href":"https:\/\/amirlatam.com\/pry\/wp-json\/wp\/v2\/media?parent=867"}],"wp:term":[{"taxonomy":"product_brand","embeddable":true,"href":"https:\/\/amirlatam.com\/pry\/wp-json\/wp\/v2\/product_brand?post=867"},{"taxonomy":"product_cat","embeddable":true,"href":"https:\/\/amirlatam.com\/pry\/wp-json\/wp\/v2\/product_cat?post=867"},{"taxonomy":"product_tag","embeddable":true,"href":"https:\/\/amirlatam.com\/pry\/wp-json\/wp\/v2\/product_tag?post=867"}],"curies":[{"name":"wp","href":"https:\/\/api.w.org\/{rel}","templated":true}]}}