{"id":858,"date":"2024-04-18T16:11:05","date_gmt":"2024-04-18T20:11:05","guid":{"rendered":"https:\/\/amirlatam.com\/pry\/?post_type=product&#038;p=858"},"modified":"2024-04-18T16:11:23","modified_gmt":"2024-04-18T20:11:23","slug":"curso-mir-car-online-amir-colombia","status":"publish","type":"product","link":"https:\/\/amirlatam.com\/pry\/producto\/curso-mir-car-online-amir-colombia\/","title":{"rendered":"Curso MIR CAR Online | Amir Colombia"},"content":{"rendered":"\n","protected":false},"excerpt":{"rendered":"<h1><b>\u00bfDeseas prepararte para el MIR sin salir de tu pa\u00eds?<\/b><\/h1>\n<p>Conoce nuestro programa s\u00faper intensivo de preparaci\u00f3n al MIR, el Curso de Alto Rendimiento est\u00e1 dise\u00f1ado para aquellos alumnos que quieren concentrar la preparaci\u00f3n en un periodo de tiempo m\u00e1s reducido y con clases de manera diaria de lunes a viernes.<\/p>\n<p>Un Curso de Alto Rendimiento requiere una metodolog\u00eda y planificaci\u00f3n personalizada bajo un equipo de docentes y tutores altamente cualificados para concentrar desde junio el contenido en 8 meses de una forma intensiva y eficiente en el aprendizaje del alumno.<\/p>\n<p>Sigue Form\u00e1ndote de manera integral con <b>Amir Colombia<\/b> para alcanzar el \u00e9xito en tu <b>carrera m\u00e9dica<\/b>.<\/p>\n","protected":false},"featured_media":880,"comment_status":"closed","ping_status":"closed","template":"","meta":{"_acf_changed":false},"product_brand":[],"product_cat":[64],"product_tag":[73],"class_list":{"0":"post-858","1":"product","2":"type-product","3":"status-publish","4":"has-post-thumbnail","6":"product_cat-car","7":"product_tag-mir-producto","9":"first","10":"instock","11":"shipping-taxable","12":"purchasable","13":"product-type-simple"},"acf":[],"yoast_head":"<!-- This site is optimized with the Yoast SEO Premium plugin v26.8 (Yoast SEO v26.8) - https:\/\/yoast.com\/product\/yoast-seo-premium-wordpress\/ -->\n<title>Curso MIR CAR Online | Amir Colombia &#8226; Paraguay<\/title>\n<meta name=\"robots\" content=\"index, follow, max-snippet:-1, max-image-preview:large, max-video-preview:-1\" \/>\n<link rel=\"canonical\" href=\"https:\/\/amirlatam.com\/pry\/producto\/curso-mir-car-online-amir-colombia\/\" \/>\n<meta property=\"og:locale\" content=\"es_ES\" \/>\n<meta property=\"og:type\" content=\"article\" \/>\n<meta property=\"og:title\" content=\"Curso MIR CAR Online | Amir Colombia\" \/>\n<meta property=\"og:description\" content=\"\u00bfDeseas prepararte para el MIR sin salir de tu pa\u00eds? Conoce nuestro programa s\u00faper intensivo de preparaci\u00f3n al MIR, el Curso de Alto Rendimiento est\u00e1 dise\u00f1ado para aquellos alumnos que quieren concentrar la preparaci\u00f3n en un periodo de tiempo m\u00e1s reducido y con clases de manera diaria de lunes a viernes.  Un Curso de Alto Rendimiento requiere una metodolog\u00eda y planificaci\u00f3n personalizada bajo un equipo de docentes y tutores altamente cualificados para concentrar desde junio el contenido en 8 meses de una forma intensiva y eficiente en el aprendizaje del alumno.  Sigue Form\u00e1ndote de manera integral con Amir Colombia para alcanzar el \u00e9xito en tu carrera m\u00e9dica.\" \/>\n<meta property=\"og:url\" content=\"https:\/\/amirlatam.com\/pry\/producto\/curso-mir-car-online-amir-colombia\/\" \/>\n<meta property=\"og:site_name\" content=\"Paraguay\" \/>\n<meta property=\"article:publisher\" content=\"https:\/\/www.facebook.com\/AMIRSuramerica\" \/>\n<meta property=\"article:modified_time\" content=\"2024-04-18T20:11:23+00:00\" \/>\n<meta property=\"og:image\" content=\"https:\/\/amirlatam.com\/pry\/wp-content\/uploads\/sites\/12\/2024\/04\/medicos-conferencia-scaled-1.jpg\" \/>\n\t<meta property=\"og:image:width\" content=\"2560\" \/>\n\t<meta property=\"og:image:height\" content=\"1709\" \/>\n\t<meta property=\"og:image:type\" content=\"image\/jpeg\" \/>\n<meta name=\"twitter:card\" content=\"summary_large_image\" \/>\n<meta name=\"twitter:label1\" content=\"Precio\" \/>\n\t<meta name=\"twitter:data1\" content=\"&#8370;&nbsp;1\" \/>\n\t<meta name=\"twitter:label2\" content=\"Disponibilidad\" \/>\n\t<meta name=\"twitter:data2\" content=\"Disponible\" \/>\n<script type=\"application\/ld+json\" class=\"yoast-schema-graph\">{\"@context\":\"https:\/\/schema.org\",\"@graph\":[{\"@type\":\"WebPage\",\"@id\":\"https:\/\/amirlatam.com\/pry\/producto\/curso-mir-car-online-amir-colombia\/\",\"url\":\"https:\/\/amirlatam.com\/pry\/producto\/curso-mir-car-online-amir-colombia\/\",\"name\":\"Curso MIR CAR Online | Amir Colombia &#8226; Paraguay\",\"isPartOf\":{\"@id\":\"https:\/\/amirlatam.com\/pry\/#website\"},\"primaryImageOfPage\":{\"@id\":\"https:\/\/amirlatam.com\/pry\/producto\/curso-mir-car-online-amir-colombia\/#primaryimage\"},\"image\":{\"@id\":\"https:\/\/amirlatam.com\/pry\/producto\/curso-mir-car-online-amir-colombia\/#primaryimage\"},\"thumbnailUrl\":\"https:\/\/amirlatam.com\/pry\/wp-content\/uploads\/sites\/12\/2024\/04\/medicos-conferencia-scaled-1.jpg\",\"datePublished\":\"2024-04-18T20:11:05+00:00\",\"dateModified\":\"2024-04-18T20:11:23+00:00\",\"breadcrumb\":{\"@id\":\"https:\/\/amirlatam.com\/pry\/producto\/curso-mir-car-online-amir-colombia\/#breadcrumb\"},\"inLanguage\":\"es\",\"potentialAction\":[{\"@type\":\"ReadAction\",\"target\":[\"https:\/\/amirlatam.com\/pry\/producto\/curso-mir-car-online-amir-colombia\/\"]}]},{\"@type\":\"ImageObject\",\"inLanguage\":\"es\",\"@id\":\"https:\/\/amirlatam.com\/pry\/producto\/curso-mir-car-online-amir-colombia\/#primaryimage\",\"url\":\"https:\/\/amirlatam.com\/pry\/wp-content\/uploads\/sites\/12\/2024\/04\/medicos-conferencia-scaled-1.jpg\",\"contentUrl\":\"https:\/\/amirlatam.com\/pry\/wp-content\/uploads\/sites\/12\/2024\/04\/medicos-conferencia-scaled-1.jpg\",\"width\":2560,\"height\":1709},{\"@type\":\"BreadcrumbList\",\"@id\":\"https:\/\/amirlatam.com\/pry\/producto\/curso-mir-car-online-amir-colombia\/#breadcrumb\",\"itemListElement\":[{\"@type\":\"ListItem\",\"position\":1,\"name\":\"Portada\",\"item\":\"https:\/\/amirlatam.com\/pry\/\"},{\"@type\":\"ListItem\",\"position\":2,\"name\":\"Tienda\",\"item\":\"https:\/\/amirlatam.com\/pry\/tienda-2\/\"},{\"@type\":\"ListItem\",\"position\":3,\"name\":\"Curso MIR CAR Online | Amir Colombia\"}]},{\"@type\":\"WebSite\",\"@id\":\"https:\/\/amirlatam.com\/pry\/#website\",\"url\":\"https:\/\/amirlatam.com\/pry\/\",\"name\":\"AMIR Colombia\",\"description\":\"\",\"publisher\":{\"@id\":\"https:\/\/amirlatam.com\/pry\/#organization\"},\"alternateName\":\"AMIR\",\"potentialAction\":[{\"@type\":\"SearchAction\",\"target\":{\"@type\":\"EntryPoint\",\"urlTemplate\":\"https:\/\/amirlatam.com\/pry\/?s={search_term_string}\"},\"query-input\":{\"@type\":\"PropertyValueSpecification\",\"valueRequired\":true,\"valueName\":\"search_term_string\"}}],\"inLanguage\":\"es\"},{\"@type\":\"Organization\",\"@id\":\"https:\/\/amirlatam.com\/pry\/#organization\",\"name\":\"AMIR Colombia\",\"url\":\"https:\/\/amirlatam.com\/pry\/\",\"logo\":{\"@type\":\"ImageObject\",\"inLanguage\":\"es\",\"@id\":\"https:\/\/amirlatam.com\/pry\/#\/schema\/logo\/image\/\",\"url\":\"https:\/\/amirlatam.com\/co\/wp-content\/uploads\/sites\/2\/2023\/08\/amir-favicon.png\",\"contentUrl\":\"https:\/\/amirlatam.com\/co\/wp-content\/uploads\/sites\/2\/2023\/08\/amir-favicon.png\",\"width\":720,\"height\":720,\"caption\":\"AMIR Colombia\"},\"image\":{\"@id\":\"https:\/\/amirlatam.com\/pry\/#\/schema\/logo\/image\/\"},\"sameAs\":[\"https:\/\/www.facebook.com\/AMIRSuramerica\",\"https:\/\/www.linkedin.com\/company\/amir-colombia\/\",\"https:\/\/www.instagram.com\/amirsuramerica\/\"]}]}<\/script>\n<meta property=\"product:price:amount\" content=\"1\" \/>\n<meta property=\"product:price:currency\" content=\"PYG\" \/>\n<meta property=\"og:availability\" content=\"instock\" \/>\n<meta property=\"product:availability\" content=\"instock\" \/>\n<meta property=\"product:condition\" content=\"new\" \/>\n<!-- \/ Yoast SEO Premium plugin. -->","yoast_head_json":{"title":"Curso MIR CAR Online | Amir Colombia &#8226; Paraguay","robots":{"index":"index","follow":"follow","max-snippet":"max-snippet:-1","max-image-preview":"max-image-preview:large","max-video-preview":"max-video-preview:-1"},"canonical":"https:\/\/amirlatam.com\/pry\/producto\/curso-mir-car-online-amir-colombia\/","og_locale":"es_ES","og_type":"article","og_title":"Curso MIR CAR Online | Amir Colombia","og_description":"\u00bfDeseas prepararte para el MIR sin salir de tu pa\u00eds? Conoce nuestro programa s\u00faper intensivo de preparaci\u00f3n al MIR, el Curso de Alto Rendimiento est\u00e1 dise\u00f1ado para aquellos alumnos que quieren concentrar la preparaci\u00f3n en un periodo de tiempo m\u00e1s reducido y con clases de manera diaria de lunes a viernes.  Un Curso de Alto Rendimiento requiere una metodolog\u00eda y planificaci\u00f3n personalizada bajo un equipo de docentes y tutores altamente cualificados para concentrar desde junio el contenido en 8 meses de una forma intensiva y eficiente en el aprendizaje del alumno.  Sigue Form\u00e1ndote de manera integral con Amir Colombia para alcanzar el \u00e9xito en tu carrera m\u00e9dica.","og_url":"https:\/\/amirlatam.com\/pry\/producto\/curso-mir-car-online-amir-colombia\/","og_site_name":"Paraguay","article_publisher":"https:\/\/www.facebook.com\/AMIRSuramerica","article_modified_time":"2024-04-18T20:11:23+00:00","og_image":[{"width":2560,"height":1709,"url":"https:\/\/amirlatam.com\/pry\/wp-content\/uploads\/sites\/12\/2024\/04\/medicos-conferencia-scaled-1.jpg","type":"image\/jpeg"}],"twitter_card":"summary_large_image","twitter_misc":{"Precio":"&#8370;&nbsp;1","Disponibilidad":"Disponible"},"schema":{"@context":"https:\/\/schema.org","@graph":[{"@type":"WebPage","@id":"https:\/\/amirlatam.com\/pry\/producto\/curso-mir-car-online-amir-colombia\/","url":"https:\/\/amirlatam.com\/pry\/producto\/curso-mir-car-online-amir-colombia\/","name":"Curso MIR CAR Online | Amir Colombia &#8226; Paraguay","isPartOf":{"@id":"https:\/\/amirlatam.com\/pry\/#website"},"primaryImageOfPage":{"@id":"https:\/\/amirlatam.com\/pry\/producto\/curso-mir-car-online-amir-colombia\/#primaryimage"},"image":{"@id":"https:\/\/amirlatam.com\/pry\/producto\/curso-mir-car-online-amir-colombia\/#primaryimage"},"thumbnailUrl":"https:\/\/amirlatam.com\/pry\/wp-content\/uploads\/sites\/12\/2024\/04\/medicos-conferencia-scaled-1.jpg","datePublished":"2024-04-18T20:11:05+00:00","dateModified":"2024-04-18T20:11:23+00:00","breadcrumb":{"@id":"https:\/\/amirlatam.com\/pry\/producto\/curso-mir-car-online-amir-colombia\/#breadcrumb"},"inLanguage":"es","potentialAction":[{"@type":"ReadAction","target":["https:\/\/amirlatam.com\/pry\/producto\/curso-mir-car-online-amir-colombia\/"]}]},{"@type":"ImageObject","inLanguage":"es","@id":"https:\/\/amirlatam.com\/pry\/producto\/curso-mir-car-online-amir-colombia\/#primaryimage","url":"https:\/\/amirlatam.com\/pry\/wp-content\/uploads\/sites\/12\/2024\/04\/medicos-conferencia-scaled-1.jpg","contentUrl":"https:\/\/amirlatam.com\/pry\/wp-content\/uploads\/sites\/12\/2024\/04\/medicos-conferencia-scaled-1.jpg","width":2560,"height":1709},{"@type":"BreadcrumbList","@id":"https:\/\/amirlatam.com\/pry\/producto\/curso-mir-car-online-amir-colombia\/#breadcrumb","itemListElement":[{"@type":"ListItem","position":1,"name":"Portada","item":"https:\/\/amirlatam.com\/pry\/"},{"@type":"ListItem","position":2,"name":"Tienda","item":"https:\/\/amirlatam.com\/pry\/tienda-2\/"},{"@type":"ListItem","position":3,"name":"Curso MIR CAR Online | Amir Colombia"}]},{"@type":"WebSite","@id":"https:\/\/amirlatam.com\/pry\/#website","url":"https:\/\/amirlatam.com\/pry\/","name":"AMIR Colombia","description":"","publisher":{"@id":"https:\/\/amirlatam.com\/pry\/#organization"},"alternateName":"AMIR","potentialAction":[{"@type":"SearchAction","target":{"@type":"EntryPoint","urlTemplate":"https:\/\/amirlatam.com\/pry\/?s={search_term_string}"},"query-input":{"@type":"PropertyValueSpecification","valueRequired":true,"valueName":"search_term_string"}}],"inLanguage":"es"},{"@type":"Organization","@id":"https:\/\/amirlatam.com\/pry\/#organization","name":"AMIR Colombia","url":"https:\/\/amirlatam.com\/pry\/","logo":{"@type":"ImageObject","inLanguage":"es","@id":"https:\/\/amirlatam.com\/pry\/#\/schema\/logo\/image\/","url":"https:\/\/amirlatam.com\/co\/wp-content\/uploads\/sites\/2\/2023\/08\/amir-favicon.png","contentUrl":"https:\/\/amirlatam.com\/co\/wp-content\/uploads\/sites\/2\/2023\/08\/amir-favicon.png","width":720,"height":720,"caption":"AMIR Colombia"},"image":{"@id":"https:\/\/amirlatam.com\/pry\/#\/schema\/logo\/image\/"},"sameAs":["https:\/\/www.facebook.com\/AMIRSuramerica","https:\/\/www.linkedin.com\/company\/amir-colombia\/","https:\/\/www.instagram.com\/amirsuramerica\/"]}]},"product_price_amount":"1","product_price_currency":"PYG","og_availability":"instock","product_availability":"instock","product_condition":"new"},"_links":{"self":[{"href":"https:\/\/amirlatam.com\/pry\/wp-json\/wp\/v2\/product\/858","targetHints":{"allow":["GET"]}}],"collection":[{"href":"https:\/\/amirlatam.com\/pry\/wp-json\/wp\/v2\/product"}],"about":[{"href":"https:\/\/amirlatam.com\/pry\/wp-json\/wp\/v2\/types\/product"}],"replies":[{"embeddable":true,"href":"https:\/\/amirlatam.com\/pry\/wp-json\/wp\/v2\/comments?post=858"}],"wp:featuredmedia":[{"embeddable":true,"href":"https:\/\/amirlatam.com\/pry\/wp-json\/wp\/v2\/media\/880"}],"wp:attachment":[{"href":"https:\/\/amirlatam.com\/pry\/wp-json\/wp\/v2\/media?parent=858"}],"wp:term":[{"taxonomy":"product_brand","embeddable":true,"href":"https:\/\/amirlatam.com\/pry\/wp-json\/wp\/v2\/product_brand?post=858"},{"taxonomy":"product_cat","embeddable":true,"href":"https:\/\/amirlatam.com\/pry\/wp-json\/wp\/v2\/product_cat?post=858"},{"taxonomy":"product_tag","embeddable":true,"href":"https:\/\/amirlatam.com\/pry\/wp-json\/wp\/v2\/product_tag?post=858"}],"curies":[{"name":"wp","href":"https:\/\/api.w.org\/{rel}","templated":true}]}}