{"id":855,"date":"2024-04-18T16:11:05","date_gmt":"2024-04-18T20:11:05","guid":{"rendered":"https:\/\/amirlatam.com\/pry\/?post_type=product&#038;p=855"},"modified":"2024-04-18T16:11:22","modified_gmt":"2024-04-18T20:11:22","slug":"curso-mir-abril-presencial-amir-colombia","status":"publish","type":"product","link":"https:\/\/amirlatam.com\/pry\/producto\/curso-mir-abril-presencial-amir-colombia\/","title":{"rendered":"Curso MIR Abril Presencial | Amir Colombia"},"content":{"rendered":"\n","protected":false},"excerpt":{"rendered":"<h3>\u00a1Espa\u00f1a te espera, y el examen MIR, tambi\u00e9n!<\/h3>\n<p class=\"zw-paragraph\" data-margin-bottom=\"0pt\" data-line-height=\"1\" data-doc-id=\"7619623000000060005\" data-doc-type=\"writer\"><span class=\"NormalTextRun SCXW72627107 BCX8\">El Curso MIR ABRIL de AMIR sobresale como una oportunidad excepcional para me\u0301dicos que anhelan destacar a nivel internacional, este es un curso semi intensivo, <\/span><span class=\"NormalTextRun SCXW72627107 BCX8\">est\u00e1 dise\u00f1ado para aquellos que quieren comenzar la preparaci\u00f3n del examen MIR en<\/span><span class=\"NormalTextRun SCXW72627107 BCX8\"> el mes de<\/span><span class=\"NormalTextRun SCXW72627107 BCX8\"> abril con una preparaci\u00f3n de dos clases por semana.<\/span><\/p>\n<p>El curso ofrece clases y tutor\u00edas online, asesoramiento personalizado por parte del equipo de tutores, acceso a todos los recursos online, manuales f\u00edsicos y digitales de todas las asignaturas, la gu\u00eda del alumno AMIR, pruebas de las clases para hacer un seguimiento y acceso a AMIR TV. Adem\u00e1s, se ense\u00f1an las t\u00e9cnicas del Curso Genius, las cuales permitir\u00e1n recordar informaci\u00f3n a largo plazo sin necesidad de estudiar durante demasiadas horas.<\/p>\n","protected":false},"featured_media":879,"comment_status":"closed","ping_status":"closed","template":"","meta":{"_acf_changed":false},"product_brand":[],"product_cat":[63],"product_tag":[73],"class_list":{"0":"post-855","1":"product","2":"type-product","3":"status-publish","4":"has-post-thumbnail","6":"product_cat-abril","7":"product_tag-mir-producto","9":"first","10":"instock","11":"shipping-taxable","12":"purchasable","13":"product-type-simple"},"acf":[],"yoast_head":"<!-- This site is optimized with the Yoast SEO Premium plugin v26.8 (Yoast SEO v26.8) - https:\/\/yoast.com\/product\/yoast-seo-premium-wordpress\/ -->\n<title>Curso MIR Abril Presencial | Amir Colombia &#8226; Paraguay<\/title>\n<meta name=\"robots\" content=\"index, follow, max-snippet:-1, max-image-preview:large, max-video-preview:-1\" \/>\n<link rel=\"canonical\" href=\"https:\/\/amirlatam.com\/pry\/producto\/curso-mir-abril-presencial-amir-colombia\/\" \/>\n<meta property=\"og:locale\" content=\"es_ES\" \/>\n<meta property=\"og:type\" content=\"article\" \/>\n<meta property=\"og:title\" content=\"Curso MIR Abril Presencial | Amir Colombia\" \/>\n<meta property=\"og:description\" content=\"\u00a1Espa\u00f1a te espera, y el examen MIR, tambi\u00e9n! El Curso MIR ABRIL de AMIR sobresale como una oportunidad excepcional para me\u0301dicos que anhelan destacar a nivel internacional, este es un curso semi intensivo, est\u00e1 dise\u00f1ado para aquellos que quieren comenzar la preparaci\u00f3n del examen MIR en el mes de abril con una preparaci\u00f3n de dos clases por semana. El curso ofrece clases y tutor\u00edas online, asesoramiento personalizado por parte del equipo de tutores, acceso a todos los recursos online, manuales f\u00edsicos y digitales de todas las asignaturas, la gu\u00eda del alumno AMIR, pruebas de las clases para hacer un seguimiento y acceso a AMIR TV. Adem\u00e1s, se ense\u00f1an las t\u00e9cnicas del Curso Genius, las cuales permitir\u00e1n recordar informaci\u00f3n a largo plazo sin necesidad de estudiar durante demasiadas horas.\" \/>\n<meta property=\"og:url\" content=\"https:\/\/amirlatam.com\/pry\/producto\/curso-mir-abril-presencial-amir-colombia\/\" \/>\n<meta property=\"og:site_name\" content=\"Paraguay\" \/>\n<meta property=\"article:publisher\" content=\"https:\/\/www.facebook.com\/AMIRSuramerica\" \/>\n<meta property=\"article:modified_time\" content=\"2024-04-18T20:11:22+00:00\" \/>\n<meta property=\"og:image\" content=\"https:\/\/amirlatam.com\/pry\/wp-content\/uploads\/sites\/12\/2024\/04\/medicos-sentados-reunion-hospital-moderno-scaled-1.jpg\" \/>\n\t<meta property=\"og:image:width\" content=\"2560\" \/>\n\t<meta property=\"og:image:height\" content=\"1707\" \/>\n\t<meta property=\"og:image:type\" content=\"image\/jpeg\" \/>\n<meta name=\"twitter:card\" content=\"summary_large_image\" \/>\n<meta name=\"twitter:label1\" content=\"Precio\" \/>\n\t<meta name=\"twitter:data1\" content=\"&#8370;&nbsp;1\" \/>\n\t<meta name=\"twitter:label2\" content=\"Disponibilidad\" \/>\n\t<meta name=\"twitter:data2\" content=\"Disponible\" \/>\n<script type=\"application\/ld+json\" class=\"yoast-schema-graph\">{\"@context\":\"https:\/\/schema.org\",\"@graph\":[{\"@type\":\"WebPage\",\"@id\":\"https:\/\/amirlatam.com\/pry\/producto\/curso-mir-abril-presencial-amir-colombia\/\",\"url\":\"https:\/\/amirlatam.com\/pry\/producto\/curso-mir-abril-presencial-amir-colombia\/\",\"name\":\"Curso MIR Abril Presencial | Amir Colombia &#8226; Paraguay\",\"isPartOf\":{\"@id\":\"https:\/\/amirlatam.com\/pry\/#website\"},\"primaryImageOfPage\":{\"@id\":\"https:\/\/amirlatam.com\/pry\/producto\/curso-mir-abril-presencial-amir-colombia\/#primaryimage\"},\"image\":{\"@id\":\"https:\/\/amirlatam.com\/pry\/producto\/curso-mir-abril-presencial-amir-colombia\/#primaryimage\"},\"thumbnailUrl\":\"https:\/\/amirlatam.com\/pry\/wp-content\/uploads\/sites\/12\/2024\/04\/medicos-sentados-reunion-hospital-moderno-scaled-1.jpg\",\"datePublished\":\"2024-04-18T20:11:05+00:00\",\"dateModified\":\"2024-04-18T20:11:22+00:00\",\"breadcrumb\":{\"@id\":\"https:\/\/amirlatam.com\/pry\/producto\/curso-mir-abril-presencial-amir-colombia\/#breadcrumb\"},\"inLanguage\":\"es\",\"potentialAction\":[{\"@type\":\"ReadAction\",\"target\":[\"https:\/\/amirlatam.com\/pry\/producto\/curso-mir-abril-presencial-amir-colombia\/\"]}]},{\"@type\":\"ImageObject\",\"inLanguage\":\"es\",\"@id\":\"https:\/\/amirlatam.com\/pry\/producto\/curso-mir-abril-presencial-amir-colombia\/#primaryimage\",\"url\":\"https:\/\/amirlatam.com\/pry\/wp-content\/uploads\/sites\/12\/2024\/04\/medicos-sentados-reunion-hospital-moderno-scaled-1.jpg\",\"contentUrl\":\"https:\/\/amirlatam.com\/pry\/wp-content\/uploads\/sites\/12\/2024\/04\/medicos-sentados-reunion-hospital-moderno-scaled-1.jpg\",\"width\":2560,\"height\":1707},{\"@type\":\"BreadcrumbList\",\"@id\":\"https:\/\/amirlatam.com\/pry\/producto\/curso-mir-abril-presencial-amir-colombia\/#breadcrumb\",\"itemListElement\":[{\"@type\":\"ListItem\",\"position\":1,\"name\":\"Portada\",\"item\":\"https:\/\/amirlatam.com\/pry\/\"},{\"@type\":\"ListItem\",\"position\":2,\"name\":\"Tienda\",\"item\":\"https:\/\/amirlatam.com\/pry\/tienda-2\/\"},{\"@type\":\"ListItem\",\"position\":3,\"name\":\"Curso MIR Abril Presencial | Amir Colombia\"}]},{\"@type\":\"WebSite\",\"@id\":\"https:\/\/amirlatam.com\/pry\/#website\",\"url\":\"https:\/\/amirlatam.com\/pry\/\",\"name\":\"AMIR Colombia\",\"description\":\"\",\"publisher\":{\"@id\":\"https:\/\/amirlatam.com\/pry\/#organization\"},\"alternateName\":\"AMIR\",\"potentialAction\":[{\"@type\":\"SearchAction\",\"target\":{\"@type\":\"EntryPoint\",\"urlTemplate\":\"https:\/\/amirlatam.com\/pry\/?s={search_term_string}\"},\"query-input\":{\"@type\":\"PropertyValueSpecification\",\"valueRequired\":true,\"valueName\":\"search_term_string\"}}],\"inLanguage\":\"es\"},{\"@type\":\"Organization\",\"@id\":\"https:\/\/amirlatam.com\/pry\/#organization\",\"name\":\"AMIR Colombia\",\"url\":\"https:\/\/amirlatam.com\/pry\/\",\"logo\":{\"@type\":\"ImageObject\",\"inLanguage\":\"es\",\"@id\":\"https:\/\/amirlatam.com\/pry\/#\/schema\/logo\/image\/\",\"url\":\"https:\/\/amirlatam.com\/co\/wp-content\/uploads\/sites\/2\/2023\/08\/amir-favicon.png\",\"contentUrl\":\"https:\/\/amirlatam.com\/co\/wp-content\/uploads\/sites\/2\/2023\/08\/amir-favicon.png\",\"width\":720,\"height\":720,\"caption\":\"AMIR Colombia\"},\"image\":{\"@id\":\"https:\/\/amirlatam.com\/pry\/#\/schema\/logo\/image\/\"},\"sameAs\":[\"https:\/\/www.facebook.com\/AMIRSuramerica\",\"https:\/\/www.linkedin.com\/company\/amir-colombia\/\",\"https:\/\/www.instagram.com\/amirsuramerica\/\"]}]}<\/script>\n<meta property=\"product:price:amount\" content=\"1\" \/>\n<meta property=\"product:price:currency\" content=\"PYG\" \/>\n<meta property=\"og:availability\" content=\"instock\" \/>\n<meta property=\"product:availability\" content=\"instock\" \/>\n<meta property=\"product:condition\" content=\"new\" \/>\n<!-- \/ Yoast SEO Premium plugin. -->","yoast_head_json":{"title":"Curso MIR Abril Presencial | Amir Colombia &#8226; Paraguay","robots":{"index":"index","follow":"follow","max-snippet":"max-snippet:-1","max-image-preview":"max-image-preview:large","max-video-preview":"max-video-preview:-1"},"canonical":"https:\/\/amirlatam.com\/pry\/producto\/curso-mir-abril-presencial-amir-colombia\/","og_locale":"es_ES","og_type":"article","og_title":"Curso MIR Abril Presencial | Amir Colombia","og_description":"\u00a1Espa\u00f1a te espera, y el examen MIR, tambi\u00e9n! El Curso MIR ABRIL de AMIR sobresale como una oportunidad excepcional para me\u0301dicos que anhelan destacar a nivel internacional, este es un curso semi intensivo, est\u00e1 dise\u00f1ado para aquellos que quieren comenzar la preparaci\u00f3n del examen MIR en el mes de abril con una preparaci\u00f3n de dos clases por semana. El curso ofrece clases y tutor\u00edas online, asesoramiento personalizado por parte del equipo de tutores, acceso a todos los recursos online, manuales f\u00edsicos y digitales de todas las asignaturas, la gu\u00eda del alumno AMIR, pruebas de las clases para hacer un seguimiento y acceso a AMIR TV. Adem\u00e1s, se ense\u00f1an las t\u00e9cnicas del Curso Genius, las cuales permitir\u00e1n recordar informaci\u00f3n a largo plazo sin necesidad de estudiar durante demasiadas horas.","og_url":"https:\/\/amirlatam.com\/pry\/producto\/curso-mir-abril-presencial-amir-colombia\/","og_site_name":"Paraguay","article_publisher":"https:\/\/www.facebook.com\/AMIRSuramerica","article_modified_time":"2024-04-18T20:11:22+00:00","og_image":[{"width":2560,"height":1707,"url":"https:\/\/amirlatam.com\/pry\/wp-content\/uploads\/sites\/12\/2024\/04\/medicos-sentados-reunion-hospital-moderno-scaled-1.jpg","type":"image\/jpeg"}],"twitter_card":"summary_large_image","twitter_misc":{"Precio":"&#8370;&nbsp;1","Disponibilidad":"Disponible"},"schema":{"@context":"https:\/\/schema.org","@graph":[{"@type":"WebPage","@id":"https:\/\/amirlatam.com\/pry\/producto\/curso-mir-abril-presencial-amir-colombia\/","url":"https:\/\/amirlatam.com\/pry\/producto\/curso-mir-abril-presencial-amir-colombia\/","name":"Curso MIR Abril Presencial | Amir Colombia &#8226; Paraguay","isPartOf":{"@id":"https:\/\/amirlatam.com\/pry\/#website"},"primaryImageOfPage":{"@id":"https:\/\/amirlatam.com\/pry\/producto\/curso-mir-abril-presencial-amir-colombia\/#primaryimage"},"image":{"@id":"https:\/\/amirlatam.com\/pry\/producto\/curso-mir-abril-presencial-amir-colombia\/#primaryimage"},"thumbnailUrl":"https:\/\/amirlatam.com\/pry\/wp-content\/uploads\/sites\/12\/2024\/04\/medicos-sentados-reunion-hospital-moderno-scaled-1.jpg","datePublished":"2024-04-18T20:11:05+00:00","dateModified":"2024-04-18T20:11:22+00:00","breadcrumb":{"@id":"https:\/\/amirlatam.com\/pry\/producto\/curso-mir-abril-presencial-amir-colombia\/#breadcrumb"},"inLanguage":"es","potentialAction":[{"@type":"ReadAction","target":["https:\/\/amirlatam.com\/pry\/producto\/curso-mir-abril-presencial-amir-colombia\/"]}]},{"@type":"ImageObject","inLanguage":"es","@id":"https:\/\/amirlatam.com\/pry\/producto\/curso-mir-abril-presencial-amir-colombia\/#primaryimage","url":"https:\/\/amirlatam.com\/pry\/wp-content\/uploads\/sites\/12\/2024\/04\/medicos-sentados-reunion-hospital-moderno-scaled-1.jpg","contentUrl":"https:\/\/amirlatam.com\/pry\/wp-content\/uploads\/sites\/12\/2024\/04\/medicos-sentados-reunion-hospital-moderno-scaled-1.jpg","width":2560,"height":1707},{"@type":"BreadcrumbList","@id":"https:\/\/amirlatam.com\/pry\/producto\/curso-mir-abril-presencial-amir-colombia\/#breadcrumb","itemListElement":[{"@type":"ListItem","position":1,"name":"Portada","item":"https:\/\/amirlatam.com\/pry\/"},{"@type":"ListItem","position":2,"name":"Tienda","item":"https:\/\/amirlatam.com\/pry\/tienda-2\/"},{"@type":"ListItem","position":3,"name":"Curso MIR Abril Presencial | Amir Colombia"}]},{"@type":"WebSite","@id":"https:\/\/amirlatam.com\/pry\/#website","url":"https:\/\/amirlatam.com\/pry\/","name":"AMIR Colombia","description":"","publisher":{"@id":"https:\/\/amirlatam.com\/pry\/#organization"},"alternateName":"AMIR","potentialAction":[{"@type":"SearchAction","target":{"@type":"EntryPoint","urlTemplate":"https:\/\/amirlatam.com\/pry\/?s={search_term_string}"},"query-input":{"@type":"PropertyValueSpecification","valueRequired":true,"valueName":"search_term_string"}}],"inLanguage":"es"},{"@type":"Organization","@id":"https:\/\/amirlatam.com\/pry\/#organization","name":"AMIR Colombia","url":"https:\/\/amirlatam.com\/pry\/","logo":{"@type":"ImageObject","inLanguage":"es","@id":"https:\/\/amirlatam.com\/pry\/#\/schema\/logo\/image\/","url":"https:\/\/amirlatam.com\/co\/wp-content\/uploads\/sites\/2\/2023\/08\/amir-favicon.png","contentUrl":"https:\/\/amirlatam.com\/co\/wp-content\/uploads\/sites\/2\/2023\/08\/amir-favicon.png","width":720,"height":720,"caption":"AMIR Colombia"},"image":{"@id":"https:\/\/amirlatam.com\/pry\/#\/schema\/logo\/image\/"},"sameAs":["https:\/\/www.facebook.com\/AMIRSuramerica","https:\/\/www.linkedin.com\/company\/amir-colombia\/","https:\/\/www.instagram.com\/amirsuramerica\/"]}]},"product_price_amount":"1","product_price_currency":"PYG","og_availability":"instock","product_availability":"instock","product_condition":"new"},"_links":{"self":[{"href":"https:\/\/amirlatam.com\/pry\/wp-json\/wp\/v2\/product\/855","targetHints":{"allow":["GET"]}}],"collection":[{"href":"https:\/\/amirlatam.com\/pry\/wp-json\/wp\/v2\/product"}],"about":[{"href":"https:\/\/amirlatam.com\/pry\/wp-json\/wp\/v2\/types\/product"}],"replies":[{"embeddable":true,"href":"https:\/\/amirlatam.com\/pry\/wp-json\/wp\/v2\/comments?post=855"}],"wp:featuredmedia":[{"embeddable":true,"href":"https:\/\/amirlatam.com\/pry\/wp-json\/wp\/v2\/media\/879"}],"wp:attachment":[{"href":"https:\/\/amirlatam.com\/pry\/wp-json\/wp\/v2\/media?parent=855"}],"wp:term":[{"taxonomy":"product_brand","embeddable":true,"href":"https:\/\/amirlatam.com\/pry\/wp-json\/wp\/v2\/product_brand?post=855"},{"taxonomy":"product_cat","embeddable":true,"href":"https:\/\/amirlatam.com\/pry\/wp-json\/wp\/v2\/product_cat?post=855"},{"taxonomy":"product_tag","embeddable":true,"href":"https:\/\/amirlatam.com\/pry\/wp-json\/wp\/v2\/product_tag?post=855"}],"curies":[{"name":"wp","href":"https:\/\/api.w.org\/{rel}","templated":true}]}}