{"id":848,"date":"2024-04-18T16:11:04","date_gmt":"2024-04-18T20:11:04","guid":{"rendered":"https:\/\/amirlatam.com\/pry\/?post_type=product&#038;p=848"},"modified":"2024-04-18T16:11:16","modified_gmt":"2024-04-18T20:11:16","slug":"residencias-medicas-amir-colombia","status":"publish","type":"product","link":"https:\/\/amirlatam.com\/pry\/producto\/residencias-medicas-amir-colombia\/","title":{"rendered":"Residencias M\u00e9dicas | Amir Colombia"},"content":{"rendered":"\n","protected":false},"excerpt":{"rendered":"<p>El Programa de <b>Preparaci\u00f3n para<\/b> <b>Residencias M\u00e9dicas en Colombia<\/b>, impulsado por <b>Amir Colombia<\/b>, se configura como una estrategia completa orientada a potenciar el desempe\u00f1o en los <b>ex\u00e1menes nacionales de residencias m\u00e9dicas <\/b>en el pa\u00eds. Dada la variabilidad de las modalidades de ex\u00e1menes entre las diferentes universidades, nos enfocamos en consolidar conocimientos respaldados por los manuales AMIR actualizados hasta 2022.<\/p>\n<p>Nuestros manuales y audiolibros cuentan con el respaldo de nuestra plataforma m\u00e9dica, que ofrece clases en video centradas en los temas esenciales de cada asignatura. En el contexto colombiano, es fundamental reconocer que asegurar una plaza de residencia demanda una hoja de vida enriquecida con publicaciones cient\u00edficas y participaci\u00f3n en congresos. En este sentido, nuestro curso incluye un componente de actividad cient\u00edfica en la revista de La Academia, junto con la participaci\u00f3n en un foro recurrente sobre atenci\u00f3n primaria.<\/p>\n","protected":false},"featured_media":877,"comment_status":"closed","ping_status":"closed","template":"","meta":{"_acf_changed":false},"product_brand":[],"product_cat":[53,56],"product_tag":[77],"class_list":{"0":"post-848","1":"product","2":"type-product","3":"status-publish","4":"has-post-thumbnail","6":"product_cat-medicina","7":"product_cat-acceso-a-especialidades","8":"product_tag-sin-video-ta","10":"first","11":"instock","12":"shipping-taxable","13":"purchasable","14":"product-type-simple"},"acf":[],"yoast_head":"<!-- This site is optimized with the Yoast SEO Premium plugin v26.8 (Yoast SEO v26.8) - https:\/\/yoast.com\/product\/yoast-seo-premium-wordpress\/ -->\n<title>Residencias M\u00e9dicas | Amir Colombia &#8226; Paraguay<\/title>\n<meta name=\"robots\" content=\"index, follow, max-snippet:-1, max-image-preview:large, max-video-preview:-1\" \/>\n<link rel=\"canonical\" href=\"https:\/\/amirlatam.com\/pry\/producto\/residencias-medicas-amir-colombia\/\" \/>\n<meta property=\"og:locale\" content=\"es_ES\" \/>\n<meta property=\"og:type\" content=\"article\" \/>\n<meta property=\"og:title\" content=\"Residencias M\u00e9dicas | Amir Colombia\" \/>\n<meta property=\"og:description\" content=\"El Programa de Preparaci\u00f3n para Residencias M\u00e9dicas en Colombia, impulsado por Amir Colombia, se configura como una estrategia completa orientada a potenciar el desempe\u00f1o en los ex\u00e1menes nacionales de residencias m\u00e9dicas en el pa\u00eds. Dada la variabilidad de las modalidades de ex\u00e1menes entre las diferentes universidades, nos enfocamos en consolidar conocimientos respaldados por los manuales AMIR actualizados hasta 2022.  Nuestros manuales y audiolibros cuentan con el respaldo de nuestra plataforma m\u00e9dica, que ofrece clases en video centradas en los temas esenciales de cada asignatura. En el contexto colombiano, es fundamental reconocer que asegurar una plaza de residencia demanda una hoja de vida enriquecida con publicaciones cient\u00edficas y participaci\u00f3n en congresos. En este sentido, nuestro curso incluye un componente de actividad cient\u00edfica en la revista de La Academia, junto con la participaci\u00f3n en un foro recurrente sobre atenci\u00f3n primaria.\" \/>\n<meta property=\"og:url\" content=\"https:\/\/amirlatam.com\/pry\/producto\/residencias-medicas-amir-colombia\/\" \/>\n<meta property=\"og:site_name\" content=\"Paraguay\" \/>\n<meta property=\"article:publisher\" content=\"https:\/\/www.facebook.com\/AMIRSuramerica\" \/>\n<meta property=\"article:modified_time\" content=\"2024-04-18T20:11:16+00:00\" \/>\n<meta property=\"og:image\" content=\"https:\/\/amirlatam.com\/pry\/wp-content\/uploads\/sites\/12\/2024\/04\/cursos-prueba-b.jpg\" \/>\n\t<meta property=\"og:image:width\" content=\"1920\" \/>\n\t<meta property=\"og:image:height\" content=\"1280\" \/>\n\t<meta property=\"og:image:type\" content=\"image\/jpeg\" \/>\n<meta name=\"twitter:card\" content=\"summary_large_image\" \/>\n<meta name=\"twitter:label1\" content=\"Precio\" \/>\n\t<meta name=\"twitter:data1\" content=\"&#8370;&nbsp;1\" \/>\n\t<meta name=\"twitter:label2\" content=\"Disponibilidad\" \/>\n\t<meta name=\"twitter:data2\" content=\"Disponible\" \/>\n<script type=\"application\/ld+json\" class=\"yoast-schema-graph\">{\"@context\":\"https:\/\/schema.org\",\"@graph\":[{\"@type\":\"WebPage\",\"@id\":\"https:\/\/amirlatam.com\/pry\/producto\/residencias-medicas-amir-colombia\/\",\"url\":\"https:\/\/amirlatam.com\/pry\/producto\/residencias-medicas-amir-colombia\/\",\"name\":\"Residencias M\u00e9dicas | Amir Colombia &#8226; Paraguay\",\"isPartOf\":{\"@id\":\"https:\/\/amirlatam.com\/pry\/#website\"},\"primaryImageOfPage\":{\"@id\":\"https:\/\/amirlatam.com\/pry\/producto\/residencias-medicas-amir-colombia\/#primaryimage\"},\"image\":{\"@id\":\"https:\/\/amirlatam.com\/pry\/producto\/residencias-medicas-amir-colombia\/#primaryimage\"},\"thumbnailUrl\":\"https:\/\/amirlatam.com\/pry\/wp-content\/uploads\/sites\/12\/2024\/04\/cursos-prueba-b.jpg\",\"datePublished\":\"2024-04-18T20:11:04+00:00\",\"dateModified\":\"2024-04-18T20:11:16+00:00\",\"breadcrumb\":{\"@id\":\"https:\/\/amirlatam.com\/pry\/producto\/residencias-medicas-amir-colombia\/#breadcrumb\"},\"inLanguage\":\"es\",\"potentialAction\":[{\"@type\":\"ReadAction\",\"target\":[\"https:\/\/amirlatam.com\/pry\/producto\/residencias-medicas-amir-colombia\/\"]}]},{\"@type\":\"ImageObject\",\"inLanguage\":\"es\",\"@id\":\"https:\/\/amirlatam.com\/pry\/producto\/residencias-medicas-amir-colombia\/#primaryimage\",\"url\":\"https:\/\/amirlatam.com\/pry\/wp-content\/uploads\/sites\/12\/2024\/04\/cursos-prueba-b.jpg\",\"contentUrl\":\"https:\/\/amirlatam.com\/pry\/wp-content\/uploads\/sites\/12\/2024\/04\/cursos-prueba-b.jpg\",\"width\":1920,\"height\":1280},{\"@type\":\"BreadcrumbList\",\"@id\":\"https:\/\/amirlatam.com\/pry\/producto\/residencias-medicas-amir-colombia\/#breadcrumb\",\"itemListElement\":[{\"@type\":\"ListItem\",\"position\":1,\"name\":\"Portada\",\"item\":\"https:\/\/amirlatam.com\/pry\/\"},{\"@type\":\"ListItem\",\"position\":2,\"name\":\"Tienda\",\"item\":\"https:\/\/amirlatam.com\/pry\/tienda-2\/\"},{\"@type\":\"ListItem\",\"position\":3,\"name\":\"Residencias M\u00e9dicas | Amir Colombia\"}]},{\"@type\":\"WebSite\",\"@id\":\"https:\/\/amirlatam.com\/pry\/#website\",\"url\":\"https:\/\/amirlatam.com\/pry\/\",\"name\":\"AMIR Colombia\",\"description\":\"\",\"publisher\":{\"@id\":\"https:\/\/amirlatam.com\/pry\/#organization\"},\"alternateName\":\"AMIR\",\"potentialAction\":[{\"@type\":\"SearchAction\",\"target\":{\"@type\":\"EntryPoint\",\"urlTemplate\":\"https:\/\/amirlatam.com\/pry\/?s={search_term_string}\"},\"query-input\":{\"@type\":\"PropertyValueSpecification\",\"valueRequired\":true,\"valueName\":\"search_term_string\"}}],\"inLanguage\":\"es\"},{\"@type\":\"Organization\",\"@id\":\"https:\/\/amirlatam.com\/pry\/#organization\",\"name\":\"AMIR Colombia\",\"url\":\"https:\/\/amirlatam.com\/pry\/\",\"logo\":{\"@type\":\"ImageObject\",\"inLanguage\":\"es\",\"@id\":\"https:\/\/amirlatam.com\/pry\/#\/schema\/logo\/image\/\",\"url\":\"https:\/\/amirlatam.com\/co\/wp-content\/uploads\/sites\/2\/2023\/08\/amir-favicon.png\",\"contentUrl\":\"https:\/\/amirlatam.com\/co\/wp-content\/uploads\/sites\/2\/2023\/08\/amir-favicon.png\",\"width\":720,\"height\":720,\"caption\":\"AMIR Colombia\"},\"image\":{\"@id\":\"https:\/\/amirlatam.com\/pry\/#\/schema\/logo\/image\/\"},\"sameAs\":[\"https:\/\/www.facebook.com\/AMIRSuramerica\",\"https:\/\/www.linkedin.com\/company\/amir-colombia\/\",\"https:\/\/www.instagram.com\/amirsuramerica\/\"]}]}<\/script>\n<meta property=\"product:price:amount\" content=\"1\" \/>\n<meta property=\"product:price:currency\" content=\"PYG\" \/>\n<meta property=\"og:availability\" content=\"instock\" \/>\n<meta property=\"product:availability\" content=\"instock\" \/>\n<meta property=\"product:condition\" content=\"new\" \/>\n<!-- \/ Yoast SEO Premium plugin. -->","yoast_head_json":{"title":"Residencias M\u00e9dicas | Amir Colombia &#8226; Paraguay","robots":{"index":"index","follow":"follow","max-snippet":"max-snippet:-1","max-image-preview":"max-image-preview:large","max-video-preview":"max-video-preview:-1"},"canonical":"https:\/\/amirlatam.com\/pry\/producto\/residencias-medicas-amir-colombia\/","og_locale":"es_ES","og_type":"article","og_title":"Residencias M\u00e9dicas | Amir Colombia","og_description":"El Programa de Preparaci\u00f3n para Residencias M\u00e9dicas en Colombia, impulsado por Amir Colombia, se configura como una estrategia completa orientada a potenciar el desempe\u00f1o en los ex\u00e1menes nacionales de residencias m\u00e9dicas en el pa\u00eds. Dada la variabilidad de las modalidades de ex\u00e1menes entre las diferentes universidades, nos enfocamos en consolidar conocimientos respaldados por los manuales AMIR actualizados hasta 2022.  Nuestros manuales y audiolibros cuentan con el respaldo de nuestra plataforma m\u00e9dica, que ofrece clases en video centradas en los temas esenciales de cada asignatura. En el contexto colombiano, es fundamental reconocer que asegurar una plaza de residencia demanda una hoja de vida enriquecida con publicaciones cient\u00edficas y participaci\u00f3n en congresos. En este sentido, nuestro curso incluye un componente de actividad cient\u00edfica en la revista de La Academia, junto con la participaci\u00f3n en un foro recurrente sobre atenci\u00f3n primaria.","og_url":"https:\/\/amirlatam.com\/pry\/producto\/residencias-medicas-amir-colombia\/","og_site_name":"Paraguay","article_publisher":"https:\/\/www.facebook.com\/AMIRSuramerica","article_modified_time":"2024-04-18T20:11:16+00:00","og_image":[{"width":1920,"height":1280,"url":"https:\/\/amirlatam.com\/pry\/wp-content\/uploads\/sites\/12\/2024\/04\/cursos-prueba-b.jpg","type":"image\/jpeg"}],"twitter_card":"summary_large_image","twitter_misc":{"Precio":"&#8370;&nbsp;1","Disponibilidad":"Disponible"},"schema":{"@context":"https:\/\/schema.org","@graph":[{"@type":"WebPage","@id":"https:\/\/amirlatam.com\/pry\/producto\/residencias-medicas-amir-colombia\/","url":"https:\/\/amirlatam.com\/pry\/producto\/residencias-medicas-amir-colombia\/","name":"Residencias M\u00e9dicas | Amir Colombia &#8226; Paraguay","isPartOf":{"@id":"https:\/\/amirlatam.com\/pry\/#website"},"primaryImageOfPage":{"@id":"https:\/\/amirlatam.com\/pry\/producto\/residencias-medicas-amir-colombia\/#primaryimage"},"image":{"@id":"https:\/\/amirlatam.com\/pry\/producto\/residencias-medicas-amir-colombia\/#primaryimage"},"thumbnailUrl":"https:\/\/amirlatam.com\/pry\/wp-content\/uploads\/sites\/12\/2024\/04\/cursos-prueba-b.jpg","datePublished":"2024-04-18T20:11:04+00:00","dateModified":"2024-04-18T20:11:16+00:00","breadcrumb":{"@id":"https:\/\/amirlatam.com\/pry\/producto\/residencias-medicas-amir-colombia\/#breadcrumb"},"inLanguage":"es","potentialAction":[{"@type":"ReadAction","target":["https:\/\/amirlatam.com\/pry\/producto\/residencias-medicas-amir-colombia\/"]}]},{"@type":"ImageObject","inLanguage":"es","@id":"https:\/\/amirlatam.com\/pry\/producto\/residencias-medicas-amir-colombia\/#primaryimage","url":"https:\/\/amirlatam.com\/pry\/wp-content\/uploads\/sites\/12\/2024\/04\/cursos-prueba-b.jpg","contentUrl":"https:\/\/amirlatam.com\/pry\/wp-content\/uploads\/sites\/12\/2024\/04\/cursos-prueba-b.jpg","width":1920,"height":1280},{"@type":"BreadcrumbList","@id":"https:\/\/amirlatam.com\/pry\/producto\/residencias-medicas-amir-colombia\/#breadcrumb","itemListElement":[{"@type":"ListItem","position":1,"name":"Portada","item":"https:\/\/amirlatam.com\/pry\/"},{"@type":"ListItem","position":2,"name":"Tienda","item":"https:\/\/amirlatam.com\/pry\/tienda-2\/"},{"@type":"ListItem","position":3,"name":"Residencias M\u00e9dicas | Amir Colombia"}]},{"@type":"WebSite","@id":"https:\/\/amirlatam.com\/pry\/#website","url":"https:\/\/amirlatam.com\/pry\/","name":"AMIR Colombia","description":"","publisher":{"@id":"https:\/\/amirlatam.com\/pry\/#organization"},"alternateName":"AMIR","potentialAction":[{"@type":"SearchAction","target":{"@type":"EntryPoint","urlTemplate":"https:\/\/amirlatam.com\/pry\/?s={search_term_string}"},"query-input":{"@type":"PropertyValueSpecification","valueRequired":true,"valueName":"search_term_string"}}],"inLanguage":"es"},{"@type":"Organization","@id":"https:\/\/amirlatam.com\/pry\/#organization","name":"AMIR Colombia","url":"https:\/\/amirlatam.com\/pry\/","logo":{"@type":"ImageObject","inLanguage":"es","@id":"https:\/\/amirlatam.com\/pry\/#\/schema\/logo\/image\/","url":"https:\/\/amirlatam.com\/co\/wp-content\/uploads\/sites\/2\/2023\/08\/amir-favicon.png","contentUrl":"https:\/\/amirlatam.com\/co\/wp-content\/uploads\/sites\/2\/2023\/08\/amir-favicon.png","width":720,"height":720,"caption":"AMIR Colombia"},"image":{"@id":"https:\/\/amirlatam.com\/pry\/#\/schema\/logo\/image\/"},"sameAs":["https:\/\/www.facebook.com\/AMIRSuramerica","https:\/\/www.linkedin.com\/company\/amir-colombia\/","https:\/\/www.instagram.com\/amirsuramerica\/"]}]},"product_price_amount":"1","product_price_currency":"PYG","og_availability":"instock","product_availability":"instock","product_condition":"new"},"_links":{"self":[{"href":"https:\/\/amirlatam.com\/pry\/wp-json\/wp\/v2\/product\/848","targetHints":{"allow":["GET"]}}],"collection":[{"href":"https:\/\/amirlatam.com\/pry\/wp-json\/wp\/v2\/product"}],"about":[{"href":"https:\/\/amirlatam.com\/pry\/wp-json\/wp\/v2\/types\/product"}],"replies":[{"embeddable":true,"href":"https:\/\/amirlatam.com\/pry\/wp-json\/wp\/v2\/comments?post=848"}],"wp:featuredmedia":[{"embeddable":true,"href":"https:\/\/amirlatam.com\/pry\/wp-json\/wp\/v2\/media\/877"}],"wp:attachment":[{"href":"https:\/\/amirlatam.com\/pry\/wp-json\/wp\/v2\/media?parent=848"}],"wp:term":[{"taxonomy":"product_brand","embeddable":true,"href":"https:\/\/amirlatam.com\/pry\/wp-json\/wp\/v2\/product_brand?post=848"},{"taxonomy":"product_cat","embeddable":true,"href":"https:\/\/amirlatam.com\/pry\/wp-json\/wp\/v2\/product_cat?post=848"},{"taxonomy":"product_tag","embeddable":true,"href":"https:\/\/amirlatam.com\/pry\/wp-json\/wp\/v2\/product_tag?post=848"}],"curies":[{"name":"wp","href":"https:\/\/api.w.org\/{rel}","templated":true}]}}