{"id":845,"date":"2024-04-18T16:11:04","date_gmt":"2024-04-18T20:11:04","guid":{"rendered":"https:\/\/amirlatam.com\/pry\/?post_type=product&#038;p=845"},"modified":"2024-04-18T16:11:11","modified_gmt":"2024-04-18T20:11:11","slug":"master-en-sexologia-amir-colombia","status":"publish","type":"product","link":"https:\/\/amirlatam.com\/pry\/producto\/master-en-sexologia-amir-colombia\/","title":{"rendered":"M\u00e1ster en Sexolog\u00eda | AMIR Colombia"},"content":{"rendered":"\n","protected":false},"excerpt":{"rendered":"<p>AMIR presenta un <b>M\u00e1ster en Sexolog\u00eda<\/b> dise\u00f1ado para equiparte con las herramientas y el conocimiento necesarios para abordar problem\u00e1ticas comunes, como las disfunciones sexuales y las dificultades en el \u00e1mbito de la pareja. Estas cuestiones son motivo de consulta frecuente en la pr\u00e1ctica cl\u00ednica.<\/p>\n<p>Este M\u00e1ster se centra en el aprendizaje integral de las variables involucradas en la prevenci\u00f3n e intervenci\u00f3n con pacientes que enfrentan dificultades sexuales y de pareja. Adem\u00e1s, se enfoca en la aplicaci\u00f3n pr\u00e1ctica de tratamientos de elecci\u00f3n y t\u00e9cnicas que han demostrado ser altamente efectivas en el abordaje de estas problem\u00e1ticas.<\/p>\n<p>Descubre en AMIR la oportunidad de especializarte en <b>Sexolog\u00eda en Pareja<\/b> y formar parte de la excelencia educativa en el campo de la medicina. Conoce m\u00e1s sobre <b>d\u00f3nde estudiar sexolog\u00eda en Colombia<\/b> y c\u00f3mo esta carrera de medicina puede impulsar tu desarrollo profesional.<\/p>\n","protected":false},"featured_media":874,"comment_status":"closed","ping_status":"closed","template":"","meta":{"_acf_changed":false},"product_brand":[],"product_cat":[53,54],"product_tag":[],"class_list":{"0":"post-845","1":"product","2":"type-product","3":"status-publish","4":"has-post-thumbnail","6":"product_cat-medicina","7":"product_cat-psicologia","9":"first","10":"instock","11":"shipping-taxable","12":"purchasable","13":"product-type-simple"},"acf":[],"yoast_head":"<!-- This site is optimized with the Yoast SEO Premium plugin v26.8 (Yoast SEO v26.8) - https:\/\/yoast.com\/product\/yoast-seo-premium-wordpress\/ -->\n<title>M\u00e1ster en Sexolog\u00eda | AMIR Colombia &#8226; Paraguay<\/title>\n<meta name=\"robots\" content=\"index, follow, max-snippet:-1, max-image-preview:large, max-video-preview:-1\" \/>\n<link rel=\"canonical\" href=\"https:\/\/amirlatam.com\/pry\/producto\/master-en-sexologia-amir-colombia\/\" \/>\n<meta property=\"og:locale\" content=\"es_ES\" \/>\n<meta property=\"og:type\" content=\"article\" \/>\n<meta property=\"og:title\" content=\"M\u00e1ster en Sexolog\u00eda | AMIR Colombia\" \/>\n<meta property=\"og:description\" content=\"AMIR presenta un M\u00e1ster en Sexolog\u00eda dise\u00f1ado para equiparte con las herramientas y el conocimiento necesarios para abordar problem\u00e1ticas comunes, como las disfunciones sexuales y las dificultades en el \u00e1mbito de la pareja. Estas cuestiones son motivo de consulta frecuente en la pr\u00e1ctica cl\u00ednica.  Este M\u00e1ster se centra en el aprendizaje integral de las variables involucradas en la prevenci\u00f3n e intervenci\u00f3n con pacientes que enfrentan dificultades sexuales y de pareja. Adem\u00e1s, se enfoca en la aplicaci\u00f3n pr\u00e1ctica de tratamientos de elecci\u00f3n y t\u00e9cnicas que han demostrado ser altamente efectivas en el abordaje de estas problem\u00e1ticas.  Descubre en AMIR la oportunidad de especializarte en Sexolog\u00eda en Pareja y formar parte de la excelencia educativa en el campo de la medicina. Conoce m\u00e1s sobre d\u00f3nde estudiar sexolog\u00eda en Colombia y c\u00f3mo esta carrera de medicina puede impulsar tu desarrollo profesional.\" \/>\n<meta property=\"og:url\" content=\"https:\/\/amirlatam.com\/pry\/producto\/master-en-sexologia-amir-colombia\/\" \/>\n<meta property=\"og:site_name\" content=\"Paraguay\" \/>\n<meta property=\"article:publisher\" content=\"https:\/\/www.facebook.com\/AMIRSuramerica\" \/>\n<meta property=\"article:modified_time\" content=\"2024-04-18T20:11:11+00:00\" \/>\n<meta property=\"og:image\" content=\"https:\/\/amirlatam.com\/pry\/wp-content\/uploads\/sites\/12\/2024\/04\/Sexologia.jpg\" \/>\n\t<meta property=\"og:image:width\" content=\"1920\" \/>\n\t<meta property=\"og:image:height\" content=\"1920\" \/>\n\t<meta property=\"og:image:type\" content=\"image\/jpeg\" \/>\n<meta name=\"twitter:card\" content=\"summary_large_image\" \/>\n<meta name=\"twitter:label1\" content=\"Precio\" \/>\n\t<meta name=\"twitter:data1\" content=\"&#8370;&nbsp;1\" \/>\n\t<meta name=\"twitter:label2\" content=\"Disponibilidad\" \/>\n\t<meta name=\"twitter:data2\" content=\"Disponible\" \/>\n<script type=\"application\/ld+json\" class=\"yoast-schema-graph\">{\"@context\":\"https:\/\/schema.org\",\"@graph\":[{\"@type\":\"WebPage\",\"@id\":\"https:\/\/amirlatam.com\/pry\/producto\/master-en-sexologia-amir-colombia\/\",\"url\":\"https:\/\/amirlatam.com\/pry\/producto\/master-en-sexologia-amir-colombia\/\",\"name\":\"M\u00e1ster en Sexolog\u00eda | AMIR Colombia &#8226; Paraguay\",\"isPartOf\":{\"@id\":\"https:\/\/amirlatam.com\/pry\/#website\"},\"primaryImageOfPage\":{\"@id\":\"https:\/\/amirlatam.com\/pry\/producto\/master-en-sexologia-amir-colombia\/#primaryimage\"},\"image\":{\"@id\":\"https:\/\/amirlatam.com\/pry\/producto\/master-en-sexologia-amir-colombia\/#primaryimage\"},\"thumbnailUrl\":\"https:\/\/amirlatam.com\/pry\/wp-content\/uploads\/sites\/12\/2024\/04\/Sexologia.jpg\",\"datePublished\":\"2024-04-18T20:11:04+00:00\",\"dateModified\":\"2024-04-18T20:11:11+00:00\",\"breadcrumb\":{\"@id\":\"https:\/\/amirlatam.com\/pry\/producto\/master-en-sexologia-amir-colombia\/#breadcrumb\"},\"inLanguage\":\"es\",\"potentialAction\":[{\"@type\":\"ReadAction\",\"target\":[\"https:\/\/amirlatam.com\/pry\/producto\/master-en-sexologia-amir-colombia\/\"]}]},{\"@type\":\"ImageObject\",\"inLanguage\":\"es\",\"@id\":\"https:\/\/amirlatam.com\/pry\/producto\/master-en-sexologia-amir-colombia\/#primaryimage\",\"url\":\"https:\/\/amirlatam.com\/pry\/wp-content\/uploads\/sites\/12\/2024\/04\/Sexologia.jpg\",\"contentUrl\":\"https:\/\/amirlatam.com\/pry\/wp-content\/uploads\/sites\/12\/2024\/04\/Sexologia.jpg\",\"width\":1920,\"height\":1920},{\"@type\":\"BreadcrumbList\",\"@id\":\"https:\/\/amirlatam.com\/pry\/producto\/master-en-sexologia-amir-colombia\/#breadcrumb\",\"itemListElement\":[{\"@type\":\"ListItem\",\"position\":1,\"name\":\"Portada\",\"item\":\"https:\/\/amirlatam.com\/pry\/\"},{\"@type\":\"ListItem\",\"position\":2,\"name\":\"Tienda\",\"item\":\"https:\/\/amirlatam.com\/pry\/tienda-2\/\"},{\"@type\":\"ListItem\",\"position\":3,\"name\":\"M\u00e1ster en Sexolog\u00eda | AMIR Colombia\"}]},{\"@type\":\"WebSite\",\"@id\":\"https:\/\/amirlatam.com\/pry\/#website\",\"url\":\"https:\/\/amirlatam.com\/pry\/\",\"name\":\"AMIR Colombia\",\"description\":\"\",\"publisher\":{\"@id\":\"https:\/\/amirlatam.com\/pry\/#organization\"},\"alternateName\":\"AMIR\",\"potentialAction\":[{\"@type\":\"SearchAction\",\"target\":{\"@type\":\"EntryPoint\",\"urlTemplate\":\"https:\/\/amirlatam.com\/pry\/?s={search_term_string}\"},\"query-input\":{\"@type\":\"PropertyValueSpecification\",\"valueRequired\":true,\"valueName\":\"search_term_string\"}}],\"inLanguage\":\"es\"},{\"@type\":\"Organization\",\"@id\":\"https:\/\/amirlatam.com\/pry\/#organization\",\"name\":\"AMIR Colombia\",\"url\":\"https:\/\/amirlatam.com\/pry\/\",\"logo\":{\"@type\":\"ImageObject\",\"inLanguage\":\"es\",\"@id\":\"https:\/\/amirlatam.com\/pry\/#\/schema\/logo\/image\/\",\"url\":\"https:\/\/amirlatam.com\/co\/wp-content\/uploads\/sites\/2\/2023\/08\/amir-favicon.png\",\"contentUrl\":\"https:\/\/amirlatam.com\/co\/wp-content\/uploads\/sites\/2\/2023\/08\/amir-favicon.png\",\"width\":720,\"height\":720,\"caption\":\"AMIR Colombia\"},\"image\":{\"@id\":\"https:\/\/amirlatam.com\/pry\/#\/schema\/logo\/image\/\"},\"sameAs\":[\"https:\/\/www.facebook.com\/AMIRSuramerica\",\"https:\/\/www.linkedin.com\/company\/amir-colombia\/\",\"https:\/\/www.instagram.com\/amirsuramerica\/\"]}]}<\/script>\n<meta property=\"product:price:amount\" content=\"1\" \/>\n<meta property=\"product:price:currency\" content=\"PYG\" \/>\n<meta property=\"og:availability\" content=\"instock\" \/>\n<meta property=\"product:availability\" content=\"instock\" \/>\n<meta property=\"product:condition\" content=\"new\" \/>\n<!-- \/ Yoast SEO Premium plugin. -->","yoast_head_json":{"title":"M\u00e1ster en Sexolog\u00eda | AMIR Colombia &#8226; Paraguay","robots":{"index":"index","follow":"follow","max-snippet":"max-snippet:-1","max-image-preview":"max-image-preview:large","max-video-preview":"max-video-preview:-1"},"canonical":"https:\/\/amirlatam.com\/pry\/producto\/master-en-sexologia-amir-colombia\/","og_locale":"es_ES","og_type":"article","og_title":"M\u00e1ster en Sexolog\u00eda | AMIR Colombia","og_description":"AMIR presenta un M\u00e1ster en Sexolog\u00eda dise\u00f1ado para equiparte con las herramientas y el conocimiento necesarios para abordar problem\u00e1ticas comunes, como las disfunciones sexuales y las dificultades en el \u00e1mbito de la pareja. Estas cuestiones son motivo de consulta frecuente en la pr\u00e1ctica cl\u00ednica.  Este M\u00e1ster se centra en el aprendizaje integral de las variables involucradas en la prevenci\u00f3n e intervenci\u00f3n con pacientes que enfrentan dificultades sexuales y de pareja. Adem\u00e1s, se enfoca en la aplicaci\u00f3n pr\u00e1ctica de tratamientos de elecci\u00f3n y t\u00e9cnicas que han demostrado ser altamente efectivas en el abordaje de estas problem\u00e1ticas.  Descubre en AMIR la oportunidad de especializarte en Sexolog\u00eda en Pareja y formar parte de la excelencia educativa en el campo de la medicina. Conoce m\u00e1s sobre d\u00f3nde estudiar sexolog\u00eda en Colombia y c\u00f3mo esta carrera de medicina puede impulsar tu desarrollo profesional.","og_url":"https:\/\/amirlatam.com\/pry\/producto\/master-en-sexologia-amir-colombia\/","og_site_name":"Paraguay","article_publisher":"https:\/\/www.facebook.com\/AMIRSuramerica","article_modified_time":"2024-04-18T20:11:11+00:00","og_image":[{"width":1920,"height":1920,"url":"https:\/\/amirlatam.com\/pry\/wp-content\/uploads\/sites\/12\/2024\/04\/Sexologia.jpg","type":"image\/jpeg"}],"twitter_card":"summary_large_image","twitter_misc":{"Precio":"&#8370;&nbsp;1","Disponibilidad":"Disponible"},"schema":{"@context":"https:\/\/schema.org","@graph":[{"@type":"WebPage","@id":"https:\/\/amirlatam.com\/pry\/producto\/master-en-sexologia-amir-colombia\/","url":"https:\/\/amirlatam.com\/pry\/producto\/master-en-sexologia-amir-colombia\/","name":"M\u00e1ster en Sexolog\u00eda | AMIR Colombia &#8226; Paraguay","isPartOf":{"@id":"https:\/\/amirlatam.com\/pry\/#website"},"primaryImageOfPage":{"@id":"https:\/\/amirlatam.com\/pry\/producto\/master-en-sexologia-amir-colombia\/#primaryimage"},"image":{"@id":"https:\/\/amirlatam.com\/pry\/producto\/master-en-sexologia-amir-colombia\/#primaryimage"},"thumbnailUrl":"https:\/\/amirlatam.com\/pry\/wp-content\/uploads\/sites\/12\/2024\/04\/Sexologia.jpg","datePublished":"2024-04-18T20:11:04+00:00","dateModified":"2024-04-18T20:11:11+00:00","breadcrumb":{"@id":"https:\/\/amirlatam.com\/pry\/producto\/master-en-sexologia-amir-colombia\/#breadcrumb"},"inLanguage":"es","potentialAction":[{"@type":"ReadAction","target":["https:\/\/amirlatam.com\/pry\/producto\/master-en-sexologia-amir-colombia\/"]}]},{"@type":"ImageObject","inLanguage":"es","@id":"https:\/\/amirlatam.com\/pry\/producto\/master-en-sexologia-amir-colombia\/#primaryimage","url":"https:\/\/amirlatam.com\/pry\/wp-content\/uploads\/sites\/12\/2024\/04\/Sexologia.jpg","contentUrl":"https:\/\/amirlatam.com\/pry\/wp-content\/uploads\/sites\/12\/2024\/04\/Sexologia.jpg","width":1920,"height":1920},{"@type":"BreadcrumbList","@id":"https:\/\/amirlatam.com\/pry\/producto\/master-en-sexologia-amir-colombia\/#breadcrumb","itemListElement":[{"@type":"ListItem","position":1,"name":"Portada","item":"https:\/\/amirlatam.com\/pry\/"},{"@type":"ListItem","position":2,"name":"Tienda","item":"https:\/\/amirlatam.com\/pry\/tienda-2\/"},{"@type":"ListItem","position":3,"name":"M\u00e1ster en Sexolog\u00eda | AMIR Colombia"}]},{"@type":"WebSite","@id":"https:\/\/amirlatam.com\/pry\/#website","url":"https:\/\/amirlatam.com\/pry\/","name":"AMIR Colombia","description":"","publisher":{"@id":"https:\/\/amirlatam.com\/pry\/#organization"},"alternateName":"AMIR","potentialAction":[{"@type":"SearchAction","target":{"@type":"EntryPoint","urlTemplate":"https:\/\/amirlatam.com\/pry\/?s={search_term_string}"},"query-input":{"@type":"PropertyValueSpecification","valueRequired":true,"valueName":"search_term_string"}}],"inLanguage":"es"},{"@type":"Organization","@id":"https:\/\/amirlatam.com\/pry\/#organization","name":"AMIR Colombia","url":"https:\/\/amirlatam.com\/pry\/","logo":{"@type":"ImageObject","inLanguage":"es","@id":"https:\/\/amirlatam.com\/pry\/#\/schema\/logo\/image\/","url":"https:\/\/amirlatam.com\/co\/wp-content\/uploads\/sites\/2\/2023\/08\/amir-favicon.png","contentUrl":"https:\/\/amirlatam.com\/co\/wp-content\/uploads\/sites\/2\/2023\/08\/amir-favicon.png","width":720,"height":720,"caption":"AMIR Colombia"},"image":{"@id":"https:\/\/amirlatam.com\/pry\/#\/schema\/logo\/image\/"},"sameAs":["https:\/\/www.facebook.com\/AMIRSuramerica","https:\/\/www.linkedin.com\/company\/amir-colombia\/","https:\/\/www.instagram.com\/amirsuramerica\/"]}]},"product_price_amount":"1","product_price_currency":"PYG","og_availability":"instock","product_availability":"instock","product_condition":"new"},"_links":{"self":[{"href":"https:\/\/amirlatam.com\/pry\/wp-json\/wp\/v2\/product\/845","targetHints":{"allow":["GET"]}}],"collection":[{"href":"https:\/\/amirlatam.com\/pry\/wp-json\/wp\/v2\/product"}],"about":[{"href":"https:\/\/amirlatam.com\/pry\/wp-json\/wp\/v2\/types\/product"}],"replies":[{"embeddable":true,"href":"https:\/\/amirlatam.com\/pry\/wp-json\/wp\/v2\/comments?post=845"}],"wp:featuredmedia":[{"embeddable":true,"href":"https:\/\/amirlatam.com\/pry\/wp-json\/wp\/v2\/media\/874"}],"wp:attachment":[{"href":"https:\/\/amirlatam.com\/pry\/wp-json\/wp\/v2\/media?parent=845"}],"wp:term":[{"taxonomy":"product_brand","embeddable":true,"href":"https:\/\/amirlatam.com\/pry\/wp-json\/wp\/v2\/product_brand?post=845"},{"taxonomy":"product_cat","embeddable":true,"href":"https:\/\/amirlatam.com\/pry\/wp-json\/wp\/v2\/product_cat?post=845"},{"taxonomy":"product_tag","embeddable":true,"href":"https:\/\/amirlatam.com\/pry\/wp-json\/wp\/v2\/product_tag?post=845"}],"curies":[{"name":"wp","href":"https:\/\/api.w.org\/{rel}","templated":true}]}}