{"id":501,"date":"2024-04-01T15:49:07","date_gmt":"2024-04-01T19:49:07","guid":{"rendered":"https:\/\/amirlatam.com\/pry\/programas-amir-colombia\/"},"modified":"2024-04-01T15:51:00","modified_gmt":"2024-04-01T19:51:00","slug":"programas-amir-colombia","status":"publish","type":"page","link":"https:\/\/amirlatam.com\/pry\/programas-amir-colombia\/","title":{"rendered":"Programas | Amir Colombia"},"content":{"rendered":"\t\t<div data-elementor-type=\"wp-page\" data-elementor-id=\"501\" class=\"elementor elementor-501\" data-elementor-settings=\"{&quot;ha_cmc_init_switcher&quot;:&quot;no&quot;}\" data-elementor-post-type=\"page\">\n\t\t\t\t<div class=\"elementor-element elementor-element-344fa3fd e-flex e-con-boxed e-con e-parent\" data-id=\"344fa3fd\" data-element_type=\"container\" data-e-type=\"container\" data-settings=\"{&quot;background_background&quot;:&quot;classic&quot;,&quot;_ha_eqh_enable&quot;:false}\">\n\t\t\t\t\t<div class=\"e-con-inner\">\n\t\t\t\t<div class=\"elementor-element elementor-element-1d5446f6 elementor-widget elementor-widget-woocommerce-breadcrumb\" data-id=\"1d5446f6\" data-element_type=\"widget\" data-e-type=\"widget\" data-widget_type=\"woocommerce-breadcrumb.default\">\n\t\t\t\t<div class=\"elementor-widget-container\">\n\t\t\t\t\t<nav class=\"woocommerce-breadcrumb\" aria-label=\"Breadcrumb\">Inicio<\/nav>\t\t\t\t<\/div>\n\t\t\t\t<\/div>\n\t\t\t\t\t<\/div>\n\t\t\t\t<\/div>\n\t\t<div class=\"elementor-element elementor-element-c87118e e-flex e-con-boxed e-con e-parent\" data-id=\"c87118e\" data-element_type=\"container\" data-e-type=\"container\" data-settings=\"{&quot;_ha_eqh_enable&quot;:false}\">\n\t\t\t\t\t<div class=\"e-con-inner\">\n\t\t\t\t<div class=\"elementor-element elementor-element-5b46a2dc elementor-hidden-mobile_extra elementor-hidden-mobile elementor-widget elementor-widget-mdp-taber-elementor\" data-id=\"5b46a2dc\" data-element_type=\"widget\" data-e-type=\"widget\" data-widget_type=\"mdp-taber-elementor.default\">\n\t\t\t\t<div class=\"elementor-widget-container\">\n\t\t\t\t\t        <!-- Start Taber for Elementor WordPress Plugin -->\n        <div class=\"mdp-taber-elementor-box \">\n            <div class=\"mdp-tabs-wrapper-taber mdp-left-nav-tabs\"\n                 data-open=\"1\"\n                 data-toggle=\"on\"\n                 data-show-nav-arrows=\"\"\n                             >\n                       <div class=\"mdp-tabs-nav-taber mdp-left-nav-tabs \">\n                                    <div class=\"mdp-taber-scroll \">\n                                            <div class=\"mdp-tab-nav-taber  elementor-repeater-item-d9fbecf \" data-tab-index=\"0\">\n            <div class=\"mdp-tab-title-taber mdp-left-icon-tabs\">\n                                                <span>Todos los programas<\/span>\n            <\/div>\n                    <\/div>\n                                                   <div class=\"mdp-tab-nav-taber  elementor-repeater-item-2fbe590 \" data-tab-index=\"1\">\n            <div class=\"mdp-tab-title-taber mdp-left-icon-tabs\">\n                                                <span>Est\u00e9tica<\/span>\n            <\/div>\n                    <\/div>\n                                                   <div class=\"mdp-tab-nav-taber  elementor-repeater-item-e5056ec \" data-tab-index=\"2\">\n            <div class=\"mdp-tab-title-taber mdp-left-icon-tabs\">\n                                                <span>MIR<\/span>\n            <\/div>\n                    <\/div>\n                                                   <div class=\"mdp-tab-nav-taber  elementor-repeater-item-208efdd \" data-tab-index=\"3\">\n            <div class=\"mdp-tab-title-taber mdp-left-icon-tabs\">\n                                                <span>Ex\u00e1menes<\/span>\n            <\/div>\n                    <\/div>\n                                                   <div class=\"mdp-tab-nav-taber  elementor-repeater-item-c1810d4 \" data-tab-index=\"4\">\n            <div class=\"mdp-tab-title-taber mdp-left-icon-tabs\">\n                                                <span>Psicolog\u00eda<\/span>\n            <\/div>\n                    <\/div>\n                                                   <div class=\"mdp-tab-nav-taber  elementor-repeater-item-4a5a8e9 \" data-tab-index=\"5\">\n            <div class=\"mdp-tab-title-taber mdp-left-icon-tabs\">\n                                                <span>Medicina<\/span>\n            <\/div>\n                    <\/div>\n                                   <\/div>\n                    <\/div>\n                               <div class=\"mdp-tabs-content-taber  mdp-left-nav-tabs\">\n                                                                    <div class=\"mdp-tab-content-taber mdp-tab-content-taber-wrap-normal \" >\n                        <p><\/p>                    <\/div>\n                                                        <div class=\"mdp-tab-content-taber mdp-tab-content-taber-wrap-normal \" >\n                        <p><\/p>                    <\/div>\n                                                        <div class=\"mdp-tab-content-taber mdp-tab-content-taber-wrap-normal \" >\n                        <p><\/p>                    <\/div>\n                                                        <div class=\"mdp-tab-content-taber mdp-tab-content-taber-wrap-normal \" >\n                        <p><\/p>                    <\/div>\n                                                        <div class=\"mdp-tab-content-taber mdp-tab-content-taber-wrap-normal \" >\n                        <p><\/p>                    <\/div>\n                                                        <div class=\"mdp-tab-content-taber mdp-tab-content-taber-wrap-normal \" >\n                        <p><\/p>                    <\/div>\n                \n                    <\/div>\n                    <\/div>\n        <\/div>\n        <!-- End Taber for Elementor WordPress Plugin -->\n\t    \t\t\t\t<\/div>\n\t\t\t\t<\/div>\n\t\t\t\t<div class=\"elementor-element elementor-element-397c33dc elementor-hidden-desktop elementor-hidden-laptop elementor-hidden-tablet_extra elementor-hidden-tablet elementor-widget elementor-widget-mdp-taber-elementor\" data-id=\"397c33dc\" data-element_type=\"widget\" data-e-type=\"widget\" data-widget_type=\"mdp-taber-elementor.default\">\n\t\t\t\t<div class=\"elementor-widget-container\">\n\t\t\t\t\t        <!-- Start Taber for Elementor WordPress Plugin -->\n        <div class=\"mdp-taber-elementor-box \">\n            <div class=\"mdp-tabs-wrapper-taber mdp-top-nav-tabs mdp-top-left-nav-tabs\"\n                 data-open=\"1\"\n                 data-toggle=\"on\"\n                 data-show-nav-arrows=\"\"\n                             >\n                       <div class=\"mdp-tabs-nav-taber mdp-top-nav-tabs mdp-top-left-nav-tabs \">\n                                    <div class=\"mdp-taber-scroll \">\n                                            <div class=\"mdp-tab-nav-taber  elementor-repeater-item-d9fbecf \" data-tab-index=\"0\">\n            <div class=\"mdp-tab-title-taber mdp-left-icon-tabs\">\n                                                <span>Todos los programas<\/span>\n            <\/div>\n                    <\/div>\n                                                   <div class=\"mdp-tab-nav-taber  elementor-repeater-item-208efdd \" data-tab-index=\"1\">\n            <div class=\"mdp-tab-title-taber mdp-left-icon-tabs\">\n                                                <span>Acceso a especialidades<\/span>\n            <\/div>\n                    <\/div>\n                                                   <div class=\"mdp-tab-nav-taber  elementor-repeater-item-2fbe590 \" data-tab-index=\"2\">\n            <div class=\"mdp-tab-title-taber mdp-left-icon-tabs\">\n                                                <span>Est\u00e9tica<\/span>\n            <\/div>\n                    <\/div>\n                                                   <div class=\"mdp-tab-nav-taber  elementor-repeater-item-c1810d4 \" data-tab-index=\"3\">\n            <div class=\"mdp-tab-title-taber mdp-left-icon-tabs\">\n                                                <span>Psicolog\u00eda<\/span>\n            <\/div>\n                    <\/div>\n                                                   <div class=\"mdp-tab-nav-taber  elementor-repeater-item-4a5a8e9 \" data-tab-index=\"4\">\n            <div class=\"mdp-tab-title-taber mdp-left-icon-tabs\">\n                                                <span>Medicina<\/span>\n            <\/div>\n                    <\/div>\n                                   <\/div>\n                    <\/div>\n                               <div class=\"mdp-tabs-content-taber  mdp-top-nav-tabs mdp-top-left-nav-tabs\">\n                                                                    <div class=\"mdp-tab-content-taber mdp-tab-content-taber-wrap-normal \" >\n                        <p><\/p>                    <\/div>\n                                                        <div class=\"mdp-tab-content-taber mdp-tab-content-taber-wrap-normal \" >\n                        <p><\/p>                    <\/div>\n                                                        <div class=\"mdp-tab-content-taber mdp-tab-content-taber-wrap-normal \" >\n                        <p><\/p>                    <\/div>\n                                                        <div class=\"mdp-tab-content-taber mdp-tab-content-taber-wrap-normal \" >\n                        <p><\/p>                    <\/div>\n                                                        <div class=\"mdp-tab-content-taber mdp-tab-content-taber-wrap-normal \" >\n                        <p><\/p>                    <\/div>\n                \n                    <\/div>\n                    <\/div>\n        <\/div>\n        <!-- End Taber for Elementor WordPress Plugin -->\n\t    \t\t\t\t<\/div>\n\t\t\t\t<\/div>\n\t\t\t\t\t<\/div>\n\t\t\t\t<\/div>\n\t\t\t\t<\/div>\n\t\t","protected":false},"excerpt":{"rendered":"<p>Todos los programas Est\u00e9tica MIR Ex\u00e1menes Psicolog\u00eda Medicina Todos los programas Acceso a especialidades Est\u00e9tica Psicolog\u00eda Medicina<\/p>\n","protected":false},"author":24,"featured_media":504,"parent":0,"menu_order":0,"comment_status":"closed","ping_status":"closed","template":"","meta":{"_acf_changed":false,"footnotes":""},"class_list":["post-501","page","type-page","status-publish","has-post-thumbnail","hentry"],"acf":[],"yoast_head":"<!-- This site is optimized with the Yoast SEO Premium plugin v26.8 (Yoast SEO v26.8) - https:\/\/yoast.com\/product\/yoast-seo-premium-wordpress\/ -->\n<title>Programas | Amir Colombia &#8226; Paraguay<\/title>\n<meta name=\"robots\" content=\"index, follow, max-snippet:-1, max-image-preview:large, max-video-preview:-1\" \/>\n<link rel=\"canonical\" href=\"https:\/\/amirlatam.com\/pry\/programas-amir-colombia\/\" \/>\n<meta property=\"og:locale\" content=\"es_ES\" \/>\n<meta property=\"og:type\" content=\"article\" \/>\n<meta property=\"og:title\" content=\"Programas | Amir Colombia\" \/>\n<meta property=\"og:description\" content=\"Todos los programas Est\u00e9tica MIR Ex\u00e1menes Psicolog\u00eda Medicina Todos los programas Acceso a especialidades Est\u00e9tica Psicolog\u00eda Medicina\" \/>\n<meta property=\"og:url\" content=\"https:\/\/amirlatam.com\/pry\/programas-amir-colombia\/\" \/>\n<meta property=\"og:site_name\" content=\"Paraguay\" \/>\n<meta property=\"article:publisher\" content=\"https:\/\/www.facebook.com\/AMIRSuramerica\" \/>\n<meta property=\"article:modified_time\" content=\"2024-04-01T19:51:00+00:00\" \/>\n<meta property=\"og:image\" content=\"https:\/\/amirlatam.com\/pry\/wp-content\/uploads\/sites\/12\/2024\/04\/vista-superior-grupo-doctores-sonrientes-apuntando-ti-scaled-1.jpg\" \/>\n\t<meta property=\"og:image:width\" content=\"2560\" \/>\n\t<meta property=\"og:image:height\" content=\"1531\" \/>\n\t<meta property=\"og:image:type\" content=\"image\/jpeg\" \/>\n<meta name=\"twitter:card\" content=\"summary_large_image\" \/>\n<script type=\"application\/ld+json\" class=\"yoast-schema-graph\">{\"@context\":\"https:\/\/schema.org\",\"@graph\":[{\"@type\":\"WebPage\",\"@id\":\"https:\/\/amirlatam.com\/pry\/programas-amir-colombia\/\",\"url\":\"https:\/\/amirlatam.com\/pry\/programas-amir-colombia\/\",\"name\":\"Programas | Amir Colombia &#8226; Paraguay\",\"isPartOf\":{\"@id\":\"https:\/\/amirlatam.com\/pry\/#website\"},\"primaryImageOfPage\":{\"@id\":\"https:\/\/amirlatam.com\/pry\/programas-amir-colombia\/#primaryimage\"},\"image\":{\"@id\":\"https:\/\/amirlatam.com\/pry\/programas-amir-colombia\/#primaryimage\"},\"thumbnailUrl\":\"https:\/\/amirlatam.com\/pry\/wp-content\/uploads\/sites\/12\/2024\/04\/vista-superior-grupo-doctores-sonrientes-apuntando-ti-scaled-1.jpg\",\"datePublished\":\"2024-04-01T19:49:07+00:00\",\"dateModified\":\"2024-04-01T19:51:00+00:00\",\"breadcrumb\":{\"@id\":\"https:\/\/amirlatam.com\/pry\/programas-amir-colombia\/#breadcrumb\"},\"inLanguage\":\"es\",\"potentialAction\":[{\"@type\":\"ReadAction\",\"target\":[\"https:\/\/amirlatam.com\/pry\/programas-amir-colombia\/\"]}]},{\"@type\":\"ImageObject\",\"inLanguage\":\"es\",\"@id\":\"https:\/\/amirlatam.com\/pry\/programas-amir-colombia\/#primaryimage\",\"url\":\"https:\/\/amirlatam.com\/pry\/wp-content\/uploads\/sites\/12\/2024\/04\/vista-superior-grupo-doctores-sonrientes-apuntando-ti-scaled-1.jpg\",\"contentUrl\":\"https:\/\/amirlatam.com\/pry\/wp-content\/uploads\/sites\/12\/2024\/04\/vista-superior-grupo-doctores-sonrientes-apuntando-ti-scaled-1.jpg\",\"width\":2560,\"height\":1531},{\"@type\":\"BreadcrumbList\",\"@id\":\"https:\/\/amirlatam.com\/pry\/programas-amir-colombia\/#breadcrumb\",\"itemListElement\":[{\"@type\":\"ListItem\",\"position\":1,\"name\":\"Portada\",\"item\":\"https:\/\/amirlatam.com\/pry\/\"},{\"@type\":\"ListItem\",\"position\":2,\"name\":\"Programas | Amir Colombia\"}]},{\"@type\":\"WebSite\",\"@id\":\"https:\/\/amirlatam.com\/pry\/#website\",\"url\":\"https:\/\/amirlatam.com\/pry\/\",\"name\":\"AMIR Colombia\",\"description\":\"\",\"publisher\":{\"@id\":\"https:\/\/amirlatam.com\/pry\/#organization\"},\"alternateName\":\"AMIR\",\"potentialAction\":[{\"@type\":\"SearchAction\",\"target\":{\"@type\":\"EntryPoint\",\"urlTemplate\":\"https:\/\/amirlatam.com\/pry\/?s={search_term_string}\"},\"query-input\":{\"@type\":\"PropertyValueSpecification\",\"valueRequired\":true,\"valueName\":\"search_term_string\"}}],\"inLanguage\":\"es\"},{\"@type\":\"Organization\",\"@id\":\"https:\/\/amirlatam.com\/pry\/#organization\",\"name\":\"AMIR Colombia\",\"url\":\"https:\/\/amirlatam.com\/pry\/\",\"logo\":{\"@type\":\"ImageObject\",\"inLanguage\":\"es\",\"@id\":\"https:\/\/amirlatam.com\/pry\/#\/schema\/logo\/image\/\",\"url\":\"https:\/\/amirlatam.com\/co\/wp-content\/uploads\/sites\/2\/2023\/08\/amir-favicon.png\",\"contentUrl\":\"https:\/\/amirlatam.com\/co\/wp-content\/uploads\/sites\/2\/2023\/08\/amir-favicon.png\",\"width\":720,\"height\":720,\"caption\":\"AMIR Colombia\"},\"image\":{\"@id\":\"https:\/\/amirlatam.com\/pry\/#\/schema\/logo\/image\/\"},\"sameAs\":[\"https:\/\/www.facebook.com\/AMIRSuramerica\",\"https:\/\/www.linkedin.com\/company\/amir-colombia\/\",\"https:\/\/www.instagram.com\/amirsuramerica\/\"]}]}<\/script>\n<!-- \/ Yoast SEO Premium plugin. -->","yoast_head_json":{"title":"Programas | Amir Colombia &#8226; Paraguay","robots":{"index":"index","follow":"follow","max-snippet":"max-snippet:-1","max-image-preview":"max-image-preview:large","max-video-preview":"max-video-preview:-1"},"canonical":"https:\/\/amirlatam.com\/pry\/programas-amir-colombia\/","og_locale":"es_ES","og_type":"article","og_title":"Programas | Amir Colombia","og_description":"Todos los programas Est\u00e9tica MIR Ex\u00e1menes Psicolog\u00eda Medicina Todos los programas Acceso a especialidades Est\u00e9tica Psicolog\u00eda Medicina","og_url":"https:\/\/amirlatam.com\/pry\/programas-amir-colombia\/","og_site_name":"Paraguay","article_publisher":"https:\/\/www.facebook.com\/AMIRSuramerica","article_modified_time":"2024-04-01T19:51:00+00:00","og_image":[{"width":2560,"height":1531,"url":"https:\/\/amirlatam.com\/pry\/wp-content\/uploads\/sites\/12\/2024\/04\/vista-superior-grupo-doctores-sonrientes-apuntando-ti-scaled-1.jpg","type":"image\/jpeg"}],"twitter_card":"summary_large_image","schema":{"@context":"https:\/\/schema.org","@graph":[{"@type":"WebPage","@id":"https:\/\/amirlatam.com\/pry\/programas-amir-colombia\/","url":"https:\/\/amirlatam.com\/pry\/programas-amir-colombia\/","name":"Programas | Amir Colombia &#8226; Paraguay","isPartOf":{"@id":"https:\/\/amirlatam.com\/pry\/#website"},"primaryImageOfPage":{"@id":"https:\/\/amirlatam.com\/pry\/programas-amir-colombia\/#primaryimage"},"image":{"@id":"https:\/\/amirlatam.com\/pry\/programas-amir-colombia\/#primaryimage"},"thumbnailUrl":"https:\/\/amirlatam.com\/pry\/wp-content\/uploads\/sites\/12\/2024\/04\/vista-superior-grupo-doctores-sonrientes-apuntando-ti-scaled-1.jpg","datePublished":"2024-04-01T19:49:07+00:00","dateModified":"2024-04-01T19:51:00+00:00","breadcrumb":{"@id":"https:\/\/amirlatam.com\/pry\/programas-amir-colombia\/#breadcrumb"},"inLanguage":"es","potentialAction":[{"@type":"ReadAction","target":["https:\/\/amirlatam.com\/pry\/programas-amir-colombia\/"]}]},{"@type":"ImageObject","inLanguage":"es","@id":"https:\/\/amirlatam.com\/pry\/programas-amir-colombia\/#primaryimage","url":"https:\/\/amirlatam.com\/pry\/wp-content\/uploads\/sites\/12\/2024\/04\/vista-superior-grupo-doctores-sonrientes-apuntando-ti-scaled-1.jpg","contentUrl":"https:\/\/amirlatam.com\/pry\/wp-content\/uploads\/sites\/12\/2024\/04\/vista-superior-grupo-doctores-sonrientes-apuntando-ti-scaled-1.jpg","width":2560,"height":1531},{"@type":"BreadcrumbList","@id":"https:\/\/amirlatam.com\/pry\/programas-amir-colombia\/#breadcrumb","itemListElement":[{"@type":"ListItem","position":1,"name":"Portada","item":"https:\/\/amirlatam.com\/pry\/"},{"@type":"ListItem","position":2,"name":"Programas | Amir Colombia"}]},{"@type":"WebSite","@id":"https:\/\/amirlatam.com\/pry\/#website","url":"https:\/\/amirlatam.com\/pry\/","name":"AMIR Colombia","description":"","publisher":{"@id":"https:\/\/amirlatam.com\/pry\/#organization"},"alternateName":"AMIR","potentialAction":[{"@type":"SearchAction","target":{"@type":"EntryPoint","urlTemplate":"https:\/\/amirlatam.com\/pry\/?s={search_term_string}"},"query-input":{"@type":"PropertyValueSpecification","valueRequired":true,"valueName":"search_term_string"}}],"inLanguage":"es"},{"@type":"Organization","@id":"https:\/\/amirlatam.com\/pry\/#organization","name":"AMIR Colombia","url":"https:\/\/amirlatam.com\/pry\/","logo":{"@type":"ImageObject","inLanguage":"es","@id":"https:\/\/amirlatam.com\/pry\/#\/schema\/logo\/image\/","url":"https:\/\/amirlatam.com\/co\/wp-content\/uploads\/sites\/2\/2023\/08\/amir-favicon.png","contentUrl":"https:\/\/amirlatam.com\/co\/wp-content\/uploads\/sites\/2\/2023\/08\/amir-favicon.png","width":720,"height":720,"caption":"AMIR Colombia"},"image":{"@id":"https:\/\/amirlatam.com\/pry\/#\/schema\/logo\/image\/"},"sameAs":["https:\/\/www.facebook.com\/AMIRSuramerica","https:\/\/www.linkedin.com\/company\/amir-colombia\/","https:\/\/www.instagram.com\/amirsuramerica\/"]}]}},"_links":{"self":[{"href":"https:\/\/amirlatam.com\/pry\/wp-json\/wp\/v2\/pages\/501","targetHints":{"allow":["GET"]}}],"collection":[{"href":"https:\/\/amirlatam.com\/pry\/wp-json\/wp\/v2\/pages"}],"about":[{"href":"https:\/\/amirlatam.com\/pry\/wp-json\/wp\/v2\/types\/page"}],"author":[{"embeddable":true,"href":"https:\/\/amirlatam.com\/pry\/wp-json\/wp\/v2\/users\/24"}],"replies":[{"embeddable":true,"href":"https:\/\/amirlatam.com\/pry\/wp-json\/wp\/v2\/comments?post=501"}],"version-history":[{"count":4,"href":"https:\/\/amirlatam.com\/pry\/wp-json\/wp\/v2\/pages\/501\/revisions"}],"predecessor-version":[{"id":712,"href":"https:\/\/amirlatam.com\/pry\/wp-json\/wp\/v2\/pages\/501\/revisions\/712"}],"wp:featuredmedia":[{"embeddable":true,"href":"https:\/\/amirlatam.com\/pry\/wp-json\/wp\/v2\/media\/504"}],"wp:attachment":[{"href":"https:\/\/amirlatam.com\/pry\/wp-json\/wp\/v2\/media?parent=501"}],"curies":[{"name":"wp","href":"https:\/\/api.w.org\/{rel}","templated":true}]}}