{"id":9999,"date":"2023-08-28T10:49:08","date_gmt":"2023-08-28T14:49:08","guid":{"rendered":"https:\/\/amirlatam.com\/pe\/?post_type=product&#038;p=9999"},"modified":"2024-03-12T16:21:53","modified_gmt":"2024-03-12T20:21:53","slug":"pagos-personalizados","status":"publish","type":"product","link":"https:\/\/amirlatam.com\/pe\/cursos\/pagos\/pagos-personalizados\/","title":{"rendered":"Pagos personalizados de Amir Per\u00fa"},"content":{"rendered":"<p>En este apartado <strong>puedes pagar el valor que te ha indicado nuestro asesor comercial. <\/strong><\/p>\n<ol>\n<li>Solo introduce la cantidad.<\/li>\n<li>A\u00f1ade al carrito.<\/li>\n<li>Termina la compra.<\/li>\n<\/ol>\n","protected":false},"excerpt":{"rendered":"<p>Ingrese el monto a abonar<\/p>\n","protected":false},"featured_media":10000,"template":"","meta":{"_acf_changed":false},"product_brand":[],"product_cat":[84],"product_tag":[85],"class_list":{"0":"post-9999","1":"product","2":"type-product","3":"status-publish","4":"has-post-thumbnail","6":"product_cat-pagos","7":"product_tag-ppa","9":"first","10":"instock","11":"sold-individually","12":"shipping-taxable","13":"purchasable","14":"product-type-simple"},"acf":[],"yoast_head":"<!-- This site is optimized with the Yoast SEO Premium plugin v26.8 (Yoast SEO v26.8) - https:\/\/yoast.com\/product\/yoast-seo-premium-wordpress\/ -->\n<title>Pagos Personalizados de Amir Per\u00fa: El plan para tu formaci\u00f3n<\/title>\n<meta name=\"description\" content=\"Descubre las opciones de pagos personalizados de Amir Per\u00fa. Adapta tu plan de pago para acceder a la formaci\u00f3n m\u00e9dica que necesitas \u00a1Accede ahora!\" \/>\n<meta name=\"robots\" content=\"index, follow, max-snippet:-1, max-image-preview:large, max-video-preview:-1\" \/>\n<link rel=\"canonical\" href=\"https:\/\/amirlatam.com\/pe\/cursos\/pagos\/pagos-personalizados\/\" \/>\n<meta property=\"og:locale\" content=\"es_ES\" \/>\n<meta property=\"og:type\" content=\"article\" \/>\n<meta property=\"og:title\" content=\"Pagos personalizados de Amir Per\u00fa\" \/>\n<meta property=\"og:description\" content=\"Descubre las opciones de pagos personalizados de Amir Per\u00fa. Adapta tu plan de pago para acceder a la formaci\u00f3n m\u00e9dica que necesitas \u00a1Accede ahora!\" \/>\n<meta property=\"og:url\" content=\"https:\/\/amirlatam.com\/pe\/cursos\/pagos\/pagos-personalizados\/\" \/>\n<meta property=\"og:site_name\" content=\"Per\u00fa\" \/>\n<meta property=\"article:modified_time\" content=\"2024-03-12T20:21:53+00:00\" \/>\n<meta property=\"og:image\" content=\"https:\/\/amirlatam.com\/pe\/wp-content\/uploads\/sites\/5\/2023\/09\/amir-favicon.png\" \/>\n\t<meta property=\"og:image:width\" content=\"720\" \/>\n\t<meta property=\"og:image:height\" content=\"720\" \/>\n\t<meta property=\"og:image:type\" content=\"image\/png\" \/>\n<meta name=\"twitter:card\" content=\"summary_large_image\" \/>\n<meta name=\"twitter:label1\" content=\"Precio\" \/>\n\t<meta name=\"twitter:data1\" content=\"\" \/>\n\t<meta name=\"twitter:label2\" content=\"Disponibilidad\" \/>\n\t<meta name=\"twitter:data2\" content=\"Disponible\" \/>\n<script type=\"application\/ld+json\" class=\"yoast-schema-graph\">{\"@context\":\"https:\/\/schema.org\",\"@graph\":[{\"@type\":\"WebPage\",\"@id\":\"https:\/\/amirlatam.com\/pe\/cursos\/pagos\/pagos-personalizados\/\",\"url\":\"https:\/\/amirlatam.com\/pe\/cursos\/pagos\/pagos-personalizados\/\",\"name\":\"Pagos Personalizados de Amir Per\u00fa: El plan para tu formaci\u00f3n\",\"isPartOf\":{\"@id\":\"https:\/\/amirlatam.com\/pe\/#website\"},\"primaryImageOfPage\":{\"@id\":\"https:\/\/amirlatam.com\/pe\/cursos\/pagos\/pagos-personalizados\/#primaryimage\"},\"image\":{\"@id\":\"https:\/\/amirlatam.com\/pe\/cursos\/pagos\/pagos-personalizados\/#primaryimage\"},\"thumbnailUrl\":\"https:\/\/amirlatam.com\/pe\/wp-content\/uploads\/sites\/5\/2023\/09\/amir-favicon.png\",\"datePublished\":\"2023-08-28T14:49:08+00:00\",\"dateModified\":\"2024-03-12T20:21:53+00:00\",\"description\":\"Descubre las opciones de pagos personalizados de Amir Per\u00fa. Adapta tu plan de pago para acceder a la formaci\u00f3n m\u00e9dica que necesitas \u00a1Accede ahora!\",\"breadcrumb\":{\"@id\":\"https:\/\/amirlatam.com\/pe\/cursos\/pagos\/pagos-personalizados\/#breadcrumb\"},\"inLanguage\":\"es\",\"potentialAction\":[{\"@type\":\"ReadAction\",\"target\":[\"https:\/\/amirlatam.com\/pe\/cursos\/pagos\/pagos-personalizados\/\"]}]},{\"@type\":\"ImageObject\",\"inLanguage\":\"es\",\"@id\":\"https:\/\/amirlatam.com\/pe\/cursos\/pagos\/pagos-personalizados\/#primaryimage\",\"url\":\"https:\/\/amirlatam.com\/pe\/wp-content\/uploads\/sites\/5\/2023\/09\/amir-favicon.png\",\"contentUrl\":\"https:\/\/amirlatam.com\/pe\/wp-content\/uploads\/sites\/5\/2023\/09\/amir-favicon.png\",\"width\":720,\"height\":720},{\"@type\":\"BreadcrumbList\",\"@id\":\"https:\/\/amirlatam.com\/pe\/cursos\/pagos\/pagos-personalizados\/#breadcrumb\",\"itemListElement\":[{\"@type\":\"ListItem\",\"position\":1,\"name\":\"Portada\",\"item\":\"https:\/\/amirlatam.com\/pe\/\"},{\"@type\":\"ListItem\",\"position\":2,\"name\":\"Tienda\",\"item\":\"https:\/\/amirlatam.com\/pe\/tienda\/\"},{\"@type\":\"ListItem\",\"position\":3,\"name\":\"Pagos personalizados de Amir Per\u00fa\"}]},{\"@type\":\"WebSite\",\"@id\":\"https:\/\/amirlatam.com\/pe\/#website\",\"url\":\"https:\/\/amirlatam.com\/pe\/\",\"name\":\"Per\u00fa\",\"description\":\"AMIR Latinoam\u00e9rica\",\"publisher\":{\"@id\":\"https:\/\/amirlatam.com\/pe\/#organization\"},\"potentialAction\":[{\"@type\":\"SearchAction\",\"target\":{\"@type\":\"EntryPoint\",\"urlTemplate\":\"https:\/\/amirlatam.com\/pe\/?s={search_term_string}\"},\"query-input\":{\"@type\":\"PropertyValueSpecification\",\"valueRequired\":true,\"valueName\":\"search_term_string\"}}],\"inLanguage\":\"es\"},{\"@type\":\"Organization\",\"@id\":\"https:\/\/amirlatam.com\/pe\/#organization\",\"name\":\"Per\u00fa\",\"url\":\"https:\/\/amirlatam.com\/pe\/\",\"logo\":{\"@type\":\"ImageObject\",\"inLanguage\":\"es\",\"@id\":\"https:\/\/amirlatam.com\/pe\/#\/schema\/logo\/image\/\",\"url\":\"https:\/\/amirlatam.com\/pe\/wp-content\/uploads\/sites\/5\/2023\/06\/Logo.png\",\"contentUrl\":\"https:\/\/amirlatam.com\/pe\/wp-content\/uploads\/sites\/5\/2023\/06\/Logo.png\",\"width\":676,\"height\":200,\"caption\":\"Per\u00fa\"},\"image\":{\"@id\":\"https:\/\/amirlatam.com\/pe\/#\/schema\/logo\/image\/\"}}]}<\/script>\n<meta property=\"product:price:currency\" content=\"PEN\" \/>\n<meta property=\"og:availability\" content=\"instock\" \/>\n<meta property=\"product:availability\" content=\"instock\" \/>\n<meta property=\"product:condition\" content=\"new\" \/>\n<!-- \/ Yoast SEO Premium plugin. -->","yoast_head_json":{"title":"Pagos Personalizados de Amir Per\u00fa: El plan para tu formaci\u00f3n","description":"Descubre las opciones de pagos personalizados de Amir Per\u00fa. Adapta tu plan de pago para acceder a la formaci\u00f3n m\u00e9dica que necesitas \u00a1Accede ahora!","robots":{"index":"index","follow":"follow","max-snippet":"max-snippet:-1","max-image-preview":"max-image-preview:large","max-video-preview":"max-video-preview:-1"},"canonical":"https:\/\/amirlatam.com\/pe\/cursos\/pagos\/pagos-personalizados\/","og_locale":"es_ES","og_type":"article","og_title":"Pagos personalizados de Amir Per\u00fa","og_description":"Descubre las opciones de pagos personalizados de Amir Per\u00fa. Adapta tu plan de pago para acceder a la formaci\u00f3n m\u00e9dica que necesitas \u00a1Accede ahora!","og_url":"https:\/\/amirlatam.com\/pe\/cursos\/pagos\/pagos-personalizados\/","og_site_name":"Per\u00fa","article_modified_time":"2024-03-12T20:21:53+00:00","og_image":[{"width":720,"height":720,"url":"https:\/\/amirlatam.com\/pe\/wp-content\/uploads\/sites\/5\/2023\/09\/amir-favicon.png","type":"image\/png"}],"twitter_card":"summary_large_image","twitter_misc":{"Precio":"","Disponibilidad":"Disponible"},"schema":{"@context":"https:\/\/schema.org","@graph":[{"@type":"WebPage","@id":"https:\/\/amirlatam.com\/pe\/cursos\/pagos\/pagos-personalizados\/","url":"https:\/\/amirlatam.com\/pe\/cursos\/pagos\/pagos-personalizados\/","name":"Pagos Personalizados de Amir Per\u00fa: El plan para tu formaci\u00f3n","isPartOf":{"@id":"https:\/\/amirlatam.com\/pe\/#website"},"primaryImageOfPage":{"@id":"https:\/\/amirlatam.com\/pe\/cursos\/pagos\/pagos-personalizados\/#primaryimage"},"image":{"@id":"https:\/\/amirlatam.com\/pe\/cursos\/pagos\/pagos-personalizados\/#primaryimage"},"thumbnailUrl":"https:\/\/amirlatam.com\/pe\/wp-content\/uploads\/sites\/5\/2023\/09\/amir-favicon.png","datePublished":"2023-08-28T14:49:08+00:00","dateModified":"2024-03-12T20:21:53+00:00","description":"Descubre las opciones de pagos personalizados de Amir Per\u00fa. Adapta tu plan de pago para acceder a la formaci\u00f3n m\u00e9dica que necesitas \u00a1Accede ahora!","breadcrumb":{"@id":"https:\/\/amirlatam.com\/pe\/cursos\/pagos\/pagos-personalizados\/#breadcrumb"},"inLanguage":"es","potentialAction":[{"@type":"ReadAction","target":["https:\/\/amirlatam.com\/pe\/cursos\/pagos\/pagos-personalizados\/"]}]},{"@type":"ImageObject","inLanguage":"es","@id":"https:\/\/amirlatam.com\/pe\/cursos\/pagos\/pagos-personalizados\/#primaryimage","url":"https:\/\/amirlatam.com\/pe\/wp-content\/uploads\/sites\/5\/2023\/09\/amir-favicon.png","contentUrl":"https:\/\/amirlatam.com\/pe\/wp-content\/uploads\/sites\/5\/2023\/09\/amir-favicon.png","width":720,"height":720},{"@type":"BreadcrumbList","@id":"https:\/\/amirlatam.com\/pe\/cursos\/pagos\/pagos-personalizados\/#breadcrumb","itemListElement":[{"@type":"ListItem","position":1,"name":"Portada","item":"https:\/\/amirlatam.com\/pe\/"},{"@type":"ListItem","position":2,"name":"Tienda","item":"https:\/\/amirlatam.com\/pe\/tienda\/"},{"@type":"ListItem","position":3,"name":"Pagos personalizados de Amir Per\u00fa"}]},{"@type":"WebSite","@id":"https:\/\/amirlatam.com\/pe\/#website","url":"https:\/\/amirlatam.com\/pe\/","name":"Per\u00fa","description":"AMIR Latinoam\u00e9rica","publisher":{"@id":"https:\/\/amirlatam.com\/pe\/#organization"},"potentialAction":[{"@type":"SearchAction","target":{"@type":"EntryPoint","urlTemplate":"https:\/\/amirlatam.com\/pe\/?s={search_term_string}"},"query-input":{"@type":"PropertyValueSpecification","valueRequired":true,"valueName":"search_term_string"}}],"inLanguage":"es"},{"@type":"Organization","@id":"https:\/\/amirlatam.com\/pe\/#organization","name":"Per\u00fa","url":"https:\/\/amirlatam.com\/pe\/","logo":{"@type":"ImageObject","inLanguage":"es","@id":"https:\/\/amirlatam.com\/pe\/#\/schema\/logo\/image\/","url":"https:\/\/amirlatam.com\/pe\/wp-content\/uploads\/sites\/5\/2023\/06\/Logo.png","contentUrl":"https:\/\/amirlatam.com\/pe\/wp-content\/uploads\/sites\/5\/2023\/06\/Logo.png","width":676,"height":200,"caption":"Per\u00fa"},"image":{"@id":"https:\/\/amirlatam.com\/pe\/#\/schema\/logo\/image\/"}}]},"product_price_currency":"PEN","og_availability":"instock","product_availability":"instock","product_condition":"new"},"_links":{"self":[{"href":"https:\/\/amirlatam.com\/pe\/wp-json\/wp\/v2\/product\/9999","targetHints":{"allow":["GET"]}}],"collection":[{"href":"https:\/\/amirlatam.com\/pe\/wp-json\/wp\/v2\/product"}],"about":[{"href":"https:\/\/amirlatam.com\/pe\/wp-json\/wp\/v2\/types\/product"}],"version-history":[{"count":3,"href":"https:\/\/amirlatam.com\/pe\/wp-json\/wp\/v2\/product\/9999\/revisions"}],"predecessor-version":[{"id":11084,"href":"https:\/\/amirlatam.com\/pe\/wp-json\/wp\/v2\/product\/9999\/revisions\/11084"}],"wp:featuredmedia":[{"embeddable":true,"href":"https:\/\/amirlatam.com\/pe\/wp-json\/wp\/v2\/media\/10000"}],"wp:attachment":[{"href":"https:\/\/amirlatam.com\/pe\/wp-json\/wp\/v2\/media?parent=9999"}],"wp:term":[{"taxonomy":"product_brand","embeddable":true,"href":"https:\/\/amirlatam.com\/pe\/wp-json\/wp\/v2\/product_brand?post=9999"},{"taxonomy":"product_cat","embeddable":true,"href":"https:\/\/amirlatam.com\/pe\/wp-json\/wp\/v2\/product_cat?post=9999"},{"taxonomy":"product_tag","embeddable":true,"href":"https:\/\/amirlatam.com\/pe\/wp-json\/wp\/v2\/product_tag?post=9999"}],"curies":[{"name":"wp","href":"https:\/\/api.w.org\/{rel}","templated":true}]}}