{"id":12610,"date":"2025-02-26T13:29:41","date_gmt":"2025-02-26T17:29:41","guid":{"rendered":"https:\/\/amirlatam.com\/pe\/?post_type=product&#038;p=12610"},"modified":"2025-12-11T12:58:32","modified_gmt":"2025-12-11T16:58:32","slug":"diplomado-en-pediatria-hospitalaria","status":"publish","type":"product","link":"https:\/\/amirlatam.com\/pe\/cursos\/medicina\/diplomados\/diplomado-en-pediatria-hospitalaria\/","title":{"rendered":"Diplomado en Pediatr\u00eda Hospitalaria"},"content":{"rendered":"<ul>\n<li>Conceptos b\u00e1sicos de pediatr\u00eda.<\/li>\n<li>Reci\u00e9n nacido normal.<\/li>\n<li>Lactante normal.<\/li>\n<li>Crecimiento y desarrollo.<\/li>\n<li>Alimentaci\u00f3n e inmunizaciones.<\/li>\n<li>Prematuros y reanimaci\u00f3n neonatal.<\/li>\n<li>S\u00edndrome de dificultad respiratoria.<\/li>\n<li>Infecciones del reci\u00e9n nacido.<\/li>\n<li>Enfermedad hemorr\u00e1gica del reci\u00e9n nacido.<\/li>\n<li>S\u00edndrome ict\u00e9rico neonatal.<\/li>\n<li>Urgencias quir\u00fargicas en el neonato.<\/li>\n<li>Orientaci\u00f3n diagn\u00f3stica de patolog\u00eda cromos\u00f3mica.<\/li>\n<li>Enfermedades diarreicas y diarrea cr\u00f3nica en el ni\u00f1o.<\/li>\n<li>S\u00edndrome demencial y par\u00e1sitos intestinales.<\/li>\n<li>Plan de estudios<\/li>\n<li>Malnutrici\u00f3n y trastornos de las vitaminas.<\/li>\n<li>Hipoglucemias y diagn\u00f3stico y<\/li>\n<li>Tratamiento de enfermedades por ac\u00famulo.<\/li>\n<li>Hipocrecimiento y patolog\u00eda de la tiroides.<\/li>\n<li>Anomal\u00edas de la pubertad.<\/li>\n<li>Aspectos pedi\u00e1tricos de bronconeumopat\u00edas agudas.<\/li>\n<li>Cardiolog\u00eda pedi\u00e1trica y anemia infantil.<\/li>\n<li>Patolog\u00eda hemorr\u00e1gica y patolog\u00eda oncol\u00f3gica pedi\u00e1trica.<\/li>\n<li>Infecciones urinarias, proteinuria y<\/li>\n<li>Hematuria en la infancia.<\/li>\n<li>Diagn\u00f3stico diferencial del s\u00edndrome de<\/li>\n<li>Lactante hipot\u00f3nico<\/li>\n<li>Orientaci\u00f3n diagn\u00f3stica y terap\u00e9utica de las convulsiones.<\/li>\n<li>S\u00edndrome men\u00edngeo y par\u00e1lisis cerebral infantil.<\/li>\n<li>Ni\u00f1o febril y enfermedades exantem\u00e1ticas<\/li>\n<li>Poliomielitis e infecciones por virus.<\/li>\n<li>Tuberculosis en el ni\u00f1o y tosferina.<\/li>\n<li>Infecciones tras un viaje internacional y salmonelosis.<\/li>\n<li>Trastornos emocionales y de la conducta.<\/li>\n<li>Trastorno del control de esf\u00ednteres y trastornos de ansiedad.<\/li>\n<li>Patolog\u00eda psiqui\u00e1trica y pediatr\u00eda social.<\/li>\n<li>Principales problemas de pediatr\u00eda social.<\/li>\n<li>Manejo de accidentes y cuidados paliativos.<\/li>\n<li>Dermatolog\u00eda pedi\u00e1trica y oftalmolog\u00eda pedi\u00e1trica.<\/li>\n<li>Afecciones en ginecolog\u00eda pedi\u00e1trica.<\/li>\n<li>Inmunolog\u00eda, salud dental y problemas traumatol\u00f3gicos m\u00e1s frecuentes<\/li>\n<\/ul>\n","protected":false},"excerpt":{"rendered":"<h2><strong>Haz crecer tu carrera como m\u00e9dico<\/strong><\/h2>\n<p><strong>AMIR <\/strong>desarrolla el <strong>Diplomado en Pediatr\u00eda Hospitalaria <\/strong>para proporcionarte una formaci\u00f3n acad\u00e9mica y pr\u00e1ctica avanzada en el campo de la pediatr\u00eda hospitalaria. El programa te actualiza y fortalece en conocimientos y habilidades de los profesionales de la salud que trabajan con pacientes pedi\u00e1tricos en entornos hospitalarios.<\/p>\n","protected":false},"featured_media":11056,"template":"","meta":{"_acf_changed":false},"product_brand":[],"product_cat":[59,88],"product_tag":[86],"class_list":{"0":"post-12610","1":"product","2":"type-product","3":"status-publish","4":"has-post-thumbnail","6":"product_cat-medicina","7":"product_cat-diplomados","8":"product_tag-venta","10":"first","11":"instock","12":"shipping-taxable","13":"purchasable","14":"product-type-simple"},"acf":[],"yoast_head":"<!-- This site is optimized with the Yoast SEO Premium plugin v26.8 (Yoast SEO v26.8) - https:\/\/yoast.com\/product\/yoast-seo-premium-wordpress\/ -->\n<title>M\u00e1ster en Medicina Deportiva: Eleva tus estudios con AMIR Per\u00fa<\/title>\n<meta name=\"description\" content=\"Prueba el M\u00e1ster en Medicina Deportiva y descubre nuestras t\u00e9cnicas avanzadas para formar parte del futuro de la medicina en el \u00e1rea del deporte.\" \/>\n<meta name=\"robots\" content=\"index, follow, max-snippet:-1, max-image-preview:large, max-video-preview:-1\" \/>\n<link rel=\"canonical\" href=\"https:\/\/amirlatam.com\/pe\/cursos\/medicina\/diplomados\/diplomado-en-pediatria-hospitalaria\/\" \/>\n<meta property=\"og:locale\" content=\"es_ES\" \/>\n<meta property=\"og:type\" content=\"article\" \/>\n<meta property=\"og:title\" content=\"Diplomado en Pediatr\u00eda Hospitalaria\" \/>\n<meta property=\"og:description\" content=\"Prueba el M\u00e1ster en Medicina Deportiva y descubre nuestras t\u00e9cnicas avanzadas para formar parte del futuro de la medicina en el \u00e1rea del deporte.\" \/>\n<meta property=\"og:url\" content=\"https:\/\/amirlatam.com\/pe\/cursos\/medicina\/diplomados\/diplomado-en-pediatria-hospitalaria\/\" \/>\n<meta property=\"og:site_name\" content=\"Per\u00fa\" \/>\n<meta property=\"article:modified_time\" content=\"2025-12-11T16:58:32+00:00\" \/>\n<meta property=\"og:image\" content=\"https:\/\/amirlatam.com\/pe\/wp-content\/uploads\/sites\/5\/2024\/03\/Actualizacion-en-Patologia-Respiratoria-Pediatrica-.png\" \/>\n\t<meta property=\"og:image:width\" content=\"800\" \/>\n\t<meta property=\"og:image:height\" content=\"450\" \/>\n\t<meta property=\"og:image:type\" content=\"image\/png\" \/>\n<meta name=\"twitter:card\" content=\"summary_large_image\" \/>\n<meta name=\"twitter:label1\" content=\"Precio\" \/>\n\t<meta name=\"twitter:data1\" content=\"S\/800.00\" \/>\n\t<meta name=\"twitter:label2\" content=\"Disponibilidad\" \/>\n\t<meta name=\"twitter:data2\" content=\"Disponible\" \/>\n<script type=\"application\/ld+json\" class=\"yoast-schema-graph\">{\"@context\":\"https:\/\/schema.org\",\"@graph\":[{\"@type\":\"WebPage\",\"@id\":\"https:\/\/amirlatam.com\/pe\/cursos\/medicina\/diplomados\/diplomado-en-pediatria-hospitalaria\/\",\"url\":\"https:\/\/amirlatam.com\/pe\/cursos\/medicina\/diplomados\/diplomado-en-pediatria-hospitalaria\/\",\"name\":\"M\u00e1ster en Medicina Deportiva: Eleva tus estudios con AMIR Per\u00fa\",\"isPartOf\":{\"@id\":\"https:\/\/amirlatam.com\/pe\/#website\"},\"primaryImageOfPage\":{\"@id\":\"https:\/\/amirlatam.com\/pe\/cursos\/medicina\/diplomados\/diplomado-en-pediatria-hospitalaria\/#primaryimage\"},\"image\":{\"@id\":\"https:\/\/amirlatam.com\/pe\/cursos\/medicina\/diplomados\/diplomado-en-pediatria-hospitalaria\/#primaryimage\"},\"thumbnailUrl\":\"https:\/\/amirlatam.com\/pe\/wp-content\/uploads\/sites\/5\/2024\/03\/Actualizacion-en-Patologia-Respiratoria-Pediatrica-.png\",\"datePublished\":\"2025-02-26T17:29:41+00:00\",\"dateModified\":\"2025-12-11T16:58:32+00:00\",\"description\":\"Prueba el M\u00e1ster en Medicina Deportiva y descubre nuestras t\u00e9cnicas avanzadas para formar parte del futuro de la medicina en el \u00e1rea del deporte.\",\"breadcrumb\":{\"@id\":\"https:\/\/amirlatam.com\/pe\/cursos\/medicina\/diplomados\/diplomado-en-pediatria-hospitalaria\/#breadcrumb\"},\"inLanguage\":\"es\",\"potentialAction\":[{\"@type\":\"ReadAction\",\"target\":[\"https:\/\/amirlatam.com\/pe\/cursos\/medicina\/diplomados\/diplomado-en-pediatria-hospitalaria\/\"]}]},{\"@type\":\"ImageObject\",\"inLanguage\":\"es\",\"@id\":\"https:\/\/amirlatam.com\/pe\/cursos\/medicina\/diplomados\/diplomado-en-pediatria-hospitalaria\/#primaryimage\",\"url\":\"https:\/\/amirlatam.com\/pe\/wp-content\/uploads\/sites\/5\/2024\/03\/Actualizacion-en-Patologia-Respiratoria-Pediatrica-.png\",\"contentUrl\":\"https:\/\/amirlatam.com\/pe\/wp-content\/uploads\/sites\/5\/2024\/03\/Actualizacion-en-Patologia-Respiratoria-Pediatrica-.png\",\"width\":800,\"height\":450,\"caption\":\"patologia respiratoria pediatrica\"},{\"@type\":\"BreadcrumbList\",\"@id\":\"https:\/\/amirlatam.com\/pe\/cursos\/medicina\/diplomados\/diplomado-en-pediatria-hospitalaria\/#breadcrumb\",\"itemListElement\":[{\"@type\":\"ListItem\",\"position\":1,\"name\":\"Portada\",\"item\":\"https:\/\/amirlatam.com\/pe\/\"},{\"@type\":\"ListItem\",\"position\":2,\"name\":\"Tienda\",\"item\":\"https:\/\/amirlatam.com\/pe\/tienda\/\"},{\"@type\":\"ListItem\",\"position\":3,\"name\":\"Diplomado en Pediatr\u00eda Hospitalaria\"}]},{\"@type\":\"WebSite\",\"@id\":\"https:\/\/amirlatam.com\/pe\/#website\",\"url\":\"https:\/\/amirlatam.com\/pe\/\",\"name\":\"Per\u00fa\",\"description\":\"AMIR Latinoam\u00e9rica\",\"publisher\":{\"@id\":\"https:\/\/amirlatam.com\/pe\/#organization\"},\"potentialAction\":[{\"@type\":\"SearchAction\",\"target\":{\"@type\":\"EntryPoint\",\"urlTemplate\":\"https:\/\/amirlatam.com\/pe\/?s={search_term_string}\"},\"query-input\":{\"@type\":\"PropertyValueSpecification\",\"valueRequired\":true,\"valueName\":\"search_term_string\"}}],\"inLanguage\":\"es\"},{\"@type\":\"Organization\",\"@id\":\"https:\/\/amirlatam.com\/pe\/#organization\",\"name\":\"Per\u00fa\",\"url\":\"https:\/\/amirlatam.com\/pe\/\",\"logo\":{\"@type\":\"ImageObject\",\"inLanguage\":\"es\",\"@id\":\"https:\/\/amirlatam.com\/pe\/#\/schema\/logo\/image\/\",\"url\":\"https:\/\/amirlatam.com\/pe\/wp-content\/uploads\/sites\/5\/2023\/06\/Logo.png\",\"contentUrl\":\"https:\/\/amirlatam.com\/pe\/wp-content\/uploads\/sites\/5\/2023\/06\/Logo.png\",\"width\":676,\"height\":200,\"caption\":\"Per\u00fa\"},\"image\":{\"@id\":\"https:\/\/amirlatam.com\/pe\/#\/schema\/logo\/image\/\"}}]}<\/script>\n<meta property=\"product:price:amount\" content=\"800.00\" \/>\n<meta property=\"product:price:currency\" content=\"PEN\" \/>\n<meta property=\"og:availability\" content=\"instock\" \/>\n<meta property=\"product:availability\" content=\"instock\" \/>\n<meta property=\"product:condition\" content=\"new\" \/>\n<!-- \/ Yoast SEO Premium plugin. -->","yoast_head_json":{"title":"M\u00e1ster en Medicina Deportiva: Eleva tus estudios con AMIR Per\u00fa","description":"Prueba el M\u00e1ster en Medicina Deportiva y descubre nuestras t\u00e9cnicas avanzadas para formar parte del futuro de la medicina en el \u00e1rea del deporte.","robots":{"index":"index","follow":"follow","max-snippet":"max-snippet:-1","max-image-preview":"max-image-preview:large","max-video-preview":"max-video-preview:-1"},"canonical":"https:\/\/amirlatam.com\/pe\/cursos\/medicina\/diplomados\/diplomado-en-pediatria-hospitalaria\/","og_locale":"es_ES","og_type":"article","og_title":"Diplomado en Pediatr\u00eda Hospitalaria","og_description":"Prueba el M\u00e1ster en Medicina Deportiva y descubre nuestras t\u00e9cnicas avanzadas para formar parte del futuro de la medicina en el \u00e1rea del deporte.","og_url":"https:\/\/amirlatam.com\/pe\/cursos\/medicina\/diplomados\/diplomado-en-pediatria-hospitalaria\/","og_site_name":"Per\u00fa","article_modified_time":"2025-12-11T16:58:32+00:00","og_image":[{"width":800,"height":450,"url":"https:\/\/amirlatam.com\/pe\/wp-content\/uploads\/sites\/5\/2024\/03\/Actualizacion-en-Patologia-Respiratoria-Pediatrica-.png","type":"image\/png"}],"twitter_card":"summary_large_image","twitter_misc":{"Precio":"S\/800.00","Disponibilidad":"Disponible"},"schema":{"@context":"https:\/\/schema.org","@graph":[{"@type":"WebPage","@id":"https:\/\/amirlatam.com\/pe\/cursos\/medicina\/diplomados\/diplomado-en-pediatria-hospitalaria\/","url":"https:\/\/amirlatam.com\/pe\/cursos\/medicina\/diplomados\/diplomado-en-pediatria-hospitalaria\/","name":"M\u00e1ster en Medicina Deportiva: Eleva tus estudios con AMIR Per\u00fa","isPartOf":{"@id":"https:\/\/amirlatam.com\/pe\/#website"},"primaryImageOfPage":{"@id":"https:\/\/amirlatam.com\/pe\/cursos\/medicina\/diplomados\/diplomado-en-pediatria-hospitalaria\/#primaryimage"},"image":{"@id":"https:\/\/amirlatam.com\/pe\/cursos\/medicina\/diplomados\/diplomado-en-pediatria-hospitalaria\/#primaryimage"},"thumbnailUrl":"https:\/\/amirlatam.com\/pe\/wp-content\/uploads\/sites\/5\/2024\/03\/Actualizacion-en-Patologia-Respiratoria-Pediatrica-.png","datePublished":"2025-02-26T17:29:41+00:00","dateModified":"2025-12-11T16:58:32+00:00","description":"Prueba el M\u00e1ster en Medicina Deportiva y descubre nuestras t\u00e9cnicas avanzadas para formar parte del futuro de la medicina en el \u00e1rea del deporte.","breadcrumb":{"@id":"https:\/\/amirlatam.com\/pe\/cursos\/medicina\/diplomados\/diplomado-en-pediatria-hospitalaria\/#breadcrumb"},"inLanguage":"es","potentialAction":[{"@type":"ReadAction","target":["https:\/\/amirlatam.com\/pe\/cursos\/medicina\/diplomados\/diplomado-en-pediatria-hospitalaria\/"]}]},{"@type":"ImageObject","inLanguage":"es","@id":"https:\/\/amirlatam.com\/pe\/cursos\/medicina\/diplomados\/diplomado-en-pediatria-hospitalaria\/#primaryimage","url":"https:\/\/amirlatam.com\/pe\/wp-content\/uploads\/sites\/5\/2024\/03\/Actualizacion-en-Patologia-Respiratoria-Pediatrica-.png","contentUrl":"https:\/\/amirlatam.com\/pe\/wp-content\/uploads\/sites\/5\/2024\/03\/Actualizacion-en-Patologia-Respiratoria-Pediatrica-.png","width":800,"height":450,"caption":"patologia respiratoria pediatrica"},{"@type":"BreadcrumbList","@id":"https:\/\/amirlatam.com\/pe\/cursos\/medicina\/diplomados\/diplomado-en-pediatria-hospitalaria\/#breadcrumb","itemListElement":[{"@type":"ListItem","position":1,"name":"Portada","item":"https:\/\/amirlatam.com\/pe\/"},{"@type":"ListItem","position":2,"name":"Tienda","item":"https:\/\/amirlatam.com\/pe\/tienda\/"},{"@type":"ListItem","position":3,"name":"Diplomado en Pediatr\u00eda Hospitalaria"}]},{"@type":"WebSite","@id":"https:\/\/amirlatam.com\/pe\/#website","url":"https:\/\/amirlatam.com\/pe\/","name":"Per\u00fa","description":"AMIR Latinoam\u00e9rica","publisher":{"@id":"https:\/\/amirlatam.com\/pe\/#organization"},"potentialAction":[{"@type":"SearchAction","target":{"@type":"EntryPoint","urlTemplate":"https:\/\/amirlatam.com\/pe\/?s={search_term_string}"},"query-input":{"@type":"PropertyValueSpecification","valueRequired":true,"valueName":"search_term_string"}}],"inLanguage":"es"},{"@type":"Organization","@id":"https:\/\/amirlatam.com\/pe\/#organization","name":"Per\u00fa","url":"https:\/\/amirlatam.com\/pe\/","logo":{"@type":"ImageObject","inLanguage":"es","@id":"https:\/\/amirlatam.com\/pe\/#\/schema\/logo\/image\/","url":"https:\/\/amirlatam.com\/pe\/wp-content\/uploads\/sites\/5\/2023\/06\/Logo.png","contentUrl":"https:\/\/amirlatam.com\/pe\/wp-content\/uploads\/sites\/5\/2023\/06\/Logo.png","width":676,"height":200,"caption":"Per\u00fa"},"image":{"@id":"https:\/\/amirlatam.com\/pe\/#\/schema\/logo\/image\/"}}]},"product_price_amount":"800.00","product_price_currency":"PEN","og_availability":"instock","product_availability":"instock","product_condition":"new"},"_links":{"self":[{"href":"https:\/\/amirlatam.com\/pe\/wp-json\/wp\/v2\/product\/12610","targetHints":{"allow":["GET"]}}],"collection":[{"href":"https:\/\/amirlatam.com\/pe\/wp-json\/wp\/v2\/product"}],"about":[{"href":"https:\/\/amirlatam.com\/pe\/wp-json\/wp\/v2\/types\/product"}],"version-history":[{"count":1,"href":"https:\/\/amirlatam.com\/pe\/wp-json\/wp\/v2\/product\/12610\/revisions"}],"predecessor-version":[{"id":12612,"href":"https:\/\/amirlatam.com\/pe\/wp-json\/wp\/v2\/product\/12610\/revisions\/12612"}],"wp:featuredmedia":[{"embeddable":true,"href":"https:\/\/amirlatam.com\/pe\/wp-json\/wp\/v2\/media\/11056"}],"wp:attachment":[{"href":"https:\/\/amirlatam.com\/pe\/wp-json\/wp\/v2\/media?parent=12610"}],"wp:term":[{"taxonomy":"product_brand","embeddable":true,"href":"https:\/\/amirlatam.com\/pe\/wp-json\/wp\/v2\/product_brand?post=12610"},{"taxonomy":"product_cat","embeddable":true,"href":"https:\/\/amirlatam.com\/pe\/wp-json\/wp\/v2\/product_cat?post=12610"},{"taxonomy":"product_tag","embeddable":true,"href":"https:\/\/amirlatam.com\/pe\/wp-json\/wp\/v2\/product_tag?post=12610"}],"curies":[{"name":"wp","href":"https:\/\/api.w.org\/{rel}","templated":true}]}}