{"id":12598,"date":"2025-02-26T12:54:14","date_gmt":"2025-02-26T16:54:14","guid":{"rendered":"https:\/\/amirlatam.com\/pe\/?post_type=product&#038;p=12598"},"modified":"2025-12-11T12:57:25","modified_gmt":"2025-12-11T16:57:25","slug":"diplomado-en-enfermedades-infecciosas","status":"publish","type":"product","link":"https:\/\/amirlatam.com\/pe\/cursos\/medicina\/diplomados\/diplomado-en-enfermedades-infecciosas\/","title":{"rendered":"Diplomado en Enfermedades Infecciosas"},"content":{"rendered":"<ol>\n<li>M\u00f3dulo 1: Microbiolog\u00eda.<\/li>\n<li>M\u00f3dulo 2: Antibi\u00f3tico terapia.<\/li>\n<li>M\u00f3dulo 3: Infecciones dermatol\u00f3gicas.<\/li>\n<li>M\u00f3dulo 4: S\u00edndromes cl\u00ednicos.<\/li>\n<li>M\u00f3dulo 5: Infecci\u00f3n por el virus de la Inmunodeficiencia humana.<\/li>\n<li>M\u00f3dulo 6: Tuberculosis y otras micobacterias.<\/li>\n<li>M\u00f3dulo 7: Infecciones y poblaciones especiales.<\/li>\n<li>M\u00f3dulo 8: Infecciones en pediatr\u00eda.<\/li>\n<li>M\u00f3dulo 9: Infecciones en el medio ambiente nosocomial.<\/li>\n<li>M\u00f3dulo 10: Infecciones en inmunodeprimidos.<\/li>\n<li>M\u00f3dulo 11: Infecciones parasitarias.<\/li>\n<li>M\u00f3dulo 12: Carvovirosis.<\/li>\n<li>M\u00f3dulo 13: Medicina del viajero.<\/li>\n<li>M\u00f3dulo 14: Medidas preventivas.<\/li>\n<\/ol>\n","protected":false},"excerpt":{"rendered":"<h2><strong>Haz crecer tu carrera como m\u00e9dico<\/strong><\/h2>\n<p>Formarte en nuestro<strong> Diplomado Internacional en Enfermedades Infecciosas<\/strong>, el objetivo de este diplomado es proporcionarte una formaci\u00f3n especializada y actualizada en el campo de las enfermedades infecciosas. A trav\u00e9s de los diferentes m\u00f3dulos, el curso se enfocar\u00e1 en aprender sobre la prevenci\u00f3n y control de infecciones en el entorno de la salud.<\/p>\n","protected":false},"featured_media":10626,"template":"","meta":{"_acf_changed":false},"product_brand":[],"product_cat":[59,88],"product_tag":[86],"class_list":{"0":"post-12598","1":"product","2":"type-product","3":"status-publish","4":"has-post-thumbnail","6":"product_cat-medicina","7":"product_cat-diplomados","8":"product_tag-venta","10":"first","11":"instock","12":"shipping-taxable","13":"purchasable","14":"product-type-simple"},"acf":[],"yoast_head":"<!-- This site is optimized with the Yoast SEO Premium plugin v26.8 (Yoast SEO v26.8) - https:\/\/yoast.com\/product\/yoast-seo-premium-wordpress\/ -->\n<title>M\u00e1ster en Medicina Deportiva: Eleva tus estudios con AMIR Per\u00fa<\/title>\n<meta name=\"description\" content=\"Prueba el M\u00e1ster en Medicina Deportiva y descubre nuestras t\u00e9cnicas avanzadas para formar parte del futuro de la medicina en el \u00e1rea del deporte.\" \/>\n<meta name=\"robots\" content=\"index, follow, max-snippet:-1, max-image-preview:large, max-video-preview:-1\" \/>\n<link rel=\"canonical\" href=\"https:\/\/amirlatam.com\/pe\/cursos\/medicina\/diplomados\/diplomado-en-enfermedades-infecciosas\/\" \/>\n<meta property=\"og:locale\" content=\"es_ES\" \/>\n<meta property=\"og:type\" content=\"article\" \/>\n<meta property=\"og:title\" content=\"Diplomado en Enfermedades Infecciosas\" \/>\n<meta property=\"og:description\" content=\"Prueba el M\u00e1ster en Medicina Deportiva y descubre nuestras t\u00e9cnicas avanzadas para formar parte del futuro de la medicina en el \u00e1rea del deporte.\" \/>\n<meta property=\"og:url\" content=\"https:\/\/amirlatam.com\/pe\/cursos\/medicina\/diplomados\/diplomado-en-enfermedades-infecciosas\/\" \/>\n<meta property=\"og:site_name\" content=\"Per\u00fa\" \/>\n<meta property=\"article:modified_time\" content=\"2025-12-11T16:57:25+00:00\" \/>\n<meta property=\"og:image\" content=\"https:\/\/amirlatam.com\/pe\/wp-content\/uploads\/sites\/5\/2024\/01\/doctor-special-equipment-getting-ready-vaccinate-patient-scaled.jpg\" \/>\n\t<meta property=\"og:image:width\" content=\"2560\" \/>\n\t<meta property=\"og:image:height\" content=\"1707\" \/>\n\t<meta property=\"og:image:type\" content=\"image\/jpeg\" \/>\n<meta name=\"twitter:card\" content=\"summary_large_image\" \/>\n<meta name=\"twitter:label1\" content=\"Precio\" \/>\n\t<meta name=\"twitter:data1\" content=\"S\/800.00\" \/>\n\t<meta name=\"twitter:label2\" content=\"Disponibilidad\" \/>\n\t<meta name=\"twitter:data2\" content=\"Disponible\" \/>\n<script type=\"application\/ld+json\" class=\"yoast-schema-graph\">{\"@context\":\"https:\/\/schema.org\",\"@graph\":[{\"@type\":\"WebPage\",\"@id\":\"https:\/\/amirlatam.com\/pe\/cursos\/medicina\/diplomados\/diplomado-en-enfermedades-infecciosas\/\",\"url\":\"https:\/\/amirlatam.com\/pe\/cursos\/medicina\/diplomados\/diplomado-en-enfermedades-infecciosas\/\",\"name\":\"M\u00e1ster en Medicina Deportiva: Eleva tus estudios con AMIR Per\u00fa\",\"isPartOf\":{\"@id\":\"https:\/\/amirlatam.com\/pe\/#website\"},\"primaryImageOfPage\":{\"@id\":\"https:\/\/amirlatam.com\/pe\/cursos\/medicina\/diplomados\/diplomado-en-enfermedades-infecciosas\/#primaryimage\"},\"image\":{\"@id\":\"https:\/\/amirlatam.com\/pe\/cursos\/medicina\/diplomados\/diplomado-en-enfermedades-infecciosas\/#primaryimage\"},\"thumbnailUrl\":\"https:\/\/amirlatam.com\/pe\/wp-content\/uploads\/sites\/5\/2024\/01\/doctor-special-equipment-getting-ready-vaccinate-patient-scaled.jpg\",\"datePublished\":\"2025-02-26T16:54:14+00:00\",\"dateModified\":\"2025-12-11T16:57:25+00:00\",\"description\":\"Prueba el M\u00e1ster en Medicina Deportiva y descubre nuestras t\u00e9cnicas avanzadas para formar parte del futuro de la medicina en el \u00e1rea del deporte.\",\"breadcrumb\":{\"@id\":\"https:\/\/amirlatam.com\/pe\/cursos\/medicina\/diplomados\/diplomado-en-enfermedades-infecciosas\/#breadcrumb\"},\"inLanguage\":\"es\",\"potentialAction\":[{\"@type\":\"ReadAction\",\"target\":[\"https:\/\/amirlatam.com\/pe\/cursos\/medicina\/diplomados\/diplomado-en-enfermedades-infecciosas\/\"]}]},{\"@type\":\"ImageObject\",\"inLanguage\":\"es\",\"@id\":\"https:\/\/amirlatam.com\/pe\/cursos\/medicina\/diplomados\/diplomado-en-enfermedades-infecciosas\/#primaryimage\",\"url\":\"https:\/\/amirlatam.com\/pe\/wp-content\/uploads\/sites\/5\/2024\/01\/doctor-special-equipment-getting-ready-vaccinate-patient-scaled.jpg\",\"contentUrl\":\"https:\/\/amirlatam.com\/pe\/wp-content\/uploads\/sites\/5\/2024\/01\/doctor-special-equipment-getting-ready-vaccinate-patient-scaled.jpg\",\"width\":2560,\"height\":1707},{\"@type\":\"BreadcrumbList\",\"@id\":\"https:\/\/amirlatam.com\/pe\/cursos\/medicina\/diplomados\/diplomado-en-enfermedades-infecciosas\/#breadcrumb\",\"itemListElement\":[{\"@type\":\"ListItem\",\"position\":1,\"name\":\"Portada\",\"item\":\"https:\/\/amirlatam.com\/pe\/\"},{\"@type\":\"ListItem\",\"position\":2,\"name\":\"Tienda\",\"item\":\"https:\/\/amirlatam.com\/pe\/tienda\/\"},{\"@type\":\"ListItem\",\"position\":3,\"name\":\"Diplomado en Enfermedades Infecciosas\"}]},{\"@type\":\"WebSite\",\"@id\":\"https:\/\/amirlatam.com\/pe\/#website\",\"url\":\"https:\/\/amirlatam.com\/pe\/\",\"name\":\"Per\u00fa\",\"description\":\"AMIR Latinoam\u00e9rica\",\"publisher\":{\"@id\":\"https:\/\/amirlatam.com\/pe\/#organization\"},\"potentialAction\":[{\"@type\":\"SearchAction\",\"target\":{\"@type\":\"EntryPoint\",\"urlTemplate\":\"https:\/\/amirlatam.com\/pe\/?s={search_term_string}\"},\"query-input\":{\"@type\":\"PropertyValueSpecification\",\"valueRequired\":true,\"valueName\":\"search_term_string\"}}],\"inLanguage\":\"es\"},{\"@type\":\"Organization\",\"@id\":\"https:\/\/amirlatam.com\/pe\/#organization\",\"name\":\"Per\u00fa\",\"url\":\"https:\/\/amirlatam.com\/pe\/\",\"logo\":{\"@type\":\"ImageObject\",\"inLanguage\":\"es\",\"@id\":\"https:\/\/amirlatam.com\/pe\/#\/schema\/logo\/image\/\",\"url\":\"https:\/\/amirlatam.com\/pe\/wp-content\/uploads\/sites\/5\/2023\/06\/Logo.png\",\"contentUrl\":\"https:\/\/amirlatam.com\/pe\/wp-content\/uploads\/sites\/5\/2023\/06\/Logo.png\",\"width\":676,\"height\":200,\"caption\":\"Per\u00fa\"},\"image\":{\"@id\":\"https:\/\/amirlatam.com\/pe\/#\/schema\/logo\/image\/\"}}]}<\/script>\n<meta property=\"product:price:amount\" content=\"800.00\" \/>\n<meta property=\"product:price:currency\" content=\"PEN\" \/>\n<meta property=\"og:availability\" content=\"instock\" \/>\n<meta property=\"product:availability\" content=\"instock\" \/>\n<meta property=\"product:condition\" content=\"new\" \/>\n<!-- \/ Yoast SEO Premium plugin. -->","yoast_head_json":{"title":"M\u00e1ster en Medicina Deportiva: Eleva tus estudios con AMIR Per\u00fa","description":"Prueba el M\u00e1ster en Medicina Deportiva y descubre nuestras t\u00e9cnicas avanzadas para formar parte del futuro de la medicina en el \u00e1rea del deporte.","robots":{"index":"index","follow":"follow","max-snippet":"max-snippet:-1","max-image-preview":"max-image-preview:large","max-video-preview":"max-video-preview:-1"},"canonical":"https:\/\/amirlatam.com\/pe\/cursos\/medicina\/diplomados\/diplomado-en-enfermedades-infecciosas\/","og_locale":"es_ES","og_type":"article","og_title":"Diplomado en Enfermedades Infecciosas","og_description":"Prueba el M\u00e1ster en Medicina Deportiva y descubre nuestras t\u00e9cnicas avanzadas para formar parte del futuro de la medicina en el \u00e1rea del deporte.","og_url":"https:\/\/amirlatam.com\/pe\/cursos\/medicina\/diplomados\/diplomado-en-enfermedades-infecciosas\/","og_site_name":"Per\u00fa","article_modified_time":"2025-12-11T16:57:25+00:00","og_image":[{"width":2560,"height":1707,"url":"https:\/\/amirlatam.com\/pe\/wp-content\/uploads\/sites\/5\/2024\/01\/doctor-special-equipment-getting-ready-vaccinate-patient-scaled.jpg","type":"image\/jpeg"}],"twitter_card":"summary_large_image","twitter_misc":{"Precio":"S\/800.00","Disponibilidad":"Disponible"},"schema":{"@context":"https:\/\/schema.org","@graph":[{"@type":"WebPage","@id":"https:\/\/amirlatam.com\/pe\/cursos\/medicina\/diplomados\/diplomado-en-enfermedades-infecciosas\/","url":"https:\/\/amirlatam.com\/pe\/cursos\/medicina\/diplomados\/diplomado-en-enfermedades-infecciosas\/","name":"M\u00e1ster en Medicina Deportiva: Eleva tus estudios con AMIR Per\u00fa","isPartOf":{"@id":"https:\/\/amirlatam.com\/pe\/#website"},"primaryImageOfPage":{"@id":"https:\/\/amirlatam.com\/pe\/cursos\/medicina\/diplomados\/diplomado-en-enfermedades-infecciosas\/#primaryimage"},"image":{"@id":"https:\/\/amirlatam.com\/pe\/cursos\/medicina\/diplomados\/diplomado-en-enfermedades-infecciosas\/#primaryimage"},"thumbnailUrl":"https:\/\/amirlatam.com\/pe\/wp-content\/uploads\/sites\/5\/2024\/01\/doctor-special-equipment-getting-ready-vaccinate-patient-scaled.jpg","datePublished":"2025-02-26T16:54:14+00:00","dateModified":"2025-12-11T16:57:25+00:00","description":"Prueba el M\u00e1ster en Medicina Deportiva y descubre nuestras t\u00e9cnicas avanzadas para formar parte del futuro de la medicina en el \u00e1rea del deporte.","breadcrumb":{"@id":"https:\/\/amirlatam.com\/pe\/cursos\/medicina\/diplomados\/diplomado-en-enfermedades-infecciosas\/#breadcrumb"},"inLanguage":"es","potentialAction":[{"@type":"ReadAction","target":["https:\/\/amirlatam.com\/pe\/cursos\/medicina\/diplomados\/diplomado-en-enfermedades-infecciosas\/"]}]},{"@type":"ImageObject","inLanguage":"es","@id":"https:\/\/amirlatam.com\/pe\/cursos\/medicina\/diplomados\/diplomado-en-enfermedades-infecciosas\/#primaryimage","url":"https:\/\/amirlatam.com\/pe\/wp-content\/uploads\/sites\/5\/2024\/01\/doctor-special-equipment-getting-ready-vaccinate-patient-scaled.jpg","contentUrl":"https:\/\/amirlatam.com\/pe\/wp-content\/uploads\/sites\/5\/2024\/01\/doctor-special-equipment-getting-ready-vaccinate-patient-scaled.jpg","width":2560,"height":1707},{"@type":"BreadcrumbList","@id":"https:\/\/amirlatam.com\/pe\/cursos\/medicina\/diplomados\/diplomado-en-enfermedades-infecciosas\/#breadcrumb","itemListElement":[{"@type":"ListItem","position":1,"name":"Portada","item":"https:\/\/amirlatam.com\/pe\/"},{"@type":"ListItem","position":2,"name":"Tienda","item":"https:\/\/amirlatam.com\/pe\/tienda\/"},{"@type":"ListItem","position":3,"name":"Diplomado en Enfermedades Infecciosas"}]},{"@type":"WebSite","@id":"https:\/\/amirlatam.com\/pe\/#website","url":"https:\/\/amirlatam.com\/pe\/","name":"Per\u00fa","description":"AMIR Latinoam\u00e9rica","publisher":{"@id":"https:\/\/amirlatam.com\/pe\/#organization"},"potentialAction":[{"@type":"SearchAction","target":{"@type":"EntryPoint","urlTemplate":"https:\/\/amirlatam.com\/pe\/?s={search_term_string}"},"query-input":{"@type":"PropertyValueSpecification","valueRequired":true,"valueName":"search_term_string"}}],"inLanguage":"es"},{"@type":"Organization","@id":"https:\/\/amirlatam.com\/pe\/#organization","name":"Per\u00fa","url":"https:\/\/amirlatam.com\/pe\/","logo":{"@type":"ImageObject","inLanguage":"es","@id":"https:\/\/amirlatam.com\/pe\/#\/schema\/logo\/image\/","url":"https:\/\/amirlatam.com\/pe\/wp-content\/uploads\/sites\/5\/2023\/06\/Logo.png","contentUrl":"https:\/\/amirlatam.com\/pe\/wp-content\/uploads\/sites\/5\/2023\/06\/Logo.png","width":676,"height":200,"caption":"Per\u00fa"},"image":{"@id":"https:\/\/amirlatam.com\/pe\/#\/schema\/logo\/image\/"}}]},"product_price_amount":"800.00","product_price_currency":"PEN","og_availability":"instock","product_availability":"instock","product_condition":"new"},"_links":{"self":[{"href":"https:\/\/amirlatam.com\/pe\/wp-json\/wp\/v2\/product\/12598","targetHints":{"allow":["GET"]}}],"collection":[{"href":"https:\/\/amirlatam.com\/pe\/wp-json\/wp\/v2\/product"}],"about":[{"href":"https:\/\/amirlatam.com\/pe\/wp-json\/wp\/v2\/types\/product"}],"version-history":[{"count":3,"href":"https:\/\/amirlatam.com\/pe\/wp-json\/wp\/v2\/product\/12598\/revisions"}],"predecessor-version":[{"id":12602,"href":"https:\/\/amirlatam.com\/pe\/wp-json\/wp\/v2\/product\/12598\/revisions\/12602"}],"wp:featuredmedia":[{"embeddable":true,"href":"https:\/\/amirlatam.com\/pe\/wp-json\/wp\/v2\/media\/10626"}],"wp:attachment":[{"href":"https:\/\/amirlatam.com\/pe\/wp-json\/wp\/v2\/media?parent=12598"}],"wp:term":[{"taxonomy":"product_brand","embeddable":true,"href":"https:\/\/amirlatam.com\/pe\/wp-json\/wp\/v2\/product_brand?post=12598"},{"taxonomy":"product_cat","embeddable":true,"href":"https:\/\/amirlatam.com\/pe\/wp-json\/wp\/v2\/product_cat?post=12598"},{"taxonomy":"product_tag","embeddable":true,"href":"https:\/\/amirlatam.com\/pe\/wp-json\/wp\/v2\/product_tag?post=12598"}],"curies":[{"name":"wp","href":"https:\/\/api.w.org\/{rel}","templated":true}]}}