{"id":10141,"date":"2023-11-23T16:46:40","date_gmt":"2023-11-23T20:46:40","guid":{"rendered":"https:\/\/amirlatam.com\/pe\/?post_type=product&#038;p=10141"},"modified":"2025-12-11T12:59:05","modified_gmt":"2025-12-11T16:59:05","slug":"homologaciones","status":"publish","type":"product","link":"https:\/\/amirlatam.com\/pe\/cursos\/medicina\/homologaciones\/","title":{"rendered":"Homologaciones | Amir Per\u00fa"},"content":{"rendered":"","protected":false},"excerpt":{"rendered":"<h1><b>Homologaci\u00f3n MIR<\/b><span style=\"font-weight: 400;\"> en Per\u00fa con <\/span><b>AMIR<\/b><span style=\"font-weight: 400;\">: Tu Camino hacia el \u00c9xito M\u00e9dico en Espa\u00f1a<\/span><\/h1>\n<p><span style=\"font-weight: 400;\">La homologaci\u00f3n de t\u00edtulo de medicina es un requisito fundamental para los no comunitarios que aspiran al <\/span><b>Examen MIR<\/b><span style=\"font-weight: 400;\"> en Espa\u00f1a. Desde 2010, en Per\u00fa, la homologaci\u00f3n debe estar completa al inscribirse en el examen, un proceso que puede extenderse hasta dos a\u00f1os debido a evaluaciones adicionales desde 2014. En <\/span><b>AMIR Per\u00fa<\/b><span style=\"font-weight: 400;\">, estamos comprometidos a ofrecerte el respaldo necesario para realizar con \u00e9xito la homologaci\u00f3n, prepar\u00e1ndote para enfrentar con confianza el desafiante Examen MIR. Inicia tu proceso de homologaci\u00f3n cuanto antes para asegurar que cumplas con los plazos de inscripci\u00f3n. \u00a1Conf\u00eda en nosotros para impulsar tu camino hacia el \u00e9xito m\u00e9dico en Espa\u00f1a!<\/span><\/p>\n","protected":false},"featured_media":1604,"template":"","meta":{"_acf_changed":false},"product_brand":[],"product_cat":[59],"product_tag":[62],"class_list":{"0":"post-10141","1":"product","2":"type-product","3":"status-publish","4":"has-post-thumbnail","6":"product_cat-medicina","7":"product_tag-homologaciones","9":"first","10":"instock","11":"shipping-taxable","12":"product-type-simple"},"acf":[],"yoast_head":"<!-- This site is optimized with the Yoast SEO Premium plugin v26.8 (Yoast SEO v26.8) - https:\/\/yoast.com\/product\/yoast-seo-premium-wordpress\/ -->\n<title>Homologaciones M\u00e9dicas: Avanza en tu carrera con AMIR Per\u00fa<\/title>\n<meta name=\"description\" content=\"Facilitamos el proceso de homologaciones m\u00e9dicas. Descubre c\u00f3mo avanzar en tu carrera gracias al apoyo de Amir Per\u00fa \u00a1Impulsa tu carrera con nosotros!\" \/>\n<meta name=\"robots\" content=\"index, follow, max-snippet:-1, max-image-preview:large, max-video-preview:-1\" \/>\n<link rel=\"canonical\" href=\"https:\/\/amirlatam.com\/pe\/cursos\/medicina\/homologaciones\/\" \/>\n<meta property=\"og:locale\" content=\"es_ES\" \/>\n<meta property=\"og:type\" content=\"article\" \/>\n<meta property=\"og:title\" content=\"Homologaciones | Amir Per\u00fa\" \/>\n<meta property=\"og:description\" content=\"Facilitamos el proceso de homologaciones m\u00e9dicas. Descubre c\u00f3mo avanzar en tu carrera gracias al apoyo de Amir Per\u00fa \u00a1Impulsa tu carrera con nosotros!\" \/>\n<meta property=\"og:url\" content=\"https:\/\/amirlatam.com\/pe\/cursos\/medicina\/homologaciones\/\" \/>\n<meta property=\"og:site_name\" content=\"Per\u00fa\" \/>\n<meta property=\"article:modified_time\" content=\"2025-12-11T16:59:05+00:00\" \/>\n<meta property=\"og:image\" content=\"https:\/\/amirlatam.com\/pe\/wp-content\/uploads\/sites\/5\/2023\/07\/cursos-prueba-b.jpg\" \/>\n\t<meta property=\"og:image:width\" content=\"1920\" \/>\n\t<meta property=\"og:image:height\" content=\"1280\" \/>\n\t<meta property=\"og:image:type\" content=\"image\/jpeg\" \/>\n<meta name=\"twitter:card\" content=\"summary_large_image\" \/>\n<meta name=\"twitter:label1\" content=\"Precio\" \/>\n\t<meta name=\"twitter:data1\" content=\"\" \/>\n\t<meta name=\"twitter:label2\" content=\"Disponibilidad\" \/>\n\t<meta name=\"twitter:data2\" content=\"Disponible\" \/>\n<script type=\"application\/ld+json\" class=\"yoast-schema-graph\">{\"@context\":\"https:\/\/schema.org\",\"@graph\":[{\"@type\":\"WebPage\",\"@id\":\"https:\/\/amirlatam.com\/pe\/cursos\/medicina\/homologaciones\/\",\"url\":\"https:\/\/amirlatam.com\/pe\/cursos\/medicina\/homologaciones\/\",\"name\":\"Homologaciones M\u00e9dicas: Avanza en tu carrera con AMIR Per\u00fa\",\"isPartOf\":{\"@id\":\"https:\/\/amirlatam.com\/pe\/#website\"},\"primaryImageOfPage\":{\"@id\":\"https:\/\/amirlatam.com\/pe\/cursos\/medicina\/homologaciones\/#primaryimage\"},\"image\":{\"@id\":\"https:\/\/amirlatam.com\/pe\/cursos\/medicina\/homologaciones\/#primaryimage\"},\"thumbnailUrl\":\"https:\/\/amirlatam.com\/pe\/wp-content\/uploads\/sites\/5\/2023\/07\/cursos-prueba-b.jpg\",\"datePublished\":\"2023-11-23T20:46:40+00:00\",\"dateModified\":\"2025-12-11T16:59:05+00:00\",\"description\":\"Facilitamos el proceso de homologaciones m\u00e9dicas. Descubre c\u00f3mo avanzar en tu carrera gracias al apoyo de Amir Per\u00fa \u00a1Impulsa tu carrera con nosotros!\",\"breadcrumb\":{\"@id\":\"https:\/\/amirlatam.com\/pe\/cursos\/medicina\/homologaciones\/#breadcrumb\"},\"inLanguage\":\"es\",\"potentialAction\":[{\"@type\":\"ReadAction\",\"target\":[\"https:\/\/amirlatam.com\/pe\/cursos\/medicina\/homologaciones\/\"]}]},{\"@type\":\"ImageObject\",\"inLanguage\":\"es\",\"@id\":\"https:\/\/amirlatam.com\/pe\/cursos\/medicina\/homologaciones\/#primaryimage\",\"url\":\"https:\/\/amirlatam.com\/pe\/wp-content\/uploads\/sites\/5\/2023\/07\/cursos-prueba-b.jpg\",\"contentUrl\":\"https:\/\/amirlatam.com\/pe\/wp-content\/uploads\/sites\/5\/2023\/07\/cursos-prueba-b.jpg\",\"width\":1920,\"height\":1280,\"caption\":\"Estudiantes prepar\u00e1ndose para los ex\u00e1menes ENAM y SERUMS con AMIR Per\u00fa.\"},{\"@type\":\"BreadcrumbList\",\"@id\":\"https:\/\/amirlatam.com\/pe\/cursos\/medicina\/homologaciones\/#breadcrumb\",\"itemListElement\":[{\"@type\":\"ListItem\",\"position\":1,\"name\":\"Portada\",\"item\":\"https:\/\/amirlatam.com\/pe\/\"},{\"@type\":\"ListItem\",\"position\":2,\"name\":\"Tienda\",\"item\":\"https:\/\/amirlatam.com\/pe\/tienda\/\"},{\"@type\":\"ListItem\",\"position\":3,\"name\":\"Homologaciones | Amir Per\u00fa\"}]},{\"@type\":\"WebSite\",\"@id\":\"https:\/\/amirlatam.com\/pe\/#website\",\"url\":\"https:\/\/amirlatam.com\/pe\/\",\"name\":\"Per\u00fa\",\"description\":\"AMIR Latinoam\u00e9rica\",\"publisher\":{\"@id\":\"https:\/\/amirlatam.com\/pe\/#organization\"},\"potentialAction\":[{\"@type\":\"SearchAction\",\"target\":{\"@type\":\"EntryPoint\",\"urlTemplate\":\"https:\/\/amirlatam.com\/pe\/?s={search_term_string}\"},\"query-input\":{\"@type\":\"PropertyValueSpecification\",\"valueRequired\":true,\"valueName\":\"search_term_string\"}}],\"inLanguage\":\"es\"},{\"@type\":\"Organization\",\"@id\":\"https:\/\/amirlatam.com\/pe\/#organization\",\"name\":\"Per\u00fa\",\"url\":\"https:\/\/amirlatam.com\/pe\/\",\"logo\":{\"@type\":\"ImageObject\",\"inLanguage\":\"es\",\"@id\":\"https:\/\/amirlatam.com\/pe\/#\/schema\/logo\/image\/\",\"url\":\"https:\/\/amirlatam.com\/pe\/wp-content\/uploads\/sites\/5\/2023\/06\/Logo.png\",\"contentUrl\":\"https:\/\/amirlatam.com\/pe\/wp-content\/uploads\/sites\/5\/2023\/06\/Logo.png\",\"width\":676,\"height\":200,\"caption\":\"Per\u00fa\"},\"image\":{\"@id\":\"https:\/\/amirlatam.com\/pe\/#\/schema\/logo\/image\/\"}}]}<\/script>\n<meta property=\"product:price:currency\" content=\"PEN\" \/>\n<meta property=\"og:availability\" content=\"instock\" \/>\n<meta property=\"product:availability\" content=\"instock\" \/>\n<meta property=\"product:condition\" content=\"new\" \/>\n<!-- \/ Yoast SEO Premium plugin. -->","yoast_head_json":{"title":"Homologaciones M\u00e9dicas: Avanza en tu carrera con AMIR Per\u00fa","description":"Facilitamos el proceso de homologaciones m\u00e9dicas. Descubre c\u00f3mo avanzar en tu carrera gracias al apoyo de Amir Per\u00fa \u00a1Impulsa tu carrera con nosotros!","robots":{"index":"index","follow":"follow","max-snippet":"max-snippet:-1","max-image-preview":"max-image-preview:large","max-video-preview":"max-video-preview:-1"},"canonical":"https:\/\/amirlatam.com\/pe\/cursos\/medicina\/homologaciones\/","og_locale":"es_ES","og_type":"article","og_title":"Homologaciones | Amir Per\u00fa","og_description":"Facilitamos el proceso de homologaciones m\u00e9dicas. Descubre c\u00f3mo avanzar en tu carrera gracias al apoyo de Amir Per\u00fa \u00a1Impulsa tu carrera con nosotros!","og_url":"https:\/\/amirlatam.com\/pe\/cursos\/medicina\/homologaciones\/","og_site_name":"Per\u00fa","article_modified_time":"2025-12-11T16:59:05+00:00","og_image":[{"width":1920,"height":1280,"url":"https:\/\/amirlatam.com\/pe\/wp-content\/uploads\/sites\/5\/2023\/07\/cursos-prueba-b.jpg","type":"image\/jpeg"}],"twitter_card":"summary_large_image","twitter_misc":{"Precio":"","Disponibilidad":"Disponible"},"schema":{"@context":"https:\/\/schema.org","@graph":[{"@type":"WebPage","@id":"https:\/\/amirlatam.com\/pe\/cursos\/medicina\/homologaciones\/","url":"https:\/\/amirlatam.com\/pe\/cursos\/medicina\/homologaciones\/","name":"Homologaciones M\u00e9dicas: Avanza en tu carrera con AMIR Per\u00fa","isPartOf":{"@id":"https:\/\/amirlatam.com\/pe\/#website"},"primaryImageOfPage":{"@id":"https:\/\/amirlatam.com\/pe\/cursos\/medicina\/homologaciones\/#primaryimage"},"image":{"@id":"https:\/\/amirlatam.com\/pe\/cursos\/medicina\/homologaciones\/#primaryimage"},"thumbnailUrl":"https:\/\/amirlatam.com\/pe\/wp-content\/uploads\/sites\/5\/2023\/07\/cursos-prueba-b.jpg","datePublished":"2023-11-23T20:46:40+00:00","dateModified":"2025-12-11T16:59:05+00:00","description":"Facilitamos el proceso de homologaciones m\u00e9dicas. Descubre c\u00f3mo avanzar en tu carrera gracias al apoyo de Amir Per\u00fa \u00a1Impulsa tu carrera con nosotros!","breadcrumb":{"@id":"https:\/\/amirlatam.com\/pe\/cursos\/medicina\/homologaciones\/#breadcrumb"},"inLanguage":"es","potentialAction":[{"@type":"ReadAction","target":["https:\/\/amirlatam.com\/pe\/cursos\/medicina\/homologaciones\/"]}]},{"@type":"ImageObject","inLanguage":"es","@id":"https:\/\/amirlatam.com\/pe\/cursos\/medicina\/homologaciones\/#primaryimage","url":"https:\/\/amirlatam.com\/pe\/wp-content\/uploads\/sites\/5\/2023\/07\/cursos-prueba-b.jpg","contentUrl":"https:\/\/amirlatam.com\/pe\/wp-content\/uploads\/sites\/5\/2023\/07\/cursos-prueba-b.jpg","width":1920,"height":1280,"caption":"Estudiantes prepar\u00e1ndose para los ex\u00e1menes ENAM y SERUMS con AMIR Per\u00fa."},{"@type":"BreadcrumbList","@id":"https:\/\/amirlatam.com\/pe\/cursos\/medicina\/homologaciones\/#breadcrumb","itemListElement":[{"@type":"ListItem","position":1,"name":"Portada","item":"https:\/\/amirlatam.com\/pe\/"},{"@type":"ListItem","position":2,"name":"Tienda","item":"https:\/\/amirlatam.com\/pe\/tienda\/"},{"@type":"ListItem","position":3,"name":"Homologaciones | Amir Per\u00fa"}]},{"@type":"WebSite","@id":"https:\/\/amirlatam.com\/pe\/#website","url":"https:\/\/amirlatam.com\/pe\/","name":"Per\u00fa","description":"AMIR Latinoam\u00e9rica","publisher":{"@id":"https:\/\/amirlatam.com\/pe\/#organization"},"potentialAction":[{"@type":"SearchAction","target":{"@type":"EntryPoint","urlTemplate":"https:\/\/amirlatam.com\/pe\/?s={search_term_string}"},"query-input":{"@type":"PropertyValueSpecification","valueRequired":true,"valueName":"search_term_string"}}],"inLanguage":"es"},{"@type":"Organization","@id":"https:\/\/amirlatam.com\/pe\/#organization","name":"Per\u00fa","url":"https:\/\/amirlatam.com\/pe\/","logo":{"@type":"ImageObject","inLanguage":"es","@id":"https:\/\/amirlatam.com\/pe\/#\/schema\/logo\/image\/","url":"https:\/\/amirlatam.com\/pe\/wp-content\/uploads\/sites\/5\/2023\/06\/Logo.png","contentUrl":"https:\/\/amirlatam.com\/pe\/wp-content\/uploads\/sites\/5\/2023\/06\/Logo.png","width":676,"height":200,"caption":"Per\u00fa"},"image":{"@id":"https:\/\/amirlatam.com\/pe\/#\/schema\/logo\/image\/"}}]},"product_price_currency":"PEN","og_availability":"instock","product_availability":"instock","product_condition":"new"},"_links":{"self":[{"href":"https:\/\/amirlatam.com\/pe\/wp-json\/wp\/v2\/product\/10141","targetHints":{"allow":["GET"]}}],"collection":[{"href":"https:\/\/amirlatam.com\/pe\/wp-json\/wp\/v2\/product"}],"about":[{"href":"https:\/\/amirlatam.com\/pe\/wp-json\/wp\/v2\/types\/product"}],"version-history":[{"count":7,"href":"https:\/\/amirlatam.com\/pe\/wp-json\/wp\/v2\/product\/10141\/revisions"}],"predecessor-version":[{"id":14224,"href":"https:\/\/amirlatam.com\/pe\/wp-json\/wp\/v2\/product\/10141\/revisions\/14224"}],"wp:featuredmedia":[{"embeddable":true,"href":"https:\/\/amirlatam.com\/pe\/wp-json\/wp\/v2\/media\/1604"}],"wp:attachment":[{"href":"https:\/\/amirlatam.com\/pe\/wp-json\/wp\/v2\/media?parent=10141"}],"wp:term":[{"taxonomy":"product_brand","embeddable":true,"href":"https:\/\/amirlatam.com\/pe\/wp-json\/wp\/v2\/product_brand?post=10141"},{"taxonomy":"product_cat","embeddable":true,"href":"https:\/\/amirlatam.com\/pe\/wp-json\/wp\/v2\/product_cat?post=10141"},{"taxonomy":"product_tag","embeddable":true,"href":"https:\/\/amirlatam.com\/pe\/wp-json\/wp\/v2\/product_tag?post=10141"}],"curies":[{"name":"wp","href":"https:\/\/api.w.org\/{rel}","templated":true}]}}