{"id":1762,"date":"2023-07-30T11:57:41","date_gmt":"2023-07-30T15:57:41","guid":{"rendered":"https:\/\/amirlatam.com\/pe\/?page_id=1762"},"modified":"2024-01-15T15:57:23","modified_gmt":"2024-01-15T19:57:23","slug":"politicas-de-privacidad","status":"publish","type":"page","link":"https:\/\/amirlatam.com\/pe\/politicas-de-privacidad\/","title":{"rendered":"Pol\u00edticas de Privacidad de Amir | Amir Per\u00fa"},"content":{"rendered":"<p>Los datos personales (y sensibles) son toda informaci\u00f3n que te identifica o te hace identificable (Ley 29733): nombres y apellidos, documento de identidad, estado civil, ocupaci\u00f3n, nacionalidad, tel\u00e9fono, correo electr\u00f3nico, firma manuscrita o digital, imagen, voz, huella dactilar, rostro, iris u otros datos biom\u00e9tricos, ingresos econ\u00f3micos, entre otros, y estos datos nos ayudan a gestionar las siguientes finalidades:<\/p>\n<ul>\n<li>Administrar la lista de clientes.<\/li>\n<li>Desarrollar acciones comerciales.<\/li>\n<li>Realizar reportes de ventas, marketing, mercadeo, etc.<\/li>\n<li>Remisi\u00f3n de (v\u00eda medio f\u00edsico, electr\u00f3nico, llamadas telef\u00f3nicas, mensajes de texto, WhatsApp, y\/o cualquier otro medio de difusi\u00f3n) publicidad y prospecci\u00f3n comercial, actualizaciones, encuestas, obsequios, ofertas, promociones comerciales de todo tipo (personalizadas o generales) de productos y\/o servicios.<\/li>\n<li>Prospecci\u00f3n de mercados.<\/li>\n<li>Coadyuvar a la elaboraci\u00f3n de perfiles de car\u00e1cter financiero o crediticio, gestionar informaci\u00f3n econ\u00f3mica y contable de nuestros clientes.<\/li>\n<li>Registrar informaci\u00f3n para an\u00e1lisis estad\u00edsticos, hist\u00f3ricos o cient\u00edficos.<\/li>\n<li>Cualquier otra actividad similar a las mencionadas l\u00edneas arriba.<\/li>\n<\/ul>\n<p>En ese sentido, en ACADEMIA AMIR PER\u00da S.A.C. (En adelante \u201cAMIR PER\u00da\u201d) y nuestra pasarela de pagos OpenPay con la intenci\u00f3n de ejecutar las finalidades antes mencionadas te comentamos que podemos tratar tus datos personales garantizando la protecci\u00f3n adecuada de tus datos.<br \/>\nEn consecuencia, la suscripci\u00f3n del presente consentimiento de tratamiento de datos personales (y sensibles) es de car\u00e1cter libre y voluntario y que, por tanto, no condiciona el otorgamiento y\/o gesti\u00f3n de ninguno de los productos o servicios ofrecidos por AMIR PER\u00da.<br \/>\nEn consecuencia, el otorgamiento de tu consentimiento para el tratamiento de tus datos personales (y sensibles) es de car\u00e1cter libre y voluntario y que, por tanto, no condiciona el otorgamiento y\/o gesti\u00f3n de ninguno de los productos o servicios ofrecidos por AMIR PER\u00da.<\/p>\n<p>Finalmente, te comentamos que puedes ejercer los derechos y revocar el presente consentimiento, as\u00ed como ejercer los derechos de acceso, rectificaci\u00f3n, cancelaci\u00f3n y oposici\u00f3n, o comunicarte por cualquier consulta referente al tratamiento de tus datos personales (y sensibles) al correo electr\u00f3nico infoperu@amireducacion.com.<\/p>\n","protected":false},"excerpt":{"rendered":"<p>Los datos personales (y sensibles) son toda informaci\u00f3n que te identifica o te hace identificable (Ley 29733): nombres y apellidos, documento de identidad, estado civil, ocupaci\u00f3n, nacionalidad, tel\u00e9fono, correo electr\u00f3nico, firma manuscrita o digital, imagen, voz, huella dactilar, rostro, iris u otros datos biom\u00e9tricos, ingresos econ\u00f3micos, entre otros, y estos datos nos ayudan a gestionar [&hellip;]<\/p>\n","protected":false},"author":1,"featured_media":0,"parent":0,"menu_order":0,"comment_status":"closed","ping_status":"closed","template":"","meta":{"_acf_changed":false,"footnotes":""},"class_list":["post-1762","page","type-page","status-publish","hentry"],"acf":[],"yoast_head":"<!-- This site is optimized with the Yoast SEO Premium plugin v26.8 (Yoast SEO v26.8) - https:\/\/yoast.com\/product\/yoast-seo-premium-wordpress\/ -->\n<title>Pol\u00edticas de Privacidad de Amir: Protegiendo tu Informaci\u00f3n<\/title>\n<meta name=\"description\" content=\"Conoce las pol\u00edticas de privacidad de Amir y c\u00f3mo protegemos tu informaci\u00f3n en el proceso de formaci\u00f3n. Tu seguridad, nuestra prioridad.\" \/>\n<meta name=\"robots\" content=\"index, follow, max-snippet:-1, max-image-preview:large, max-video-preview:-1\" \/>\n<link rel=\"canonical\" href=\"https:\/\/amirlatam.com\/pe\/politicas-de-privacidad\/\" \/>\n<meta property=\"og:locale\" content=\"es_ES\" \/>\n<meta property=\"og:type\" content=\"article\" \/>\n<meta property=\"og:title\" content=\"Pol\u00edticas de Privacidad de Amir | Amir Per\u00fa\" \/>\n<meta property=\"og:description\" content=\"Conoce las pol\u00edticas de privacidad de Amir y c\u00f3mo protegemos tu informaci\u00f3n en el proceso de formaci\u00f3n. Tu seguridad, nuestra prioridad.\" \/>\n<meta property=\"og:url\" content=\"https:\/\/amirlatam.com\/pe\/politicas-de-privacidad\/\" \/>\n<meta property=\"og:site_name\" content=\"Per\u00fa\" \/>\n<meta property=\"article:modified_time\" content=\"2024-01-15T19:57:23+00:00\" \/>\n<meta name=\"twitter:card\" content=\"summary_large_image\" \/>\n<meta name=\"twitter:label1\" content=\"Tiempo de lectura\" \/>\n\t<meta name=\"twitter:data1\" content=\"2 minutos\" \/>\n<script type=\"application\/ld+json\" class=\"yoast-schema-graph\">{\"@context\":\"https:\/\/schema.org\",\"@graph\":[{\"@type\":\"WebPage\",\"@id\":\"https:\/\/amirlatam.com\/pe\/politicas-de-privacidad\/\",\"url\":\"https:\/\/amirlatam.com\/pe\/politicas-de-privacidad\/\",\"name\":\"Pol\u00edticas de Privacidad de Amir: Protegiendo tu Informaci\u00f3n\",\"isPartOf\":{\"@id\":\"https:\/\/amirlatam.com\/pe\/#website\"},\"datePublished\":\"2023-07-30T15:57:41+00:00\",\"dateModified\":\"2024-01-15T19:57:23+00:00\",\"description\":\"Conoce las pol\u00edticas de privacidad de Amir y c\u00f3mo protegemos tu informaci\u00f3n en el proceso de formaci\u00f3n. Tu seguridad, nuestra prioridad.\",\"breadcrumb\":{\"@id\":\"https:\/\/amirlatam.com\/pe\/politicas-de-privacidad\/#breadcrumb\"},\"inLanguage\":\"es\",\"potentialAction\":[{\"@type\":\"ReadAction\",\"target\":[\"https:\/\/amirlatam.com\/pe\/politicas-de-privacidad\/\"]}]},{\"@type\":\"BreadcrumbList\",\"@id\":\"https:\/\/amirlatam.com\/pe\/politicas-de-privacidad\/#breadcrumb\",\"itemListElement\":[{\"@type\":\"ListItem\",\"position\":1,\"name\":\"Portada\",\"item\":\"https:\/\/amirlatam.com\/pe\/\"},{\"@type\":\"ListItem\",\"position\":2,\"name\":\"Pol\u00edticas de Privacidad de Amir | Amir Per\u00fa\"}]},{\"@type\":\"WebSite\",\"@id\":\"https:\/\/amirlatam.com\/pe\/#website\",\"url\":\"https:\/\/amirlatam.com\/pe\/\",\"name\":\"Per\u00fa\",\"description\":\"AMIR Latinoam\u00e9rica\",\"publisher\":{\"@id\":\"https:\/\/amirlatam.com\/pe\/#organization\"},\"potentialAction\":[{\"@type\":\"SearchAction\",\"target\":{\"@type\":\"EntryPoint\",\"urlTemplate\":\"https:\/\/amirlatam.com\/pe\/?s={search_term_string}\"},\"query-input\":{\"@type\":\"PropertyValueSpecification\",\"valueRequired\":true,\"valueName\":\"search_term_string\"}}],\"inLanguage\":\"es\"},{\"@type\":\"Organization\",\"@id\":\"https:\/\/amirlatam.com\/pe\/#organization\",\"name\":\"Per\u00fa\",\"url\":\"https:\/\/amirlatam.com\/pe\/\",\"logo\":{\"@type\":\"ImageObject\",\"inLanguage\":\"es\",\"@id\":\"https:\/\/amirlatam.com\/pe\/#\/schema\/logo\/image\/\",\"url\":\"https:\/\/amirlatam.com\/pe\/wp-content\/uploads\/sites\/5\/2023\/06\/Logo.png\",\"contentUrl\":\"https:\/\/amirlatam.com\/pe\/wp-content\/uploads\/sites\/5\/2023\/06\/Logo.png\",\"width\":676,\"height\":200,\"caption\":\"Per\u00fa\"},\"image\":{\"@id\":\"https:\/\/amirlatam.com\/pe\/#\/schema\/logo\/image\/\"}}]}<\/script>\n<!-- \/ Yoast SEO Premium plugin. -->","yoast_head_json":{"title":"Pol\u00edticas de Privacidad de Amir: Protegiendo tu Informaci\u00f3n","description":"Conoce las pol\u00edticas de privacidad de Amir y c\u00f3mo protegemos tu informaci\u00f3n en el proceso de formaci\u00f3n. Tu seguridad, nuestra prioridad.","robots":{"index":"index","follow":"follow","max-snippet":"max-snippet:-1","max-image-preview":"max-image-preview:large","max-video-preview":"max-video-preview:-1"},"canonical":"https:\/\/amirlatam.com\/pe\/politicas-de-privacidad\/","og_locale":"es_ES","og_type":"article","og_title":"Pol\u00edticas de Privacidad de Amir | Amir Per\u00fa","og_description":"Conoce las pol\u00edticas de privacidad de Amir y c\u00f3mo protegemos tu informaci\u00f3n en el proceso de formaci\u00f3n. Tu seguridad, nuestra prioridad.","og_url":"https:\/\/amirlatam.com\/pe\/politicas-de-privacidad\/","og_site_name":"Per\u00fa","article_modified_time":"2024-01-15T19:57:23+00:00","twitter_card":"summary_large_image","twitter_misc":{"Tiempo de lectura":"2 minutos"},"schema":{"@context":"https:\/\/schema.org","@graph":[{"@type":"WebPage","@id":"https:\/\/amirlatam.com\/pe\/politicas-de-privacidad\/","url":"https:\/\/amirlatam.com\/pe\/politicas-de-privacidad\/","name":"Pol\u00edticas de Privacidad de Amir: Protegiendo tu Informaci\u00f3n","isPartOf":{"@id":"https:\/\/amirlatam.com\/pe\/#website"},"datePublished":"2023-07-30T15:57:41+00:00","dateModified":"2024-01-15T19:57:23+00:00","description":"Conoce las pol\u00edticas de privacidad de Amir y c\u00f3mo protegemos tu informaci\u00f3n en el proceso de formaci\u00f3n. Tu seguridad, nuestra prioridad.","breadcrumb":{"@id":"https:\/\/amirlatam.com\/pe\/politicas-de-privacidad\/#breadcrumb"},"inLanguage":"es","potentialAction":[{"@type":"ReadAction","target":["https:\/\/amirlatam.com\/pe\/politicas-de-privacidad\/"]}]},{"@type":"BreadcrumbList","@id":"https:\/\/amirlatam.com\/pe\/politicas-de-privacidad\/#breadcrumb","itemListElement":[{"@type":"ListItem","position":1,"name":"Portada","item":"https:\/\/amirlatam.com\/pe\/"},{"@type":"ListItem","position":2,"name":"Pol\u00edticas de Privacidad de Amir | Amir Per\u00fa"}]},{"@type":"WebSite","@id":"https:\/\/amirlatam.com\/pe\/#website","url":"https:\/\/amirlatam.com\/pe\/","name":"Per\u00fa","description":"AMIR Latinoam\u00e9rica","publisher":{"@id":"https:\/\/amirlatam.com\/pe\/#organization"},"potentialAction":[{"@type":"SearchAction","target":{"@type":"EntryPoint","urlTemplate":"https:\/\/amirlatam.com\/pe\/?s={search_term_string}"},"query-input":{"@type":"PropertyValueSpecification","valueRequired":true,"valueName":"search_term_string"}}],"inLanguage":"es"},{"@type":"Organization","@id":"https:\/\/amirlatam.com\/pe\/#organization","name":"Per\u00fa","url":"https:\/\/amirlatam.com\/pe\/","logo":{"@type":"ImageObject","inLanguage":"es","@id":"https:\/\/amirlatam.com\/pe\/#\/schema\/logo\/image\/","url":"https:\/\/amirlatam.com\/pe\/wp-content\/uploads\/sites\/5\/2023\/06\/Logo.png","contentUrl":"https:\/\/amirlatam.com\/pe\/wp-content\/uploads\/sites\/5\/2023\/06\/Logo.png","width":676,"height":200,"caption":"Per\u00fa"},"image":{"@id":"https:\/\/amirlatam.com\/pe\/#\/schema\/logo\/image\/"}}]}},"_links":{"self":[{"href":"https:\/\/amirlatam.com\/pe\/wp-json\/wp\/v2\/pages\/1762","targetHints":{"allow":["GET"]}}],"collection":[{"href":"https:\/\/amirlatam.com\/pe\/wp-json\/wp\/v2\/pages"}],"about":[{"href":"https:\/\/amirlatam.com\/pe\/wp-json\/wp\/v2\/types\/page"}],"author":[{"embeddable":true,"href":"https:\/\/amirlatam.com\/pe\/wp-json\/wp\/v2\/users\/1"}],"replies":[{"embeddable":true,"href":"https:\/\/amirlatam.com\/pe\/wp-json\/wp\/v2\/comments?post=1762"}],"version-history":[{"count":4,"href":"https:\/\/amirlatam.com\/pe\/wp-json\/wp\/v2\/pages\/1762\/revisions"}],"predecessor-version":[{"id":10534,"href":"https:\/\/amirlatam.com\/pe\/wp-json\/wp\/v2\/pages\/1762\/revisions\/10534"}],"wp:attachment":[{"href":"https:\/\/amirlatam.com\/pe\/wp-json\/wp\/v2\/media?parent=1762"}],"curies":[{"name":"wp","href":"https:\/\/api.w.org\/{rel}","templated":true}]}}