{"id":10330,"date":"2024-01-02T13:36:59","date_gmt":"2024-01-02T17:36:59","guid":{"rendered":"https:\/\/amirlatam.com\/pe\/?page_id=10330"},"modified":"2024-01-29T17:50:26","modified_gmt":"2024-01-29T21:50:26","slug":"bancos-aliados","status":"publish","type":"page","link":"https:\/\/amirlatam.com\/pe\/bancos-aliados\/","title":{"rendered":"Bancos Aliados"},"content":{"rendered":"\t\t<div data-elementor-type=\"wp-page\" data-elementor-id=\"10330\" class=\"elementor elementor-10330\" data-elementor-settings=\"{&quot;ha_cmc_init_switcher&quot;:&quot;no&quot;}\" data-elementor-post-type=\"page\">\n\t\t\t\t<div class=\"elementor-element elementor-element-09f162b e-flex e-con-boxed e-con e-parent\" data-id=\"09f162b\" data-element_type=\"container\" data-e-type=\"container\" data-settings=\"{&quot;_ha_eqh_enable&quot;:false}\">\n\t\t\t\t\t<div class=\"e-con-inner\">\n\t\t\t\t<div class=\"elementor-element elementor-element-acb8f6f elementor-widget elementor-widget-image\" data-id=\"acb8f6f\" data-element_type=\"widget\" data-e-type=\"widget\" data-widget_type=\"image.default\">\n\t\t\t\t<div class=\"elementor-widget-container\">\n\t\t\t\t\t\t\t\t\t\t\t\t\t\t\t<img fetchpriority=\"high\" decoding=\"async\" width=\"1832\" height=\"522\" src=\"https:\/\/amirlatam.com\/pe\/wp-content\/uploads\/sites\/5\/2024\/01\/BANNER-BANCOS-05-1.png\" class=\"attachment-full size-full wp-image-10393\" alt=\"bancos aliados banner\" srcset=\"https:\/\/amirlatam.com\/pe\/wp-content\/uploads\/sites\/5\/2024\/01\/BANNER-BANCOS-05-1.png 1832w, https:\/\/amirlatam.com\/pe\/wp-content\/uploads\/sites\/5\/2024\/01\/BANNER-BANCOS-05-1-300x85.png 300w, https:\/\/amirlatam.com\/pe\/wp-content\/uploads\/sites\/5\/2024\/01\/BANNER-BANCOS-05-1-1024x292.png 1024w, https:\/\/amirlatam.com\/pe\/wp-content\/uploads\/sites\/5\/2024\/01\/BANNER-BANCOS-05-1-768x219.png 768w, https:\/\/amirlatam.com\/pe\/wp-content\/uploads\/sites\/5\/2024\/01\/BANNER-BANCOS-05-1-1536x438.png 1536w, https:\/\/amirlatam.com\/pe\/wp-content\/uploads\/sites\/5\/2024\/01\/BANNER-BANCOS-05-1-600x171.png 600w\" sizes=\"(max-width: 1832px) 100vw, 1832px\" \/>\t\t\t\t\t\t\t\t\t\t\t\t\t\t\t<\/div>\n\t\t\t\t<\/div>\n\t\t\t\t<div class=\"elementor-element elementor-element-9289824 elementor-widget elementor-widget-spacer\" data-id=\"9289824\" data-element_type=\"widget\" data-e-type=\"widget\" data-widget_type=\"spacer.default\">\n\t\t\t\t<div class=\"elementor-widget-container\">\n\t\t\t\t\t\t\t<div class=\"elementor-spacer\">\n\t\t\t<div class=\"elementor-spacer-inner\"><\/div>\n\t\t<\/div>\n\t\t\t\t\t\t<\/div>\n\t\t\t\t<\/div>\n\t\t<div class=\"elementor-element elementor-element-2ac3c42 e-flex e-con-boxed e-con e-child\" data-id=\"2ac3c42\" data-element_type=\"container\" data-e-type=\"container\" data-settings=\"{&quot;_ha_eqh_enable&quot;:false}\">\n\t\t\t\t\t<div class=\"e-con-inner\">\n\t\t<div class=\"elementor-element elementor-element-5b0e61e e-flex e-con-boxed e-con e-child\" data-id=\"5b0e61e\" data-element_type=\"container\" data-e-type=\"container\" data-settings=\"{&quot;_ha_eqh_enable&quot;:false}\">\n\t\t\t\t\t<div class=\"e-con-inner\">\n\t\t\t\t<div class=\"elementor-element elementor-element-f9641aa elementor-widget elementor-widget-heading\" data-id=\"f9641aa\" data-element_type=\"widget\" data-e-type=\"widget\" data-widget_type=\"heading.default\">\n\t\t\t\t<div class=\"elementor-widget-container\">\n\t\t\t\t\t<h1 class=\"elementor-heading-title elementor-size-default\"><b>Bancos Aliados: \u00a1Tus estudios ahora financiados!<\/b><\/h1>\t\t\t\t<\/div>\n\t\t\t\t<\/div>\n\t\t\t\t<div class=\"elementor-element elementor-element-cf3e129 elementor-widget elementor-widget-heading\" data-id=\"cf3e129\" data-element_type=\"widget\" data-e-type=\"widget\" data-widget_type=\"heading.default\">\n\t\t\t\t<div class=\"elementor-widget-container\">\n\t\t\t\t\t<h3 class=\"elementor-heading-title elementor-size-default\">AMIR se une a tres grandes bancos de Per\u00fa, y te brindamos mayores facilidades para empezar tus estudios. Ahora tendr\u00e1s la comodidad de dividir tus pagos <b>hasta en 12 cuotas sin intereses en los bancos aliados. <\/b><\/h3>\t\t\t\t<\/div>\n\t\t\t\t<\/div>\n\t\t\t\t<div class=\"elementor-element elementor-element-a6237d4 elementor-widget elementor-widget-spacer\" data-id=\"a6237d4\" data-element_type=\"widget\" data-e-type=\"widget\" data-widget_type=\"spacer.default\">\n\t\t\t\t<div class=\"elementor-widget-container\">\n\t\t\t\t\t\t\t<div class=\"elementor-spacer\">\n\t\t\t<div class=\"elementor-spacer-inner\"><\/div>\n\t\t<\/div>\n\t\t\t\t\t\t<\/div>\n\t\t\t\t<\/div>\n\t\t<div class=\"elementor-element elementor-element-bd94ab6 e-flex e-con-boxed e-con e-child\" data-id=\"bd94ab6\" data-element_type=\"container\" data-e-type=\"container\" data-settings=\"{&quot;_ha_eqh_enable&quot;:false}\">\n\t\t\t\t\t<div class=\"e-con-inner\">\n\t\t<div class=\"elementor-element elementor-element-92a8afe e-flex e-con-boxed e-con e-child\" data-id=\"92a8afe\" data-element_type=\"container\" data-e-type=\"container\" data-settings=\"{&quot;_ha_eqh_enable&quot;:false}\">\n\t\t\t\t\t<div class=\"e-con-inner\">\n\t\t\t\t<div class=\"elementor-element elementor-element-92cae95 elementor-position-top elementor-widget elementor-widget-image-box\" data-id=\"92cae95\" data-element_type=\"widget\" data-e-type=\"widget\" data-widget_type=\"image-box.default\">\n\t\t\t\t<div class=\"elementor-widget-container\">\n\t\t\t\t\t<div class=\"elementor-image-box-wrapper\"><figure class=\"elementor-image-box-img\"><img decoding=\"async\" width=\"474\" height=\"360\" src=\"https:\/\/amirlatam.com\/pe\/wp-content\/uploads\/sites\/5\/2024\/01\/OIP.jpeg\" class=\"attachment-medium_large size-medium_large wp-image-10376\" alt=\"\" srcset=\"https:\/\/amirlatam.com\/pe\/wp-content\/uploads\/sites\/5\/2024\/01\/OIP.jpeg 474w, https:\/\/amirlatam.com\/pe\/wp-content\/uploads\/sites\/5\/2024\/01\/OIP-300x228.jpeg 300w\" sizes=\"(max-width: 474px) 100vw, 474px\" \/><\/figure><\/div>\t\t\t\t<\/div>\n\t\t\t\t<\/div>\n\t\t\t\t<div class=\"elementor-element elementor-element-4d6163e elementor-align-center elementor-widget elementor-widget-button\" data-id=\"4d6163e\" data-element_type=\"widget\" data-e-type=\"widget\" data-widget_type=\"button.default\">\n\t\t\t\t<div class=\"elementor-widget-container\">\n\t\t\t\t\t\t\t\t\t<div class=\"elementor-button-wrapper\">\n\t\t\t\t\t<a class=\"elementor-button elementor-button-link elementor-size-sm\" href=\"https:\/\/www.dinersclub.pe\/misprivilegios\/store\/10091\/amir-educacion\">\n\t\t\t\t\t\t<span class=\"elementor-button-content-wrapper\">\n\t\t\t\t\t\t\t\t\t<span class=\"elementor-button-text\">M\u00e1s informaci\u00f3n<\/span>\n\t\t\t\t\t<\/span>\n\t\t\t\t\t<\/a>\n\t\t\t\t<\/div>\n\t\t\t\t\t\t\t\t<\/div>\n\t\t\t\t<\/div>\n\t\t\t\t\t<\/div>\n\t\t\t\t<\/div>\n\t\t<div class=\"elementor-element elementor-element-34cea3b e-flex e-con-boxed e-con e-child\" data-id=\"34cea3b\" data-element_type=\"container\" data-e-type=\"container\" data-settings=\"{&quot;_ha_eqh_enable&quot;:false}\">\n\t\t\t\t\t<div class=\"e-con-inner\">\n\t\t\t\t<div class=\"elementor-element elementor-element-771b11a elementor-position-top elementor-widget elementor-widget-image-box\" data-id=\"771b11a\" data-element_type=\"widget\" data-e-type=\"widget\" data-widget_type=\"image-box.default\">\n\t\t\t\t<div class=\"elementor-widget-container\">\n\t\t\t\t\t<div class=\"elementor-image-box-wrapper\"><figure class=\"elementor-image-box-img\"><img decoding=\"async\" width=\"3840\" height=\"2160\" src=\"https:\/\/amirlatam.com\/pe\/wp-content\/uploads\/sites\/5\/2024\/01\/BBVA-Logo.png\" class=\"attachment-full size-full wp-image-10377\" alt=\"\" srcset=\"https:\/\/amirlatam.com\/pe\/wp-content\/uploads\/sites\/5\/2024\/01\/BBVA-Logo.png 3840w, https:\/\/amirlatam.com\/pe\/wp-content\/uploads\/sites\/5\/2024\/01\/BBVA-Logo-300x169.png 300w, https:\/\/amirlatam.com\/pe\/wp-content\/uploads\/sites\/5\/2024\/01\/BBVA-Logo-1024x576.png 1024w, https:\/\/amirlatam.com\/pe\/wp-content\/uploads\/sites\/5\/2024\/01\/BBVA-Logo-768x432.png 768w, https:\/\/amirlatam.com\/pe\/wp-content\/uploads\/sites\/5\/2024\/01\/BBVA-Logo-1536x864.png 1536w, https:\/\/amirlatam.com\/pe\/wp-content\/uploads\/sites\/5\/2024\/01\/BBVA-Logo-2048x1152.png 2048w, https:\/\/amirlatam.com\/pe\/wp-content\/uploads\/sites\/5\/2024\/01\/BBVA-Logo-600x338.png 600w\" sizes=\"(max-width: 3840px) 100vw, 3840px\" \/><\/figure><\/div>\t\t\t\t<\/div>\n\t\t\t\t<\/div>\n\t\t\t\t<div class=\"elementor-element elementor-element-aaf6c56 elementor-align-center elementor-widget elementor-widget-button\" data-id=\"aaf6c56\" data-element_type=\"widget\" data-e-type=\"widget\" data-widget_type=\"button.default\">\n\t\t\t\t<div class=\"elementor-widget-container\">\n\t\t\t\t\t\t\t\t\t<div class=\"elementor-button-wrapper\">\n\t\t\t\t\t<a class=\"elementor-button elementor-button-link elementor-size-sm\" href=\"https:\/\/beneficios.bbva.pe\/beneficios\/educacion\/academia-amir-peruacepta-pagos-sin-intereses\/3\/13\/1986\/share\">\n\t\t\t\t\t\t<span class=\"elementor-button-content-wrapper\">\n\t\t\t\t\t\t\t\t\t<span class=\"elementor-button-text\">M\u00e1s informaci\u00f3n<\/span>\n\t\t\t\t\t<\/span>\n\t\t\t\t\t<\/a>\n\t\t\t\t<\/div>\n\t\t\t\t\t\t\t\t<\/div>\n\t\t\t\t<\/div>\n\t\t\t\t\t<\/div>\n\t\t\t\t<\/div>\n\t\t<div class=\"elementor-element elementor-element-675417a e-flex e-con-boxed e-con e-child\" data-id=\"675417a\" data-element_type=\"container\" data-e-type=\"container\" data-settings=\"{&quot;_ha_eqh_enable&quot;:false}\">\n\t\t\t\t\t<div class=\"e-con-inner\">\n\t\t\t\t<div class=\"elementor-element elementor-element-8b84729 elementor-position-top elementor-widget elementor-widget-image-box\" data-id=\"8b84729\" data-element_type=\"widget\" data-e-type=\"widget\" data-widget_type=\"image-box.default\">\n\t\t\t\t<div class=\"elementor-widget-container\">\n\t\t\t\t\t<div class=\"elementor-image-box-wrapper\"><figure class=\"elementor-image-box-img\"><img loading=\"lazy\" decoding=\"async\" width=\"1200\" height=\"630\" src=\"https:\/\/amirlatam.com\/pe\/wp-content\/uploads\/sites\/5\/2024\/01\/BCP_social.png\" class=\"attachment-full size-full wp-image-10375\" alt=\"\" srcset=\"https:\/\/amirlatam.com\/pe\/wp-content\/uploads\/sites\/5\/2024\/01\/BCP_social.png 1200w, https:\/\/amirlatam.com\/pe\/wp-content\/uploads\/sites\/5\/2024\/01\/BCP_social-300x158.png 300w, https:\/\/amirlatam.com\/pe\/wp-content\/uploads\/sites\/5\/2024\/01\/BCP_social-1024x538.png 1024w, https:\/\/amirlatam.com\/pe\/wp-content\/uploads\/sites\/5\/2024\/01\/BCP_social-768x403.png 768w, https:\/\/amirlatam.com\/pe\/wp-content\/uploads\/sites\/5\/2024\/01\/BCP_social-600x315.png 600w\" sizes=\"(max-width: 1200px) 100vw, 1200px\" \/><\/figure><\/div>\t\t\t\t<\/div>\n\t\t\t\t<\/div>\n\t\t\t\t<div class=\"elementor-element elementor-element-0d67577 elementor-align-center elementor-widget elementor-widget-button\" data-id=\"0d67577\" data-element_type=\"widget\" data-e-type=\"widget\" data-widget_type=\"button.default\">\n\t\t\t\t<div class=\"elementor-widget-container\">\n\t\t\t\t\t\t\t\t\t<div class=\"elementor-button-wrapper\">\n\t\t\t\t\t<a class=\"elementor-button elementor-button-link elementor-size-sm\" href=\"https:\/\/www.viabcp.com\/beneficios\/cuotas-sin-intereses\/amir\">\n\t\t\t\t\t\t<span class=\"elementor-button-content-wrapper\">\n\t\t\t\t\t\t\t\t\t<span class=\"elementor-button-text\">M\u00e1s informaci\u00f3n<\/span>\n\t\t\t\t\t<\/span>\n\t\t\t\t\t<\/a>\n\t\t\t\t<\/div>\n\t\t\t\t\t\t\t\t<\/div>\n\t\t\t\t<\/div>\n\t\t\t\t\t<\/div>\n\t\t\t\t<\/div>\n\t\t\t\t\t<\/div>\n\t\t\t\t<\/div>\n\t\t\t\t\t<\/div>\n\t\t\t\t<\/div>\n\t\t\t\t\t<\/div>\n\t\t\t\t<\/div>\n\t\t\t\t\t<\/div>\n\t\t\t\t<\/div>\n\t\t<div class=\"elementor-element elementor-element-6ba909d e-flex e-con-boxed e-con e-parent\" data-id=\"6ba909d\" data-element_type=\"container\" data-e-type=\"container\" data-settings=\"{&quot;_ha_eqh_enable&quot;:false}\">\n\t\t\t\t\t<div class=\"e-con-inner\">\n\t\t\t\t<div class=\"elementor-element elementor-element-88589a5 elementor-widget elementor-widget-spacer\" data-id=\"88589a5\" data-element_type=\"widget\" data-e-type=\"widget\" data-widget_type=\"spacer.default\">\n\t\t\t\t<div class=\"elementor-widget-container\">\n\t\t\t\t\t\t\t<div class=\"elementor-spacer\">\n\t\t\t<div class=\"elementor-spacer-inner\"><\/div>\n\t\t<\/div>\n\t\t\t\t\t\t<\/div>\n\t\t\t\t<\/div>\n\t\t\t\t\t<\/div>\n\t\t\t\t<\/div>\n\t\t\t\t<\/div>\n\t\t","protected":false},"excerpt":{"rendered":"<p>Bancos Aliados: \u00a1Tus estudios ahora financiados! AMIR se une a tres grandes bancos de Per\u00fa, y te brindamos mayores facilidades para empezar tus estudios. Ahora tendr\u00e1s la comodidad de dividir tus pagos hasta en 12 cuotas sin intereses en los bancos aliados. M\u00e1s informaci\u00f3n M\u00e1s informaci\u00f3n M\u00e1s informaci\u00f3n<\/p>\n","protected":false},"author":15,"featured_media":10167,"parent":0,"menu_order":0,"comment_status":"closed","ping_status":"closed","template":"","meta":{"_acf_changed":false,"footnotes":""},"class_list":["post-10330","page","type-page","status-publish","has-post-thumbnail","hentry"],"acf":[],"yoast_head":"<!-- This site is optimized with the Yoast SEO Premium plugin v26.8 (Yoast SEO v26.8) - https:\/\/yoast.com\/product\/yoast-seo-premium-wordpress\/ -->\n<title>Bancos Aliados - Per\u00fa<\/title>\n<meta name=\"description\" content=\"AMIR se une a tres grandes bancos aliados de Per\u00fa, y te brindamos mayores facilidades para empezar tus estudios.\" \/>\n<meta name=\"robots\" content=\"index, follow, max-snippet:-1, max-image-preview:large, max-video-preview:-1\" \/>\n<link rel=\"canonical\" href=\"https:\/\/amirlatam.com\/pe\/bancos-aliados\/\" \/>\n<meta property=\"og:locale\" content=\"es_ES\" \/>\n<meta property=\"og:type\" content=\"article\" \/>\n<meta property=\"og:title\" content=\"Bancos Aliados\" \/>\n<meta property=\"og:description\" content=\"AMIR se une a tres grandes bancos aliados de Per\u00fa, y te brindamos mayores facilidades para empezar tus estudios.\" \/>\n<meta property=\"og:url\" content=\"https:\/\/amirlatam.com\/pe\/bancos-aliados\/\" \/>\n<meta property=\"og:site_name\" content=\"Per\u00fa\" \/>\n<meta property=\"article:modified_time\" content=\"2024-01-29T21:50:26+00:00\" \/>\n<meta property=\"og:image\" content=\"https:\/\/amirlatam.com\/pe\/wp-content\/uploads\/sites\/5\/2023\/11\/IMG_3529.jpeg\" \/>\n\t<meta property=\"og:image:width\" content=\"626\" \/>\n\t<meta property=\"og:image:height\" content=\"417\" \/>\n\t<meta property=\"og:image:type\" content=\"image\/jpeg\" \/>\n<meta name=\"twitter:card\" content=\"summary_large_image\" \/>\n<meta name=\"twitter:label1\" content=\"Tiempo de lectura\" \/>\n\t<meta name=\"twitter:data1\" content=\"1 minuto\" \/>\n<script type=\"application\/ld+json\" class=\"yoast-schema-graph\">{\"@context\":\"https:\/\/schema.org\",\"@graph\":[{\"@type\":\"WebPage\",\"@id\":\"https:\/\/amirlatam.com\/pe\/bancos-aliados\/\",\"url\":\"https:\/\/amirlatam.com\/pe\/bancos-aliados\/\",\"name\":\"Bancos Aliados - Per\u00fa\",\"isPartOf\":{\"@id\":\"https:\/\/amirlatam.com\/pe\/#website\"},\"primaryImageOfPage\":{\"@id\":\"https:\/\/amirlatam.com\/pe\/bancos-aliados\/#primaryimage\"},\"image\":{\"@id\":\"https:\/\/amirlatam.com\/pe\/bancos-aliados\/#primaryimage\"},\"thumbnailUrl\":\"https:\/\/amirlatam.com\/pe\/wp-content\/uploads\/sites\/5\/2023\/11\/IMG_3529.jpeg\",\"datePublished\":\"2024-01-02T17:36:59+00:00\",\"dateModified\":\"2024-01-29T21:50:26+00:00\",\"description\":\"AMIR se une a tres grandes bancos aliados de Per\u00fa, y te brindamos mayores facilidades para empezar tus estudios.\",\"breadcrumb\":{\"@id\":\"https:\/\/amirlatam.com\/pe\/bancos-aliados\/#breadcrumb\"},\"inLanguage\":\"es\",\"potentialAction\":[{\"@type\":\"ReadAction\",\"target\":[\"https:\/\/amirlatam.com\/pe\/bancos-aliados\/\"]}]},{\"@type\":\"ImageObject\",\"inLanguage\":\"es\",\"@id\":\"https:\/\/amirlatam.com\/pe\/bancos-aliados\/#primaryimage\",\"url\":\"https:\/\/amirlatam.com\/pe\/wp-content\/uploads\/sites\/5\/2023\/11\/IMG_3529.jpeg\",\"contentUrl\":\"https:\/\/amirlatam.com\/pe\/wp-content\/uploads\/sites\/5\/2023\/11\/IMG_3529.jpeg\",\"width\":626,\"height\":417,\"caption\":\"bancos aliados\"},{\"@type\":\"BreadcrumbList\",\"@id\":\"https:\/\/amirlatam.com\/pe\/bancos-aliados\/#breadcrumb\",\"itemListElement\":[{\"@type\":\"ListItem\",\"position\":1,\"name\":\"Portada\",\"item\":\"https:\/\/amirlatam.com\/pe\/\"},{\"@type\":\"ListItem\",\"position\":2,\"name\":\"Bancos Aliados\"}]},{\"@type\":\"WebSite\",\"@id\":\"https:\/\/amirlatam.com\/pe\/#website\",\"url\":\"https:\/\/amirlatam.com\/pe\/\",\"name\":\"Per\u00fa\",\"description\":\"AMIR Latinoam\u00e9rica\",\"publisher\":{\"@id\":\"https:\/\/amirlatam.com\/pe\/#organization\"},\"potentialAction\":[{\"@type\":\"SearchAction\",\"target\":{\"@type\":\"EntryPoint\",\"urlTemplate\":\"https:\/\/amirlatam.com\/pe\/?s={search_term_string}\"},\"query-input\":{\"@type\":\"PropertyValueSpecification\",\"valueRequired\":true,\"valueName\":\"search_term_string\"}}],\"inLanguage\":\"es\"},{\"@type\":\"Organization\",\"@id\":\"https:\/\/amirlatam.com\/pe\/#organization\",\"name\":\"Per\u00fa\",\"url\":\"https:\/\/amirlatam.com\/pe\/\",\"logo\":{\"@type\":\"ImageObject\",\"inLanguage\":\"es\",\"@id\":\"https:\/\/amirlatam.com\/pe\/#\/schema\/logo\/image\/\",\"url\":\"https:\/\/amirlatam.com\/pe\/wp-content\/uploads\/sites\/5\/2023\/06\/Logo.png\",\"contentUrl\":\"https:\/\/amirlatam.com\/pe\/wp-content\/uploads\/sites\/5\/2023\/06\/Logo.png\",\"width\":676,\"height\":200,\"caption\":\"Per\u00fa\"},\"image\":{\"@id\":\"https:\/\/amirlatam.com\/pe\/#\/schema\/logo\/image\/\"}}]}<\/script>\n<!-- \/ Yoast SEO Premium plugin. -->","yoast_head_json":{"title":"Bancos Aliados - Per\u00fa","description":"AMIR se une a tres grandes bancos aliados de Per\u00fa, y te brindamos mayores facilidades para empezar tus estudios.","robots":{"index":"index","follow":"follow","max-snippet":"max-snippet:-1","max-image-preview":"max-image-preview:large","max-video-preview":"max-video-preview:-1"},"canonical":"https:\/\/amirlatam.com\/pe\/bancos-aliados\/","og_locale":"es_ES","og_type":"article","og_title":"Bancos Aliados","og_description":"AMIR se une a tres grandes bancos aliados de Per\u00fa, y te brindamos mayores facilidades para empezar tus estudios.","og_url":"https:\/\/amirlatam.com\/pe\/bancos-aliados\/","og_site_name":"Per\u00fa","article_modified_time":"2024-01-29T21:50:26+00:00","og_image":[{"width":626,"height":417,"url":"https:\/\/amirlatam.com\/pe\/wp-content\/uploads\/sites\/5\/2023\/11\/IMG_3529.jpeg","type":"image\/jpeg"}],"twitter_card":"summary_large_image","twitter_misc":{"Tiempo de lectura":"1 minuto"},"schema":{"@context":"https:\/\/schema.org","@graph":[{"@type":"WebPage","@id":"https:\/\/amirlatam.com\/pe\/bancos-aliados\/","url":"https:\/\/amirlatam.com\/pe\/bancos-aliados\/","name":"Bancos Aliados - Per\u00fa","isPartOf":{"@id":"https:\/\/amirlatam.com\/pe\/#website"},"primaryImageOfPage":{"@id":"https:\/\/amirlatam.com\/pe\/bancos-aliados\/#primaryimage"},"image":{"@id":"https:\/\/amirlatam.com\/pe\/bancos-aliados\/#primaryimage"},"thumbnailUrl":"https:\/\/amirlatam.com\/pe\/wp-content\/uploads\/sites\/5\/2023\/11\/IMG_3529.jpeg","datePublished":"2024-01-02T17:36:59+00:00","dateModified":"2024-01-29T21:50:26+00:00","description":"AMIR se une a tres grandes bancos aliados de Per\u00fa, y te brindamos mayores facilidades para empezar tus estudios.","breadcrumb":{"@id":"https:\/\/amirlatam.com\/pe\/bancos-aliados\/#breadcrumb"},"inLanguage":"es","potentialAction":[{"@type":"ReadAction","target":["https:\/\/amirlatam.com\/pe\/bancos-aliados\/"]}]},{"@type":"ImageObject","inLanguage":"es","@id":"https:\/\/amirlatam.com\/pe\/bancos-aliados\/#primaryimage","url":"https:\/\/amirlatam.com\/pe\/wp-content\/uploads\/sites\/5\/2023\/11\/IMG_3529.jpeg","contentUrl":"https:\/\/amirlatam.com\/pe\/wp-content\/uploads\/sites\/5\/2023\/11\/IMG_3529.jpeg","width":626,"height":417,"caption":"bancos aliados"},{"@type":"BreadcrumbList","@id":"https:\/\/amirlatam.com\/pe\/bancos-aliados\/#breadcrumb","itemListElement":[{"@type":"ListItem","position":1,"name":"Portada","item":"https:\/\/amirlatam.com\/pe\/"},{"@type":"ListItem","position":2,"name":"Bancos Aliados"}]},{"@type":"WebSite","@id":"https:\/\/amirlatam.com\/pe\/#website","url":"https:\/\/amirlatam.com\/pe\/","name":"Per\u00fa","description":"AMIR Latinoam\u00e9rica","publisher":{"@id":"https:\/\/amirlatam.com\/pe\/#organization"},"potentialAction":[{"@type":"SearchAction","target":{"@type":"EntryPoint","urlTemplate":"https:\/\/amirlatam.com\/pe\/?s={search_term_string}"},"query-input":{"@type":"PropertyValueSpecification","valueRequired":true,"valueName":"search_term_string"}}],"inLanguage":"es"},{"@type":"Organization","@id":"https:\/\/amirlatam.com\/pe\/#organization","name":"Per\u00fa","url":"https:\/\/amirlatam.com\/pe\/","logo":{"@type":"ImageObject","inLanguage":"es","@id":"https:\/\/amirlatam.com\/pe\/#\/schema\/logo\/image\/","url":"https:\/\/amirlatam.com\/pe\/wp-content\/uploads\/sites\/5\/2023\/06\/Logo.png","contentUrl":"https:\/\/amirlatam.com\/pe\/wp-content\/uploads\/sites\/5\/2023\/06\/Logo.png","width":676,"height":200,"caption":"Per\u00fa"},"image":{"@id":"https:\/\/amirlatam.com\/pe\/#\/schema\/logo\/image\/"}}]}},"_links":{"self":[{"href":"https:\/\/amirlatam.com\/pe\/wp-json\/wp\/v2\/pages\/10330","targetHints":{"allow":["GET"]}}],"collection":[{"href":"https:\/\/amirlatam.com\/pe\/wp-json\/wp\/v2\/pages"}],"about":[{"href":"https:\/\/amirlatam.com\/pe\/wp-json\/wp\/v2\/types\/page"}],"author":[{"embeddable":true,"href":"https:\/\/amirlatam.com\/pe\/wp-json\/wp\/v2\/users\/15"}],"replies":[{"embeddable":true,"href":"https:\/\/amirlatam.com\/pe\/wp-json\/wp\/v2\/comments?post=10330"}],"version-history":[{"count":19,"href":"https:\/\/amirlatam.com\/pe\/wp-json\/wp\/v2\/pages\/10330\/revisions"}],"predecessor-version":[{"id":12160,"href":"https:\/\/amirlatam.com\/pe\/wp-json\/wp\/v2\/pages\/10330\/revisions\/12160"}],"wp:featuredmedia":[{"embeddable":true,"href":"https:\/\/amirlatam.com\/pe\/wp-json\/wp\/v2\/media\/10167"}],"wp:attachment":[{"href":"https:\/\/amirlatam.com\/pe\/wp-json\/wp\/v2\/media?parent=10330"}],"curies":[{"name":"wp","href":"https:\/\/api.w.org\/{rel}","templated":true}]}}