{"id":907,"date":"2023-06-25T17:10:40","date_gmt":"2023-06-25T21:10:40","guid":{"rendered":"https:\/\/amirlatam.com\/ec\/?post_type=product&#038;p=907"},"modified":"2025-12-10T13:12:33","modified_gmt":"2025-12-10T17:12:33","slug":"homologaciones","status":"publish","type":"product","link":"https:\/\/amirlatam.com\/ec\/cursos\/acceso-a-especialidades\/homologaciones\/","title":{"rendered":"Homologaciones | Amir Ecuador"},"content":{"rendered":"","protected":false},"excerpt":{"rendered":"<h1><span style=\"font-weight: 400;\">Inicia tu Camino al \u00c9xito <\/span><b>MIR<\/b><span style=\"font-weight: 400;\">: Homologaci\u00f3n con <\/span><b>AMIR Ecuador<\/b><span style=\"font-weight: 400;\">, la Clave para tu Sue\u00f1o en Espa\u00f1a<\/span><\/h1>\n<p><span style=\"font-weight: 400;\">La homologaci\u00f3n del t\u00edtulo de medicina es esencial para los extranjeros no comunitarios que deseen presentar el Examen <\/span><b>MIR en Espa\u00f1a<\/b><span style=\"font-weight: 400;\">. Este proceso se debe iniciar con tiempo, ya que puede tardar hasta dos a\u00f1os debido a evaluaciones adicionales introducidas en 2014.\u00a0<\/span><\/p>\n<p><span style=\"font-weight: 400;\">No dejes para despu\u00e9s lo que te acercar\u00e1 a tu sue\u00f1o de aprobar el <\/span><b>Examen MIR<\/b><span style=\"font-weight: 400;\">. \u00a1Comienza tu homologaci\u00f3n con <\/span><b>AMIR Ecuador<\/b><span style=\"font-weight: 400;\"> y prep\u00e1rate para el \u00e9xito!<\/span><\/p>\n","protected":false},"featured_media":2577,"template":"","meta":{"_acf_changed":false},"product_brand":[],"product_cat":[56],"product_tag":[62],"class_list":{"0":"post-907","1":"product","2":"type-product","3":"status-publish","4":"has-post-thumbnail","6":"product_cat-acceso-a-especialidades","7":"product_tag-homologaciones","9":"first","10":"instock","11":"taxable","12":"shipping-taxable","13":"purchasable","14":"product-type-simple"},"acf":[],"yoast_head":"<!-- This site is optimized with the Yoast SEO Premium plugin v26.8 (Yoast SEO v26.8) - https:\/\/yoast.com\/product\/yoast-seo-premium-wordpress\/ -->\n<title>Homologaciones m\u00e9dicas AMIR: \u00a1Conquista nuevas fronteras!<\/title>\n<meta name=\"description\" content=\"Descubre c\u00f3mo las homologaciones m\u00e9dicas con AMIR te abren puertas a oportunidades globales. \u00a1Prep\u00e1rate con nosotros para el \u00e9xito en tu carrera m\u00e9dica!\" \/>\n<meta name=\"robots\" content=\"index, follow, max-snippet:-1, max-image-preview:large, max-video-preview:-1\" \/>\n<link rel=\"canonical\" href=\"https:\/\/amirlatam.com\/ec\/cursos\/acceso-a-especialidades\/homologaciones\/\" \/>\n<meta property=\"og:locale\" content=\"es_ES\" \/>\n<meta property=\"og:type\" content=\"article\" \/>\n<meta property=\"og:title\" content=\"Homologaciones | Amir Ecuador\" \/>\n<meta property=\"og:description\" content=\"Descubre c\u00f3mo las homologaciones m\u00e9dicas con AMIR te abren puertas a oportunidades globales. \u00a1Prep\u00e1rate con nosotros para el \u00e9xito en tu carrera m\u00e9dica!\" \/>\n<meta property=\"og:url\" content=\"https:\/\/amirlatam.com\/ec\/cursos\/acceso-a-especialidades\/homologaciones\/\" \/>\n<meta property=\"og:site_name\" content=\"Ecuador\" \/>\n<meta property=\"article:modified_time\" content=\"2025-12-10T17:12:33+00:00\" \/>\n<meta property=\"og:image\" content=\"https:\/\/amirlatam.com\/ec\/wp-content\/uploads\/sites\/6\/2023\/06\/Homologaciones.jpg\" \/>\n\t<meta property=\"og:image:width\" content=\"1920\" \/>\n\t<meta property=\"og:image:height\" content=\"1920\" \/>\n\t<meta property=\"og:image:type\" content=\"image\/jpeg\" \/>\n<meta name=\"twitter:card\" content=\"summary_large_image\" \/>\n<meta name=\"twitter:label1\" content=\"Precio\" \/>\n\t<meta name=\"twitter:data1\" content=\"&#036;1.00\" \/>\n\t<meta name=\"twitter:label2\" content=\"Disponibilidad\" \/>\n\t<meta name=\"twitter:data2\" content=\"Disponible\" \/>\n<script type=\"application\/ld+json\" class=\"yoast-schema-graph\">{\"@context\":\"https:\/\/schema.org\",\"@graph\":[{\"@type\":\"WebPage\",\"@id\":\"https:\/\/amirlatam.com\/ec\/cursos\/acceso-a-especialidades\/homologaciones\/\",\"url\":\"https:\/\/amirlatam.com\/ec\/cursos\/acceso-a-especialidades\/homologaciones\/\",\"name\":\"Homologaciones m\u00e9dicas AMIR: \u00a1Conquista nuevas fronteras!\",\"isPartOf\":{\"@id\":\"https:\/\/amirlatam.com\/ec\/#website\"},\"primaryImageOfPage\":{\"@id\":\"https:\/\/amirlatam.com\/ec\/cursos\/acceso-a-especialidades\/homologaciones\/#primaryimage\"},\"image\":{\"@id\":\"https:\/\/amirlatam.com\/ec\/cursos\/acceso-a-especialidades\/homologaciones\/#primaryimage\"},\"thumbnailUrl\":\"https:\/\/amirlatam.com\/ec\/wp-content\/uploads\/sites\/6\/2023\/06\/Homologaciones.jpg\",\"datePublished\":\"2023-06-25T21:10:40+00:00\",\"dateModified\":\"2025-12-10T17:12:33+00:00\",\"description\":\"Descubre c\u00f3mo las homologaciones m\u00e9dicas con AMIR te abren puertas a oportunidades globales. \u00a1Prep\u00e1rate con nosotros para el \u00e9xito en tu carrera m\u00e9dica!\",\"breadcrumb\":{\"@id\":\"https:\/\/amirlatam.com\/ec\/cursos\/acceso-a-especialidades\/homologaciones\/#breadcrumb\"},\"inLanguage\":\"es\",\"potentialAction\":[{\"@type\":\"ReadAction\",\"target\":[\"https:\/\/amirlatam.com\/ec\/cursos\/acceso-a-especialidades\/homologaciones\/\"]}]},{\"@type\":\"ImageObject\",\"inLanguage\":\"es\",\"@id\":\"https:\/\/amirlatam.com\/ec\/cursos\/acceso-a-especialidades\/homologaciones\/#primaryimage\",\"url\":\"https:\/\/amirlatam.com\/ec\/wp-content\/uploads\/sites\/6\/2023\/06\/Homologaciones.jpg\",\"contentUrl\":\"https:\/\/amirlatam.com\/ec\/wp-content\/uploads\/sites\/6\/2023\/06\/Homologaciones.jpg\",\"width\":1920,\"height\":1920,\"caption\":\"sobre amir ecuador\"},{\"@type\":\"BreadcrumbList\",\"@id\":\"https:\/\/amirlatam.com\/ec\/cursos\/acceso-a-especialidades\/homologaciones\/#breadcrumb\",\"itemListElement\":[{\"@type\":\"ListItem\",\"position\":1,\"name\":\"Portada\",\"item\":\"https:\/\/amirlatam.com\/ec\/\"},{\"@type\":\"ListItem\",\"position\":2,\"name\":\"Tienda\",\"item\":\"https:\/\/amirlatam.com\/ec\/tienda\/\"},{\"@type\":\"ListItem\",\"position\":3,\"name\":\"Homologaciones | Amir Ecuador\"}]},{\"@type\":\"WebSite\",\"@id\":\"https:\/\/amirlatam.com\/ec\/#website\",\"url\":\"https:\/\/amirlatam.com\/ec\/\",\"name\":\"Ecuador\",\"description\":\"AMIR Latinoam\u00e9rica\",\"publisher\":{\"@id\":\"https:\/\/amirlatam.com\/ec\/#organization\"},\"potentialAction\":[{\"@type\":\"SearchAction\",\"target\":{\"@type\":\"EntryPoint\",\"urlTemplate\":\"https:\/\/amirlatam.com\/ec\/?s={search_term_string}\"},\"query-input\":{\"@type\":\"PropertyValueSpecification\",\"valueRequired\":true,\"valueName\":\"search_term_string\"}}],\"inLanguage\":\"es\"},{\"@type\":\"Organization\",\"@id\":\"https:\/\/amirlatam.com\/ec\/#organization\",\"name\":\"Ecuador\",\"url\":\"https:\/\/amirlatam.com\/ec\/\",\"logo\":{\"@type\":\"ImageObject\",\"inLanguage\":\"es\",\"@id\":\"https:\/\/amirlatam.com\/ec\/#\/schema\/logo\/image\/\",\"url\":\"https:\/\/amirlatam.com\/ec\/wp-content\/uploads\/sites\/6\/2023\/06\/Logo.png\",\"contentUrl\":\"https:\/\/amirlatam.com\/ec\/wp-content\/uploads\/sites\/6\/2023\/06\/Logo.png\",\"width\":676,\"height\":200,\"caption\":\"Ecuador\"},\"image\":{\"@id\":\"https:\/\/amirlatam.com\/ec\/#\/schema\/logo\/image\/\"}}]}<\/script>\n<meta property=\"product:price:amount\" content=\"1.00\" \/>\n<meta property=\"product:price:currency\" content=\"USD\" \/>\n<meta property=\"og:availability\" content=\"instock\" \/>\n<meta property=\"product:availability\" content=\"instock\" \/>\n<meta property=\"product:condition\" content=\"new\" \/>\n<!-- \/ Yoast SEO Premium plugin. -->","yoast_head_json":{"title":"Homologaciones m\u00e9dicas AMIR: \u00a1Conquista nuevas fronteras!","description":"Descubre c\u00f3mo las homologaciones m\u00e9dicas con AMIR te abren puertas a oportunidades globales. \u00a1Prep\u00e1rate con nosotros para el \u00e9xito en tu carrera m\u00e9dica!","robots":{"index":"index","follow":"follow","max-snippet":"max-snippet:-1","max-image-preview":"max-image-preview:large","max-video-preview":"max-video-preview:-1"},"canonical":"https:\/\/amirlatam.com\/ec\/cursos\/acceso-a-especialidades\/homologaciones\/","og_locale":"es_ES","og_type":"article","og_title":"Homologaciones | Amir Ecuador","og_description":"Descubre c\u00f3mo las homologaciones m\u00e9dicas con AMIR te abren puertas a oportunidades globales. \u00a1Prep\u00e1rate con nosotros para el \u00e9xito en tu carrera m\u00e9dica!","og_url":"https:\/\/amirlatam.com\/ec\/cursos\/acceso-a-especialidades\/homologaciones\/","og_site_name":"Ecuador","article_modified_time":"2025-12-10T17:12:33+00:00","og_image":[{"width":1920,"height":1920,"url":"https:\/\/amirlatam.com\/ec\/wp-content\/uploads\/sites\/6\/2023\/06\/Homologaciones.jpg","type":"image\/jpeg"}],"twitter_card":"summary_large_image","twitter_misc":{"Precio":"&#36;1.00","Disponibilidad":"Disponible"},"schema":{"@context":"https:\/\/schema.org","@graph":[{"@type":"WebPage","@id":"https:\/\/amirlatam.com\/ec\/cursos\/acceso-a-especialidades\/homologaciones\/","url":"https:\/\/amirlatam.com\/ec\/cursos\/acceso-a-especialidades\/homologaciones\/","name":"Homologaciones m\u00e9dicas AMIR: \u00a1Conquista nuevas fronteras!","isPartOf":{"@id":"https:\/\/amirlatam.com\/ec\/#website"},"primaryImageOfPage":{"@id":"https:\/\/amirlatam.com\/ec\/cursos\/acceso-a-especialidades\/homologaciones\/#primaryimage"},"image":{"@id":"https:\/\/amirlatam.com\/ec\/cursos\/acceso-a-especialidades\/homologaciones\/#primaryimage"},"thumbnailUrl":"https:\/\/amirlatam.com\/ec\/wp-content\/uploads\/sites\/6\/2023\/06\/Homologaciones.jpg","datePublished":"2023-06-25T21:10:40+00:00","dateModified":"2025-12-10T17:12:33+00:00","description":"Descubre c\u00f3mo las homologaciones m\u00e9dicas con AMIR te abren puertas a oportunidades globales. \u00a1Prep\u00e1rate con nosotros para el \u00e9xito en tu carrera m\u00e9dica!","breadcrumb":{"@id":"https:\/\/amirlatam.com\/ec\/cursos\/acceso-a-especialidades\/homologaciones\/#breadcrumb"},"inLanguage":"es","potentialAction":[{"@type":"ReadAction","target":["https:\/\/amirlatam.com\/ec\/cursos\/acceso-a-especialidades\/homologaciones\/"]}]},{"@type":"ImageObject","inLanguage":"es","@id":"https:\/\/amirlatam.com\/ec\/cursos\/acceso-a-especialidades\/homologaciones\/#primaryimage","url":"https:\/\/amirlatam.com\/ec\/wp-content\/uploads\/sites\/6\/2023\/06\/Homologaciones.jpg","contentUrl":"https:\/\/amirlatam.com\/ec\/wp-content\/uploads\/sites\/6\/2023\/06\/Homologaciones.jpg","width":1920,"height":1920,"caption":"sobre amir ecuador"},{"@type":"BreadcrumbList","@id":"https:\/\/amirlatam.com\/ec\/cursos\/acceso-a-especialidades\/homologaciones\/#breadcrumb","itemListElement":[{"@type":"ListItem","position":1,"name":"Portada","item":"https:\/\/amirlatam.com\/ec\/"},{"@type":"ListItem","position":2,"name":"Tienda","item":"https:\/\/amirlatam.com\/ec\/tienda\/"},{"@type":"ListItem","position":3,"name":"Homologaciones | Amir Ecuador"}]},{"@type":"WebSite","@id":"https:\/\/amirlatam.com\/ec\/#website","url":"https:\/\/amirlatam.com\/ec\/","name":"Ecuador","description":"AMIR Latinoam\u00e9rica","publisher":{"@id":"https:\/\/amirlatam.com\/ec\/#organization"},"potentialAction":[{"@type":"SearchAction","target":{"@type":"EntryPoint","urlTemplate":"https:\/\/amirlatam.com\/ec\/?s={search_term_string}"},"query-input":{"@type":"PropertyValueSpecification","valueRequired":true,"valueName":"search_term_string"}}],"inLanguage":"es"},{"@type":"Organization","@id":"https:\/\/amirlatam.com\/ec\/#organization","name":"Ecuador","url":"https:\/\/amirlatam.com\/ec\/","logo":{"@type":"ImageObject","inLanguage":"es","@id":"https:\/\/amirlatam.com\/ec\/#\/schema\/logo\/image\/","url":"https:\/\/amirlatam.com\/ec\/wp-content\/uploads\/sites\/6\/2023\/06\/Logo.png","contentUrl":"https:\/\/amirlatam.com\/ec\/wp-content\/uploads\/sites\/6\/2023\/06\/Logo.png","width":676,"height":200,"caption":"Ecuador"},"image":{"@id":"https:\/\/amirlatam.com\/ec\/#\/schema\/logo\/image\/"}}]},"product_price_amount":"1.00","product_price_currency":"USD","og_availability":"instock","product_availability":"instock","product_condition":"new"},"_links":{"self":[{"href":"https:\/\/amirlatam.com\/ec\/wp-json\/wp\/v2\/product\/907","targetHints":{"allow":["GET"]}}],"collection":[{"href":"https:\/\/amirlatam.com\/ec\/wp-json\/wp\/v2\/product"}],"about":[{"href":"https:\/\/amirlatam.com\/ec\/wp-json\/wp\/v2\/types\/product"}],"version-history":[{"count":15,"href":"https:\/\/amirlatam.com\/ec\/wp-json\/wp\/v2\/product\/907\/revisions"}],"predecessor-version":[{"id":11271,"href":"https:\/\/amirlatam.com\/ec\/wp-json\/wp\/v2\/product\/907\/revisions\/11271"}],"wp:featuredmedia":[{"embeddable":true,"href":"https:\/\/amirlatam.com\/ec\/wp-json\/wp\/v2\/media\/2577"}],"wp:attachment":[{"href":"https:\/\/amirlatam.com\/ec\/wp-json\/wp\/v2\/media?parent=907"}],"wp:term":[{"taxonomy":"product_brand","embeddable":true,"href":"https:\/\/amirlatam.com\/ec\/wp-json\/wp\/v2\/product_brand?post=907"},{"taxonomy":"product_cat","embeddable":true,"href":"https:\/\/amirlatam.com\/ec\/wp-json\/wp\/v2\/product_cat?post=907"},{"taxonomy":"product_tag","embeddable":true,"href":"https:\/\/amirlatam.com\/ec\/wp-json\/wp\/v2\/product_tag?post=907"}],"curies":[{"name":"wp","href":"https:\/\/api.w.org\/{rel}","templated":true}]}}