{"id":10741,"date":"2024-08-22T13:46:54","date_gmt":"2024-08-22T17:46:54","guid":{"rendered":"https:\/\/amirlatam.com\/ec\/?post_type=product&#038;p=10741"},"modified":"2025-12-16T11:24:20","modified_gmt":"2025-12-16T15:24:20","slug":"curso-mir","status":"publish","type":"product","link":"https:\/\/amirlatam.com\/ec\/cursos\/acceso-a-especialidades\/mir\/curso-mir\/","title":{"rendered":"Curso MIR 2027"},"content":{"rendered":"<p><span data-contrast=\"none\">En AMIR, creemos que la educaci\u00f3n en salud es la fuerza que mueve al mundo. Es por eso que nos comprometimos con m\u00e1s de 100 mil m\u00e9dicos globalmente, consolid\u00e1ndonos como la instituci\u00f3n de educaci\u00f3n en salud de habla hispana m\u00e1s grande del mundo.\u00a0<\/span><span data-ccp-props=\"{&quot;134233117&quot;:false,&quot;134233118&quot;:false,&quot;201341983&quot;:0,&quot;335559738&quot;:0,&quot;335559739&quot;:360,&quot;335559740&quot;:259}\">\u00a0<\/span><\/p>\n<p><span data-contrast=\"none\">Desde <\/span><span data-contrast=\"none\">el 2006, AMIR naci\u00f3 con la filosof\u00eda de ser una Instituci\u00f3n diferente, creada por m\u00e9dicos para formar m\u00e9dicos<\/span><span data-contrast=\"none\">, enfocada en una preparaci\u00f3n de calidad para impulsar a los alumnos para obtener su residencia m\u00e9dica en Espa\u00f1a.<\/span><span data-ccp-props=\"{&quot;201341983&quot;:0,&quot;335559739&quot;:160,&quot;335559740&quot;:279}\">\u00a0<\/span><\/p>\n<p><span data-contrast=\"none\">Somos los l\u00edderes en formaci\u00f3n para el MIR con m\u00e1s de 16 a\u00f1os de experiencia en Espa\u00f1a y m\u00e1s de 6 a\u00f1os en Colombia.<\/span><span data-ccp-props=\"{&quot;201341983&quot;:0,&quot;335559739&quot;:160,&quot;335559740&quot;:279}\">\u00a0<\/span><\/p>\n","protected":false},"excerpt":{"rendered":"<h2>El 25% de plazas MIR a extranjeros estudiaron nuestro Curso MIR Ecuador<\/h2>\n<p>Somos los l\u00edderes en formaci\u00f3n para el MIR con m\u00e1s de 16 a\u00f1os de experiencia en Espa\u00f1a y m\u00e1s de 6 a\u00f1os en Ecuador.<\/p>\n","protected":false},"featured_media":11242,"template":"","meta":{"_acf_changed":false},"product_brand":[],"product_cat":[56,65],"product_tag":[117],"class_list":{"0":"post-10741","1":"product","2":"type-product","3":"status-publish","4":"has-post-thumbnail","6":"product_cat-acceso-a-especialidades","7":"product_cat-mir","8":"product_tag-mirnuevo","10":"first","11":"instock","12":"featured","13":"taxable","14":"shipping-taxable","15":"purchasable","16":"product-type-simple"},"acf":[],"yoast_head":"<!-- This site is optimized with the Yoast SEO Premium plugin v26.8 (Yoast SEO v26.8) - https:\/\/yoast.com\/product\/yoast-seo-premium-wordpress\/ -->\n<title>Prep\u00e1rate con AMIR para el Examen MIR: Cursos especializados<\/title>\n<meta name=\"description\" content=\"Domina el Examen MIR con los cursos especializados de AMIR Ecuador. Asegura tu \u00e9xito en la prueba m\u00e1s importante para la especializaci\u00f3n m\u00e9dica ahora\" \/>\n<meta name=\"robots\" content=\"index, follow, max-snippet:-1, max-image-preview:large, max-video-preview:-1\" \/>\n<link rel=\"canonical\" href=\"https:\/\/amirlatam.com\/ec\/cursos\/acceso-a-especialidades\/mir\/curso-mir\/\" \/>\n<meta property=\"og:locale\" content=\"es_ES\" \/>\n<meta property=\"og:type\" content=\"article\" \/>\n<meta property=\"og:title\" content=\"Curso MIR 2027\" \/>\n<meta property=\"og:description\" content=\"Domina el Examen MIR con los cursos especializados de AMIR Ecuador. Asegura tu \u00e9xito en la prueba m\u00e1s importante para la especializaci\u00f3n m\u00e9dica ahora\" \/>\n<meta property=\"og:url\" content=\"https:\/\/amirlatam.com\/ec\/cursos\/acceso-a-especialidades\/mir\/curso-mir\/\" \/>\n<meta property=\"og:site_name\" content=\"Ecuador\" \/>\n<meta property=\"article:modified_time\" content=\"2025-12-16T15:24:20+00:00\" \/>\n<meta property=\"og:image\" content=\"https:\/\/amirlatam.com\/ec\/wp-content\/uploads\/sites\/6\/2024\/08\/Banner_MIR_conoce-mas-programas.png\" \/>\n\t<meta property=\"og:image:width\" content=\"372\" \/>\n\t<meta property=\"og:image:height\" content=\"250\" \/>\n\t<meta property=\"og:image:type\" content=\"image\/png\" \/>\n<meta name=\"twitter:card\" content=\"summary_large_image\" \/>\n<meta name=\"twitter:label1\" content=\"Precio\" \/>\n\t<meta name=\"twitter:data1\" content=\"&#036;1.00\" \/>\n\t<meta name=\"twitter:label2\" content=\"Disponibilidad\" \/>\n\t<meta name=\"twitter:data2\" content=\"Disponible\" \/>\n<script type=\"application\/ld+json\" class=\"yoast-schema-graph\">{\"@context\":\"https:\/\/schema.org\",\"@graph\":[{\"@type\":\"WebPage\",\"@id\":\"https:\/\/amirlatam.com\/ec\/cursos\/acceso-a-especialidades\/mir\/curso-mir\/\",\"url\":\"https:\/\/amirlatam.com\/ec\/cursos\/acceso-a-especialidades\/mir\/curso-mir\/\",\"name\":\"Prep\u00e1rate con AMIR para el Examen MIR: Cursos especializados\",\"isPartOf\":{\"@id\":\"https:\/\/amirlatam.com\/ec\/#website\"},\"primaryImageOfPage\":{\"@id\":\"https:\/\/amirlatam.com\/ec\/cursos\/acceso-a-especialidades\/mir\/curso-mir\/#primaryimage\"},\"image\":{\"@id\":\"https:\/\/amirlatam.com\/ec\/cursos\/acceso-a-especialidades\/mir\/curso-mir\/#primaryimage\"},\"thumbnailUrl\":\"https:\/\/amirlatam.com\/ec\/wp-content\/uploads\/sites\/6\/2024\/08\/Banner_MIR_conoce-mas-programas.png\",\"datePublished\":\"2024-08-22T17:46:54+00:00\",\"dateModified\":\"2025-12-16T15:24:20+00:00\",\"description\":\"Domina el Examen MIR con los cursos especializados de AMIR Ecuador. Asegura tu \u00e9xito en la prueba m\u00e1s importante para la especializaci\u00f3n m\u00e9dica ahora\",\"breadcrumb\":{\"@id\":\"https:\/\/amirlatam.com\/ec\/cursos\/acceso-a-especialidades\/mir\/curso-mir\/#breadcrumb\"},\"inLanguage\":\"es\",\"potentialAction\":[{\"@type\":\"ReadAction\",\"target\":[\"https:\/\/amirlatam.com\/ec\/cursos\/acceso-a-especialidades\/mir\/curso-mir\/\"]}]},{\"@type\":\"ImageObject\",\"inLanguage\":\"es\",\"@id\":\"https:\/\/amirlatam.com\/ec\/cursos\/acceso-a-especialidades\/mir\/curso-mir\/#primaryimage\",\"url\":\"https:\/\/amirlatam.com\/ec\/wp-content\/uploads\/sites\/6\/2024\/08\/Banner_MIR_conoce-mas-programas.png\",\"contentUrl\":\"https:\/\/amirlatam.com\/ec\/wp-content\/uploads\/sites\/6\/2024\/08\/Banner_MIR_conoce-mas-programas.png\",\"width\":372,\"height\":250},{\"@type\":\"BreadcrumbList\",\"@id\":\"https:\/\/amirlatam.com\/ec\/cursos\/acceso-a-especialidades\/mir\/curso-mir\/#breadcrumb\",\"itemListElement\":[{\"@type\":\"ListItem\",\"position\":1,\"name\":\"Portada\",\"item\":\"https:\/\/amirlatam.com\/ec\/\"},{\"@type\":\"ListItem\",\"position\":2,\"name\":\"Tienda\",\"item\":\"https:\/\/amirlatam.com\/ec\/tienda\/\"},{\"@type\":\"ListItem\",\"position\":3,\"name\":\"Curso MIR 2027\"}]},{\"@type\":\"WebSite\",\"@id\":\"https:\/\/amirlatam.com\/ec\/#website\",\"url\":\"https:\/\/amirlatam.com\/ec\/\",\"name\":\"Ecuador\",\"description\":\"AMIR Latinoam\u00e9rica\",\"publisher\":{\"@id\":\"https:\/\/amirlatam.com\/ec\/#organization\"},\"potentialAction\":[{\"@type\":\"SearchAction\",\"target\":{\"@type\":\"EntryPoint\",\"urlTemplate\":\"https:\/\/amirlatam.com\/ec\/?s={search_term_string}\"},\"query-input\":{\"@type\":\"PropertyValueSpecification\",\"valueRequired\":true,\"valueName\":\"search_term_string\"}}],\"inLanguage\":\"es\"},{\"@type\":\"Organization\",\"@id\":\"https:\/\/amirlatam.com\/ec\/#organization\",\"name\":\"Ecuador\",\"url\":\"https:\/\/amirlatam.com\/ec\/\",\"logo\":{\"@type\":\"ImageObject\",\"inLanguage\":\"es\",\"@id\":\"https:\/\/amirlatam.com\/ec\/#\/schema\/logo\/image\/\",\"url\":\"https:\/\/amirlatam.com\/ec\/wp-content\/uploads\/sites\/6\/2023\/06\/Logo.png\",\"contentUrl\":\"https:\/\/amirlatam.com\/ec\/wp-content\/uploads\/sites\/6\/2023\/06\/Logo.png\",\"width\":676,\"height\":200,\"caption\":\"Ecuador\"},\"image\":{\"@id\":\"https:\/\/amirlatam.com\/ec\/#\/schema\/logo\/image\/\"}}]}<\/script>\n<meta property=\"product:price:amount\" content=\"1.00\" \/>\n<meta property=\"product:price:currency\" content=\"USD\" \/>\n<meta property=\"og:availability\" content=\"instock\" \/>\n<meta property=\"product:availability\" content=\"instock\" \/>\n<meta property=\"product:condition\" content=\"new\" \/>\n<!-- \/ Yoast SEO Premium plugin. -->","yoast_head_json":{"title":"Prep\u00e1rate con AMIR para el Examen MIR: Cursos especializados","description":"Domina el Examen MIR con los cursos especializados de AMIR Ecuador. Asegura tu \u00e9xito en la prueba m\u00e1s importante para la especializaci\u00f3n m\u00e9dica ahora","robots":{"index":"index","follow":"follow","max-snippet":"max-snippet:-1","max-image-preview":"max-image-preview:large","max-video-preview":"max-video-preview:-1"},"canonical":"https:\/\/amirlatam.com\/ec\/cursos\/acceso-a-especialidades\/mir\/curso-mir\/","og_locale":"es_ES","og_type":"article","og_title":"Curso MIR 2027","og_description":"Domina el Examen MIR con los cursos especializados de AMIR Ecuador. Asegura tu \u00e9xito en la prueba m\u00e1s importante para la especializaci\u00f3n m\u00e9dica ahora","og_url":"https:\/\/amirlatam.com\/ec\/cursos\/acceso-a-especialidades\/mir\/curso-mir\/","og_site_name":"Ecuador","article_modified_time":"2025-12-16T15:24:20+00:00","og_image":[{"width":372,"height":250,"url":"https:\/\/amirlatam.com\/ec\/wp-content\/uploads\/sites\/6\/2024\/08\/Banner_MIR_conoce-mas-programas.png","type":"image\/png"}],"twitter_card":"summary_large_image","twitter_misc":{"Precio":"&#36;1.00","Disponibilidad":"Disponible"},"schema":{"@context":"https:\/\/schema.org","@graph":[{"@type":"WebPage","@id":"https:\/\/amirlatam.com\/ec\/cursos\/acceso-a-especialidades\/mir\/curso-mir\/","url":"https:\/\/amirlatam.com\/ec\/cursos\/acceso-a-especialidades\/mir\/curso-mir\/","name":"Prep\u00e1rate con AMIR para el Examen MIR: Cursos especializados","isPartOf":{"@id":"https:\/\/amirlatam.com\/ec\/#website"},"primaryImageOfPage":{"@id":"https:\/\/amirlatam.com\/ec\/cursos\/acceso-a-especialidades\/mir\/curso-mir\/#primaryimage"},"image":{"@id":"https:\/\/amirlatam.com\/ec\/cursos\/acceso-a-especialidades\/mir\/curso-mir\/#primaryimage"},"thumbnailUrl":"https:\/\/amirlatam.com\/ec\/wp-content\/uploads\/sites\/6\/2024\/08\/Banner_MIR_conoce-mas-programas.png","datePublished":"2024-08-22T17:46:54+00:00","dateModified":"2025-12-16T15:24:20+00:00","description":"Domina el Examen MIR con los cursos especializados de AMIR Ecuador. Asegura tu \u00e9xito en la prueba m\u00e1s importante para la especializaci\u00f3n m\u00e9dica ahora","breadcrumb":{"@id":"https:\/\/amirlatam.com\/ec\/cursos\/acceso-a-especialidades\/mir\/curso-mir\/#breadcrumb"},"inLanguage":"es","potentialAction":[{"@type":"ReadAction","target":["https:\/\/amirlatam.com\/ec\/cursos\/acceso-a-especialidades\/mir\/curso-mir\/"]}]},{"@type":"ImageObject","inLanguage":"es","@id":"https:\/\/amirlatam.com\/ec\/cursos\/acceso-a-especialidades\/mir\/curso-mir\/#primaryimage","url":"https:\/\/amirlatam.com\/ec\/wp-content\/uploads\/sites\/6\/2024\/08\/Banner_MIR_conoce-mas-programas.png","contentUrl":"https:\/\/amirlatam.com\/ec\/wp-content\/uploads\/sites\/6\/2024\/08\/Banner_MIR_conoce-mas-programas.png","width":372,"height":250},{"@type":"BreadcrumbList","@id":"https:\/\/amirlatam.com\/ec\/cursos\/acceso-a-especialidades\/mir\/curso-mir\/#breadcrumb","itemListElement":[{"@type":"ListItem","position":1,"name":"Portada","item":"https:\/\/amirlatam.com\/ec\/"},{"@type":"ListItem","position":2,"name":"Tienda","item":"https:\/\/amirlatam.com\/ec\/tienda\/"},{"@type":"ListItem","position":3,"name":"Curso MIR 2027"}]},{"@type":"WebSite","@id":"https:\/\/amirlatam.com\/ec\/#website","url":"https:\/\/amirlatam.com\/ec\/","name":"Ecuador","description":"AMIR Latinoam\u00e9rica","publisher":{"@id":"https:\/\/amirlatam.com\/ec\/#organization"},"potentialAction":[{"@type":"SearchAction","target":{"@type":"EntryPoint","urlTemplate":"https:\/\/amirlatam.com\/ec\/?s={search_term_string}"},"query-input":{"@type":"PropertyValueSpecification","valueRequired":true,"valueName":"search_term_string"}}],"inLanguage":"es"},{"@type":"Organization","@id":"https:\/\/amirlatam.com\/ec\/#organization","name":"Ecuador","url":"https:\/\/amirlatam.com\/ec\/","logo":{"@type":"ImageObject","inLanguage":"es","@id":"https:\/\/amirlatam.com\/ec\/#\/schema\/logo\/image\/","url":"https:\/\/amirlatam.com\/ec\/wp-content\/uploads\/sites\/6\/2023\/06\/Logo.png","contentUrl":"https:\/\/amirlatam.com\/ec\/wp-content\/uploads\/sites\/6\/2023\/06\/Logo.png","width":676,"height":200,"caption":"Ecuador"},"image":{"@id":"https:\/\/amirlatam.com\/ec\/#\/schema\/logo\/image\/"}}]},"product_price_amount":"1.00","product_price_currency":"USD","og_availability":"instock","product_availability":"instock","product_condition":"new"},"_links":{"self":[{"href":"https:\/\/amirlatam.com\/ec\/wp-json\/wp\/v2\/product\/10741","targetHints":{"allow":["GET"]}}],"collection":[{"href":"https:\/\/amirlatam.com\/ec\/wp-json\/wp\/v2\/product"}],"about":[{"href":"https:\/\/amirlatam.com\/ec\/wp-json\/wp\/v2\/types\/product"}],"version-history":[{"count":10,"href":"https:\/\/amirlatam.com\/ec\/wp-json\/wp\/v2\/product\/10741\/revisions"}],"predecessor-version":[{"id":11286,"href":"https:\/\/amirlatam.com\/ec\/wp-json\/wp\/v2\/product\/10741\/revisions\/11286"}],"wp:featuredmedia":[{"embeddable":true,"href":"https:\/\/amirlatam.com\/ec\/wp-json\/wp\/v2\/media\/11242"}],"wp:attachment":[{"href":"https:\/\/amirlatam.com\/ec\/wp-json\/wp\/v2\/media?parent=10741"}],"wp:term":[{"taxonomy":"product_brand","embeddable":true,"href":"https:\/\/amirlatam.com\/ec\/wp-json\/wp\/v2\/product_brand?post=10741"},{"taxonomy":"product_cat","embeddable":true,"href":"https:\/\/amirlatam.com\/ec\/wp-json\/wp\/v2\/product_cat?post=10741"},{"taxonomy":"product_tag","embeddable":true,"href":"https:\/\/amirlatam.com\/ec\/wp-json\/wp\/v2\/product_tag?post=10741"}],"curies":[{"name":"wp","href":"https:\/\/api.w.org\/{rel}","templated":true}]}}