{"id":10215,"date":"2024-01-05T14:32:16","date_gmt":"2024-01-05T18:32:16","guid":{"rendered":"https:\/\/amirlatam.com\/ec\/?post_type=product&#038;p=10215"},"modified":"2025-12-10T13:06:01","modified_gmt":"2025-12-10T17:06:01","slug":"diplomado-en-anestesiologia-y-reanimacion","status":"publish","type":"product","link":"https:\/\/amirlatam.com\/ec\/cursos\/medicina\/diplomados\/diplomado-en-anestesiologia-y-reanimacion\/","title":{"rendered":"Diplomado en Anestesiolog\u00eda y Reanimaci\u00f3n"},"content":{"rendered":"<p><strong>1. M\u00f3dulo:<\/strong> Anestesia Obst\u00e9trica y Pedi\u00e1trica<\/p>\n<p><strong>2. M\u00f3dulo:<\/strong> Consideraciones Especiales en Anestesia<\/p>\n<p><strong>3. M\u00f3dulo:<\/strong> Cuidados Postoperatorios<\/p>\n<p><strong>4. M\u00f3dulo:<\/strong> Evaluaci\u00f3n Preanest\u00e9sica y Control de Calidad<\/p>\n<p><strong>5. M\u00f3dulo:<\/strong> T\u00e9cnicas de Anestesia<\/p>\n<p><strong>6. M\u00f3dulo:<\/strong> Anestesia Regional y Manejo del Dolor<\/p>\n<p><strong>7. M\u00f3dulo:<\/strong> Urgencias y Complicaciones en Anestesia<\/p>\n","protected":false},"excerpt":{"rendered":"<h2><strong>Haz crecer tu carrera como m\u00e9dico<\/strong><\/h2>\n<p>Como m\u00e9dico interno, especialista o interno residente, te actualizaremos en los conocimientos y pr\u00e1cticas relacionadas con la <strong>anestesiolog\u00eda y la reanimaci\u00f3n m\u00e9dica<\/strong>. A trav\u00e9s de los m\u00f3dulos del plan de estudios, te capacitaremos en t\u00e9cnicas de anestesia intraoperatoria, preoperatoria y para cirug\u00eda en diferentes especialidades m\u00e9dicas. Adem\u00e1s, conocer\u00e1s todos los<br \/>\ncambios fisiol\u00f3gicos durante la anestesia y abordar las urgencias, emergencias y complicaciones que puedan surgir en cualquier \u00e1mbito de sedaci\u00f3n, anestesia o uso de anest\u00e9sicos.<\/p>\n","protected":false},"featured_media":10328,"template":"","meta":{"_acf_changed":false},"product_brand":[],"product_cat":[59,87],"product_tag":[],"class_list":{"0":"post-10215","1":"product","2":"type-product","3":"status-publish","4":"has-post-thumbnail","6":"product_cat-medicina","7":"product_cat-diplomados","9":"first","10":"instock","11":"taxable","12":"shipping-taxable","13":"purchasable","14":"product-type-simple"},"acf":[],"yoast_head":"<!-- This site is optimized with the Yoast SEO Premium plugin v26.8 (Yoast SEO v26.8) - https:\/\/yoast.com\/product\/yoast-seo-premium-wordpress\/ -->\n<title>Diplomado en Anestesiolog\u00eda y Reanimaci\u00f3n - Ecuador<\/title>\n<meta name=\"robots\" content=\"index, follow, max-snippet:-1, max-image-preview:large, max-video-preview:-1\" \/>\n<link rel=\"canonical\" href=\"https:\/\/amirlatam.com\/ec\/cursos\/medicina\/diplomados\/diplomado-en-anestesiologia\/\" \/>\n<meta property=\"og:locale\" content=\"es_ES\" \/>\n<meta property=\"og:type\" content=\"article\" \/>\n<meta property=\"og:title\" content=\"Diplomado en Anestesiolog\u00eda y Reanimaci\u00f3n\" \/>\n<meta property=\"og:description\" content=\"Haz crecer tu carrera como m\u00e9dico Como m\u00e9dico interno, especialista o interno residente, te actualizaremos en los conocimientos y pr\u00e1cticas relacionadas con la anestesiolog\u00eda y la reanimaci\u00f3n m\u00e9dica. A trav\u00e9s de los m\u00f3dulos del plan de estudios, te capacitaremos en t\u00e9cnicas de anestesia intraoperatoria, preoperatoria y para cirug\u00eda en diferentes especialidades m\u00e9dicas. Adem\u00e1s, conocer\u00e1s todos los cambios fisiol\u00f3gicos durante la anestesia y abordar las urgencias, emergencias y complicaciones que puedan surgir en cualquier \u00e1mbito de sedaci\u00f3n, anestesia o uso de anest\u00e9sicos.\" \/>\n<meta property=\"og:url\" content=\"https:\/\/amirlatam.com\/ec\/cursos\/medicina\/diplomados\/diplomado-en-anestesiologia\/\" \/>\n<meta property=\"og:site_name\" content=\"Ecuador\" \/>\n<meta property=\"article:modified_time\" content=\"2025-12-10T17:06:01+00:00\" \/>\n<meta property=\"og:image\" content=\"https:\/\/amirlatam.com\/ec\/wp-content\/uploads\/sites\/6\/2024\/01\/nurse-putting-oxygen-mask-patient-scaled.jpg\" \/>\n\t<meta property=\"og:image:width\" content=\"1707\" \/>\n\t<meta property=\"og:image:height\" content=\"2560\" \/>\n\t<meta property=\"og:image:type\" content=\"image\/jpeg\" \/>\n<meta name=\"twitter:card\" content=\"summary_large_image\" \/>\n<meta name=\"twitter:label1\" content=\"Precio\" \/>\n\t<meta name=\"twitter:data1\" content=\"&#036;1.00\" \/>\n\t<meta name=\"twitter:label2\" content=\"Disponibilidad\" \/>\n\t<meta name=\"twitter:data2\" content=\"Disponible\" \/>\n<script type=\"application\/ld+json\" class=\"yoast-schema-graph\">{\"@context\":\"https:\/\/schema.org\",\"@graph\":[{\"@type\":\"WebPage\",\"@id\":\"https:\/\/amirlatam.com\/ec\/cursos\/medicina\/diplomados\/diplomado-en-anestesiologia\/\",\"url\":\"https:\/\/amirlatam.com\/ec\/cursos\/medicina\/diplomados\/diplomado-en-anestesiologia\/\",\"name\":\"Diplomado en Anestesiolog\u00eda y Reanimaci\u00f3n - Ecuador\",\"isPartOf\":{\"@id\":\"https:\/\/amirlatam.com\/ec\/#website\"},\"primaryImageOfPage\":{\"@id\":\"https:\/\/amirlatam.com\/ec\/cursos\/medicina\/diplomados\/diplomado-en-anestesiologia\/#primaryimage\"},\"image\":{\"@id\":\"https:\/\/amirlatam.com\/ec\/cursos\/medicina\/diplomados\/diplomado-en-anestesiologia\/#primaryimage\"},\"thumbnailUrl\":\"https:\/\/amirlatam.com\/ec\/wp-content\/uploads\/sites\/6\/2024\/01\/nurse-putting-oxygen-mask-patient-scaled.jpg\",\"datePublished\":\"2024-01-05T18:32:16+00:00\",\"dateModified\":\"2025-12-10T17:06:01+00:00\",\"breadcrumb\":{\"@id\":\"https:\/\/amirlatam.com\/ec\/cursos\/medicina\/diplomados\/diplomado-en-anestesiologia\/#breadcrumb\"},\"inLanguage\":\"es\",\"potentialAction\":[{\"@type\":\"ReadAction\",\"target\":[\"https:\/\/amirlatam.com\/ec\/cursos\/medicina\/diplomados\/diplomado-en-anestesiologia\/\"]}]},{\"@type\":\"ImageObject\",\"inLanguage\":\"es\",\"@id\":\"https:\/\/amirlatam.com\/ec\/cursos\/medicina\/diplomados\/diplomado-en-anestesiologia\/#primaryimage\",\"url\":\"https:\/\/amirlatam.com\/ec\/wp-content\/uploads\/sites\/6\/2024\/01\/nurse-putting-oxygen-mask-patient-scaled.jpg\",\"contentUrl\":\"https:\/\/amirlatam.com\/ec\/wp-content\/uploads\/sites\/6\/2024\/01\/nurse-putting-oxygen-mask-patient-scaled.jpg\",\"width\":1707,\"height\":2560},{\"@type\":\"BreadcrumbList\",\"@id\":\"https:\/\/amirlatam.com\/ec\/cursos\/medicina\/diplomados\/diplomado-en-anestesiologia\/#breadcrumb\",\"itemListElement\":[{\"@type\":\"ListItem\",\"position\":1,\"name\":\"Portada\",\"item\":\"https:\/\/amirlatam.com\/ec\/\"},{\"@type\":\"ListItem\",\"position\":2,\"name\":\"Tienda\",\"item\":\"https:\/\/amirlatam.com\/ec\/tienda\/\"},{\"@type\":\"ListItem\",\"position\":3,\"name\":\"Diplomado en Anestesiolog\u00eda y Reanimaci\u00f3n\"}]},{\"@type\":\"WebSite\",\"@id\":\"https:\/\/amirlatam.com\/ec\/#website\",\"url\":\"https:\/\/amirlatam.com\/ec\/\",\"name\":\"Ecuador\",\"description\":\"AMIR Latinoam\u00e9rica\",\"publisher\":{\"@id\":\"https:\/\/amirlatam.com\/ec\/#organization\"},\"potentialAction\":[{\"@type\":\"SearchAction\",\"target\":{\"@type\":\"EntryPoint\",\"urlTemplate\":\"https:\/\/amirlatam.com\/ec\/?s={search_term_string}\"},\"query-input\":{\"@type\":\"PropertyValueSpecification\",\"valueRequired\":true,\"valueName\":\"search_term_string\"}}],\"inLanguage\":\"es\"},{\"@type\":\"Organization\",\"@id\":\"https:\/\/amirlatam.com\/ec\/#organization\",\"name\":\"Ecuador\",\"url\":\"https:\/\/amirlatam.com\/ec\/\",\"logo\":{\"@type\":\"ImageObject\",\"inLanguage\":\"es\",\"@id\":\"https:\/\/amirlatam.com\/ec\/#\/schema\/logo\/image\/\",\"url\":\"https:\/\/amirlatam.com\/ec\/wp-content\/uploads\/sites\/6\/2023\/06\/Logo.png\",\"contentUrl\":\"https:\/\/amirlatam.com\/ec\/wp-content\/uploads\/sites\/6\/2023\/06\/Logo.png\",\"width\":676,\"height\":200,\"caption\":\"Ecuador\"},\"image\":{\"@id\":\"https:\/\/amirlatam.com\/ec\/#\/schema\/logo\/image\/\"}}]}<\/script>\n<meta property=\"product:price:amount\" content=\"1.00\" \/>\n<meta property=\"product:price:currency\" content=\"USD\" \/>\n<meta property=\"og:availability\" content=\"instock\" \/>\n<meta property=\"product:availability\" content=\"instock\" \/>\n<meta property=\"product:condition\" content=\"new\" \/>\n<!-- \/ Yoast SEO Premium plugin. -->","yoast_head_json":{"title":"Diplomado en Anestesiolog\u00eda y Reanimaci\u00f3n - Ecuador","robots":{"index":"index","follow":"follow","max-snippet":"max-snippet:-1","max-image-preview":"max-image-preview:large","max-video-preview":"max-video-preview:-1"},"canonical":"https:\/\/amirlatam.com\/ec\/cursos\/medicina\/diplomados\/diplomado-en-anestesiologia\/","og_locale":"es_ES","og_type":"article","og_title":"Diplomado en Anestesiolog\u00eda y Reanimaci\u00f3n","og_description":"Haz crecer tu carrera como m\u00e9dico Como m\u00e9dico interno, especialista o interno residente, te actualizaremos en los conocimientos y pr\u00e1cticas relacionadas con la anestesiolog\u00eda y la reanimaci\u00f3n m\u00e9dica. A trav\u00e9s de los m\u00f3dulos del plan de estudios, te capacitaremos en t\u00e9cnicas de anestesia intraoperatoria, preoperatoria y para cirug\u00eda en diferentes especialidades m\u00e9dicas. Adem\u00e1s, conocer\u00e1s todos los cambios fisiol\u00f3gicos durante la anestesia y abordar las urgencias, emergencias y complicaciones que puedan surgir en cualquier \u00e1mbito de sedaci\u00f3n, anestesia o uso de anest\u00e9sicos.","og_url":"https:\/\/amirlatam.com\/ec\/cursos\/medicina\/diplomados\/diplomado-en-anestesiologia\/","og_site_name":"Ecuador","article_modified_time":"2025-12-10T17:06:01+00:00","og_image":[{"width":1707,"height":2560,"url":"https:\/\/amirlatam.com\/ec\/wp-content\/uploads\/sites\/6\/2024\/01\/nurse-putting-oxygen-mask-patient-scaled.jpg","type":"image\/jpeg"}],"twitter_card":"summary_large_image","twitter_misc":{"Precio":"&#36;1.00","Disponibilidad":"Disponible"},"schema":{"@context":"https:\/\/schema.org","@graph":[{"@type":"WebPage","@id":"https:\/\/amirlatam.com\/ec\/cursos\/medicina\/diplomados\/diplomado-en-anestesiologia\/","url":"https:\/\/amirlatam.com\/ec\/cursos\/medicina\/diplomados\/diplomado-en-anestesiologia\/","name":"Diplomado en Anestesiolog\u00eda y Reanimaci\u00f3n - Ecuador","isPartOf":{"@id":"https:\/\/amirlatam.com\/ec\/#website"},"primaryImageOfPage":{"@id":"https:\/\/amirlatam.com\/ec\/cursos\/medicina\/diplomados\/diplomado-en-anestesiologia\/#primaryimage"},"image":{"@id":"https:\/\/amirlatam.com\/ec\/cursos\/medicina\/diplomados\/diplomado-en-anestesiologia\/#primaryimage"},"thumbnailUrl":"https:\/\/amirlatam.com\/ec\/wp-content\/uploads\/sites\/6\/2024\/01\/nurse-putting-oxygen-mask-patient-scaled.jpg","datePublished":"2024-01-05T18:32:16+00:00","dateModified":"2025-12-10T17:06:01+00:00","breadcrumb":{"@id":"https:\/\/amirlatam.com\/ec\/cursos\/medicina\/diplomados\/diplomado-en-anestesiologia\/#breadcrumb"},"inLanguage":"es","potentialAction":[{"@type":"ReadAction","target":["https:\/\/amirlatam.com\/ec\/cursos\/medicina\/diplomados\/diplomado-en-anestesiologia\/"]}]},{"@type":"ImageObject","inLanguage":"es","@id":"https:\/\/amirlatam.com\/ec\/cursos\/medicina\/diplomados\/diplomado-en-anestesiologia\/#primaryimage","url":"https:\/\/amirlatam.com\/ec\/wp-content\/uploads\/sites\/6\/2024\/01\/nurse-putting-oxygen-mask-patient-scaled.jpg","contentUrl":"https:\/\/amirlatam.com\/ec\/wp-content\/uploads\/sites\/6\/2024\/01\/nurse-putting-oxygen-mask-patient-scaled.jpg","width":1707,"height":2560},{"@type":"BreadcrumbList","@id":"https:\/\/amirlatam.com\/ec\/cursos\/medicina\/diplomados\/diplomado-en-anestesiologia\/#breadcrumb","itemListElement":[{"@type":"ListItem","position":1,"name":"Portada","item":"https:\/\/amirlatam.com\/ec\/"},{"@type":"ListItem","position":2,"name":"Tienda","item":"https:\/\/amirlatam.com\/ec\/tienda\/"},{"@type":"ListItem","position":3,"name":"Diplomado en Anestesiolog\u00eda y Reanimaci\u00f3n"}]},{"@type":"WebSite","@id":"https:\/\/amirlatam.com\/ec\/#website","url":"https:\/\/amirlatam.com\/ec\/","name":"Ecuador","description":"AMIR Latinoam\u00e9rica","publisher":{"@id":"https:\/\/amirlatam.com\/ec\/#organization"},"potentialAction":[{"@type":"SearchAction","target":{"@type":"EntryPoint","urlTemplate":"https:\/\/amirlatam.com\/ec\/?s={search_term_string}"},"query-input":{"@type":"PropertyValueSpecification","valueRequired":true,"valueName":"search_term_string"}}],"inLanguage":"es"},{"@type":"Organization","@id":"https:\/\/amirlatam.com\/ec\/#organization","name":"Ecuador","url":"https:\/\/amirlatam.com\/ec\/","logo":{"@type":"ImageObject","inLanguage":"es","@id":"https:\/\/amirlatam.com\/ec\/#\/schema\/logo\/image\/","url":"https:\/\/amirlatam.com\/ec\/wp-content\/uploads\/sites\/6\/2023\/06\/Logo.png","contentUrl":"https:\/\/amirlatam.com\/ec\/wp-content\/uploads\/sites\/6\/2023\/06\/Logo.png","width":676,"height":200,"caption":"Ecuador"},"image":{"@id":"https:\/\/amirlatam.com\/ec\/#\/schema\/logo\/image\/"}}]},"product_price_amount":"1.00","product_price_currency":"USD","og_availability":"instock","product_availability":"instock","product_condition":"new"},"_links":{"self":[{"href":"https:\/\/amirlatam.com\/ec\/wp-json\/wp\/v2\/product\/10215","targetHints":{"allow":["GET"]}}],"collection":[{"href":"https:\/\/amirlatam.com\/ec\/wp-json\/wp\/v2\/product"}],"about":[{"href":"https:\/\/amirlatam.com\/ec\/wp-json\/wp\/v2\/types\/product"}],"version-history":[{"count":7,"href":"https:\/\/amirlatam.com\/ec\/wp-json\/wp\/v2\/product\/10215\/revisions"}],"predecessor-version":[{"id":11269,"href":"https:\/\/amirlatam.com\/ec\/wp-json\/wp\/v2\/product\/10215\/revisions\/11269"}],"wp:featuredmedia":[{"embeddable":true,"href":"https:\/\/amirlatam.com\/ec\/wp-json\/wp\/v2\/media\/10328"}],"wp:attachment":[{"href":"https:\/\/amirlatam.com\/ec\/wp-json\/wp\/v2\/media?parent=10215"}],"wp:term":[{"taxonomy":"product_brand","embeddable":true,"href":"https:\/\/amirlatam.com\/ec\/wp-json\/wp\/v2\/product_brand?post=10215"},{"taxonomy":"product_cat","embeddable":true,"href":"https:\/\/amirlatam.com\/ec\/wp-json\/wp\/v2\/product_cat?post=10215"},{"taxonomy":"product_tag","embeddable":true,"href":"https:\/\/amirlatam.com\/ec\/wp-json\/wp\/v2\/product_tag?post=10215"}],"curies":[{"name":"wp","href":"https:\/\/api.w.org\/{rel}","templated":true}]}}