{"id":2682,"date":"2023-08-22T11:36:04","date_gmt":"2023-08-22T15:36:04","guid":{"rendered":"https:\/\/amirlatam.com\/do\/?post_type=product&#038;p=2682"},"modified":"2024-09-06T18:00:08","modified_gmt":"2024-09-06T22:00:08","slug":"actualizacion-en-enfermedades-infecciosas-y-antibioticos","status":"publish","type":"product","link":"https:\/\/amirlatam.com\/do\/cursos\/medicina\/actualizacion-en-enfermedades-infecciosas-y-antibioticos\/","title":{"rendered":"Curso de actualizaci\u00f3n en Enfermedades Infecciosas y Antibi\u00f3ticos"},"content":{"rendered":"\n","protected":false},"excerpt":{"rendered":"<p style=\"font-weight: 400\">Tanto durante el periodo de formaci\u00f3n en la residencia como una vez finalizado este y obtenido el t\u00edtulo de especialista, el m\u00e9dico precisa de una actualizaci\u00f3n constante de sus conocimientos.<\/p>\n<p style=\"font-weight: 400\">El diplomado en enfermedades infecciosas y antibi\u00f3ticos est\u00e1 dise\u00f1ado para que puedas adquirir un profundo conocimiento y desarrollar capacidades desde el punto de vista cient\u00edfico y pr\u00e1ctico para el diagn\u00f3stico y el abordaje terap\u00e9utico de las enfermedades infecciosas seg\u00fan el agente causante y sus problemas especiales.<\/p>\n","protected":false},"featured_media":2690,"template":"","meta":{"_acf_changed":false},"product_brand":[],"product_cat":[59],"product_tag":[73],"class_list":{"0":"post-2682","1":"product","2":"type-product","3":"status-publish","4":"has-post-thumbnail","6":"product_cat-medicina","7":"product_tag-venta","9":"first","10":"instock","11":"shipping-taxable","12":"purchasable","13":"product-type-variable"},"acf":[],"yoast_head":"<!-- This site is optimized with the Yoast SEO Premium plugin v26.8 (Yoast SEO v26.8) - https:\/\/yoast.com\/product\/yoast-seo-premium-wordpress\/ -->\n<title>Curso de actualizaci\u00f3n en Enfermedades Infecciosas y Antibi\u00f3ticos - Rep\u00fablica Dominicana<\/title>\n<meta name=\"robots\" content=\"index, follow, max-snippet:-1, max-image-preview:large, max-video-preview:-1\" \/>\n<link rel=\"canonical\" href=\"https:\/\/amirlatam.com\/do\/cursos\/medicina\/actualizacion-en-enfermedades-infecciosas-y-antibioticos\/\" \/>\n<meta property=\"og:locale\" content=\"es_ES\" \/>\n<meta property=\"og:type\" content=\"article\" \/>\n<meta property=\"og:title\" content=\"Curso de actualizaci\u00f3n en Enfermedades Infecciosas y Antibi\u00f3ticos\" \/>\n<meta property=\"og:description\" content=\"Tanto durante el periodo de formaci\u00f3n en la residencia como una vez finalizado este y obtenido el t\u00edtulo de especialista, el m\u00e9dico precisa de una actualizaci\u00f3n constante de sus conocimientos. El diplomado en enfermedades infecciosas y antibi\u00f3ticos est\u00e1 dise\u00f1ado para que puedas adquirir un profundo conocimiento y desarrollar capacidades desde el punto de vista cient\u00edfico y pr\u00e1ctico para el diagn\u00f3stico y el abordaje terap\u00e9utico de las enfermedades infecciosas seg\u00fan el agente causante y sus problemas especiales.\" \/>\n<meta property=\"og:url\" content=\"https:\/\/amirlatam.com\/do\/cursos\/medicina\/actualizacion-en-enfermedades-infecciosas-y-antibioticos\/\" \/>\n<meta property=\"og:site_name\" content=\"Rep\u00fablica Dominicana\" \/>\n<meta property=\"article:modified_time\" content=\"2024-09-06T22:00:08+00:00\" \/>\n<meta property=\"og:image\" content=\"https:\/\/amirlatam.com\/do\/wp-content\/uploads\/sites\/4\/2023\/08\/Infectologia-b-scaled.jpg\" \/>\n\t<meta property=\"og:image:width\" content=\"2560\" \/>\n\t<meta property=\"og:image:height\" content=\"1501\" \/>\n\t<meta property=\"og:image:type\" content=\"image\/jpeg\" \/>\n<meta name=\"twitter:card\" content=\"summary_large_image\" \/>\n<meta name=\"twitter:label1\" content=\"Disponibilidad\" \/>\n\t<meta name=\"twitter:data1\" content=\"Disponible\" \/>\n<script type=\"application\/ld+json\" class=\"yoast-schema-graph\">{\"@context\":\"https:\/\/schema.org\",\"@graph\":[{\"@type\":\"WebPage\",\"@id\":\"https:\/\/amirlatam.com\/do\/cursos\/medicina\/actualizacion-en-enfermedades-infecciosas-y-antibioticos\/\",\"url\":\"https:\/\/amirlatam.com\/do\/cursos\/medicina\/actualizacion-en-enfermedades-infecciosas-y-antibioticos\/\",\"name\":\"Curso de actualizaci\u00f3n en Enfermedades Infecciosas y Antibi\u00f3ticos - Rep\u00fablica Dominicana\",\"isPartOf\":{\"@id\":\"https:\/\/amirlatam.com\/do\/#website\"},\"primaryImageOfPage\":{\"@id\":\"https:\/\/amirlatam.com\/do\/cursos\/medicina\/actualizacion-en-enfermedades-infecciosas-y-antibioticos\/#primaryimage\"},\"image\":{\"@id\":\"https:\/\/amirlatam.com\/do\/cursos\/medicina\/actualizacion-en-enfermedades-infecciosas-y-antibioticos\/#primaryimage\"},\"thumbnailUrl\":\"https:\/\/amirlatam.com\/do\/wp-content\/uploads\/sites\/4\/2023\/08\/Infectologia-b-scaled.jpg\",\"datePublished\":\"2023-08-22T15:36:04+00:00\",\"dateModified\":\"2024-09-06T22:00:08+00:00\",\"breadcrumb\":{\"@id\":\"https:\/\/amirlatam.com\/do\/cursos\/medicina\/actualizacion-en-enfermedades-infecciosas-y-antibioticos\/#breadcrumb\"},\"inLanguage\":\"es\",\"potentialAction\":[{\"@type\":\"ReadAction\",\"target\":[\"https:\/\/amirlatam.com\/do\/cursos\/medicina\/actualizacion-en-enfermedades-infecciosas-y-antibioticos\/\"]}]},{\"@type\":\"ImageObject\",\"inLanguage\":\"es\",\"@id\":\"https:\/\/amirlatam.com\/do\/cursos\/medicina\/actualizacion-en-enfermedades-infecciosas-y-antibioticos\/#primaryimage\",\"url\":\"https:\/\/amirlatam.com\/do\/wp-content\/uploads\/sites\/4\/2023\/08\/Infectologia-b-scaled.jpg\",\"contentUrl\":\"https:\/\/amirlatam.com\/do\/wp-content\/uploads\/sites\/4\/2023\/08\/Infectologia-b-scaled.jpg\",\"width\":2560,\"height\":1501},{\"@type\":\"BreadcrumbList\",\"@id\":\"https:\/\/amirlatam.com\/do\/cursos\/medicina\/actualizacion-en-enfermedades-infecciosas-y-antibioticos\/#breadcrumb\",\"itemListElement\":[{\"@type\":\"ListItem\",\"position\":1,\"name\":\"Portada\",\"item\":\"https:\/\/amirlatam.com\/do\/\"},{\"@type\":\"ListItem\",\"position\":2,\"name\":\"Tienda\",\"item\":\"https:\/\/amirlatam.com\/do\/tienda\/\"},{\"@type\":\"ListItem\",\"position\":3,\"name\":\"Curso de actualizaci\u00f3n en Enfermedades Infecciosas y Antibi\u00f3ticos\"}]},{\"@type\":\"WebSite\",\"@id\":\"https:\/\/amirlatam.com\/do\/#website\",\"url\":\"https:\/\/amirlatam.com\/do\/\",\"name\":\"Rep\u00fablica Dominicana\",\"description\":\"AMIR Latinoam\u00e9rica\",\"publisher\":{\"@id\":\"https:\/\/amirlatam.com\/do\/#organization\"},\"potentialAction\":[{\"@type\":\"SearchAction\",\"target\":{\"@type\":\"EntryPoint\",\"urlTemplate\":\"https:\/\/amirlatam.com\/do\/?s={search_term_string}\"},\"query-input\":{\"@type\":\"PropertyValueSpecification\",\"valueRequired\":true,\"valueName\":\"search_term_string\"}}],\"inLanguage\":\"es\"},{\"@type\":\"Organization\",\"@id\":\"https:\/\/amirlatam.com\/do\/#organization\",\"name\":\"Rep\u00fablica Dominicana\",\"url\":\"https:\/\/amirlatam.com\/do\/\",\"logo\":{\"@type\":\"ImageObject\",\"inLanguage\":\"es\",\"@id\":\"https:\/\/amirlatam.com\/do\/#\/schema\/logo\/image\/\",\"url\":\"https:\/\/amirlatam.com\/do\/wp-content\/uploads\/sites\/4\/2023\/06\/Logo.png\",\"contentUrl\":\"https:\/\/amirlatam.com\/do\/wp-content\/uploads\/sites\/4\/2023\/06\/Logo.png\",\"width\":676,\"height\":200,\"caption\":\"Rep\u00fablica Dominicana\"},\"image\":{\"@id\":\"https:\/\/amirlatam.com\/do\/#\/schema\/logo\/image\/\"}}]}<\/script>\n<meta property=\"og:availability\" content=\"instock\" \/>\n<meta property=\"product:availability\" content=\"instock\" \/>\n<meta property=\"product:condition\" content=\"new\" \/>\n<!-- \/ Yoast SEO Premium plugin. -->","yoast_head_json":{"title":"Curso de actualizaci\u00f3n en Enfermedades Infecciosas y Antibi\u00f3ticos - Rep\u00fablica Dominicana","robots":{"index":"index","follow":"follow","max-snippet":"max-snippet:-1","max-image-preview":"max-image-preview:large","max-video-preview":"max-video-preview:-1"},"canonical":"https:\/\/amirlatam.com\/do\/cursos\/medicina\/actualizacion-en-enfermedades-infecciosas-y-antibioticos\/","og_locale":"es_ES","og_type":"article","og_title":"Curso de actualizaci\u00f3n en Enfermedades Infecciosas y Antibi\u00f3ticos","og_description":"Tanto durante el periodo de formaci\u00f3n en la residencia como una vez finalizado este y obtenido el t\u00edtulo de especialista, el m\u00e9dico precisa de una actualizaci\u00f3n constante de sus conocimientos. El diplomado en enfermedades infecciosas y antibi\u00f3ticos est\u00e1 dise\u00f1ado para que puedas adquirir un profundo conocimiento y desarrollar capacidades desde el punto de vista cient\u00edfico y pr\u00e1ctico para el diagn\u00f3stico y el abordaje terap\u00e9utico de las enfermedades infecciosas seg\u00fan el agente causante y sus problemas especiales.","og_url":"https:\/\/amirlatam.com\/do\/cursos\/medicina\/actualizacion-en-enfermedades-infecciosas-y-antibioticos\/","og_site_name":"Rep\u00fablica Dominicana","article_modified_time":"2024-09-06T22:00:08+00:00","og_image":[{"width":2560,"height":1501,"url":"https:\/\/amirlatam.com\/do\/wp-content\/uploads\/sites\/4\/2023\/08\/Infectologia-b-scaled.jpg","type":"image\/jpeg"}],"twitter_card":"summary_large_image","twitter_misc":{"Disponibilidad":"Disponible"},"schema":{"@context":"https:\/\/schema.org","@graph":[{"@type":"WebPage","@id":"https:\/\/amirlatam.com\/do\/cursos\/medicina\/actualizacion-en-enfermedades-infecciosas-y-antibioticos\/","url":"https:\/\/amirlatam.com\/do\/cursos\/medicina\/actualizacion-en-enfermedades-infecciosas-y-antibioticos\/","name":"Curso de actualizaci\u00f3n en Enfermedades Infecciosas y Antibi\u00f3ticos - Rep\u00fablica Dominicana","isPartOf":{"@id":"https:\/\/amirlatam.com\/do\/#website"},"primaryImageOfPage":{"@id":"https:\/\/amirlatam.com\/do\/cursos\/medicina\/actualizacion-en-enfermedades-infecciosas-y-antibioticos\/#primaryimage"},"image":{"@id":"https:\/\/amirlatam.com\/do\/cursos\/medicina\/actualizacion-en-enfermedades-infecciosas-y-antibioticos\/#primaryimage"},"thumbnailUrl":"https:\/\/amirlatam.com\/do\/wp-content\/uploads\/sites\/4\/2023\/08\/Infectologia-b-scaled.jpg","datePublished":"2023-08-22T15:36:04+00:00","dateModified":"2024-09-06T22:00:08+00:00","breadcrumb":{"@id":"https:\/\/amirlatam.com\/do\/cursos\/medicina\/actualizacion-en-enfermedades-infecciosas-y-antibioticos\/#breadcrumb"},"inLanguage":"es","potentialAction":[{"@type":"ReadAction","target":["https:\/\/amirlatam.com\/do\/cursos\/medicina\/actualizacion-en-enfermedades-infecciosas-y-antibioticos\/"]}]},{"@type":"ImageObject","inLanguage":"es","@id":"https:\/\/amirlatam.com\/do\/cursos\/medicina\/actualizacion-en-enfermedades-infecciosas-y-antibioticos\/#primaryimage","url":"https:\/\/amirlatam.com\/do\/wp-content\/uploads\/sites\/4\/2023\/08\/Infectologia-b-scaled.jpg","contentUrl":"https:\/\/amirlatam.com\/do\/wp-content\/uploads\/sites\/4\/2023\/08\/Infectologia-b-scaled.jpg","width":2560,"height":1501},{"@type":"BreadcrumbList","@id":"https:\/\/amirlatam.com\/do\/cursos\/medicina\/actualizacion-en-enfermedades-infecciosas-y-antibioticos\/#breadcrumb","itemListElement":[{"@type":"ListItem","position":1,"name":"Portada","item":"https:\/\/amirlatam.com\/do\/"},{"@type":"ListItem","position":2,"name":"Tienda","item":"https:\/\/amirlatam.com\/do\/tienda\/"},{"@type":"ListItem","position":3,"name":"Curso de actualizaci\u00f3n en Enfermedades Infecciosas y Antibi\u00f3ticos"}]},{"@type":"WebSite","@id":"https:\/\/amirlatam.com\/do\/#website","url":"https:\/\/amirlatam.com\/do\/","name":"Rep\u00fablica Dominicana","description":"AMIR Latinoam\u00e9rica","publisher":{"@id":"https:\/\/amirlatam.com\/do\/#organization"},"potentialAction":[{"@type":"SearchAction","target":{"@type":"EntryPoint","urlTemplate":"https:\/\/amirlatam.com\/do\/?s={search_term_string}"},"query-input":{"@type":"PropertyValueSpecification","valueRequired":true,"valueName":"search_term_string"}}],"inLanguage":"es"},{"@type":"Organization","@id":"https:\/\/amirlatam.com\/do\/#organization","name":"Rep\u00fablica Dominicana","url":"https:\/\/amirlatam.com\/do\/","logo":{"@type":"ImageObject","inLanguage":"es","@id":"https:\/\/amirlatam.com\/do\/#\/schema\/logo\/image\/","url":"https:\/\/amirlatam.com\/do\/wp-content\/uploads\/sites\/4\/2023\/06\/Logo.png","contentUrl":"https:\/\/amirlatam.com\/do\/wp-content\/uploads\/sites\/4\/2023\/06\/Logo.png","width":676,"height":200,"caption":"Rep\u00fablica Dominicana"},"image":{"@id":"https:\/\/amirlatam.com\/do\/#\/schema\/logo\/image\/"}}]},"og_availability":"instock","product_availability":"instock","product_condition":"new"},"_links":{"self":[{"href":"https:\/\/amirlatam.com\/do\/wp-json\/wp\/v2\/product\/2682","targetHints":{"allow":["GET"]}}],"collection":[{"href":"https:\/\/amirlatam.com\/do\/wp-json\/wp\/v2\/product"}],"about":[{"href":"https:\/\/amirlatam.com\/do\/wp-json\/wp\/v2\/types\/product"}],"version-history":[{"count":6,"href":"https:\/\/amirlatam.com\/do\/wp-json\/wp\/v2\/product\/2682\/revisions"}],"predecessor-version":[{"id":11176,"href":"https:\/\/amirlatam.com\/do\/wp-json\/wp\/v2\/product\/2682\/revisions\/11176"}],"wp:featuredmedia":[{"embeddable":true,"href":"https:\/\/amirlatam.com\/do\/wp-json\/wp\/v2\/media\/2690"}],"wp:attachment":[{"href":"https:\/\/amirlatam.com\/do\/wp-json\/wp\/v2\/media?parent=2682"}],"wp:term":[{"taxonomy":"product_brand","embeddable":true,"href":"https:\/\/amirlatam.com\/do\/wp-json\/wp\/v2\/product_brand?post=2682"},{"taxonomy":"product_cat","embeddable":true,"href":"https:\/\/amirlatam.com\/do\/wp-json\/wp\/v2\/product_cat?post=2682"},{"taxonomy":"product_tag","embeddable":true,"href":"https:\/\/amirlatam.com\/do\/wp-json\/wp\/v2\/product_tag?post=2682"}],"curies":[{"name":"wp","href":"https:\/\/api.w.org\/{rel}","templated":true}]}}