{"id":2559,"date":"2023-08-13T12:33:16","date_gmt":"2023-08-13T16:33:16","guid":{"rendered":"https:\/\/amirlatam.com\/do\/?post_type=product&#038;p=2559"},"modified":"2025-12-17T08:36:10","modified_gmt":"2025-12-17T12:36:10","slug":"master-urgencias-y-emergencias","status":"publish","type":"product","link":"https:\/\/amirlatam.com\/do\/cursos\/medicina\/master-urgencias-y-emergencias\/","title":{"rendered":"M\u00e1ster Urgencias y Emergencias"},"content":{"rendered":"\t\t<div data-elementor-type=\"container\" data-elementor-id=\"2557\" class=\"elementor elementor-2557\" data-elementor-settings=\"{&quot;ha_cmc_init_switcher&quot;:&quot;no&quot;}\" data-elementor-post-type=\"elementor_library\">\n\t\t\t\t<div class=\"elementor-element elementor-element-64d14135 e-flex e-con-boxed e-con e-parent\" data-id=\"64d14135\" data-element_type=\"container\" data-e-type=\"container\" data-settings=\"{&quot;_ha_eqh_enable&quot;:false}\">\n\t\t\t\t\t<div class=\"e-con-inner\">\n\t\t\t\t<div class=\"elementor-element elementor-element-24fc5e6c elementor-widget elementor-widget-accordion\" data-id=\"24fc5e6c\" data-element_type=\"widget\" data-e-type=\"widget\" data-widget_type=\"accordion.default\">\n\t\t\t\t<div class=\"elementor-widget-container\">\n\t\t\t\t\t\t\t<div class=\"elementor-accordion\">\n\t\t\t\t\t\t\t<div class=\"elementor-accordion-item\">\n\t\t\t\t\t<div id=\"elementor-tab-title-6201\" class=\"elementor-tab-title\" data-tab=\"1\" role=\"button\" aria-controls=\"elementor-tab-content-6201\" aria-expanded=\"false\">\n\t\t\t\t\t\t\t\t\t\t\t\t\t<span class=\"elementor-accordion-icon elementor-accordion-icon-left\" aria-hidden=\"true\">\n\t\t\t\t\t\t\t\t\t\t\t\t\t\t\t<span class=\"elementor-accordion-icon-closed\"><i class=\"fas fa-plus\"><\/i><\/span>\n\t\t\t\t\t\t\t\t<span class=\"elementor-accordion-icon-opened\"><i class=\"fas fa-minus\"><\/i><\/span>\n\t\t\t\t\t\t\t\t\t\t\t\t\t\t<\/span>\n\t\t\t\t\t\t\t\t\t\t\t\t<a class=\"elementor-accordion-title\" tabindex=\"0\">Contenido y M\u00f3dulos<\/a>\n\t\t\t\t\t<\/div>\n\t\t\t\t\t<div id=\"elementor-tab-content-6201\" class=\"elementor-tab-content elementor-clearfix\" data-tab=\"1\" role=\"region\" aria-labelledby=\"elementor-tab-title-6201\"><ol><li style=\"font-weight: 400;\">GENERALIDADES<\/li><li style=\"font-weight: 400;\">CUIDADOS INTENSIVOS Y EMERGENTES<\/li><li style=\"font-weight: 400;\">URGENCIAS Y EMERGENCIAS CARDIORRESPIRATORIAS<\/li><li style=\"font-weight: 400;\">URGENCIAS Y EMERGENCIAS NEUROL\u00d3GICAS<\/li><li style=\"font-weight: 400;\">URGENCIAS Y EMERGENCIAS DEL APARATO DIGESTIVO<\/li><li style=\"font-weight: 400;\">URGENCIAS Y EMERGENCIAS NEFROUROL\u00d3GICAS<\/li><li style=\"font-weight: 400;\">URGENCIAS Y EMERGENCIAS ENDROCRINOL\u00d3GICAS<\/li><li style=\"font-weight: 400;\">URGENCIAS Y EMERGENCIAS HEMATOL\u00d3GICAS<\/li><li style=\"font-weight: 400;\">URGENCIAS Y EMERGENCIAS EN PATOLOG\u00cdA INFECCIOSA<\/li><li style=\"font-weight: 400;\">OTRAS URGENCIAS Y EMERGENCIAS M\u00c9DICO QUIR\u00daRGICAS<\/li><li style=\"font-weight: 400;\">URGENCIAS Y EMERGENCIAS POR LESIONES F\u00cdSICAS Y AMBIENTABLES<\/li><li style=\"font-weight: 400;\">ASPECTOS MEDICOLEGALES Y CUIDADOS AL FINAL DE LA VIDA EN URGENCIAS Y EMERGENCIAS<\/li><li style=\"font-weight: 400;\">TFM<\/li><\/ol><\/div>\n\t\t\t\t<\/div>\n\t\t\t\t\t\t\t\t<\/div>\n\t\t\t\t\t\t<\/div>\n\t\t\t\t<\/div>\n\t\t\t\t\t<\/div>\n\t\t\t\t<\/div>\n\t\t\t\t<\/div>\n\t\t\n","protected":false},"excerpt":{"rendered":"<p style=\"font-weight: 400;\">El m\u00e1ster tiene como objetivo instruir a los profesionales m\u00e9dicos en competencias y habilidades para el adecuado abordaje de las principales urgencias y emergencias cl\u00ednicas, principalmente a nivel hospitalario, pero con un conocimiento adicional sobre el trabajo a nivel extra hospitalario y la atenci\u00f3n en incidentes de m\u00faltiples v\u00edctimas.<\/p>\n<p style=\"font-weight: 400;\">El curso tiene una modalidad semipresencial con clases te\u00f3ricas de manera online asincr\u00f3nicas; reforzando el conocimiento adquirido en pr\u00e1cticas presenciales y tutor\u00edas en directo.<\/p>\n","protected":false},"featured_media":2688,"template":"","meta":{"_acf_changed":false},"product_brand":[],"product_cat":[59],"product_tag":[73],"class_list":{"0":"post-2559","1":"product","2":"type-product","3":"status-publish","4":"has-post-thumbnail","6":"product_cat-medicina","7":"product_tag-venta","9":"first","10":"instock","11":"featured","12":"shipping-taxable","13":"purchasable","14":"product-type-variable"},"acf":[],"yoast_head":"<!-- This site is optimized with the Yoast SEO Premium plugin v26.8 (Yoast SEO v26.8) - https:\/\/yoast.com\/product\/yoast-seo-premium-wordpress\/ -->\n<title>M\u00e1ster Urgencias y Emergencias - Rep\u00fablica Dominicana<\/title>\n<meta name=\"robots\" content=\"index, follow, max-snippet:-1, max-image-preview:large, max-video-preview:-1\" \/>\n<link rel=\"canonical\" href=\"https:\/\/amirlatam.com\/do\/cursos\/medicina\/master-urgencias-y-emergencias\/\" \/>\n<meta property=\"og:locale\" content=\"es_ES\" \/>\n<meta property=\"og:type\" content=\"article\" \/>\n<meta property=\"og:title\" content=\"M\u00e1ster Urgencias y Emergencias\" \/>\n<meta property=\"og:description\" content=\"El m\u00e1ster tiene como objetivo instruir a los profesionales m\u00e9dicos en competencias y habilidades para el adecuado abordaje de las principales urgencias y emergencias cl\u00ednicas, principalmente a nivel hospitalario, pero con un conocimiento adicional sobre el trabajo a nivel extra hospitalario y la atenci\u00f3n en incidentes de m\u00faltiples v\u00edctimas. El curso tiene una modalidad semipresencial con clases te\u00f3ricas de manera online asincr\u00f3nicas; reforzando el conocimiento adquirido en pr\u00e1cticas presenciales y tutor\u00edas en directo.\" \/>\n<meta property=\"og:url\" content=\"https:\/\/amirlatam.com\/do\/cursos\/medicina\/master-urgencias-y-emergencias\/\" \/>\n<meta property=\"og:site_name\" content=\"Rep\u00fablica Dominicana\" \/>\n<meta property=\"article:modified_time\" content=\"2025-12-17T12:36:10+00:00\" \/>\n<meta property=\"og:image\" content=\"https:\/\/amirlatam.com\/do\/wp-content\/uploads\/sites\/4\/2023\/08\/Master-urgencias-a-scaled.jpg\" \/>\n\t<meta property=\"og:image:width\" content=\"2560\" \/>\n\t<meta property=\"og:image:height\" content=\"1709\" \/>\n\t<meta property=\"og:image:type\" content=\"image\/jpeg\" \/>\n<meta name=\"twitter:card\" content=\"summary_large_image\" \/>\n<meta name=\"twitter:label1\" content=\"Disponibilidad\" \/>\n\t<meta name=\"twitter:data1\" content=\"Disponible\" \/>\n<script type=\"application\/ld+json\" class=\"yoast-schema-graph\">{\"@context\":\"https:\/\/schema.org\",\"@graph\":[{\"@type\":\"WebPage\",\"@id\":\"https:\/\/amirlatam.com\/do\/cursos\/medicina\/master-urgencias-y-emergencias\/\",\"url\":\"https:\/\/amirlatam.com\/do\/cursos\/medicina\/master-urgencias-y-emergencias\/\",\"name\":\"M\u00e1ster Urgencias y Emergencias - Rep\u00fablica Dominicana\",\"isPartOf\":{\"@id\":\"https:\/\/amirlatam.com\/do\/#website\"},\"primaryImageOfPage\":{\"@id\":\"https:\/\/amirlatam.com\/do\/cursos\/medicina\/master-urgencias-y-emergencias\/#primaryimage\"},\"image\":{\"@id\":\"https:\/\/amirlatam.com\/do\/cursos\/medicina\/master-urgencias-y-emergencias\/#primaryimage\"},\"thumbnailUrl\":\"https:\/\/amirlatam.com\/do\/wp-content\/uploads\/sites\/4\/2023\/08\/Master-urgencias-a-scaled.jpg\",\"datePublished\":\"2023-08-13T16:33:16+00:00\",\"dateModified\":\"2025-12-17T12:36:10+00:00\",\"breadcrumb\":{\"@id\":\"https:\/\/amirlatam.com\/do\/cursos\/medicina\/master-urgencias-y-emergencias\/#breadcrumb\"},\"inLanguage\":\"es\",\"potentialAction\":[{\"@type\":\"ReadAction\",\"target\":[\"https:\/\/amirlatam.com\/do\/cursos\/medicina\/master-urgencias-y-emergencias\/\"]}]},{\"@type\":\"ImageObject\",\"inLanguage\":\"es\",\"@id\":\"https:\/\/amirlatam.com\/do\/cursos\/medicina\/master-urgencias-y-emergencias\/#primaryimage\",\"url\":\"https:\/\/amirlatam.com\/do\/wp-content\/uploads\/sites\/4\/2023\/08\/Master-urgencias-a-scaled.jpg\",\"contentUrl\":\"https:\/\/amirlatam.com\/do\/wp-content\/uploads\/sites\/4\/2023\/08\/Master-urgencias-a-scaled.jpg\",\"width\":2560,\"height\":1709,\"caption\":\"Emergency in the operating room\"},{\"@type\":\"BreadcrumbList\",\"@id\":\"https:\/\/amirlatam.com\/do\/cursos\/medicina\/master-urgencias-y-emergencias\/#breadcrumb\",\"itemListElement\":[{\"@type\":\"ListItem\",\"position\":1,\"name\":\"Portada\",\"item\":\"https:\/\/amirlatam.com\/do\/\"},{\"@type\":\"ListItem\",\"position\":2,\"name\":\"Tienda\",\"item\":\"https:\/\/amirlatam.com\/do\/tienda\/\"},{\"@type\":\"ListItem\",\"position\":3,\"name\":\"M\u00e1ster Urgencias y Emergencias\"}]},{\"@type\":\"WebSite\",\"@id\":\"https:\/\/amirlatam.com\/do\/#website\",\"url\":\"https:\/\/amirlatam.com\/do\/\",\"name\":\"Rep\u00fablica Dominicana\",\"description\":\"AMIR Latinoam\u00e9rica\",\"publisher\":{\"@id\":\"https:\/\/amirlatam.com\/do\/#organization\"},\"potentialAction\":[{\"@type\":\"SearchAction\",\"target\":{\"@type\":\"EntryPoint\",\"urlTemplate\":\"https:\/\/amirlatam.com\/do\/?s={search_term_string}\"},\"query-input\":{\"@type\":\"PropertyValueSpecification\",\"valueRequired\":true,\"valueName\":\"search_term_string\"}}],\"inLanguage\":\"es\"},{\"@type\":\"Organization\",\"@id\":\"https:\/\/amirlatam.com\/do\/#organization\",\"name\":\"Rep\u00fablica Dominicana\",\"url\":\"https:\/\/amirlatam.com\/do\/\",\"logo\":{\"@type\":\"ImageObject\",\"inLanguage\":\"es\",\"@id\":\"https:\/\/amirlatam.com\/do\/#\/schema\/logo\/image\/\",\"url\":\"https:\/\/amirlatam.com\/do\/wp-content\/uploads\/sites\/4\/2023\/06\/Logo.png\",\"contentUrl\":\"https:\/\/amirlatam.com\/do\/wp-content\/uploads\/sites\/4\/2023\/06\/Logo.png\",\"width\":676,\"height\":200,\"caption\":\"Rep\u00fablica Dominicana\"},\"image\":{\"@id\":\"https:\/\/amirlatam.com\/do\/#\/schema\/logo\/image\/\"}}]}<\/script>\n<meta property=\"og:availability\" content=\"instock\" \/>\n<meta property=\"product:availability\" content=\"instock\" \/>\n<meta property=\"product:condition\" content=\"new\" \/>\n<!-- \/ Yoast SEO Premium plugin. -->","yoast_head_json":{"title":"M\u00e1ster Urgencias y Emergencias - Rep\u00fablica Dominicana","robots":{"index":"index","follow":"follow","max-snippet":"max-snippet:-1","max-image-preview":"max-image-preview:large","max-video-preview":"max-video-preview:-1"},"canonical":"https:\/\/amirlatam.com\/do\/cursos\/medicina\/master-urgencias-y-emergencias\/","og_locale":"es_ES","og_type":"article","og_title":"M\u00e1ster Urgencias y Emergencias","og_description":"El m\u00e1ster tiene como objetivo instruir a los profesionales m\u00e9dicos en competencias y habilidades para el adecuado abordaje de las principales urgencias y emergencias cl\u00ednicas, principalmente a nivel hospitalario, pero con un conocimiento adicional sobre el trabajo a nivel extra hospitalario y la atenci\u00f3n en incidentes de m\u00faltiples v\u00edctimas. El curso tiene una modalidad semipresencial con clases te\u00f3ricas de manera online asincr\u00f3nicas; reforzando el conocimiento adquirido en pr\u00e1cticas presenciales y tutor\u00edas en directo.","og_url":"https:\/\/amirlatam.com\/do\/cursos\/medicina\/master-urgencias-y-emergencias\/","og_site_name":"Rep\u00fablica Dominicana","article_modified_time":"2025-12-17T12:36:10+00:00","og_image":[{"width":2560,"height":1709,"url":"https:\/\/amirlatam.com\/do\/wp-content\/uploads\/sites\/4\/2023\/08\/Master-urgencias-a-scaled.jpg","type":"image\/jpeg"}],"twitter_card":"summary_large_image","twitter_misc":{"Disponibilidad":"Disponible"},"schema":{"@context":"https:\/\/schema.org","@graph":[{"@type":"WebPage","@id":"https:\/\/amirlatam.com\/do\/cursos\/medicina\/master-urgencias-y-emergencias\/","url":"https:\/\/amirlatam.com\/do\/cursos\/medicina\/master-urgencias-y-emergencias\/","name":"M\u00e1ster Urgencias y Emergencias - Rep\u00fablica Dominicana","isPartOf":{"@id":"https:\/\/amirlatam.com\/do\/#website"},"primaryImageOfPage":{"@id":"https:\/\/amirlatam.com\/do\/cursos\/medicina\/master-urgencias-y-emergencias\/#primaryimage"},"image":{"@id":"https:\/\/amirlatam.com\/do\/cursos\/medicina\/master-urgencias-y-emergencias\/#primaryimage"},"thumbnailUrl":"https:\/\/amirlatam.com\/do\/wp-content\/uploads\/sites\/4\/2023\/08\/Master-urgencias-a-scaled.jpg","datePublished":"2023-08-13T16:33:16+00:00","dateModified":"2025-12-17T12:36:10+00:00","breadcrumb":{"@id":"https:\/\/amirlatam.com\/do\/cursos\/medicina\/master-urgencias-y-emergencias\/#breadcrumb"},"inLanguage":"es","potentialAction":[{"@type":"ReadAction","target":["https:\/\/amirlatam.com\/do\/cursos\/medicina\/master-urgencias-y-emergencias\/"]}]},{"@type":"ImageObject","inLanguage":"es","@id":"https:\/\/amirlatam.com\/do\/cursos\/medicina\/master-urgencias-y-emergencias\/#primaryimage","url":"https:\/\/amirlatam.com\/do\/wp-content\/uploads\/sites\/4\/2023\/08\/Master-urgencias-a-scaled.jpg","contentUrl":"https:\/\/amirlatam.com\/do\/wp-content\/uploads\/sites\/4\/2023\/08\/Master-urgencias-a-scaled.jpg","width":2560,"height":1709,"caption":"Emergency in the operating room"},{"@type":"BreadcrumbList","@id":"https:\/\/amirlatam.com\/do\/cursos\/medicina\/master-urgencias-y-emergencias\/#breadcrumb","itemListElement":[{"@type":"ListItem","position":1,"name":"Portada","item":"https:\/\/amirlatam.com\/do\/"},{"@type":"ListItem","position":2,"name":"Tienda","item":"https:\/\/amirlatam.com\/do\/tienda\/"},{"@type":"ListItem","position":3,"name":"M\u00e1ster Urgencias y Emergencias"}]},{"@type":"WebSite","@id":"https:\/\/amirlatam.com\/do\/#website","url":"https:\/\/amirlatam.com\/do\/","name":"Rep\u00fablica Dominicana","description":"AMIR Latinoam\u00e9rica","publisher":{"@id":"https:\/\/amirlatam.com\/do\/#organization"},"potentialAction":[{"@type":"SearchAction","target":{"@type":"EntryPoint","urlTemplate":"https:\/\/amirlatam.com\/do\/?s={search_term_string}"},"query-input":{"@type":"PropertyValueSpecification","valueRequired":true,"valueName":"search_term_string"}}],"inLanguage":"es"},{"@type":"Organization","@id":"https:\/\/amirlatam.com\/do\/#organization","name":"Rep\u00fablica Dominicana","url":"https:\/\/amirlatam.com\/do\/","logo":{"@type":"ImageObject","inLanguage":"es","@id":"https:\/\/amirlatam.com\/do\/#\/schema\/logo\/image\/","url":"https:\/\/amirlatam.com\/do\/wp-content\/uploads\/sites\/4\/2023\/06\/Logo.png","contentUrl":"https:\/\/amirlatam.com\/do\/wp-content\/uploads\/sites\/4\/2023\/06\/Logo.png","width":676,"height":200,"caption":"Rep\u00fablica Dominicana"},"image":{"@id":"https:\/\/amirlatam.com\/do\/#\/schema\/logo\/image\/"}}]},"og_availability":"instock","product_availability":"instock","product_condition":"new"},"_links":{"self":[{"href":"https:\/\/amirlatam.com\/do\/wp-json\/wp\/v2\/product\/2559","targetHints":{"allow":["GET"]}}],"collection":[{"href":"https:\/\/amirlatam.com\/do\/wp-json\/wp\/v2\/product"}],"about":[{"href":"https:\/\/amirlatam.com\/do\/wp-json\/wp\/v2\/types\/product"}],"version-history":[{"count":10,"href":"https:\/\/amirlatam.com\/do\/wp-json\/wp\/v2\/product\/2559\/revisions"}],"predecessor-version":[{"id":12252,"href":"https:\/\/amirlatam.com\/do\/wp-json\/wp\/v2\/product\/2559\/revisions\/12252"}],"wp:featuredmedia":[{"embeddable":true,"href":"https:\/\/amirlatam.com\/do\/wp-json\/wp\/v2\/media\/2688"}],"wp:attachment":[{"href":"https:\/\/amirlatam.com\/do\/wp-json\/wp\/v2\/media?parent=2559"}],"wp:term":[{"taxonomy":"product_brand","embeddable":true,"href":"https:\/\/amirlatam.com\/do\/wp-json\/wp\/v2\/product_brand?post=2559"},{"taxonomy":"product_cat","embeddable":true,"href":"https:\/\/amirlatam.com\/do\/wp-json\/wp\/v2\/product_cat?post=2559"},{"taxonomy":"product_tag","embeddable":true,"href":"https:\/\/amirlatam.com\/do\/wp-json\/wp\/v2\/product_tag?post=2559"}],"curies":[{"name":"wp","href":"https:\/\/api.w.org\/{rel}","templated":true}]}}