{"id":2545,"date":"2023-08-13T12:26:05","date_gmt":"2023-08-13T16:26:05","guid":{"rendered":"https:\/\/amirlatam.com\/do\/?post_type=product&#038;p=2545"},"modified":"2025-12-17T08:34:26","modified_gmt":"2025-12-17T12:34:26","slug":"master-en-imagen-clinica-y-ecografia","status":"publish","type":"product","link":"https:\/\/amirlatam.com\/do\/cursos\/medicina\/master-en-imagen-clinica-y-ecografia\/","title":{"rendered":"M\u00e1ster en Imagen Cl\u00ednica y Ecograf\u00eda"},"content":{"rendered":"\t\t<div data-elementor-type=\"container\" data-elementor-id=\"2546\" class=\"elementor elementor-2546\" data-elementor-settings=\"{&quot;ha_cmc_init_switcher&quot;:&quot;no&quot;}\" data-elementor-post-type=\"elementor_library\">\n\t\t\t\t<div class=\"elementor-element elementor-element-33bf66c1 e-flex e-con-boxed e-con e-parent\" data-id=\"33bf66c1\" data-element_type=\"container\" data-e-type=\"container\" data-settings=\"{&quot;_ha_eqh_enable&quot;:false}\">\n\t\t\t\t\t<div class=\"e-con-inner\">\n\t\t\t\t<div class=\"elementor-element elementor-element-4751c06c elementor-widget elementor-widget-accordion\" data-id=\"4751c06c\" data-element_type=\"widget\" data-e-type=\"widget\" data-widget_type=\"accordion.default\">\n\t\t\t\t<div class=\"elementor-widget-container\">\n\t\t\t\t\t\t\t<div class=\"elementor-accordion\">\n\t\t\t\t\t\t\t<div class=\"elementor-accordion-item\">\n\t\t\t\t\t<div id=\"elementor-tab-title-1191\" class=\"elementor-tab-title\" data-tab=\"1\" role=\"button\" aria-controls=\"elementor-tab-content-1191\" aria-expanded=\"false\">\n\t\t\t\t\t\t\t\t\t\t\t\t\t<span class=\"elementor-accordion-icon elementor-accordion-icon-left\" aria-hidden=\"true\">\n\t\t\t\t\t\t\t\t\t\t\t\t\t\t\t<span class=\"elementor-accordion-icon-closed\"><i class=\"fas fa-plus\"><\/i><\/span>\n\t\t\t\t\t\t\t\t<span class=\"elementor-accordion-icon-opened\"><i class=\"fas fa-minus\"><\/i><\/span>\n\t\t\t\t\t\t\t\t\t\t\t\t\t\t<\/span>\n\t\t\t\t\t\t\t\t\t\t\t\t<a class=\"elementor-accordion-title\" tabindex=\"0\">M\u00f3dulo I<\/a>\n\t\t\t\t\t<\/div>\n\t\t\t\t\t<div id=\"elementor-tab-content-1191\" class=\"elementor-tab-content elementor-clearfix\" data-tab=\"1\" role=\"region\" aria-labelledby=\"elementor-tab-title-1191\"><ol><li style=\"font-weight: 400;\">BASES F\u00cdSICAS<\/li><li style=\"font-weight: 400;\">RADIOLOG\u00cdA TOR\u00c1CICA<\/li><li style=\"font-weight: 400;\">RADIOLOG\u00cdA DE URGENCIAS Y PACIENTE POLITRAUMATIZADO<\/li><li style=\"font-weight: 400;\">RADIOLOG\u00cdA ABDOMINAL<\/li><li style=\"font-weight: 400;\">NEUROIMAGEN 6. RADIOLOG\u00cdA \u00d3SEA<\/li><li style=\"font-weight: 400;\">IMAGEN DE LA MUJER<\/li><li style=\"font-weight: 400;\">RADIOLOG\u00cdA PEDI\u00c1TRICA<\/li><li style=\"font-weight: 400;\">PROCEDIMIENTOS INTERVENCIONISTAS B\u00c1SICOS<\/li><li style=\"font-weight: 400;\">ECOGRAF\u00cdA<\/li><li style=\"font-weight: 400;\">SEMINARIOS PR\u00c1CTICOS ONLINE \/ TUTOR\u00cdAS<\/li><li style=\"font-weight: 400;\">TFM<\/li><li style=\"font-weight: 400;\">PR\u00c1CTICAS PRESENCIALES<\/li><\/ol><\/div>\n\t\t\t\t<\/div>\n\t\t\t\t\t\t\t\t<\/div>\n\t\t\t\t\t\t<\/div>\n\t\t\t\t<\/div>\n\t\t\t\t\t<\/div>\n\t\t\t\t<\/div>\n\t\t\t\t<\/div>\n\t\t\n","protected":false},"excerpt":{"rendered":"<p style=\"font-weight: 400;\">Con este curso se pretende proporcionar competencias y habilidades para el adecuado uso de las t\u00e9cnicas de imagen en el manejo del paciente, as\u00ed como el conocimiento de las caracter\u00edsticas en imagen de las diferentes patolog\u00edas divididas por \u00f3rganos y sistemas.<\/p>\n<p style=\"font-weight: 400;\">Para conseguir este objetivo, se sigue una metodolog\u00eda docente consistir\u00e1 en el seguimiento de la emisi\u00f3n de clases online, tanto te\u00f3ricas como pr\u00e1cticas, tutor\u00edas online y pr\u00e1cticas semipresenciales que podr\u00e1s seguir a trav\u00e9s del cronograma y el portal del alumno.<\/p>\n","protected":false},"featured_media":2693,"template":"","meta":{"_acf_changed":false},"product_brand":[],"product_cat":[59],"product_tag":[73],"class_list":{"0":"post-2545","1":"product","2":"type-product","3":"status-publish","4":"has-post-thumbnail","6":"product_cat-medicina","7":"product_tag-venta","9":"first","10":"instock","11":"featured","12":"shipping-taxable","13":"purchasable","14":"product-type-variable"},"acf":[],"yoast_head":"<!-- This site is optimized with the Yoast SEO Premium plugin v26.8 (Yoast SEO v26.8) - https:\/\/yoast.com\/product\/yoast-seo-premium-wordpress\/ -->\n<title>M\u00e1ster en Imagen Cl\u00ednica y Ecograf\u00eda - Rep\u00fablica Dominicana<\/title>\n<meta name=\"robots\" content=\"index, follow, max-snippet:-1, max-image-preview:large, max-video-preview:-1\" \/>\n<link rel=\"canonical\" href=\"https:\/\/amirlatam.com\/do\/cursos\/medicina\/master-en-imagen-clinica-y-ecografia\/\" \/>\n<meta property=\"og:locale\" content=\"es_ES\" \/>\n<meta property=\"og:type\" content=\"article\" \/>\n<meta property=\"og:title\" content=\"M\u00e1ster en Imagen Cl\u00ednica y Ecograf\u00eda\" \/>\n<meta property=\"og:description\" content=\"Con este curso se pretende proporcionar competencias y habilidades para el adecuado uso de las t\u00e9cnicas de imagen en el manejo del paciente, as\u00ed como el conocimiento de las caracter\u00edsticas en imagen de las diferentes patolog\u00edas divididas por \u00f3rganos y sistemas. Para conseguir este objetivo, se sigue una metodolog\u00eda docente consistir\u00e1 en el seguimiento de la emisi\u00f3n de clases online, tanto te\u00f3ricas como pr\u00e1cticas, tutor\u00edas online y pr\u00e1cticas semipresenciales que podr\u00e1s seguir a trav\u00e9s del cronograma y el portal del alumno.\" \/>\n<meta property=\"og:url\" content=\"https:\/\/amirlatam.com\/do\/cursos\/medicina\/master-en-imagen-clinica-y-ecografia\/\" \/>\n<meta property=\"og:site_name\" content=\"Rep\u00fablica Dominicana\" \/>\n<meta property=\"article:modified_time\" content=\"2025-12-17T12:34:26+00:00\" \/>\n<meta property=\"og:image\" content=\"https:\/\/amirlatam.com\/do\/wp-content\/uploads\/sites\/4\/2023\/08\/Ginecologia-b-scaled.jpeg\" \/>\n\t<meta property=\"og:image:width\" content=\"2560\" \/>\n\t<meta property=\"og:image:height\" content=\"1703\" \/>\n\t<meta property=\"og:image:type\" content=\"image\/jpeg\" \/>\n<meta name=\"twitter:card\" content=\"summary_large_image\" \/>\n<meta name=\"twitter:label1\" content=\"Disponibilidad\" \/>\n\t<meta name=\"twitter:data1\" content=\"Disponible\" \/>\n<script type=\"application\/ld+json\" class=\"yoast-schema-graph\">{\"@context\":\"https:\/\/schema.org\",\"@graph\":[{\"@type\":\"WebPage\",\"@id\":\"https:\/\/amirlatam.com\/do\/cursos\/medicina\/master-en-imagen-clinica-y-ecografia\/\",\"url\":\"https:\/\/amirlatam.com\/do\/cursos\/medicina\/master-en-imagen-clinica-y-ecografia\/\",\"name\":\"M\u00e1ster en Imagen Cl\u00ednica y Ecograf\u00eda - Rep\u00fablica Dominicana\",\"isPartOf\":{\"@id\":\"https:\/\/amirlatam.com\/do\/#website\"},\"primaryImageOfPage\":{\"@id\":\"https:\/\/amirlatam.com\/do\/cursos\/medicina\/master-en-imagen-clinica-y-ecografia\/#primaryimage\"},\"image\":{\"@id\":\"https:\/\/amirlatam.com\/do\/cursos\/medicina\/master-en-imagen-clinica-y-ecografia\/#primaryimage\"},\"thumbnailUrl\":\"https:\/\/amirlatam.com\/do\/wp-content\/uploads\/sites\/4\/2023\/08\/Ginecologia-b-scaled.jpeg\",\"datePublished\":\"2023-08-13T16:26:05+00:00\",\"dateModified\":\"2025-12-17T12:34:26+00:00\",\"breadcrumb\":{\"@id\":\"https:\/\/amirlatam.com\/do\/cursos\/medicina\/master-en-imagen-clinica-y-ecografia\/#breadcrumb\"},\"inLanguage\":\"es\",\"potentialAction\":[{\"@type\":\"ReadAction\",\"target\":[\"https:\/\/amirlatam.com\/do\/cursos\/medicina\/master-en-imagen-clinica-y-ecografia\/\"]}]},{\"@type\":\"ImageObject\",\"inLanguage\":\"es\",\"@id\":\"https:\/\/amirlatam.com\/do\/cursos\/medicina\/master-en-imagen-clinica-y-ecografia\/#primaryimage\",\"url\":\"https:\/\/amirlatam.com\/do\/wp-content\/uploads\/sites\/4\/2023\/08\/Ginecologia-b-scaled.jpeg\",\"contentUrl\":\"https:\/\/amirlatam.com\/do\/wp-content\/uploads\/sites\/4\/2023\/08\/Ginecologia-b-scaled.jpeg\",\"width\":2560,\"height\":1703,\"caption\":\"Concept Motherhood and Pregnant, Prenatal care and pregnancy. Male doctor showing ultrasound picture to pregnant woman with pregnant woman in hospital.\"},{\"@type\":\"BreadcrumbList\",\"@id\":\"https:\/\/amirlatam.com\/do\/cursos\/medicina\/master-en-imagen-clinica-y-ecografia\/#breadcrumb\",\"itemListElement\":[{\"@type\":\"ListItem\",\"position\":1,\"name\":\"Portada\",\"item\":\"https:\/\/amirlatam.com\/do\/\"},{\"@type\":\"ListItem\",\"position\":2,\"name\":\"Tienda\",\"item\":\"https:\/\/amirlatam.com\/do\/tienda\/\"},{\"@type\":\"ListItem\",\"position\":3,\"name\":\"M\u00e1ster en Imagen Cl\u00ednica y Ecograf\u00eda\"}]},{\"@type\":\"WebSite\",\"@id\":\"https:\/\/amirlatam.com\/do\/#website\",\"url\":\"https:\/\/amirlatam.com\/do\/\",\"name\":\"Rep\u00fablica Dominicana\",\"description\":\"AMIR Latinoam\u00e9rica\",\"publisher\":{\"@id\":\"https:\/\/amirlatam.com\/do\/#organization\"},\"potentialAction\":[{\"@type\":\"SearchAction\",\"target\":{\"@type\":\"EntryPoint\",\"urlTemplate\":\"https:\/\/amirlatam.com\/do\/?s={search_term_string}\"},\"query-input\":{\"@type\":\"PropertyValueSpecification\",\"valueRequired\":true,\"valueName\":\"search_term_string\"}}],\"inLanguage\":\"es\"},{\"@type\":\"Organization\",\"@id\":\"https:\/\/amirlatam.com\/do\/#organization\",\"name\":\"Rep\u00fablica Dominicana\",\"url\":\"https:\/\/amirlatam.com\/do\/\",\"logo\":{\"@type\":\"ImageObject\",\"inLanguage\":\"es\",\"@id\":\"https:\/\/amirlatam.com\/do\/#\/schema\/logo\/image\/\",\"url\":\"https:\/\/amirlatam.com\/do\/wp-content\/uploads\/sites\/4\/2023\/06\/Logo.png\",\"contentUrl\":\"https:\/\/amirlatam.com\/do\/wp-content\/uploads\/sites\/4\/2023\/06\/Logo.png\",\"width\":676,\"height\":200,\"caption\":\"Rep\u00fablica Dominicana\"},\"image\":{\"@id\":\"https:\/\/amirlatam.com\/do\/#\/schema\/logo\/image\/\"}}]}<\/script>\n<meta property=\"og:availability\" content=\"instock\" \/>\n<meta property=\"product:availability\" content=\"instock\" \/>\n<meta property=\"product:condition\" content=\"new\" \/>\n<!-- \/ Yoast SEO Premium plugin. -->","yoast_head_json":{"title":"M\u00e1ster en Imagen Cl\u00ednica y Ecograf\u00eda - Rep\u00fablica Dominicana","robots":{"index":"index","follow":"follow","max-snippet":"max-snippet:-1","max-image-preview":"max-image-preview:large","max-video-preview":"max-video-preview:-1"},"canonical":"https:\/\/amirlatam.com\/do\/cursos\/medicina\/master-en-imagen-clinica-y-ecografia\/","og_locale":"es_ES","og_type":"article","og_title":"M\u00e1ster en Imagen Cl\u00ednica y Ecograf\u00eda","og_description":"Con este curso se pretende proporcionar competencias y habilidades para el adecuado uso de las t\u00e9cnicas de imagen en el manejo del paciente, as\u00ed como el conocimiento de las caracter\u00edsticas en imagen de las diferentes patolog\u00edas divididas por \u00f3rganos y sistemas. Para conseguir este objetivo, se sigue una metodolog\u00eda docente consistir\u00e1 en el seguimiento de la emisi\u00f3n de clases online, tanto te\u00f3ricas como pr\u00e1cticas, tutor\u00edas online y pr\u00e1cticas semipresenciales que podr\u00e1s seguir a trav\u00e9s del cronograma y el portal del alumno.","og_url":"https:\/\/amirlatam.com\/do\/cursos\/medicina\/master-en-imagen-clinica-y-ecografia\/","og_site_name":"Rep\u00fablica Dominicana","article_modified_time":"2025-12-17T12:34:26+00:00","og_image":[{"width":2560,"height":1703,"url":"https:\/\/amirlatam.com\/do\/wp-content\/uploads\/sites\/4\/2023\/08\/Ginecologia-b-scaled.jpeg","type":"image\/jpeg"}],"twitter_card":"summary_large_image","twitter_misc":{"Disponibilidad":"Disponible"},"schema":{"@context":"https:\/\/schema.org","@graph":[{"@type":"WebPage","@id":"https:\/\/amirlatam.com\/do\/cursos\/medicina\/master-en-imagen-clinica-y-ecografia\/","url":"https:\/\/amirlatam.com\/do\/cursos\/medicina\/master-en-imagen-clinica-y-ecografia\/","name":"M\u00e1ster en Imagen Cl\u00ednica y Ecograf\u00eda - Rep\u00fablica Dominicana","isPartOf":{"@id":"https:\/\/amirlatam.com\/do\/#website"},"primaryImageOfPage":{"@id":"https:\/\/amirlatam.com\/do\/cursos\/medicina\/master-en-imagen-clinica-y-ecografia\/#primaryimage"},"image":{"@id":"https:\/\/amirlatam.com\/do\/cursos\/medicina\/master-en-imagen-clinica-y-ecografia\/#primaryimage"},"thumbnailUrl":"https:\/\/amirlatam.com\/do\/wp-content\/uploads\/sites\/4\/2023\/08\/Ginecologia-b-scaled.jpeg","datePublished":"2023-08-13T16:26:05+00:00","dateModified":"2025-12-17T12:34:26+00:00","breadcrumb":{"@id":"https:\/\/amirlatam.com\/do\/cursos\/medicina\/master-en-imagen-clinica-y-ecografia\/#breadcrumb"},"inLanguage":"es","potentialAction":[{"@type":"ReadAction","target":["https:\/\/amirlatam.com\/do\/cursos\/medicina\/master-en-imagen-clinica-y-ecografia\/"]}]},{"@type":"ImageObject","inLanguage":"es","@id":"https:\/\/amirlatam.com\/do\/cursos\/medicina\/master-en-imagen-clinica-y-ecografia\/#primaryimage","url":"https:\/\/amirlatam.com\/do\/wp-content\/uploads\/sites\/4\/2023\/08\/Ginecologia-b-scaled.jpeg","contentUrl":"https:\/\/amirlatam.com\/do\/wp-content\/uploads\/sites\/4\/2023\/08\/Ginecologia-b-scaled.jpeg","width":2560,"height":1703,"caption":"Concept Motherhood and Pregnant, Prenatal care and pregnancy. Male doctor showing ultrasound picture to pregnant woman with pregnant woman in hospital."},{"@type":"BreadcrumbList","@id":"https:\/\/amirlatam.com\/do\/cursos\/medicina\/master-en-imagen-clinica-y-ecografia\/#breadcrumb","itemListElement":[{"@type":"ListItem","position":1,"name":"Portada","item":"https:\/\/amirlatam.com\/do\/"},{"@type":"ListItem","position":2,"name":"Tienda","item":"https:\/\/amirlatam.com\/do\/tienda\/"},{"@type":"ListItem","position":3,"name":"M\u00e1ster en Imagen Cl\u00ednica y Ecograf\u00eda"}]},{"@type":"WebSite","@id":"https:\/\/amirlatam.com\/do\/#website","url":"https:\/\/amirlatam.com\/do\/","name":"Rep\u00fablica Dominicana","description":"AMIR Latinoam\u00e9rica","publisher":{"@id":"https:\/\/amirlatam.com\/do\/#organization"},"potentialAction":[{"@type":"SearchAction","target":{"@type":"EntryPoint","urlTemplate":"https:\/\/amirlatam.com\/do\/?s={search_term_string}"},"query-input":{"@type":"PropertyValueSpecification","valueRequired":true,"valueName":"search_term_string"}}],"inLanguage":"es"},{"@type":"Organization","@id":"https:\/\/amirlatam.com\/do\/#organization","name":"Rep\u00fablica Dominicana","url":"https:\/\/amirlatam.com\/do\/","logo":{"@type":"ImageObject","inLanguage":"es","@id":"https:\/\/amirlatam.com\/do\/#\/schema\/logo\/image\/","url":"https:\/\/amirlatam.com\/do\/wp-content\/uploads\/sites\/4\/2023\/06\/Logo.png","contentUrl":"https:\/\/amirlatam.com\/do\/wp-content\/uploads\/sites\/4\/2023\/06\/Logo.png","width":676,"height":200,"caption":"Rep\u00fablica Dominicana"},"image":{"@id":"https:\/\/amirlatam.com\/do\/#\/schema\/logo\/image\/"}}]},"og_availability":"instock","product_availability":"instock","product_condition":"new"},"_links":{"self":[{"href":"https:\/\/amirlatam.com\/do\/wp-json\/wp\/v2\/product\/2545","targetHints":{"allow":["GET"]}}],"collection":[{"href":"https:\/\/amirlatam.com\/do\/wp-json\/wp\/v2\/product"}],"about":[{"href":"https:\/\/amirlatam.com\/do\/wp-json\/wp\/v2\/types\/product"}],"version-history":[{"count":11,"href":"https:\/\/amirlatam.com\/do\/wp-json\/wp\/v2\/product\/2545\/revisions"}],"predecessor-version":[{"id":12232,"href":"https:\/\/amirlatam.com\/do\/wp-json\/wp\/v2\/product\/2545\/revisions\/12232"}],"wp:featuredmedia":[{"embeddable":true,"href":"https:\/\/amirlatam.com\/do\/wp-json\/wp\/v2\/media\/2693"}],"wp:attachment":[{"href":"https:\/\/amirlatam.com\/do\/wp-json\/wp\/v2\/media?parent=2545"}],"wp:term":[{"taxonomy":"product_brand","embeddable":true,"href":"https:\/\/amirlatam.com\/do\/wp-json\/wp\/v2\/product_brand?post=2545"},{"taxonomy":"product_cat","embeddable":true,"href":"https:\/\/amirlatam.com\/do\/wp-json\/wp\/v2\/product_cat?post=2545"},{"taxonomy":"product_tag","embeddable":true,"href":"https:\/\/amirlatam.com\/do\/wp-json\/wp\/v2\/product_tag?post=2545"}],"curies":[{"name":"wp","href":"https:\/\/api.w.org\/{rel}","templated":true}]}}