{"id":2540,"date":"2023-08-13T12:22:16","date_gmt":"2023-08-13T16:22:16","guid":{"rendered":"https:\/\/amirlatam.com\/do\/?post_type=product&#038;p=2540"},"modified":"2024-09-06T18:00:32","modified_gmt":"2024-09-06T22:00:32","slug":"actualizacion-en-hematologia-clinica","status":"publish","type":"product","link":"https:\/\/amirlatam.com\/do\/cursos\/medicina\/actualizacion-en-hematologia-clinica\/","title":{"rendered":"Curso de actualizaci\u00f3n en Hematolog\u00eda Cl\u00ednica"},"content":{"rendered":"\t\t<div data-elementor-type=\"container\" data-elementor-id=\"2541\" class=\"elementor elementor-2541\" data-elementor-settings=\"{&quot;ha_cmc_init_switcher&quot;:&quot;no&quot;}\" data-elementor-post-type=\"elementor_library\">\n\t\t\t\t<div class=\"elementor-element elementor-element-77c4fa42 e-flex e-con-boxed e-con e-parent\" data-id=\"77c4fa42\" data-element_type=\"container\" data-e-type=\"container\" data-settings=\"{&quot;_ha_eqh_enable&quot;:false}\">\n\t\t\t\t\t<div class=\"e-con-inner\">\n\t\t\t\t<div class=\"elementor-element elementor-element-47a6ceed elementor-widget elementor-widget-accordion\" data-id=\"47a6ceed\" data-element_type=\"widget\" data-e-type=\"widget\" data-widget_type=\"accordion.default\">\n\t\t\t\t<div class=\"elementor-widget-container\">\n\t\t\t\t\t\t\t<div class=\"elementor-accordion\">\n\t\t\t\t\t\t\t<div class=\"elementor-accordion-item\">\n\t\t\t\t\t<div id=\"elementor-tab-title-1201\" class=\"elementor-tab-title\" data-tab=\"1\" role=\"button\" aria-controls=\"elementor-tab-content-1201\" aria-expanded=\"false\">\n\t\t\t\t\t\t\t\t\t\t\t\t\t<span class=\"elementor-accordion-icon elementor-accordion-icon-left\" aria-hidden=\"true\">\n\t\t\t\t\t\t\t\t\t\t\t\t\t\t\t<span class=\"elementor-accordion-icon-closed\"><i class=\"fas fa-plus\"><\/i><\/span>\n\t\t\t\t\t\t\t\t<span class=\"elementor-accordion-icon-opened\"><i class=\"fas fa-minus\"><\/i><\/span>\n\t\t\t\t\t\t\t\t\t\t\t\t\t\t<\/span>\n\t\t\t\t\t\t\t\t\t\t\t\t<a class=\"elementor-accordion-title\" tabindex=\"0\">M\u00f3dulo I<\/a>\n\t\t\t\t\t<\/div>\n\t\t\t\t\t<div id=\"elementor-tab-content-1201\" class=\"elementor-tab-content elementor-clearfix\" data-tab=\"1\" role=\"region\" aria-labelledby=\"elementor-tab-title-1201\"><p style=\"font-weight: 400;\">M\u00d3DULO I:<\/p><ul><li>NEOPLASIAS MIELOPROLIFERATIVAS CR\u00d3NICAS.<\/li><li>CONCEPTOS B\u00c1SICOS EN PATOLOG\u00cdA LINFOIDETEMA.<\/li><li>LEUCEMIA LINF\u00c1TICA CR\u00d3NICA Y OTROS SLPC. Generalidades y fisiolog\u00eda.<\/li><li>ANEMIA POR DEFICIENCIA DE HIERRO.<\/li><li>ANEMIA DE TRASTORNOS CR\u00d3NICOS.<\/li><li>ANEMIAS MEGALOBL\u00c1STICAS<\/li><li>ANEMIAS HEMOL\u00cdTICAS.<\/li><li>APLASIA MEDULAR. LEUCEMIAS AGUDAS.<\/li><li>S\u00cdNDROMES MIELODISPL\u00c1SICOS.<\/li><li>S\u00cdNDROMES MIELODISPL\u00c1SICOS-MIELOPROLIFERATIVOS. Generalidades.<\/li><li>GENERALIDADES DE LOS PROCESOS ONCOHEMATOL\u00d3GICOS. Introducci\u00f3n a la oncohematolog\u00eda. Leucemia mielomonoc\u00edtica cr\u00f3nica (lmmc).<\/li><li>HEMOGRAMA Y PRINCIPALES PAR\u00c1METROS SANGU\u00cdNEOS.<\/li><li>T\u00c9CNICAS DIAGN\u00d3STICAS EN HEMATOLOG\u00cdA.<\/li><li>LINFOMA DE HODGKIN (LH).<\/li><li>MIELOMA M\u00daLTIPLE Y OTRAS GAMMAPAT\u00cdAS MONOCLONALES.<\/li><li>CONCEPTOS B\u00c1SICOS DEL TRASPLANTE DE PROGENITORES HEMATOPOY\u00c9TICOS.<\/li><li>COMPLICACIONES DEL TRASPLANTE DE PROGENITORES HEMATOPOY\u00c9TICOS.<\/li><li>GENERALIDADES DE LA HEMOSTASIA.<\/li><li>TROMBOPAT\u00cdAS CONG\u00c9NITAS Y ADQUIRIDAS.<\/li><li>ENFERMEDAD DE VON WILLEBRAND.<\/li><li>OTRAS COAGULOPAT\u00cdAS.<\/li><li>TRATAMIENTO ANTICOAGULANTE Y ANTIAGREGANTE.<\/li><li>GENERALIDADES DE LA TERAPIA TRANSFUSIONAL.<\/li><li>LINFOMAS NO HODGKIN.<\/li><\/ul><\/div>\n\t\t\t\t<\/div>\n\t\t\t\t\t\t\t\t<\/div>\n\t\t\t\t\t\t<\/div>\n\t\t\t\t<\/div>\n\t\t\t\t\t<\/div>\n\t\t\t\t<\/div>\n\t\t\t\t<\/div>\n\t\t\n","protected":false},"excerpt":{"rendered":"<p style=\"font-weight: 400\">El diplomado en hematolog\u00eda para m\u00e9dicos est\u00e1 dise\u00f1ado para que puedas adquirir un profundo conocimiento y desarrollar capacidades desde el punto de vista cient\u00edfico y pr\u00e1ctico para el diagn\u00f3stico y el abordaje terap\u00e9utico de las enfermedades hematol\u00f3gicas.<\/p>\n","protected":false},"featured_media":2689,"template":"","meta":{"_acf_changed":false},"product_brand":[],"product_cat":[59],"product_tag":[73],"class_list":{"0":"post-2540","1":"product","2":"type-product","3":"status-publish","4":"has-post-thumbnail","6":"product_cat-medicina","7":"product_tag-venta","9":"first","10":"instock","11":"shipping-taxable","12":"purchasable","13":"product-type-variable"},"acf":[],"yoast_head":"<!-- This site is optimized with the Yoast SEO Premium plugin v26.8 (Yoast SEO v26.8) - https:\/\/yoast.com\/product\/yoast-seo-premium-wordpress\/ -->\n<title>Curso de actualizaci\u00f3n en Hematolog\u00eda Cl\u00ednica - Rep\u00fablica Dominicana<\/title>\n<meta name=\"robots\" content=\"index, follow, max-snippet:-1, max-image-preview:large, max-video-preview:-1\" \/>\n<link rel=\"canonical\" href=\"https:\/\/amirlatam.com\/do\/cursos\/medicina\/actualizacion-en-hematologia-clinica\/\" \/>\n<meta property=\"og:locale\" content=\"es_ES\" \/>\n<meta property=\"og:type\" content=\"article\" \/>\n<meta property=\"og:title\" content=\"Curso de actualizaci\u00f3n en Hematolog\u00eda Cl\u00ednica\" \/>\n<meta property=\"og:description\" content=\"El diplomado en hematolog\u00eda para m\u00e9dicos est\u00e1 dise\u00f1ado para que puedas adquirir un profundo conocimiento y desarrollar capacidades desde el punto de vista cient\u00edfico y pr\u00e1ctico para el diagn\u00f3stico y el abordaje terap\u00e9utico de las enfermedades hematol\u00f3gicas.\" \/>\n<meta property=\"og:url\" content=\"https:\/\/amirlatam.com\/do\/cursos\/medicina\/actualizacion-en-hematologia-clinica\/\" \/>\n<meta property=\"og:site_name\" content=\"Rep\u00fablica Dominicana\" \/>\n<meta property=\"article:modified_time\" content=\"2024-09-06T22:00:32+00:00\" \/>\n<meta property=\"og:image\" content=\"https:\/\/amirlatam.com\/do\/wp-content\/uploads\/sites\/4\/2023\/08\/Hematologia-b-scaled.jpg\" \/>\n\t<meta property=\"og:image:width\" content=\"2560\" \/>\n\t<meta property=\"og:image:height\" content=\"2560\" \/>\n\t<meta property=\"og:image:type\" content=\"image\/jpeg\" \/>\n<meta name=\"twitter:card\" content=\"summary_large_image\" \/>\n<meta name=\"twitter:label1\" content=\"Disponibilidad\" \/>\n\t<meta name=\"twitter:data1\" content=\"Disponible\" \/>\n<script type=\"application\/ld+json\" class=\"yoast-schema-graph\">{\"@context\":\"https:\/\/schema.org\",\"@graph\":[{\"@type\":\"WebPage\",\"@id\":\"https:\/\/amirlatam.com\/do\/cursos\/medicina\/actualizacion-en-hematologia-clinica\/\",\"url\":\"https:\/\/amirlatam.com\/do\/cursos\/medicina\/actualizacion-en-hematologia-clinica\/\",\"name\":\"Curso de actualizaci\u00f3n en Hematolog\u00eda Cl\u00ednica - Rep\u00fablica Dominicana\",\"isPartOf\":{\"@id\":\"https:\/\/amirlatam.com\/do\/#website\"},\"primaryImageOfPage\":{\"@id\":\"https:\/\/amirlatam.com\/do\/cursos\/medicina\/actualizacion-en-hematologia-clinica\/#primaryimage\"},\"image\":{\"@id\":\"https:\/\/amirlatam.com\/do\/cursos\/medicina\/actualizacion-en-hematologia-clinica\/#primaryimage\"},\"thumbnailUrl\":\"https:\/\/amirlatam.com\/do\/wp-content\/uploads\/sites\/4\/2023\/08\/Hematologia-b-scaled.jpg\",\"datePublished\":\"2023-08-13T16:22:16+00:00\",\"dateModified\":\"2024-09-06T22:00:32+00:00\",\"breadcrumb\":{\"@id\":\"https:\/\/amirlatam.com\/do\/cursos\/medicina\/actualizacion-en-hematologia-clinica\/#breadcrumb\"},\"inLanguage\":\"es\",\"potentialAction\":[{\"@type\":\"ReadAction\",\"target\":[\"https:\/\/amirlatam.com\/do\/cursos\/medicina\/actualizacion-en-hematologia-clinica\/\"]}]},{\"@type\":\"ImageObject\",\"inLanguage\":\"es\",\"@id\":\"https:\/\/amirlatam.com\/do\/cursos\/medicina\/actualizacion-en-hematologia-clinica\/#primaryimage\",\"url\":\"https:\/\/amirlatam.com\/do\/wp-content\/uploads\/sites\/4\/2023\/08\/Hematologia-b-scaled.jpg\",\"contentUrl\":\"https:\/\/amirlatam.com\/do\/wp-content\/uploads\/sites\/4\/2023\/08\/Hematologia-b-scaled.jpg\",\"width\":2560,\"height\":2560},{\"@type\":\"BreadcrumbList\",\"@id\":\"https:\/\/amirlatam.com\/do\/cursos\/medicina\/actualizacion-en-hematologia-clinica\/#breadcrumb\",\"itemListElement\":[{\"@type\":\"ListItem\",\"position\":1,\"name\":\"Portada\",\"item\":\"https:\/\/amirlatam.com\/do\/\"},{\"@type\":\"ListItem\",\"position\":2,\"name\":\"Tienda\",\"item\":\"https:\/\/amirlatam.com\/do\/tienda\/\"},{\"@type\":\"ListItem\",\"position\":3,\"name\":\"Curso de actualizaci\u00f3n en Hematolog\u00eda Cl\u00ednica\"}]},{\"@type\":\"WebSite\",\"@id\":\"https:\/\/amirlatam.com\/do\/#website\",\"url\":\"https:\/\/amirlatam.com\/do\/\",\"name\":\"Rep\u00fablica Dominicana\",\"description\":\"AMIR Latinoam\u00e9rica\",\"publisher\":{\"@id\":\"https:\/\/amirlatam.com\/do\/#organization\"},\"potentialAction\":[{\"@type\":\"SearchAction\",\"target\":{\"@type\":\"EntryPoint\",\"urlTemplate\":\"https:\/\/amirlatam.com\/do\/?s={search_term_string}\"},\"query-input\":{\"@type\":\"PropertyValueSpecification\",\"valueRequired\":true,\"valueName\":\"search_term_string\"}}],\"inLanguage\":\"es\"},{\"@type\":\"Organization\",\"@id\":\"https:\/\/amirlatam.com\/do\/#organization\",\"name\":\"Rep\u00fablica Dominicana\",\"url\":\"https:\/\/amirlatam.com\/do\/\",\"logo\":{\"@type\":\"ImageObject\",\"inLanguage\":\"es\",\"@id\":\"https:\/\/amirlatam.com\/do\/#\/schema\/logo\/image\/\",\"url\":\"https:\/\/amirlatam.com\/do\/wp-content\/uploads\/sites\/4\/2023\/06\/Logo.png\",\"contentUrl\":\"https:\/\/amirlatam.com\/do\/wp-content\/uploads\/sites\/4\/2023\/06\/Logo.png\",\"width\":676,\"height\":200,\"caption\":\"Rep\u00fablica Dominicana\"},\"image\":{\"@id\":\"https:\/\/amirlatam.com\/do\/#\/schema\/logo\/image\/\"}}]}<\/script>\n<meta property=\"og:availability\" content=\"instock\" \/>\n<meta property=\"product:availability\" content=\"instock\" \/>\n<meta property=\"product:condition\" content=\"new\" \/>\n<!-- \/ Yoast SEO Premium plugin. -->","yoast_head_json":{"title":"Curso de actualizaci\u00f3n en Hematolog\u00eda Cl\u00ednica - Rep\u00fablica Dominicana","robots":{"index":"index","follow":"follow","max-snippet":"max-snippet:-1","max-image-preview":"max-image-preview:large","max-video-preview":"max-video-preview:-1"},"canonical":"https:\/\/amirlatam.com\/do\/cursos\/medicina\/actualizacion-en-hematologia-clinica\/","og_locale":"es_ES","og_type":"article","og_title":"Curso de actualizaci\u00f3n en Hematolog\u00eda Cl\u00ednica","og_description":"El diplomado en hematolog\u00eda para m\u00e9dicos est\u00e1 dise\u00f1ado para que puedas adquirir un profundo conocimiento y desarrollar capacidades desde el punto de vista cient\u00edfico y pr\u00e1ctico para el diagn\u00f3stico y el abordaje terap\u00e9utico de las enfermedades hematol\u00f3gicas.","og_url":"https:\/\/amirlatam.com\/do\/cursos\/medicina\/actualizacion-en-hematologia-clinica\/","og_site_name":"Rep\u00fablica Dominicana","article_modified_time":"2024-09-06T22:00:32+00:00","og_image":[{"width":2560,"height":2560,"url":"https:\/\/amirlatam.com\/do\/wp-content\/uploads\/sites\/4\/2023\/08\/Hematologia-b-scaled.jpg","type":"image\/jpeg"}],"twitter_card":"summary_large_image","twitter_misc":{"Disponibilidad":"Disponible"},"schema":{"@context":"https:\/\/schema.org","@graph":[{"@type":"WebPage","@id":"https:\/\/amirlatam.com\/do\/cursos\/medicina\/actualizacion-en-hematologia-clinica\/","url":"https:\/\/amirlatam.com\/do\/cursos\/medicina\/actualizacion-en-hematologia-clinica\/","name":"Curso de actualizaci\u00f3n en Hematolog\u00eda Cl\u00ednica - Rep\u00fablica Dominicana","isPartOf":{"@id":"https:\/\/amirlatam.com\/do\/#website"},"primaryImageOfPage":{"@id":"https:\/\/amirlatam.com\/do\/cursos\/medicina\/actualizacion-en-hematologia-clinica\/#primaryimage"},"image":{"@id":"https:\/\/amirlatam.com\/do\/cursos\/medicina\/actualizacion-en-hematologia-clinica\/#primaryimage"},"thumbnailUrl":"https:\/\/amirlatam.com\/do\/wp-content\/uploads\/sites\/4\/2023\/08\/Hematologia-b-scaled.jpg","datePublished":"2023-08-13T16:22:16+00:00","dateModified":"2024-09-06T22:00:32+00:00","breadcrumb":{"@id":"https:\/\/amirlatam.com\/do\/cursos\/medicina\/actualizacion-en-hematologia-clinica\/#breadcrumb"},"inLanguage":"es","potentialAction":[{"@type":"ReadAction","target":["https:\/\/amirlatam.com\/do\/cursos\/medicina\/actualizacion-en-hematologia-clinica\/"]}]},{"@type":"ImageObject","inLanguage":"es","@id":"https:\/\/amirlatam.com\/do\/cursos\/medicina\/actualizacion-en-hematologia-clinica\/#primaryimage","url":"https:\/\/amirlatam.com\/do\/wp-content\/uploads\/sites\/4\/2023\/08\/Hematologia-b-scaled.jpg","contentUrl":"https:\/\/amirlatam.com\/do\/wp-content\/uploads\/sites\/4\/2023\/08\/Hematologia-b-scaled.jpg","width":2560,"height":2560},{"@type":"BreadcrumbList","@id":"https:\/\/amirlatam.com\/do\/cursos\/medicina\/actualizacion-en-hematologia-clinica\/#breadcrumb","itemListElement":[{"@type":"ListItem","position":1,"name":"Portada","item":"https:\/\/amirlatam.com\/do\/"},{"@type":"ListItem","position":2,"name":"Tienda","item":"https:\/\/amirlatam.com\/do\/tienda\/"},{"@type":"ListItem","position":3,"name":"Curso de actualizaci\u00f3n en Hematolog\u00eda Cl\u00ednica"}]},{"@type":"WebSite","@id":"https:\/\/amirlatam.com\/do\/#website","url":"https:\/\/amirlatam.com\/do\/","name":"Rep\u00fablica Dominicana","description":"AMIR Latinoam\u00e9rica","publisher":{"@id":"https:\/\/amirlatam.com\/do\/#organization"},"potentialAction":[{"@type":"SearchAction","target":{"@type":"EntryPoint","urlTemplate":"https:\/\/amirlatam.com\/do\/?s={search_term_string}"},"query-input":{"@type":"PropertyValueSpecification","valueRequired":true,"valueName":"search_term_string"}}],"inLanguage":"es"},{"@type":"Organization","@id":"https:\/\/amirlatam.com\/do\/#organization","name":"Rep\u00fablica Dominicana","url":"https:\/\/amirlatam.com\/do\/","logo":{"@type":"ImageObject","inLanguage":"es","@id":"https:\/\/amirlatam.com\/do\/#\/schema\/logo\/image\/","url":"https:\/\/amirlatam.com\/do\/wp-content\/uploads\/sites\/4\/2023\/06\/Logo.png","contentUrl":"https:\/\/amirlatam.com\/do\/wp-content\/uploads\/sites\/4\/2023\/06\/Logo.png","width":676,"height":200,"caption":"Rep\u00fablica Dominicana"},"image":{"@id":"https:\/\/amirlatam.com\/do\/#\/schema\/logo\/image\/"}}]},"og_availability":"instock","product_availability":"instock","product_condition":"new"},"_links":{"self":[{"href":"https:\/\/amirlatam.com\/do\/wp-json\/wp\/v2\/product\/2540","targetHints":{"allow":["GET"]}}],"collection":[{"href":"https:\/\/amirlatam.com\/do\/wp-json\/wp\/v2\/product"}],"about":[{"href":"https:\/\/amirlatam.com\/do\/wp-json\/wp\/v2\/types\/product"}],"version-history":[{"count":7,"href":"https:\/\/amirlatam.com\/do\/wp-json\/wp\/v2\/product\/2540\/revisions"}],"predecessor-version":[{"id":11178,"href":"https:\/\/amirlatam.com\/do\/wp-json\/wp\/v2\/product\/2540\/revisions\/11178"}],"wp:featuredmedia":[{"embeddable":true,"href":"https:\/\/amirlatam.com\/do\/wp-json\/wp\/v2\/media\/2689"}],"wp:attachment":[{"href":"https:\/\/amirlatam.com\/do\/wp-json\/wp\/v2\/media?parent=2540"}],"wp:term":[{"taxonomy":"product_brand","embeddable":true,"href":"https:\/\/amirlatam.com\/do\/wp-json\/wp\/v2\/product_brand?post=2540"},{"taxonomy":"product_cat","embeddable":true,"href":"https:\/\/amirlatam.com\/do\/wp-json\/wp\/v2\/product_cat?post=2540"},{"taxonomy":"product_tag","embeddable":true,"href":"https:\/\/amirlatam.com\/do\/wp-json\/wp\/v2\/product_tag?post=2540"}],"curies":[{"name":"wp","href":"https:\/\/api.w.org\/{rel}","templated":true}]}}