{"id":2530,"date":"2023-08-13T12:14:36","date_gmt":"2023-08-13T16:14:36","guid":{"rendered":"https:\/\/amirlatam.com\/do\/?post_type=product&#038;p=2530"},"modified":"2024-09-06T18:01:14","modified_gmt":"2024-09-06T22:01:14","slug":"curso-de-actualizacion-en-medicina-intensiva","status":"publish","type":"product","link":"https:\/\/amirlatam.com\/do\/cursos\/medicina\/curso-de-actualizacion-en-medicina-intensiva\/","title":{"rendered":"Curso de Actualizaci\u00f3n en Medicina Intensiva"},"content":{"rendered":"\t\t<div data-elementor-type=\"container\" data-elementor-id=\"2531\" class=\"elementor elementor-2531\" data-elementor-settings=\"{&quot;ha_cmc_init_switcher&quot;:&quot;no&quot;}\" data-elementor-post-type=\"elementor_library\">\n\t\t\t\t<div class=\"elementor-element elementor-element-190024f5 e-flex e-con-boxed e-con e-parent\" data-id=\"190024f5\" data-element_type=\"container\" data-e-type=\"container\" data-settings=\"{&quot;_ha_eqh_enable&quot;:false}\">\n\t\t\t\t\t<div class=\"e-con-inner\">\n\t\t\t\t<div class=\"elementor-element elementor-element-660e626c elementor-widget elementor-widget-accordion\" data-id=\"660e626c\" data-element_type=\"widget\" data-e-type=\"widget\" data-widget_type=\"accordion.default\">\n\t\t\t\t<div class=\"elementor-widget-container\">\n\t\t\t\t\t\t\t<div class=\"elementor-accordion\">\n\t\t\t\t\t\t\t<div class=\"elementor-accordion-item\">\n\t\t\t\t\t<div id=\"elementor-tab-title-1711\" class=\"elementor-tab-title\" data-tab=\"1\" role=\"button\" aria-controls=\"elementor-tab-content-1711\" aria-expanded=\"false\">\n\t\t\t\t\t\t\t\t\t\t\t\t\t<span class=\"elementor-accordion-icon elementor-accordion-icon-left\" aria-hidden=\"true\">\n\t\t\t\t\t\t\t\t\t\t\t\t\t\t\t<span class=\"elementor-accordion-icon-closed\"><i class=\"fas fa-plus\"><\/i><\/span>\n\t\t\t\t\t\t\t\t<span class=\"elementor-accordion-icon-opened\"><i class=\"fas fa-minus\"><\/i><\/span>\n\t\t\t\t\t\t\t\t\t\t\t\t\t\t<\/span>\n\t\t\t\t\t\t\t\t\t\t\t\t<a class=\"elementor-accordion-title\" tabindex=\"0\">M\u00f3dulo I<\/a>\n\t\t\t\t\t<\/div>\n\t\t\t\t\t<div id=\"elementor-tab-content-1711\" class=\"elementor-tab-content elementor-clearfix\" data-tab=\"1\" role=\"region\" aria-labelledby=\"elementor-tab-title-1711\"><p style=\"font-weight: 400;\">M\u00d3DULO EN PATOLOG\u00cdA INFECCIOSA EN EL PACIENTE CR\u00cdTICO.<\/p><ul><li>S\u00edndrome de respuesta inflamatoria sist\u00e9mica y fracaso multiorg\u00e1nico. Diagn\u00f3stico, prevenci\u00f3n, incidencia, pron\u00f3stico y tratamiento.<\/li><li>Sepsis y shock s\u00e9ptico.<\/li><li>Neumon\u00eda asociada a ventilaci\u00f3n mec\u00e1nica. Diagn\u00f3stico, prevenci\u00f3n, pron\u00f3stico y tratamiento.<\/li><li>Neumon\u00eda comunitaria.<\/li><li>Infecciones del sistema nervioso central.<\/li><li>Infecciones intraabdominales.<\/li><li>T\u00e9tanos, botulismo y rabia.<\/li><li>Infecciones en inmunodeprimidos.<\/li><li>Endocarditis .<\/li><li>Antibi\u00f3ticos y antif\u00fangicos.<\/li><li>Infecci\u00f3n por el SARS-CoV-2 (COVID 19).<\/li><li>Proyectos Zero. Principales escalas de valoraci\u00f3n del enfermo cr\u00edtico.<\/li><li>Manejo postoperatorio del paciente trasplantado: complicaciones e inmunosupresi\u00f3n.<\/li><\/ul><\/div>\n\t\t\t\t<\/div>\n\t\t\t\t\t\t\t<div class=\"elementor-accordion-item\">\n\t\t\t\t\t<div id=\"elementor-tab-title-1712\" class=\"elementor-tab-title\" data-tab=\"2\" role=\"button\" aria-controls=\"elementor-tab-content-1712\" aria-expanded=\"false\">\n\t\t\t\t\t\t\t\t\t\t\t\t\t<span class=\"elementor-accordion-icon elementor-accordion-icon-left\" aria-hidden=\"true\">\n\t\t\t\t\t\t\t\t\t\t\t\t\t\t\t<span class=\"elementor-accordion-icon-closed\"><i class=\"fas fa-plus\"><\/i><\/span>\n\t\t\t\t\t\t\t\t<span class=\"elementor-accordion-icon-opened\"><i class=\"fas fa-minus\"><\/i><\/span>\n\t\t\t\t\t\t\t\t\t\t\t\t\t\t<\/span>\n\t\t\t\t\t\t\t\t\t\t\t\t<a class=\"elementor-accordion-title\" tabindex=\"0\">M\u00f3dulo II<\/a>\n\t\t\t\t\t<\/div>\n\t\t\t\t\t<div id=\"elementor-tab-content-1712\" class=\"elementor-tab-content elementor-clearfix\" data-tab=\"2\" role=\"region\" aria-labelledby=\"elementor-tab-title-1712\"><p style=\"font-weight: 400;\">MO\u0301DULO EN PATOLOGI\u0301A CARDIORRESPITARRESPIRATORIA EN EL PACIENTE CRI\u0301TICO.<\/p><ul><li>Fisiologi\u0301a cardiovascular.<\/li><li>Si\u0301ndrome Coronario Agudo. Diagno\u0301stico. Prono\u0301stico. Manejo Inicial. Complicaciones.<\/li><li>Insuficiencia Cardiaca, Edema agudo de pulmo\u0301n y shock cardioge\u0301nico. Etiologi\u0301a. Diagnostico. Pronostico. Tratamiento.<\/li><li>Trastornos de la conduccio\u0301n cardiaca. Indicaciones para implante de marcapasos transitorios y definitivos,<\/li><li>Pericarditis y Taponamiento cardiaco: Etiologi\u0301a. Diagnostico. Tratamiento.<\/li><li>Diseccio\u0301n ao\u0301rtica. Rotura de aneurisma ao\u0301rtico. Prono\u0301stico. Tratamiento.<\/li><li>Crisis hipertensiva.<\/li><li>Tromboembolismo pulmonar. Prevencio\u0301n. Diagnostico. Prono\u0301stico. Tratamiento.<\/li><li>Disfunciones valvulares: Fisiopatologi\u0301a, diagno\u0301stico y tratamiento.<\/li><li>Fa\u0301rmacos vasoactivos: Acciones, indicaciones y efectos secundarios.<\/li><li>Cate\u0301ter de arteria pulmonar: Utilidad y recomendaciones para su uso.<\/li><li>Shock hemorra\u0301gico.<\/li><li>Postoperatorio de cirugia cardiovascular.<\/li><li>Uso de hemoderivados. Transfusio\u0301n masiva.<\/li><li>ECMO y asistencias ventriculares.<\/li><li>Fisiologi\u0301a y fisiopatologi\u0301a del aparato respiratorio.<\/li><li>Ventilacio\u0301n meca\u0301nica.<\/li><li>Si\u0301ndrome de distre\u0301s respiratorio del adulto: Fisiopatologi\u0301a. Pronostico. Tratamiento.<\/li><li>Asma Bronquial y status asma\u0301tico.<\/li><li>Obstruccio\u0301n cro\u0301nica al flujo ae\u0301reo y Cor pulmonale, descompensados.<\/li><li>Insuficiencia respiratoria aguda: Fisiopatologi\u0301a, diagno\u0301stico y tratamiento.<\/li><li>Fracaso respiratorio neuromuscular agudo.<\/li><li>Hemorragia pulmonar. Si\u0301ndrome de ahogamiento.<\/li><li>Via ae\u0301rea difi\u0301cil.<\/li><li>Ecografi\u0301a pulmonar .<\/li><li>Infeccio\u0301n por el SARS-CoV-2 (COVID 19).<\/li><li>Hemostasia y Coagulacio\u0301n: Fisiopatologi\u0301a, diagno\u0301stico y tratamiento. Coagulacio\u0301n intravascular diseminada. Plasmafe\u0301resis. Fibrinoli\u0301ticos, heparinas y anticoagulantes orales (indicaciones y contraindicaciones)<\/li><li>Paciente gestante.<\/li><\/ul><\/div>\n\t\t\t\t<\/div>\n\t\t\t\t\t\t\t<div class=\"elementor-accordion-item\">\n\t\t\t\t\t<div id=\"elementor-tab-title-1713\" class=\"elementor-tab-title\" data-tab=\"3\" role=\"button\" aria-controls=\"elementor-tab-content-1713\" aria-expanded=\"false\">\n\t\t\t\t\t\t\t\t\t\t\t\t\t<span class=\"elementor-accordion-icon elementor-accordion-icon-left\" aria-hidden=\"true\">\n\t\t\t\t\t\t\t\t\t\t\t\t\t\t\t<span class=\"elementor-accordion-icon-closed\"><i class=\"fas fa-plus\"><\/i><\/span>\n\t\t\t\t\t\t\t\t<span class=\"elementor-accordion-icon-opened\"><i class=\"fas fa-minus\"><\/i><\/span>\n\t\t\t\t\t\t\t\t\t\t\t\t\t\t<\/span>\n\t\t\t\t\t\t\t\t\t\t\t\t<a class=\"elementor-accordion-title\" tabindex=\"0\">M\u00f3dulo III<\/a>\n\t\t\t\t\t<\/div>\n\t\t\t\t\t<div id=\"elementor-tab-content-1713\" class=\"elementor-tab-content elementor-clearfix\" data-tab=\"3\" role=\"region\" aria-labelledby=\"elementor-tab-title-1713\"><p style=\"font-weight: 400;\">MO\u0301DULO EN PATOLOGI\u0301A DIGESTIVA, RENAL Y METABO\u0301LICA EN EL PACIENTE CRI\u0301TICO..<\/p><ul><li>Hemorragia digestiva alta y baja. Etiologi\u0301a. Prevencio\u0301n. Prono\u0301stico. Tratamiento<\/li><li>Pancreatitis aguda. Diagno\u0301stico. Prono\u0301stico. Tratamiento<\/li><li>Insuficiencia hepa\u0301tica aguda y grave (hepatitis fulminante)<\/li><li>Colitis pseudomembranosa. Megacolon to\u0301xico. Si\u0301ndrome compartimental abdominal<\/li><li>Peritonitis bacteriana esponta\u0301nea. Encefalopati\u0301a hepa\u0301tica. Si\u0301ndrome hepatorrenal.<\/li><li>Alteraciones equilibrio a\u0301cido-base<\/li><li>Alteraciones equilibrio Na, K, Ca<\/li><li>Crisis tiroidea<\/li><li>Coma mixedematoso<\/li><li>Insuficiencia suprarrenal aguda<\/li><li>Feocromocitoma<\/li><li>Nutricio\u0301n artificial: diferentes posibilidades y sus indicaciones<\/li><li>Fisiopatologi\u0301a de la insuficiencia renal. Prevencio\u0301n del fracaso renal agudo. Ajuste de fa\u0301rmacos de la insuficiencia renal. Consideraciones en IRC<\/li><li>Cetoacidosis diabe\u0301tica y coma Hiperosmolar. Etiologi\u0301a, diagno\u0301stico y tratamiento NO GRABADO<\/li><li>Te\u0301cnicas de de<\/li><li>\u00a0<\/li><li>puracio\u0301n extrarrenal.<\/li><\/ul><\/div>\n\t\t\t\t<\/div>\n\t\t\t\t\t\t\t<div class=\"elementor-accordion-item\">\n\t\t\t\t\t<div id=\"elementor-tab-title-1714\" class=\"elementor-tab-title\" data-tab=\"4\" role=\"button\" aria-controls=\"elementor-tab-content-1714\" aria-expanded=\"false\">\n\t\t\t\t\t\t\t\t\t\t\t\t\t<span class=\"elementor-accordion-icon elementor-accordion-icon-left\" aria-hidden=\"true\">\n\t\t\t\t\t\t\t\t\t\t\t\t\t\t\t<span class=\"elementor-accordion-icon-closed\"><i class=\"fas fa-plus\"><\/i><\/span>\n\t\t\t\t\t\t\t\t<span class=\"elementor-accordion-icon-opened\"><i class=\"fas fa-minus\"><\/i><\/span>\n\t\t\t\t\t\t\t\t\t\t\t\t\t\t<\/span>\n\t\t\t\t\t\t\t\t\t\t\t\t<a class=\"elementor-accordion-title\" tabindex=\"0\">M\u00f3dulo IV<\/a>\n\t\t\t\t\t<\/div>\n\t\t\t\t\t<div id=\"elementor-tab-content-1714\" class=\"elementor-tab-content elementor-clearfix\" data-tab=\"4\" role=\"region\" aria-labelledby=\"elementor-tab-title-1714\"><p style=\"font-weight: 400;\">MO\u0301DULO EN PATOLOGI\u0301A NEUROLO\u0301GICA Y TRAUMATOLO\u0301GICA DEL PACIENTE CRI\u0301TICO.<\/p><ul><li>Manejo inicial del paciente politraumatizado.<\/li><li>Manejo inicial de grandes quemados.<\/li><li>Accidente cerebrovascular isque\u0301mico. Hemorragia cerebral. Hemorragia.<\/li><li>Crisis convulsivas y Status epile\u0301ptico. Diagno\u0301stico y tratamiento.<\/li><li>Coma: Diagno\u0301stico y tratamiento de sus diferentes etiologi\u0301as. Estado vegetativo.<\/li><li>Diagno\u0301stico de muerte encefa\u0301lica.<\/li><li>Sedacio\u0301n, analgesia y relajacio\u0301n en UCI. Criterios y escala de evaluacio\u0301n.<\/li><li>Polineuropati\u0301a del paciente cri\u0301tico. Diagno\u0301stico. Prono\u0301stico. Tratamiento.<\/li><li>Pruebas diagno\u0301sticas y monitorizacio\u0301n neurolo\u0301gica en UCI. Presio\u0301n intracraneal y perfusio\u0301n cerebral.<\/li><li>Fisiopatologi\u0301a del flujo cerebral e hipertensio\u0301n intracraneal. Edema cerebral e hipertensio\u0301n intracraneal.<\/li><li>Miopati\u0301as de riesgo vital: miastenia y si\u0301ndrome de Guillen Barre .<\/li><li>Hipertermia e hipotermia fisiologi\u0301a y tratamiento. Si\u0301ndromes hiperte\u0301rmicos no se\u0301pticos: Hipertermia maligna. Si\u0301ndrome neurole\u0301ptico maligno.<\/li><li>Delirio en UCI: diagno\u0301stico diferencial y tratamiento. Otros delirios agudos.<\/li><li>Si\u0301ndrome de deprivacio\u0301n alcoho\u0301lica y de drogas de adiccio\u0301n. Intoxicaciones agudas ma\u0301s importantes .<\/li><\/ul><\/div>\n\t\t\t\t<\/div>\n\t\t\t\t\t\t\t\t<\/div>\n\t\t\t\t\t\t<\/div>\n\t\t\t\t<\/div>\n\t\t\t\t\t<\/div>\n\t\t\t\t<\/div>\n\t\t\t\t<\/div>\n\t\t\n","protected":false},"excerpt":{"rendered":"<p style=\"font-weight: 400\">Aumenta tu experiencia en <strong>Medicina Intensiva<\/strong> y destaca en tu campo. <strong>Nuestro Curso de Actualizaci\u00f3n en Medicina Intensiva <\/strong>te proporcionar\u00e1 los conocimientos necesarios para ser un profesional m\u00e9dico de excelencia en situaciones cr\u00edticas.<\/p>\n<p style=\"font-weight: 400\">El programa educativo ha sido cuidadosamente desarrollado por expertos en el campo, con el objetivo de brindarte una experiencia de aprendizaje enriquecedora y pr\u00e1ctica.<\/p>\n","protected":false},"featured_media":2686,"template":"","meta":{"_acf_changed":false},"product_brand":[],"product_cat":[59],"product_tag":[73],"class_list":{"0":"post-2530","1":"product","2":"type-product","3":"status-publish","4":"has-post-thumbnail","6":"product_cat-medicina","7":"product_tag-venta","9":"first","10":"instock","11":"shipping-taxable","12":"purchasable","13":"product-type-variable"},"acf":[],"yoast_head":"<!-- This site is optimized with the Yoast SEO Premium plugin v26.8 (Yoast SEO v26.8) - https:\/\/yoast.com\/product\/yoast-seo-premium-wordpress\/ -->\n<title>Curso de Actualizaci\u00f3n en Medicina Intensiva - Rep\u00fablica Dominicana<\/title>\n<meta name=\"robots\" content=\"index, follow, max-snippet:-1, max-image-preview:large, max-video-preview:-1\" \/>\n<link rel=\"canonical\" href=\"https:\/\/amirlatam.com\/do\/cursos\/medicina\/curso-de-actualizacion-en-medicina-intensiva\/\" \/>\n<meta property=\"og:locale\" content=\"es_ES\" \/>\n<meta property=\"og:type\" content=\"article\" \/>\n<meta property=\"og:title\" content=\"Curso de Actualizaci\u00f3n en Medicina Intensiva\" \/>\n<meta property=\"og:description\" content=\"Aumenta tu experiencia en Medicina Intensiva y destaca en tu campo. Nuestro Curso de Actualizaci\u00f3n en Medicina Intensiva te proporcionar\u00e1 los conocimientos necesarios para ser un profesional m\u00e9dico de excelencia en situaciones cr\u00edticas. El programa educativo ha sido cuidadosamente desarrollado por expertos en el campo, con el objetivo de brindarte una experiencia de aprendizaje enriquecedora y pr\u00e1ctica.\" \/>\n<meta property=\"og:url\" content=\"https:\/\/amirlatam.com\/do\/cursos\/medicina\/curso-de-actualizacion-en-medicina-intensiva\/\" \/>\n<meta property=\"og:site_name\" content=\"Rep\u00fablica Dominicana\" \/>\n<meta property=\"article:modified_time\" content=\"2024-09-06T22:01:14+00:00\" \/>\n<meta property=\"og:image\" content=\"https:\/\/amirlatam.com\/do\/wp-content\/uploads\/sites\/4\/2023\/08\/Medicina-intensiva-a-scaled.jpg\" \/>\n\t<meta property=\"og:image:width\" content=\"2560\" \/>\n\t<meta property=\"og:image:height\" content=\"1709\" \/>\n\t<meta property=\"og:image:type\" content=\"image\/jpeg\" \/>\n<meta name=\"twitter:card\" content=\"summary_large_image\" \/>\n<meta name=\"twitter:label1\" content=\"Disponibilidad\" \/>\n\t<meta name=\"twitter:data1\" content=\"Disponible\" \/>\n<script type=\"application\/ld+json\" class=\"yoast-schema-graph\">{\"@context\":\"https:\/\/schema.org\",\"@graph\":[{\"@type\":\"WebPage\",\"@id\":\"https:\/\/amirlatam.com\/do\/cursos\/medicina\/curso-de-actualizacion-en-medicina-intensiva\/\",\"url\":\"https:\/\/amirlatam.com\/do\/cursos\/medicina\/curso-de-actualizacion-en-medicina-intensiva\/\",\"name\":\"Curso de Actualizaci\u00f3n en Medicina Intensiva - Rep\u00fablica Dominicana\",\"isPartOf\":{\"@id\":\"https:\/\/amirlatam.com\/do\/#website\"},\"primaryImageOfPage\":{\"@id\":\"https:\/\/amirlatam.com\/do\/cursos\/medicina\/curso-de-actualizacion-en-medicina-intensiva\/#primaryimage\"},\"image\":{\"@id\":\"https:\/\/amirlatam.com\/do\/cursos\/medicina\/curso-de-actualizacion-en-medicina-intensiva\/#primaryimage\"},\"thumbnailUrl\":\"https:\/\/amirlatam.com\/do\/wp-content\/uploads\/sites\/4\/2023\/08\/Medicina-intensiva-a-scaled.jpg\",\"datePublished\":\"2023-08-13T16:14:36+00:00\",\"dateModified\":\"2024-09-06T22:01:14+00:00\",\"breadcrumb\":{\"@id\":\"https:\/\/amirlatam.com\/do\/cursos\/medicina\/curso-de-actualizacion-en-medicina-intensiva\/#breadcrumb\"},\"inLanguage\":\"es\",\"potentialAction\":[{\"@type\":\"ReadAction\",\"target\":[\"https:\/\/amirlatam.com\/do\/cursos\/medicina\/curso-de-actualizacion-en-medicina-intensiva\/\"]}]},{\"@type\":\"ImageObject\",\"inLanguage\":\"es\",\"@id\":\"https:\/\/amirlatam.com\/do\/cursos\/medicina\/curso-de-actualizacion-en-medicina-intensiva\/#primaryimage\",\"url\":\"https:\/\/amirlatam.com\/do\/wp-content\/uploads\/sites\/4\/2023\/08\/Medicina-intensiva-a-scaled.jpg\",\"contentUrl\":\"https:\/\/amirlatam.com\/do\/wp-content\/uploads\/sites\/4\/2023\/08\/Medicina-intensiva-a-scaled.jpg\",\"width\":2560,\"height\":1709,\"caption\":\"Spinal surgery. Group of surgeons in operating room with surgery equipment. Laminectomy. Modern medical background\"},{\"@type\":\"BreadcrumbList\",\"@id\":\"https:\/\/amirlatam.com\/do\/cursos\/medicina\/curso-de-actualizacion-en-medicina-intensiva\/#breadcrumb\",\"itemListElement\":[{\"@type\":\"ListItem\",\"position\":1,\"name\":\"Portada\",\"item\":\"https:\/\/amirlatam.com\/do\/\"},{\"@type\":\"ListItem\",\"position\":2,\"name\":\"Tienda\",\"item\":\"https:\/\/amirlatam.com\/do\/tienda\/\"},{\"@type\":\"ListItem\",\"position\":3,\"name\":\"Curso de Actualizaci\u00f3n en Medicina Intensiva\"}]},{\"@type\":\"WebSite\",\"@id\":\"https:\/\/amirlatam.com\/do\/#website\",\"url\":\"https:\/\/amirlatam.com\/do\/\",\"name\":\"Rep\u00fablica Dominicana\",\"description\":\"AMIR Latinoam\u00e9rica\",\"publisher\":{\"@id\":\"https:\/\/amirlatam.com\/do\/#organization\"},\"potentialAction\":[{\"@type\":\"SearchAction\",\"target\":{\"@type\":\"EntryPoint\",\"urlTemplate\":\"https:\/\/amirlatam.com\/do\/?s={search_term_string}\"},\"query-input\":{\"@type\":\"PropertyValueSpecification\",\"valueRequired\":true,\"valueName\":\"search_term_string\"}}],\"inLanguage\":\"es\"},{\"@type\":\"Organization\",\"@id\":\"https:\/\/amirlatam.com\/do\/#organization\",\"name\":\"Rep\u00fablica Dominicana\",\"url\":\"https:\/\/amirlatam.com\/do\/\",\"logo\":{\"@type\":\"ImageObject\",\"inLanguage\":\"es\",\"@id\":\"https:\/\/amirlatam.com\/do\/#\/schema\/logo\/image\/\",\"url\":\"https:\/\/amirlatam.com\/do\/wp-content\/uploads\/sites\/4\/2023\/06\/Logo.png\",\"contentUrl\":\"https:\/\/amirlatam.com\/do\/wp-content\/uploads\/sites\/4\/2023\/06\/Logo.png\",\"width\":676,\"height\":200,\"caption\":\"Rep\u00fablica Dominicana\"},\"image\":{\"@id\":\"https:\/\/amirlatam.com\/do\/#\/schema\/logo\/image\/\"}}]}<\/script>\n<meta property=\"og:availability\" content=\"instock\" \/>\n<meta property=\"product:availability\" content=\"instock\" \/>\n<meta property=\"product:condition\" content=\"new\" \/>\n<!-- \/ Yoast SEO Premium plugin. -->","yoast_head_json":{"title":"Curso de Actualizaci\u00f3n en Medicina Intensiva - Rep\u00fablica Dominicana","robots":{"index":"index","follow":"follow","max-snippet":"max-snippet:-1","max-image-preview":"max-image-preview:large","max-video-preview":"max-video-preview:-1"},"canonical":"https:\/\/amirlatam.com\/do\/cursos\/medicina\/curso-de-actualizacion-en-medicina-intensiva\/","og_locale":"es_ES","og_type":"article","og_title":"Curso de Actualizaci\u00f3n en Medicina Intensiva","og_description":"Aumenta tu experiencia en Medicina Intensiva y destaca en tu campo. Nuestro Curso de Actualizaci\u00f3n en Medicina Intensiva te proporcionar\u00e1 los conocimientos necesarios para ser un profesional m\u00e9dico de excelencia en situaciones cr\u00edticas. El programa educativo ha sido cuidadosamente desarrollado por expertos en el campo, con el objetivo de brindarte una experiencia de aprendizaje enriquecedora y pr\u00e1ctica.","og_url":"https:\/\/amirlatam.com\/do\/cursos\/medicina\/curso-de-actualizacion-en-medicina-intensiva\/","og_site_name":"Rep\u00fablica Dominicana","article_modified_time":"2024-09-06T22:01:14+00:00","og_image":[{"width":2560,"height":1709,"url":"https:\/\/amirlatam.com\/do\/wp-content\/uploads\/sites\/4\/2023\/08\/Medicina-intensiva-a-scaled.jpg","type":"image\/jpeg"}],"twitter_card":"summary_large_image","twitter_misc":{"Disponibilidad":"Disponible"},"schema":{"@context":"https:\/\/schema.org","@graph":[{"@type":"WebPage","@id":"https:\/\/amirlatam.com\/do\/cursos\/medicina\/curso-de-actualizacion-en-medicina-intensiva\/","url":"https:\/\/amirlatam.com\/do\/cursos\/medicina\/curso-de-actualizacion-en-medicina-intensiva\/","name":"Curso de Actualizaci\u00f3n en Medicina Intensiva - Rep\u00fablica Dominicana","isPartOf":{"@id":"https:\/\/amirlatam.com\/do\/#website"},"primaryImageOfPage":{"@id":"https:\/\/amirlatam.com\/do\/cursos\/medicina\/curso-de-actualizacion-en-medicina-intensiva\/#primaryimage"},"image":{"@id":"https:\/\/amirlatam.com\/do\/cursos\/medicina\/curso-de-actualizacion-en-medicina-intensiva\/#primaryimage"},"thumbnailUrl":"https:\/\/amirlatam.com\/do\/wp-content\/uploads\/sites\/4\/2023\/08\/Medicina-intensiva-a-scaled.jpg","datePublished":"2023-08-13T16:14:36+00:00","dateModified":"2024-09-06T22:01:14+00:00","breadcrumb":{"@id":"https:\/\/amirlatam.com\/do\/cursos\/medicina\/curso-de-actualizacion-en-medicina-intensiva\/#breadcrumb"},"inLanguage":"es","potentialAction":[{"@type":"ReadAction","target":["https:\/\/amirlatam.com\/do\/cursos\/medicina\/curso-de-actualizacion-en-medicina-intensiva\/"]}]},{"@type":"ImageObject","inLanguage":"es","@id":"https:\/\/amirlatam.com\/do\/cursos\/medicina\/curso-de-actualizacion-en-medicina-intensiva\/#primaryimage","url":"https:\/\/amirlatam.com\/do\/wp-content\/uploads\/sites\/4\/2023\/08\/Medicina-intensiva-a-scaled.jpg","contentUrl":"https:\/\/amirlatam.com\/do\/wp-content\/uploads\/sites\/4\/2023\/08\/Medicina-intensiva-a-scaled.jpg","width":2560,"height":1709,"caption":"Spinal surgery. Group of surgeons in operating room with surgery equipment. Laminectomy. Modern medical background"},{"@type":"BreadcrumbList","@id":"https:\/\/amirlatam.com\/do\/cursos\/medicina\/curso-de-actualizacion-en-medicina-intensiva\/#breadcrumb","itemListElement":[{"@type":"ListItem","position":1,"name":"Portada","item":"https:\/\/amirlatam.com\/do\/"},{"@type":"ListItem","position":2,"name":"Tienda","item":"https:\/\/amirlatam.com\/do\/tienda\/"},{"@type":"ListItem","position":3,"name":"Curso de Actualizaci\u00f3n en Medicina Intensiva"}]},{"@type":"WebSite","@id":"https:\/\/amirlatam.com\/do\/#website","url":"https:\/\/amirlatam.com\/do\/","name":"Rep\u00fablica Dominicana","description":"AMIR Latinoam\u00e9rica","publisher":{"@id":"https:\/\/amirlatam.com\/do\/#organization"},"potentialAction":[{"@type":"SearchAction","target":{"@type":"EntryPoint","urlTemplate":"https:\/\/amirlatam.com\/do\/?s={search_term_string}"},"query-input":{"@type":"PropertyValueSpecification","valueRequired":true,"valueName":"search_term_string"}}],"inLanguage":"es"},{"@type":"Organization","@id":"https:\/\/amirlatam.com\/do\/#organization","name":"Rep\u00fablica Dominicana","url":"https:\/\/amirlatam.com\/do\/","logo":{"@type":"ImageObject","inLanguage":"es","@id":"https:\/\/amirlatam.com\/do\/#\/schema\/logo\/image\/","url":"https:\/\/amirlatam.com\/do\/wp-content\/uploads\/sites\/4\/2023\/06\/Logo.png","contentUrl":"https:\/\/amirlatam.com\/do\/wp-content\/uploads\/sites\/4\/2023\/06\/Logo.png","width":676,"height":200,"caption":"Rep\u00fablica Dominicana"},"image":{"@id":"https:\/\/amirlatam.com\/do\/#\/schema\/logo\/image\/"}}]},"og_availability":"instock","product_availability":"instock","product_condition":"new"},"_links":{"self":[{"href":"https:\/\/amirlatam.com\/do\/wp-json\/wp\/v2\/product\/2530","targetHints":{"allow":["GET"]}}],"collection":[{"href":"https:\/\/amirlatam.com\/do\/wp-json\/wp\/v2\/product"}],"about":[{"href":"https:\/\/amirlatam.com\/do\/wp-json\/wp\/v2\/types\/product"}],"version-history":[{"count":5,"href":"https:\/\/amirlatam.com\/do\/wp-json\/wp\/v2\/product\/2530\/revisions"}],"predecessor-version":[{"id":11180,"href":"https:\/\/amirlatam.com\/do\/wp-json\/wp\/v2\/product\/2530\/revisions\/11180"}],"wp:featuredmedia":[{"embeddable":true,"href":"https:\/\/amirlatam.com\/do\/wp-json\/wp\/v2\/media\/2686"}],"wp:attachment":[{"href":"https:\/\/amirlatam.com\/do\/wp-json\/wp\/v2\/media?parent=2530"}],"wp:term":[{"taxonomy":"product_brand","embeddable":true,"href":"https:\/\/amirlatam.com\/do\/wp-json\/wp\/v2\/product_brand?post=2530"},{"taxonomy":"product_cat","embeddable":true,"href":"https:\/\/amirlatam.com\/do\/wp-json\/wp\/v2\/product_cat?post=2530"},{"taxonomy":"product_tag","embeddable":true,"href":"https:\/\/amirlatam.com\/do\/wp-json\/wp\/v2\/product_tag?post=2530"}],"curies":[{"name":"wp","href":"https:\/\/api.w.org\/{rel}","templated":true}]}}