{"id":2525,"date":"2023-08-13T12:11:26","date_gmt":"2023-08-13T16:11:26","guid":{"rendered":"https:\/\/amirlatam.com\/do\/?post_type=product&#038;p=2525"},"modified":"2024-09-06T18:01:28","modified_gmt":"2024-09-06T22:01:28","slug":"curso-de-actualizacion-en-cardiologia","status":"publish","type":"product","link":"https:\/\/amirlatam.com\/do\/cursos\/medicina\/curso-de-actualizacion-en-cardiologia\/","title":{"rendered":"Curso de Actualizaci\u00f3n en Cardiolog\u00eda"},"content":{"rendered":"\t\t<div data-elementor-type=\"container\" data-elementor-id=\"2527\" class=\"elementor elementor-2527\" data-elementor-settings=\"{&quot;ha_cmc_init_switcher&quot;:&quot;no&quot;}\" data-elementor-post-type=\"elementor_library\">\n\t\t\t\t<div class=\"elementor-element elementor-element-4852fbbc e-flex e-con-boxed e-con e-parent\" data-id=\"4852fbbc\" data-element_type=\"container\" data-e-type=\"container\" data-settings=\"{&quot;_ha_eqh_enable&quot;:false}\">\n\t\t\t\t\t<div class=\"e-con-inner\">\n\t\t\t\t<div class=\"elementor-element elementor-element-5b086863 elementor-widget elementor-widget-accordion\" data-id=\"5b086863\" data-element_type=\"widget\" data-e-type=\"widget\" data-widget_type=\"accordion.default\">\n\t\t\t\t<div class=\"elementor-widget-container\">\n\t\t\t\t\t\t\t<div class=\"elementor-accordion\">\n\t\t\t\t\t\t\t<div class=\"elementor-accordion-item\">\n\t\t\t\t\t<div id=\"elementor-tab-title-1521\" class=\"elementor-tab-title\" data-tab=\"1\" role=\"button\" aria-controls=\"elementor-tab-content-1521\" aria-expanded=\"false\">\n\t\t\t\t\t\t\t\t\t\t\t\t\t<span class=\"elementor-accordion-icon elementor-accordion-icon-left\" aria-hidden=\"true\">\n\t\t\t\t\t\t\t\t\t\t\t\t\t\t\t<span class=\"elementor-accordion-icon-closed\"><i class=\"fas fa-plus\"><\/i><\/span>\n\t\t\t\t\t\t\t\t<span class=\"elementor-accordion-icon-opened\"><i class=\"fas fa-minus\"><\/i><\/span>\n\t\t\t\t\t\t\t\t\t\t\t\t\t\t<\/span>\n\t\t\t\t\t\t\t\t\t\t\t\t<a class=\"elementor-accordion-title\" tabindex=\"0\">Contenido y M\u00f3dulos<\/a>\n\t\t\t\t\t<\/div>\n\t\t\t\t\t<div id=\"elementor-tab-content-1521\" class=\"elementor-tab-content elementor-clearfix\" data-tab=\"1\" role=\"region\" aria-labelledby=\"elementor-tab-title-1521\"><ul><li style=\"font-weight: 400;\">Principios de cardiolog\u00eda<\/li><li style=\"font-weight: 400;\">Riesgo cardiovascular y cardiopat\u00eda isqu\u00e9mica<\/li><li style=\"font-weight: 400;\">Cardiopat\u00edas cong\u00e9nitas<\/li><li style=\"font-weight: 400;\">Insuficiencia cardiaca y enfermedades del miopericardio<\/li><li style=\"font-weight: 400;\">Valvulopat\u00edas y aortopat\u00edas<\/li><li style=\"font-weight: 400;\">Trastornos del ritmo cardiaco<\/li><li style=\"font-weight: 400;\">Evaluaci\u00f3n preoperatoria, riesgo quir\u00fargico y anestesia en los pacientes con cardiopat\u00edas.<\/li><li style=\"font-weight: 400;\">Recomendaciones deportivas en pacientes cardi\u00f3patas.<\/li><li style=\"font-weight: 400;\">Cardiopat\u00edas durante el embarazo.<\/li><li style=\"font-weight: 400;\">Tromboembolismo pulmonar.<\/li><\/ul><\/div>\n\t\t\t\t<\/div>\n\t\t\t\t\t\t\t\t<\/div>\n\t\t\t\t\t\t<\/div>\n\t\t\t\t<\/div>\n\t\t\t\t\t<\/div>\n\t\t\t\t<\/div>\n\t\t\t\t<\/div>\n\t\t\n","protected":false},"excerpt":{"rendered":"<p style=\"font-weight: 400\">Mejora tus conocimientos y adquiere un dominio total del Electrocardiograma y mantente al d\u00eda con los avances m\u00e1s recientes en diagn\u00f3stico, tratamiento y prevenci\u00f3n de enfermedades cardiovasculares, con el objetivo de mejorar la pr\u00e1ctica cl\u00ednica y brindar una atenci\u00f3n de calidad a los pacientes<\/p>\n<p style=\"font-weight: 400\">El programa educativo del curso ha sido cuidadosamente desarrollado por expertos en el campo, con el objetivo de brindarte una experiencia de aprendizaje enriquecedora y pr\u00e1ctica.<\/p>\n","protected":false},"featured_media":2697,"template":"","meta":{"_acf_changed":false},"product_brand":[],"product_cat":[59],"product_tag":[73],"class_list":{"0":"post-2525","1":"product","2":"type-product","3":"status-publish","4":"has-post-thumbnail","6":"product_cat-medicina","7":"product_tag-venta","9":"first","10":"instock","11":"shipping-taxable","12":"purchasable","13":"product-type-variable"},"acf":[],"yoast_head":"<!-- This site is optimized with the Yoast SEO Premium plugin v26.8 (Yoast SEO v26.8) - https:\/\/yoast.com\/product\/yoast-seo-premium-wordpress\/ -->\n<title>Curso de Actualizaci\u00f3n en Cardiolog\u00eda - Rep\u00fablica Dominicana<\/title>\n<meta name=\"robots\" content=\"index, follow, max-snippet:-1, max-image-preview:large, max-video-preview:-1\" \/>\n<link rel=\"canonical\" href=\"https:\/\/amirlatam.com\/do\/cursos\/medicina\/curso-de-actualizacion-en-cardiologia\/\" \/>\n<meta property=\"og:locale\" content=\"es_ES\" \/>\n<meta property=\"og:type\" content=\"article\" \/>\n<meta property=\"og:title\" content=\"Curso de Actualizaci\u00f3n en Cardiolog\u00eda\" \/>\n<meta property=\"og:description\" content=\"Mejora tus conocimientos y adquiere un dominio total del Electrocardiograma y mantente al d\u00eda con los avances m\u00e1s recientes en diagn\u00f3stico, tratamiento y prevenci\u00f3n de enfermedades cardiovasculares, con el objetivo de mejorar la pr\u00e1ctica cl\u00ednica y brindar una atenci\u00f3n de calidad a los pacientes El programa educativo del curso ha sido cuidadosamente desarrollado por expertos en el campo, con el objetivo de brindarte una experiencia de aprendizaje enriquecedora y pr\u00e1ctica.\" \/>\n<meta property=\"og:url\" content=\"https:\/\/amirlatam.com\/do\/cursos\/medicina\/curso-de-actualizacion-en-cardiologia\/\" \/>\n<meta property=\"og:site_name\" content=\"Rep\u00fablica Dominicana\" \/>\n<meta property=\"article:modified_time\" content=\"2024-09-06T22:01:28+00:00\" \/>\n<meta property=\"og:image\" content=\"https:\/\/amirlatam.com\/do\/wp-content\/uploads\/sites\/4\/2023\/08\/Cardiologia-b-scaled.jpg\" \/>\n\t<meta property=\"og:image:width\" content=\"2560\" \/>\n\t<meta property=\"og:image:height\" content=\"1707\" \/>\n\t<meta property=\"og:image:type\" content=\"image\/jpeg\" \/>\n<meta name=\"twitter:card\" content=\"summary_large_image\" \/>\n<meta name=\"twitter:label1\" content=\"Disponibilidad\" \/>\n\t<meta name=\"twitter:data1\" content=\"Disponible\" \/>\n<script type=\"application\/ld+json\" class=\"yoast-schema-graph\">{\"@context\":\"https:\/\/schema.org\",\"@graph\":[{\"@type\":\"WebPage\",\"@id\":\"https:\/\/amirlatam.com\/do\/cursos\/medicina\/curso-de-actualizacion-en-cardiologia\/\",\"url\":\"https:\/\/amirlatam.com\/do\/cursos\/medicina\/curso-de-actualizacion-en-cardiologia\/\",\"name\":\"Curso de Actualizaci\u00f3n en Cardiolog\u00eda - Rep\u00fablica Dominicana\",\"isPartOf\":{\"@id\":\"https:\/\/amirlatam.com\/do\/#website\"},\"primaryImageOfPage\":{\"@id\":\"https:\/\/amirlatam.com\/do\/cursos\/medicina\/curso-de-actualizacion-en-cardiologia\/#primaryimage\"},\"image\":{\"@id\":\"https:\/\/amirlatam.com\/do\/cursos\/medicina\/curso-de-actualizacion-en-cardiologia\/#primaryimage\"},\"thumbnailUrl\":\"https:\/\/amirlatam.com\/do\/wp-content\/uploads\/sites\/4\/2023\/08\/Cardiologia-b-scaled.jpg\",\"datePublished\":\"2023-08-13T16:11:26+00:00\",\"dateModified\":\"2024-09-06T22:01:28+00:00\",\"breadcrumb\":{\"@id\":\"https:\/\/amirlatam.com\/do\/cursos\/medicina\/curso-de-actualizacion-en-cardiologia\/#breadcrumb\"},\"inLanguage\":\"es\",\"potentialAction\":[{\"@type\":\"ReadAction\",\"target\":[\"https:\/\/amirlatam.com\/do\/cursos\/medicina\/curso-de-actualizacion-en-cardiologia\/\"]}]},{\"@type\":\"ImageObject\",\"inLanguage\":\"es\",\"@id\":\"https:\/\/amirlatam.com\/do\/cursos\/medicina\/curso-de-actualizacion-en-cardiologia\/#primaryimage\",\"url\":\"https:\/\/amirlatam.com\/do\/wp-content\/uploads\/sites\/4\/2023\/08\/Cardiologia-b-scaled.jpg\",\"contentUrl\":\"https:\/\/amirlatam.com\/do\/wp-content\/uploads\/sites\/4\/2023\/08\/Cardiologia-b-scaled.jpg\",\"width\":2560,\"height\":1707,\"caption\":\"Close up of heart rate monitor measuring heartbeat for patient doing gymnastics for physical recovery. Retired man using sport equipment to exercise for physiotherapy and strength.\"},{\"@type\":\"BreadcrumbList\",\"@id\":\"https:\/\/amirlatam.com\/do\/cursos\/medicina\/curso-de-actualizacion-en-cardiologia\/#breadcrumb\",\"itemListElement\":[{\"@type\":\"ListItem\",\"position\":1,\"name\":\"Portada\",\"item\":\"https:\/\/amirlatam.com\/do\/\"},{\"@type\":\"ListItem\",\"position\":2,\"name\":\"Tienda\",\"item\":\"https:\/\/amirlatam.com\/do\/tienda\/\"},{\"@type\":\"ListItem\",\"position\":3,\"name\":\"Curso de Actualizaci\u00f3n en Cardiolog\u00eda\"}]},{\"@type\":\"WebSite\",\"@id\":\"https:\/\/amirlatam.com\/do\/#website\",\"url\":\"https:\/\/amirlatam.com\/do\/\",\"name\":\"Rep\u00fablica Dominicana\",\"description\":\"AMIR Latinoam\u00e9rica\",\"publisher\":{\"@id\":\"https:\/\/amirlatam.com\/do\/#organization\"},\"potentialAction\":[{\"@type\":\"SearchAction\",\"target\":{\"@type\":\"EntryPoint\",\"urlTemplate\":\"https:\/\/amirlatam.com\/do\/?s={search_term_string}\"},\"query-input\":{\"@type\":\"PropertyValueSpecification\",\"valueRequired\":true,\"valueName\":\"search_term_string\"}}],\"inLanguage\":\"es\"},{\"@type\":\"Organization\",\"@id\":\"https:\/\/amirlatam.com\/do\/#organization\",\"name\":\"Rep\u00fablica Dominicana\",\"url\":\"https:\/\/amirlatam.com\/do\/\",\"logo\":{\"@type\":\"ImageObject\",\"inLanguage\":\"es\",\"@id\":\"https:\/\/amirlatam.com\/do\/#\/schema\/logo\/image\/\",\"url\":\"https:\/\/amirlatam.com\/do\/wp-content\/uploads\/sites\/4\/2023\/06\/Logo.png\",\"contentUrl\":\"https:\/\/amirlatam.com\/do\/wp-content\/uploads\/sites\/4\/2023\/06\/Logo.png\",\"width\":676,\"height\":200,\"caption\":\"Rep\u00fablica Dominicana\"},\"image\":{\"@id\":\"https:\/\/amirlatam.com\/do\/#\/schema\/logo\/image\/\"}}]}<\/script>\n<meta property=\"og:availability\" content=\"instock\" \/>\n<meta property=\"product:availability\" content=\"instock\" \/>\n<meta property=\"product:condition\" content=\"new\" \/>\n<!-- \/ Yoast SEO Premium plugin. -->","yoast_head_json":{"title":"Curso de Actualizaci\u00f3n en Cardiolog\u00eda - Rep\u00fablica Dominicana","robots":{"index":"index","follow":"follow","max-snippet":"max-snippet:-1","max-image-preview":"max-image-preview:large","max-video-preview":"max-video-preview:-1"},"canonical":"https:\/\/amirlatam.com\/do\/cursos\/medicina\/curso-de-actualizacion-en-cardiologia\/","og_locale":"es_ES","og_type":"article","og_title":"Curso de Actualizaci\u00f3n en Cardiolog\u00eda","og_description":"Mejora tus conocimientos y adquiere un dominio total del Electrocardiograma y mantente al d\u00eda con los avances m\u00e1s recientes en diagn\u00f3stico, tratamiento y prevenci\u00f3n de enfermedades cardiovasculares, con el objetivo de mejorar la pr\u00e1ctica cl\u00ednica y brindar una atenci\u00f3n de calidad a los pacientes El programa educativo del curso ha sido cuidadosamente desarrollado por expertos en el campo, con el objetivo de brindarte una experiencia de aprendizaje enriquecedora y pr\u00e1ctica.","og_url":"https:\/\/amirlatam.com\/do\/cursos\/medicina\/curso-de-actualizacion-en-cardiologia\/","og_site_name":"Rep\u00fablica Dominicana","article_modified_time":"2024-09-06T22:01:28+00:00","og_image":[{"width":2560,"height":1707,"url":"https:\/\/amirlatam.com\/do\/wp-content\/uploads\/sites\/4\/2023\/08\/Cardiologia-b-scaled.jpg","type":"image\/jpeg"}],"twitter_card":"summary_large_image","twitter_misc":{"Disponibilidad":"Disponible"},"schema":{"@context":"https:\/\/schema.org","@graph":[{"@type":"WebPage","@id":"https:\/\/amirlatam.com\/do\/cursos\/medicina\/curso-de-actualizacion-en-cardiologia\/","url":"https:\/\/amirlatam.com\/do\/cursos\/medicina\/curso-de-actualizacion-en-cardiologia\/","name":"Curso de Actualizaci\u00f3n en Cardiolog\u00eda - Rep\u00fablica Dominicana","isPartOf":{"@id":"https:\/\/amirlatam.com\/do\/#website"},"primaryImageOfPage":{"@id":"https:\/\/amirlatam.com\/do\/cursos\/medicina\/curso-de-actualizacion-en-cardiologia\/#primaryimage"},"image":{"@id":"https:\/\/amirlatam.com\/do\/cursos\/medicina\/curso-de-actualizacion-en-cardiologia\/#primaryimage"},"thumbnailUrl":"https:\/\/amirlatam.com\/do\/wp-content\/uploads\/sites\/4\/2023\/08\/Cardiologia-b-scaled.jpg","datePublished":"2023-08-13T16:11:26+00:00","dateModified":"2024-09-06T22:01:28+00:00","breadcrumb":{"@id":"https:\/\/amirlatam.com\/do\/cursos\/medicina\/curso-de-actualizacion-en-cardiologia\/#breadcrumb"},"inLanguage":"es","potentialAction":[{"@type":"ReadAction","target":["https:\/\/amirlatam.com\/do\/cursos\/medicina\/curso-de-actualizacion-en-cardiologia\/"]}]},{"@type":"ImageObject","inLanguage":"es","@id":"https:\/\/amirlatam.com\/do\/cursos\/medicina\/curso-de-actualizacion-en-cardiologia\/#primaryimage","url":"https:\/\/amirlatam.com\/do\/wp-content\/uploads\/sites\/4\/2023\/08\/Cardiologia-b-scaled.jpg","contentUrl":"https:\/\/amirlatam.com\/do\/wp-content\/uploads\/sites\/4\/2023\/08\/Cardiologia-b-scaled.jpg","width":2560,"height":1707,"caption":"Close up of heart rate monitor measuring heartbeat for patient doing gymnastics for physical recovery. Retired man using sport equipment to exercise for physiotherapy and strength."},{"@type":"BreadcrumbList","@id":"https:\/\/amirlatam.com\/do\/cursos\/medicina\/curso-de-actualizacion-en-cardiologia\/#breadcrumb","itemListElement":[{"@type":"ListItem","position":1,"name":"Portada","item":"https:\/\/amirlatam.com\/do\/"},{"@type":"ListItem","position":2,"name":"Tienda","item":"https:\/\/amirlatam.com\/do\/tienda\/"},{"@type":"ListItem","position":3,"name":"Curso de Actualizaci\u00f3n en Cardiolog\u00eda"}]},{"@type":"WebSite","@id":"https:\/\/amirlatam.com\/do\/#website","url":"https:\/\/amirlatam.com\/do\/","name":"Rep\u00fablica Dominicana","description":"AMIR Latinoam\u00e9rica","publisher":{"@id":"https:\/\/amirlatam.com\/do\/#organization"},"potentialAction":[{"@type":"SearchAction","target":{"@type":"EntryPoint","urlTemplate":"https:\/\/amirlatam.com\/do\/?s={search_term_string}"},"query-input":{"@type":"PropertyValueSpecification","valueRequired":true,"valueName":"search_term_string"}}],"inLanguage":"es"},{"@type":"Organization","@id":"https:\/\/amirlatam.com\/do\/#organization","name":"Rep\u00fablica Dominicana","url":"https:\/\/amirlatam.com\/do\/","logo":{"@type":"ImageObject","inLanguage":"es","@id":"https:\/\/amirlatam.com\/do\/#\/schema\/logo\/image\/","url":"https:\/\/amirlatam.com\/do\/wp-content\/uploads\/sites\/4\/2023\/06\/Logo.png","contentUrl":"https:\/\/amirlatam.com\/do\/wp-content\/uploads\/sites\/4\/2023\/06\/Logo.png","width":676,"height":200,"caption":"Rep\u00fablica Dominicana"},"image":{"@id":"https:\/\/amirlatam.com\/do\/#\/schema\/logo\/image\/"}}]},"og_availability":"instock","product_availability":"instock","product_condition":"new"},"_links":{"self":[{"href":"https:\/\/amirlatam.com\/do\/wp-json\/wp\/v2\/product\/2525","targetHints":{"allow":["GET"]}}],"collection":[{"href":"https:\/\/amirlatam.com\/do\/wp-json\/wp\/v2\/product"}],"about":[{"href":"https:\/\/amirlatam.com\/do\/wp-json\/wp\/v2\/types\/product"}],"version-history":[{"count":5,"href":"https:\/\/amirlatam.com\/do\/wp-json\/wp\/v2\/product\/2525\/revisions"}],"predecessor-version":[{"id":11181,"href":"https:\/\/amirlatam.com\/do\/wp-json\/wp\/v2\/product\/2525\/revisions\/11181"}],"wp:featuredmedia":[{"embeddable":true,"href":"https:\/\/amirlatam.com\/do\/wp-json\/wp\/v2\/media\/2697"}],"wp:attachment":[{"href":"https:\/\/amirlatam.com\/do\/wp-json\/wp\/v2\/media?parent=2525"}],"wp:term":[{"taxonomy":"product_brand","embeddable":true,"href":"https:\/\/amirlatam.com\/do\/wp-json\/wp\/v2\/product_brand?post=2525"},{"taxonomy":"product_cat","embeddable":true,"href":"https:\/\/amirlatam.com\/do\/wp-json\/wp\/v2\/product_cat?post=2525"},{"taxonomy":"product_tag","embeddable":true,"href":"https:\/\/amirlatam.com\/do\/wp-json\/wp\/v2\/product_tag?post=2525"}],"curies":[{"name":"wp","href":"https:\/\/api.w.org\/{rel}","templated":true}]}}