{"id":2520,"date":"2023-08-13T12:04:44","date_gmt":"2023-08-13T16:04:44","guid":{"rendered":"https:\/\/amirlatam.com\/do\/?post_type=product&#038;p=2520"},"modified":"2024-09-06T18:01:40","modified_gmt":"2024-09-06T22:01:40","slug":"diplomado-anestesiologia-y-reanimacion","status":"publish","type":"product","link":"https:\/\/amirlatam.com\/do\/cursos\/medicina\/diplomado-anestesiologia-y-reanimacion\/","title":{"rendered":"Curso de actualizaci\u00f3n en Anestesiolog\u00eda y Reanimaci\u00f3n"},"content":{"rendered":"\t\t<div data-elementor-type=\"container\" data-elementor-id=\"2521\" class=\"elementor elementor-2521\" data-elementor-settings=\"{&quot;ha_cmc_init_switcher&quot;:&quot;no&quot;}\" data-elementor-post-type=\"elementor_library\">\n\t\t\t\t<div class=\"elementor-element elementor-element-febfe60 e-flex e-con-boxed e-con e-parent\" data-id=\"febfe60\" data-element_type=\"container\" data-e-type=\"container\" data-settings=\"{&quot;_ha_eqh_enable&quot;:false}\">\n\t\t\t\t\t<div class=\"e-con-inner\">\n\t\t\t\t<div class=\"elementor-element elementor-element-14551641 elementor-widget elementor-widget-accordion\" data-id=\"14551641\" data-element_type=\"widget\" data-e-type=\"widget\" data-widget_type=\"accordion.default\">\n\t\t\t\t<div class=\"elementor-widget-container\">\n\t\t\t\t\t\t\t<div class=\"elementor-accordion\">\n\t\t\t\t\t\t\t<div class=\"elementor-accordion-item\">\n\t\t\t\t\t<div id=\"elementor-tab-title-3411\" class=\"elementor-tab-title\" data-tab=\"1\" role=\"button\" aria-controls=\"elementor-tab-content-3411\" aria-expanded=\"false\">\n\t\t\t\t\t\t\t\t\t\t\t\t\t<span class=\"elementor-accordion-icon elementor-accordion-icon-left\" aria-hidden=\"true\">\n\t\t\t\t\t\t\t\t\t\t\t\t\t\t\t<span class=\"elementor-accordion-icon-closed\"><i class=\"fas fa-plus\"><\/i><\/span>\n\t\t\t\t\t\t\t\t<span class=\"elementor-accordion-icon-opened\"><i class=\"fas fa-minus\"><\/i><\/span>\n\t\t\t\t\t\t\t\t\t\t\t\t\t\t<\/span>\n\t\t\t\t\t\t\t\t\t\t\t\t<a class=\"elementor-accordion-title\" tabindex=\"0\">M\u00f3dulo I<\/a>\n\t\t\t\t\t<\/div>\n\t\t\t\t\t<div id=\"elementor-tab-content-3411\" class=\"elementor-tab-content elementor-clearfix\" data-tab=\"1\" role=\"region\" aria-labelledby=\"elementor-tab-title-3411\"><p style=\"font-weight: 400;\">M\u00d3DULO I<\/p><ul><li>CAMBIOS FISIOL\u00d3GICOS DEL EMBARAZO.<\/li><li>ANESTESIA PARA CIRUG\u00cdA NO OBST\u00c9TRICA EN LA PACIENTE EMBARAZADA.<ul><li>Analgesia y anestesia para trabajo de parto y ces\u00e1rea. principales complicaciones (preeclampsia, eclampsia, hemorragia obst\u00e9trica).<\/li><\/ul><\/li><li>CAMBIOS FISIOL\u00d3GICOS DEL PACIENTE ANCIANO.<ul><li>Consideraciones anest\u00e9sicas.<\/li><\/ul><\/li><li>FISIOLOG\u00cdA DEL PACIENTE PEDI\u00c1TRICO.<\/li><li>MANEJO ANEST\u00c9SICO Y CONSIDERACIONES DE LAS PRINCIPALES CIRUG\u00cdAS DEL PACIENTE PEDI\u00c1TRICO Y URGENCIAS NEONATALES.<\/li><li>CONSIDERACIONES DE LA CIRUG\u00cdA LAPAROSC\u00d3PICA Y ROB\u00d3TICA. Reanimaci\u00f3n del reci\u00e9n nacido.<\/li><li>CONSIDERACIONES DEL PACIENTE OBESO.<\/li><li>ANESTESIA FUERA DE QUIR\u00d3FANO.<\/li><li>ANESTESIA EN ORL, MAXILOFACIAL Y OFTALMOLOG\u00cdA.<\/li><li>ANESTESIA EN NEUROCIRUG\u00cdA.<\/li><li>ANESTESIA EN UROLOG\u00cdA.<\/li><li>ANESTESIA EN PATOLOG\u00cdA ENDOCRINA.<\/li><li>ANESTESIA EN CIRUG\u00cdA CARD\u00cdACA.<\/li><li>ANESTESIA EN CIRUG\u00cdA VASCULAR.<\/li><li>ANESTESIA EN CIRUG\u00cdA TOR\u00c1CICA.<\/li><li>CONSIDERACIONES B\u00c1SICAS DEL PACIENTE CR\u00cdTICO POSTQUIR\u00daRGICO. Cirug\u00eda bari\u00e1trica.<\/li><li>CONTENIDO Coordinador del curso. Coordinador del curso.<\/li><li>CURSO EN ANESTESIA PREOPERATORIA<\/li><\/ul><\/div>\n\t\t\t\t<\/div>\n\t\t\t\t\t\t\t<div class=\"elementor-accordion-item\">\n\t\t\t\t\t<div id=\"elementor-tab-title-3412\" class=\"elementor-tab-title\" data-tab=\"2\" role=\"button\" aria-controls=\"elementor-tab-content-3412\" aria-expanded=\"false\">\n\t\t\t\t\t\t\t\t\t\t\t\t\t<span class=\"elementor-accordion-icon elementor-accordion-icon-left\" aria-hidden=\"true\">\n\t\t\t\t\t\t\t\t\t\t\t\t\t\t\t<span class=\"elementor-accordion-icon-closed\"><i class=\"fas fa-plus\"><\/i><\/span>\n\t\t\t\t\t\t\t\t<span class=\"elementor-accordion-icon-opened\"><i class=\"fas fa-minus\"><\/i><\/span>\n\t\t\t\t\t\t\t\t\t\t\t\t\t\t<\/span>\n\t\t\t\t\t\t\t\t\t\t\t\t<a class=\"elementor-accordion-title\" tabindex=\"0\">M\u00f3dulo II<\/a>\n\t\t\t\t\t<\/div>\n\t\t\t\t\t<div id=\"elementor-tab-content-3412\" class=\"elementor-tab-content elementor-clearfix\" data-tab=\"2\" role=\"region\" aria-labelledby=\"elementor-tab-title-3412\"><p style=\"font-weight: 400;\">M\u00d3DULO II:<\/p><ul><li>MORBIMORTALIDAD EN ANESTESIA Y REANIMACI\u00d3N. Controles de calidad. cirug\u00eda mayor ambulatoria.<\/li><li>MONITORIZACI\u00d3N PACIENTE ANESTESIADO. Fluidoterapia. HEMODERIVADOS. Transfusi\u00f3n masiva.<\/li><li>EVALUACI\u00d3N PREANEST\u00c9SICA Y RIESGO QUIR\u00daRGICO. Pruebas y exploraciones preoperatorias. \u00cdndice de Lee.<\/li><li>PREHABILITACI\u00d3N. V\u00eda rica.<\/li><li>INTUBACI\u00d3N &#8211; TIPOS Y T\u00c9CNICAS. V\u00eda a\u00e9rea dif\u00edcil, prevenci\u00f3n, soluciones y complicaciones.<\/li><li>REACCIONES ADVERSAS A MEDICAMENTOS. Alergia, anafilaxia y reacciones anafilactoides. Cl\u00ednica, diagn\u00f3stico y tratamiento.<\/li><li>HIPOTENSI\u00d3N CONTROLADA. Indicaciones, contraindicaciones y complicaciones.<\/li><li>ANESTESIA Y ANALGESIA NEUROAXIAL. Bloqueos interfasciales.<\/li><li>ANESTESIA FUERA DE QUIR\u00d3FANO.<\/li><li>ANESTESIA REGIONAL MIEMBRO SUPERIOR.<\/li><li>ANESTESIA REGIONAL MIEMBRO INFERIOR.<\/li><li>DOLOR AGUDO POSTOPERATORIO.<\/li><li>DOLOR CR\u00d3NICO ONCOL\u00d3GICO Y NO ONCOL\u00d3GICO.<\/li><li>VENTILACI\u00d3N ARTIFICIAL. Modalidades e indicaciones. An\u00e1lisis funcional de tipos de ventilaci\u00f3n y ventiladores. T\u00e9cnicas de destete.<\/li><li>ANESTESIA GENERAL INTRAVENOSA.<\/li><li>OPI\u00c1CEOS.<\/li><li>ANESTESIA GENERAL INHALATORIA.<\/li><li>BLOQUEANTES NEUROMUSCULARES.<\/li><li>ANEST\u00c9SICOS LOCALES.<\/li><li>ANTIBI\u00d3TICOS Y ANTIF\u00daNGICOS.<\/li><li>VALORACI\u00d3N Y CONSIDERACIONES ANEST\u00c9SICAS DE PATOLOG\u00cdAS NEUROMUSCULARES. Hipertermia maligna.<\/li><li>MECANISMOS DE DOLOR, CLASIFICACI\u00d3N Y FISIOLOG\u00cdA.<\/li><li>M\u00c9TODOS DE EVALUACI\u00d3N. Plan estrat\u00e9gico sin dolor.<\/li><li>HEMOSTASIA Y COAGULACI\u00d3N: FISIOPATOLOG\u00cdA, DIAGN\u00d3STICO Y TRATAMIENTO. Coagulaci\u00f3n intravascular diseminada. Plasmaf\u00e9resis. Fibrinol\u00edticos, heparinas y anticoagulantes orales.<\/li><li>ANESTESIA EN PACIENTE CARDI\u00d3PATA. Valvulopat\u00edas.<\/li><li>ANESTESIA EN TRASPLANTES.<\/li><li>MUERTE ENCEF\u00c1LICA Y CRITERIOS PARA DONACI\u00d3N DE \u00d3RGANOS.<\/li><li>SEGURIDAD EN QUIR\u00d3FANO E INCIDENTES CR\u00cdTICOS.<\/li><\/ul><\/div>\n\t\t\t\t<\/div>\n\t\t\t\t\t\t\t<div class=\"elementor-accordion-item\">\n\t\t\t\t\t<div id=\"elementor-tab-title-3413\" class=\"elementor-tab-title\" data-tab=\"3\" role=\"button\" aria-controls=\"elementor-tab-content-3413\" aria-expanded=\"false\">\n\t\t\t\t\t\t\t\t\t\t\t\t\t<span class=\"elementor-accordion-icon elementor-accordion-icon-left\" aria-hidden=\"true\">\n\t\t\t\t\t\t\t\t\t\t\t\t\t\t\t<span class=\"elementor-accordion-icon-closed\"><i class=\"fas fa-plus\"><\/i><\/span>\n\t\t\t\t\t\t\t\t<span class=\"elementor-accordion-icon-opened\"><i class=\"fas fa-minus\"><\/i><\/span>\n\t\t\t\t\t\t\t\t\t\t\t\t\t\t<\/span>\n\t\t\t\t\t\t\t\t\t\t\t\t<a class=\"elementor-accordion-title\" tabindex=\"0\">M\u00f3dulo III<\/a>\n\t\t\t\t\t<\/div>\n\t\t\t\t\t<div id=\"elementor-tab-content-3413\" class=\"elementor-tab-content elementor-clearfix\" data-tab=\"3\" role=\"region\" aria-labelledby=\"elementor-tab-title-3413\"><p style=\"font-weight: 400;\">M\u00d3DULO III<\/p><ul><li>ATENCI\u00d3N INICIAL AL POLITRAUMA Y LESI\u00d3N MEDULAR AGUDA SEPSIS. TCE, trauma abdominal y tor\u00e1cico.<\/li><li>Gu\u00edas ILCOR.<\/li><li>PARTE 1. Anestesia en abdomen agudo, est\u00f3mago lleno.<\/li><li>PARTE 2. shock hemorr\u00e1gico.<\/li><li>COMPLICACIONES RESPIRATORIAS. Hipoxemia, broncoespasmo, laringoespasmo, SDRA, TEP.<\/li><li>COMPLICACIONES CARDIOL\u00d3GICAS. Crisis HTA, arritmias, perioperatorias, SCA, EAP, shock cardiog\u00e9nico.<\/li><li>COMPLICACIONES NRL Y DELIRIO POSTOPERATORIO<\/li><li>ALTERACIONES EQUILIBRIO \u00c1CIDO-BASE.<\/li><li>ALTERACIONES EQUILIBRIO NA, K Y CA.<\/li><li>INSUFICIENCIA RENAL AGUDA Y CR\u00d3NICA.<\/li><li>NUTRICI\u00d3N ARTIFICAL.<\/li><li>T\u00c9CNICAS DE DEPURACI\u00d3N EXTRARRENAL<\/li><\/ul><\/div>\n\t\t\t\t<\/div>\n\t\t\t\t\t\t\t\t<\/div>\n\t\t\t\t\t\t<\/div>\n\t\t\t\t<\/div>\n\t\t\t\t\t<\/div>\n\t\t\t\t<\/div>\n\t\t\t\t<\/div>\n\t\t\n","protected":false},"excerpt":{"rendered":"<p style=\"font-weight: 400\">El diplomado en anestesiolog\u00eda y reanimaci\u00f3n est\u00e1 dise\u00f1ado para que puedas adquirir un profundo conocimiento y desarrollar capacidades desde el punto de vista cient\u00edfico y pr\u00e1ctico en el campo de la anestesiolog\u00eda y la reanimaci\u00f3n y aplicarlo en la atenci\u00f3n m\u00e9dica \u00f3ptima a tus pacientes.<\/p>\n","protected":false},"featured_media":2696,"template":"","meta":{"_acf_changed":false},"product_brand":[],"product_cat":[59],"product_tag":[73],"class_list":{"0":"post-2520","1":"product","2":"type-product","3":"status-publish","4":"has-post-thumbnail","6":"product_cat-medicina","7":"product_tag-venta","9":"first","10":"instock","11":"shipping-taxable","12":"purchasable","13":"product-type-variable"},"acf":[],"yoast_head":"<!-- This site is optimized with the Yoast SEO Premium plugin v26.8 (Yoast SEO v26.8) - https:\/\/yoast.com\/product\/yoast-seo-premium-wordpress\/ -->\n<title>Curso de actualizaci\u00f3n en Anestesiolog\u00eda y Reanimaci\u00f3n - Rep\u00fablica Dominicana<\/title>\n<meta name=\"robots\" content=\"index, follow, max-snippet:-1, max-image-preview:large, max-video-preview:-1\" \/>\n<link rel=\"canonical\" href=\"https:\/\/amirlatam.com\/do\/cursos\/medicina\/diplomado-anestesiologia-y-reanimacion\/\" \/>\n<meta property=\"og:locale\" content=\"es_ES\" \/>\n<meta property=\"og:type\" content=\"article\" \/>\n<meta property=\"og:title\" content=\"Curso de actualizaci\u00f3n en Anestesiolog\u00eda y Reanimaci\u00f3n\" \/>\n<meta property=\"og:description\" content=\"El diplomado en anestesiolog\u00eda y reanimaci\u00f3n est\u00e1 dise\u00f1ado para que puedas adquirir un profundo conocimiento y desarrollar capacidades desde el punto de vista cient\u00edfico y pr\u00e1ctico en el campo de la anestesiolog\u00eda y la reanimaci\u00f3n y aplicarlo en la atenci\u00f3n m\u00e9dica \u00f3ptima a tus pacientes.\" \/>\n<meta property=\"og:url\" content=\"https:\/\/amirlatam.com\/do\/cursos\/medicina\/diplomado-anestesiologia-y-reanimacion\/\" \/>\n<meta property=\"og:site_name\" content=\"Rep\u00fablica Dominicana\" \/>\n<meta property=\"article:modified_time\" content=\"2024-09-06T22:01:40+00:00\" \/>\n<meta property=\"og:image\" content=\"https:\/\/amirlatam.com\/do\/wp-content\/uploads\/sites\/4\/2023\/08\/Anestesiologia-b-scaled.jpeg\" \/>\n\t<meta property=\"og:image:width\" content=\"2560\" \/>\n\t<meta property=\"og:image:height\" content=\"1708\" \/>\n\t<meta property=\"og:image:type\" content=\"image\/jpeg\" \/>\n<meta name=\"twitter:card\" content=\"summary_large_image\" \/>\n<meta name=\"twitter:label1\" content=\"Disponibilidad\" \/>\n\t<meta name=\"twitter:data1\" content=\"Disponible\" \/>\n<script type=\"application\/ld+json\" class=\"yoast-schema-graph\">{\"@context\":\"https:\/\/schema.org\",\"@graph\":[{\"@type\":\"WebPage\",\"@id\":\"https:\/\/amirlatam.com\/do\/cursos\/medicina\/diplomado-anestesiologia-y-reanimacion\/\",\"url\":\"https:\/\/amirlatam.com\/do\/cursos\/medicina\/diplomado-anestesiologia-y-reanimacion\/\",\"name\":\"Curso de actualizaci\u00f3n en Anestesiolog\u00eda y Reanimaci\u00f3n - Rep\u00fablica Dominicana\",\"isPartOf\":{\"@id\":\"https:\/\/amirlatam.com\/do\/#website\"},\"primaryImageOfPage\":{\"@id\":\"https:\/\/amirlatam.com\/do\/cursos\/medicina\/diplomado-anestesiologia-y-reanimacion\/#primaryimage\"},\"image\":{\"@id\":\"https:\/\/amirlatam.com\/do\/cursos\/medicina\/diplomado-anestesiologia-y-reanimacion\/#primaryimage\"},\"thumbnailUrl\":\"https:\/\/amirlatam.com\/do\/wp-content\/uploads\/sites\/4\/2023\/08\/Anestesiologia-b-scaled.jpeg\",\"datePublished\":\"2023-08-13T16:04:44+00:00\",\"dateModified\":\"2024-09-06T22:01:40+00:00\",\"breadcrumb\":{\"@id\":\"https:\/\/amirlatam.com\/do\/cursos\/medicina\/diplomado-anestesiologia-y-reanimacion\/#breadcrumb\"},\"inLanguage\":\"es\",\"potentialAction\":[{\"@type\":\"ReadAction\",\"target\":[\"https:\/\/amirlatam.com\/do\/cursos\/medicina\/diplomado-anestesiologia-y-reanimacion\/\"]}]},{\"@type\":\"ImageObject\",\"inLanguage\":\"es\",\"@id\":\"https:\/\/amirlatam.com\/do\/cursos\/medicina\/diplomado-anestesiologia-y-reanimacion\/#primaryimage\",\"url\":\"https:\/\/amirlatam.com\/do\/wp-content\/uploads\/sites\/4\/2023\/08\/Anestesiologia-b-scaled.jpeg\",\"contentUrl\":\"https:\/\/amirlatam.com\/do\/wp-content\/uploads\/sites\/4\/2023\/08\/Anestesiologia-b-scaled.jpeg\",\"width\":2560,\"height\":1708},{\"@type\":\"BreadcrumbList\",\"@id\":\"https:\/\/amirlatam.com\/do\/cursos\/medicina\/diplomado-anestesiologia-y-reanimacion\/#breadcrumb\",\"itemListElement\":[{\"@type\":\"ListItem\",\"position\":1,\"name\":\"Portada\",\"item\":\"https:\/\/amirlatam.com\/do\/\"},{\"@type\":\"ListItem\",\"position\":2,\"name\":\"Tienda\",\"item\":\"https:\/\/amirlatam.com\/do\/tienda\/\"},{\"@type\":\"ListItem\",\"position\":3,\"name\":\"Curso de actualizaci\u00f3n en Anestesiolog\u00eda y Reanimaci\u00f3n\"}]},{\"@type\":\"WebSite\",\"@id\":\"https:\/\/amirlatam.com\/do\/#website\",\"url\":\"https:\/\/amirlatam.com\/do\/\",\"name\":\"Rep\u00fablica Dominicana\",\"description\":\"AMIR Latinoam\u00e9rica\",\"publisher\":{\"@id\":\"https:\/\/amirlatam.com\/do\/#organization\"},\"potentialAction\":[{\"@type\":\"SearchAction\",\"target\":{\"@type\":\"EntryPoint\",\"urlTemplate\":\"https:\/\/amirlatam.com\/do\/?s={search_term_string}\"},\"query-input\":{\"@type\":\"PropertyValueSpecification\",\"valueRequired\":true,\"valueName\":\"search_term_string\"}}],\"inLanguage\":\"es\"},{\"@type\":\"Organization\",\"@id\":\"https:\/\/amirlatam.com\/do\/#organization\",\"name\":\"Rep\u00fablica Dominicana\",\"url\":\"https:\/\/amirlatam.com\/do\/\",\"logo\":{\"@type\":\"ImageObject\",\"inLanguage\":\"es\",\"@id\":\"https:\/\/amirlatam.com\/do\/#\/schema\/logo\/image\/\",\"url\":\"https:\/\/amirlatam.com\/do\/wp-content\/uploads\/sites\/4\/2023\/06\/Logo.png\",\"contentUrl\":\"https:\/\/amirlatam.com\/do\/wp-content\/uploads\/sites\/4\/2023\/06\/Logo.png\",\"width\":676,\"height\":200,\"caption\":\"Rep\u00fablica Dominicana\"},\"image\":{\"@id\":\"https:\/\/amirlatam.com\/do\/#\/schema\/logo\/image\/\"}}]}<\/script>\n<meta property=\"og:availability\" content=\"instock\" \/>\n<meta property=\"product:availability\" content=\"instock\" \/>\n<meta property=\"product:condition\" content=\"new\" \/>\n<!-- \/ Yoast SEO Premium plugin. -->","yoast_head_json":{"title":"Curso de actualizaci\u00f3n en Anestesiolog\u00eda y Reanimaci\u00f3n - Rep\u00fablica Dominicana","robots":{"index":"index","follow":"follow","max-snippet":"max-snippet:-1","max-image-preview":"max-image-preview:large","max-video-preview":"max-video-preview:-1"},"canonical":"https:\/\/amirlatam.com\/do\/cursos\/medicina\/diplomado-anestesiologia-y-reanimacion\/","og_locale":"es_ES","og_type":"article","og_title":"Curso de actualizaci\u00f3n en Anestesiolog\u00eda y Reanimaci\u00f3n","og_description":"El diplomado en anestesiolog\u00eda y reanimaci\u00f3n est\u00e1 dise\u00f1ado para que puedas adquirir un profundo conocimiento y desarrollar capacidades desde el punto de vista cient\u00edfico y pr\u00e1ctico en el campo de la anestesiolog\u00eda y la reanimaci\u00f3n y aplicarlo en la atenci\u00f3n m\u00e9dica \u00f3ptima a tus pacientes.","og_url":"https:\/\/amirlatam.com\/do\/cursos\/medicina\/diplomado-anestesiologia-y-reanimacion\/","og_site_name":"Rep\u00fablica Dominicana","article_modified_time":"2024-09-06T22:01:40+00:00","og_image":[{"width":2560,"height":1708,"url":"https:\/\/amirlatam.com\/do\/wp-content\/uploads\/sites\/4\/2023\/08\/Anestesiologia-b-scaled.jpeg","type":"image\/jpeg"}],"twitter_card":"summary_large_image","twitter_misc":{"Disponibilidad":"Disponible"},"schema":{"@context":"https:\/\/schema.org","@graph":[{"@type":"WebPage","@id":"https:\/\/amirlatam.com\/do\/cursos\/medicina\/diplomado-anestesiologia-y-reanimacion\/","url":"https:\/\/amirlatam.com\/do\/cursos\/medicina\/diplomado-anestesiologia-y-reanimacion\/","name":"Curso de actualizaci\u00f3n en Anestesiolog\u00eda y Reanimaci\u00f3n - Rep\u00fablica Dominicana","isPartOf":{"@id":"https:\/\/amirlatam.com\/do\/#website"},"primaryImageOfPage":{"@id":"https:\/\/amirlatam.com\/do\/cursos\/medicina\/diplomado-anestesiologia-y-reanimacion\/#primaryimage"},"image":{"@id":"https:\/\/amirlatam.com\/do\/cursos\/medicina\/diplomado-anestesiologia-y-reanimacion\/#primaryimage"},"thumbnailUrl":"https:\/\/amirlatam.com\/do\/wp-content\/uploads\/sites\/4\/2023\/08\/Anestesiologia-b-scaled.jpeg","datePublished":"2023-08-13T16:04:44+00:00","dateModified":"2024-09-06T22:01:40+00:00","breadcrumb":{"@id":"https:\/\/amirlatam.com\/do\/cursos\/medicina\/diplomado-anestesiologia-y-reanimacion\/#breadcrumb"},"inLanguage":"es","potentialAction":[{"@type":"ReadAction","target":["https:\/\/amirlatam.com\/do\/cursos\/medicina\/diplomado-anestesiologia-y-reanimacion\/"]}]},{"@type":"ImageObject","inLanguage":"es","@id":"https:\/\/amirlatam.com\/do\/cursos\/medicina\/diplomado-anestesiologia-y-reanimacion\/#primaryimage","url":"https:\/\/amirlatam.com\/do\/wp-content\/uploads\/sites\/4\/2023\/08\/Anestesiologia-b-scaled.jpeg","contentUrl":"https:\/\/amirlatam.com\/do\/wp-content\/uploads\/sites\/4\/2023\/08\/Anestesiologia-b-scaled.jpeg","width":2560,"height":1708},{"@type":"BreadcrumbList","@id":"https:\/\/amirlatam.com\/do\/cursos\/medicina\/diplomado-anestesiologia-y-reanimacion\/#breadcrumb","itemListElement":[{"@type":"ListItem","position":1,"name":"Portada","item":"https:\/\/amirlatam.com\/do\/"},{"@type":"ListItem","position":2,"name":"Tienda","item":"https:\/\/amirlatam.com\/do\/tienda\/"},{"@type":"ListItem","position":3,"name":"Curso de actualizaci\u00f3n en Anestesiolog\u00eda y Reanimaci\u00f3n"}]},{"@type":"WebSite","@id":"https:\/\/amirlatam.com\/do\/#website","url":"https:\/\/amirlatam.com\/do\/","name":"Rep\u00fablica Dominicana","description":"AMIR Latinoam\u00e9rica","publisher":{"@id":"https:\/\/amirlatam.com\/do\/#organization"},"potentialAction":[{"@type":"SearchAction","target":{"@type":"EntryPoint","urlTemplate":"https:\/\/amirlatam.com\/do\/?s={search_term_string}"},"query-input":{"@type":"PropertyValueSpecification","valueRequired":true,"valueName":"search_term_string"}}],"inLanguage":"es"},{"@type":"Organization","@id":"https:\/\/amirlatam.com\/do\/#organization","name":"Rep\u00fablica Dominicana","url":"https:\/\/amirlatam.com\/do\/","logo":{"@type":"ImageObject","inLanguage":"es","@id":"https:\/\/amirlatam.com\/do\/#\/schema\/logo\/image\/","url":"https:\/\/amirlatam.com\/do\/wp-content\/uploads\/sites\/4\/2023\/06\/Logo.png","contentUrl":"https:\/\/amirlatam.com\/do\/wp-content\/uploads\/sites\/4\/2023\/06\/Logo.png","width":676,"height":200,"caption":"Rep\u00fablica Dominicana"},"image":{"@id":"https:\/\/amirlatam.com\/do\/#\/schema\/logo\/image\/"}}]},"og_availability":"instock","product_availability":"instock","product_condition":"new"},"_links":{"self":[{"href":"https:\/\/amirlatam.com\/do\/wp-json\/wp\/v2\/product\/2520","targetHints":{"allow":["GET"]}}],"collection":[{"href":"https:\/\/amirlatam.com\/do\/wp-json\/wp\/v2\/product"}],"about":[{"href":"https:\/\/amirlatam.com\/do\/wp-json\/wp\/v2\/types\/product"}],"version-history":[{"count":8,"href":"https:\/\/amirlatam.com\/do\/wp-json\/wp\/v2\/product\/2520\/revisions"}],"predecessor-version":[{"id":11182,"href":"https:\/\/amirlatam.com\/do\/wp-json\/wp\/v2\/product\/2520\/revisions\/11182"}],"wp:featuredmedia":[{"embeddable":true,"href":"https:\/\/amirlatam.com\/do\/wp-json\/wp\/v2\/media\/2696"}],"wp:attachment":[{"href":"https:\/\/amirlatam.com\/do\/wp-json\/wp\/v2\/media?parent=2520"}],"wp:term":[{"taxonomy":"product_brand","embeddable":true,"href":"https:\/\/amirlatam.com\/do\/wp-json\/wp\/v2\/product_brand?post=2520"},{"taxonomy":"product_cat","embeddable":true,"href":"https:\/\/amirlatam.com\/do\/wp-json\/wp\/v2\/product_cat?post=2520"},{"taxonomy":"product_tag","embeddable":true,"href":"https:\/\/amirlatam.com\/do\/wp-json\/wp\/v2\/product_tag?post=2520"}],"curies":[{"name":"wp","href":"https:\/\/api.w.org\/{rel}","templated":true}]}}