{"id":10967,"date":"2024-06-14T05:00:52","date_gmt":"2024-06-14T09:00:52","guid":{"rendered":"https:\/\/amirlatam.com\/do\/?post_type=product&#038;p=10967"},"modified":"2025-12-10T12:32:43","modified_gmt":"2025-12-10T16:32:43","slug":"fisioterapia-deportiva","status":"publish","type":"product","link":"https:\/\/amirlatam.com\/do\/cursos\/sin-categorizar\/fisioterapia-deportiva\/","title":{"rendered":"Fisioterapia Deportiva"},"content":{"rendered":"<p>El m\u00e1ster de Fisioterapia Deportiva tiene como objetivo es prevenir y tratar lesiones producidas por la pr\u00e1ctica deportiva. Imagina tener el conocimiento y las herramientas para prevenir lesiones, tratarlas con eficacia y ayudar a los deportistas a recuperarse m\u00e1s r\u00e1pido y volver a la acci\u00f3n.<\/p>\n","protected":false},"excerpt":{"rendered":"<p>El m\u00e1ster de Fisioterapia Deportiva tiene como objetivo es prevenir y tratar lesiones producidas por la pr\u00e1ctica deportiva. Imagina tener el conocimiento y las herramientas para prevenir lesiones, tratarlas con eficacia y ayudar a los deportistas a recuperarse m\u00e1s r\u00e1pido y volver a la acci\u00f3n.<\/p>\n","protected":false},"featured_media":0,"template":"","meta":{"_acf_changed":false},"product_brand":[],"product_cat":[19],"product_tag":[73],"class_list":{"0":"post-10967","1":"product","2":"type-product","3":"status-publish","5":"product_cat-sin-categorizar","6":"product_tag-venta","8":"first","9":"instock","10":"shipping-taxable","11":"purchasable","12":"product-type-variable"},"acf":[],"yoast_head":"<!-- This site is optimized with the Yoast SEO Premium plugin v26.8 (Yoast SEO v26.8) - https:\/\/yoast.com\/product\/yoast-seo-premium-wordpress\/ -->\n<title>Fisioterapia Deportiva - Rep\u00fablica Dominicana<\/title>\n<meta name=\"robots\" content=\"index, follow, max-snippet:-1, max-image-preview:large, max-video-preview:-1\" \/>\n<link rel=\"canonical\" href=\"https:\/\/amirlatam.com\/do\/cursos\/sin-categorizar\/fisioterapia-deportiva\/\" \/>\n<meta property=\"og:locale\" content=\"es_ES\" \/>\n<meta property=\"og:type\" content=\"article\" \/>\n<meta property=\"og:title\" content=\"Fisioterapia Deportiva\" \/>\n<meta property=\"og:description\" content=\"El m\u00e1ster de Fisioterapia Deportiva tiene como objetivo es prevenir y tratar lesiones producidas por la pr\u00e1ctica deportiva. Imagina tener el conocimiento y las herramientas para prevenir lesiones, tratarlas con eficacia y ayudar a los deportistas a recuperarse m\u00e1s r\u00e1pido y volver a la acci\u00f3n.\" \/>\n<meta property=\"og:url\" content=\"https:\/\/amirlatam.com\/do\/cursos\/sin-categorizar\/fisioterapia-deportiva\/\" \/>\n<meta property=\"og:site_name\" content=\"Rep\u00fablica Dominicana\" \/>\n<meta property=\"article:modified_time\" content=\"2025-12-10T16:32:43+00:00\" \/>\n<meta name=\"twitter:card\" content=\"summary_large_image\" \/>\n<meta name=\"twitter:label1\" content=\"Disponibilidad\" \/>\n\t<meta name=\"twitter:data1\" content=\"Disponible\" \/>\n<script type=\"application\/ld+json\" class=\"yoast-schema-graph\">{\"@context\":\"https:\/\/schema.org\",\"@graph\":[{\"@type\":\"WebPage\",\"@id\":\"https:\/\/amirlatam.com\/do\/cursos\/sin-categorizar\/fisioterapia-deportiva\/\",\"url\":\"https:\/\/amirlatam.com\/do\/cursos\/sin-categorizar\/fisioterapia-deportiva\/\",\"name\":\"Fisioterapia Deportiva - Rep\u00fablica Dominicana\",\"isPartOf\":{\"@id\":\"https:\/\/amirlatam.com\/do\/#website\"},\"datePublished\":\"2024-06-14T09:00:52+00:00\",\"dateModified\":\"2025-12-10T16:32:43+00:00\",\"breadcrumb\":{\"@id\":\"https:\/\/amirlatam.com\/do\/cursos\/sin-categorizar\/fisioterapia-deportiva\/#breadcrumb\"},\"inLanguage\":\"es\",\"potentialAction\":[{\"@type\":\"ReadAction\",\"target\":[\"https:\/\/amirlatam.com\/do\/cursos\/sin-categorizar\/fisioterapia-deportiva\/\"]}]},{\"@type\":\"BreadcrumbList\",\"@id\":\"https:\/\/amirlatam.com\/do\/cursos\/sin-categorizar\/fisioterapia-deportiva\/#breadcrumb\",\"itemListElement\":[{\"@type\":\"ListItem\",\"position\":1,\"name\":\"Portada\",\"item\":\"https:\/\/amirlatam.com\/do\/\"},{\"@type\":\"ListItem\",\"position\":2,\"name\":\"Tienda\",\"item\":\"https:\/\/amirlatam.com\/do\/tienda\/\"},{\"@type\":\"ListItem\",\"position\":3,\"name\":\"Fisioterapia Deportiva\"}]},{\"@type\":\"WebSite\",\"@id\":\"https:\/\/amirlatam.com\/do\/#website\",\"url\":\"https:\/\/amirlatam.com\/do\/\",\"name\":\"Rep\u00fablica Dominicana\",\"description\":\"AMIR Latinoam\u00e9rica\",\"publisher\":{\"@id\":\"https:\/\/amirlatam.com\/do\/#organization\"},\"potentialAction\":[{\"@type\":\"SearchAction\",\"target\":{\"@type\":\"EntryPoint\",\"urlTemplate\":\"https:\/\/amirlatam.com\/do\/?s={search_term_string}\"},\"query-input\":{\"@type\":\"PropertyValueSpecification\",\"valueRequired\":true,\"valueName\":\"search_term_string\"}}],\"inLanguage\":\"es\"},{\"@type\":\"Organization\",\"@id\":\"https:\/\/amirlatam.com\/do\/#organization\",\"name\":\"Rep\u00fablica Dominicana\",\"url\":\"https:\/\/amirlatam.com\/do\/\",\"logo\":{\"@type\":\"ImageObject\",\"inLanguage\":\"es\",\"@id\":\"https:\/\/amirlatam.com\/do\/#\/schema\/logo\/image\/\",\"url\":\"https:\/\/amirlatam.com\/do\/wp-content\/uploads\/sites\/4\/2023\/06\/Logo.png\",\"contentUrl\":\"https:\/\/amirlatam.com\/do\/wp-content\/uploads\/sites\/4\/2023\/06\/Logo.png\",\"width\":676,\"height\":200,\"caption\":\"Rep\u00fablica Dominicana\"},\"image\":{\"@id\":\"https:\/\/amirlatam.com\/do\/#\/schema\/logo\/image\/\"}}]}<\/script>\n<meta property=\"og:availability\" content=\"instock\" \/>\n<meta property=\"product:availability\" content=\"instock\" \/>\n<meta property=\"product:condition\" content=\"new\" \/>\n<!-- \/ Yoast SEO Premium plugin. -->","yoast_head_json":{"title":"Fisioterapia Deportiva - Rep\u00fablica Dominicana","robots":{"index":"index","follow":"follow","max-snippet":"max-snippet:-1","max-image-preview":"max-image-preview:large","max-video-preview":"max-video-preview:-1"},"canonical":"https:\/\/amirlatam.com\/do\/cursos\/sin-categorizar\/fisioterapia-deportiva\/","og_locale":"es_ES","og_type":"article","og_title":"Fisioterapia Deportiva","og_description":"El m\u00e1ster de Fisioterapia Deportiva tiene como objetivo es prevenir y tratar lesiones producidas por la pr\u00e1ctica deportiva. Imagina tener el conocimiento y las herramientas para prevenir lesiones, tratarlas con eficacia y ayudar a los deportistas a recuperarse m\u00e1s r\u00e1pido y volver a la acci\u00f3n.","og_url":"https:\/\/amirlatam.com\/do\/cursos\/sin-categorizar\/fisioterapia-deportiva\/","og_site_name":"Rep\u00fablica Dominicana","article_modified_time":"2025-12-10T16:32:43+00:00","twitter_card":"summary_large_image","twitter_misc":{"Disponibilidad":"Disponible"},"schema":{"@context":"https:\/\/schema.org","@graph":[{"@type":"WebPage","@id":"https:\/\/amirlatam.com\/do\/cursos\/sin-categorizar\/fisioterapia-deportiva\/","url":"https:\/\/amirlatam.com\/do\/cursos\/sin-categorizar\/fisioterapia-deportiva\/","name":"Fisioterapia Deportiva - Rep\u00fablica Dominicana","isPartOf":{"@id":"https:\/\/amirlatam.com\/do\/#website"},"datePublished":"2024-06-14T09:00:52+00:00","dateModified":"2025-12-10T16:32:43+00:00","breadcrumb":{"@id":"https:\/\/amirlatam.com\/do\/cursos\/sin-categorizar\/fisioterapia-deportiva\/#breadcrumb"},"inLanguage":"es","potentialAction":[{"@type":"ReadAction","target":["https:\/\/amirlatam.com\/do\/cursos\/sin-categorizar\/fisioterapia-deportiva\/"]}]},{"@type":"BreadcrumbList","@id":"https:\/\/amirlatam.com\/do\/cursos\/sin-categorizar\/fisioterapia-deportiva\/#breadcrumb","itemListElement":[{"@type":"ListItem","position":1,"name":"Portada","item":"https:\/\/amirlatam.com\/do\/"},{"@type":"ListItem","position":2,"name":"Tienda","item":"https:\/\/amirlatam.com\/do\/tienda\/"},{"@type":"ListItem","position":3,"name":"Fisioterapia Deportiva"}]},{"@type":"WebSite","@id":"https:\/\/amirlatam.com\/do\/#website","url":"https:\/\/amirlatam.com\/do\/","name":"Rep\u00fablica Dominicana","description":"AMIR Latinoam\u00e9rica","publisher":{"@id":"https:\/\/amirlatam.com\/do\/#organization"},"potentialAction":[{"@type":"SearchAction","target":{"@type":"EntryPoint","urlTemplate":"https:\/\/amirlatam.com\/do\/?s={search_term_string}"},"query-input":{"@type":"PropertyValueSpecification","valueRequired":true,"valueName":"search_term_string"}}],"inLanguage":"es"},{"@type":"Organization","@id":"https:\/\/amirlatam.com\/do\/#organization","name":"Rep\u00fablica Dominicana","url":"https:\/\/amirlatam.com\/do\/","logo":{"@type":"ImageObject","inLanguage":"es","@id":"https:\/\/amirlatam.com\/do\/#\/schema\/logo\/image\/","url":"https:\/\/amirlatam.com\/do\/wp-content\/uploads\/sites\/4\/2023\/06\/Logo.png","contentUrl":"https:\/\/amirlatam.com\/do\/wp-content\/uploads\/sites\/4\/2023\/06\/Logo.png","width":676,"height":200,"caption":"Rep\u00fablica Dominicana"},"image":{"@id":"https:\/\/amirlatam.com\/do\/#\/schema\/logo\/image\/"}}]},"og_availability":"instock","product_availability":"instock","product_condition":"new"},"_links":{"self":[{"href":"https:\/\/amirlatam.com\/do\/wp-json\/wp\/v2\/product\/10967","targetHints":{"allow":["GET"]}}],"collection":[{"href":"https:\/\/amirlatam.com\/do\/wp-json\/wp\/v2\/product"}],"about":[{"href":"https:\/\/amirlatam.com\/do\/wp-json\/wp\/v2\/types\/product"}],"version-history":[{"count":4,"href":"https:\/\/amirlatam.com\/do\/wp-json\/wp\/v2\/product\/10967\/revisions"}],"predecessor-version":[{"id":11589,"href":"https:\/\/amirlatam.com\/do\/wp-json\/wp\/v2\/product\/10967\/revisions\/11589"}],"wp:attachment":[{"href":"https:\/\/amirlatam.com\/do\/wp-json\/wp\/v2\/media?parent=10967"}],"wp:term":[{"taxonomy":"product_brand","embeddable":true,"href":"https:\/\/amirlatam.com\/do\/wp-json\/wp\/v2\/product_brand?post=10967"},{"taxonomy":"product_cat","embeddable":true,"href":"https:\/\/amirlatam.com\/do\/wp-json\/wp\/v2\/product_cat?post=10967"},{"taxonomy":"product_tag","embeddable":true,"href":"https:\/\/amirlatam.com\/do\/wp-json\/wp\/v2\/product_tag?post=10967"}],"curies":[{"name":"wp","href":"https:\/\/api.w.org\/{rel}","templated":true}]}}