{"id":10827,"date":"2024-05-20T10:26:28","date_gmt":"2024-05-20T14:26:28","guid":{"rendered":"https:\/\/amirlatam.com\/do\/?post_type=product&#038;p=10827"},"modified":"2025-12-17T08:50:08","modified_gmt":"2025-12-17T12:50:08","slug":"nutricion-deportiva","status":"publish","type":"product","link":"https:\/\/amirlatam.com\/do\/cursos\/sin-categorizar\/nutricion-deportiva\/","title":{"rendered":"Nutricio\u0301n Deportiva"},"content":{"rendered":"<p>Este M\u00e1ster Universitario pone el foco en el aprendizaje de todas las variables implicadas en la nutrici\u00f3n y rendimiento del deportista. Aportando todos los conocimientos te\u00f3ricos multidisciplinares para el abordaje eficaz de la nutrici\u00f3n en los deportistas.<\/p>\n","protected":false},"excerpt":{"rendered":"<p>Este M\u00e1ster Universitario pone el foco en el aprendizaje de todas las variables implicadas en la nutrici\u00f3n y rendimiento del deportista. Aportando todos los conocimientos te\u00f3ricos multidisciplinares para el abordaje eficaz de la nutrici\u00f3n en los deportistas.<\/p>\n","protected":false},"featured_media":10828,"template":"","meta":{"_acf_changed":false},"product_brand":[],"product_cat":[19],"product_tag":[73],"class_list":{"0":"post-10827","1":"product","2":"type-product","3":"status-publish","4":"has-post-thumbnail","6":"product_cat-sin-categorizar","7":"product_tag-venta","9":"first","10":"instock","11":"shipping-taxable","12":"purchasable","13":"product-type-variable"},"acf":[],"yoast_head":"<!-- This site is optimized with the Yoast SEO Premium plugin v26.8 (Yoast SEO v26.8) - https:\/\/yoast.com\/product\/yoast-seo-premium-wordpress\/ -->\n<title>Nutricio\u0301n Deportiva - Rep\u00fablica Dominicana<\/title>\n<meta name=\"robots\" content=\"index, follow, max-snippet:-1, max-image-preview:large, max-video-preview:-1\" \/>\n<link rel=\"canonical\" href=\"https:\/\/amirlatam.com\/do\/cursos\/sin-categorizar\/nutricion-deportiva\/\" \/>\n<meta property=\"og:locale\" content=\"es_ES\" \/>\n<meta property=\"og:type\" content=\"article\" \/>\n<meta property=\"og:title\" content=\"Nutricio\u0301n Deportiva\" \/>\n<meta property=\"og:description\" content=\"Este M\u00e1ster Universitario pone el foco en el aprendizaje de todas las variables implicadas en la nutrici\u00f3n y rendimiento del deportista. Aportando todos los conocimientos te\u00f3ricos multidisciplinares para el abordaje eficaz de la nutrici\u00f3n en los deportistas.\" \/>\n<meta property=\"og:url\" content=\"https:\/\/amirlatam.com\/do\/cursos\/sin-categorizar\/nutricion-deportiva\/\" \/>\n<meta property=\"og:site_name\" content=\"Rep\u00fablica Dominicana\" \/>\n<meta property=\"article:modified_time\" content=\"2025-12-17T12:50:08+00:00\" \/>\n<meta property=\"og:image\" content=\"https:\/\/amirlatam.com\/do\/wp-content\/uploads\/sites\/4\/2024\/05\/Nutricion-Deportiva-CA-y-DO.jpg\" \/>\n\t<meta property=\"og:image:width\" content=\"800\" \/>\n\t<meta property=\"og:image:height\" content=\"450\" \/>\n\t<meta property=\"og:image:type\" content=\"image\/jpeg\" \/>\n<meta name=\"twitter:card\" content=\"summary_large_image\" \/>\n<meta name=\"twitter:label1\" content=\"Disponibilidad\" \/>\n\t<meta name=\"twitter:data1\" content=\"Disponible\" \/>\n<script type=\"application\/ld+json\" class=\"yoast-schema-graph\">{\"@context\":\"https:\/\/schema.org\",\"@graph\":[{\"@type\":\"WebPage\",\"@id\":\"https:\/\/amirlatam.com\/do\/cursos\/sin-categorizar\/nutricion-deportiva\/\",\"url\":\"https:\/\/amirlatam.com\/do\/cursos\/sin-categorizar\/nutricion-deportiva\/\",\"name\":\"Nutricio\u0301n Deportiva - Rep\u00fablica Dominicana\",\"isPartOf\":{\"@id\":\"https:\/\/amirlatam.com\/do\/#website\"},\"primaryImageOfPage\":{\"@id\":\"https:\/\/amirlatam.com\/do\/cursos\/sin-categorizar\/nutricion-deportiva\/#primaryimage\"},\"image\":{\"@id\":\"https:\/\/amirlatam.com\/do\/cursos\/sin-categorizar\/nutricion-deportiva\/#primaryimage\"},\"thumbnailUrl\":\"https:\/\/amirlatam.com\/do\/wp-content\/uploads\/sites\/4\/2024\/05\/Nutricion-Deportiva-CA-y-DO.jpg\",\"datePublished\":\"2024-05-20T14:26:28+00:00\",\"dateModified\":\"2025-12-17T12:50:08+00:00\",\"breadcrumb\":{\"@id\":\"https:\/\/amirlatam.com\/do\/cursos\/sin-categorizar\/nutricion-deportiva\/#breadcrumb\"},\"inLanguage\":\"es\",\"potentialAction\":[{\"@type\":\"ReadAction\",\"target\":[\"https:\/\/amirlatam.com\/do\/cursos\/sin-categorizar\/nutricion-deportiva\/\"]}]},{\"@type\":\"ImageObject\",\"inLanguage\":\"es\",\"@id\":\"https:\/\/amirlatam.com\/do\/cursos\/sin-categorizar\/nutricion-deportiva\/#primaryimage\",\"url\":\"https:\/\/amirlatam.com\/do\/wp-content\/uploads\/sites\/4\/2024\/05\/Nutricion-Deportiva-CA-y-DO.jpg\",\"contentUrl\":\"https:\/\/amirlatam.com\/do\/wp-content\/uploads\/sites\/4\/2024\/05\/Nutricion-Deportiva-CA-y-DO.jpg\",\"width\":800,\"height\":450},{\"@type\":\"BreadcrumbList\",\"@id\":\"https:\/\/amirlatam.com\/do\/cursos\/sin-categorizar\/nutricion-deportiva\/#breadcrumb\",\"itemListElement\":[{\"@type\":\"ListItem\",\"position\":1,\"name\":\"Portada\",\"item\":\"https:\/\/amirlatam.com\/do\/\"},{\"@type\":\"ListItem\",\"position\":2,\"name\":\"Tienda\",\"item\":\"https:\/\/amirlatam.com\/do\/tienda\/\"},{\"@type\":\"ListItem\",\"position\":3,\"name\":\"Nutricio\u0301n Deportiva\"}]},{\"@type\":\"WebSite\",\"@id\":\"https:\/\/amirlatam.com\/do\/#website\",\"url\":\"https:\/\/amirlatam.com\/do\/\",\"name\":\"Rep\u00fablica Dominicana\",\"description\":\"AMIR Latinoam\u00e9rica\",\"publisher\":{\"@id\":\"https:\/\/amirlatam.com\/do\/#organization\"},\"potentialAction\":[{\"@type\":\"SearchAction\",\"target\":{\"@type\":\"EntryPoint\",\"urlTemplate\":\"https:\/\/amirlatam.com\/do\/?s={search_term_string}\"},\"query-input\":{\"@type\":\"PropertyValueSpecification\",\"valueRequired\":true,\"valueName\":\"search_term_string\"}}],\"inLanguage\":\"es\"},{\"@type\":\"Organization\",\"@id\":\"https:\/\/amirlatam.com\/do\/#organization\",\"name\":\"Rep\u00fablica Dominicana\",\"url\":\"https:\/\/amirlatam.com\/do\/\",\"logo\":{\"@type\":\"ImageObject\",\"inLanguage\":\"es\",\"@id\":\"https:\/\/amirlatam.com\/do\/#\/schema\/logo\/image\/\",\"url\":\"https:\/\/amirlatam.com\/do\/wp-content\/uploads\/sites\/4\/2023\/06\/Logo.png\",\"contentUrl\":\"https:\/\/amirlatam.com\/do\/wp-content\/uploads\/sites\/4\/2023\/06\/Logo.png\",\"width\":676,\"height\":200,\"caption\":\"Rep\u00fablica Dominicana\"},\"image\":{\"@id\":\"https:\/\/amirlatam.com\/do\/#\/schema\/logo\/image\/\"}}]}<\/script>\n<meta property=\"og:availability\" content=\"instock\" \/>\n<meta property=\"product:availability\" content=\"instock\" \/>\n<meta property=\"product:condition\" content=\"new\" \/>\n<!-- \/ Yoast SEO Premium plugin. -->","yoast_head_json":{"title":"Nutricio\u0301n Deportiva - Rep\u00fablica Dominicana","robots":{"index":"index","follow":"follow","max-snippet":"max-snippet:-1","max-image-preview":"max-image-preview:large","max-video-preview":"max-video-preview:-1"},"canonical":"https:\/\/amirlatam.com\/do\/cursos\/sin-categorizar\/nutricion-deportiva\/","og_locale":"es_ES","og_type":"article","og_title":"Nutricio\u0301n Deportiva","og_description":"Este M\u00e1ster Universitario pone el foco en el aprendizaje de todas las variables implicadas en la nutrici\u00f3n y rendimiento del deportista. Aportando todos los conocimientos te\u00f3ricos multidisciplinares para el abordaje eficaz de la nutrici\u00f3n en los deportistas.","og_url":"https:\/\/amirlatam.com\/do\/cursos\/sin-categorizar\/nutricion-deportiva\/","og_site_name":"Rep\u00fablica Dominicana","article_modified_time":"2025-12-17T12:50:08+00:00","og_image":[{"width":800,"height":450,"url":"https:\/\/amirlatam.com\/do\/wp-content\/uploads\/sites\/4\/2024\/05\/Nutricion-Deportiva-CA-y-DO.jpg","type":"image\/jpeg"}],"twitter_card":"summary_large_image","twitter_misc":{"Disponibilidad":"Disponible"},"schema":{"@context":"https:\/\/schema.org","@graph":[{"@type":"WebPage","@id":"https:\/\/amirlatam.com\/do\/cursos\/sin-categorizar\/nutricion-deportiva\/","url":"https:\/\/amirlatam.com\/do\/cursos\/sin-categorizar\/nutricion-deportiva\/","name":"Nutricio\u0301n Deportiva - Rep\u00fablica Dominicana","isPartOf":{"@id":"https:\/\/amirlatam.com\/do\/#website"},"primaryImageOfPage":{"@id":"https:\/\/amirlatam.com\/do\/cursos\/sin-categorizar\/nutricion-deportiva\/#primaryimage"},"image":{"@id":"https:\/\/amirlatam.com\/do\/cursos\/sin-categorizar\/nutricion-deportiva\/#primaryimage"},"thumbnailUrl":"https:\/\/amirlatam.com\/do\/wp-content\/uploads\/sites\/4\/2024\/05\/Nutricion-Deportiva-CA-y-DO.jpg","datePublished":"2024-05-20T14:26:28+00:00","dateModified":"2025-12-17T12:50:08+00:00","breadcrumb":{"@id":"https:\/\/amirlatam.com\/do\/cursos\/sin-categorizar\/nutricion-deportiva\/#breadcrumb"},"inLanguage":"es","potentialAction":[{"@type":"ReadAction","target":["https:\/\/amirlatam.com\/do\/cursos\/sin-categorizar\/nutricion-deportiva\/"]}]},{"@type":"ImageObject","inLanguage":"es","@id":"https:\/\/amirlatam.com\/do\/cursos\/sin-categorizar\/nutricion-deportiva\/#primaryimage","url":"https:\/\/amirlatam.com\/do\/wp-content\/uploads\/sites\/4\/2024\/05\/Nutricion-Deportiva-CA-y-DO.jpg","contentUrl":"https:\/\/amirlatam.com\/do\/wp-content\/uploads\/sites\/4\/2024\/05\/Nutricion-Deportiva-CA-y-DO.jpg","width":800,"height":450},{"@type":"BreadcrumbList","@id":"https:\/\/amirlatam.com\/do\/cursos\/sin-categorizar\/nutricion-deportiva\/#breadcrumb","itemListElement":[{"@type":"ListItem","position":1,"name":"Portada","item":"https:\/\/amirlatam.com\/do\/"},{"@type":"ListItem","position":2,"name":"Tienda","item":"https:\/\/amirlatam.com\/do\/tienda\/"},{"@type":"ListItem","position":3,"name":"Nutricio\u0301n Deportiva"}]},{"@type":"WebSite","@id":"https:\/\/amirlatam.com\/do\/#website","url":"https:\/\/amirlatam.com\/do\/","name":"Rep\u00fablica Dominicana","description":"AMIR Latinoam\u00e9rica","publisher":{"@id":"https:\/\/amirlatam.com\/do\/#organization"},"potentialAction":[{"@type":"SearchAction","target":{"@type":"EntryPoint","urlTemplate":"https:\/\/amirlatam.com\/do\/?s={search_term_string}"},"query-input":{"@type":"PropertyValueSpecification","valueRequired":true,"valueName":"search_term_string"}}],"inLanguage":"es"},{"@type":"Organization","@id":"https:\/\/amirlatam.com\/do\/#organization","name":"Rep\u00fablica Dominicana","url":"https:\/\/amirlatam.com\/do\/","logo":{"@type":"ImageObject","inLanguage":"es","@id":"https:\/\/amirlatam.com\/do\/#\/schema\/logo\/image\/","url":"https:\/\/amirlatam.com\/do\/wp-content\/uploads\/sites\/4\/2023\/06\/Logo.png","contentUrl":"https:\/\/amirlatam.com\/do\/wp-content\/uploads\/sites\/4\/2023\/06\/Logo.png","width":676,"height":200,"caption":"Rep\u00fablica Dominicana"},"image":{"@id":"https:\/\/amirlatam.com\/do\/#\/schema\/logo\/image\/"}}]},"og_availability":"instock","product_availability":"instock","product_condition":"new"},"_links":{"self":[{"href":"https:\/\/amirlatam.com\/do\/wp-json\/wp\/v2\/product\/10827","targetHints":{"allow":["GET"]}}],"collection":[{"href":"https:\/\/amirlatam.com\/do\/wp-json\/wp\/v2\/product"}],"about":[{"href":"https:\/\/amirlatam.com\/do\/wp-json\/wp\/v2\/types\/product"}],"version-history":[{"count":5,"href":"https:\/\/amirlatam.com\/do\/wp-json\/wp\/v2\/product\/10827\/revisions"}],"predecessor-version":[{"id":11585,"href":"https:\/\/amirlatam.com\/do\/wp-json\/wp\/v2\/product\/10827\/revisions\/11585"}],"wp:featuredmedia":[{"embeddable":true,"href":"https:\/\/amirlatam.com\/do\/wp-json\/wp\/v2\/media\/10828"}],"wp:attachment":[{"href":"https:\/\/amirlatam.com\/do\/wp-json\/wp\/v2\/media?parent=10827"}],"wp:term":[{"taxonomy":"product_brand","embeddable":true,"href":"https:\/\/amirlatam.com\/do\/wp-json\/wp\/v2\/product_brand?post=10827"},{"taxonomy":"product_cat","embeddable":true,"href":"https:\/\/amirlatam.com\/do\/wp-json\/wp\/v2\/product_cat?post=10827"},{"taxonomy":"product_tag","embeddable":true,"href":"https:\/\/amirlatam.com\/do\/wp-json\/wp\/v2\/product_tag?post=10827"}],"curies":[{"name":"wp","href":"https:\/\/api.w.org\/{rel}","templated":true}]}}