{"id":10643,"date":"2024-02-23T19:15:21","date_gmt":"2024-02-23T23:15:21","guid":{"rendered":"https:\/\/amirlatam.com\/do\/?post_type=product&#038;p=10643"},"modified":"2025-12-10T12:55:19","modified_gmt":"2025-12-10T16:55:19","slug":"enfermeria-estetica-y-tricologia","status":"publish","type":"product","link":"https:\/\/amirlatam.com\/do\/cursos\/enfermeria\/enfermeria-estetica-y-tricologia\/","title":{"rendered":"Enfermer\u00eda Est\u00e9tica y Tricolog\u00eda"},"content":{"rendered":"\t\t<div data-elementor-type=\"container\" data-elementor-id=\"10641\" class=\"elementor elementor-10641\" data-elementor-settings=\"{&quot;ha_cmc_init_switcher&quot;:&quot;no&quot;}\" data-elementor-post-type=\"elementor_library\">\n\t\t\t\t<div class=\"elementor-element elementor-element-65953c38 e-flex e-con-boxed e-con e-parent\" data-id=\"65953c38\" data-element_type=\"container\" data-e-type=\"container\" data-settings=\"{&quot;_ha_eqh_enable&quot;:false}\">\n\t\t\t\t\t<div class=\"e-con-inner\">\n\t\t\t\t<div class=\"elementor-element elementor-element-6a1dcc4d elementor-widget elementor-widget-accordion\" data-id=\"6a1dcc4d\" data-element_type=\"widget\" data-e-type=\"widget\" data-widget_type=\"accordion.default\">\n\t\t\t\t<div class=\"elementor-widget-container\">\n\t\t\t\t\t\t\t<div class=\"elementor-accordion\">\n\t\t\t\t\t\t\t<div class=\"elementor-accordion-item\">\n\t\t\t\t\t<div id=\"elementor-tab-title-1781\" class=\"elementor-tab-title\" data-tab=\"1\" role=\"button\" aria-controls=\"elementor-tab-content-1781\" aria-expanded=\"false\">\n\t\t\t\t\t\t\t\t\t\t\t\t\t<span class=\"elementor-accordion-icon elementor-accordion-icon-left\" aria-hidden=\"true\">\n\t\t\t\t\t\t\t\t\t\t\t\t\t\t\t<span class=\"elementor-accordion-icon-closed\"><i class=\"fas fa-plus\"><\/i><\/span>\n\t\t\t\t\t\t\t\t<span class=\"elementor-accordion-icon-opened\"><i class=\"fas fa-minus\"><\/i><\/span>\n\t\t\t\t\t\t\t\t\t\t\t\t\t\t<\/span>\n\t\t\t\t\t\t\t\t\t\t\t\t<a class=\"elementor-accordion-title\" tabindex=\"0\">M\u00f3dulo I<\/a>\n\t\t\t\t\t<\/div>\n\t\t\t\t\t<div id=\"elementor-tab-content-1781\" class=\"elementor-tab-content elementor-clearfix\" data-tab=\"1\" role=\"region\" aria-labelledby=\"elementor-tab-title-1781\"><h5>Introducci\u00f3n a la enfermer\u00eda Est\u00e9tica<\/h5><ul><li style=\"font-weight: 400\">Concepto de Enfermer\u00eda Est\u00e9tica. Historia y evoluci\u00f3n de la profesi\u00f3n.<\/li><li style=\"font-weight: 400\">PAE aplicado a la Enfermer\u00eda Est\u00e9tica.<\/li><li style=\"font-weight: 400\">Responsabilidad profesional en la Enfermer\u00eda Est\u00e9tica.<\/li><li style=\"font-weight: 400\">Atenci\u00f3n integral ante situaciones de urgencia en la consulta de enfermer\u00eda Est\u00e9tica.<\/li><\/ul><\/div>\n\t\t\t\t<\/div>\n\t\t\t\t\t\t\t<div class=\"elementor-accordion-item\">\n\t\t\t\t\t<div id=\"elementor-tab-title-1782\" class=\"elementor-tab-title\" data-tab=\"2\" role=\"button\" aria-controls=\"elementor-tab-content-1782\" aria-expanded=\"false\">\n\t\t\t\t\t\t\t\t\t\t\t\t\t<span class=\"elementor-accordion-icon elementor-accordion-icon-left\" aria-hidden=\"true\">\n\t\t\t\t\t\t\t\t\t\t\t\t\t\t\t<span class=\"elementor-accordion-icon-closed\"><i class=\"fas fa-plus\"><\/i><\/span>\n\t\t\t\t\t\t\t\t<span class=\"elementor-accordion-icon-opened\"><i class=\"fas fa-minus\"><\/i><\/span>\n\t\t\t\t\t\t\t\t\t\t\t\t\t\t<\/span>\n\t\t\t\t\t\t\t\t\t\t\t\t<a class=\"elementor-accordion-title\" tabindex=\"0\">M\u00f3dulo II<\/a>\n\t\t\t\t\t<\/div>\n\t\t\t\t\t<div id=\"elementor-tab-content-1782\" class=\"elementor-tab-content elementor-clearfix\" data-tab=\"2\" role=\"region\" aria-labelledby=\"elementor-tab-title-1782\"><h5>Anatomofisiolog\u00eda aplicada a la est\u00e9tica<\/h5><ul><li style=\"font-weight: 400\">Histolog\u00eda y fisiolog\u00eda del sistema tegumentario.<\/li><li>Anatom\u00eda facial.<\/li><li>Anatom\u00eda corporal.<\/li><\/ul><\/div>\n\t\t\t\t<\/div>\n\t\t\t\t\t\t\t<div class=\"elementor-accordion-item\">\n\t\t\t\t\t<div id=\"elementor-tab-title-1783\" class=\"elementor-tab-title\" data-tab=\"3\" role=\"button\" aria-controls=\"elementor-tab-content-1783\" aria-expanded=\"false\">\n\t\t\t\t\t\t\t\t\t\t\t\t\t<span class=\"elementor-accordion-icon elementor-accordion-icon-left\" aria-hidden=\"true\">\n\t\t\t\t\t\t\t\t\t\t\t\t\t\t\t<span class=\"elementor-accordion-icon-closed\"><i class=\"fas fa-plus\"><\/i><\/span>\n\t\t\t\t\t\t\t\t<span class=\"elementor-accordion-icon-opened\"><i class=\"fas fa-minus\"><\/i><\/span>\n\t\t\t\t\t\t\t\t\t\t\t\t\t\t<\/span>\n\t\t\t\t\t\t\t\t\t\t\t\t<a class=\"elementor-accordion-title\" tabindex=\"0\">M\u00f3dulo III<\/a>\n\t\t\t\t\t<\/div>\n\t\t\t\t\t<div id=\"elementor-tab-content-1783\" class=\"elementor-tab-content elementor-clearfix\" data-tab=\"3\" role=\"region\" aria-labelledby=\"elementor-tab-title-1783\"><h5>Nutrici\u00f3n aplicada a la est\u00e9tica<\/h5><ul><li style=\"font-weight: 400\">Introducci\u00f3n a la nutrici\u00f3n. Nutrici\u00f3n aplicada a la dermoest\u00e9tica.<\/li><li style=\"font-weight: 400\">Nutrici\u00f3n aplicada a la dermoest\u00e9tica y microbiota.<\/li><li style=\"font-weight: 400\">Nuevas tendencias nutricionales.<\/li><li style=\"font-weight: 400\">Nutricosm\u00e9tica y antiaging.<\/li><\/ul><\/div>\n\t\t\t\t<\/div>\n\t\t\t\t\t\t\t<div class=\"elementor-accordion-item\">\n\t\t\t\t\t<div id=\"elementor-tab-title-1784\" class=\"elementor-tab-title\" data-tab=\"4\" role=\"button\" aria-controls=\"elementor-tab-content-1784\" aria-expanded=\"false\">\n\t\t\t\t\t\t\t\t\t\t\t\t\t<span class=\"elementor-accordion-icon elementor-accordion-icon-left\" aria-hidden=\"true\">\n\t\t\t\t\t\t\t\t\t\t\t\t\t\t\t<span class=\"elementor-accordion-icon-closed\"><i class=\"fas fa-plus\"><\/i><\/span>\n\t\t\t\t\t\t\t\t<span class=\"elementor-accordion-icon-opened\"><i class=\"fas fa-minus\"><\/i><\/span>\n\t\t\t\t\t\t\t\t\t\t\t\t\t\t<\/span>\n\t\t\t\t\t\t\t\t\t\t\t\t<a class=\"elementor-accordion-title\" tabindex=\"0\">M\u00f3dulo IV<\/a>\n\t\t\t\t\t<\/div>\n\t\t\t\t\t<div id=\"elementor-tab-content-1784\" class=\"elementor-tab-content elementor-clearfix\" data-tab=\"4\" role=\"region\" aria-labelledby=\"elementor-tab-title-1784\"><h5>Terapias dermoest\u00e9ticas no invasivas<\/h5><ul><li style=\"font-weight: 400\">Valoraci\u00f3n de la piel.<\/li><li>Aparatolog\u00eda en el campo de la dermoest\u00e9tica.<\/li><li>Iniciaci\u00f3n a la ecograf\u00eda en la enfermer\u00eda.<\/li><li>Laserterapia.<\/li><li>Implantes d\u00e9rmicos m\u00ednimamente invasivos.<\/li><li>Peelings.<\/li><li>Hidrolog\u00eda.<\/li><\/ul><\/div>\n\t\t\t\t<\/div>\n\t\t\t\t\t\t\t<div class=\"elementor-accordion-item\">\n\t\t\t\t\t<div id=\"elementor-tab-title-1785\" class=\"elementor-tab-title\" data-tab=\"5\" role=\"button\" aria-controls=\"elementor-tab-content-1785\" aria-expanded=\"false\">\n\t\t\t\t\t\t\t\t\t\t\t\t\t<span class=\"elementor-accordion-icon elementor-accordion-icon-left\" aria-hidden=\"true\">\n\t\t\t\t\t\t\t\t\t\t\t\t\t\t\t<span class=\"elementor-accordion-icon-closed\"><i class=\"fas fa-plus\"><\/i><\/span>\n\t\t\t\t\t\t\t\t<span class=\"elementor-accordion-icon-opened\"><i class=\"fas fa-minus\"><\/i><\/span>\n\t\t\t\t\t\t\t\t\t\t\t\t\t\t<\/span>\n\t\t\t\t\t\t\t\t\t\t\t\t<a class=\"elementor-accordion-title\" tabindex=\"0\">M\u00f3dulo V<\/a>\n\t\t\t\t\t<\/div>\n\t\t\t\t\t<div id=\"elementor-tab-content-1785\" class=\"elementor-tab-content elementor-clearfix\" data-tab=\"5\" role=\"region\" aria-labelledby=\"elementor-tab-title-1785\"><h5>Terapias dermoest\u00e9ticas especiales<\/h5><ul><li style=\"font-weight: 400\">Mesoterapia y microneedling.<\/li><li style=\"font-weight: 400\">Micropigmentaci\u00f3n.<\/li><li style=\"font-weight: 400\">Plasma rico en plaquetas (parte 1 y parte 2).<\/li><li style=\"font-weight: 400\">Enfermer\u00eda en trasplante capilar.<\/li><li style=\"font-weight: 400\">Introducci\u00f3n al empleo de la toxina botul\u00ednica en dermoest\u00e9tica.<\/li><\/ul><\/div>\n\t\t\t\t<\/div>\n\t\t\t\t\t\t\t<div class=\"elementor-accordion-item\">\n\t\t\t\t\t<div id=\"elementor-tab-title-1786\" class=\"elementor-tab-title\" data-tab=\"6\" role=\"button\" aria-controls=\"elementor-tab-content-1786\" aria-expanded=\"false\">\n\t\t\t\t\t\t\t\t\t\t\t\t\t<span class=\"elementor-accordion-icon elementor-accordion-icon-left\" aria-hidden=\"true\">\n\t\t\t\t\t\t\t\t\t\t\t\t\t\t\t<span class=\"elementor-accordion-icon-closed\"><i class=\"fas fa-plus\"><\/i><\/span>\n\t\t\t\t\t\t\t\t<span class=\"elementor-accordion-icon-opened\"><i class=\"fas fa-minus\"><\/i><\/span>\n\t\t\t\t\t\t\t\t\t\t\t\t\t\t<\/span>\n\t\t\t\t\t\t\t\t\t\t\t\t<a class=\"elementor-accordion-title\" tabindex=\"0\">M\u00f3dulo VI<\/a>\n\t\t\t\t\t<\/div>\n\t\t\t\t\t<div id=\"elementor-tab-content-1786\" class=\"elementor-tab-content elementor-clearfix\" data-tab=\"6\" role=\"region\" aria-labelledby=\"elementor-tab-title-1786\"><h5>Est\u00e9tica multidisciplinar<\/h5><ul><li style=\"font-weight: 400\">El papel de la enfermer\u00eda en cirug\u00eda est\u00e9tica.<\/li><li style=\"font-weight: 400\">Patolog\u00eda circulatoria venosa y linf\u00e1tica.<\/li><li style=\"font-weight: 400\">Drenaje linf\u00e1tico.<\/li><li style=\"font-weight: 400\">Aspectos psicol\u00f3gicos aplicados a la dermoest\u00e9tica. El valor de la apariencia.<\/li><\/ul><\/div>\n\t\t\t\t<\/div>\n\t\t\t\t\t\t\t<div class=\"elementor-accordion-item\">\n\t\t\t\t\t<div id=\"elementor-tab-title-1787\" class=\"elementor-tab-title\" data-tab=\"7\" role=\"button\" aria-controls=\"elementor-tab-content-1787\" aria-expanded=\"false\">\n\t\t\t\t\t\t\t\t\t\t\t\t\t<span class=\"elementor-accordion-icon elementor-accordion-icon-left\" aria-hidden=\"true\">\n\t\t\t\t\t\t\t\t\t\t\t\t\t\t\t<span class=\"elementor-accordion-icon-closed\"><i class=\"fas fa-plus\"><\/i><\/span>\n\t\t\t\t\t\t\t\t<span class=\"elementor-accordion-icon-opened\"><i class=\"fas fa-minus\"><\/i><\/span>\n\t\t\t\t\t\t\t\t\t\t\t\t\t\t<\/span>\n\t\t\t\t\t\t\t\t\t\t\t\t<a class=\"elementor-accordion-title\" tabindex=\"0\">M\u00f3dulo VII<\/a>\n\t\t\t\t\t<\/div>\n\t\t\t\t\t<div id=\"elementor-tab-content-1787\" class=\"elementor-tab-content elementor-clearfix\" data-tab=\"7\" role=\"region\" aria-labelledby=\"elementor-tab-title-1787\"><h5>Introducci\u00f3n al microinjerto capilar<\/h5><ul><li style=\"font-weight: 400\">Introducci\u00f3n al injerto capilar.<\/li><li style=\"font-weight: 400\">Historia cl\u00ednica y exploraci\u00f3n.<\/li><li style=\"font-weight: 400\">Tipos de cirug\u00eda, planificaci\u00f3n y fases.<\/li><li style=\"font-weight: 400\">T\u00e9cnicas FUSS y T\u00e9cnica FUE.<\/li><\/ul><\/div>\n\t\t\t\t<\/div>\n\t\t\t\t\t\t\t<div class=\"elementor-accordion-item\">\n\t\t\t\t\t<div id=\"elementor-tab-title-1788\" class=\"elementor-tab-title\" data-tab=\"8\" role=\"button\" aria-controls=\"elementor-tab-content-1788\" aria-expanded=\"false\">\n\t\t\t\t\t\t\t\t\t\t\t\t\t<span class=\"elementor-accordion-icon elementor-accordion-icon-left\" aria-hidden=\"true\">\n\t\t\t\t\t\t\t\t\t\t\t\t\t\t\t<span class=\"elementor-accordion-icon-closed\"><i class=\"fas fa-plus\"><\/i><\/span>\n\t\t\t\t\t\t\t\t<span class=\"elementor-accordion-icon-opened\"><i class=\"fas fa-minus\"><\/i><\/span>\n\t\t\t\t\t\t\t\t\t\t\t\t\t\t<\/span>\n\t\t\t\t\t\t\t\t\t\t\t\t<a class=\"elementor-accordion-title\" tabindex=\"0\">M\u00f3dulo VIII<\/a>\n\t\t\t\t\t<\/div>\n\t\t\t\t\t<div id=\"elementor-tab-content-1788\" class=\"elementor-tab-content elementor-clearfix\" data-tab=\"8\" role=\"region\" aria-labelledby=\"elementor-tab-title-1788\"><h5>Alopecias, caracter\u00edsticas y tipolog\u00eda<\/h5><ul><li style=\"font-weight: 400\">Introducci\u00f3n a la alopecia.<\/li><li style=\"font-weight: 400\">Alopecia por afecciones externas.<\/li><li style=\"font-weight: 400\">Alopecia areata.<\/li><li style=\"font-weight: 400\">Alopecias cicatriciales.<\/li><li style=\"font-weight: 400\">Alopecias androgen\u00e9ticas.<\/li><\/ul><\/div>\n\t\t\t\t<\/div>\n\t\t\t\t\t\t\t<div class=\"elementor-accordion-item\">\n\t\t\t\t\t<div id=\"elementor-tab-title-1789\" class=\"elementor-tab-title\" data-tab=\"9\" role=\"button\" aria-controls=\"elementor-tab-content-1789\" aria-expanded=\"false\">\n\t\t\t\t\t\t\t\t\t\t\t\t\t<span class=\"elementor-accordion-icon elementor-accordion-icon-left\" aria-hidden=\"true\">\n\t\t\t\t\t\t\t\t\t\t\t\t\t\t\t<span class=\"elementor-accordion-icon-closed\"><i class=\"fas fa-plus\"><\/i><\/span>\n\t\t\t\t\t\t\t\t<span class=\"elementor-accordion-icon-opened\"><i class=\"fas fa-minus\"><\/i><\/span>\n\t\t\t\t\t\t\t\t\t\t\t\t\t\t<\/span>\n\t\t\t\t\t\t\t\t\t\t\t\t<a class=\"elementor-accordion-title\" tabindex=\"0\">M\u00f3dulo IX<\/a>\n\t\t\t\t\t<\/div>\n\t\t\t\t\t<div id=\"elementor-tab-content-1789\" class=\"elementor-tab-content elementor-clearfix\" data-tab=\"9\" role=\"region\" aria-labelledby=\"elementor-tab-title-1789\"><h5>Gesti\u00f3n de la unidad de enfermer\u00eda dermoest\u00e9tica<\/h5><ul><li style=\"font-weight: 400\">Emprendimiento y liderazgo.<\/li><li style=\"font-weight: 400\">Gesti\u00f3n del negocio RRHH y RRMM.<\/li><li style=\"font-weight: 400\">La cl\u00ednica, aspectos legales.<\/li><li style=\"font-weight: 400\">Divulgaci\u00f3n e investigaci\u00f3n.<\/li><\/ul><\/div>\n\t\t\t\t<\/div>\n\t\t\t\t\t\t\t\t<\/div>\n\t\t\t\t\t\t<\/div>\n\t\t\t\t<\/div>\n\t\t\t\t\t<\/div>\n\t\t\t\t<\/div>\n\t\t\t\t<\/div>\n\t\t\n","protected":false},"excerpt":{"rendered":"<p>Este curso est\u00e1 dise\u00f1ado espec\u00edficamente para profesionales en Enfermer\u00eda que buscan expandir sus conocimientos en este apasionante campo, fusionando la teor\u00eda con la pr\u00e1ctica, y llevando la ense\u00f1anza de Est\u00e9tica y Tricolog\u00eda a un nuevo nivel.<\/p>\n","protected":false},"featured_media":10644,"template":"","meta":{"_acf_changed":false},"product_brand":[],"product_cat":[76],"product_tag":[73],"class_list":{"0":"post-10643","1":"product","2":"type-product","3":"status-publish","4":"has-post-thumbnail","6":"product_cat-enfermeria","7":"product_tag-venta","9":"first","10":"instock","11":"shipping-taxable","12":"purchasable","13":"product-type-variable"},"acf":[],"yoast_head":"<!-- This site is optimized with the Yoast SEO Premium plugin v26.8 (Yoast SEO v26.8) - https:\/\/yoast.com\/product\/yoast-seo-premium-wordpress\/ -->\n<title>Enfermer\u00eda Est\u00e9tica y Tricolog\u00eda - Rep\u00fablica Dominicana<\/title>\n<meta name=\"robots\" content=\"index, follow, max-snippet:-1, max-image-preview:large, max-video-preview:-1\" \/>\n<link rel=\"canonical\" href=\"https:\/\/amirlatam.com\/do\/cursos\/enfermeria\/enfermeria-estetica-y-tricologia\/\" \/>\n<meta property=\"og:locale\" content=\"es_ES\" \/>\n<meta property=\"og:type\" content=\"article\" \/>\n<meta property=\"og:title\" content=\"Enfermer\u00eda Est\u00e9tica y Tricolog\u00eda\" \/>\n<meta property=\"og:description\" content=\"Este curso est\u00e1 dise\u00f1ado espec\u00edficamente para profesionales en Enfermer\u00eda que buscan expandir sus conocimientos en este apasionante campo, fusionando la teor\u00eda con la pr\u00e1ctica, y llevando la ense\u00f1anza de Est\u00e9tica y Tricolog\u00eda a un nuevo nivel.\" \/>\n<meta property=\"og:url\" content=\"https:\/\/amirlatam.com\/do\/cursos\/enfermeria\/enfermeria-estetica-y-tricologia\/\" \/>\n<meta property=\"og:site_name\" content=\"Rep\u00fablica Dominicana\" \/>\n<meta property=\"article:modified_time\" content=\"2025-12-10T16:55:19+00:00\" \/>\n<meta property=\"og:image\" content=\"https:\/\/amirlatam.com\/do\/wp-content\/uploads\/sites\/4\/2024\/02\/dentist-her-clean-orthodontist-office_23-2149195929.jpg\" \/>\n\t<meta property=\"og:image:width\" content=\"996\" \/>\n\t<meta property=\"og:image:height\" content=\"662\" \/>\n\t<meta property=\"og:image:type\" content=\"image\/jpeg\" \/>\n<meta name=\"twitter:card\" content=\"summary_large_image\" \/>\n<meta name=\"twitter:label1\" content=\"Disponibilidad\" \/>\n\t<meta name=\"twitter:data1\" content=\"Disponible\" \/>\n<script type=\"application\/ld+json\" class=\"yoast-schema-graph\">{\"@context\":\"https:\/\/schema.org\",\"@graph\":[{\"@type\":\"WebPage\",\"@id\":\"https:\/\/amirlatam.com\/do\/cursos\/enfermeria\/enfermeria-estetica-y-tricologia\/\",\"url\":\"https:\/\/amirlatam.com\/do\/cursos\/enfermeria\/enfermeria-estetica-y-tricologia\/\",\"name\":\"Enfermer\u00eda Est\u00e9tica y Tricolog\u00eda - Rep\u00fablica Dominicana\",\"isPartOf\":{\"@id\":\"https:\/\/amirlatam.com\/do\/#website\"},\"primaryImageOfPage\":{\"@id\":\"https:\/\/amirlatam.com\/do\/cursos\/enfermeria\/enfermeria-estetica-y-tricologia\/#primaryimage\"},\"image\":{\"@id\":\"https:\/\/amirlatam.com\/do\/cursos\/enfermeria\/enfermeria-estetica-y-tricologia\/#primaryimage\"},\"thumbnailUrl\":\"https:\/\/amirlatam.com\/do\/wp-content\/uploads\/sites\/4\/2024\/02\/dentist-her-clean-orthodontist-office_23-2149195929.jpg\",\"datePublished\":\"2024-02-23T23:15:21+00:00\",\"dateModified\":\"2025-12-10T16:55:19+00:00\",\"breadcrumb\":{\"@id\":\"https:\/\/amirlatam.com\/do\/cursos\/enfermeria\/enfermeria-estetica-y-tricologia\/#breadcrumb\"},\"inLanguage\":\"es\",\"potentialAction\":[{\"@type\":\"ReadAction\",\"target\":[\"https:\/\/amirlatam.com\/do\/cursos\/enfermeria\/enfermeria-estetica-y-tricologia\/\"]}]},{\"@type\":\"ImageObject\",\"inLanguage\":\"es\",\"@id\":\"https:\/\/amirlatam.com\/do\/cursos\/enfermeria\/enfermeria-estetica-y-tricologia\/#primaryimage\",\"url\":\"https:\/\/amirlatam.com\/do\/wp-content\/uploads\/sites\/4\/2024\/02\/dentist-her-clean-orthodontist-office_23-2149195929.jpg\",\"contentUrl\":\"https:\/\/amirlatam.com\/do\/wp-content\/uploads\/sites\/4\/2024\/02\/dentist-her-clean-orthodontist-office_23-2149195929.jpg\",\"width\":996,\"height\":662},{\"@type\":\"BreadcrumbList\",\"@id\":\"https:\/\/amirlatam.com\/do\/cursos\/enfermeria\/enfermeria-estetica-y-tricologia\/#breadcrumb\",\"itemListElement\":[{\"@type\":\"ListItem\",\"position\":1,\"name\":\"Portada\",\"item\":\"https:\/\/amirlatam.com\/do\/\"},{\"@type\":\"ListItem\",\"position\":2,\"name\":\"Tienda\",\"item\":\"https:\/\/amirlatam.com\/do\/tienda\/\"},{\"@type\":\"ListItem\",\"position\":3,\"name\":\"Enfermer\u00eda Est\u00e9tica y Tricolog\u00eda\"}]},{\"@type\":\"WebSite\",\"@id\":\"https:\/\/amirlatam.com\/do\/#website\",\"url\":\"https:\/\/amirlatam.com\/do\/\",\"name\":\"Rep\u00fablica Dominicana\",\"description\":\"AMIR Latinoam\u00e9rica\",\"publisher\":{\"@id\":\"https:\/\/amirlatam.com\/do\/#organization\"},\"potentialAction\":[{\"@type\":\"SearchAction\",\"target\":{\"@type\":\"EntryPoint\",\"urlTemplate\":\"https:\/\/amirlatam.com\/do\/?s={search_term_string}\"},\"query-input\":{\"@type\":\"PropertyValueSpecification\",\"valueRequired\":true,\"valueName\":\"search_term_string\"}}],\"inLanguage\":\"es\"},{\"@type\":\"Organization\",\"@id\":\"https:\/\/amirlatam.com\/do\/#organization\",\"name\":\"Rep\u00fablica Dominicana\",\"url\":\"https:\/\/amirlatam.com\/do\/\",\"logo\":{\"@type\":\"ImageObject\",\"inLanguage\":\"es\",\"@id\":\"https:\/\/amirlatam.com\/do\/#\/schema\/logo\/image\/\",\"url\":\"https:\/\/amirlatam.com\/do\/wp-content\/uploads\/sites\/4\/2023\/06\/Logo.png\",\"contentUrl\":\"https:\/\/amirlatam.com\/do\/wp-content\/uploads\/sites\/4\/2023\/06\/Logo.png\",\"width\":676,\"height\":200,\"caption\":\"Rep\u00fablica Dominicana\"},\"image\":{\"@id\":\"https:\/\/amirlatam.com\/do\/#\/schema\/logo\/image\/\"}}]}<\/script>\n<meta property=\"og:availability\" content=\"instock\" \/>\n<meta property=\"product:availability\" content=\"instock\" \/>\n<meta property=\"product:condition\" content=\"new\" \/>\n<!-- \/ Yoast SEO Premium plugin. -->","yoast_head_json":{"title":"Enfermer\u00eda Est\u00e9tica y Tricolog\u00eda - Rep\u00fablica Dominicana","robots":{"index":"index","follow":"follow","max-snippet":"max-snippet:-1","max-image-preview":"max-image-preview:large","max-video-preview":"max-video-preview:-1"},"canonical":"https:\/\/amirlatam.com\/do\/cursos\/enfermeria\/enfermeria-estetica-y-tricologia\/","og_locale":"es_ES","og_type":"article","og_title":"Enfermer\u00eda Est\u00e9tica y Tricolog\u00eda","og_description":"Este curso est\u00e1 dise\u00f1ado espec\u00edficamente para profesionales en Enfermer\u00eda que buscan expandir sus conocimientos en este apasionante campo, fusionando la teor\u00eda con la pr\u00e1ctica, y llevando la ense\u00f1anza de Est\u00e9tica y Tricolog\u00eda a un nuevo nivel.","og_url":"https:\/\/amirlatam.com\/do\/cursos\/enfermeria\/enfermeria-estetica-y-tricologia\/","og_site_name":"Rep\u00fablica Dominicana","article_modified_time":"2025-12-10T16:55:19+00:00","og_image":[{"width":996,"height":662,"url":"https:\/\/amirlatam.com\/do\/wp-content\/uploads\/sites\/4\/2024\/02\/dentist-her-clean-orthodontist-office_23-2149195929.jpg","type":"image\/jpeg"}],"twitter_card":"summary_large_image","twitter_misc":{"Disponibilidad":"Disponible"},"schema":{"@context":"https:\/\/schema.org","@graph":[{"@type":"WebPage","@id":"https:\/\/amirlatam.com\/do\/cursos\/enfermeria\/enfermeria-estetica-y-tricologia\/","url":"https:\/\/amirlatam.com\/do\/cursos\/enfermeria\/enfermeria-estetica-y-tricologia\/","name":"Enfermer\u00eda Est\u00e9tica y Tricolog\u00eda - Rep\u00fablica Dominicana","isPartOf":{"@id":"https:\/\/amirlatam.com\/do\/#website"},"primaryImageOfPage":{"@id":"https:\/\/amirlatam.com\/do\/cursos\/enfermeria\/enfermeria-estetica-y-tricologia\/#primaryimage"},"image":{"@id":"https:\/\/amirlatam.com\/do\/cursos\/enfermeria\/enfermeria-estetica-y-tricologia\/#primaryimage"},"thumbnailUrl":"https:\/\/amirlatam.com\/do\/wp-content\/uploads\/sites\/4\/2024\/02\/dentist-her-clean-orthodontist-office_23-2149195929.jpg","datePublished":"2024-02-23T23:15:21+00:00","dateModified":"2025-12-10T16:55:19+00:00","breadcrumb":{"@id":"https:\/\/amirlatam.com\/do\/cursos\/enfermeria\/enfermeria-estetica-y-tricologia\/#breadcrumb"},"inLanguage":"es","potentialAction":[{"@type":"ReadAction","target":["https:\/\/amirlatam.com\/do\/cursos\/enfermeria\/enfermeria-estetica-y-tricologia\/"]}]},{"@type":"ImageObject","inLanguage":"es","@id":"https:\/\/amirlatam.com\/do\/cursos\/enfermeria\/enfermeria-estetica-y-tricologia\/#primaryimage","url":"https:\/\/amirlatam.com\/do\/wp-content\/uploads\/sites\/4\/2024\/02\/dentist-her-clean-orthodontist-office_23-2149195929.jpg","contentUrl":"https:\/\/amirlatam.com\/do\/wp-content\/uploads\/sites\/4\/2024\/02\/dentist-her-clean-orthodontist-office_23-2149195929.jpg","width":996,"height":662},{"@type":"BreadcrumbList","@id":"https:\/\/amirlatam.com\/do\/cursos\/enfermeria\/enfermeria-estetica-y-tricologia\/#breadcrumb","itemListElement":[{"@type":"ListItem","position":1,"name":"Portada","item":"https:\/\/amirlatam.com\/do\/"},{"@type":"ListItem","position":2,"name":"Tienda","item":"https:\/\/amirlatam.com\/do\/tienda\/"},{"@type":"ListItem","position":3,"name":"Enfermer\u00eda Est\u00e9tica y Tricolog\u00eda"}]},{"@type":"WebSite","@id":"https:\/\/amirlatam.com\/do\/#website","url":"https:\/\/amirlatam.com\/do\/","name":"Rep\u00fablica Dominicana","description":"AMIR Latinoam\u00e9rica","publisher":{"@id":"https:\/\/amirlatam.com\/do\/#organization"},"potentialAction":[{"@type":"SearchAction","target":{"@type":"EntryPoint","urlTemplate":"https:\/\/amirlatam.com\/do\/?s={search_term_string}"},"query-input":{"@type":"PropertyValueSpecification","valueRequired":true,"valueName":"search_term_string"}}],"inLanguage":"es"},{"@type":"Organization","@id":"https:\/\/amirlatam.com\/do\/#organization","name":"Rep\u00fablica Dominicana","url":"https:\/\/amirlatam.com\/do\/","logo":{"@type":"ImageObject","inLanguage":"es","@id":"https:\/\/amirlatam.com\/do\/#\/schema\/logo\/image\/","url":"https:\/\/amirlatam.com\/do\/wp-content\/uploads\/sites\/4\/2023\/06\/Logo.png","contentUrl":"https:\/\/amirlatam.com\/do\/wp-content\/uploads\/sites\/4\/2023\/06\/Logo.png","width":676,"height":200,"caption":"Rep\u00fablica Dominicana"},"image":{"@id":"https:\/\/amirlatam.com\/do\/#\/schema\/logo\/image\/"}}]},"og_availability":"instock","product_availability":"instock","product_condition":"new"},"_links":{"self":[{"href":"https:\/\/amirlatam.com\/do\/wp-json\/wp\/v2\/product\/10643","targetHints":{"allow":["GET"]}}],"collection":[{"href":"https:\/\/amirlatam.com\/do\/wp-json\/wp\/v2\/product"}],"about":[{"href":"https:\/\/amirlatam.com\/do\/wp-json\/wp\/v2\/types\/product"}],"version-history":[{"count":6,"href":"https:\/\/amirlatam.com\/do\/wp-json\/wp\/v2\/product\/10643\/revisions"}],"predecessor-version":[{"id":11592,"href":"https:\/\/amirlatam.com\/do\/wp-json\/wp\/v2\/product\/10643\/revisions\/11592"}],"wp:featuredmedia":[{"embeddable":true,"href":"https:\/\/amirlatam.com\/do\/wp-json\/wp\/v2\/media\/10644"}],"wp:attachment":[{"href":"https:\/\/amirlatam.com\/do\/wp-json\/wp\/v2\/media?parent=10643"}],"wp:term":[{"taxonomy":"product_brand","embeddable":true,"href":"https:\/\/amirlatam.com\/do\/wp-json\/wp\/v2\/product_brand?post=10643"},{"taxonomy":"product_cat","embeddable":true,"href":"https:\/\/amirlatam.com\/do\/wp-json\/wp\/v2\/product_cat?post=10643"},{"taxonomy":"product_tag","embeddable":true,"href":"https:\/\/amirlatam.com\/do\/wp-json\/wp\/v2\/product_tag?post=10643"}],"curies":[{"name":"wp","href":"https:\/\/api.w.org\/{rel}","templated":true}]}}