{"id":10412,"date":"2024-01-08T10:29:16","date_gmt":"2024-01-08T14:29:16","guid":{"rendered":"https:\/\/amirlatam.com\/do\/?post_type=product&#038;p=10412"},"modified":"2025-12-10T12:29:35","modified_gmt":"2025-12-10T16:29:35","slug":"master-en-medicina-deportiva-y-del-ejercicio","status":"publish","type":"product","link":"https:\/\/amirlatam.com\/do\/cursos\/medicina\/master-en-medicina-deportiva-y-del-ejercicio\/","title":{"rendered":"M\u00e1ster en Medicina Deportiva"},"content":{"rendered":"\t\t<div data-elementor-type=\"container\" data-elementor-id=\"10416\" class=\"elementor elementor-10416\" data-elementor-settings=\"{&quot;ha_cmc_init_switcher&quot;:&quot;no&quot;}\" data-elementor-post-type=\"elementor_library\">\n\t\t\t\t<div class=\"elementor-element elementor-element-289cde79 e-flex e-con-boxed e-con e-parent\" data-id=\"289cde79\" data-element_type=\"container\" data-e-type=\"container\" data-settings=\"{&quot;_ha_eqh_enable&quot;:false}\">\n\t\t\t\t\t<div class=\"e-con-inner\">\n\t\t\t\t<div class=\"elementor-element elementor-element-7c774adf elementor-widget elementor-widget-accordion\" data-id=\"7c774adf\" data-element_type=\"widget\" data-e-type=\"widget\" data-widget_type=\"accordion.default\">\n\t\t\t\t<div class=\"elementor-widget-container\">\n\t\t\t\t\t\t\t<div class=\"elementor-accordion\">\n\t\t\t\t\t\t\t<div class=\"elementor-accordion-item\">\n\t\t\t\t\t<div id=\"elementor-tab-title-2081\" class=\"elementor-tab-title\" data-tab=\"1\" role=\"button\" aria-controls=\"elementor-tab-content-2081\" aria-expanded=\"false\">\n\t\t\t\t\t\t\t\t\t\t\t\t\t<span class=\"elementor-accordion-icon elementor-accordion-icon-left\" aria-hidden=\"true\">\n\t\t\t\t\t\t\t\t\t\t\t\t\t\t\t<span class=\"elementor-accordion-icon-closed\"><i class=\"fas fa-plus\"><\/i><\/span>\n\t\t\t\t\t\t\t\t<span class=\"elementor-accordion-icon-opened\"><i class=\"fas fa-minus\"><\/i><\/span>\n\t\t\t\t\t\t\t\t\t\t\t\t\t\t<\/span>\n\t\t\t\t\t\t\t\t\t\t\t\t<a class=\"elementor-accordion-title\" tabindex=\"0\">M\u00f3dulo I<\/a>\n\t\t\t\t\t<\/div>\n\t\t\t\t\t<div id=\"elementor-tab-content-2081\" class=\"elementor-tab-content elementor-clearfix\" data-tab=\"1\" role=\"region\" aria-labelledby=\"elementor-tab-title-2081\"><p><strong>ASPECTOS GENERALES DE LA MEDICINA DEL DEPORTE<\/strong><\/p><ul><li>INTRODUCCI\u00d3N MEDICINA DEL DEPORTE.<\/li><li>EVOLUCI\u00d3N HIST\u00d3RICA.<\/li><li>LEGISLACI\u00d3N Y \u00c1MBITO DE DESARROLLO.<\/li><li>EL M\u00c9DICO DE EQUIPO, CONCEPTO, FUNCIONES Y NECESIDADES.<\/li><li>DOPAJE.<\/li><li>PRINCIPIOS DE GESTI\u00d3N DE SERVICIOS M\u00c9DICOS DE CLUBES E<br \/>INSTITUCIONES DEPORTIVAS.<\/li><\/ul><\/div>\n\t\t\t\t<\/div>\n\t\t\t\t\t\t\t<div class=\"elementor-accordion-item\">\n\t\t\t\t\t<div id=\"elementor-tab-title-2082\" class=\"elementor-tab-title\" data-tab=\"2\" role=\"button\" aria-controls=\"elementor-tab-content-2082\" aria-expanded=\"false\">\n\t\t\t\t\t\t\t\t\t\t\t\t\t<span class=\"elementor-accordion-icon elementor-accordion-icon-left\" aria-hidden=\"true\">\n\t\t\t\t\t\t\t\t\t\t\t\t\t\t\t<span class=\"elementor-accordion-icon-closed\"><i class=\"fas fa-plus\"><\/i><\/span>\n\t\t\t\t\t\t\t\t<span class=\"elementor-accordion-icon-opened\"><i class=\"fas fa-minus\"><\/i><\/span>\n\t\t\t\t\t\t\t\t\t\t\t\t\t\t<\/span>\n\t\t\t\t\t\t\t\t\t\t\t\t<a class=\"elementor-accordion-title\" tabindex=\"0\">M\u00f3dulo II<\/a>\n\t\t\t\t\t<\/div>\n\t\t\t\t\t<div id=\"elementor-tab-content-2082\" class=\"elementor-tab-content elementor-clearfix\" data-tab=\"2\" role=\"region\" aria-labelledby=\"elementor-tab-title-2082\"><p><strong>FISIOLOG\u00cdA DEL DEPORTE Y NUTRICI\u00d3N<\/strong><\/p><ul><li>CONCEPTOS B\u00c1SICOS.<br \/>BASES FISIOPATOL\u00d3GICAS DEL DEPORTE.<\/li><li>RECONOCIMIENTO M\u00c9DICO.<br \/>TEST DE CAMPO, LACTATO TEST.<\/li><li>PRINCIPIOS DE NUTRICI\u00d3N.<\/li><\/ul><\/div>\n\t\t\t\t<\/div>\n\t\t\t\t\t\t\t<div class=\"elementor-accordion-item\">\n\t\t\t\t\t<div id=\"elementor-tab-title-2083\" class=\"elementor-tab-title\" data-tab=\"3\" role=\"button\" aria-controls=\"elementor-tab-content-2083\" aria-expanded=\"false\">\n\t\t\t\t\t\t\t\t\t\t\t\t\t<span class=\"elementor-accordion-icon elementor-accordion-icon-left\" aria-hidden=\"true\">\n\t\t\t\t\t\t\t\t\t\t\t\t\t\t\t<span class=\"elementor-accordion-icon-closed\"><i class=\"fas fa-plus\"><\/i><\/span>\n\t\t\t\t\t\t\t\t<span class=\"elementor-accordion-icon-opened\"><i class=\"fas fa-minus\"><\/i><\/span>\n\t\t\t\t\t\t\t\t\t\t\t\t\t\t<\/span>\n\t\t\t\t\t\t\t\t\t\t\t\t<a class=\"elementor-accordion-title\" tabindex=\"0\">M\u00f3dulo III<\/a>\n\t\t\t\t\t<\/div>\n\t\t\t\t\t<div id=\"elementor-tab-content-2083\" class=\"elementor-tab-content elementor-clearfix\" data-tab=\"3\" role=\"region\" aria-labelledby=\"elementor-tab-title-2083\"><p><strong>CARDIOLOG\u00cdA EN MEDICINA DEL DEPORTE<\/strong><\/p><ul><li>RECONOCIMIENTO CARDIOL\u00d3GICO Y CONCEPTOS B\u00c1SICOS.<\/li><li>PRUEBAS FUNCIONALES Y VALORACI\u00d3N DEL DEPORTISTA.<\/li><li>PATOLOG\u00cdA ESPECIFICA.<\/li><li>ECG DEL DEPORTISTA, SINCOPE.<\/li><\/ul><\/div>\n\t\t\t\t<\/div>\n\t\t\t\t\t\t\t<div class=\"elementor-accordion-item\">\n\t\t\t\t\t<div id=\"elementor-tab-title-2084\" class=\"elementor-tab-title\" data-tab=\"4\" role=\"button\" aria-controls=\"elementor-tab-content-2084\" aria-expanded=\"false\">\n\t\t\t\t\t\t\t\t\t\t\t\t\t<span class=\"elementor-accordion-icon elementor-accordion-icon-left\" aria-hidden=\"true\">\n\t\t\t\t\t\t\t\t\t\t\t\t\t\t\t<span class=\"elementor-accordion-icon-closed\"><i class=\"fas fa-plus\"><\/i><\/span>\n\t\t\t\t\t\t\t\t<span class=\"elementor-accordion-icon-opened\"><i class=\"fas fa-minus\"><\/i><\/span>\n\t\t\t\t\t\t\t\t\t\t\t\t\t\t<\/span>\n\t\t\t\t\t\t\t\t\t\t\t\t<a class=\"elementor-accordion-title\" tabindex=\"0\">M\u00f3dulo IV<\/a>\n\t\t\t\t\t<\/div>\n\t\t\t\t\t<div id=\"elementor-tab-content-2084\" class=\"elementor-tab-content elementor-clearfix\" data-tab=\"4\" role=\"region\" aria-labelledby=\"elementor-tab-title-2084\"><p><strong>NEUMOLOG\u00cdA Y ERGOMETR\u00cdA<\/strong><\/p><ul><li>PRINCIPIOS DE NEUMOLOG\u00cdA EN EL DEPORTE.<\/li><li>EVALUACI\u00d3N FUNCIONAL RESPIRATORIA.<\/li><li>PRUEBAS DE ESFUERZO.<\/li><li>PRUEBAS DE RENDIMIENTO\/PERFORMANCE.<\/li><\/ul><\/div>\n\t\t\t\t<\/div>\n\t\t\t\t\t\t\t<div class=\"elementor-accordion-item\">\n\t\t\t\t\t<div id=\"elementor-tab-title-2085\" class=\"elementor-tab-title\" data-tab=\"5\" role=\"button\" aria-controls=\"elementor-tab-content-2085\" aria-expanded=\"false\">\n\t\t\t\t\t\t\t\t\t\t\t\t\t<span class=\"elementor-accordion-icon elementor-accordion-icon-left\" aria-hidden=\"true\">\n\t\t\t\t\t\t\t\t\t\t\t\t\t\t\t<span class=\"elementor-accordion-icon-closed\"><i class=\"fas fa-plus\"><\/i><\/span>\n\t\t\t\t\t\t\t\t<span class=\"elementor-accordion-icon-opened\"><i class=\"fas fa-minus\"><\/i><\/span>\n\t\t\t\t\t\t\t\t\t\t\t\t\t\t<\/span>\n\t\t\t\t\t\t\t\t\t\t\t\t<a class=\"elementor-accordion-title\" tabindex=\"0\">M\u00f3dulo V<\/a>\n\t\t\t\t\t<\/div>\n\t\t\t\t\t<div id=\"elementor-tab-content-2085\" class=\"elementor-tab-content elementor-clearfix\" data-tab=\"5\" role=\"region\" aria-labelledby=\"elementor-tab-title-2085\"><p><strong>TRAUMATOLOG\u00cdA I RODILLA Y HOMBRO<\/strong><\/p><ul><li>ANATOM\u00cdA, EXPLORACI\u00d3N Y BIOMEC\u00c1NICA DE LA ARTICULACI\u00d3N DE <br \/>LA RODILLA.<\/li><li>LESIONES ARTICULARES, CART\u00cdLAGO Y MENISCOS.<\/li><li>LESIONES LIGAMENTOS Y TENDONES.<\/li><li>TRATAMIENTO DE LAS PRINCIPALES LESIONES DE LA RODILLA.<\/li><li>ANATOM\u00cdA, EXPLORACI\u00d3N Y BIOMEC\u00c1NICA DEL HOMBRO.<\/li><li>LESIONES MANGUITO ROTADOR Y LABRUM, DEPORTES ESPEC\u00cdFICOS.<\/li><li>PRINCIPIOS DE TRATAMIENTO.\u00a0<\/li><\/ul><\/div>\n\t\t\t\t<\/div>\n\t\t\t\t\t\t\t<div class=\"elementor-accordion-item\">\n\t\t\t\t\t<div id=\"elementor-tab-title-2086\" class=\"elementor-tab-title\" data-tab=\"6\" role=\"button\" aria-controls=\"elementor-tab-content-2086\" aria-expanded=\"false\">\n\t\t\t\t\t\t\t\t\t\t\t\t\t<span class=\"elementor-accordion-icon elementor-accordion-icon-left\" aria-hidden=\"true\">\n\t\t\t\t\t\t\t\t\t\t\t\t\t\t\t<span class=\"elementor-accordion-icon-closed\"><i class=\"fas fa-plus\"><\/i><\/span>\n\t\t\t\t\t\t\t\t<span class=\"elementor-accordion-icon-opened\"><i class=\"fas fa-minus\"><\/i><\/span>\n\t\t\t\t\t\t\t\t\t\t\t\t\t\t<\/span>\n\t\t\t\t\t\t\t\t\t\t\t\t<a class=\"elementor-accordion-title\" tabindex=\"0\">M\u00f3dulo VI<\/a>\n\t\t\t\t\t<\/div>\n\t\t\t\t\t<div id=\"elementor-tab-content-2086\" class=\"elementor-tab-content elementor-clearfix\" data-tab=\"6\" role=\"region\" aria-labelledby=\"elementor-tab-title-2086\"><p><strong>TRAUMATOLOG\u00cdA II, MANO\/CODO<\/strong><\/p><ul><li>ANATOM\u00cdA, EXPLORACI\u00d3N Y BIOMEC\u00c1NICA MANO Y CODO.<\/li><li>LESIONES MAS FRECUENTES MANO Y CODO.<\/li><li>PRINCIPIOS DE TRATAMIENTO.<\/li><\/ul><\/div>\n\t\t\t\t<\/div>\n\t\t\t\t\t\t\t<div class=\"elementor-accordion-item\">\n\t\t\t\t\t<div id=\"elementor-tab-title-2087\" class=\"elementor-tab-title\" data-tab=\"7\" role=\"button\" aria-controls=\"elementor-tab-content-2087\" aria-expanded=\"false\">\n\t\t\t\t\t\t\t\t\t\t\t\t\t<span class=\"elementor-accordion-icon elementor-accordion-icon-left\" aria-hidden=\"true\">\n\t\t\t\t\t\t\t\t\t\t\t\t\t\t\t<span class=\"elementor-accordion-icon-closed\"><i class=\"fas fa-plus\"><\/i><\/span>\n\t\t\t\t\t\t\t\t<span class=\"elementor-accordion-icon-opened\"><i class=\"fas fa-minus\"><\/i><\/span>\n\t\t\t\t\t\t\t\t\t\t\t\t\t\t<\/span>\n\t\t\t\t\t\t\t\t\t\t\t\t<a class=\"elementor-accordion-title\" tabindex=\"0\">M\u00f3dulo VII<\/a>\n\t\t\t\t\t<\/div>\n\t\t\t\t\t<div id=\"elementor-tab-content-2087\" class=\"elementor-tab-content elementor-clearfix\" data-tab=\"7\" role=\"region\" aria-labelledby=\"elementor-tab-title-2087\"><p><strong>TRAUMATOLOG\u00cdA III CADERA\/COLUMNA Y TCE<\/strong><\/p><ul><li>EXPLORACI\u00d3N Y BIOMEC\u00c1NICA DE LA ARTICULACI\u00d3N COXOFEMORAL.<\/li><li>PATOLOG\u00cdA ARTICULAR Y PERI ARTICULAR DE LA CADERA EN EL <br \/>DEPORTE.<\/li><li>EXPLORACI\u00d3N Y BIOMEC\u00c1NICA DE LA COLUMNA.<\/li><li>TRAUMATISMOS DE COLUMNA Y TRATAMIENTO.<\/li><li>TCE Y TRAUMATISMOS CRANEOFACIALES.<\/li><\/ul><\/div>\n\t\t\t\t<\/div>\n\t\t\t\t\t\t\t<div class=\"elementor-accordion-item\">\n\t\t\t\t\t<div id=\"elementor-tab-title-2088\" class=\"elementor-tab-title\" data-tab=\"8\" role=\"button\" aria-controls=\"elementor-tab-content-2088\" aria-expanded=\"false\">\n\t\t\t\t\t\t\t\t\t\t\t\t\t<span class=\"elementor-accordion-icon elementor-accordion-icon-left\" aria-hidden=\"true\">\n\t\t\t\t\t\t\t\t\t\t\t\t\t\t\t<span class=\"elementor-accordion-icon-closed\"><i class=\"fas fa-plus\"><\/i><\/span>\n\t\t\t\t\t\t\t\t<span class=\"elementor-accordion-icon-opened\"><i class=\"fas fa-minus\"><\/i><\/span>\n\t\t\t\t\t\t\t\t\t\t\t\t\t\t<\/span>\n\t\t\t\t\t\t\t\t\t\t\t\t<a class=\"elementor-accordion-title\" tabindex=\"0\">M\u00f3dulo VIII<\/a>\n\t\t\t\t\t<\/div>\n\t\t\t\t\t<div id=\"elementor-tab-content-2088\" class=\"elementor-tab-content elementor-clearfix\" data-tab=\"8\" role=\"region\" aria-labelledby=\"elementor-tab-title-2088\"><p><strong>TRAUMATOLOG\u00cdA IV, LESIONES DEPORTISTA INFANTO-JUVENIL Y ADOLESCENTE\u00a0<\/strong><\/p><ul><li>CONCEPTOS DEL APARATO LOCOMOTOR EN CRECIMIENTO.<\/li><li>CONSIDERACIONES Y LESIONES ESPEC\u00cdFICAS DEL DEPORTISTA ESQUEL\u00c9TICAMENTE INMADURO.<\/li><\/ul><\/div>\n\t\t\t\t<\/div>\n\t\t\t\t\t\t\t<div class=\"elementor-accordion-item\">\n\t\t\t\t\t<div id=\"elementor-tab-title-2089\" class=\"elementor-tab-title\" data-tab=\"9\" role=\"button\" aria-controls=\"elementor-tab-content-2089\" aria-expanded=\"false\">\n\t\t\t\t\t\t\t\t\t\t\t\t\t<span class=\"elementor-accordion-icon elementor-accordion-icon-left\" aria-hidden=\"true\">\n\t\t\t\t\t\t\t\t\t\t\t\t\t\t\t<span class=\"elementor-accordion-icon-closed\"><i class=\"fas fa-plus\"><\/i><\/span>\n\t\t\t\t\t\t\t\t<span class=\"elementor-accordion-icon-opened\"><i class=\"fas fa-minus\"><\/i><\/span>\n\t\t\t\t\t\t\t\t\t\t\t\t\t\t<\/span>\n\t\t\t\t\t\t\t\t\t\t\t\t<a class=\"elementor-accordion-title\" tabindex=\"0\">M\u00f3dulo IX<\/a>\n\t\t\t\t\t<\/div>\n\t\t\t\t\t<div id=\"elementor-tab-content-2089\" class=\"elementor-tab-content elementor-clearfix\" data-tab=\"9\" role=\"region\" aria-labelledby=\"elementor-tab-title-2089\"><p><strong>LESIONES MUSCULARES Y LIGAMENTOSAS, INFILTRACIONES<\/strong><br \/><strong>Y OTRAS TERAPIAS<\/strong><\/p><ul><li>DEFINICI\u00d3N Y TIPOS DE LESIONES MUSCULARES, TENDINOSAS Y <br \/>LIGAMENTOSAS.<\/li><li>TRATAMIENTO LESIONES MUSCULARES, TENDINOSAS LIGAMENTOSAS.<\/li><li>TERAPIAS INTERVENCIONISTAS EN MEDICINA DEL DEPORTE.<\/li><\/ul><\/div>\n\t\t\t\t<\/div>\n\t\t\t\t\t\t\t<div class=\"elementor-accordion-item\">\n\t\t\t\t\t<div id=\"elementor-tab-title-20810\" class=\"elementor-tab-title\" data-tab=\"10\" role=\"button\" aria-controls=\"elementor-tab-content-20810\" aria-expanded=\"false\">\n\t\t\t\t\t\t\t\t\t\t\t\t\t<span class=\"elementor-accordion-icon elementor-accordion-icon-left\" aria-hidden=\"true\">\n\t\t\t\t\t\t\t\t\t\t\t\t\t\t\t<span class=\"elementor-accordion-icon-closed\"><i class=\"fas fa-plus\"><\/i><\/span>\n\t\t\t\t\t\t\t\t<span class=\"elementor-accordion-icon-opened\"><i class=\"fas fa-minus\"><\/i><\/span>\n\t\t\t\t\t\t\t\t\t\t\t\t\t\t<\/span>\n\t\t\t\t\t\t\t\t\t\t\t\t<a class=\"elementor-accordion-title\" tabindex=\"0\">M\u00f3dulo X<\/a>\n\t\t\t\t\t<\/div>\n\t\t\t\t\t<div id=\"elementor-tab-content-20810\" class=\"elementor-tab-content elementor-clearfix\" data-tab=\"10\" role=\"region\" aria-labelledby=\"elementor-tab-title-20810\"><p><strong>RADIOLOG\u00cdA DEL APARATO LOCOMOTOR<\/strong><\/p><ul><li>PRINCIPIOS B\u00c1SICOS DE LA RADIOLOG\u00cdA M\u00daSCULO-ESQUEL\u00c9TICA.<\/li><li>RADIOLOG\u00cdA CONVENCIONAL.<\/li><li>ECOGRAF\u00cdA M\u00daSCULO-ESQUEL\u00c9TICA.<\/li><li>RM M\u00daSCULO ESQUEL\u00c9TICA.<\/li><\/ul><\/div>\n\t\t\t\t<\/div>\n\t\t\t\t\t\t\t<div class=\"elementor-accordion-item\">\n\t\t\t\t\t<div id=\"elementor-tab-title-20811\" class=\"elementor-tab-title\" data-tab=\"11\" role=\"button\" aria-controls=\"elementor-tab-content-20811\" aria-expanded=\"false\">\n\t\t\t\t\t\t\t\t\t\t\t\t\t<span class=\"elementor-accordion-icon elementor-accordion-icon-left\" aria-hidden=\"true\">\n\t\t\t\t\t\t\t\t\t\t\t\t\t\t\t<span class=\"elementor-accordion-icon-closed\"><i class=\"fas fa-plus\"><\/i><\/span>\n\t\t\t\t\t\t\t\t<span class=\"elementor-accordion-icon-opened\"><i class=\"fas fa-minus\"><\/i><\/span>\n\t\t\t\t\t\t\t\t\t\t\t\t\t\t<\/span>\n\t\t\t\t\t\t\t\t\t\t\t\t<a class=\"elementor-accordion-title\" tabindex=\"0\">M\u00f3dulo XI<\/a>\n\t\t\t\t\t<\/div>\n\t\t\t\t\t<div id=\"elementor-tab-content-20811\" class=\"elementor-tab-content elementor-clearfix\" data-tab=\"11\" role=\"region\" aria-labelledby=\"elementor-tab-title-20811\"><p><strong>FISIOTERAPIA Y PSICOLOG\u00cdA EN MEDICINA DEL DEPORTE\u00a0<\/strong><\/p><ul><li>FISIOTERAPIA DEPORTIVA.<br \/>TRATAMIENTOS FISIOTER\u00c1PICOS.<\/li><li>PSICOLOG\u00cdA DEPORTIVA Y ALTO RENDIMIENTO.<\/li><\/ul><\/div>\n\t\t\t\t<\/div>\n\t\t\t\t\t\t\t\t<\/div>\n\t\t\t\t\t\t<\/div>\n\t\t\t\t<\/div>\n\t\t\t\t\t<\/div>\n\t\t\t\t<\/div>\n\t\t\t\t<\/div>\n\t\t\n","protected":false},"excerpt":{"rendered":"<div class=\"page\" title=\"Page 2\">\n<div class=\"layoutArea\">\n<div class=\"column\">\n<p>Nuestro<strong> M\u00e1ster en Medicina Deportiva y del Ejercicio<\/strong>, tiene como prop\u00f3sito pone el foco en el aprendizaje de todas las variables implicadas en la prevencio\u0301n, diagno\u0301stico y tratamiento del deportista. Aportando todos los conocimientos teo\u0301ricos multidisciplinares para el diagn\u00f3stico, prevencio\u0301n y tratamiento de las lesiones especi\u0301ficas de dichos pacientes, asi\u0301 como la aplicacio\u0301n pra\u0301ctica de los mismos.<\/p>\n<\/div>\n<\/div>\n<\/div>\n","protected":false},"featured_media":10326,"template":"","meta":{"_acf_changed":false},"product_brand":[],"product_cat":[59],"product_tag":[73],"class_list":{"0":"post-10412","1":"product","2":"type-product","3":"status-publish","4":"has-post-thumbnail","6":"product_cat-medicina","7":"product_tag-venta","9":"first","10":"instock","11":"shipping-taxable","12":"purchasable","13":"product-type-variable"},"acf":[],"yoast_head":"<!-- This site is optimized with the Yoast SEO Premium plugin v26.8 (Yoast SEO v26.8) - https:\/\/yoast.com\/product\/yoast-seo-premium-wordpress\/ -->\n<title>M\u00e1ster en Medicina Deportiva - Rep\u00fablica Dominicana<\/title>\n<meta name=\"robots\" content=\"index, follow, max-snippet:-1, max-image-preview:large, max-video-preview:-1\" \/>\n<link rel=\"canonical\" href=\"https:\/\/amirlatam.com\/do\/cursos\/medicina\/master-en-medicina-deportiva-y-del-ejercicio\/\" \/>\n<meta property=\"og:locale\" content=\"es_ES\" \/>\n<meta property=\"og:type\" content=\"article\" \/>\n<meta property=\"og:title\" content=\"M\u00e1ster en Medicina Deportiva\" \/>\n<meta property=\"og:description\" content=\"Nuestro M\u00e1ster en Medicina Deportiva y del Ejercicio, tiene como prop\u00f3sito pone el foco en el aprendizaje de todas las variables implicadas en la prevencio\u0301n, diagno\u0301stico y tratamiento del deportista. Aportando todos los conocimientos teo\u0301ricos multidisciplinares para el diagn\u00f3stico, prevencio\u0301n y tratamiento de las lesiones especi\u0301ficas de dichos pacientes, asi\u0301 como la aplicacio\u0301n pra\u0301ctica de los mismos.\" \/>\n<meta property=\"og:url\" content=\"https:\/\/amirlatam.com\/do\/cursos\/medicina\/master-en-medicina-deportiva-y-del-ejercicio\/\" \/>\n<meta property=\"og:site_name\" content=\"Rep\u00fablica Dominicana\" \/>\n<meta property=\"article:modified_time\" content=\"2025-12-10T16:29:35+00:00\" \/>\n<meta property=\"og:image\" content=\"https:\/\/amirlatam.com\/do\/wp-content\/uploads\/sites\/4\/2023\/11\/IMG_3532.jpeg\" \/>\n\t<meta property=\"og:image:width\" content=\"626\" \/>\n\t<meta property=\"og:image:height\" content=\"417\" \/>\n\t<meta property=\"og:image:type\" content=\"image\/jpeg\" \/>\n<meta name=\"twitter:card\" content=\"summary_large_image\" \/>\n<meta name=\"twitter:label1\" content=\"Disponibilidad\" \/>\n\t<meta name=\"twitter:data1\" content=\"Disponible\" \/>\n<script type=\"application\/ld+json\" class=\"yoast-schema-graph\">{\"@context\":\"https:\/\/schema.org\",\"@graph\":[{\"@type\":\"WebPage\",\"@id\":\"https:\/\/amirlatam.com\/do\/cursos\/medicina\/master-en-medicina-deportiva-y-del-ejercicio\/\",\"url\":\"https:\/\/amirlatam.com\/do\/cursos\/medicina\/master-en-medicina-deportiva-y-del-ejercicio\/\",\"name\":\"M\u00e1ster en Medicina Deportiva - Rep\u00fablica Dominicana\",\"isPartOf\":{\"@id\":\"https:\/\/amirlatam.com\/do\/#website\"},\"primaryImageOfPage\":{\"@id\":\"https:\/\/amirlatam.com\/do\/cursos\/medicina\/master-en-medicina-deportiva-y-del-ejercicio\/#primaryimage\"},\"image\":{\"@id\":\"https:\/\/amirlatam.com\/do\/cursos\/medicina\/master-en-medicina-deportiva-y-del-ejercicio\/#primaryimage\"},\"thumbnailUrl\":\"https:\/\/amirlatam.com\/do\/wp-content\/uploads\/sites\/4\/2023\/11\/IMG_3532.jpeg\",\"datePublished\":\"2024-01-08T14:29:16+00:00\",\"dateModified\":\"2025-12-10T16:29:35+00:00\",\"breadcrumb\":{\"@id\":\"https:\/\/amirlatam.com\/do\/cursos\/medicina\/master-en-medicina-deportiva-y-del-ejercicio\/#breadcrumb\"},\"inLanguage\":\"es\",\"potentialAction\":[{\"@type\":\"ReadAction\",\"target\":[\"https:\/\/amirlatam.com\/do\/cursos\/medicina\/master-en-medicina-deportiva-y-del-ejercicio\/\"]}]},{\"@type\":\"ImageObject\",\"inLanguage\":\"es\",\"@id\":\"https:\/\/amirlatam.com\/do\/cursos\/medicina\/master-en-medicina-deportiva-y-del-ejercicio\/#primaryimage\",\"url\":\"https:\/\/amirlatam.com\/do\/wp-content\/uploads\/sites\/4\/2023\/11\/IMG_3532.jpeg\",\"contentUrl\":\"https:\/\/amirlatam.com\/do\/wp-content\/uploads\/sites\/4\/2023\/11\/IMG_3532.jpeg\",\"width\":626,\"height\":417},{\"@type\":\"BreadcrumbList\",\"@id\":\"https:\/\/amirlatam.com\/do\/cursos\/medicina\/master-en-medicina-deportiva-y-del-ejercicio\/#breadcrumb\",\"itemListElement\":[{\"@type\":\"ListItem\",\"position\":1,\"name\":\"Portada\",\"item\":\"https:\/\/amirlatam.com\/do\/\"},{\"@type\":\"ListItem\",\"position\":2,\"name\":\"Tienda\",\"item\":\"https:\/\/amirlatam.com\/do\/tienda\/\"},{\"@type\":\"ListItem\",\"position\":3,\"name\":\"M\u00e1ster en Medicina Deportiva y del Ejercicio\"}]},{\"@type\":\"WebSite\",\"@id\":\"https:\/\/amirlatam.com\/do\/#website\",\"url\":\"https:\/\/amirlatam.com\/do\/\",\"name\":\"Rep\u00fablica Dominicana\",\"description\":\"AMIR Latinoam\u00e9rica\",\"publisher\":{\"@id\":\"https:\/\/amirlatam.com\/do\/#organization\"},\"potentialAction\":[{\"@type\":\"SearchAction\",\"target\":{\"@type\":\"EntryPoint\",\"urlTemplate\":\"https:\/\/amirlatam.com\/do\/?s={search_term_string}\"},\"query-input\":{\"@type\":\"PropertyValueSpecification\",\"valueRequired\":true,\"valueName\":\"search_term_string\"}}],\"inLanguage\":\"es\"},{\"@type\":\"Organization\",\"@id\":\"https:\/\/amirlatam.com\/do\/#organization\",\"name\":\"Rep\u00fablica Dominicana\",\"url\":\"https:\/\/amirlatam.com\/do\/\",\"logo\":{\"@type\":\"ImageObject\",\"inLanguage\":\"es\",\"@id\":\"https:\/\/amirlatam.com\/do\/#\/schema\/logo\/image\/\",\"url\":\"https:\/\/amirlatam.com\/do\/wp-content\/uploads\/sites\/4\/2023\/06\/Logo.png\",\"contentUrl\":\"https:\/\/amirlatam.com\/do\/wp-content\/uploads\/sites\/4\/2023\/06\/Logo.png\",\"width\":676,\"height\":200,\"caption\":\"Rep\u00fablica Dominicana\"},\"image\":{\"@id\":\"https:\/\/amirlatam.com\/do\/#\/schema\/logo\/image\/\"}}]}<\/script>\n<meta property=\"og:availability\" content=\"instock\" \/>\n<meta property=\"product:availability\" content=\"instock\" \/>\n<meta property=\"product:condition\" content=\"new\" \/>\n<!-- \/ Yoast SEO Premium plugin. -->","yoast_head_json":{"title":"M\u00e1ster en Medicina Deportiva - Rep\u00fablica Dominicana","robots":{"index":"index","follow":"follow","max-snippet":"max-snippet:-1","max-image-preview":"max-image-preview:large","max-video-preview":"max-video-preview:-1"},"canonical":"https:\/\/amirlatam.com\/do\/cursos\/medicina\/master-en-medicina-deportiva-y-del-ejercicio\/","og_locale":"es_ES","og_type":"article","og_title":"M\u00e1ster en Medicina Deportiva","og_description":"Nuestro M\u00e1ster en Medicina Deportiva y del Ejercicio, tiene como prop\u00f3sito pone el foco en el aprendizaje de todas las variables implicadas en la prevencio\u0301n, diagno\u0301stico y tratamiento del deportista. Aportando todos los conocimientos teo\u0301ricos multidisciplinares para el diagn\u00f3stico, prevencio\u0301n y tratamiento de las lesiones especi\u0301ficas de dichos pacientes, asi\u0301 como la aplicacio\u0301n pra\u0301ctica de los mismos.","og_url":"https:\/\/amirlatam.com\/do\/cursos\/medicina\/master-en-medicina-deportiva-y-del-ejercicio\/","og_site_name":"Rep\u00fablica Dominicana","article_modified_time":"2025-12-10T16:29:35+00:00","og_image":[{"width":626,"height":417,"url":"https:\/\/amirlatam.com\/do\/wp-content\/uploads\/sites\/4\/2023\/11\/IMG_3532.jpeg","type":"image\/jpeg"}],"twitter_card":"summary_large_image","twitter_misc":{"Disponibilidad":"Disponible"},"schema":{"@context":"https:\/\/schema.org","@graph":[{"@type":"WebPage","@id":"https:\/\/amirlatam.com\/do\/cursos\/medicina\/master-en-medicina-deportiva-y-del-ejercicio\/","url":"https:\/\/amirlatam.com\/do\/cursos\/medicina\/master-en-medicina-deportiva-y-del-ejercicio\/","name":"M\u00e1ster en Medicina Deportiva - Rep\u00fablica Dominicana","isPartOf":{"@id":"https:\/\/amirlatam.com\/do\/#website"},"primaryImageOfPage":{"@id":"https:\/\/amirlatam.com\/do\/cursos\/medicina\/master-en-medicina-deportiva-y-del-ejercicio\/#primaryimage"},"image":{"@id":"https:\/\/amirlatam.com\/do\/cursos\/medicina\/master-en-medicina-deportiva-y-del-ejercicio\/#primaryimage"},"thumbnailUrl":"https:\/\/amirlatam.com\/do\/wp-content\/uploads\/sites\/4\/2023\/11\/IMG_3532.jpeg","datePublished":"2024-01-08T14:29:16+00:00","dateModified":"2025-12-10T16:29:35+00:00","breadcrumb":{"@id":"https:\/\/amirlatam.com\/do\/cursos\/medicina\/master-en-medicina-deportiva-y-del-ejercicio\/#breadcrumb"},"inLanguage":"es","potentialAction":[{"@type":"ReadAction","target":["https:\/\/amirlatam.com\/do\/cursos\/medicina\/master-en-medicina-deportiva-y-del-ejercicio\/"]}]},{"@type":"ImageObject","inLanguage":"es","@id":"https:\/\/amirlatam.com\/do\/cursos\/medicina\/master-en-medicina-deportiva-y-del-ejercicio\/#primaryimage","url":"https:\/\/amirlatam.com\/do\/wp-content\/uploads\/sites\/4\/2023\/11\/IMG_3532.jpeg","contentUrl":"https:\/\/amirlatam.com\/do\/wp-content\/uploads\/sites\/4\/2023\/11\/IMG_3532.jpeg","width":626,"height":417},{"@type":"BreadcrumbList","@id":"https:\/\/amirlatam.com\/do\/cursos\/medicina\/master-en-medicina-deportiva-y-del-ejercicio\/#breadcrumb","itemListElement":[{"@type":"ListItem","position":1,"name":"Portada","item":"https:\/\/amirlatam.com\/do\/"},{"@type":"ListItem","position":2,"name":"Tienda","item":"https:\/\/amirlatam.com\/do\/tienda\/"},{"@type":"ListItem","position":3,"name":"M\u00e1ster en Medicina Deportiva y del Ejercicio"}]},{"@type":"WebSite","@id":"https:\/\/amirlatam.com\/do\/#website","url":"https:\/\/amirlatam.com\/do\/","name":"Rep\u00fablica Dominicana","description":"AMIR Latinoam\u00e9rica","publisher":{"@id":"https:\/\/amirlatam.com\/do\/#organization"},"potentialAction":[{"@type":"SearchAction","target":{"@type":"EntryPoint","urlTemplate":"https:\/\/amirlatam.com\/do\/?s={search_term_string}"},"query-input":{"@type":"PropertyValueSpecification","valueRequired":true,"valueName":"search_term_string"}}],"inLanguage":"es"},{"@type":"Organization","@id":"https:\/\/amirlatam.com\/do\/#organization","name":"Rep\u00fablica Dominicana","url":"https:\/\/amirlatam.com\/do\/","logo":{"@type":"ImageObject","inLanguage":"es","@id":"https:\/\/amirlatam.com\/do\/#\/schema\/logo\/image\/","url":"https:\/\/amirlatam.com\/do\/wp-content\/uploads\/sites\/4\/2023\/06\/Logo.png","contentUrl":"https:\/\/amirlatam.com\/do\/wp-content\/uploads\/sites\/4\/2023\/06\/Logo.png","width":676,"height":200,"caption":"Rep\u00fablica Dominicana"},"image":{"@id":"https:\/\/amirlatam.com\/do\/#\/schema\/logo\/image\/"}}]},"og_availability":"instock","product_availability":"instock","product_condition":"new"},"_links":{"self":[{"href":"https:\/\/amirlatam.com\/do\/wp-json\/wp\/v2\/product\/10412","targetHints":{"allow":["GET"]}}],"collection":[{"href":"https:\/\/amirlatam.com\/do\/wp-json\/wp\/v2\/product"}],"about":[{"href":"https:\/\/amirlatam.com\/do\/wp-json\/wp\/v2\/types\/product"}],"version-history":[{"count":5,"href":"https:\/\/amirlatam.com\/do\/wp-json\/wp\/v2\/product\/10412\/revisions"}],"predecessor-version":[{"id":11623,"href":"https:\/\/amirlatam.com\/do\/wp-json\/wp\/v2\/product\/10412\/revisions\/11623"}],"wp:featuredmedia":[{"embeddable":true,"href":"https:\/\/amirlatam.com\/do\/wp-json\/wp\/v2\/media\/10326"}],"wp:attachment":[{"href":"https:\/\/amirlatam.com\/do\/wp-json\/wp\/v2\/media?parent=10412"}],"wp:term":[{"taxonomy":"product_brand","embeddable":true,"href":"https:\/\/amirlatam.com\/do\/wp-json\/wp\/v2\/product_brand?post=10412"},{"taxonomy":"product_cat","embeddable":true,"href":"https:\/\/amirlatam.com\/do\/wp-json\/wp\/v2\/product_cat?post=10412"},{"taxonomy":"product_tag","embeddable":true,"href":"https:\/\/amirlatam.com\/do\/wp-json\/wp\/v2\/product_tag?post=10412"}],"curies":[{"name":"wp","href":"https:\/\/api.w.org\/{rel}","templated":true}]}}