{"id":1762,"date":"2023-07-30T11:57:41","date_gmt":"2023-07-30T15:57:41","guid":{"rendered":"https:\/\/amirlatam.com\/do\/?page_id=1762"},"modified":"2023-10-06T11:20:07","modified_gmt":"2023-10-06T15:20:07","slug":"politicas-de-privacidad","status":"publish","type":"page","link":"https:\/\/amirlatam.com\/do\/politicas-de-privacidad\/","title":{"rendered":"Pol\u00edticas de privacidad"},"content":{"rendered":"<h2 style=\"text-align: center;\">T\u00e9rminos y condiciones AMIR DO<\/h2>\n<p>Sobre los cursos matriculados:<\/p>\n<p>El estudiante solo podr\u00e1 llevar el curso en el que se encuentre debidamente matriculado, el estudiante debe verificar que se le envi\u00e9 el correo de bienvenida y cronograma del curso, as\u00ed como ser activado el d\u00eda que inicia el curso. En caso de que no aparezca activo debe comunicarlo al n\u00famero 829-725-9520 o al correo infodominicana@amireducacion.com Todo estudiante que desee matricular alg\u00fan curso fuera de su regi\u00f3n debe tener pasaporte al d\u00eda, y contar con los tr\u00e1mites de la homologaci\u00f3n para efectos de aplicaci\u00f3n de examen.<\/p>\n<p>En caso de querer aplicar para la garant\u00eda de repetici\u00f3n debe cumplir con al menos un 80% de participaci\u00f3n, estar al d\u00eda con los pagos y solicitarlo en la edici\u00f3n siguiente a la matriculada. De solicitarlo en ediciones posteriores NO aplicar\u00e1, adem\u00e1s al no cumplir con alguno de estos requisitos no podr\u00e1 aplicar el beneficio. La garant\u00eda de repetici\u00f3n es aplicable una sola vez y al solicitar la garant\u00eda de repetici\u00f3n se entiende que debe cancelar un monto por gastos administrativos que ser\u00e1 de aproximadamente de 300USD.<\/p>\n<p>En caso de tener pr\u00e1cticas presenciales el estudiante debe responsabilizarse del traslado, alimentaci\u00f3n y hospedaje.<\/p>\n<p>Material Did\u00e1tico AMIR:<\/p>\n<p>Queda prohibida la reproducci\u00f3n total o parcial del material acad\u00e9mico audiovisual, digital y escrito brindado en este curso, as\u00ed como su uso y comercializaci\u00f3n en cualquier forma, o por cualquier medio, ya sea electr\u00f3nico o mec\u00e1nico. incluyendo fotocopiado, grabaci\u00f3n, transmisi\u00f3n o cualquier sistema de almacenamiento y recuperaci\u00f3n, sin el permiso por escrito de Academia AMIR.<\/p>\n<p>Retiro y Congelamiento Justificado:<\/p>\n<p>El retiro o congelamiento justificado, es cuando el estudiante decide o debe retirar un curso matriculado formalmente. este tr\u00e1mite debe gestionarse al correo de infodominicana@amireducacion.com; Solicitando el documento oficial de retiro o congelamiento, adem\u00e1s adjuntar un documento o carta justificando el motivo, este tr\u00e1mite \u00fanicamente se podr\u00e1 efectuar en el periodo establecido no mayor a un mes:<\/p>\n<p>Los retiros justificados y sin penalizaci\u00f3n deben ser realizados antes que inicie el curso. En caso de matricular despu\u00e9s de iniciado el curso, el periodo de retiro o congelamiento ser\u00e1 de 15 d\u00edas posterior a la fecha de matr\u00edcula. Reintegro de dinero por retiro justificado:<\/p>\n<p>La devoluci\u00f3n de dinero se har\u00e1 seg\u00fan lo establecido en la normativa de la Academia.<\/p>\n<p>El estudiante al hacer el retiro antes del inicio de clases se le estar\u00e1 reconociendo el 100% de la totalidad de lo pagado.<\/p>\n<p>Si el retiro lo realiza antes de los 15 d\u00edas establecidos para retiro o congelamiento se rembolsara o reconoce el 80% del monto pagado del curso.<\/p>\n<p>Retiro Injustificado:<\/p>\n<p>El retiro injustificado se comprende en:<\/p>\n<p>&#8211; Abandono del curso.<\/p>\n<p>&#8211; No se hizo presento a pruebas y actividades del curso en las fechas prevista.<\/p>\n<p>&#8211; No se gestion\u00f3 el tr\u00e1mite en el tiempo y por el medio correcto.<\/p>\n<p>Para estos casos no existe la devoluci\u00f3n de montos pagados por concepto de matr\u00edcula o pago total del curso de acuerdo con la pol\u00edtica de la Academia, as\u00ed como tambi\u00e9n el estudiante debe pagar lo adeudada en caso de tener pendientes con la Academia, esto sin derecho de garant\u00eda de repetici\u00f3n, y si desea llevar el curso, debe adquirirlo nuevamente seg\u00fan oferta del curso.<\/p>\n<h2><\/h2>\n<h2 style=\"text-align: center;\"><strong>T\u00e9rminos y condiciones de seguridad<\/strong><\/h2>\n<p>Website:<\/p>\n<p>Tomamos todas las medidas y precauciones razonables para proteger tu informaci\u00f3n personal y seguimos las mejores pr\u00e1cticas de la industria para asegurar que tu informaci\u00f3n no sea utilizada de manera inapropiada, alterada o destruida.<\/p>\n<p>Ciframos la informaci\u00f3n de tu tarjeta de cr\u00e9dito utilizando la tecnolog\u00eda de capa de puertos seguros o Secure Sockets Layer (SSL), y la almacenamos con el cifrado AES-256. Tambi\u00e9n, seguimos todos los requerimientos del PCI-DSS.<\/p>\n<p>Pagos<\/p>\n<p>Los m\u00e9todos de pago utilizados por AMIR Rep\u00fablica Dominicana son servicios de terceros. Estos servicios de terceros, cumplen con todos los est\u00e1ndares de seguridad y cifrado para mantener tu informaci\u00f3n segura. Solo utilizar\u00e1n la informaci\u00f3n necesaria para completar el proceso requerido.<\/p>\n<p>Tambi\u00e9n recomendamos leer las Pol\u00edticas de Privacidad de estos proveedores, para entender mejor c\u00f3mo manejan la informaci\u00f3n suministrada.<\/p>\n<p><img decoding=\"async\" class=\"size-medium wp-image-10191 aligncenter\" src=\"https:\/\/amirlatam.com\/do\/wp-content\/uploads\/sites\/4\/2023\/10\/verified-visa-mastercard-2-300x101.png\" alt=\"\" width=\"300\" height=\"101\" srcset=\"https:\/\/amirlatam.com\/do\/wp-content\/uploads\/sites\/4\/2023\/10\/verified-visa-mastercard-2-300x101.png 300w, https:\/\/amirlatam.com\/do\/wp-content\/uploads\/sites\/4\/2023\/10\/verified-visa-mastercard-2-768x257.png 768w, https:\/\/amirlatam.com\/do\/wp-content\/uploads\/sites\/4\/2023\/10\/verified-visa-mastercard-2-600x201.png 600w, https:\/\/amirlatam.com\/do\/wp-content\/uploads\/sites\/4\/2023\/10\/verified-visa-mastercard-2.png 800w\" sizes=\"(max-width: 300px) 100vw, 300px\" \/><\/p>\n<p>&nbsp;<\/p>\n<p>&nbsp;<\/p>\n<h2 style=\"text-align: center;\"><strong>T\u00e9rminos y condiciones de entrega<\/strong><\/h2>\n<p>&nbsp;<\/p>\n<p style=\"text-align: left;\"><strong>Quienes reciben entrega:<\/strong><\/p>\n<p style=\"text-align: left;\">\u00danicamente se realizar\u00e1 entrega de manuales a los alumnos de los cursos ENURM y MIR, en todas sus<br \/>\nmodalidades.<\/p>\n<p style=\"text-align: left;\"><strong>Sobre la entrega:<\/strong><\/p>\n<p style=\"text-align: left;\">La misma ser\u00e1 coordinada por el departamento de Atenci\u00f3n al Alumno, a trav\u00e9s del correo infodominicana@amireducacion.com, o al n\u00famero 829-725-9520.<\/p>\n<p style=\"text-align: left;\">Podr\u00e1 gestionarse se manera presencial, acudiendo a nuestras oficinas ubicadas en el tercer nivel de Plaza Novo Centro. Subiendo las escaleras mec\u00e1nicas, a mano izquierda, donde dice CEF Santo Domingo. O bien, mediante mensajer\u00eda, cubriendo el costo total del envio, el cual variar\u00e1 dependiendo de la ubicaci\u00f3n.<\/p>\n<p>&nbsp;<\/p>\n","protected":false},"excerpt":{"rendered":"<p>T\u00e9rminos y condiciones AMIR DO Sobre los cursos matriculados: El estudiante solo podr\u00e1 llevar el curso en el que se encuentre debidamente matriculado, el estudiante debe verificar que se le envi\u00e9 el correo de bienvenida y cronograma del curso, as\u00ed como ser activado el d\u00eda que inicia el curso. En caso de que no aparezca [&hellip;]<\/p>\n","protected":false},"author":1,"featured_media":0,"parent":0,"menu_order":0,"comment_status":"closed","ping_status":"closed","template":"","meta":{"_acf_changed":false,"footnotes":""},"class_list":["post-1762","page","type-page","status-publish","hentry"],"acf":[],"yoast_head":"<!-- This site is optimized with the Yoast SEO Premium plugin v26.8 (Yoast SEO v26.8) - https:\/\/yoast.com\/product\/yoast-seo-premium-wordpress\/ -->\n<title>Pol\u00edticas de privacidad - Rep\u00fablica Dominicana<\/title>\n<meta name=\"robots\" content=\"index, follow, max-snippet:-1, max-image-preview:large, max-video-preview:-1\" \/>\n<link rel=\"canonical\" href=\"https:\/\/amirlatam.com\/do\/politicas-de-privacidad\/\" \/>\n<meta property=\"og:locale\" content=\"es_ES\" \/>\n<meta property=\"og:type\" content=\"article\" \/>\n<meta property=\"og:title\" content=\"Pol\u00edticas de privacidad\" \/>\n<meta property=\"og:description\" content=\"T\u00e9rminos y condiciones AMIR DO Sobre los cursos matriculados: El estudiante solo podr\u00e1 llevar el curso en el que se encuentre debidamente matriculado, el estudiante debe verificar que se le envi\u00e9 el correo de bienvenida y cronograma del curso, as\u00ed como ser activado el d\u00eda que inicia el curso. En caso de que no aparezca [&hellip;]\" \/>\n<meta property=\"og:url\" content=\"https:\/\/amirlatam.com\/do\/politicas-de-privacidad\/\" \/>\n<meta property=\"og:site_name\" content=\"Rep\u00fablica Dominicana\" \/>\n<meta property=\"article:modified_time\" content=\"2023-10-06T15:20:07+00:00\" \/>\n<meta property=\"og:image\" content=\"https:\/\/amirlatam.com\/do\/wp-content\/uploads\/sites\/4\/2023\/10\/verified-visa-mastercard-2-300x101.png\" \/>\n<meta name=\"twitter:card\" content=\"summary_large_image\" \/>\n<meta name=\"twitter:label1\" content=\"Tiempo de lectura\" \/>\n\t<meta name=\"twitter:data1\" content=\"4 minutos\" \/>\n<script type=\"application\/ld+json\" class=\"yoast-schema-graph\">{\"@context\":\"https:\/\/schema.org\",\"@graph\":[{\"@type\":\"WebPage\",\"@id\":\"https:\/\/amirlatam.com\/do\/politicas-de-privacidad\/\",\"url\":\"https:\/\/amirlatam.com\/do\/politicas-de-privacidad\/\",\"name\":\"Pol\u00edticas de privacidad - Rep\u00fablica Dominicana\",\"isPartOf\":{\"@id\":\"https:\/\/amirlatam.com\/do\/#website\"},\"primaryImageOfPage\":{\"@id\":\"https:\/\/amirlatam.com\/do\/politicas-de-privacidad\/#primaryimage\"},\"image\":{\"@id\":\"https:\/\/amirlatam.com\/do\/politicas-de-privacidad\/#primaryimage\"},\"thumbnailUrl\":\"https:\/\/amirlatam.com\/do\/wp-content\/uploads\/sites\/4\/2023\/10\/verified-visa-mastercard-2-300x101.png\",\"datePublished\":\"2023-07-30T15:57:41+00:00\",\"dateModified\":\"2023-10-06T15:20:07+00:00\",\"breadcrumb\":{\"@id\":\"https:\/\/amirlatam.com\/do\/politicas-de-privacidad\/#breadcrumb\"},\"inLanguage\":\"es\",\"potentialAction\":[{\"@type\":\"ReadAction\",\"target\":[\"https:\/\/amirlatam.com\/do\/politicas-de-privacidad\/\"]}]},{\"@type\":\"ImageObject\",\"inLanguage\":\"es\",\"@id\":\"https:\/\/amirlatam.com\/do\/politicas-de-privacidad\/#primaryimage\",\"url\":\"https:\/\/amirlatam.com\/do\/wp-content\/uploads\/sites\/4\/2023\/10\/verified-visa-mastercard-2.png\",\"contentUrl\":\"https:\/\/amirlatam.com\/do\/wp-content\/uploads\/sites\/4\/2023\/10\/verified-visa-mastercard-2.png\",\"width\":800,\"height\":268},{\"@type\":\"BreadcrumbList\",\"@id\":\"https:\/\/amirlatam.com\/do\/politicas-de-privacidad\/#breadcrumb\",\"itemListElement\":[{\"@type\":\"ListItem\",\"position\":1,\"name\":\"Portada\",\"item\":\"https:\/\/amirlatam.com\/do\/\"},{\"@type\":\"ListItem\",\"position\":2,\"name\":\"Pol\u00edticas de privacidad\"}]},{\"@type\":\"WebSite\",\"@id\":\"https:\/\/amirlatam.com\/do\/#website\",\"url\":\"https:\/\/amirlatam.com\/do\/\",\"name\":\"Rep\u00fablica Dominicana\",\"description\":\"AMIR Latinoam\u00e9rica\",\"publisher\":{\"@id\":\"https:\/\/amirlatam.com\/do\/#organization\"},\"potentialAction\":[{\"@type\":\"SearchAction\",\"target\":{\"@type\":\"EntryPoint\",\"urlTemplate\":\"https:\/\/amirlatam.com\/do\/?s={search_term_string}\"},\"query-input\":{\"@type\":\"PropertyValueSpecification\",\"valueRequired\":true,\"valueName\":\"search_term_string\"}}],\"inLanguage\":\"es\"},{\"@type\":\"Organization\",\"@id\":\"https:\/\/amirlatam.com\/do\/#organization\",\"name\":\"Rep\u00fablica Dominicana\",\"url\":\"https:\/\/amirlatam.com\/do\/\",\"logo\":{\"@type\":\"ImageObject\",\"inLanguage\":\"es\",\"@id\":\"https:\/\/amirlatam.com\/do\/#\/schema\/logo\/image\/\",\"url\":\"https:\/\/amirlatam.com\/do\/wp-content\/uploads\/sites\/4\/2023\/06\/Logo.png\",\"contentUrl\":\"https:\/\/amirlatam.com\/do\/wp-content\/uploads\/sites\/4\/2023\/06\/Logo.png\",\"width\":676,\"height\":200,\"caption\":\"Rep\u00fablica Dominicana\"},\"image\":{\"@id\":\"https:\/\/amirlatam.com\/do\/#\/schema\/logo\/image\/\"}}]}<\/script>\n<!-- \/ Yoast SEO Premium plugin. -->","yoast_head_json":{"title":"Pol\u00edticas de privacidad - Rep\u00fablica Dominicana","robots":{"index":"index","follow":"follow","max-snippet":"max-snippet:-1","max-image-preview":"max-image-preview:large","max-video-preview":"max-video-preview:-1"},"canonical":"https:\/\/amirlatam.com\/do\/politicas-de-privacidad\/","og_locale":"es_ES","og_type":"article","og_title":"Pol\u00edticas de privacidad","og_description":"T\u00e9rminos y condiciones AMIR DO Sobre los cursos matriculados: El estudiante solo podr\u00e1 llevar el curso en el que se encuentre debidamente matriculado, el estudiante debe verificar que se le envi\u00e9 el correo de bienvenida y cronograma del curso, as\u00ed como ser activado el d\u00eda que inicia el curso. En caso de que no aparezca [&hellip;]","og_url":"https:\/\/amirlatam.com\/do\/politicas-de-privacidad\/","og_site_name":"Rep\u00fablica Dominicana","article_modified_time":"2023-10-06T15:20:07+00:00","og_image":[{"url":"https:\/\/amirlatam.com\/do\/wp-content\/uploads\/sites\/4\/2023\/10\/verified-visa-mastercard-2-300x101.png","type":"","width":"","height":""}],"twitter_card":"summary_large_image","twitter_misc":{"Tiempo de lectura":"4 minutos"},"schema":{"@context":"https:\/\/schema.org","@graph":[{"@type":"WebPage","@id":"https:\/\/amirlatam.com\/do\/politicas-de-privacidad\/","url":"https:\/\/amirlatam.com\/do\/politicas-de-privacidad\/","name":"Pol\u00edticas de privacidad - Rep\u00fablica Dominicana","isPartOf":{"@id":"https:\/\/amirlatam.com\/do\/#website"},"primaryImageOfPage":{"@id":"https:\/\/amirlatam.com\/do\/politicas-de-privacidad\/#primaryimage"},"image":{"@id":"https:\/\/amirlatam.com\/do\/politicas-de-privacidad\/#primaryimage"},"thumbnailUrl":"https:\/\/amirlatam.com\/do\/wp-content\/uploads\/sites\/4\/2023\/10\/verified-visa-mastercard-2-300x101.png","datePublished":"2023-07-30T15:57:41+00:00","dateModified":"2023-10-06T15:20:07+00:00","breadcrumb":{"@id":"https:\/\/amirlatam.com\/do\/politicas-de-privacidad\/#breadcrumb"},"inLanguage":"es","potentialAction":[{"@type":"ReadAction","target":["https:\/\/amirlatam.com\/do\/politicas-de-privacidad\/"]}]},{"@type":"ImageObject","inLanguage":"es","@id":"https:\/\/amirlatam.com\/do\/politicas-de-privacidad\/#primaryimage","url":"https:\/\/amirlatam.com\/do\/wp-content\/uploads\/sites\/4\/2023\/10\/verified-visa-mastercard-2.png","contentUrl":"https:\/\/amirlatam.com\/do\/wp-content\/uploads\/sites\/4\/2023\/10\/verified-visa-mastercard-2.png","width":800,"height":268},{"@type":"BreadcrumbList","@id":"https:\/\/amirlatam.com\/do\/politicas-de-privacidad\/#breadcrumb","itemListElement":[{"@type":"ListItem","position":1,"name":"Portada","item":"https:\/\/amirlatam.com\/do\/"},{"@type":"ListItem","position":2,"name":"Pol\u00edticas de privacidad"}]},{"@type":"WebSite","@id":"https:\/\/amirlatam.com\/do\/#website","url":"https:\/\/amirlatam.com\/do\/","name":"Rep\u00fablica Dominicana","description":"AMIR Latinoam\u00e9rica","publisher":{"@id":"https:\/\/amirlatam.com\/do\/#organization"},"potentialAction":[{"@type":"SearchAction","target":{"@type":"EntryPoint","urlTemplate":"https:\/\/amirlatam.com\/do\/?s={search_term_string}"},"query-input":{"@type":"PropertyValueSpecification","valueRequired":true,"valueName":"search_term_string"}}],"inLanguage":"es"},{"@type":"Organization","@id":"https:\/\/amirlatam.com\/do\/#organization","name":"Rep\u00fablica Dominicana","url":"https:\/\/amirlatam.com\/do\/","logo":{"@type":"ImageObject","inLanguage":"es","@id":"https:\/\/amirlatam.com\/do\/#\/schema\/logo\/image\/","url":"https:\/\/amirlatam.com\/do\/wp-content\/uploads\/sites\/4\/2023\/06\/Logo.png","contentUrl":"https:\/\/amirlatam.com\/do\/wp-content\/uploads\/sites\/4\/2023\/06\/Logo.png","width":676,"height":200,"caption":"Rep\u00fablica Dominicana"},"image":{"@id":"https:\/\/amirlatam.com\/do\/#\/schema\/logo\/image\/"}}]}},"_links":{"self":[{"href":"https:\/\/amirlatam.com\/do\/wp-json\/wp\/v2\/pages\/1762","targetHints":{"allow":["GET"]}}],"collection":[{"href":"https:\/\/amirlatam.com\/do\/wp-json\/wp\/v2\/pages"}],"about":[{"href":"https:\/\/amirlatam.com\/do\/wp-json\/wp\/v2\/types\/page"}],"author":[{"embeddable":true,"href":"https:\/\/amirlatam.com\/do\/wp-json\/wp\/v2\/users\/1"}],"replies":[{"embeddable":true,"href":"https:\/\/amirlatam.com\/do\/wp-json\/wp\/v2\/comments?post=1762"}],"version-history":[{"count":5,"href":"https:\/\/amirlatam.com\/do\/wp-json\/wp\/v2\/pages\/1762\/revisions"}],"predecessor-version":[{"id":10193,"href":"https:\/\/amirlatam.com\/do\/wp-json\/wp\/v2\/pages\/1762\/revisions\/10193"}],"wp:attachment":[{"href":"https:\/\/amirlatam.com\/do\/wp-json\/wp\/v2\/media?parent=1762"}],"curies":[{"name":"wp","href":"https:\/\/api.w.org\/{rel}","templated":true}]}}