{"id":10201,"date":"2023-10-10T11:36:25","date_gmt":"2023-10-10T15:36:25","guid":{"rendered":"https:\/\/amirlatam.com\/do\/?page_id=10201"},"modified":"2023-10-30T12:29:43","modified_gmt":"2023-10-30T16:29:43","slug":"pasarela-de-pago","status":"publish","type":"page","link":"https:\/\/amirlatam.com\/do\/pasarela-de-pago\/","title":{"rendered":"Pagina de Pago"},"content":{"rendered":"\t\t<div data-elementor-type=\"wp-page\" data-elementor-id=\"10201\" class=\"elementor elementor-10201\" data-elementor-settings=\"{&quot;ha_cmc_init_switcher&quot;:&quot;no&quot;}\" data-elementor-post-type=\"page\">\n\t\t\t\t<div class=\"elementor-element elementor-element-9f73a54 e-flex e-con-boxed e-con e-parent\" data-id=\"9f73a54\" data-element_type=\"container\" data-e-type=\"container\" data-settings=\"{&quot;background_background&quot;:&quot;classic&quot;,&quot;_ha_eqh_enable&quot;:false}\">\n\t\t\t\t\t<div class=\"e-con-inner\">\n\t\t\t\t<div class=\"elementor-element elementor-element-3f3ddc8 elementor-widget__width-inherit elementor-widget elementor-widget-heading\" data-id=\"3f3ddc8\" data-element_type=\"widget\" data-e-type=\"widget\" data-widget_type=\"heading.default\">\n\t\t\t\t<div class=\"elementor-widget-container\">\n\t\t\t\t\t<h1 class=\"elementor-heading-title elementor-size-default\">Confirmaci\u00f3n de Pago\n<\/h1>\t\t\t\t<\/div>\n\t\t\t\t<\/div>\n\t\t\t\t<div class=\"elementor-element elementor-element-e437ddc elementor-widget__width-inherit elementor-widget elementor-widget-text-editor\" data-id=\"e437ddc\" data-element_type=\"widget\" data-e-type=\"widget\" data-widget_type=\"text-editor.default\">\n\t\t\t\t<div class=\"elementor-widget-container\">\n\t\t\t\t\t\t\t\t\t<p>\u00a1Est\u00e1s a solo un paso de completar tu compra!<\/p>\t\t\t\t\t\t\t\t<\/div>\n\t\t\t\t<\/div>\n\t\t\t\t\t<\/div>\n\t\t\t\t<\/div>\n\t\t<div class=\"elementor-element elementor-element-daa6154 e-flex e-con-boxed e-con e-parent\" data-id=\"daa6154\" data-element_type=\"container\" data-e-type=\"container\" data-settings=\"{&quot;_ha_eqh_enable&quot;:false}\">\n\t\t\t\t\t<div class=\"e-con-inner\">\n\t\t\t\t<div class=\"elementor-element elementor-element-9ea7b59 elementor-widget elementor-widget-text-editor\" data-id=\"9ea7b59\" data-element_type=\"widget\" data-e-type=\"widget\" data-widget_type=\"text-editor.default\">\n\t\t\t\t<div class=\"elementor-widget-container\">\n\t\t\t\t\t\t\t\t\t<p>Para garantizar la seguridad y la confidencialidad de tus datos, ser\u00e1s redirigido a la plataforma de pago de nuestro banco asociado. Por favor, haz clic en bot\u00f3n para continuar con el pago.<\/p>\t\t\t\t\t\t\t\t<\/div>\n\t\t\t\t<\/div>\n\t\t\t\t<div class=\"elementor-element elementor-element-f69d3d6 elementor-widget__width-initial elementor-widget elementor-widget-shortcode\" data-id=\"f69d3d6\" data-element_type=\"widget\" data-e-type=\"widget\" data-widget_type=\"shortcode.default\">\n\t\t\t\t<div class=\"elementor-widget-container\">\n\t\t\t\t\t\t\t<div class=\"elementor-shortcode\"><h4><\/h4><form id=\"payment\" name=\"payment\" method=\"post\" action=\"https:\/\/pagos.azul.com.do\/PaymentPage\/Default.aspx\"><input type=\"hidden\" name=\"MerchantId\" value=\"\"><input type=\"hidden\" name=\"MerchantName\" value=\"\"><input type=\"hidden\" name=\"MerchantType\" value=\"\"><input type=\"hidden\" name=\"CurrencyCode\" value=\"\"><input type=\"hidden\" name=\"ITBIS\" value=\"\"><input type=\"hidden\" name=\"ApprovedUrl\" value=\"\"><input type=\"hidden\" name=\"DeclinedUrl\" value=\"\"><input type=\"hidden\" name=\"CancelUrl\" value=\"\"><input type=\"hidden\" name=\"UseCustomField1\" value=\"0\"><input type=\"hidden\" name=\"CustomField1Label\" value=\"\"><input type=\"hidden\" name=\"CustomField1Value\" value=\"\"><input type=\"hidden\" name=\"UseCustomField2\" value=\"0\"><input type=\"hidden\" name=\"CustomField2Label\" value=\"\"><input type=\"hidden\" name=\"CustomField2Value\" value=\"\"><input type=\"hidden\" name=\"OrderNumber\" value=\"\"><input type=\"hidden\" name=\"Amount\" value=\"0\"><input type=\"hidden\" name=\"ShowTransactionResult\" value=\"0\"><input type=\"hidden\" name=\"SaveToDataVault\" id=\"SaveToDataVault\" value=\"\"><input type=\"hidden\" name=\"AuthHash\" value=\"0dfb5e7786c28ffabf9188a3aa33c04e1bfce906af2564da9aca6d09200d190cbcbdc1d511e2fde95ebd7c4af0306d23851edce0767247fb1b6c8d5916bc33ac\">\t<button class=\"btn\">Realizar Pago<\/button><\/form><!--<script>document.getElementById('payment').submit();<\/script>--><\/div>\n\t\t\t\t\t\t<\/div>\n\t\t\t\t<\/div>\n\t\t\t\t<div class=\"elementor-element elementor-element-38d6218 elementor-widget elementor-widget-text-editor\" data-id=\"38d6218\" data-element_type=\"widget\" data-e-type=\"widget\" data-widget_type=\"text-editor.default\">\n\t\t\t\t<div class=\"elementor-widget-container\">\n\t\t\t\t\t\t\t\t\t<ol><li><strong>Haz clic en el bot\u00f3n \u00abRealizar Pago\u00bb<\/strong> que encontrar\u00e1s a continuaci\u00f3n.<\/li><li>Ser\u00e1s llevado a la p\u00e1gina segura de pagos de nuestro banco.<\/li><li>Introduce los detalles de tu tarjeta de cr\u00e9dito o d\u00e9bito y cualquier otra informaci\u00f3n requerida.<\/li><li>Confirma tu pago.<\/li><\/ol><p>\u00a0<\/p><p>Una vez completado el proceso de pago, recibir\u00e1s una confirmaci\u00f3n por correo electr\u00f3nico con los detalles de tu pedido. En caso de que necesites asistencia o tengas alguna pregunta, no dudes en <a href=\"https:\/\/api.whatsapp.com\/send?phone=18297259520\">contactarnos<\/a>.<\/p><p><strong>Nota Importante:<\/strong> No cierres ni actualices la p\u00e1gina hasta que el proceso de pago se haya completado para evitar errores o interrupciones en la transacci\u00f3n.<\/p><p><!-- Aseg\u00farate de reemplazar #linkContacto con el enlace real a tu p\u00e1gina de contacto --><\/p>\t\t\t\t\t\t\t\t<\/div>\n\t\t\t\t<\/div>\n\t\t\t\t\t<\/div>\n\t\t\t\t<\/div>\n\t\t\t\t<\/div>\n\t\t","protected":false},"excerpt":{"rendered":"<p>Confirmaci\u00f3n de Pago \u00a1Est\u00e1s a solo un paso de completar tu compra! Para garantizar la seguridad y la confidencialidad de tus datos, ser\u00e1s redirigido a la plataforma de pago de nuestro banco asociado. Por favor, haz clic en bot\u00f3n para continuar con el pago. Haz clic en el bot\u00f3n \u00abRealizar Pago\u00bb que encontrar\u00e1s a continuaci\u00f3n. [&hellip;]<\/p>\n","protected":false},"author":1,"featured_media":0,"parent":0,"menu_order":0,"comment_status":"closed","ping_status":"closed","template":"","meta":{"_acf_changed":false,"footnotes":""},"class_list":["post-10201","page","type-page","status-publish","hentry"],"acf":[],"yoast_head":"<!-- This site is optimized with the Yoast SEO Premium plugin v26.8 (Yoast SEO v26.8) - https:\/\/yoast.com\/product\/yoast-seo-premium-wordpress\/ -->\n<title>Pagina de Pago - Rep\u00fablica Dominicana<\/title>\n<meta name=\"robots\" content=\"index, follow, max-snippet:-1, max-image-preview:large, max-video-preview:-1\" \/>\n<link rel=\"canonical\" href=\"https:\/\/amirlatam.com\/do\/pasarela-de-pago\/\" \/>\n<meta property=\"og:locale\" content=\"es_ES\" \/>\n<meta property=\"og:type\" content=\"article\" \/>\n<meta property=\"og:title\" content=\"Pagina de Pago\" \/>\n<meta property=\"og:description\" content=\"Confirmaci\u00f3n de Pago \u00a1Est\u00e1s a solo un paso de completar tu compra! Para garantizar la seguridad y la confidencialidad de tus datos, ser\u00e1s redirigido a la plataforma de pago de nuestro banco asociado. Por favor, haz clic en bot\u00f3n para continuar con el pago. Haz clic en el bot\u00f3n \u00abRealizar Pago\u00bb que encontrar\u00e1s a continuaci\u00f3n. [&hellip;]\" \/>\n<meta property=\"og:url\" content=\"https:\/\/amirlatam.com\/do\/pasarela-de-pago\/\" \/>\n<meta property=\"og:site_name\" content=\"Rep\u00fablica Dominicana\" \/>\n<meta property=\"article:modified_time\" content=\"2023-10-30T16:29:43+00:00\" \/>\n<meta name=\"twitter:card\" content=\"summary_large_image\" \/>\n<meta name=\"twitter:label1\" content=\"Tiempo de lectura\" \/>\n\t<meta name=\"twitter:data1\" content=\"1 minuto\" \/>\n<script type=\"application\/ld+json\" class=\"yoast-schema-graph\">{\"@context\":\"https:\/\/schema.org\",\"@graph\":[{\"@type\":\"WebPage\",\"@id\":\"https:\/\/amirlatam.com\/do\/pasarela-de-pago\/\",\"url\":\"https:\/\/amirlatam.com\/do\/pasarela-de-pago\/\",\"name\":\"Pagina de Pago - Rep\u00fablica Dominicana\",\"isPartOf\":{\"@id\":\"https:\/\/amirlatam.com\/do\/#website\"},\"datePublished\":\"2023-10-10T15:36:25+00:00\",\"dateModified\":\"2023-10-30T16:29:43+00:00\",\"breadcrumb\":{\"@id\":\"https:\/\/amirlatam.com\/do\/pasarela-de-pago\/#breadcrumb\"},\"inLanguage\":\"es\",\"potentialAction\":[{\"@type\":\"ReadAction\",\"target\":[\"https:\/\/amirlatam.com\/do\/pasarela-de-pago\/\"]}]},{\"@type\":\"BreadcrumbList\",\"@id\":\"https:\/\/amirlatam.com\/do\/pasarela-de-pago\/#breadcrumb\",\"itemListElement\":[{\"@type\":\"ListItem\",\"position\":1,\"name\":\"Portada\",\"item\":\"https:\/\/amirlatam.com\/do\/\"},{\"@type\":\"ListItem\",\"position\":2,\"name\":\"Pagina de Pago\"}]},{\"@type\":\"WebSite\",\"@id\":\"https:\/\/amirlatam.com\/do\/#website\",\"url\":\"https:\/\/amirlatam.com\/do\/\",\"name\":\"Rep\u00fablica Dominicana\",\"description\":\"AMIR Latinoam\u00e9rica\",\"publisher\":{\"@id\":\"https:\/\/amirlatam.com\/do\/#organization\"},\"potentialAction\":[{\"@type\":\"SearchAction\",\"target\":{\"@type\":\"EntryPoint\",\"urlTemplate\":\"https:\/\/amirlatam.com\/do\/?s={search_term_string}\"},\"query-input\":{\"@type\":\"PropertyValueSpecification\",\"valueRequired\":true,\"valueName\":\"search_term_string\"}}],\"inLanguage\":\"es\"},{\"@type\":\"Organization\",\"@id\":\"https:\/\/amirlatam.com\/do\/#organization\",\"name\":\"Rep\u00fablica Dominicana\",\"url\":\"https:\/\/amirlatam.com\/do\/\",\"logo\":{\"@type\":\"ImageObject\",\"inLanguage\":\"es\",\"@id\":\"https:\/\/amirlatam.com\/do\/#\/schema\/logo\/image\/\",\"url\":\"https:\/\/amirlatam.com\/do\/wp-content\/uploads\/sites\/4\/2023\/06\/Logo.png\",\"contentUrl\":\"https:\/\/amirlatam.com\/do\/wp-content\/uploads\/sites\/4\/2023\/06\/Logo.png\",\"width\":676,\"height\":200,\"caption\":\"Rep\u00fablica Dominicana\"},\"image\":{\"@id\":\"https:\/\/amirlatam.com\/do\/#\/schema\/logo\/image\/\"}}]}<\/script>\n<!-- \/ Yoast SEO Premium plugin. -->","yoast_head_json":{"title":"Pagina de Pago - Rep\u00fablica Dominicana","robots":{"index":"index","follow":"follow","max-snippet":"max-snippet:-1","max-image-preview":"max-image-preview:large","max-video-preview":"max-video-preview:-1"},"canonical":"https:\/\/amirlatam.com\/do\/pasarela-de-pago\/","og_locale":"es_ES","og_type":"article","og_title":"Pagina de Pago","og_description":"Confirmaci\u00f3n de Pago \u00a1Est\u00e1s a solo un paso de completar tu compra! Para garantizar la seguridad y la confidencialidad de tus datos, ser\u00e1s redirigido a la plataforma de pago de nuestro banco asociado. Por favor, haz clic en bot\u00f3n para continuar con el pago. Haz clic en el bot\u00f3n \u00abRealizar Pago\u00bb que encontrar\u00e1s a continuaci\u00f3n. [&hellip;]","og_url":"https:\/\/amirlatam.com\/do\/pasarela-de-pago\/","og_site_name":"Rep\u00fablica Dominicana","article_modified_time":"2023-10-30T16:29:43+00:00","twitter_card":"summary_large_image","twitter_misc":{"Tiempo de lectura":"1 minuto"},"schema":{"@context":"https:\/\/schema.org","@graph":[{"@type":"WebPage","@id":"https:\/\/amirlatam.com\/do\/pasarela-de-pago\/","url":"https:\/\/amirlatam.com\/do\/pasarela-de-pago\/","name":"Pagina de Pago - Rep\u00fablica Dominicana","isPartOf":{"@id":"https:\/\/amirlatam.com\/do\/#website"},"datePublished":"2023-10-10T15:36:25+00:00","dateModified":"2023-10-30T16:29:43+00:00","breadcrumb":{"@id":"https:\/\/amirlatam.com\/do\/pasarela-de-pago\/#breadcrumb"},"inLanguage":"es","potentialAction":[{"@type":"ReadAction","target":["https:\/\/amirlatam.com\/do\/pasarela-de-pago\/"]}]},{"@type":"BreadcrumbList","@id":"https:\/\/amirlatam.com\/do\/pasarela-de-pago\/#breadcrumb","itemListElement":[{"@type":"ListItem","position":1,"name":"Portada","item":"https:\/\/amirlatam.com\/do\/"},{"@type":"ListItem","position":2,"name":"Pagina de Pago"}]},{"@type":"WebSite","@id":"https:\/\/amirlatam.com\/do\/#website","url":"https:\/\/amirlatam.com\/do\/","name":"Rep\u00fablica Dominicana","description":"AMIR Latinoam\u00e9rica","publisher":{"@id":"https:\/\/amirlatam.com\/do\/#organization"},"potentialAction":[{"@type":"SearchAction","target":{"@type":"EntryPoint","urlTemplate":"https:\/\/amirlatam.com\/do\/?s={search_term_string}"},"query-input":{"@type":"PropertyValueSpecification","valueRequired":true,"valueName":"search_term_string"}}],"inLanguage":"es"},{"@type":"Organization","@id":"https:\/\/amirlatam.com\/do\/#organization","name":"Rep\u00fablica Dominicana","url":"https:\/\/amirlatam.com\/do\/","logo":{"@type":"ImageObject","inLanguage":"es","@id":"https:\/\/amirlatam.com\/do\/#\/schema\/logo\/image\/","url":"https:\/\/amirlatam.com\/do\/wp-content\/uploads\/sites\/4\/2023\/06\/Logo.png","contentUrl":"https:\/\/amirlatam.com\/do\/wp-content\/uploads\/sites\/4\/2023\/06\/Logo.png","width":676,"height":200,"caption":"Rep\u00fablica Dominicana"},"image":{"@id":"https:\/\/amirlatam.com\/do\/#\/schema\/logo\/image\/"}}]}},"_links":{"self":[{"href":"https:\/\/amirlatam.com\/do\/wp-json\/wp\/v2\/pages\/10201","targetHints":{"allow":["GET"]}}],"collection":[{"href":"https:\/\/amirlatam.com\/do\/wp-json\/wp\/v2\/pages"}],"about":[{"href":"https:\/\/amirlatam.com\/do\/wp-json\/wp\/v2\/types\/page"}],"author":[{"embeddable":true,"href":"https:\/\/amirlatam.com\/do\/wp-json\/wp\/v2\/users\/1"}],"replies":[{"embeddable":true,"href":"https:\/\/amirlatam.com\/do\/wp-json\/wp\/v2\/comments?post=10201"}],"version-history":[{"count":29,"href":"https:\/\/amirlatam.com\/do\/wp-json\/wp\/v2\/pages\/10201\/revisions"}],"predecessor-version":[{"id":10284,"href":"https:\/\/amirlatam.com\/do\/wp-json\/wp\/v2\/pages\/10201\/revisions\/10284"}],"wp:attachment":[{"href":"https:\/\/amirlatam.com\/do\/wp-json\/wp\/v2\/media?parent=10201"}],"curies":[{"name":"wp","href":"https:\/\/api.w.org\/{rel}","templated":true}]}}