{"id":2407,"date":"2023-08-12T09:52:11","date_gmt":"2023-08-12T13:52:11","guid":{"rendered":"https:\/\/amirlatam.com\/co\/?post_type=product&#038;p=2407"},"modified":"2025-12-10T15:53:57","modified_gmt":"2025-12-10T19:53:57","slug":"mir-abril-online","status":"publish","type":"product","link":"https:\/\/amirlatam.com\/co\/cursos\/acceso-a-especialidades\/mir\/abril\/mir-abril-online\/","title":{"rendered":"Curso MIR Abril Online | Amir Colombia"},"content":{"rendered":"\t\t<div data-elementor-type=\"container\" data-elementor-id=\"2265\" class=\"elementor elementor-2265\" data-elementor-settings=\"{&quot;ha_cmc_init_switcher&quot;:&quot;no&quot;}\" data-elementor-post-type=\"elementor_library\">\n\t\t\t\t<div class=\"elementor-element elementor-element-278d498 e-flex e-con-boxed e-con e-parent\" data-id=\"278d498\" data-element_type=\"container\" data-e-type=\"container\" data-settings=\"{&quot;_ha_eqh_enable&quot;:false}\">\n\t\t\t\t\t<div class=\"e-con-inner\">\n\t\t\t\t<div class=\"elementor-element elementor-element-a482c9 elementor-widget elementor-widget-text-editor\" data-id=\"a482c9\" data-element_type=\"widget\" data-e-type=\"widget\" data-widget_type=\"text-editor.default\">\n\t\t\t\t<div class=\"elementor-widget-container\">\n\t\t\t\t\t\t\t\t\t<h3 class=\"zw-paragraph\" data-textformat=\"{&quot;fw&quot;:&quot;none&quot;,&quot;fgc&quot;:&quot;rgb(255,0,0)&quot;,&quot;type&quot;:&quot;text&quot;}\" data-margin-bottom=\"0pt\" data-line-height=\"1\" data-doc-id=\"7619623000000053004\" data-doc-type=\"writer\"><strong>Metodolog\u00eda Y Fases:<\/strong><\/h3><p class=\"zw-paragraph\" data-textformat=\"{&quot;fw&quot;:&quot;none&quot;,&quot;fgc&quot;:&quot;rgb(255,0,0)&quot;,&quot;type&quot;:&quot;text&quot;}\" data-margin-bottom=\"0pt\" data-line-height=\"1\" data-doc-id=\"7619623000000053004\" data-doc-type=\"writer\"><span data-doc-id=\"7619623000000060005\" data-doc-type=\"writer\">En AMIR hemos desarrollado desde nuestros inicios, hace ya m\u00e1s de 15<\/span>\u00a0a\u00f1os, un m\u00e9todo\u00a0contrastado de preparaci\u00f3n del examen MIR. Sus\u00a0pilares son la programaci\u00f3n del curso,\u00a0estructurado en un calendario por\u00a0fases, clases con un estilo docente propio que \u201chace f\u00e1cil lo\u00a0dif\u00edcil\u201d, para\u00a0que los alumnos entiendan los conceptos m\u00e9dicos fundamentales,\u00a0desarrollen el\u00a0razonamiento cl\u00ednico y l\u00f3gico, y la memoria a largo plazo y\u00a0se entrenen, mediante nuestro sistema\u00a0de simulacros, en la t\u00e9cnica del\u00a0examen, todo esto acompa\u00f1ado de un seguimiento personalizado<\/p>\t\t\t\t\t\t\t\t<\/div>\n\t\t\t\t<\/div>\n\t\t\t\t<div class=\"elementor-element elementor-element-15db1170 elementor-widget elementor-widget-accordion\" data-id=\"15db1170\" data-element_type=\"widget\" data-e-type=\"widget\" data-widget_type=\"accordion.default\">\n\t\t\t\t<div class=\"elementor-widget-container\">\n\t\t\t\t\t\t\t<div class=\"elementor-accordion\">\n\t\t\t\t\t\t\t<div class=\"elementor-accordion-item\">\n\t\t\t\t\t<div id=\"elementor-tab-title-3661\" class=\"elementor-tab-title\" data-tab=\"1\" role=\"button\" aria-controls=\"elementor-tab-content-3661\" aria-expanded=\"false\">\n\t\t\t\t\t\t\t\t\t\t\t\t\t<span class=\"elementor-accordion-icon elementor-accordion-icon-left\" aria-hidden=\"true\">\n\t\t\t\t\t\t\t\t\t\t\t\t\t\t\t<span class=\"elementor-accordion-icon-closed\"><i class=\"fas fa-plus\"><\/i><\/span>\n\t\t\t\t\t\t\t\t<span class=\"elementor-accordion-icon-opened\"><i class=\"fas fa-minus\"><\/i><\/span>\n\t\t\t\t\t\t\t\t\t\t\t\t\t\t<\/span>\n\t\t\t\t\t\t\t\t\t\t\t\t<a class=\"elementor-accordion-title\" tabindex=\"0\">Fase de contacto<\/a>\n\t\t\t\t\t<\/div>\n\t\t\t\t\t<div id=\"elementor-tab-content-3661\" class=\"elementor-tab-content elementor-clearfix\" data-tab=\"1\" role=\"region\" aria-labelledby=\"elementor-tab-title-3661\"><p><span data-doc-id=\"7619623000000060005\" data-doc-type=\"writer\">Abarca de septiembre-octubre a junio <\/span>en esta fase el alumno sigue un minucioso calendario donde se programan todas las actividades v\u00eda AMIR TV: clases semanales, simulacros, tutor\u00edas de grupo y tutor\u00edas especiales. Las clases se centran en los temas b\u00e1sicos y m\u00e1s preguntados del MIR.<\/p><\/div>\n\t\t\t\t<\/div>\n\t\t\t\t\t\t\t<div class=\"elementor-accordion-item\">\n\t\t\t\t\t<div id=\"elementor-tab-title-3662\" class=\"elementor-tab-title\" data-tab=\"2\" role=\"button\" aria-controls=\"elementor-tab-content-3662\" aria-expanded=\"false\">\n\t\t\t\t\t\t\t\t\t\t\t\t\t<span class=\"elementor-accordion-icon elementor-accordion-icon-left\" aria-hidden=\"true\">\n\t\t\t\t\t\t\t\t\t\t\t\t\t\t\t<span class=\"elementor-accordion-icon-closed\"><i class=\"fas fa-plus\"><\/i><\/span>\n\t\t\t\t\t\t\t\t<span class=\"elementor-accordion-icon-opened\"><i class=\"fas fa-minus\"><\/i><\/span>\n\t\t\t\t\t\t\t\t\t\t\t\t\t\t<\/span>\n\t\t\t\t\t\t\t\t\t\t\t\t<a class=\"elementor-accordion-title\" tabindex=\"0\">Fase de Consolidaci\u00f3n I<\/a>\n\t\t\t\t\t<\/div>\n\t\t\t\t\t<div id=\"elementor-tab-content-3662\" class=\"elementor-tab-content elementor-clearfix\" data-tab=\"2\" role=\"region\" aria-labelledby=\"elementor-tab-title-3662\"><p><span data-doc-id=\"7619623000000060005\" data-doc-type=\"writer\">Es la etapa m\u00e1s exigente en cuanto al estudio. Comienza a finales de junio o inicios de Julio en funci\u00f3n de los <\/span>examenes de cada sede y termina la primera semana de noviembre. En esta etapa se mantienen las actividades v\u00eda AMIR TV: clases semanales centradas en los aspectos m\u00e1s complejos o minuciosos del MIR, simulacros, tutor\u00edas de grupo y trabajo intenso con el Libro Gordo de preguntas MIR.<\/p><\/div>\n\t\t\t\t<\/div>\n\t\t\t\t\t\t\t<div class=\"elementor-accordion-item\">\n\t\t\t\t\t<div id=\"elementor-tab-title-3663\" class=\"elementor-tab-title\" data-tab=\"3\" role=\"button\" aria-controls=\"elementor-tab-content-3663\" aria-expanded=\"false\">\n\t\t\t\t\t\t\t\t\t\t\t\t\t<span class=\"elementor-accordion-icon elementor-accordion-icon-left\" aria-hidden=\"true\">\n\t\t\t\t\t\t\t\t\t\t\t\t\t\t\t<span class=\"elementor-accordion-icon-closed\"><i class=\"fas fa-plus\"><\/i><\/span>\n\t\t\t\t\t\t\t\t<span class=\"elementor-accordion-icon-opened\"><i class=\"fas fa-minus\"><\/i><\/span>\n\t\t\t\t\t\t\t\t\t\t\t\t\t\t<\/span>\n\t\t\t\t\t\t\t\t\t\t\t\t<a class=\"elementor-accordion-title\" tabindex=\"0\">Fase de Consolidaci\u00f3n II<\/a>\n\t\t\t\t\t<\/div>\n\t\t\t\t\t<div id=\"elementor-tab-content-3663\" class=\"elementor-tab-content elementor-clearfix\" data-tab=\"3\" role=\"region\" aria-labelledby=\"elementor-tab-title-3663\"><p><span data-doc-id=\"7619623000000060005\" data-doc-type=\"writer\">Su duraci\u00f3n es variable en funci\u00f3n de la fecha oficial del MIR de cada a\u00f1o que se publica en septiembre del a\u00f1o anterior a la convocatoria. Normalmente abarca desde la segunda semana de noviembre hasta tres semanas antes del MIR (que suele ser a finales de <\/span>enero o principios de febrero). En esta etapa, m\u00e1s corta que las anteriores, la mayor\u00eda del tiempo debe centrarse en el estudio, por lo que las actividades docentes se limitan a aquellas imprescindibles: clases y seminarios de temarios especialmente complejos, tutor\u00edas de im\u00e1genes y simulacros semanales.<\/p><\/div>\n\t\t\t\t<\/div>\n\t\t\t\t\t\t\t<div class=\"elementor-accordion-item\">\n\t\t\t\t\t<div id=\"elementor-tab-title-3664\" class=\"elementor-tab-title\" data-tab=\"4\" role=\"button\" aria-controls=\"elementor-tab-content-3664\" aria-expanded=\"false\">\n\t\t\t\t\t\t\t\t\t\t\t\t\t<span class=\"elementor-accordion-icon elementor-accordion-icon-left\" aria-hidden=\"true\">\n\t\t\t\t\t\t\t\t\t\t\t\t\t\t\t<span class=\"elementor-accordion-icon-closed\"><i class=\"fas fa-plus\"><\/i><\/span>\n\t\t\t\t\t\t\t\t<span class=\"elementor-accordion-icon-opened\"><i class=\"fas fa-minus\"><\/i><\/span>\n\t\t\t\t\t\t\t\t\t\t\t\t\t\t<\/span>\n\t\t\t\t\t\t\t\t\t\t\t\t<a class=\"elementor-accordion-title\" tabindex=\"0\">Fase Final<\/a>\n\t\t\t\t\t<\/div>\n\t\t\t\t\t<div id=\"elementor-tab-content-3664\" class=\"elementor-tab-content elementor-clearfix\" data-tab=\"4\" role=\"region\" aria-labelledby=\"elementor-tab-title-3664\"><p><span data-doc-id=\"7619623000000060005\" data-doc-type=\"writer\">Es el repaso final que se realiza durante las tres semanas previas al MIR. Se mantienen los simulacros semanales y tutor\u00edas especiales <\/span>preMIR.<\/p><\/div>\n\t\t\t\t<\/div>\n\t\t\t\t\t\t\t\t<\/div>\n\t\t\t\t\t\t<\/div>\n\t\t\t\t<\/div>\n\t\t\t\t\t<\/div>\n\t\t\t\t<\/div>\n\t\t\t\t<\/div>\n\t\t\n","protected":false},"excerpt":{"rendered":"<h1><b>\u00bfDeseas prepararte para el examen MIR sin salir de tu pa\u00eds?<\/b><\/h1>\n<p>Este curso es ideal para ti, dise\u00f1ado de manera 100% online, con una duraci\u00f3n aproximada de unos 16-17 meses seg\u00fan la fecha final del examen. Comienza regularmente entre los meses de septiembre y octubre de cada a\u00f1o y se extiende hasta el d\u00eda del examen MIR.<\/p>\n<p>El curso ofrece clases y tutor\u00edas online, asesoramiento personalizado por parte del equipo de tutores, acceso a todos los recursos online, manuales f\u00edsicos y digitales de todas las asignaturas, la gu\u00eda del alumno AMIR, pruebas de las clases para hacer un seguimiento y acceso a AMIR TV. Adem\u00e1s, se ense\u00f1an las t\u00e9cnicas del Curso Genius, las cuales permitir\u00e1n recordar informaci\u00f3n a largo plazo sin necesidad de estudiar durante demasiadas horas.<\/p>\n<p><b>Amir Colombia <\/b>te brinda el apoyo para\u00a0 seguir form\u00e1ndote desde donde est\u00e9s.<\/p>\n","protected":false},"featured_media":2744,"template":"","meta":{"_acf_changed":false},"product_brand":[],"product_cat":[67],"product_tag":[73],"class_list":{"0":"post-2407","1":"product","2":"type-product","3":"status-publish","4":"has-post-thumbnail","6":"product_cat-abril","7":"product_tag-mir-producto","9":"first","10":"instock","11":"shipping-taxable","12":"purchasable","13":"product-type-simple"},"acf":[],"yoast_head":"<!-- This site is optimized with the Yoast SEO Premium plugin v26.8 (Yoast SEO v26.8) - https:\/\/yoast.com\/product\/yoast-seo-premium-wordpress\/ -->\n<title>Prep\u00e1rate para el MIR con el curso MIR Abril Online de AMIR Colombia<\/title>\n<meta name=\"description\" content=\"Curso MIR Abril Online de Amir Colombia. Obt\u00e9n la mejor preparaci\u00f3n para destacar en el ex\u00e1men del MIR desde Colombia. \u00a1Inscr\u00edbete ahora y asegura tu \u00e9xito!\" \/>\n<meta name=\"robots\" content=\"index, follow, max-snippet:-1, max-image-preview:large, max-video-preview:-1\" \/>\n<link rel=\"canonical\" href=\"https:\/\/amirlatam.com\/co\/cursos\/acceso-a-especialidades\/mir\/abril\/mir-abril-online\/\" \/>\n<meta property=\"og:locale\" content=\"es_ES\" \/>\n<meta property=\"og:type\" content=\"article\" \/>\n<meta property=\"og:title\" content=\"Curso MIR Abril Online | Amir Colombia\" \/>\n<meta property=\"og:description\" content=\"Curso MIR Abril Online de Amir Colombia. Obt\u00e9n la mejor preparaci\u00f3n para destacar en el ex\u00e1men del MIR desde Colombia. \u00a1Inscr\u00edbete ahora y asegura tu \u00e9xito!\" \/>\n<meta property=\"og:url\" content=\"https:\/\/amirlatam.com\/co\/cursos\/acceso-a-especialidades\/mir\/abril\/mir-abril-online\/\" \/>\n<meta property=\"og:site_name\" content=\"Colombia\" \/>\n<meta property=\"article:publisher\" content=\"https:\/\/www.facebook.com\/AMIRSuramerica\" \/>\n<meta property=\"article:modified_time\" content=\"2025-12-10T19:53:57+00:00\" \/>\n<meta property=\"og:image\" content=\"https:\/\/amirlatam.com\/co\/wp-content\/uploads\/sites\/2\/2023\/08\/medicos-sentados-reunion-hospital-moderno-scaled.jpg\" \/>\n\t<meta property=\"og:image:width\" content=\"2560\" \/>\n\t<meta property=\"og:image:height\" content=\"1707\" \/>\n\t<meta property=\"og:image:type\" content=\"image\/jpeg\" \/>\n<meta name=\"twitter:card\" content=\"summary_large_image\" \/>\n<meta name=\"twitter:label1\" content=\"Precio\" \/>\n\t<meta name=\"twitter:data1\" content=\"&#036;1,00\" \/>\n\t<meta name=\"twitter:label2\" content=\"Disponibilidad\" \/>\n\t<meta name=\"twitter:data2\" content=\"Disponible\" \/>\n<script type=\"application\/ld+json\" class=\"yoast-schema-graph\">{\"@context\":\"https:\/\/schema.org\",\"@graph\":[{\"@type\":\"WebPage\",\"@id\":\"https:\/\/amirlatam.com\/co\/cursos\/acceso-a-especialidades\/mir\/abril\/mir-abril-online\/\",\"url\":\"https:\/\/amirlatam.com\/co\/cursos\/acceso-a-especialidades\/mir\/abril\/mir-abril-online\/\",\"name\":\"Prep\u00e1rate para el MIR con el curso MIR Abril Online de AMIR Colombia\",\"isPartOf\":{\"@id\":\"https:\/\/amirlatam.com\/co\/#website\"},\"primaryImageOfPage\":{\"@id\":\"https:\/\/amirlatam.com\/co\/cursos\/acceso-a-especialidades\/mir\/abril\/mir-abril-online\/#primaryimage\"},\"image\":{\"@id\":\"https:\/\/amirlatam.com\/co\/cursos\/acceso-a-especialidades\/mir\/abril\/mir-abril-online\/#primaryimage\"},\"thumbnailUrl\":\"https:\/\/amirlatam.com\/co\/wp-content\/uploads\/sites\/2\/2023\/08\/medicos-sentados-reunion-hospital-moderno-scaled.jpg\",\"datePublished\":\"2023-08-12T13:52:11+00:00\",\"dateModified\":\"2025-12-10T19:53:57+00:00\",\"description\":\"Curso MIR Abril Online de Amir Colombia. Obt\u00e9n la mejor preparaci\u00f3n para destacar en el ex\u00e1men del MIR desde Colombia. \u00a1Inscr\u00edbete ahora y asegura tu \u00e9xito!\",\"breadcrumb\":{\"@id\":\"https:\/\/amirlatam.com\/co\/cursos\/acceso-a-especialidades\/mir\/abril\/mir-abril-online\/#breadcrumb\"},\"inLanguage\":\"es\",\"potentialAction\":[{\"@type\":\"ReadAction\",\"target\":[\"https:\/\/amirlatam.com\/co\/cursos\/acceso-a-especialidades\/mir\/abril\/mir-abril-online\/\"]}]},{\"@type\":\"ImageObject\",\"inLanguage\":\"es\",\"@id\":\"https:\/\/amirlatam.com\/co\/cursos\/acceso-a-especialidades\/mir\/abril\/mir-abril-online\/#primaryimage\",\"url\":\"https:\/\/amirlatam.com\/co\/wp-content\/uploads\/sites\/2\/2023\/08\/medicos-sentados-reunion-hospital-moderno-scaled.jpg\",\"contentUrl\":\"https:\/\/amirlatam.com\/co\/wp-content\/uploads\/sites\/2\/2023\/08\/medicos-sentados-reunion-hospital-moderno-scaled.jpg\",\"width\":2560,\"height\":1707,\"caption\":\"Medical doctors sitting at the meeting in modern hospital\"},{\"@type\":\"BreadcrumbList\",\"@id\":\"https:\/\/amirlatam.com\/co\/cursos\/acceso-a-especialidades\/mir\/abril\/mir-abril-online\/#breadcrumb\",\"itemListElement\":[{\"@type\":\"ListItem\",\"position\":1,\"name\":\"Portada\",\"item\":\"https:\/\/amirlatam.com\/co\/\"},{\"@type\":\"ListItem\",\"position\":2,\"name\":\"Tienda\",\"item\":\"https:\/\/amirlatam.com\/co\/tienda\/\"},{\"@type\":\"ListItem\",\"position\":3,\"name\":\"Curso MIR Abril Online | Amir Colombia\"}]},{\"@type\":\"WebSite\",\"@id\":\"https:\/\/amirlatam.com\/co\/#website\",\"url\":\"https:\/\/amirlatam.com\/co\/\",\"name\":\"AMIR Colombia\",\"description\":\"AMIR Latinoam\u00e9rica\",\"publisher\":{\"@id\":\"https:\/\/amirlatam.com\/co\/#organization\"},\"alternateName\":\"AMIR\",\"potentialAction\":[{\"@type\":\"SearchAction\",\"target\":{\"@type\":\"EntryPoint\",\"urlTemplate\":\"https:\/\/amirlatam.com\/co\/?s={search_term_string}\"},\"query-input\":{\"@type\":\"PropertyValueSpecification\",\"valueRequired\":true,\"valueName\":\"search_term_string\"}}],\"inLanguage\":\"es\"},{\"@type\":\"Organization\",\"@id\":\"https:\/\/amirlatam.com\/co\/#organization\",\"name\":\"AMIR Colombia\",\"url\":\"https:\/\/amirlatam.com\/co\/\",\"logo\":{\"@type\":\"ImageObject\",\"inLanguage\":\"es\",\"@id\":\"https:\/\/amirlatam.com\/co\/#\/schema\/logo\/image\/\",\"url\":\"https:\/\/amirlatam.com\/co\/wp-content\/uploads\/sites\/2\/2023\/08\/amir-favicon.png\",\"contentUrl\":\"https:\/\/amirlatam.com\/co\/wp-content\/uploads\/sites\/2\/2023\/08\/amir-favicon.png\",\"width\":720,\"height\":720,\"caption\":\"AMIR Colombia\"},\"image\":{\"@id\":\"https:\/\/amirlatam.com\/co\/#\/schema\/logo\/image\/\"},\"sameAs\":[\"https:\/\/www.facebook.com\/AMIRSuramerica\",\"https:\/\/www.linkedin.com\/company\/amir-colombia\/\",\"https:\/\/www.instagram.com\/amirsuramerica\/\"]}]}<\/script>\n<meta property=\"product:price:amount\" content=\"1.00\" \/>\n<meta property=\"product:price:currency\" content=\"COP\" \/>\n<meta property=\"og:availability\" content=\"instock\" \/>\n<meta property=\"product:availability\" content=\"instock\" \/>\n<meta property=\"product:condition\" content=\"new\" \/>\n<!-- \/ Yoast SEO Premium plugin. -->","yoast_head_json":{"title":"Prep\u00e1rate para el MIR con el curso MIR Abril Online de AMIR Colombia","description":"Curso MIR Abril Online de Amir Colombia. Obt\u00e9n la mejor preparaci\u00f3n para destacar en el ex\u00e1men del MIR desde Colombia. \u00a1Inscr\u00edbete ahora y asegura tu \u00e9xito!","robots":{"index":"index","follow":"follow","max-snippet":"max-snippet:-1","max-image-preview":"max-image-preview:large","max-video-preview":"max-video-preview:-1"},"canonical":"https:\/\/amirlatam.com\/co\/cursos\/acceso-a-especialidades\/mir\/abril\/mir-abril-online\/","og_locale":"es_ES","og_type":"article","og_title":"Curso MIR Abril Online | Amir Colombia","og_description":"Curso MIR Abril Online de Amir Colombia. Obt\u00e9n la mejor preparaci\u00f3n para destacar en el ex\u00e1men del MIR desde Colombia. \u00a1Inscr\u00edbete ahora y asegura tu \u00e9xito!","og_url":"https:\/\/amirlatam.com\/co\/cursos\/acceso-a-especialidades\/mir\/abril\/mir-abril-online\/","og_site_name":"Colombia","article_publisher":"https:\/\/www.facebook.com\/AMIRSuramerica","article_modified_time":"2025-12-10T19:53:57+00:00","og_image":[{"width":2560,"height":1707,"url":"https:\/\/amirlatam.com\/co\/wp-content\/uploads\/sites\/2\/2023\/08\/medicos-sentados-reunion-hospital-moderno-scaled.jpg","type":"image\/jpeg"}],"twitter_card":"summary_large_image","twitter_misc":{"Precio":"&#36;1,00","Disponibilidad":"Disponible"},"schema":{"@context":"https:\/\/schema.org","@graph":[{"@type":"WebPage","@id":"https:\/\/amirlatam.com\/co\/cursos\/acceso-a-especialidades\/mir\/abril\/mir-abril-online\/","url":"https:\/\/amirlatam.com\/co\/cursos\/acceso-a-especialidades\/mir\/abril\/mir-abril-online\/","name":"Prep\u00e1rate para el MIR con el curso MIR Abril Online de AMIR Colombia","isPartOf":{"@id":"https:\/\/amirlatam.com\/co\/#website"},"primaryImageOfPage":{"@id":"https:\/\/amirlatam.com\/co\/cursos\/acceso-a-especialidades\/mir\/abril\/mir-abril-online\/#primaryimage"},"image":{"@id":"https:\/\/amirlatam.com\/co\/cursos\/acceso-a-especialidades\/mir\/abril\/mir-abril-online\/#primaryimage"},"thumbnailUrl":"https:\/\/amirlatam.com\/co\/wp-content\/uploads\/sites\/2\/2023\/08\/medicos-sentados-reunion-hospital-moderno-scaled.jpg","datePublished":"2023-08-12T13:52:11+00:00","dateModified":"2025-12-10T19:53:57+00:00","description":"Curso MIR Abril Online de Amir Colombia. Obt\u00e9n la mejor preparaci\u00f3n para destacar en el ex\u00e1men del MIR desde Colombia. \u00a1Inscr\u00edbete ahora y asegura tu \u00e9xito!","breadcrumb":{"@id":"https:\/\/amirlatam.com\/co\/cursos\/acceso-a-especialidades\/mir\/abril\/mir-abril-online\/#breadcrumb"},"inLanguage":"es","potentialAction":[{"@type":"ReadAction","target":["https:\/\/amirlatam.com\/co\/cursos\/acceso-a-especialidades\/mir\/abril\/mir-abril-online\/"]}]},{"@type":"ImageObject","inLanguage":"es","@id":"https:\/\/amirlatam.com\/co\/cursos\/acceso-a-especialidades\/mir\/abril\/mir-abril-online\/#primaryimage","url":"https:\/\/amirlatam.com\/co\/wp-content\/uploads\/sites\/2\/2023\/08\/medicos-sentados-reunion-hospital-moderno-scaled.jpg","contentUrl":"https:\/\/amirlatam.com\/co\/wp-content\/uploads\/sites\/2\/2023\/08\/medicos-sentados-reunion-hospital-moderno-scaled.jpg","width":2560,"height":1707,"caption":"Medical doctors sitting at the meeting in modern hospital"},{"@type":"BreadcrumbList","@id":"https:\/\/amirlatam.com\/co\/cursos\/acceso-a-especialidades\/mir\/abril\/mir-abril-online\/#breadcrumb","itemListElement":[{"@type":"ListItem","position":1,"name":"Portada","item":"https:\/\/amirlatam.com\/co\/"},{"@type":"ListItem","position":2,"name":"Tienda","item":"https:\/\/amirlatam.com\/co\/tienda\/"},{"@type":"ListItem","position":3,"name":"Curso MIR Abril Online | Amir Colombia"}]},{"@type":"WebSite","@id":"https:\/\/amirlatam.com\/co\/#website","url":"https:\/\/amirlatam.com\/co\/","name":"AMIR Colombia","description":"AMIR Latinoam\u00e9rica","publisher":{"@id":"https:\/\/amirlatam.com\/co\/#organization"},"alternateName":"AMIR","potentialAction":[{"@type":"SearchAction","target":{"@type":"EntryPoint","urlTemplate":"https:\/\/amirlatam.com\/co\/?s={search_term_string}"},"query-input":{"@type":"PropertyValueSpecification","valueRequired":true,"valueName":"search_term_string"}}],"inLanguage":"es"},{"@type":"Organization","@id":"https:\/\/amirlatam.com\/co\/#organization","name":"AMIR Colombia","url":"https:\/\/amirlatam.com\/co\/","logo":{"@type":"ImageObject","inLanguage":"es","@id":"https:\/\/amirlatam.com\/co\/#\/schema\/logo\/image\/","url":"https:\/\/amirlatam.com\/co\/wp-content\/uploads\/sites\/2\/2023\/08\/amir-favicon.png","contentUrl":"https:\/\/amirlatam.com\/co\/wp-content\/uploads\/sites\/2\/2023\/08\/amir-favicon.png","width":720,"height":720,"caption":"AMIR Colombia"},"image":{"@id":"https:\/\/amirlatam.com\/co\/#\/schema\/logo\/image\/"},"sameAs":["https:\/\/www.facebook.com\/AMIRSuramerica","https:\/\/www.linkedin.com\/company\/amir-colombia\/","https:\/\/www.instagram.com\/amirsuramerica\/"]}]},"product_price_amount":"1.00","product_price_currency":"COP","og_availability":"instock","product_availability":"instock","product_condition":"new"},"_links":{"self":[{"href":"https:\/\/amirlatam.com\/co\/wp-json\/wp\/v2\/product\/2407","targetHints":{"allow":["GET"]}}],"collection":[{"href":"https:\/\/amirlatam.com\/co\/wp-json\/wp\/v2\/product"}],"about":[{"href":"https:\/\/amirlatam.com\/co\/wp-json\/wp\/v2\/types\/product"}],"version-history":[{"count":14,"href":"https:\/\/amirlatam.com\/co\/wp-json\/wp\/v2\/product\/2407\/revisions"}],"predecessor-version":[{"id":13960,"href":"https:\/\/amirlatam.com\/co\/wp-json\/wp\/v2\/product\/2407\/revisions\/13960"}],"wp:featuredmedia":[{"embeddable":true,"href":"https:\/\/amirlatam.com\/co\/wp-json\/wp\/v2\/media\/2744"}],"wp:attachment":[{"href":"https:\/\/amirlatam.com\/co\/wp-json\/wp\/v2\/media?parent=2407"}],"wp:term":[{"taxonomy":"product_brand","embeddable":true,"href":"https:\/\/amirlatam.com\/co\/wp-json\/wp\/v2\/product_brand?post=2407"},{"taxonomy":"product_cat","embeddable":true,"href":"https:\/\/amirlatam.com\/co\/wp-json\/wp\/v2\/product_cat?post=2407"},{"taxonomy":"product_tag","embeddable":true,"href":"https:\/\/amirlatam.com\/co\/wp-json\/wp\/v2\/product_tag?post=2407"}],"curies":[{"name":"wp","href":"https:\/\/api.w.org\/{rel}","templated":true}]}}