{"id":2189,"date":"2023-08-07T06:46:19","date_gmt":"2023-08-07T10:46:19","guid":{"rendered":"https:\/\/amirlatam.com\/co\/?post_type=product&#038;p=2189"},"modified":"2025-12-10T15:53:46","modified_gmt":"2025-12-10T19:53:46","slug":"mir-abril","status":"publish","type":"product","link":"https:\/\/amirlatam.com\/co\/cursos\/acceso-a-especialidades\/mir\/mir-abril\/","title":{"rendered":"Curso MIR Abril | Amir Colombia"},"content":{"rendered":"<h3 style=\"text-align: center;\"><strong>\u00bfC\u00f3mo quieres estudiar?<\/strong><\/h3>\n<p style=\"text-align: center;\">\u00bfImaginas tener un curso que se adapte a ti, a tus preferencias y necesidades?<strong> \u00a1En AMIR lo tenemos!<\/strong> Descubre cu\u00e1l de nuestros cursos es el que m\u00e1s se adapta a ti.<\/p>\n","protected":false},"excerpt":{"rendered":"<div class=\"page\" title=\"Page 2\">\n<div class=\"section\">\n<div class=\"layoutArea\">\n<div class=\"column\">\n<p>El Curso MIR ABRIL de AMIR sobresale como una oportunidad excepcional para me\u0301dicos que anhelan destacar a nivel internacional. Durante 10 meses, experimentara\u0301s una preparacio\u0301n semi-intensiva, con e\u0301nfasis en comprensio\u0301n profunda, razonamiento cli\u0301nico y simulacros estrate\u0301gicos. Basado en un me\u0301todo consolidado a lo largo de 16 an\u0303os, te guiara\u0301 hacia el e\u0301xito en el examen MIR.<\/p>\n<\/div>\n<\/div>\n<\/div>\n<\/div>\n","protected":false},"featured_media":2744,"template":"","meta":{"_acf_changed":false},"product_brand":[],"product_cat":[65],"product_tag":[70],"class_list":{"0":"post-2189","1":"product","2":"type-product","3":"status-publish","4":"has-post-thumbnail","6":"product_cat-mir","7":"product_tag-mir-abril","9":"first","10":"instock","11":"shipping-taxable","12":"purchasable","13":"product-type-simple"},"acf":[],"yoast_head":"<!-- This site is optimized with the Yoast SEO Premium plugin v26.8 (Yoast SEO v26.8) - https:\/\/yoast.com\/product\/yoast-seo-premium-wordpress\/ -->\n<title>Prep\u00e1rate para el MIR con el curso MIR Abril en Amir Colombia<\/title>\n<meta name=\"description\" content=\"Asegura tu \u00e9xito en el Examen MIR con nuestro curso especializado MIR Abril. Descubre la mejor preparaci\u00f3n para el ex\u00e1men del MIR en todo Colombia.\" \/>\n<meta name=\"robots\" content=\"index, follow, max-snippet:-1, max-image-preview:large, max-video-preview:-1\" \/>\n<link rel=\"canonical\" href=\"https:\/\/amirlatam.com\/co\/cursos\/acceso-a-especialidades\/mir\/mir-abril\/\" \/>\n<meta property=\"og:locale\" content=\"es_ES\" \/>\n<meta property=\"og:type\" content=\"article\" \/>\n<meta property=\"og:title\" content=\"Curso MIR Abril | Amir Colombia\" \/>\n<meta property=\"og:description\" content=\"Asegura tu \u00e9xito en el Examen MIR con nuestro curso especializado MIR Abril. Descubre la mejor preparaci\u00f3n para el ex\u00e1men del MIR en todo Colombia.\" \/>\n<meta property=\"og:url\" content=\"https:\/\/amirlatam.com\/co\/cursos\/acceso-a-especialidades\/mir\/mir-abril\/\" \/>\n<meta property=\"og:site_name\" content=\"Colombia\" \/>\n<meta property=\"article:publisher\" content=\"https:\/\/www.facebook.com\/AMIRSuramerica\" \/>\n<meta property=\"article:modified_time\" content=\"2025-12-10T19:53:46+00:00\" \/>\n<meta property=\"og:image\" content=\"https:\/\/amirlatam.com\/co\/wp-content\/uploads\/sites\/2\/2023\/08\/medicos-sentados-reunion-hospital-moderno-scaled.jpg\" \/>\n\t<meta property=\"og:image:width\" content=\"2560\" \/>\n\t<meta property=\"og:image:height\" content=\"1707\" \/>\n\t<meta property=\"og:image:type\" content=\"image\/jpeg\" \/>\n<meta name=\"twitter:card\" content=\"summary_large_image\" \/>\n<meta name=\"twitter:label1\" content=\"Precio\" \/>\n\t<meta name=\"twitter:data1\" content=\"&#036;1,00\" \/>\n\t<meta name=\"twitter:label2\" content=\"Disponibilidad\" \/>\n\t<meta name=\"twitter:data2\" content=\"Disponible\" \/>\n<script type=\"application\/ld+json\" class=\"yoast-schema-graph\">{\"@context\":\"https:\/\/schema.org\",\"@graph\":[{\"@type\":\"WebPage\",\"@id\":\"https:\/\/amirlatam.com\/co\/cursos\/acceso-a-especialidades\/mir\/mir-abril\/\",\"url\":\"https:\/\/amirlatam.com\/co\/cursos\/acceso-a-especialidades\/mir\/mir-abril\/\",\"name\":\"Prep\u00e1rate para el MIR con el curso MIR Abril en Amir Colombia\",\"isPartOf\":{\"@id\":\"https:\/\/amirlatam.com\/co\/#website\"},\"primaryImageOfPage\":{\"@id\":\"https:\/\/amirlatam.com\/co\/cursos\/acceso-a-especialidades\/mir\/mir-abril\/#primaryimage\"},\"image\":{\"@id\":\"https:\/\/amirlatam.com\/co\/cursos\/acceso-a-especialidades\/mir\/mir-abril\/#primaryimage\"},\"thumbnailUrl\":\"https:\/\/amirlatam.com\/co\/wp-content\/uploads\/sites\/2\/2023\/08\/medicos-sentados-reunion-hospital-moderno-scaled.jpg\",\"datePublished\":\"2023-08-07T10:46:19+00:00\",\"dateModified\":\"2025-12-10T19:53:46+00:00\",\"description\":\"Asegura tu \u00e9xito en el Examen MIR con nuestro curso especializado MIR Abril. Descubre la mejor preparaci\u00f3n para el ex\u00e1men del MIR en todo Colombia.\",\"breadcrumb\":{\"@id\":\"https:\/\/amirlatam.com\/co\/cursos\/acceso-a-especialidades\/mir\/mir-abril\/#breadcrumb\"},\"inLanguage\":\"es\",\"potentialAction\":[{\"@type\":\"ReadAction\",\"target\":[\"https:\/\/amirlatam.com\/co\/cursos\/acceso-a-especialidades\/mir\/mir-abril\/\"]}]},{\"@type\":\"ImageObject\",\"inLanguage\":\"es\",\"@id\":\"https:\/\/amirlatam.com\/co\/cursos\/acceso-a-especialidades\/mir\/mir-abril\/#primaryimage\",\"url\":\"https:\/\/amirlatam.com\/co\/wp-content\/uploads\/sites\/2\/2023\/08\/medicos-sentados-reunion-hospital-moderno-scaled.jpg\",\"contentUrl\":\"https:\/\/amirlatam.com\/co\/wp-content\/uploads\/sites\/2\/2023\/08\/medicos-sentados-reunion-hospital-moderno-scaled.jpg\",\"width\":2560,\"height\":1707,\"caption\":\"Medical doctors sitting at the meeting in modern hospital\"},{\"@type\":\"BreadcrumbList\",\"@id\":\"https:\/\/amirlatam.com\/co\/cursos\/acceso-a-especialidades\/mir\/mir-abril\/#breadcrumb\",\"itemListElement\":[{\"@type\":\"ListItem\",\"position\":1,\"name\":\"Portada\",\"item\":\"https:\/\/amirlatam.com\/co\/\"},{\"@type\":\"ListItem\",\"position\":2,\"name\":\"Tienda\",\"item\":\"https:\/\/amirlatam.com\/co\/tienda\/\"},{\"@type\":\"ListItem\",\"position\":3,\"name\":\"Curso MIR Abril | Amir Colombia\"}]},{\"@type\":\"WebSite\",\"@id\":\"https:\/\/amirlatam.com\/co\/#website\",\"url\":\"https:\/\/amirlatam.com\/co\/\",\"name\":\"AMIR Colombia\",\"description\":\"AMIR Latinoam\u00e9rica\",\"publisher\":{\"@id\":\"https:\/\/amirlatam.com\/co\/#organization\"},\"alternateName\":\"AMIR\",\"potentialAction\":[{\"@type\":\"SearchAction\",\"target\":{\"@type\":\"EntryPoint\",\"urlTemplate\":\"https:\/\/amirlatam.com\/co\/?s={search_term_string}\"},\"query-input\":{\"@type\":\"PropertyValueSpecification\",\"valueRequired\":true,\"valueName\":\"search_term_string\"}}],\"inLanguage\":\"es\"},{\"@type\":\"Organization\",\"@id\":\"https:\/\/amirlatam.com\/co\/#organization\",\"name\":\"AMIR Colombia\",\"url\":\"https:\/\/amirlatam.com\/co\/\",\"logo\":{\"@type\":\"ImageObject\",\"inLanguage\":\"es\",\"@id\":\"https:\/\/amirlatam.com\/co\/#\/schema\/logo\/image\/\",\"url\":\"https:\/\/amirlatam.com\/co\/wp-content\/uploads\/sites\/2\/2023\/08\/amir-favicon.png\",\"contentUrl\":\"https:\/\/amirlatam.com\/co\/wp-content\/uploads\/sites\/2\/2023\/08\/amir-favicon.png\",\"width\":720,\"height\":720,\"caption\":\"AMIR Colombia\"},\"image\":{\"@id\":\"https:\/\/amirlatam.com\/co\/#\/schema\/logo\/image\/\"},\"sameAs\":[\"https:\/\/www.facebook.com\/AMIRSuramerica\",\"https:\/\/www.linkedin.com\/company\/amir-colombia\/\",\"https:\/\/www.instagram.com\/amirsuramerica\/\"]}]}<\/script>\n<meta property=\"product:price:amount\" content=\"1.00\" \/>\n<meta property=\"product:price:currency\" content=\"COP\" \/>\n<meta property=\"og:availability\" content=\"instock\" \/>\n<meta property=\"product:availability\" content=\"instock\" \/>\n<meta property=\"product:condition\" content=\"new\" \/>\n<!-- \/ Yoast SEO Premium plugin. -->","yoast_head_json":{"title":"Prep\u00e1rate para el MIR con el curso MIR Abril en Amir Colombia","description":"Asegura tu \u00e9xito en el Examen MIR con nuestro curso especializado MIR Abril. Descubre la mejor preparaci\u00f3n para el ex\u00e1men del MIR en todo Colombia.","robots":{"index":"index","follow":"follow","max-snippet":"max-snippet:-1","max-image-preview":"max-image-preview:large","max-video-preview":"max-video-preview:-1"},"canonical":"https:\/\/amirlatam.com\/co\/cursos\/acceso-a-especialidades\/mir\/mir-abril\/","og_locale":"es_ES","og_type":"article","og_title":"Curso MIR Abril | Amir Colombia","og_description":"Asegura tu \u00e9xito en el Examen MIR con nuestro curso especializado MIR Abril. Descubre la mejor preparaci\u00f3n para el ex\u00e1men del MIR en todo Colombia.","og_url":"https:\/\/amirlatam.com\/co\/cursos\/acceso-a-especialidades\/mir\/mir-abril\/","og_site_name":"Colombia","article_publisher":"https:\/\/www.facebook.com\/AMIRSuramerica","article_modified_time":"2025-12-10T19:53:46+00:00","og_image":[{"width":2560,"height":1707,"url":"https:\/\/amirlatam.com\/co\/wp-content\/uploads\/sites\/2\/2023\/08\/medicos-sentados-reunion-hospital-moderno-scaled.jpg","type":"image\/jpeg"}],"twitter_card":"summary_large_image","twitter_misc":{"Precio":"&#36;1,00","Disponibilidad":"Disponible"},"schema":{"@context":"https:\/\/schema.org","@graph":[{"@type":"WebPage","@id":"https:\/\/amirlatam.com\/co\/cursos\/acceso-a-especialidades\/mir\/mir-abril\/","url":"https:\/\/amirlatam.com\/co\/cursos\/acceso-a-especialidades\/mir\/mir-abril\/","name":"Prep\u00e1rate para el MIR con el curso MIR Abril en Amir Colombia","isPartOf":{"@id":"https:\/\/amirlatam.com\/co\/#website"},"primaryImageOfPage":{"@id":"https:\/\/amirlatam.com\/co\/cursos\/acceso-a-especialidades\/mir\/mir-abril\/#primaryimage"},"image":{"@id":"https:\/\/amirlatam.com\/co\/cursos\/acceso-a-especialidades\/mir\/mir-abril\/#primaryimage"},"thumbnailUrl":"https:\/\/amirlatam.com\/co\/wp-content\/uploads\/sites\/2\/2023\/08\/medicos-sentados-reunion-hospital-moderno-scaled.jpg","datePublished":"2023-08-07T10:46:19+00:00","dateModified":"2025-12-10T19:53:46+00:00","description":"Asegura tu \u00e9xito en el Examen MIR con nuestro curso especializado MIR Abril. Descubre la mejor preparaci\u00f3n para el ex\u00e1men del MIR en todo Colombia.","breadcrumb":{"@id":"https:\/\/amirlatam.com\/co\/cursos\/acceso-a-especialidades\/mir\/mir-abril\/#breadcrumb"},"inLanguage":"es","potentialAction":[{"@type":"ReadAction","target":["https:\/\/amirlatam.com\/co\/cursos\/acceso-a-especialidades\/mir\/mir-abril\/"]}]},{"@type":"ImageObject","inLanguage":"es","@id":"https:\/\/amirlatam.com\/co\/cursos\/acceso-a-especialidades\/mir\/mir-abril\/#primaryimage","url":"https:\/\/amirlatam.com\/co\/wp-content\/uploads\/sites\/2\/2023\/08\/medicos-sentados-reunion-hospital-moderno-scaled.jpg","contentUrl":"https:\/\/amirlatam.com\/co\/wp-content\/uploads\/sites\/2\/2023\/08\/medicos-sentados-reunion-hospital-moderno-scaled.jpg","width":2560,"height":1707,"caption":"Medical doctors sitting at the meeting in modern hospital"},{"@type":"BreadcrumbList","@id":"https:\/\/amirlatam.com\/co\/cursos\/acceso-a-especialidades\/mir\/mir-abril\/#breadcrumb","itemListElement":[{"@type":"ListItem","position":1,"name":"Portada","item":"https:\/\/amirlatam.com\/co\/"},{"@type":"ListItem","position":2,"name":"Tienda","item":"https:\/\/amirlatam.com\/co\/tienda\/"},{"@type":"ListItem","position":3,"name":"Curso MIR Abril | Amir Colombia"}]},{"@type":"WebSite","@id":"https:\/\/amirlatam.com\/co\/#website","url":"https:\/\/amirlatam.com\/co\/","name":"AMIR Colombia","description":"AMIR Latinoam\u00e9rica","publisher":{"@id":"https:\/\/amirlatam.com\/co\/#organization"},"alternateName":"AMIR","potentialAction":[{"@type":"SearchAction","target":{"@type":"EntryPoint","urlTemplate":"https:\/\/amirlatam.com\/co\/?s={search_term_string}"},"query-input":{"@type":"PropertyValueSpecification","valueRequired":true,"valueName":"search_term_string"}}],"inLanguage":"es"},{"@type":"Organization","@id":"https:\/\/amirlatam.com\/co\/#organization","name":"AMIR Colombia","url":"https:\/\/amirlatam.com\/co\/","logo":{"@type":"ImageObject","inLanguage":"es","@id":"https:\/\/amirlatam.com\/co\/#\/schema\/logo\/image\/","url":"https:\/\/amirlatam.com\/co\/wp-content\/uploads\/sites\/2\/2023\/08\/amir-favicon.png","contentUrl":"https:\/\/amirlatam.com\/co\/wp-content\/uploads\/sites\/2\/2023\/08\/amir-favicon.png","width":720,"height":720,"caption":"AMIR Colombia"},"image":{"@id":"https:\/\/amirlatam.com\/co\/#\/schema\/logo\/image\/"},"sameAs":["https:\/\/www.facebook.com\/AMIRSuramerica","https:\/\/www.linkedin.com\/company\/amir-colombia\/","https:\/\/www.instagram.com\/amirsuramerica\/"]}]},"product_price_amount":"1.00","product_price_currency":"COP","og_availability":"instock","product_availability":"instock","product_condition":"new"},"_links":{"self":[{"href":"https:\/\/amirlatam.com\/co\/wp-json\/wp\/v2\/product\/2189","targetHints":{"allow":["GET"]}}],"collection":[{"href":"https:\/\/amirlatam.com\/co\/wp-json\/wp\/v2\/product"}],"about":[{"href":"https:\/\/amirlatam.com\/co\/wp-json\/wp\/v2\/types\/product"}],"version-history":[{"count":16,"href":"https:\/\/amirlatam.com\/co\/wp-json\/wp\/v2\/product\/2189\/revisions"}],"predecessor-version":[{"id":13959,"href":"https:\/\/amirlatam.com\/co\/wp-json\/wp\/v2\/product\/2189\/revisions\/13959"}],"wp:featuredmedia":[{"embeddable":true,"href":"https:\/\/amirlatam.com\/co\/wp-json\/wp\/v2\/media\/2744"}],"wp:attachment":[{"href":"https:\/\/amirlatam.com\/co\/wp-json\/wp\/v2\/media?parent=2189"}],"wp:term":[{"taxonomy":"product_brand","embeddable":true,"href":"https:\/\/amirlatam.com\/co\/wp-json\/wp\/v2\/product_brand?post=2189"},{"taxonomy":"product_cat","embeddable":true,"href":"https:\/\/amirlatam.com\/co\/wp-json\/wp\/v2\/product_cat?post=2189"},{"taxonomy":"product_tag","embeddable":true,"href":"https:\/\/amirlatam.com\/co\/wp-json\/wp\/v2\/product_tag?post=2189"}],"curies":[{"name":"wp","href":"https:\/\/api.w.org\/{rel}","templated":true}]}}