{"id":2834,"date":"2023-09-01T20:44:46","date_gmt":"2023-09-02T00:44:46","guid":{"rendered":"https:\/\/amirlatam.com\/co\/?page_id=2834"},"modified":"2024-01-29T21:22:48","modified_gmt":"2024-01-30T01:22:48","slug":"formulario-enviado","status":"publish","type":"page","link":"https:\/\/amirlatam.com\/co\/formulario-enviado\/","title":{"rendered":"formulario enviado"},"content":{"rendered":"\t\t<div data-elementor-type=\"wp-page\" data-elementor-id=\"2834\" class=\"elementor elementor-2834\" data-elementor-settings=\"{&quot;ha_cmc_init_switcher&quot;:&quot;no&quot;}\" data-elementor-post-type=\"page\">\n\t\t\t\t<div class=\"elementor-element elementor-element-2f2f1e6f e-flex e-con-boxed e-con e-parent\" data-id=\"2f2f1e6f\" data-element_type=\"container\" data-e-type=\"container\" data-settings=\"{&quot;background_background&quot;:&quot;classic&quot;,&quot;_ha_eqh_enable&quot;:false}\">\n\t\t\t\t\t<div class=\"e-con-inner\">\n\t\t\t\t<div class=\"elementor-element elementor-element-500dfca9 elementor-widget elementor-widget-heading\" data-id=\"500dfca9\" data-element_type=\"widget\" data-e-type=\"widget\" data-widget_type=\"heading.default\">\n\t\t\t\t<div class=\"elementor-widget-container\">\n\t\t\t\t\t<h1 class=\"elementor-heading-title elementor-size-default\">Hemos recibido tu solicitud, un asesor acad\u00e9mico se pondr\u00e1 en contacto contigo en breve<\/h1>\t\t\t\t<\/div>\n\t\t\t\t<\/div>\n\t\t\t\t<div class=\"elementor-element elementor-element-38f40d8d elementor-widget elementor-widget-button\" data-id=\"38f40d8d\" data-element_type=\"widget\" data-e-type=\"widget\" data-widget_type=\"button.default\">\n\t\t\t\t<div class=\"elementor-widget-container\">\n\t\t\t\t\t\t\t\t\t<div class=\"elementor-button-wrapper\">\n\t\t\t\t\t<a class=\"elementor-button elementor-button-link elementor-size-sm\" href=\"https:\/\/amirlatam.com\/co\">\n\t\t\t\t\t\t<span class=\"elementor-button-content-wrapper\">\n\t\t\t\t\t\t\t\t\t<span class=\"elementor-button-text\">Volver a la p\u00e1gina principal<\/span>\n\t\t\t\t\t<\/span>\n\t\t\t\t\t<\/a>\n\t\t\t\t<\/div>\n\t\t\t\t\t\t\t\t<\/div>\n\t\t\t\t<\/div>\n\t\t\t\t\t<\/div>\n\t\t\t\t<\/div>\n\t\t\t\t<\/div>\n\t\t","protected":false},"excerpt":{"rendered":"<p>\/*! elementor &#8211; v3.15.0 &#8211; 20-08-2023 *\/.elementor-heading-title{padding:0;margin:0;line-height:1}.elementor-widget-heading .elementor-heading-title[class*=elementor-size-]&gt;a{color:inherit;font-size:inherit;line-height:inherit}.elementor-widget-heading .elementor-heading-title.elementor-size-small{font-size:15px}.elementor-widget-heading .elementor-heading-title.elementor-size-medium{font-size:19px}.elementor-widget-heading .elementor-heading-title.elementor-size-large{font-size:29px}.elementor-widget-heading .elementor-heading-title.elementor-size-xl{font-size:39px}.elementor-widget-heading .elementor-heading-title.elementor-size-xxl{font-size:59px} Hemos recibido tu solicitud, un asesor acad\u00e9mico se pondr\u00e1 en contacto contigo en breve Volver a la p\u00e1gina principal<\/p>\n","protected":false},"author":1,"featured_media":0,"parent":0,"menu_order":0,"comment_status":"closed","ping_status":"closed","template":"","meta":{"_acf_changed":false,"footnotes":""},"class_list":["post-2834","page","type-page","status-publish","hentry"],"acf":[],"yoast_head":"<!-- This site is optimized with the Yoast SEO Premium plugin v26.8 (Yoast SEO v26.8) - https:\/\/yoast.com\/product\/yoast-seo-premium-wordpress\/ -->\n<title>formulario enviado &#8226; Colombia<\/title>\n<meta name=\"robots\" content=\"index, follow, max-snippet:-1, max-image-preview:large, max-video-preview:-1\" \/>\n<link rel=\"canonical\" href=\"https:\/\/amirlatam.com\/co\/formulario-enviado\/\" \/>\n<meta property=\"og:locale\" content=\"es_ES\" \/>\n<meta property=\"og:type\" content=\"article\" \/>\n<meta property=\"og:title\" content=\"formulario enviado\" \/>\n<meta property=\"og:description\" content=\"\/*! elementor &#8211; v3.15.0 &#8211; 20-08-2023 *\/.elementor-heading-title{padding:0;margin:0;line-height:1}.elementor-widget-heading .elementor-heading-title[class*=elementor-size-]&gt;a{color:inherit;font-size:inherit;line-height:inherit}.elementor-widget-heading .elementor-heading-title.elementor-size-small{font-size:15px}.elementor-widget-heading .elementor-heading-title.elementor-size-medium{font-size:19px}.elementor-widget-heading .elementor-heading-title.elementor-size-large{font-size:29px}.elementor-widget-heading .elementor-heading-title.elementor-size-xl{font-size:39px}.elementor-widget-heading .elementor-heading-title.elementor-size-xxl{font-size:59px} Hemos recibido tu solicitud, un asesor acad\u00e9mico se pondr\u00e1 en contacto contigo en breve Volver a la p\u00e1gina principal\" \/>\n<meta property=\"og:url\" content=\"https:\/\/amirlatam.com\/co\/formulario-enviado\/\" \/>\n<meta property=\"og:site_name\" content=\"Colombia\" \/>\n<meta property=\"article:publisher\" content=\"https:\/\/www.facebook.com\/AMIRSuramerica\" \/>\n<meta property=\"article:modified_time\" content=\"2024-01-30T01:22:48+00:00\" \/>\n<meta property=\"og:image\" content=\"https:\/\/amirlatam.com\/co\/wp-content\/uploads\/sites\/2\/2023\/08\/amir-favicon.png\" \/>\n\t<meta property=\"og:image:width\" content=\"720\" \/>\n\t<meta property=\"og:image:height\" content=\"720\" \/>\n\t<meta property=\"og:image:type\" content=\"image\/png\" \/>\n<meta name=\"twitter:card\" content=\"summary_large_image\" \/>\n<script type=\"application\/ld+json\" class=\"yoast-schema-graph\">{\"@context\":\"https:\/\/schema.org\",\"@graph\":[{\"@type\":\"WebPage\",\"@id\":\"https:\/\/amirlatam.com\/co\/formulario-enviado\/\",\"url\":\"https:\/\/amirlatam.com\/co\/formulario-enviado\/\",\"name\":\"formulario enviado &#8226; Colombia\",\"isPartOf\":{\"@id\":\"https:\/\/amirlatam.com\/co\/#website\"},\"datePublished\":\"2023-09-02T00:44:46+00:00\",\"dateModified\":\"2024-01-30T01:22:48+00:00\",\"breadcrumb\":{\"@id\":\"https:\/\/amirlatam.com\/co\/formulario-enviado\/#breadcrumb\"},\"inLanguage\":\"es\",\"potentialAction\":[{\"@type\":\"ReadAction\",\"target\":[\"https:\/\/amirlatam.com\/co\/formulario-enviado\/\"]}]},{\"@type\":\"BreadcrumbList\",\"@id\":\"https:\/\/amirlatam.com\/co\/formulario-enviado\/#breadcrumb\",\"itemListElement\":[{\"@type\":\"ListItem\",\"position\":1,\"name\":\"Portada\",\"item\":\"https:\/\/amirlatam.com\/co\/\"},{\"@type\":\"ListItem\",\"position\":2,\"name\":\"formulario enviado\"}]},{\"@type\":\"WebSite\",\"@id\":\"https:\/\/amirlatam.com\/co\/#website\",\"url\":\"https:\/\/amirlatam.com\/co\/\",\"name\":\"AMIR Colombia\",\"description\":\"AMIR Latinoam\u00e9rica\",\"publisher\":{\"@id\":\"https:\/\/amirlatam.com\/co\/#organization\"},\"alternateName\":\"AMIR\",\"potentialAction\":[{\"@type\":\"SearchAction\",\"target\":{\"@type\":\"EntryPoint\",\"urlTemplate\":\"https:\/\/amirlatam.com\/co\/?s={search_term_string}\"},\"query-input\":{\"@type\":\"PropertyValueSpecification\",\"valueRequired\":true,\"valueName\":\"search_term_string\"}}],\"inLanguage\":\"es\"},{\"@type\":\"Organization\",\"@id\":\"https:\/\/amirlatam.com\/co\/#organization\",\"name\":\"AMIR Colombia\",\"url\":\"https:\/\/amirlatam.com\/co\/\",\"logo\":{\"@type\":\"ImageObject\",\"inLanguage\":\"es\",\"@id\":\"https:\/\/amirlatam.com\/co\/#\/schema\/logo\/image\/\",\"url\":\"https:\/\/amirlatam.com\/co\/wp-content\/uploads\/sites\/2\/2023\/08\/amir-favicon.png\",\"contentUrl\":\"https:\/\/amirlatam.com\/co\/wp-content\/uploads\/sites\/2\/2023\/08\/amir-favicon.png\",\"width\":720,\"height\":720,\"caption\":\"AMIR Colombia\"},\"image\":{\"@id\":\"https:\/\/amirlatam.com\/co\/#\/schema\/logo\/image\/\"},\"sameAs\":[\"https:\/\/www.facebook.com\/AMIRSuramerica\",\"https:\/\/www.linkedin.com\/company\/amir-colombia\/\",\"https:\/\/www.instagram.com\/amirsuramerica\/\"]}]}<\/script>\n<!-- \/ Yoast SEO Premium plugin. -->","yoast_head_json":{"title":"formulario enviado &#8226; Colombia","robots":{"index":"index","follow":"follow","max-snippet":"max-snippet:-1","max-image-preview":"max-image-preview:large","max-video-preview":"max-video-preview:-1"},"canonical":"https:\/\/amirlatam.com\/co\/formulario-enviado\/","og_locale":"es_ES","og_type":"article","og_title":"formulario enviado","og_description":"\/*! elementor &#8211; v3.15.0 &#8211; 20-08-2023 *\/.elementor-heading-title{padding:0;margin:0;line-height:1}.elementor-widget-heading .elementor-heading-title[class*=elementor-size-]&gt;a{color:inherit;font-size:inherit;line-height:inherit}.elementor-widget-heading .elementor-heading-title.elementor-size-small{font-size:15px}.elementor-widget-heading .elementor-heading-title.elementor-size-medium{font-size:19px}.elementor-widget-heading .elementor-heading-title.elementor-size-large{font-size:29px}.elementor-widget-heading .elementor-heading-title.elementor-size-xl{font-size:39px}.elementor-widget-heading .elementor-heading-title.elementor-size-xxl{font-size:59px} Hemos recibido tu solicitud, un asesor acad\u00e9mico se pondr\u00e1 en contacto contigo en breve Volver a la p\u00e1gina principal","og_url":"https:\/\/amirlatam.com\/co\/formulario-enviado\/","og_site_name":"Colombia","article_publisher":"https:\/\/www.facebook.com\/AMIRSuramerica","article_modified_time":"2024-01-30T01:22:48+00:00","og_image":[{"width":720,"height":720,"url":"https:\/\/amirlatam.com\/co\/wp-content\/uploads\/sites\/2\/2023\/08\/amir-favicon.png","type":"image\/png"}],"twitter_card":"summary_large_image","schema":{"@context":"https:\/\/schema.org","@graph":[{"@type":"WebPage","@id":"https:\/\/amirlatam.com\/co\/formulario-enviado\/","url":"https:\/\/amirlatam.com\/co\/formulario-enviado\/","name":"formulario enviado &#8226; Colombia","isPartOf":{"@id":"https:\/\/amirlatam.com\/co\/#website"},"datePublished":"2023-09-02T00:44:46+00:00","dateModified":"2024-01-30T01:22:48+00:00","breadcrumb":{"@id":"https:\/\/amirlatam.com\/co\/formulario-enviado\/#breadcrumb"},"inLanguage":"es","potentialAction":[{"@type":"ReadAction","target":["https:\/\/amirlatam.com\/co\/formulario-enviado\/"]}]},{"@type":"BreadcrumbList","@id":"https:\/\/amirlatam.com\/co\/formulario-enviado\/#breadcrumb","itemListElement":[{"@type":"ListItem","position":1,"name":"Portada","item":"https:\/\/amirlatam.com\/co\/"},{"@type":"ListItem","position":2,"name":"formulario enviado"}]},{"@type":"WebSite","@id":"https:\/\/amirlatam.com\/co\/#website","url":"https:\/\/amirlatam.com\/co\/","name":"AMIR Colombia","description":"AMIR Latinoam\u00e9rica","publisher":{"@id":"https:\/\/amirlatam.com\/co\/#organization"},"alternateName":"AMIR","potentialAction":[{"@type":"SearchAction","target":{"@type":"EntryPoint","urlTemplate":"https:\/\/amirlatam.com\/co\/?s={search_term_string}"},"query-input":{"@type":"PropertyValueSpecification","valueRequired":true,"valueName":"search_term_string"}}],"inLanguage":"es"},{"@type":"Organization","@id":"https:\/\/amirlatam.com\/co\/#organization","name":"AMIR Colombia","url":"https:\/\/amirlatam.com\/co\/","logo":{"@type":"ImageObject","inLanguage":"es","@id":"https:\/\/amirlatam.com\/co\/#\/schema\/logo\/image\/","url":"https:\/\/amirlatam.com\/co\/wp-content\/uploads\/sites\/2\/2023\/08\/amir-favicon.png","contentUrl":"https:\/\/amirlatam.com\/co\/wp-content\/uploads\/sites\/2\/2023\/08\/amir-favicon.png","width":720,"height":720,"caption":"AMIR Colombia"},"image":{"@id":"https:\/\/amirlatam.com\/co\/#\/schema\/logo\/image\/"},"sameAs":["https:\/\/www.facebook.com\/AMIRSuramerica","https:\/\/www.linkedin.com\/company\/amir-colombia\/","https:\/\/www.instagram.com\/amirsuramerica\/"]}]}},"_links":{"self":[{"href":"https:\/\/amirlatam.com\/co\/wp-json\/wp\/v2\/pages\/2834","targetHints":{"allow":["GET"]}}],"collection":[{"href":"https:\/\/amirlatam.com\/co\/wp-json\/wp\/v2\/pages"}],"about":[{"href":"https:\/\/amirlatam.com\/co\/wp-json\/wp\/v2\/types\/page"}],"author":[{"embeddable":true,"href":"https:\/\/amirlatam.com\/co\/wp-json\/wp\/v2\/users\/1"}],"replies":[{"embeddable":true,"href":"https:\/\/amirlatam.com\/co\/wp-json\/wp\/v2\/comments?post=2834"}],"version-history":[{"count":7,"href":"https:\/\/amirlatam.com\/co\/wp-json\/wp\/v2\/pages\/2834\/revisions"}],"predecessor-version":[{"id":5202,"href":"https:\/\/amirlatam.com\/co\/wp-json\/wp\/v2\/pages\/2834\/revisions\/5202"}],"wp:attachment":[{"href":"https:\/\/amirlatam.com\/co\/wp-json\/wp\/v2\/media?parent=2834"}],"curies":[{"name":"wp","href":"https:\/\/api.w.org\/{rel}","templated":true}]}}