{"id":2582,"date":"2023-08-14T04:52:29","date_gmt":"2023-08-14T08:52:29","guid":{"rendered":"https:\/\/amirlatam.com\/ca\/?post_type=product&#038;p=2582"},"modified":"2024-09-06T17:53:20","modified_gmt":"2024-09-06T21:53:20","slug":"diplomado-de-pediatria-hospitalaria","status":"publish","type":"product","link":"https:\/\/amirlatam.com\/ca\/cursos\/medicina\/diplomado-de-pediatria-hospitalaria\/","title":{"rendered":"Curso de actualizaci\u00f3n en Pediatr\u00eda Hospitalaria\u200b"},"content":{"rendered":"\t\t<div data-elementor-type=\"container\" data-elementor-id=\"2580\" class=\"elementor elementor-2580\" data-elementor-settings=\"{&quot;ha_cmc_init_switcher&quot;:&quot;no&quot;}\" data-elementor-post-type=\"elementor_library\">\n\t\t\t\t<div class=\"elementor-element elementor-element-29991be e-flex e-con-boxed e-con e-parent\" data-id=\"29991be\" data-element_type=\"container\" data-e-type=\"container\" data-settings=\"{&quot;_ha_eqh_enable&quot;:false}\">\n\t\t\t\t\t<div class=\"e-con-inner\">\n\t\t\t\t<div class=\"elementor-element elementor-element-221481be elementor-widget elementor-widget-accordion\" data-id=\"221481be\" data-element_type=\"widget\" data-e-type=\"widget\" data-widget_type=\"accordion.default\">\n\t\t\t\t<div class=\"elementor-widget-container\">\n\t\t\t\t\t\t\t<div class=\"elementor-accordion\">\n\t\t\t\t\t\t\t<div class=\"elementor-accordion-item\">\n\t\t\t\t\t<div id=\"elementor-tab-title-5711\" class=\"elementor-tab-title\" data-tab=\"1\" role=\"button\" aria-controls=\"elementor-tab-content-5711\" aria-expanded=\"false\">\n\t\t\t\t\t\t\t\t\t\t\t\t\t<span class=\"elementor-accordion-icon elementor-accordion-icon-left\" aria-hidden=\"true\">\n\t\t\t\t\t\t\t\t\t\t\t\t\t\t\t<span class=\"elementor-accordion-icon-closed\"><i class=\"fas fa-plus\"><\/i><\/span>\n\t\t\t\t\t\t\t\t<span class=\"elementor-accordion-icon-opened\"><i class=\"fas fa-minus\"><\/i><\/span>\n\t\t\t\t\t\t\t\t\t\t\t\t\t\t<\/span>\n\t\t\t\t\t\t\t\t\t\t\t\t<a class=\"elementor-accordion-title\" tabindex=\"0\">Contenido y M\u00f3dulos<\/a>\n\t\t\t\t\t<\/div>\n\t\t\t\t\t<div id=\"elementor-tab-content-5711\" class=\"elementor-tab-content elementor-clearfix\" data-tab=\"1\" role=\"region\" aria-labelledby=\"elementor-tab-title-5711\"><ol><li style=\"font-weight: 400;\">PEDIATR\u00cdA GENERAL.<\/li><li style=\"font-weight: 400;\">NEONATOLOG\u00cdA.<\/li><li style=\"font-weight: 400;\">INFECTOLOG\u00cdA.<\/li><li style=\"font-weight: 400;\">PSQUIATR\u00cdA.<\/li><li style=\"font-weight: 400;\">GASTROENTEROLOG\u00cdA.<\/li><li style=\"font-weight: 400;\">ENDOCRINOLOG\u00cdA.<\/li><li style=\"font-weight: 400;\">PATOLOG\u00cdA RESPIRATORIA.<\/li><li style=\"font-weight: 400;\">CARDIOLOG\u00cdA.<\/li><li style=\"font-weight: 400;\">HEMATO-ONCOLOG\u00cdA.<\/li><li style=\"font-weight: 400;\">NEFROLOG\u00cdA.<\/li><li style=\"font-weight: 400;\">NEUROLOG\u00cdA.<\/li><li style=\"font-weight: 400;\">APARATO LOCOMOTOR.<\/li><li style=\"font-weight: 400;\">PACIENTE CR\u00cdTICO.<\/li><li style=\"font-weight: 400;\">OTRAS ESPECIALIDADES.<\/li><\/ol><\/div>\n\t\t\t\t<\/div>\n\t\t\t\t\t\t\t\t<\/div>\n\t\t\t\t\t\t<\/div>\n\t\t\t\t<\/div>\n\t\t\t\t\t<\/div>\n\t\t\t\t<\/div>\n\t\t\t\t<\/div>\n\t\t\n","protected":false},"excerpt":{"rendered":"<p style=\"font-weight: 400\">Este curso tiene como objetivo profundizar y actualizar de manera detallada el estudio sobre la atenci\u00f3n integral al paciente pedi\u00e1trico hospitalizado en los aspectos diagn\u00f3sticos, curativos, preventivos y rehabilitadores.<\/p>\n<p style=\"font-weight: 400\">Permitiendo al alumno adquirir un completo conocimiento en los aspectos te\u00f3ricos y pr\u00e1cticos de su \u00e1rea de especializaci\u00f3n m\u00e9dica.<\/p>\n","protected":false},"featured_media":10007,"template":"","meta":{"_acf_changed":false},"product_brand":[],"product_cat":[59],"product_tag":[86],"class_list":{"0":"post-2582","1":"product","2":"type-product","3":"status-publish","4":"has-post-thumbnail","6":"product_cat-medicina","7":"product_tag-venta","9":"first","10":"instock","11":"purchasable","12":"product-type-variable"},"acf":[],"yoast_head":"<!-- This site is optimized with the Yoast SEO Premium plugin v26.8 (Yoast SEO v26.8) - https:\/\/yoast.com\/product\/yoast-seo-premium-wordpress\/ -->\n<title>Curso de actualizaci\u00f3n en Pediatr\u00eda Hospitalaria\u200b - Centro Am\u00e9rica<\/title>\n<meta name=\"robots\" content=\"index, follow, max-snippet:-1, max-image-preview:large, max-video-preview:-1\" \/>\n<link rel=\"canonical\" href=\"https:\/\/amirlatam.com\/ca\/cursos\/medicina\/diplomado-de-pediatria-hospitalaria\/\" \/>\n<meta property=\"og:locale\" content=\"es_ES\" \/>\n<meta property=\"og:type\" content=\"article\" \/>\n<meta property=\"og:title\" content=\"Curso de actualizaci\u00f3n en Pediatr\u00eda Hospitalaria\u200b\" \/>\n<meta property=\"og:description\" content=\"Este curso tiene como objetivo profundizar y actualizar de manera detallada el estudio sobre la atenci\u00f3n integral al paciente pedi\u00e1trico hospitalizado en los aspectos diagn\u00f3sticos, curativos, preventivos y rehabilitadores. Permitiendo al alumno adquirir un completo conocimiento en los aspectos te\u00f3ricos y pr\u00e1cticos de su \u00e1rea de especializaci\u00f3n m\u00e9dica.\" \/>\n<meta property=\"og:url\" content=\"https:\/\/amirlatam.com\/ca\/cursos\/medicina\/diplomado-de-pediatria-hospitalaria\/\" \/>\n<meta property=\"og:site_name\" content=\"Centro Am\u00e9rica\" \/>\n<meta property=\"article:modified_time\" content=\"2024-09-06T21:53:20+00:00\" \/>\n<meta property=\"og:image\" content=\"https:\/\/amirlatam.com\/ca\/wp-content\/uploads\/sites\/9\/2023\/08\/doctora-nina-osito-peluche-scaled.jpg\" \/>\n\t<meta property=\"og:image:width\" content=\"2560\" \/>\n\t<meta property=\"og:image:height\" content=\"1745\" \/>\n\t<meta property=\"og:image:type\" content=\"image\/jpeg\" \/>\n<meta name=\"twitter:card\" content=\"summary_large_image\" \/>\n<meta name=\"twitter:label1\" content=\"Disponibilidad\" \/>\n\t<meta name=\"twitter:data1\" content=\"Disponible\" \/>\n<script type=\"application\/ld+json\" class=\"yoast-schema-graph\">{\"@context\":\"https:\/\/schema.org\",\"@graph\":[{\"@type\":\"WebPage\",\"@id\":\"https:\/\/amirlatam.com\/ca\/cursos\/medicina\/diplomado-de-pediatria-hospitalaria\/\",\"url\":\"https:\/\/amirlatam.com\/ca\/cursos\/medicina\/diplomado-de-pediatria-hospitalaria\/\",\"name\":\"Curso de actualizaci\u00f3n en Pediatr\u00eda Hospitalaria\u200b - Centro Am\u00e9rica\",\"isPartOf\":{\"@id\":\"https:\/\/amirlatam.com\/ca\/#website\"},\"primaryImageOfPage\":{\"@id\":\"https:\/\/amirlatam.com\/ca\/cursos\/medicina\/diplomado-de-pediatria-hospitalaria\/#primaryimage\"},\"image\":{\"@id\":\"https:\/\/amirlatam.com\/ca\/cursos\/medicina\/diplomado-de-pediatria-hospitalaria\/#primaryimage\"},\"thumbnailUrl\":\"https:\/\/amirlatam.com\/ca\/wp-content\/uploads\/sites\/9\/2023\/08\/doctora-nina-osito-peluche-scaled.jpg\",\"datePublished\":\"2023-08-14T08:52:29+00:00\",\"dateModified\":\"2024-09-06T21:53:20+00:00\",\"breadcrumb\":{\"@id\":\"https:\/\/amirlatam.com\/ca\/cursos\/medicina\/diplomado-de-pediatria-hospitalaria\/#breadcrumb\"},\"inLanguage\":\"es\",\"potentialAction\":[{\"@type\":\"ReadAction\",\"target\":[\"https:\/\/amirlatam.com\/ca\/cursos\/medicina\/diplomado-de-pediatria-hospitalaria\/\"]}]},{\"@type\":\"ImageObject\",\"inLanguage\":\"es\",\"@id\":\"https:\/\/amirlatam.com\/ca\/cursos\/medicina\/diplomado-de-pediatria-hospitalaria\/#primaryimage\",\"url\":\"https:\/\/amirlatam.com\/ca\/wp-content\/uploads\/sites\/9\/2023\/08\/doctora-nina-osito-peluche-scaled.jpg\",\"contentUrl\":\"https:\/\/amirlatam.com\/ca\/wp-content\/uploads\/sites\/9\/2023\/08\/doctora-nina-osito-peluche-scaled.jpg\",\"width\":2560,\"height\":1745,\"caption\":\"Female doctor and child girl with teddy bear\"},{\"@type\":\"BreadcrumbList\",\"@id\":\"https:\/\/amirlatam.com\/ca\/cursos\/medicina\/diplomado-de-pediatria-hospitalaria\/#breadcrumb\",\"itemListElement\":[{\"@type\":\"ListItem\",\"position\":1,\"name\":\"Portada\",\"item\":\"https:\/\/amirlatam.com\/ca\/\"},{\"@type\":\"ListItem\",\"position\":2,\"name\":\"Tienda\",\"item\":\"https:\/\/amirlatam.com\/ca\/tienda\/\"},{\"@type\":\"ListItem\",\"position\":3,\"name\":\"Curso de actualizaci\u00f3n en Pediatr\u00eda Hospitalaria\u200b\"}]},{\"@type\":\"WebSite\",\"@id\":\"https:\/\/amirlatam.com\/ca\/#website\",\"url\":\"https:\/\/amirlatam.com\/ca\/\",\"name\":\"Centro Am\u00e9rica\",\"description\":\"AMIR Latinoam\u00e9rica\",\"publisher\":{\"@id\":\"https:\/\/amirlatam.com\/ca\/#organization\"},\"potentialAction\":[{\"@type\":\"SearchAction\",\"target\":{\"@type\":\"EntryPoint\",\"urlTemplate\":\"https:\/\/amirlatam.com\/ca\/?s={search_term_string}\"},\"query-input\":{\"@type\":\"PropertyValueSpecification\",\"valueRequired\":true,\"valueName\":\"search_term_string\"}}],\"inLanguage\":\"es\"},{\"@type\":\"Organization\",\"@id\":\"https:\/\/amirlatam.com\/ca\/#organization\",\"name\":\"Centro Am\u00e9rica\",\"url\":\"https:\/\/amirlatam.com\/ca\/\",\"logo\":{\"@type\":\"ImageObject\",\"inLanguage\":\"es\",\"@id\":\"https:\/\/amirlatam.com\/ca\/#\/schema\/logo\/image\/\",\"url\":\"https:\/\/amirlatam.com\/ca\/wp-content\/uploads\/sites\/9\/2023\/06\/Logo.png\",\"contentUrl\":\"https:\/\/amirlatam.com\/ca\/wp-content\/uploads\/sites\/9\/2023\/06\/Logo.png\",\"width\":676,\"height\":200,\"caption\":\"Centro Am\u00e9rica\"},\"image\":{\"@id\":\"https:\/\/amirlatam.com\/ca\/#\/schema\/logo\/image\/\"}}]}<\/script>\n<meta property=\"og:availability\" content=\"instock\" \/>\n<meta property=\"product:availability\" content=\"instock\" \/>\n<meta property=\"product:condition\" content=\"new\" \/>\n<!-- \/ Yoast SEO Premium plugin. -->","yoast_head_json":{"title":"Curso de actualizaci\u00f3n en Pediatr\u00eda Hospitalaria\u200b - Centro Am\u00e9rica","robots":{"index":"index","follow":"follow","max-snippet":"max-snippet:-1","max-image-preview":"max-image-preview:large","max-video-preview":"max-video-preview:-1"},"canonical":"https:\/\/amirlatam.com\/ca\/cursos\/medicina\/diplomado-de-pediatria-hospitalaria\/","og_locale":"es_ES","og_type":"article","og_title":"Curso de actualizaci\u00f3n en Pediatr\u00eda Hospitalaria\u200b","og_description":"Este curso tiene como objetivo profundizar y actualizar de manera detallada el estudio sobre la atenci\u00f3n integral al paciente pedi\u00e1trico hospitalizado en los aspectos diagn\u00f3sticos, curativos, preventivos y rehabilitadores. Permitiendo al alumno adquirir un completo conocimiento en los aspectos te\u00f3ricos y pr\u00e1cticos de su \u00e1rea de especializaci\u00f3n m\u00e9dica.","og_url":"https:\/\/amirlatam.com\/ca\/cursos\/medicina\/diplomado-de-pediatria-hospitalaria\/","og_site_name":"Centro Am\u00e9rica","article_modified_time":"2024-09-06T21:53:20+00:00","og_image":[{"width":2560,"height":1745,"url":"https:\/\/amirlatam.com\/ca\/wp-content\/uploads\/sites\/9\/2023\/08\/doctora-nina-osito-peluche-scaled.jpg","type":"image\/jpeg"}],"twitter_card":"summary_large_image","twitter_misc":{"Disponibilidad":"Disponible"},"schema":{"@context":"https:\/\/schema.org","@graph":[{"@type":"WebPage","@id":"https:\/\/amirlatam.com\/ca\/cursos\/medicina\/diplomado-de-pediatria-hospitalaria\/","url":"https:\/\/amirlatam.com\/ca\/cursos\/medicina\/diplomado-de-pediatria-hospitalaria\/","name":"Curso de actualizaci\u00f3n en Pediatr\u00eda Hospitalaria\u200b - Centro Am\u00e9rica","isPartOf":{"@id":"https:\/\/amirlatam.com\/ca\/#website"},"primaryImageOfPage":{"@id":"https:\/\/amirlatam.com\/ca\/cursos\/medicina\/diplomado-de-pediatria-hospitalaria\/#primaryimage"},"image":{"@id":"https:\/\/amirlatam.com\/ca\/cursos\/medicina\/diplomado-de-pediatria-hospitalaria\/#primaryimage"},"thumbnailUrl":"https:\/\/amirlatam.com\/ca\/wp-content\/uploads\/sites\/9\/2023\/08\/doctora-nina-osito-peluche-scaled.jpg","datePublished":"2023-08-14T08:52:29+00:00","dateModified":"2024-09-06T21:53:20+00:00","breadcrumb":{"@id":"https:\/\/amirlatam.com\/ca\/cursos\/medicina\/diplomado-de-pediatria-hospitalaria\/#breadcrumb"},"inLanguage":"es","potentialAction":[{"@type":"ReadAction","target":["https:\/\/amirlatam.com\/ca\/cursos\/medicina\/diplomado-de-pediatria-hospitalaria\/"]}]},{"@type":"ImageObject","inLanguage":"es","@id":"https:\/\/amirlatam.com\/ca\/cursos\/medicina\/diplomado-de-pediatria-hospitalaria\/#primaryimage","url":"https:\/\/amirlatam.com\/ca\/wp-content\/uploads\/sites\/9\/2023\/08\/doctora-nina-osito-peluche-scaled.jpg","contentUrl":"https:\/\/amirlatam.com\/ca\/wp-content\/uploads\/sites\/9\/2023\/08\/doctora-nina-osito-peluche-scaled.jpg","width":2560,"height":1745,"caption":"Female doctor and child girl with teddy bear"},{"@type":"BreadcrumbList","@id":"https:\/\/amirlatam.com\/ca\/cursos\/medicina\/diplomado-de-pediatria-hospitalaria\/#breadcrumb","itemListElement":[{"@type":"ListItem","position":1,"name":"Portada","item":"https:\/\/amirlatam.com\/ca\/"},{"@type":"ListItem","position":2,"name":"Tienda","item":"https:\/\/amirlatam.com\/ca\/tienda\/"},{"@type":"ListItem","position":3,"name":"Curso de actualizaci\u00f3n en Pediatr\u00eda Hospitalaria\u200b"}]},{"@type":"WebSite","@id":"https:\/\/amirlatam.com\/ca\/#website","url":"https:\/\/amirlatam.com\/ca\/","name":"Centro Am\u00e9rica","description":"AMIR Latinoam\u00e9rica","publisher":{"@id":"https:\/\/amirlatam.com\/ca\/#organization"},"potentialAction":[{"@type":"SearchAction","target":{"@type":"EntryPoint","urlTemplate":"https:\/\/amirlatam.com\/ca\/?s={search_term_string}"},"query-input":{"@type":"PropertyValueSpecification","valueRequired":true,"valueName":"search_term_string"}}],"inLanguage":"es"},{"@type":"Organization","@id":"https:\/\/amirlatam.com\/ca\/#organization","name":"Centro Am\u00e9rica","url":"https:\/\/amirlatam.com\/ca\/","logo":{"@type":"ImageObject","inLanguage":"es","@id":"https:\/\/amirlatam.com\/ca\/#\/schema\/logo\/image\/","url":"https:\/\/amirlatam.com\/ca\/wp-content\/uploads\/sites\/9\/2023\/06\/Logo.png","contentUrl":"https:\/\/amirlatam.com\/ca\/wp-content\/uploads\/sites\/9\/2023\/06\/Logo.png","width":676,"height":200,"caption":"Centro Am\u00e9rica"},"image":{"@id":"https:\/\/amirlatam.com\/ca\/#\/schema\/logo\/image\/"}}]},"og_availability":"instock","product_availability":"instock","product_condition":"new"},"_links":{"self":[{"href":"https:\/\/amirlatam.com\/ca\/wp-json\/wp\/v2\/product\/2582","targetHints":{"allow":["GET"]}}],"collection":[{"href":"https:\/\/amirlatam.com\/ca\/wp-json\/wp\/v2\/product"}],"about":[{"href":"https:\/\/amirlatam.com\/ca\/wp-json\/wp\/v2\/types\/product"}],"wp:featuredmedia":[{"embeddable":true,"href":"https:\/\/amirlatam.com\/ca\/wp-json\/wp\/v2\/media\/10007"}],"wp:attachment":[{"href":"https:\/\/amirlatam.com\/ca\/wp-json\/wp\/v2\/media?parent=2582"}],"wp:term":[{"taxonomy":"product_brand","embeddable":true,"href":"https:\/\/amirlatam.com\/ca\/wp-json\/wp\/v2\/product_brand?post=2582"},{"taxonomy":"product_cat","embeddable":true,"href":"https:\/\/amirlatam.com\/ca\/wp-json\/wp\/v2\/product_cat?post=2582"},{"taxonomy":"product_tag","embeddable":true,"href":"https:\/\/amirlatam.com\/ca\/wp-json\/wp\/v2\/product_tag?post=2582"}],"curies":[{"name":"wp","href":"https:\/\/api.w.org\/{rel}","templated":true}]}}