{"id":2522,"date":"2023-08-14T03:34:58","date_gmt":"2023-08-14T07:34:58","guid":{"rendered":"https:\/\/amirlatam.com\/ca\/?post_type=product&#038;p=2522"},"modified":"2025-10-08T16:56:28","modified_gmt":"2025-10-08T20:56:28","slug":"curso-experto-en-estetica-facial-para-odontologos","status":"publish","type":"product","link":"https:\/\/amirlatam.com\/ca\/cursos\/estetica\/curso-experto-en-estetica-facial-para-odontologos\/","title":{"rendered":"Curso Experto en Armonizaci\u00f3n Orofacial"},"content":{"rendered":"\t\t<div data-elementor-type=\"container\" data-elementor-id=\"2529\" class=\"elementor elementor-2529\" data-elementor-settings=\"{&quot;ha_cmc_init_switcher&quot;:&quot;no&quot;}\" data-elementor-post-type=\"elementor_library\">\n\t\t\t\t<div class=\"elementor-element elementor-element-4d348a64 e-flex e-con-boxed e-con e-parent\" data-id=\"4d348a64\" data-element_type=\"container\" data-e-type=\"container\" data-settings=\"{&quot;_ha_eqh_enable&quot;:false}\">\n\t\t\t\t\t<div class=\"e-con-inner\">\n\t\t\t\t<div class=\"elementor-element elementor-element-6d3d677f elementor-widget elementor-widget-accordion\" data-id=\"6d3d677f\" data-element_type=\"widget\" data-e-type=\"widget\" data-widget_type=\"accordion.default\">\n\t\t\t\t<div class=\"elementor-widget-container\">\n\t\t\t\t\t\t\t<div class=\"elementor-accordion\">\n\t\t\t\t\t\t\t<div class=\"elementor-accordion-item\">\n\t\t\t\t\t<div id=\"elementor-tab-title-1831\" class=\"elementor-tab-title\" data-tab=\"1\" role=\"button\" aria-controls=\"elementor-tab-content-1831\" aria-expanded=\"false\">\n\t\t\t\t\t\t\t\t\t\t\t\t\t<span class=\"elementor-accordion-icon elementor-accordion-icon-left\" aria-hidden=\"true\">\n\t\t\t\t\t\t\t\t\t\t\t\t\t\t\t<span class=\"elementor-accordion-icon-closed\"><i class=\"fas fa-plus\"><\/i><\/span>\n\t\t\t\t\t\t\t\t<span class=\"elementor-accordion-icon-opened\"><i class=\"fas fa-minus\"><\/i><\/span>\n\t\t\t\t\t\t\t\t\t\t\t\t\t\t<\/span>\n\t\t\t\t\t\t\t\t\t\t\t\t<a class=\"elementor-accordion-title\" tabindex=\"0\">M\u00f3dulo I<\/a>\n\t\t\t\t\t<\/div>\n\t\t\t\t\t<div id=\"elementor-tab-content-1831\" class=\"elementor-tab-content elementor-clearfix\" data-tab=\"1\" role=\"region\" aria-labelledby=\"elementor-tab-title-1831\"><p style=\"font-weight: 400;\"><strong>M\u00d3DULO I <\/strong><\/p><ul style=\"font-weight: 400;\"><li>INTRODUCCI\u00d3N A LA MEDICINA EST\u00c9TICA FACIAL E HISTORIA DE LA BELLEZA.\u00a0<\/li><li>ANATOM\u00cdA APLICADA A MEDICINA EST\u00c9TICA FACIAL DEL TERCIO MEDIO E INFERIOR.\u00a0<\/li><li>PROCESO DE ENVEJECIMIENTO FACIAL.\u00a0<\/li><\/ul><ul style=\"font-weight: 400;\"><li>FOTOGRAF\u00cdA\u00a0<\/li><li>MARKETING Y REDES SOCIALES.\u00a0<\/li><\/ul><p style=\"font-weight: 400;\">\u00a0<\/p><\/div>\n\t\t\t\t<\/div>\n\t\t\t\t\t\t\t<div class=\"elementor-accordion-item\">\n\t\t\t\t\t<div id=\"elementor-tab-title-1832\" class=\"elementor-tab-title\" data-tab=\"2\" role=\"button\" aria-controls=\"elementor-tab-content-1832\" aria-expanded=\"false\">\n\t\t\t\t\t\t\t\t\t\t\t\t\t<span class=\"elementor-accordion-icon elementor-accordion-icon-left\" aria-hidden=\"true\">\n\t\t\t\t\t\t\t\t\t\t\t\t\t\t\t<span class=\"elementor-accordion-icon-closed\"><i class=\"fas fa-plus\"><\/i><\/span>\n\t\t\t\t\t\t\t\t<span class=\"elementor-accordion-icon-opened\"><i class=\"fas fa-minus\"><\/i><\/span>\n\t\t\t\t\t\t\t\t\t\t\t\t\t\t<\/span>\n\t\t\t\t\t\t\t\t\t\t\t\t<a class=\"elementor-accordion-title\" tabindex=\"0\">M\u00f3dulo II<\/a>\n\t\t\t\t\t<\/div>\n\t\t\t\t\t<div id=\"elementor-tab-content-1832\" class=\"elementor-tab-content elementor-clearfix\" data-tab=\"2\" role=\"region\" aria-labelledby=\"elementor-tab-title-1832\"><p style=\"font-weight: 400;\"><strong>M\u00d3DULO II <\/strong><\/p><ul><li>ANATOM\u00cdA DE LA PIEL.\u00a0<\/li><li>MESOTERAPIA FACIAL.<\/li><li>PLASMA RICO EN PLAQUETAS I.<\/li><li>PLASMA RICO EN PLAQUETAS II.<\/li><\/ul><\/div>\n\t\t\t\t<\/div>\n\t\t\t\t\t\t\t<div class=\"elementor-accordion-item\">\n\t\t\t\t\t<div id=\"elementor-tab-title-1833\" class=\"elementor-tab-title\" data-tab=\"3\" role=\"button\" aria-controls=\"elementor-tab-content-1833\" aria-expanded=\"false\">\n\t\t\t\t\t\t\t\t\t\t\t\t\t<span class=\"elementor-accordion-icon elementor-accordion-icon-left\" aria-hidden=\"true\">\n\t\t\t\t\t\t\t\t\t\t\t\t\t\t\t<span class=\"elementor-accordion-icon-closed\"><i class=\"fas fa-plus\"><\/i><\/span>\n\t\t\t\t\t\t\t\t<span class=\"elementor-accordion-icon-opened\"><i class=\"fas fa-minus\"><\/i><\/span>\n\t\t\t\t\t\t\t\t\t\t\t\t\t\t<\/span>\n\t\t\t\t\t\t\t\t\t\t\t\t<a class=\"elementor-accordion-title\" tabindex=\"0\">M\u00f3dulo III<\/a>\n\t\t\t\t\t<\/div>\n\t\t\t\t\t<div id=\"elementor-tab-content-1833\" class=\"elementor-tab-content elementor-clearfix\" data-tab=\"3\" role=\"region\" aria-labelledby=\"elementor-tab-title-1833\"><p style=\"font-weight: 400;\"><strong>M\u00d3DULO III <\/strong><\/p><ul><li>\u00c1CIDO HIALUR\u00d3NICO I.<\/li><li>\u00c1CIDO HIALUR\u00d3NICO II.<\/li><li>RELLENOS D\u00c9RMICOS INDUCTORES DE COL\u00c1GENO.<\/li><li>INTRODUCCI\u00d3N A LA DERMOCOSM\u00c9TICA. CREMAS.<\/li><\/ul><\/div>\n\t\t\t\t<\/div>\n\t\t\t\t\t\t\t<div class=\"elementor-accordion-item\">\n\t\t\t\t\t<div id=\"elementor-tab-title-1834\" class=\"elementor-tab-title\" data-tab=\"4\" role=\"button\" aria-controls=\"elementor-tab-content-1834\" aria-expanded=\"false\">\n\t\t\t\t\t\t\t\t\t\t\t\t\t<span class=\"elementor-accordion-icon elementor-accordion-icon-left\" aria-hidden=\"true\">\n\t\t\t\t\t\t\t\t\t\t\t\t\t\t\t<span class=\"elementor-accordion-icon-closed\"><i class=\"fas fa-plus\"><\/i><\/span>\n\t\t\t\t\t\t\t\t<span class=\"elementor-accordion-icon-opened\"><i class=\"fas fa-minus\"><\/i><\/span>\n\t\t\t\t\t\t\t\t\t\t\t\t\t\t<\/span>\n\t\t\t\t\t\t\t\t\t\t\t\t<a class=\"elementor-accordion-title\" tabindex=\"0\">M\u00f3dulo VI<\/a>\n\t\t\t\t\t<\/div>\n\t\t\t\t\t<div id=\"elementor-tab-content-1834\" class=\"elementor-tab-content elementor-clearfix\" data-tab=\"4\" role=\"region\" aria-labelledby=\"elementor-tab-title-1834\"><p style=\"font-weight: 400;\"><strong>M\u00d3DULO IV<\/strong><\/p><ul><li>TOXINA BOTUL\u00cdNICA.<\/li><li>HILOS TENSORES.<\/li><\/ul><\/div>\n\t\t\t\t<\/div>\n\t\t\t\t\t\t\t<div class=\"elementor-accordion-item\">\n\t\t\t\t\t<div id=\"elementor-tab-title-1835\" class=\"elementor-tab-title\" data-tab=\"5\" role=\"button\" aria-controls=\"elementor-tab-content-1835\" aria-expanded=\"false\">\n\t\t\t\t\t\t\t\t\t\t\t\t\t<span class=\"elementor-accordion-icon elementor-accordion-icon-left\" aria-hidden=\"true\">\n\t\t\t\t\t\t\t\t\t\t\t\t\t\t\t<span class=\"elementor-accordion-icon-closed\"><i class=\"fas fa-plus\"><\/i><\/span>\n\t\t\t\t\t\t\t\t<span class=\"elementor-accordion-icon-opened\"><i class=\"fas fa-minus\"><\/i><\/span>\n\t\t\t\t\t\t\t\t\t\t\t\t\t\t<\/span>\n\t\t\t\t\t\t\t\t\t\t\t\t<a class=\"elementor-accordion-title\" tabindex=\"0\">M\u00f3dulo V<\/a>\n\t\t\t\t\t<\/div>\n\t\t\t\t\t<div id=\"elementor-tab-content-1835\" class=\"elementor-tab-content elementor-clearfix\" data-tab=\"5\" role=\"region\" aria-labelledby=\"elementor-tab-title-1835\"><p style=\"font-weight: 400;\"><strong>M\u00d3DULO V<\/strong><\/p><ul><li>ANATOM\u00cdA APLICADA A LA BICHECTOM\u00cdA. POSIBLES COMPLICACIONES<\/li><li>BICHECTOM\u00cdA. CIRUG\u00cdA.<\/li><\/ul><p style=\"font-weight: 400;\"><strong>\u00a0<\/strong><\/p><\/div>\n\t\t\t\t<\/div>\n\t\t\t\t\t\t\t\t<\/div>\n\t\t\t\t\t\t<\/div>\n\t\t\t\t<\/div>\n\t\t\t\t\t<\/div>\n\t\t\t\t<\/div>\n\t\t\t\t<\/div>\n\t\t\n","protected":false},"excerpt":{"rendered":"<p>El Curso Experto en Armonizaci\u00f3n Orofacial para Odont\u00f3logos tiene como objetivo capacitar al profesional de los conocimientos te\u00f3ricos y habilidades necesarias para poder diagnosticar y tratar las necesidades est\u00e9ticas del entorno facial; especialmente centr\u00e1ndonos en el tercio medio e inferior.<\/p>\n","protected":false},"featured_media":2753,"template":"","meta":{"_acf_changed":false},"product_brand":[],"product_cat":[57,59],"product_tag":[86],"class_list":{"0":"post-2522","1":"product","2":"type-product","3":"status-publish","4":"has-post-thumbnail","6":"product_cat-estetica","7":"product_cat-medicina","8":"product_tag-venta","10":"first","11":"instock","12":"purchasable","13":"product-type-variable"},"acf":[],"yoast_head":"<!-- This site is optimized with the Yoast SEO Premium plugin v26.8 (Yoast SEO v26.8) - https:\/\/yoast.com\/product\/yoast-seo-premium-wordpress\/ -->\n<title>Curso Experto en Armonizaci\u00f3n Orofacial - Centro Am\u00e9rica<\/title>\n<meta name=\"robots\" content=\"index, follow, max-snippet:-1, max-image-preview:large, max-video-preview:-1\" \/>\n<link rel=\"canonical\" href=\"https:\/\/amirlatam.com\/ca\/cursos\/estetica\/curso-experto-en-estetica-facial-para-odontologos\/\" \/>\n<meta property=\"og:locale\" content=\"es_ES\" \/>\n<meta property=\"og:type\" content=\"article\" \/>\n<meta property=\"og:title\" content=\"Curso Experto en Armonizaci\u00f3n Orofacial\" \/>\n<meta property=\"og:description\" content=\"El Curso Experto en Armonizaci\u00f3n Orofacial para Odont\u00f3logos tiene como objetivo capacitar al profesional de los conocimientos te\u00f3ricos y habilidades necesarias para poder diagnosticar y tratar las necesidades est\u00e9ticas del entorno facial; especialmente centr\u00e1ndonos en el tercio medio e inferior.\" \/>\n<meta property=\"og:url\" content=\"https:\/\/amirlatam.com\/ca\/cursos\/estetica\/curso-experto-en-estetica-facial-para-odontologos\/\" \/>\n<meta property=\"og:site_name\" content=\"Centro Am\u00e9rica\" \/>\n<meta property=\"article:modified_time\" content=\"2025-10-08T20:56:28+00:00\" \/>\n<meta property=\"og:image\" content=\"https:\/\/amirlatam.com\/ca\/wp-content\/uploads\/sites\/9\/2023\/08\/Curso-Armonizacion-b-scaled.jpg\" \/>\n\t<meta property=\"og:image:width\" content=\"2560\" \/>\n\t<meta property=\"og:image:height\" content=\"1707\" \/>\n\t<meta property=\"og:image:type\" content=\"image\/jpeg\" \/>\n<meta name=\"twitter:card\" content=\"summary_large_image\" \/>\n<meta name=\"twitter:label1\" content=\"Disponibilidad\" \/>\n\t<meta name=\"twitter:data1\" content=\"Disponible\" \/>\n<script type=\"application\/ld+json\" class=\"yoast-schema-graph\">{\"@context\":\"https:\/\/schema.org\",\"@graph\":[{\"@type\":\"WebPage\",\"@id\":\"https:\/\/amirlatam.com\/ca\/cursos\/estetica\/curso-experto-en-estetica-facial-para-odontologos\/\",\"url\":\"https:\/\/amirlatam.com\/ca\/cursos\/estetica\/curso-experto-en-estetica-facial-para-odontologos\/\",\"name\":\"Curso Experto en Armonizaci\u00f3n Orofacial - Centro Am\u00e9rica\",\"isPartOf\":{\"@id\":\"https:\/\/amirlatam.com\/ca\/#website\"},\"primaryImageOfPage\":{\"@id\":\"https:\/\/amirlatam.com\/ca\/cursos\/estetica\/curso-experto-en-estetica-facial-para-odontologos\/#primaryimage\"},\"image\":{\"@id\":\"https:\/\/amirlatam.com\/ca\/cursos\/estetica\/curso-experto-en-estetica-facial-para-odontologos\/#primaryimage\"},\"thumbnailUrl\":\"https:\/\/amirlatam.com\/ca\/wp-content\/uploads\/sites\/9\/2023\/08\/Curso-Armonizacion-b-scaled.jpg\",\"datePublished\":\"2023-08-14T07:34:58+00:00\",\"dateModified\":\"2025-10-08T20:56:28+00:00\",\"breadcrumb\":{\"@id\":\"https:\/\/amirlatam.com\/ca\/cursos\/estetica\/curso-experto-en-estetica-facial-para-odontologos\/#breadcrumb\"},\"inLanguage\":\"es\",\"potentialAction\":[{\"@type\":\"ReadAction\",\"target\":[\"https:\/\/amirlatam.com\/ca\/cursos\/estetica\/curso-experto-en-estetica-facial-para-odontologos\/\"]}]},{\"@type\":\"ImageObject\",\"inLanguage\":\"es\",\"@id\":\"https:\/\/amirlatam.com\/ca\/cursos\/estetica\/curso-experto-en-estetica-facial-para-odontologos\/#primaryimage\",\"url\":\"https:\/\/amirlatam.com\/ca\/wp-content\/uploads\/sites\/9\/2023\/08\/Curso-Armonizacion-b-scaled.jpg\",\"contentUrl\":\"https:\/\/amirlatam.com\/ca\/wp-content\/uploads\/sites\/9\/2023\/08\/Curso-Armonizacion-b-scaled.jpg\",\"width\":2560,\"height\":1707},{\"@type\":\"BreadcrumbList\",\"@id\":\"https:\/\/amirlatam.com\/ca\/cursos\/estetica\/curso-experto-en-estetica-facial-para-odontologos\/#breadcrumb\",\"itemListElement\":[{\"@type\":\"ListItem\",\"position\":1,\"name\":\"Portada\",\"item\":\"https:\/\/amirlatam.com\/ca\/\"},{\"@type\":\"ListItem\",\"position\":2,\"name\":\"Tienda\",\"item\":\"https:\/\/amirlatam.com\/ca\/tienda\/\"},{\"@type\":\"ListItem\",\"position\":3,\"name\":\"Curso Experto en Armonizaci\u00f3n Orofacial para Odont\u00f3logos\"}]},{\"@type\":\"WebSite\",\"@id\":\"https:\/\/amirlatam.com\/ca\/#website\",\"url\":\"https:\/\/amirlatam.com\/ca\/\",\"name\":\"Centro Am\u00e9rica\",\"description\":\"AMIR Latinoam\u00e9rica\",\"publisher\":{\"@id\":\"https:\/\/amirlatam.com\/ca\/#organization\"},\"potentialAction\":[{\"@type\":\"SearchAction\",\"target\":{\"@type\":\"EntryPoint\",\"urlTemplate\":\"https:\/\/amirlatam.com\/ca\/?s={search_term_string}\"},\"query-input\":{\"@type\":\"PropertyValueSpecification\",\"valueRequired\":true,\"valueName\":\"search_term_string\"}}],\"inLanguage\":\"es\"},{\"@type\":\"Organization\",\"@id\":\"https:\/\/amirlatam.com\/ca\/#organization\",\"name\":\"Centro Am\u00e9rica\",\"url\":\"https:\/\/amirlatam.com\/ca\/\",\"logo\":{\"@type\":\"ImageObject\",\"inLanguage\":\"es\",\"@id\":\"https:\/\/amirlatam.com\/ca\/#\/schema\/logo\/image\/\",\"url\":\"https:\/\/amirlatam.com\/ca\/wp-content\/uploads\/sites\/9\/2023\/06\/Logo.png\",\"contentUrl\":\"https:\/\/amirlatam.com\/ca\/wp-content\/uploads\/sites\/9\/2023\/06\/Logo.png\",\"width\":676,\"height\":200,\"caption\":\"Centro Am\u00e9rica\"},\"image\":{\"@id\":\"https:\/\/amirlatam.com\/ca\/#\/schema\/logo\/image\/\"}}]}<\/script>\n<meta property=\"og:availability\" content=\"instock\" \/>\n<meta property=\"product:availability\" content=\"instock\" \/>\n<meta property=\"product:condition\" content=\"new\" \/>\n<!-- \/ Yoast SEO Premium plugin. -->","yoast_head_json":{"title":"Curso Experto en Armonizaci\u00f3n Orofacial - Centro Am\u00e9rica","robots":{"index":"index","follow":"follow","max-snippet":"max-snippet:-1","max-image-preview":"max-image-preview:large","max-video-preview":"max-video-preview:-1"},"canonical":"https:\/\/amirlatam.com\/ca\/cursos\/estetica\/curso-experto-en-estetica-facial-para-odontologos\/","og_locale":"es_ES","og_type":"article","og_title":"Curso Experto en Armonizaci\u00f3n Orofacial","og_description":"El Curso Experto en Armonizaci\u00f3n Orofacial para Odont\u00f3logos tiene como objetivo capacitar al profesional de los conocimientos te\u00f3ricos y habilidades necesarias para poder diagnosticar y tratar las necesidades est\u00e9ticas del entorno facial; especialmente centr\u00e1ndonos en el tercio medio e inferior.","og_url":"https:\/\/amirlatam.com\/ca\/cursos\/estetica\/curso-experto-en-estetica-facial-para-odontologos\/","og_site_name":"Centro Am\u00e9rica","article_modified_time":"2025-10-08T20:56:28+00:00","og_image":[{"width":2560,"height":1707,"url":"https:\/\/amirlatam.com\/ca\/wp-content\/uploads\/sites\/9\/2023\/08\/Curso-Armonizacion-b-scaled.jpg","type":"image\/jpeg"}],"twitter_card":"summary_large_image","twitter_misc":{"Disponibilidad":"Disponible"},"schema":{"@context":"https:\/\/schema.org","@graph":[{"@type":"WebPage","@id":"https:\/\/amirlatam.com\/ca\/cursos\/estetica\/curso-experto-en-estetica-facial-para-odontologos\/","url":"https:\/\/amirlatam.com\/ca\/cursos\/estetica\/curso-experto-en-estetica-facial-para-odontologos\/","name":"Curso Experto en Armonizaci\u00f3n Orofacial - Centro Am\u00e9rica","isPartOf":{"@id":"https:\/\/amirlatam.com\/ca\/#website"},"primaryImageOfPage":{"@id":"https:\/\/amirlatam.com\/ca\/cursos\/estetica\/curso-experto-en-estetica-facial-para-odontologos\/#primaryimage"},"image":{"@id":"https:\/\/amirlatam.com\/ca\/cursos\/estetica\/curso-experto-en-estetica-facial-para-odontologos\/#primaryimage"},"thumbnailUrl":"https:\/\/amirlatam.com\/ca\/wp-content\/uploads\/sites\/9\/2023\/08\/Curso-Armonizacion-b-scaled.jpg","datePublished":"2023-08-14T07:34:58+00:00","dateModified":"2025-10-08T20:56:28+00:00","breadcrumb":{"@id":"https:\/\/amirlatam.com\/ca\/cursos\/estetica\/curso-experto-en-estetica-facial-para-odontologos\/#breadcrumb"},"inLanguage":"es","potentialAction":[{"@type":"ReadAction","target":["https:\/\/amirlatam.com\/ca\/cursos\/estetica\/curso-experto-en-estetica-facial-para-odontologos\/"]}]},{"@type":"ImageObject","inLanguage":"es","@id":"https:\/\/amirlatam.com\/ca\/cursos\/estetica\/curso-experto-en-estetica-facial-para-odontologos\/#primaryimage","url":"https:\/\/amirlatam.com\/ca\/wp-content\/uploads\/sites\/9\/2023\/08\/Curso-Armonizacion-b-scaled.jpg","contentUrl":"https:\/\/amirlatam.com\/ca\/wp-content\/uploads\/sites\/9\/2023\/08\/Curso-Armonizacion-b-scaled.jpg","width":2560,"height":1707},{"@type":"BreadcrumbList","@id":"https:\/\/amirlatam.com\/ca\/cursos\/estetica\/curso-experto-en-estetica-facial-para-odontologos\/#breadcrumb","itemListElement":[{"@type":"ListItem","position":1,"name":"Portada","item":"https:\/\/amirlatam.com\/ca\/"},{"@type":"ListItem","position":2,"name":"Tienda","item":"https:\/\/amirlatam.com\/ca\/tienda\/"},{"@type":"ListItem","position":3,"name":"Curso Experto en Armonizaci\u00f3n Orofacial para Odont\u00f3logos"}]},{"@type":"WebSite","@id":"https:\/\/amirlatam.com\/ca\/#website","url":"https:\/\/amirlatam.com\/ca\/","name":"Centro Am\u00e9rica","description":"AMIR Latinoam\u00e9rica","publisher":{"@id":"https:\/\/amirlatam.com\/ca\/#organization"},"potentialAction":[{"@type":"SearchAction","target":{"@type":"EntryPoint","urlTemplate":"https:\/\/amirlatam.com\/ca\/?s={search_term_string}"},"query-input":{"@type":"PropertyValueSpecification","valueRequired":true,"valueName":"search_term_string"}}],"inLanguage":"es"},{"@type":"Organization","@id":"https:\/\/amirlatam.com\/ca\/#organization","name":"Centro Am\u00e9rica","url":"https:\/\/amirlatam.com\/ca\/","logo":{"@type":"ImageObject","inLanguage":"es","@id":"https:\/\/amirlatam.com\/ca\/#\/schema\/logo\/image\/","url":"https:\/\/amirlatam.com\/ca\/wp-content\/uploads\/sites\/9\/2023\/06\/Logo.png","contentUrl":"https:\/\/amirlatam.com\/ca\/wp-content\/uploads\/sites\/9\/2023\/06\/Logo.png","width":676,"height":200,"caption":"Centro Am\u00e9rica"},"image":{"@id":"https:\/\/amirlatam.com\/ca\/#\/schema\/logo\/image\/"}}]},"og_availability":"instock","product_availability":"instock","product_condition":"new"},"_links":{"self":[{"href":"https:\/\/amirlatam.com\/ca\/wp-json\/wp\/v2\/product\/2522","targetHints":{"allow":["GET"]}}],"collection":[{"href":"https:\/\/amirlatam.com\/ca\/wp-json\/wp\/v2\/product"}],"about":[{"href":"https:\/\/amirlatam.com\/ca\/wp-json\/wp\/v2\/types\/product"}],"wp:featuredmedia":[{"embeddable":true,"href":"https:\/\/amirlatam.com\/ca\/wp-json\/wp\/v2\/media\/2753"}],"wp:attachment":[{"href":"https:\/\/amirlatam.com\/ca\/wp-json\/wp\/v2\/media?parent=2522"}],"wp:term":[{"taxonomy":"product_brand","embeddable":true,"href":"https:\/\/amirlatam.com\/ca\/wp-json\/wp\/v2\/product_brand?post=2522"},{"taxonomy":"product_cat","embeddable":true,"href":"https:\/\/amirlatam.com\/ca\/wp-json\/wp\/v2\/product_cat?post=2522"},{"taxonomy":"product_tag","embeddable":true,"href":"https:\/\/amirlatam.com\/ca\/wp-json\/wp\/v2\/product_tag?post=2522"}],"curies":[{"name":"wp","href":"https:\/\/api.w.org\/{rel}","templated":true}]}}