{"id":2502,"date":"2023-08-14T03:23:00","date_gmt":"2023-08-14T07:23:00","guid":{"rendered":"https:\/\/amirlatam.com\/ca\/?post_type=product&#038;p=2502"},"modified":"2025-12-19T14:04:56","modified_gmt":"2025-12-19T18:04:56","slug":"curso-examen-unico-nacional","status":"publish","type":"product","link":"https:\/\/amirlatam.com\/ca\/cursos\/acceso-a-especialidades\/curso-examen-unico-nacional\/","title":{"rendered":"Curso Examen \u00danico Nacional"},"content":{"rendered":"","protected":false},"excerpt":{"rendered":"<p style=\"font-weight: 400\">En nuestro curso de preparaci\u00f3n para el Examen \u00danico Nacional para ingresos a especialidades,\u00a0tendr\u00e1s acceso a la m\u00e1xima experiencia y herramientas de AMIR que te permitir\u00e1n aprobarlo con \u00e9xito.<\/p>\n<p style=\"font-weight: 400\">Clases online asincr\u00f3nicas, tutor\u00edas online en directo, realizaci\u00f3n de simulacros online, y estudio de los manuales AMIR.<\/p>\n","protected":false},"featured_media":2815,"template":"","meta":{"_acf_changed":false},"product_brand":[],"product_cat":[56],"product_tag":[86],"class_list":{"0":"post-2502","1":"product","2":"type-product","3":"status-publish","4":"has-post-thumbnail","6":"product_cat-acceso-a-especialidades","7":"product_tag-venta","9":"first","10":"instock","11":"purchasable","12":"product-type-variable"},"acf":[],"yoast_head":"<!-- This site is optimized with the Yoast SEO Premium plugin v26.8 (Yoast SEO v26.8) - https:\/\/yoast.com\/product\/yoast-seo-premium-wordpress\/ -->\n<title>Curso Examen \u00danico Nacional - Centro Am\u00e9rica<\/title>\n<meta name=\"robots\" content=\"index, follow, max-snippet:-1, max-image-preview:large, max-video-preview:-1\" \/>\n<link rel=\"canonical\" href=\"https:\/\/amirlatam.com\/ca\/cursos\/acceso-a-especialidades\/curso-i-etapa\/\" \/>\n<meta property=\"og:locale\" content=\"es_ES\" \/>\n<meta property=\"og:type\" content=\"article\" \/>\n<meta property=\"og:title\" content=\"Curso Examen \u00danico Nacional\" \/>\n<meta property=\"og:description\" content=\"En nuestro curso de preparaci\u00f3n para el Examen \u00danico Nacional para ingresos a especialidades,\u00a0tendr\u00e1s acceso a la m\u00e1xima experiencia y herramientas de AMIR que te permitir\u00e1n aprobarlo con \u00e9xito. Clases online asincr\u00f3nicas, tutor\u00edas online en directo, realizaci\u00f3n de simulacros online, y estudio de los manuales AMIR.\" \/>\n<meta property=\"og:url\" content=\"https:\/\/amirlatam.com\/ca\/cursos\/acceso-a-especialidades\/curso-i-etapa\/\" \/>\n<meta property=\"og:site_name\" content=\"Centro Am\u00e9rica\" \/>\n<meta property=\"article:modified_time\" content=\"2025-12-19T18:04:56+00:00\" \/>\n<meta property=\"og:image\" content=\"https:\/\/amirlatam.com\/ca\/wp-content\/uploads\/sites\/9\/2023\/08\/Repaso-ENARM-scaled.jpg\" \/>\n\t<meta property=\"og:image:width\" content=\"2560\" \/>\n\t<meta property=\"og:image:height\" content=\"1707\" \/>\n\t<meta property=\"og:image:type\" content=\"image\/jpeg\" \/>\n<meta name=\"twitter:card\" content=\"summary_large_image\" \/>\n<meta name=\"twitter:label1\" content=\"Disponibilidad\" \/>\n\t<meta name=\"twitter:data1\" content=\"Disponible\" \/>\n<script type=\"application\/ld+json\" class=\"yoast-schema-graph\">{\"@context\":\"https:\/\/schema.org\",\"@graph\":[{\"@type\":\"WebPage\",\"@id\":\"https:\/\/amirlatam.com\/ca\/cursos\/acceso-a-especialidades\/curso-i-etapa\/\",\"url\":\"https:\/\/amirlatam.com\/ca\/cursos\/acceso-a-especialidades\/curso-i-etapa\/\",\"name\":\"Curso Examen \u00danico Nacional - Centro Am\u00e9rica\",\"isPartOf\":{\"@id\":\"https:\/\/amirlatam.com\/ca\/#website\"},\"primaryImageOfPage\":{\"@id\":\"https:\/\/amirlatam.com\/ca\/cursos\/acceso-a-especialidades\/curso-i-etapa\/#primaryimage\"},\"image\":{\"@id\":\"https:\/\/amirlatam.com\/ca\/cursos\/acceso-a-especialidades\/curso-i-etapa\/#primaryimage\"},\"thumbnailUrl\":\"https:\/\/amirlatam.com\/ca\/wp-content\/uploads\/sites\/9\/2023\/08\/Repaso-ENARM-scaled.jpg\",\"datePublished\":\"2023-08-14T07:23:00+00:00\",\"dateModified\":\"2025-12-19T18:04:56+00:00\",\"breadcrumb\":{\"@id\":\"https:\/\/amirlatam.com\/ca\/cursos\/acceso-a-especialidades\/curso-i-etapa\/#breadcrumb\"},\"inLanguage\":\"es\",\"potentialAction\":[{\"@type\":\"ReadAction\",\"target\":[\"https:\/\/amirlatam.com\/ca\/cursos\/acceso-a-especialidades\/curso-i-etapa\/\"]}]},{\"@type\":\"ImageObject\",\"inLanguage\":\"es\",\"@id\":\"https:\/\/amirlatam.com\/ca\/cursos\/acceso-a-especialidades\/curso-i-etapa\/#primaryimage\",\"url\":\"https:\/\/amirlatam.com\/ca\/wp-content\/uploads\/sites\/9\/2023\/08\/Repaso-ENARM-scaled.jpg\",\"contentUrl\":\"https:\/\/amirlatam.com\/ca\/wp-content\/uploads\/sites\/9\/2023\/08\/Repaso-ENARM-scaled.jpg\",\"width\":2560,\"height\":1707},{\"@type\":\"BreadcrumbList\",\"@id\":\"https:\/\/amirlatam.com\/ca\/cursos\/acceso-a-especialidades\/curso-i-etapa\/#breadcrumb\",\"itemListElement\":[{\"@type\":\"ListItem\",\"position\":1,\"name\":\"Portada\",\"item\":\"https:\/\/amirlatam.com\/ca\/\"},{\"@type\":\"ListItem\",\"position\":2,\"name\":\"Tienda\",\"item\":\"https:\/\/amirlatam.com\/ca\/tienda\/\"},{\"@type\":\"ListItem\",\"position\":3,\"name\":\"I-Etapa\"}]},{\"@type\":\"WebSite\",\"@id\":\"https:\/\/amirlatam.com\/ca\/#website\",\"url\":\"https:\/\/amirlatam.com\/ca\/\",\"name\":\"Centro Am\u00e9rica\",\"description\":\"AMIR Latinoam\u00e9rica\",\"publisher\":{\"@id\":\"https:\/\/amirlatam.com\/ca\/#organization\"},\"potentialAction\":[{\"@type\":\"SearchAction\",\"target\":{\"@type\":\"EntryPoint\",\"urlTemplate\":\"https:\/\/amirlatam.com\/ca\/?s={search_term_string}\"},\"query-input\":{\"@type\":\"PropertyValueSpecification\",\"valueRequired\":true,\"valueName\":\"search_term_string\"}}],\"inLanguage\":\"es\"},{\"@type\":\"Organization\",\"@id\":\"https:\/\/amirlatam.com\/ca\/#organization\",\"name\":\"Centro Am\u00e9rica\",\"url\":\"https:\/\/amirlatam.com\/ca\/\",\"logo\":{\"@type\":\"ImageObject\",\"inLanguage\":\"es\",\"@id\":\"https:\/\/amirlatam.com\/ca\/#\/schema\/logo\/image\/\",\"url\":\"https:\/\/amirlatam.com\/ca\/wp-content\/uploads\/sites\/9\/2023\/06\/Logo.png\",\"contentUrl\":\"https:\/\/amirlatam.com\/ca\/wp-content\/uploads\/sites\/9\/2023\/06\/Logo.png\",\"width\":676,\"height\":200,\"caption\":\"Centro Am\u00e9rica\"},\"image\":{\"@id\":\"https:\/\/amirlatam.com\/ca\/#\/schema\/logo\/image\/\"}}]}<\/script>\n<meta property=\"og:availability\" content=\"instock\" \/>\n<meta property=\"product:availability\" content=\"instock\" \/>\n<meta property=\"product:condition\" content=\"new\" \/>\n<!-- \/ Yoast SEO Premium plugin. -->","yoast_head_json":{"title":"Curso Examen \u00danico Nacional - Centro Am\u00e9rica","robots":{"index":"index","follow":"follow","max-snippet":"max-snippet:-1","max-image-preview":"max-image-preview:large","max-video-preview":"max-video-preview:-1"},"canonical":"https:\/\/amirlatam.com\/ca\/cursos\/acceso-a-especialidades\/curso-i-etapa\/","og_locale":"es_ES","og_type":"article","og_title":"Curso Examen \u00danico Nacional","og_description":"En nuestro curso de preparaci\u00f3n para el Examen \u00danico Nacional para ingresos a especialidades,\u00a0tendr\u00e1s acceso a la m\u00e1xima experiencia y herramientas de AMIR que te permitir\u00e1n aprobarlo con \u00e9xito. Clases online asincr\u00f3nicas, tutor\u00edas online en directo, realizaci\u00f3n de simulacros online, y estudio de los manuales AMIR.","og_url":"https:\/\/amirlatam.com\/ca\/cursos\/acceso-a-especialidades\/curso-i-etapa\/","og_site_name":"Centro Am\u00e9rica","article_modified_time":"2025-12-19T18:04:56+00:00","og_image":[{"width":2560,"height":1707,"url":"https:\/\/amirlatam.com\/ca\/wp-content\/uploads\/sites\/9\/2023\/08\/Repaso-ENARM-scaled.jpg","type":"image\/jpeg"}],"twitter_card":"summary_large_image","twitter_misc":{"Disponibilidad":"Disponible"},"schema":{"@context":"https:\/\/schema.org","@graph":[{"@type":"WebPage","@id":"https:\/\/amirlatam.com\/ca\/cursos\/acceso-a-especialidades\/curso-i-etapa\/","url":"https:\/\/amirlatam.com\/ca\/cursos\/acceso-a-especialidades\/curso-i-etapa\/","name":"Curso Examen \u00danico Nacional - Centro Am\u00e9rica","isPartOf":{"@id":"https:\/\/amirlatam.com\/ca\/#website"},"primaryImageOfPage":{"@id":"https:\/\/amirlatam.com\/ca\/cursos\/acceso-a-especialidades\/curso-i-etapa\/#primaryimage"},"image":{"@id":"https:\/\/amirlatam.com\/ca\/cursos\/acceso-a-especialidades\/curso-i-etapa\/#primaryimage"},"thumbnailUrl":"https:\/\/amirlatam.com\/ca\/wp-content\/uploads\/sites\/9\/2023\/08\/Repaso-ENARM-scaled.jpg","datePublished":"2023-08-14T07:23:00+00:00","dateModified":"2025-12-19T18:04:56+00:00","breadcrumb":{"@id":"https:\/\/amirlatam.com\/ca\/cursos\/acceso-a-especialidades\/curso-i-etapa\/#breadcrumb"},"inLanguage":"es","potentialAction":[{"@type":"ReadAction","target":["https:\/\/amirlatam.com\/ca\/cursos\/acceso-a-especialidades\/curso-i-etapa\/"]}]},{"@type":"ImageObject","inLanguage":"es","@id":"https:\/\/amirlatam.com\/ca\/cursos\/acceso-a-especialidades\/curso-i-etapa\/#primaryimage","url":"https:\/\/amirlatam.com\/ca\/wp-content\/uploads\/sites\/9\/2023\/08\/Repaso-ENARM-scaled.jpg","contentUrl":"https:\/\/amirlatam.com\/ca\/wp-content\/uploads\/sites\/9\/2023\/08\/Repaso-ENARM-scaled.jpg","width":2560,"height":1707},{"@type":"BreadcrumbList","@id":"https:\/\/amirlatam.com\/ca\/cursos\/acceso-a-especialidades\/curso-i-etapa\/#breadcrumb","itemListElement":[{"@type":"ListItem","position":1,"name":"Portada","item":"https:\/\/amirlatam.com\/ca\/"},{"@type":"ListItem","position":2,"name":"Tienda","item":"https:\/\/amirlatam.com\/ca\/tienda\/"},{"@type":"ListItem","position":3,"name":"I-Etapa"}]},{"@type":"WebSite","@id":"https:\/\/amirlatam.com\/ca\/#website","url":"https:\/\/amirlatam.com\/ca\/","name":"Centro Am\u00e9rica","description":"AMIR Latinoam\u00e9rica","publisher":{"@id":"https:\/\/amirlatam.com\/ca\/#organization"},"potentialAction":[{"@type":"SearchAction","target":{"@type":"EntryPoint","urlTemplate":"https:\/\/amirlatam.com\/ca\/?s={search_term_string}"},"query-input":{"@type":"PropertyValueSpecification","valueRequired":true,"valueName":"search_term_string"}}],"inLanguage":"es"},{"@type":"Organization","@id":"https:\/\/amirlatam.com\/ca\/#organization","name":"Centro Am\u00e9rica","url":"https:\/\/amirlatam.com\/ca\/","logo":{"@type":"ImageObject","inLanguage":"es","@id":"https:\/\/amirlatam.com\/ca\/#\/schema\/logo\/image\/","url":"https:\/\/amirlatam.com\/ca\/wp-content\/uploads\/sites\/9\/2023\/06\/Logo.png","contentUrl":"https:\/\/amirlatam.com\/ca\/wp-content\/uploads\/sites\/9\/2023\/06\/Logo.png","width":676,"height":200,"caption":"Centro Am\u00e9rica"},"image":{"@id":"https:\/\/amirlatam.com\/ca\/#\/schema\/logo\/image\/"}}]},"og_availability":"instock","product_availability":"instock","product_condition":"new"},"_links":{"self":[{"href":"https:\/\/amirlatam.com\/ca\/wp-json\/wp\/v2\/product\/2502","targetHints":{"allow":["GET"]}}],"collection":[{"href":"https:\/\/amirlatam.com\/ca\/wp-json\/wp\/v2\/product"}],"about":[{"href":"https:\/\/amirlatam.com\/ca\/wp-json\/wp\/v2\/types\/product"}],"wp:featuredmedia":[{"embeddable":true,"href":"https:\/\/amirlatam.com\/ca\/wp-json\/wp\/v2\/media\/2815"}],"wp:attachment":[{"href":"https:\/\/amirlatam.com\/ca\/wp-json\/wp\/v2\/media?parent=2502"}],"wp:term":[{"taxonomy":"product_brand","embeddable":true,"href":"https:\/\/amirlatam.com\/ca\/wp-json\/wp\/v2\/product_brand?post=2502"},{"taxonomy":"product_cat","embeddable":true,"href":"https:\/\/amirlatam.com\/ca\/wp-json\/wp\/v2\/product_cat?post=2502"},{"taxonomy":"product_tag","embeddable":true,"href":"https:\/\/amirlatam.com\/ca\/wp-json\/wp\/v2\/product_tag?post=2502"}],"curies":[{"name":"wp","href":"https:\/\/api.w.org\/{rel}","templated":true}]}}