{"id":2226,"date":"2023-08-07T07:49:32","date_gmt":"2023-08-07T11:49:32","guid":{"rendered":"https:\/\/amirlatam.com\/ca\/?post_type=product&#038;p=2226"},"modified":"2025-03-20T18:19:38","modified_gmt":"2025-03-20T22:19:38","slug":"mir-hibrido__trashed","status":"publish","type":"product","link":"https:\/\/amirlatam.com\/ca\/cursos\/acceso-a-especialidades\/mir\/completo\/mir-hibrido__trashed\/","title":{"rendered":"MIR Completo | H\u00edbrido"},"content":{"rendered":"\t\t<div data-elementor-type=\"container\" data-elementor-id=\"2233\" class=\"elementor elementor-2233\" data-elementor-settings=\"{&quot;ha_cmc_init_switcher&quot;:&quot;no&quot;}\" data-elementor-post-type=\"elementor_library\">\n\t\t\t\t<div class=\"elementor-element elementor-element-6b588d22 e-flex e-con-boxed e-con e-parent\" data-id=\"6b588d22\" data-element_type=\"container\" data-e-type=\"container\" data-settings=\"{&quot;_ha_eqh_enable&quot;:false}\">\n\t\t\t\t\t<div class=\"e-con-inner\">\n\t\t\t\t<div class=\"elementor-element elementor-element-495e7756 elementor-widget elementor-widget-text-editor\" data-id=\"495e7756\" data-element_type=\"widget\" data-e-type=\"widget\" data-widget_type=\"text-editor.default\">\n\t\t\t\t<div class=\"elementor-widget-container\">\n\t\t\t\t\t\t\t\t\t<h3 class=\"zw-paragraph\" data-textformat=\"{&quot;fw&quot;:&quot;none&quot;,&quot;fgc&quot;:&quot;rgb(255,0,0)&quot;,&quot;type&quot;:&quot;text&quot;}\" data-margin-bottom=\"0pt\" data-line-height=\"1\" data-doc-id=\"7619623000000053004\" data-doc-type=\"writer\"><strong>Metodolog\u00eda Y Fases:<\/strong><\/h3><p class=\"zw-paragraph\" data-textformat=\"{&quot;fw&quot;:&quot;none&quot;,&quot;fgc&quot;:&quot;rgb(255,0,0)&quot;,&quot;type&quot;:&quot;text&quot;}\" data-margin-bottom=\"0pt\" data-line-height=\"1\" data-doc-id=\"7619623000000053004\" data-doc-type=\"writer\"><span data-doc-id=\"7619623000000060003\" data-doc-type=\"writer\">En AMIR hemos desarrollado desde nuestros inicios, hace ya m\u00e1s de 15<\/span>\u00a0a\u00f1os, un m\u00e9todo\u00a0contrastado de preparaci\u00f3n del examen MIR. Sus\u00a0pilares son la programaci\u00f3n del curso,\u00a0estructurado en un calendario por\u00a0fases, clases con un estilo docente propio que \u201chace f\u00e1cil lo\u00a0dif\u00edcil\u201d, para\u00a0que los alumnos entiendan los conceptos m\u00e9dicos fundamentales,\u00a0desarrollen el\u00a0razonamiento cl\u00ednico y l\u00f3gico, y la memoria a largo plazo y\u00a0se entrenen, mediante nuestro sistema\u00a0de simulacros, en la t\u00e9cnica del\u00a0examen, todo esto acompa\u00f1ado de un seguimiento personalizado.<\/p>\t\t\t\t\t\t\t\t<\/div>\n\t\t\t\t<\/div>\n\t\t\t\t<div class=\"elementor-element elementor-element-7bf6849c elementor-widget elementor-widget-accordion\" data-id=\"7bf6849c\" data-element_type=\"widget\" data-e-type=\"widget\" data-widget_type=\"accordion.default\">\n\t\t\t\t<div class=\"elementor-widget-container\">\n\t\t\t\t\t\t\t<div class=\"elementor-accordion\">\n\t\t\t\t\t\t\t<div class=\"elementor-accordion-item\">\n\t\t\t\t\t<div id=\"elementor-tab-title-2071\" class=\"elementor-tab-title\" data-tab=\"1\" role=\"button\" aria-controls=\"elementor-tab-content-2071\" aria-expanded=\"false\">\n\t\t\t\t\t\t\t\t\t\t\t\t\t<span class=\"elementor-accordion-icon elementor-accordion-icon-left\" aria-hidden=\"true\">\n\t\t\t\t\t\t\t\t\t\t\t\t\t\t\t<span class=\"elementor-accordion-icon-closed\"><i class=\"fas fa-plus\"><\/i><\/span>\n\t\t\t\t\t\t\t\t<span class=\"elementor-accordion-icon-opened\"><i class=\"fas fa-minus\"><\/i><\/span>\n\t\t\t\t\t\t\t\t\t\t\t\t\t\t<\/span>\n\t\t\t\t\t\t\t\t\t\t\t\t<a class=\"elementor-accordion-title\" tabindex=\"0\">Fase de contacto<\/a>\n\t\t\t\t\t<\/div>\n\t\t\t\t\t<div id=\"elementor-tab-content-2071\" class=\"elementor-tab-content elementor-clearfix\" data-tab=\"1\" role=\"region\" aria-labelledby=\"elementor-tab-title-2071\"><p><span data-doc-id=\"7619623000000060003\" data-doc-type=\"writer\">Abarca de septiembre-octubre a junio<\/span>. el alumno sigue un minucioso calendario donde se programan todas las actividades v\u00eda AMIR TV: clases semanales, simulacros, tutor\u00edas de grupo y tutor\u00edas especiales. Las clases se centran en los temas b\u00e1sicos y m\u00e1s preguntados del MIR.<\/p><\/div>\n\t\t\t\t<\/div>\n\t\t\t\t\t\t\t<div class=\"elementor-accordion-item\">\n\t\t\t\t\t<div id=\"elementor-tab-title-2072\" class=\"elementor-tab-title\" data-tab=\"2\" role=\"button\" aria-controls=\"elementor-tab-content-2072\" aria-expanded=\"false\">\n\t\t\t\t\t\t\t\t\t\t\t\t\t<span class=\"elementor-accordion-icon elementor-accordion-icon-left\" aria-hidden=\"true\">\n\t\t\t\t\t\t\t\t\t\t\t\t\t\t\t<span class=\"elementor-accordion-icon-closed\"><i class=\"fas fa-plus\"><\/i><\/span>\n\t\t\t\t\t\t\t\t<span class=\"elementor-accordion-icon-opened\"><i class=\"fas fa-minus\"><\/i><\/span>\n\t\t\t\t\t\t\t\t\t\t\t\t\t\t<\/span>\n\t\t\t\t\t\t\t\t\t\t\t\t<a class=\"elementor-accordion-title\" tabindex=\"0\">Fase de Consolidaci\u00f3n I<\/a>\n\t\t\t\t\t<\/div>\n\t\t\t\t\t<div id=\"elementor-tab-content-2072\" class=\"elementor-tab-content elementor-clearfix\" data-tab=\"2\" role=\"region\" aria-labelledby=\"elementor-tab-title-2072\"><p><span data-doc-id=\"7619623000000060003\" data-doc-type=\"writer\">Es la etapa m\u00e1s exigente en cuanto al estudio. Comienza a finales de junio o inicios de julio y termina la primera semana de noviembre. En esta etapa se realizan las actividades presenciales: clases semanales centradas en los aspectos m\u00e1s complejos o minuciosos del MIR, simulacros, tutor\u00edas de grupo y trabajo intenso con el Libro Gordo de preguntas MIR<\/span>.<\/p><\/div>\n\t\t\t\t<\/div>\n\t\t\t\t\t\t\t<div class=\"elementor-accordion-item\">\n\t\t\t\t\t<div id=\"elementor-tab-title-2073\" class=\"elementor-tab-title\" data-tab=\"3\" role=\"button\" aria-controls=\"elementor-tab-content-2073\" aria-expanded=\"false\">\n\t\t\t\t\t\t\t\t\t\t\t\t\t<span class=\"elementor-accordion-icon elementor-accordion-icon-left\" aria-hidden=\"true\">\n\t\t\t\t\t\t\t\t\t\t\t\t\t\t\t<span class=\"elementor-accordion-icon-closed\"><i class=\"fas fa-plus\"><\/i><\/span>\n\t\t\t\t\t\t\t\t<span class=\"elementor-accordion-icon-opened\"><i class=\"fas fa-minus\"><\/i><\/span>\n\t\t\t\t\t\t\t\t\t\t\t\t\t\t<\/span>\n\t\t\t\t\t\t\t\t\t\t\t\t<a class=\"elementor-accordion-title\" tabindex=\"0\">Fase de Consolidaci\u00f3n II<\/a>\n\t\t\t\t\t<\/div>\n\t\t\t\t\t<div id=\"elementor-tab-content-2073\" class=\"elementor-tab-content elementor-clearfix\" data-tab=\"3\" role=\"region\" aria-labelledby=\"elementor-tab-title-2073\"><p><span data-doc-id=\"7619623000000060003\" data-doc-type=\"writer\">Su duraci\u00f3n es variable en funci\u00f3n de la fecha oficial del MIR de cada a\u00f1o que se publica en septiembre del a\u00f1o anterior a la convocatoria. Normalmente abarca desde la segunda semana de noviembre hasta tres semanas antes del MIR (que suele ser a finales de enero o principios de febrero) pero puede variar cada a\u00f1o. En esta eta m\u00e1s corta la mayor\u00eda del tiempo debe centrarse en el estudio, por lo que las actividades presenciales se limitan a aquellas imprescindibles: clases y seminarios de temarios especialmente complejos, tutor\u00edas de im\u00e1genes y simulacros semanales.<\/span><\/p><\/div>\n\t\t\t\t<\/div>\n\t\t\t\t\t\t\t<div class=\"elementor-accordion-item\">\n\t\t\t\t\t<div id=\"elementor-tab-title-2074\" class=\"elementor-tab-title\" data-tab=\"4\" role=\"button\" aria-controls=\"elementor-tab-content-2074\" aria-expanded=\"false\">\n\t\t\t\t\t\t\t\t\t\t\t\t\t<span class=\"elementor-accordion-icon elementor-accordion-icon-left\" aria-hidden=\"true\">\n\t\t\t\t\t\t\t\t\t\t\t\t\t\t\t<span class=\"elementor-accordion-icon-closed\"><i class=\"fas fa-plus\"><\/i><\/span>\n\t\t\t\t\t\t\t\t<span class=\"elementor-accordion-icon-opened\"><i class=\"fas fa-minus\"><\/i><\/span>\n\t\t\t\t\t\t\t\t\t\t\t\t\t\t<\/span>\n\t\t\t\t\t\t\t\t\t\t\t\t<a class=\"elementor-accordion-title\" tabindex=\"0\">Fase Final<\/a>\n\t\t\t\t\t<\/div>\n\t\t\t\t\t<div id=\"elementor-tab-content-2074\" class=\"elementor-tab-content elementor-clearfix\" data-tab=\"4\" role=\"region\" aria-labelledby=\"elementor-tab-title-2074\"><p><span data-doc-id=\"7619623000000060003\" data-doc-type=\"writer\">Es el repaso final que se realiza durante las 3 semanas previas al MIR. Se mantienen los simulacros semanales y tutor\u00edas especiales <\/span>preMIR.<\/p><\/div>\n\t\t\t\t<\/div>\n\t\t\t\t\t\t\t\t<\/div>\n\t\t\t\t\t\t<\/div>\n\t\t\t\t<\/div>\n\t\t\t\t\t<\/div>\n\t\t\t\t<\/div>\n\t\t\t\t<\/div>\n\t\t\n","protected":false},"excerpt":{"rendered":"<div class=\"zw-paragraph\" data-width=\"589.248\" data-textformat=\"{&quot;size&quot;:&quot;10&quot;}\">\n<div class=\"zw-line-div\">\n<h3 class=\"zw-line-content\"><strong><span class=\"zw-portion zw-text-portion\" data-text-len=\"1\">\u00bf<\/span><span class=\"zw-portion zw-text-portion\" data-text-len=\"88\">Te\u00a0gustar\u00eda\u00a0realizar\u00a0una\u00a0parte\u00a0de\u00a0la\u00a0preparaci\u00f3n\u00a0para\u00a0el\u00a0MIR\u00a0en\u00a0tu\u00a0pa\u00eds\u00a0y\u00a0otra\u00a0en\u00a0Espa\u00f1a<\/span><span class=\"zw-portion zw-text-portion\" data-text-len=\"21\">?\u00a0<\/span><\/strong><\/h3>\n<div>Este curso es ideal para ti. El funcionamiento habitual es realizar la primera fase del curso y en la segunda fase incorporarse a una sede presencial (el alumno puede escoger la sede presencial libremente). Sin embargo, existe posibilidad de personalizar el curso si alg\u00fan alumno necesita una incorporaci\u00f3n previa o posterior al curso presencial.<\/div>\n<div class=\"zw-line-content\">El curso ofrece clases y tutor\u00edas, asesoramiento personalizado por parte del equipo de tutores, acceso a todos los recursos online, manuales f\u00edsicos y digitales de todas las asignaturas, la gu\u00eda del alumno AMIR, pruebas de las clases para hacer un seguimiento y acceso a AMIR TV. Adem\u00e1s, se ense\u00f1an las t\u00e9cnicas del Curso Genius, las cuales permitir\u00e1n recordar informaci\u00f3n a largo plazo sin necesidad de estudiar durante demasiadas horas.<\/div>\n<\/div>\n<\/div>\n","protected":false},"featured_media":2838,"template":"","meta":{"_acf_changed":false},"product_brand":[],"product_cat":[66],"product_tag":[86],"class_list":{"0":"post-2226","1":"product","2":"type-product","3":"status-publish","4":"has-post-thumbnail","6":"product_cat-completo","7":"product_tag-venta","9":"first","10":"instock","11":"taxable","12":"shipping-taxable","13":"purchasable","14":"product-type-variable"},"acf":[],"yoast_head":"<!-- This site is optimized with the Yoast SEO Premium plugin v26.8 (Yoast SEO v26.8) - https:\/\/yoast.com\/product\/yoast-seo-premium-wordpress\/ -->\n<title>MIR Completo | H\u00edbrido - Centro Am\u00e9rica<\/title>\n<meta name=\"robots\" content=\"index, follow, max-snippet:-1, max-image-preview:large, max-video-preview:-1\" \/>\n<link rel=\"canonical\" href=\"https:\/\/amirlatam.com\/ca\/cursos\/acceso-a-especialidades\/mir\/completo\/mir-hibrido__trashed\/\" \/>\n<meta property=\"og:locale\" content=\"es_ES\" \/>\n<meta property=\"og:type\" content=\"article\" \/>\n<meta property=\"og:title\" content=\"MIR Completo | H\u00edbrido\" \/>\n<meta property=\"og:description\" content=\"\u00bfTe\u00a0gustar\u00eda\u00a0realizar\u00a0una\u00a0parte\u00a0de\u00a0la\u00a0preparaci\u00f3n\u00a0para\u00a0el\u00a0MIR\u00a0en\u00a0tu\u00a0pa\u00eds\u00a0y\u00a0otra\u00a0en\u00a0Espa\u00f1a?\u00a0 Este curso es ideal para ti. El funcionamiento habitual es realizar la primera fase del curso y en la segunda fase incorporarse a una sede presencial (el alumno puede escoger la sede presencial libremente). Sin embargo, existe posibilidad de personalizar el curso si alg\u00fan alumno necesita una incorporaci\u00f3n previa o posterior al curso presencial. El curso ofrece clases y tutor\u00edas, asesoramiento personalizado por parte del equipo de tutores, acceso a todos los recursos online, manuales f\u00edsicos y digitales de todas las asignaturas, la gu\u00eda del alumno AMIR, pruebas de las clases para hacer un seguimiento y acceso a AMIR TV. Adem\u00e1s, se ense\u00f1an las t\u00e9cnicas del Curso Genius, las cuales permitir\u00e1n recordar informaci\u00f3n a largo plazo sin necesidad de estudiar durante demasiadas horas.\" \/>\n<meta property=\"og:url\" content=\"https:\/\/amirlatam.com\/ca\/cursos\/acceso-a-especialidades\/mir\/completo\/mir-hibrido__trashed\/\" \/>\n<meta property=\"og:site_name\" content=\"Centro Am\u00e9rica\" \/>\n<meta property=\"article:modified_time\" content=\"2025-03-20T22:19:38+00:00\" \/>\n<meta property=\"og:image\" content=\"https:\/\/amirlatam.com\/ca\/wp-content\/uploads\/sites\/9\/2023\/08\/quisiera-hacer-pregunta-scaled.jpg\" \/>\n\t<meta property=\"og:image:width\" content=\"2560\" \/>\n\t<meta property=\"og:image:height\" content=\"1707\" \/>\n\t<meta property=\"og:image:type\" content=\"image\/jpeg\" \/>\n<meta name=\"twitter:card\" content=\"summary_large_image\" \/>\n<meta name=\"twitter:label1\" content=\"Disponibilidad\" \/>\n\t<meta name=\"twitter:data1\" content=\"Disponible\" \/>\n<script type=\"application\/ld+json\" class=\"yoast-schema-graph\">{\"@context\":\"https:\/\/schema.org\",\"@graph\":[{\"@type\":\"WebPage\",\"@id\":\"https:\/\/amirlatam.com\/ca\/cursos\/acceso-a-especialidades\/mir\/completo\/mir-hibrido__trashed\/\",\"url\":\"https:\/\/amirlatam.com\/ca\/cursos\/acceso-a-especialidades\/mir\/completo\/mir-hibrido__trashed\/\",\"name\":\"MIR Completo | H\u00edbrido - Centro Am\u00e9rica\",\"isPartOf\":{\"@id\":\"https:\/\/amirlatam.com\/ca\/#website\"},\"primaryImageOfPage\":{\"@id\":\"https:\/\/amirlatam.com\/ca\/cursos\/acceso-a-especialidades\/mir\/completo\/mir-hibrido__trashed\/#primaryimage\"},\"image\":{\"@id\":\"https:\/\/amirlatam.com\/ca\/cursos\/acceso-a-especialidades\/mir\/completo\/mir-hibrido__trashed\/#primaryimage\"},\"thumbnailUrl\":\"https:\/\/amirlatam.com\/ca\/wp-content\/uploads\/sites\/9\/2023\/08\/quisiera-hacer-pregunta-scaled.jpg\",\"datePublished\":\"2023-08-07T11:49:32+00:00\",\"dateModified\":\"2025-03-20T22:19:38+00:00\",\"breadcrumb\":{\"@id\":\"https:\/\/amirlatam.com\/ca\/cursos\/acceso-a-especialidades\/mir\/completo\/mir-hibrido__trashed\/#breadcrumb\"},\"inLanguage\":\"es\",\"potentialAction\":[{\"@type\":\"ReadAction\",\"target\":[\"https:\/\/amirlatam.com\/ca\/cursos\/acceso-a-especialidades\/mir\/completo\/mir-hibrido__trashed\/\"]}]},{\"@type\":\"ImageObject\",\"inLanguage\":\"es\",\"@id\":\"https:\/\/amirlatam.com\/ca\/cursos\/acceso-a-especialidades\/mir\/completo\/mir-hibrido__trashed\/#primaryimage\",\"url\":\"https:\/\/amirlatam.com\/ca\/wp-content\/uploads\/sites\/9\/2023\/08\/quisiera-hacer-pregunta-scaled.jpg\",\"contentUrl\":\"https:\/\/amirlatam.com\/ca\/wp-content\/uploads\/sites\/9\/2023\/08\/quisiera-hacer-pregunta-scaled.jpg\",\"width\":2560,\"height\":1707,\"caption\":\"Happy doctor attending a seminar and raising his hand to ask a question at convention center.\"},{\"@type\":\"BreadcrumbList\",\"@id\":\"https:\/\/amirlatam.com\/ca\/cursos\/acceso-a-especialidades\/mir\/completo\/mir-hibrido__trashed\/#breadcrumb\",\"itemListElement\":[{\"@type\":\"ListItem\",\"position\":1,\"name\":\"Portada\",\"item\":\"https:\/\/amirlatam.com\/ca\/\"},{\"@type\":\"ListItem\",\"position\":2,\"name\":\"Tienda\",\"item\":\"https:\/\/amirlatam.com\/ca\/tienda\/\"},{\"@type\":\"ListItem\",\"position\":3,\"name\":\"MIR Completo | H\u00edbrido\"}]},{\"@type\":\"WebSite\",\"@id\":\"https:\/\/amirlatam.com\/ca\/#website\",\"url\":\"https:\/\/amirlatam.com\/ca\/\",\"name\":\"Centro Am\u00e9rica\",\"description\":\"AMIR Latinoam\u00e9rica\",\"publisher\":{\"@id\":\"https:\/\/amirlatam.com\/ca\/#organization\"},\"potentialAction\":[{\"@type\":\"SearchAction\",\"target\":{\"@type\":\"EntryPoint\",\"urlTemplate\":\"https:\/\/amirlatam.com\/ca\/?s={search_term_string}\"},\"query-input\":{\"@type\":\"PropertyValueSpecification\",\"valueRequired\":true,\"valueName\":\"search_term_string\"}}],\"inLanguage\":\"es\"},{\"@type\":\"Organization\",\"@id\":\"https:\/\/amirlatam.com\/ca\/#organization\",\"name\":\"Centro Am\u00e9rica\",\"url\":\"https:\/\/amirlatam.com\/ca\/\",\"logo\":{\"@type\":\"ImageObject\",\"inLanguage\":\"es\",\"@id\":\"https:\/\/amirlatam.com\/ca\/#\/schema\/logo\/image\/\",\"url\":\"https:\/\/amirlatam.com\/ca\/wp-content\/uploads\/sites\/9\/2023\/06\/Logo.png\",\"contentUrl\":\"https:\/\/amirlatam.com\/ca\/wp-content\/uploads\/sites\/9\/2023\/06\/Logo.png\",\"width\":676,\"height\":200,\"caption\":\"Centro Am\u00e9rica\"},\"image\":{\"@id\":\"https:\/\/amirlatam.com\/ca\/#\/schema\/logo\/image\/\"}}]}<\/script>\n<meta property=\"og:availability\" content=\"instock\" \/>\n<meta property=\"product:availability\" content=\"instock\" \/>\n<meta property=\"product:condition\" content=\"new\" \/>\n<!-- \/ Yoast SEO Premium plugin. -->","yoast_head_json":{"title":"MIR Completo | H\u00edbrido - Centro Am\u00e9rica","robots":{"index":"index","follow":"follow","max-snippet":"max-snippet:-1","max-image-preview":"max-image-preview:large","max-video-preview":"max-video-preview:-1"},"canonical":"https:\/\/amirlatam.com\/ca\/cursos\/acceso-a-especialidades\/mir\/completo\/mir-hibrido__trashed\/","og_locale":"es_ES","og_type":"article","og_title":"MIR Completo | H\u00edbrido","og_description":"\u00bfTe\u00a0gustar\u00eda\u00a0realizar\u00a0una\u00a0parte\u00a0de\u00a0la\u00a0preparaci\u00f3n\u00a0para\u00a0el\u00a0MIR\u00a0en\u00a0tu\u00a0pa\u00eds\u00a0y\u00a0otra\u00a0en\u00a0Espa\u00f1a?\u00a0 Este curso es ideal para ti. El funcionamiento habitual es realizar la primera fase del curso y en la segunda fase incorporarse a una sede presencial (el alumno puede escoger la sede presencial libremente). Sin embargo, existe posibilidad de personalizar el curso si alg\u00fan alumno necesita una incorporaci\u00f3n previa o posterior al curso presencial. El curso ofrece clases y tutor\u00edas, asesoramiento personalizado por parte del equipo de tutores, acceso a todos los recursos online, manuales f\u00edsicos y digitales de todas las asignaturas, la gu\u00eda del alumno AMIR, pruebas de las clases para hacer un seguimiento y acceso a AMIR TV. Adem\u00e1s, se ense\u00f1an las t\u00e9cnicas del Curso Genius, las cuales permitir\u00e1n recordar informaci\u00f3n a largo plazo sin necesidad de estudiar durante demasiadas horas.","og_url":"https:\/\/amirlatam.com\/ca\/cursos\/acceso-a-especialidades\/mir\/completo\/mir-hibrido__trashed\/","og_site_name":"Centro Am\u00e9rica","article_modified_time":"2025-03-20T22:19:38+00:00","og_image":[{"width":2560,"height":1707,"url":"https:\/\/amirlatam.com\/ca\/wp-content\/uploads\/sites\/9\/2023\/08\/quisiera-hacer-pregunta-scaled.jpg","type":"image\/jpeg"}],"twitter_card":"summary_large_image","twitter_misc":{"Disponibilidad":"Disponible"},"schema":{"@context":"https:\/\/schema.org","@graph":[{"@type":"WebPage","@id":"https:\/\/amirlatam.com\/ca\/cursos\/acceso-a-especialidades\/mir\/completo\/mir-hibrido__trashed\/","url":"https:\/\/amirlatam.com\/ca\/cursos\/acceso-a-especialidades\/mir\/completo\/mir-hibrido__trashed\/","name":"MIR Completo | H\u00edbrido - Centro Am\u00e9rica","isPartOf":{"@id":"https:\/\/amirlatam.com\/ca\/#website"},"primaryImageOfPage":{"@id":"https:\/\/amirlatam.com\/ca\/cursos\/acceso-a-especialidades\/mir\/completo\/mir-hibrido__trashed\/#primaryimage"},"image":{"@id":"https:\/\/amirlatam.com\/ca\/cursos\/acceso-a-especialidades\/mir\/completo\/mir-hibrido__trashed\/#primaryimage"},"thumbnailUrl":"https:\/\/amirlatam.com\/ca\/wp-content\/uploads\/sites\/9\/2023\/08\/quisiera-hacer-pregunta-scaled.jpg","datePublished":"2023-08-07T11:49:32+00:00","dateModified":"2025-03-20T22:19:38+00:00","breadcrumb":{"@id":"https:\/\/amirlatam.com\/ca\/cursos\/acceso-a-especialidades\/mir\/completo\/mir-hibrido__trashed\/#breadcrumb"},"inLanguage":"es","potentialAction":[{"@type":"ReadAction","target":["https:\/\/amirlatam.com\/ca\/cursos\/acceso-a-especialidades\/mir\/completo\/mir-hibrido__trashed\/"]}]},{"@type":"ImageObject","inLanguage":"es","@id":"https:\/\/amirlatam.com\/ca\/cursos\/acceso-a-especialidades\/mir\/completo\/mir-hibrido__trashed\/#primaryimage","url":"https:\/\/amirlatam.com\/ca\/wp-content\/uploads\/sites\/9\/2023\/08\/quisiera-hacer-pregunta-scaled.jpg","contentUrl":"https:\/\/amirlatam.com\/ca\/wp-content\/uploads\/sites\/9\/2023\/08\/quisiera-hacer-pregunta-scaled.jpg","width":2560,"height":1707,"caption":"Happy doctor attending a seminar and raising his hand to ask a question at convention center."},{"@type":"BreadcrumbList","@id":"https:\/\/amirlatam.com\/ca\/cursos\/acceso-a-especialidades\/mir\/completo\/mir-hibrido__trashed\/#breadcrumb","itemListElement":[{"@type":"ListItem","position":1,"name":"Portada","item":"https:\/\/amirlatam.com\/ca\/"},{"@type":"ListItem","position":2,"name":"Tienda","item":"https:\/\/amirlatam.com\/ca\/tienda\/"},{"@type":"ListItem","position":3,"name":"MIR Completo | H\u00edbrido"}]},{"@type":"WebSite","@id":"https:\/\/amirlatam.com\/ca\/#website","url":"https:\/\/amirlatam.com\/ca\/","name":"Centro Am\u00e9rica","description":"AMIR Latinoam\u00e9rica","publisher":{"@id":"https:\/\/amirlatam.com\/ca\/#organization"},"potentialAction":[{"@type":"SearchAction","target":{"@type":"EntryPoint","urlTemplate":"https:\/\/amirlatam.com\/ca\/?s={search_term_string}"},"query-input":{"@type":"PropertyValueSpecification","valueRequired":true,"valueName":"search_term_string"}}],"inLanguage":"es"},{"@type":"Organization","@id":"https:\/\/amirlatam.com\/ca\/#organization","name":"Centro Am\u00e9rica","url":"https:\/\/amirlatam.com\/ca\/","logo":{"@type":"ImageObject","inLanguage":"es","@id":"https:\/\/amirlatam.com\/ca\/#\/schema\/logo\/image\/","url":"https:\/\/amirlatam.com\/ca\/wp-content\/uploads\/sites\/9\/2023\/06\/Logo.png","contentUrl":"https:\/\/amirlatam.com\/ca\/wp-content\/uploads\/sites\/9\/2023\/06\/Logo.png","width":676,"height":200,"caption":"Centro Am\u00e9rica"},"image":{"@id":"https:\/\/amirlatam.com\/ca\/#\/schema\/logo\/image\/"}}]},"og_availability":"instock","product_availability":"instock","product_condition":"new"},"_links":{"self":[{"href":"https:\/\/amirlatam.com\/ca\/wp-json\/wp\/v2\/product\/2226","targetHints":{"allow":["GET"]}}],"collection":[{"href":"https:\/\/amirlatam.com\/ca\/wp-json\/wp\/v2\/product"}],"about":[{"href":"https:\/\/amirlatam.com\/ca\/wp-json\/wp\/v2\/types\/product"}],"wp:featuredmedia":[{"embeddable":true,"href":"https:\/\/amirlatam.com\/ca\/wp-json\/wp\/v2\/media\/2838"}],"wp:attachment":[{"href":"https:\/\/amirlatam.com\/ca\/wp-json\/wp\/v2\/media?parent=2226"}],"wp:term":[{"taxonomy":"product_brand","embeddable":true,"href":"https:\/\/amirlatam.com\/ca\/wp-json\/wp\/v2\/product_brand?post=2226"},{"taxonomy":"product_cat","embeddable":true,"href":"https:\/\/amirlatam.com\/ca\/wp-json\/wp\/v2\/product_cat?post=2226"},{"taxonomy":"product_tag","embeddable":true,"href":"https:\/\/amirlatam.com\/ca\/wp-json\/wp\/v2\/product_tag?post=2226"}],"curies":[{"name":"wp","href":"https:\/\/api.w.org\/{rel}","templated":true}]}}