{"id":13841,"date":"2024-06-14T05:05:52","date_gmt":"2024-06-14T09:05:52","guid":{"rendered":"https:\/\/amirlatam.com\/ca\/?post_type=product&#038;p=13841"},"modified":"2025-12-19T10:45:49","modified_gmt":"2025-12-19T14:45:49","slug":"psicologia-deportiva","status":"publish","type":"product","link":"https:\/\/amirlatam.com\/ca\/cursos\/psicologia\/psicologia-deportiva\/","title":{"rendered":"Psicolog\u00eda Deportiva"},"content":{"rendered":"<p>El M\u00e1ster en Psicolog\u00eda Deportiva tiene como objetivo formar profesionales para evaluar y satisfacer las necesidades psicol\u00f3gicas de los atletas. Desarrolla habilidades para proporcionar apoyo emocional y gestionar el estr\u00e9s, la ansiedad y la presi\u00f3n competitiva. Ense\u00f1a a comunicarse efectivamente con atletas y entrenadores, fomentando la motivaci\u00f3n, la confianza y el trabajo en equipo. Adem\u00e1s, facilita el desarrollo de la autoconfianza, la autoeficacia y la resiliencia, y ofrece t\u00e9cnicas avanzadas como la visualizaci\u00f3n y la regulaci\u00f3n emocional para mejorar el rendimiento deportivo.<\/p>\n","protected":false},"excerpt":{"rendered":"<p>El M\u00e1ster en Psicolog\u00eda Deportiva tiene como objetivo formar profesionales para evaluar y satisfacer las necesidades psicol\u00f3gicas de los atletas. Desarrolla habilidades para proporcionar apoyo emocional y gestionar el estr\u00e9s, la ansiedad y la presi\u00f3n competitiva. Ense\u00f1a a comunicarse efectivamente con atletas y entrenadores, fomentando la motivaci\u00f3n, la confianza y el trabajo en equipo. Adem\u00e1s, [&hellip;]<\/p>\n","protected":false},"featured_media":0,"template":"","meta":{"_acf_changed":false},"product_brand":[],"product_cat":[58],"product_tag":[86],"class_list":{"0":"post-13841","1":"product","2":"type-product","3":"status-publish","5":"product_cat-psicologia","6":"product_tag-venta","8":"first","9":"instock","10":"taxable","11":"shipping-taxable","12":"purchasable","13":"product-type-variable"},"acf":[],"yoast_head":"<!-- This site is optimized with the Yoast SEO Premium plugin v26.8 (Yoast SEO v26.8) - https:\/\/yoast.com\/product\/yoast-seo-premium-wordpress\/ -->\n<title>Psicolog\u00eda Deportiva - Centro Am\u00e9rica<\/title>\n<meta name=\"robots\" content=\"index, follow, max-snippet:-1, max-image-preview:large, max-video-preview:-1\" \/>\n<link rel=\"canonical\" href=\"https:\/\/amirlatam.com\/ca\/cursos\/psicologia\/psicologia-deportiva\/\" \/>\n<meta property=\"og:locale\" content=\"es_ES\" \/>\n<meta property=\"og:type\" content=\"article\" \/>\n<meta property=\"og:title\" content=\"Psicolog\u00eda Deportiva\" \/>\n<meta property=\"og:description\" content=\"El M\u00e1ster en Psicolog\u00eda Deportiva tiene como objetivo formar profesionales para evaluar y satisfacer las necesidades psicol\u00f3gicas de los atletas. Desarrolla habilidades para proporcionar apoyo emocional y gestionar el estr\u00e9s, la ansiedad y la presi\u00f3n competitiva. Ense\u00f1a a comunicarse efectivamente con atletas y entrenadores, fomentando la motivaci\u00f3n, la confianza y el trabajo en equipo. Adem\u00e1s, [&hellip;]\" \/>\n<meta property=\"og:url\" content=\"https:\/\/amirlatam.com\/ca\/cursos\/psicologia\/psicologia-deportiva\/\" \/>\n<meta property=\"og:site_name\" content=\"Centro Am\u00e9rica\" \/>\n<meta property=\"article:modified_time\" content=\"2025-12-19T14:45:49+00:00\" \/>\n<meta name=\"twitter:card\" content=\"summary_large_image\" \/>\n<meta name=\"twitter:label1\" content=\"Disponibilidad\" \/>\n\t<meta name=\"twitter:data1\" content=\"Disponible\" \/>\n<script type=\"application\/ld+json\" class=\"yoast-schema-graph\">{\"@context\":\"https:\/\/schema.org\",\"@graph\":[{\"@type\":\"WebPage\",\"@id\":\"https:\/\/amirlatam.com\/ca\/cursos\/psicologia\/psicologia-deportiva\/\",\"url\":\"https:\/\/amirlatam.com\/ca\/cursos\/psicologia\/psicologia-deportiva\/\",\"name\":\"Psicolog\u00eda Deportiva - Centro Am\u00e9rica\",\"isPartOf\":{\"@id\":\"https:\/\/amirlatam.com\/ca\/#website\"},\"datePublished\":\"2024-06-14T09:05:52+00:00\",\"dateModified\":\"2025-12-19T14:45:49+00:00\",\"breadcrumb\":{\"@id\":\"https:\/\/amirlatam.com\/ca\/cursos\/psicologia\/psicologia-deportiva\/#breadcrumb\"},\"inLanguage\":\"es\",\"potentialAction\":[{\"@type\":\"ReadAction\",\"target\":[\"https:\/\/amirlatam.com\/ca\/cursos\/psicologia\/psicologia-deportiva\/\"]}]},{\"@type\":\"BreadcrumbList\",\"@id\":\"https:\/\/amirlatam.com\/ca\/cursos\/psicologia\/psicologia-deportiva\/#breadcrumb\",\"itemListElement\":[{\"@type\":\"ListItem\",\"position\":1,\"name\":\"Portada\",\"item\":\"https:\/\/amirlatam.com\/ca\/\"},{\"@type\":\"ListItem\",\"position\":2,\"name\":\"Tienda\",\"item\":\"https:\/\/amirlatam.com\/ca\/tienda\/\"},{\"@type\":\"ListItem\",\"position\":3,\"name\":\"Psicolog\u00eda Deportiva\"}]},{\"@type\":\"WebSite\",\"@id\":\"https:\/\/amirlatam.com\/ca\/#website\",\"url\":\"https:\/\/amirlatam.com\/ca\/\",\"name\":\"Centro Am\u00e9rica\",\"description\":\"AMIR Latinoam\u00e9rica\",\"publisher\":{\"@id\":\"https:\/\/amirlatam.com\/ca\/#organization\"},\"potentialAction\":[{\"@type\":\"SearchAction\",\"target\":{\"@type\":\"EntryPoint\",\"urlTemplate\":\"https:\/\/amirlatam.com\/ca\/?s={search_term_string}\"},\"query-input\":{\"@type\":\"PropertyValueSpecification\",\"valueRequired\":true,\"valueName\":\"search_term_string\"}}],\"inLanguage\":\"es\"},{\"@type\":\"Organization\",\"@id\":\"https:\/\/amirlatam.com\/ca\/#organization\",\"name\":\"Centro Am\u00e9rica\",\"url\":\"https:\/\/amirlatam.com\/ca\/\",\"logo\":{\"@type\":\"ImageObject\",\"inLanguage\":\"es\",\"@id\":\"https:\/\/amirlatam.com\/ca\/#\/schema\/logo\/image\/\",\"url\":\"https:\/\/amirlatam.com\/ca\/wp-content\/uploads\/sites\/9\/2023\/06\/Logo.png\",\"contentUrl\":\"https:\/\/amirlatam.com\/ca\/wp-content\/uploads\/sites\/9\/2023\/06\/Logo.png\",\"width\":676,\"height\":200,\"caption\":\"Centro Am\u00e9rica\"},\"image\":{\"@id\":\"https:\/\/amirlatam.com\/ca\/#\/schema\/logo\/image\/\"}}]}<\/script>\n<meta property=\"og:availability\" content=\"instock\" \/>\n<meta property=\"product:availability\" content=\"instock\" \/>\n<meta property=\"product:condition\" content=\"new\" \/>\n<!-- \/ Yoast SEO Premium plugin. -->","yoast_head_json":{"title":"Psicolog\u00eda Deportiva - Centro Am\u00e9rica","robots":{"index":"index","follow":"follow","max-snippet":"max-snippet:-1","max-image-preview":"max-image-preview:large","max-video-preview":"max-video-preview:-1"},"canonical":"https:\/\/amirlatam.com\/ca\/cursos\/psicologia\/psicologia-deportiva\/","og_locale":"es_ES","og_type":"article","og_title":"Psicolog\u00eda Deportiva","og_description":"El M\u00e1ster en Psicolog\u00eda Deportiva tiene como objetivo formar profesionales para evaluar y satisfacer las necesidades psicol\u00f3gicas de los atletas. Desarrolla habilidades para proporcionar apoyo emocional y gestionar el estr\u00e9s, la ansiedad y la presi\u00f3n competitiva. Ense\u00f1a a comunicarse efectivamente con atletas y entrenadores, fomentando la motivaci\u00f3n, la confianza y el trabajo en equipo. Adem\u00e1s, [&hellip;]","og_url":"https:\/\/amirlatam.com\/ca\/cursos\/psicologia\/psicologia-deportiva\/","og_site_name":"Centro Am\u00e9rica","article_modified_time":"2025-12-19T14:45:49+00:00","twitter_card":"summary_large_image","twitter_misc":{"Disponibilidad":"Disponible"},"schema":{"@context":"https:\/\/schema.org","@graph":[{"@type":"WebPage","@id":"https:\/\/amirlatam.com\/ca\/cursos\/psicologia\/psicologia-deportiva\/","url":"https:\/\/amirlatam.com\/ca\/cursos\/psicologia\/psicologia-deportiva\/","name":"Psicolog\u00eda Deportiva - Centro Am\u00e9rica","isPartOf":{"@id":"https:\/\/amirlatam.com\/ca\/#website"},"datePublished":"2024-06-14T09:05:52+00:00","dateModified":"2025-12-19T14:45:49+00:00","breadcrumb":{"@id":"https:\/\/amirlatam.com\/ca\/cursos\/psicologia\/psicologia-deportiva\/#breadcrumb"},"inLanguage":"es","potentialAction":[{"@type":"ReadAction","target":["https:\/\/amirlatam.com\/ca\/cursos\/psicologia\/psicologia-deportiva\/"]}]},{"@type":"BreadcrumbList","@id":"https:\/\/amirlatam.com\/ca\/cursos\/psicologia\/psicologia-deportiva\/#breadcrumb","itemListElement":[{"@type":"ListItem","position":1,"name":"Portada","item":"https:\/\/amirlatam.com\/ca\/"},{"@type":"ListItem","position":2,"name":"Tienda","item":"https:\/\/amirlatam.com\/ca\/tienda\/"},{"@type":"ListItem","position":3,"name":"Psicolog\u00eda Deportiva"}]},{"@type":"WebSite","@id":"https:\/\/amirlatam.com\/ca\/#website","url":"https:\/\/amirlatam.com\/ca\/","name":"Centro Am\u00e9rica","description":"AMIR Latinoam\u00e9rica","publisher":{"@id":"https:\/\/amirlatam.com\/ca\/#organization"},"potentialAction":[{"@type":"SearchAction","target":{"@type":"EntryPoint","urlTemplate":"https:\/\/amirlatam.com\/ca\/?s={search_term_string}"},"query-input":{"@type":"PropertyValueSpecification","valueRequired":true,"valueName":"search_term_string"}}],"inLanguage":"es"},{"@type":"Organization","@id":"https:\/\/amirlatam.com\/ca\/#organization","name":"Centro Am\u00e9rica","url":"https:\/\/amirlatam.com\/ca\/","logo":{"@type":"ImageObject","inLanguage":"es","@id":"https:\/\/amirlatam.com\/ca\/#\/schema\/logo\/image\/","url":"https:\/\/amirlatam.com\/ca\/wp-content\/uploads\/sites\/9\/2023\/06\/Logo.png","contentUrl":"https:\/\/amirlatam.com\/ca\/wp-content\/uploads\/sites\/9\/2023\/06\/Logo.png","width":676,"height":200,"caption":"Centro Am\u00e9rica"},"image":{"@id":"https:\/\/amirlatam.com\/ca\/#\/schema\/logo\/image\/"}}]},"og_availability":"instock","product_availability":"instock","product_condition":"new"},"_links":{"self":[{"href":"https:\/\/amirlatam.com\/ca\/wp-json\/wp\/v2\/product\/13841","targetHints":{"allow":["GET"]}}],"collection":[{"href":"https:\/\/amirlatam.com\/ca\/wp-json\/wp\/v2\/product"}],"about":[{"href":"https:\/\/amirlatam.com\/ca\/wp-json\/wp\/v2\/types\/product"}],"wp:attachment":[{"href":"https:\/\/amirlatam.com\/ca\/wp-json\/wp\/v2\/media?parent=13841"}],"wp:term":[{"taxonomy":"product_brand","embeddable":true,"href":"https:\/\/amirlatam.com\/ca\/wp-json\/wp\/v2\/product_brand?post=13841"},{"taxonomy":"product_cat","embeddable":true,"href":"https:\/\/amirlatam.com\/ca\/wp-json\/wp\/v2\/product_cat?post=13841"},{"taxonomy":"product_tag","embeddable":true,"href":"https:\/\/amirlatam.com\/ca\/wp-json\/wp\/v2\/product_tag?post=13841"}],"curies":[{"name":"wp","href":"https:\/\/api.w.org\/{rel}","templated":true}]}}