{"id":13822,"date":"2024-06-14T04:52:55","date_gmt":"2024-06-14T08:52:55","guid":{"rendered":"https:\/\/amirlatam.com\/ca\/?post_type=product&#038;p=13822"},"modified":"2025-12-19T11:12:51","modified_gmt":"2025-12-19T15:12:51","slug":"fisioterapia-deportiva","status":"publish","type":"product","link":"https:\/\/amirlatam.com\/ca\/cursos\/sin-categorizar\/fisioterapia-deportiva\/","title":{"rendered":"Fisioterapia Deportiva"},"content":{"rendered":"<p>El m\u00e1ster de Fisioterapia Deportiva tiene como objetivo es prevenir y tratar lesiones producidas por la pr\u00e1ctica deportiva. Imagina tener el conocimiento y las herramientas para prevenir lesiones, tratarlas con eficacia y ayudar a los deportistas a recuperarse m\u00e1s r\u00e1pido y volver a la acci\u00f3n.<\/p>\n","protected":false},"excerpt":{"rendered":"<p>El m\u00e1ster de Fisioterapia Deportiva tiene como objetivo es prevenir y tratar lesiones producidas por la pr\u00e1ctica deportiva. Imagina tener el conocimiento y las herramientas para prevenir lesiones, tratarlas con eficacia y ayudar a los deportistas a recuperarse m\u00e1s r\u00e1pido y volver a la acci\u00f3n.<\/p>\n","protected":false},"featured_media":0,"template":"","meta":{"_acf_changed":false},"product_brand":[],"product_cat":[19],"product_tag":[86],"class_list":{"0":"post-13822","1":"product","2":"type-product","3":"status-publish","5":"product_cat-sin-categorizar","6":"product_tag-venta","8":"first","9":"instock","10":"taxable","11":"shipping-taxable","12":"purchasable","13":"product-type-variable"},"acf":[],"yoast_head":"<!-- This site is optimized with the Yoast SEO Premium plugin v26.8 (Yoast SEO v26.8) - https:\/\/yoast.com\/product\/yoast-seo-premium-wordpress\/ -->\n<title>Fisioterapia Deportiva - Centro Am\u00e9rica<\/title>\n<meta name=\"robots\" content=\"index, follow, max-snippet:-1, max-image-preview:large, max-video-preview:-1\" \/>\n<link rel=\"canonical\" href=\"https:\/\/amirlatam.com\/ca\/cursos\/sin-categorizar\/fisioterapia-deportiva\/\" \/>\n<meta property=\"og:locale\" content=\"es_ES\" \/>\n<meta property=\"og:type\" content=\"article\" \/>\n<meta property=\"og:title\" content=\"Fisioterapia Deportiva\" \/>\n<meta property=\"og:description\" content=\"El m\u00e1ster de Fisioterapia Deportiva tiene como objetivo es prevenir y tratar lesiones producidas por la pr\u00e1ctica deportiva. Imagina tener el conocimiento y las herramientas para prevenir lesiones, tratarlas con eficacia y ayudar a los deportistas a recuperarse m\u00e1s r\u00e1pido y volver a la acci\u00f3n.\" \/>\n<meta property=\"og:url\" content=\"https:\/\/amirlatam.com\/ca\/cursos\/sin-categorizar\/fisioterapia-deportiva\/\" \/>\n<meta property=\"og:site_name\" content=\"Centro Am\u00e9rica\" \/>\n<meta property=\"article:modified_time\" content=\"2025-12-19T15:12:51+00:00\" \/>\n<meta name=\"twitter:card\" content=\"summary_large_image\" \/>\n<meta name=\"twitter:label1\" content=\"Disponibilidad\" \/>\n\t<meta name=\"twitter:data1\" content=\"Disponible\" \/>\n<script type=\"application\/ld+json\" class=\"yoast-schema-graph\">{\"@context\":\"https:\/\/schema.org\",\"@graph\":[{\"@type\":\"WebPage\",\"@id\":\"https:\/\/amirlatam.com\/ca\/cursos\/sin-categorizar\/fisioterapia-deportiva\/\",\"url\":\"https:\/\/amirlatam.com\/ca\/cursos\/sin-categorizar\/fisioterapia-deportiva\/\",\"name\":\"Fisioterapia Deportiva - Centro Am\u00e9rica\",\"isPartOf\":{\"@id\":\"https:\/\/amirlatam.com\/ca\/#website\"},\"datePublished\":\"2024-06-14T08:52:55+00:00\",\"dateModified\":\"2025-12-19T15:12:51+00:00\",\"breadcrumb\":{\"@id\":\"https:\/\/amirlatam.com\/ca\/cursos\/sin-categorizar\/fisioterapia-deportiva\/#breadcrumb\"},\"inLanguage\":\"es\",\"potentialAction\":[{\"@type\":\"ReadAction\",\"target\":[\"https:\/\/amirlatam.com\/ca\/cursos\/sin-categorizar\/fisioterapia-deportiva\/\"]}]},{\"@type\":\"BreadcrumbList\",\"@id\":\"https:\/\/amirlatam.com\/ca\/cursos\/sin-categorizar\/fisioterapia-deportiva\/#breadcrumb\",\"itemListElement\":[{\"@type\":\"ListItem\",\"position\":1,\"name\":\"Portada\",\"item\":\"https:\/\/amirlatam.com\/ca\/\"},{\"@type\":\"ListItem\",\"position\":2,\"name\":\"Tienda\",\"item\":\"https:\/\/amirlatam.com\/ca\/tienda\/\"},{\"@type\":\"ListItem\",\"position\":3,\"name\":\"Fisioterapia Deportiva\"}]},{\"@type\":\"WebSite\",\"@id\":\"https:\/\/amirlatam.com\/ca\/#website\",\"url\":\"https:\/\/amirlatam.com\/ca\/\",\"name\":\"Centro Am\u00e9rica\",\"description\":\"AMIR Latinoam\u00e9rica\",\"publisher\":{\"@id\":\"https:\/\/amirlatam.com\/ca\/#organization\"},\"potentialAction\":[{\"@type\":\"SearchAction\",\"target\":{\"@type\":\"EntryPoint\",\"urlTemplate\":\"https:\/\/amirlatam.com\/ca\/?s={search_term_string}\"},\"query-input\":{\"@type\":\"PropertyValueSpecification\",\"valueRequired\":true,\"valueName\":\"search_term_string\"}}],\"inLanguage\":\"es\"},{\"@type\":\"Organization\",\"@id\":\"https:\/\/amirlatam.com\/ca\/#organization\",\"name\":\"Centro Am\u00e9rica\",\"url\":\"https:\/\/amirlatam.com\/ca\/\",\"logo\":{\"@type\":\"ImageObject\",\"inLanguage\":\"es\",\"@id\":\"https:\/\/amirlatam.com\/ca\/#\/schema\/logo\/image\/\",\"url\":\"https:\/\/amirlatam.com\/ca\/wp-content\/uploads\/sites\/9\/2023\/06\/Logo.png\",\"contentUrl\":\"https:\/\/amirlatam.com\/ca\/wp-content\/uploads\/sites\/9\/2023\/06\/Logo.png\",\"width\":676,\"height\":200,\"caption\":\"Centro Am\u00e9rica\"},\"image\":{\"@id\":\"https:\/\/amirlatam.com\/ca\/#\/schema\/logo\/image\/\"}}]}<\/script>\n<meta property=\"og:availability\" content=\"instock\" \/>\n<meta property=\"product:availability\" content=\"instock\" \/>\n<meta property=\"product:condition\" content=\"new\" \/>\n<!-- \/ Yoast SEO Premium plugin. -->","yoast_head_json":{"title":"Fisioterapia Deportiva - Centro Am\u00e9rica","robots":{"index":"index","follow":"follow","max-snippet":"max-snippet:-1","max-image-preview":"max-image-preview:large","max-video-preview":"max-video-preview:-1"},"canonical":"https:\/\/amirlatam.com\/ca\/cursos\/sin-categorizar\/fisioterapia-deportiva\/","og_locale":"es_ES","og_type":"article","og_title":"Fisioterapia Deportiva","og_description":"El m\u00e1ster de Fisioterapia Deportiva tiene como objetivo es prevenir y tratar lesiones producidas por la pr\u00e1ctica deportiva. Imagina tener el conocimiento y las herramientas para prevenir lesiones, tratarlas con eficacia y ayudar a los deportistas a recuperarse m\u00e1s r\u00e1pido y volver a la acci\u00f3n.","og_url":"https:\/\/amirlatam.com\/ca\/cursos\/sin-categorizar\/fisioterapia-deportiva\/","og_site_name":"Centro Am\u00e9rica","article_modified_time":"2025-12-19T15:12:51+00:00","twitter_card":"summary_large_image","twitter_misc":{"Disponibilidad":"Disponible"},"schema":{"@context":"https:\/\/schema.org","@graph":[{"@type":"WebPage","@id":"https:\/\/amirlatam.com\/ca\/cursos\/sin-categorizar\/fisioterapia-deportiva\/","url":"https:\/\/amirlatam.com\/ca\/cursos\/sin-categorizar\/fisioterapia-deportiva\/","name":"Fisioterapia Deportiva - Centro Am\u00e9rica","isPartOf":{"@id":"https:\/\/amirlatam.com\/ca\/#website"},"datePublished":"2024-06-14T08:52:55+00:00","dateModified":"2025-12-19T15:12:51+00:00","breadcrumb":{"@id":"https:\/\/amirlatam.com\/ca\/cursos\/sin-categorizar\/fisioterapia-deportiva\/#breadcrumb"},"inLanguage":"es","potentialAction":[{"@type":"ReadAction","target":["https:\/\/amirlatam.com\/ca\/cursos\/sin-categorizar\/fisioterapia-deportiva\/"]}]},{"@type":"BreadcrumbList","@id":"https:\/\/amirlatam.com\/ca\/cursos\/sin-categorizar\/fisioterapia-deportiva\/#breadcrumb","itemListElement":[{"@type":"ListItem","position":1,"name":"Portada","item":"https:\/\/amirlatam.com\/ca\/"},{"@type":"ListItem","position":2,"name":"Tienda","item":"https:\/\/amirlatam.com\/ca\/tienda\/"},{"@type":"ListItem","position":3,"name":"Fisioterapia Deportiva"}]},{"@type":"WebSite","@id":"https:\/\/amirlatam.com\/ca\/#website","url":"https:\/\/amirlatam.com\/ca\/","name":"Centro Am\u00e9rica","description":"AMIR Latinoam\u00e9rica","publisher":{"@id":"https:\/\/amirlatam.com\/ca\/#organization"},"potentialAction":[{"@type":"SearchAction","target":{"@type":"EntryPoint","urlTemplate":"https:\/\/amirlatam.com\/ca\/?s={search_term_string}"},"query-input":{"@type":"PropertyValueSpecification","valueRequired":true,"valueName":"search_term_string"}}],"inLanguage":"es"},{"@type":"Organization","@id":"https:\/\/amirlatam.com\/ca\/#organization","name":"Centro Am\u00e9rica","url":"https:\/\/amirlatam.com\/ca\/","logo":{"@type":"ImageObject","inLanguage":"es","@id":"https:\/\/amirlatam.com\/ca\/#\/schema\/logo\/image\/","url":"https:\/\/amirlatam.com\/ca\/wp-content\/uploads\/sites\/9\/2023\/06\/Logo.png","contentUrl":"https:\/\/amirlatam.com\/ca\/wp-content\/uploads\/sites\/9\/2023\/06\/Logo.png","width":676,"height":200,"caption":"Centro Am\u00e9rica"},"image":{"@id":"https:\/\/amirlatam.com\/ca\/#\/schema\/logo\/image\/"}}]},"og_availability":"instock","product_availability":"instock","product_condition":"new"},"_links":{"self":[{"href":"https:\/\/amirlatam.com\/ca\/wp-json\/wp\/v2\/product\/13822","targetHints":{"allow":["GET"]}}],"collection":[{"href":"https:\/\/amirlatam.com\/ca\/wp-json\/wp\/v2\/product"}],"about":[{"href":"https:\/\/amirlatam.com\/ca\/wp-json\/wp\/v2\/types\/product"}],"wp:attachment":[{"href":"https:\/\/amirlatam.com\/ca\/wp-json\/wp\/v2\/media?parent=13822"}],"wp:term":[{"taxonomy":"product_brand","embeddable":true,"href":"https:\/\/amirlatam.com\/ca\/wp-json\/wp\/v2\/product_brand?post=13822"},{"taxonomy":"product_cat","embeddable":true,"href":"https:\/\/amirlatam.com\/ca\/wp-json\/wp\/v2\/product_cat?post=13822"},{"taxonomy":"product_tag","embeddable":true,"href":"https:\/\/amirlatam.com\/ca\/wp-json\/wp\/v2\/product_tag?post=13822"}],"curies":[{"name":"wp","href":"https:\/\/api.w.org\/{rel}","templated":true}]}}