{"id":12135,"date":"2024-01-29T10:07:45","date_gmt":"2024-01-29T14:07:45","guid":{"rendered":"https:\/\/amirlatam.com\/ca\/?post_type=product&#038;p=12135"},"modified":"2024-02-01T17:49:42","modified_gmt":"2024-02-01T21:49:42","slug":"actualizacion-en-electrografia-para-enfermeros","status":"publish","type":"product","link":"https:\/\/amirlatam.com\/ca\/cursos\/medicina\/actualizacion-en-electrografia-para-enfermeros\/","title":{"rendered":"Actualizaci\u00f3n en Electrocardiograf\u00eda para enfermeros"},"content":{"rendered":"\t\t<div data-elementor-type=\"container\" data-elementor-id=\"12133\" class=\"elementor elementor-12133\" data-elementor-settings=\"{&quot;ha_cmc_init_switcher&quot;:&quot;no&quot;}\" data-elementor-post-type=\"elementor_library\">\n\t\t\t\t<div class=\"elementor-element elementor-element-148098b7 e-flex e-con-boxed e-con e-parent\" data-id=\"148098b7\" data-element_type=\"container\" data-e-type=\"container\" data-settings=\"{&quot;_ha_eqh_enable&quot;:false}\">\n\t\t\t\t\t<div class=\"e-con-inner\">\n\t\t\t\t<div class=\"elementor-element elementor-element-7adba07c elementor-widget elementor-widget-accordion\" data-id=\"7adba07c\" data-element_type=\"widget\" data-e-type=\"widget\" data-widget_type=\"accordion.default\">\n\t\t\t\t<div class=\"elementor-widget-container\">\n\t\t\t\t\t\t\t<div class=\"elementor-accordion\">\n\t\t\t\t\t\t\t<div class=\"elementor-accordion-item\">\n\t\t\t\t\t<div id=\"elementor-tab-title-2061\" class=\"elementor-tab-title\" data-tab=\"1\" role=\"button\" aria-controls=\"elementor-tab-content-2061\" aria-expanded=\"false\">\n\t\t\t\t\t\t\t\t\t\t\t\t\t<span class=\"elementor-accordion-icon elementor-accordion-icon-left\" aria-hidden=\"true\">\n\t\t\t\t\t\t\t\t\t\t\t\t\t\t\t<span class=\"elementor-accordion-icon-closed\"><i class=\"fas fa-plus\"><\/i><\/span>\n\t\t\t\t\t\t\t\t<span class=\"elementor-accordion-icon-opened\"><i class=\"fas fa-minus\"><\/i><\/span>\n\t\t\t\t\t\t\t\t\t\t\t\t\t\t<\/span>\n\t\t\t\t\t\t\t\t\t\t\t\t<a class=\"elementor-accordion-title\" tabindex=\"0\">M\u00f3dulo I<\/a>\n\t\t\t\t\t<\/div>\n\t\t\t\t\t<div id=\"elementor-tab-content-2061\" class=\"elementor-tab-content elementor-clearfix\" data-tab=\"1\" role=\"region\" aria-labelledby=\"elementor-tab-title-2061\"><p>1. Anatom\u00eda y fisiolog\u00eda cardiaca.<\/p><p>2. Lectura del EKG.<\/p><\/div>\n\t\t\t\t<\/div>\n\t\t\t\t\t\t\t<div class=\"elementor-accordion-item\">\n\t\t\t\t\t<div id=\"elementor-tab-title-2062\" class=\"elementor-tab-title\" data-tab=\"2\" role=\"button\" aria-controls=\"elementor-tab-content-2062\" aria-expanded=\"false\">\n\t\t\t\t\t\t\t\t\t\t\t\t\t<span class=\"elementor-accordion-icon elementor-accordion-icon-left\" aria-hidden=\"true\">\n\t\t\t\t\t\t\t\t\t\t\t\t\t\t\t<span class=\"elementor-accordion-icon-closed\"><i class=\"fas fa-plus\"><\/i><\/span>\n\t\t\t\t\t\t\t\t<span class=\"elementor-accordion-icon-opened\"><i class=\"fas fa-minus\"><\/i><\/span>\n\t\t\t\t\t\t\t\t\t\t\t\t\t\t<\/span>\n\t\t\t\t\t\t\t\t\t\t\t\t<a class=\"elementor-accordion-title\" tabindex=\"0\">M\u00f3dulo II<\/a>\n\t\t\t\t\t<\/div>\n\t\t\t\t\t<div id=\"elementor-tab-content-2062\" class=\"elementor-tab-content elementor-clearfix\" data-tab=\"2\" role=\"region\" aria-labelledby=\"elementor-tab-title-2062\"><p>2.1 An\u00e1lisis en el EKG<\/p><p>2.2 Tutor\u00eda 1<\/p><\/div>\n\t\t\t\t<\/div>\n\t\t\t\t\t\t\t<div class=\"elementor-accordion-item\">\n\t\t\t\t\t<div id=\"elementor-tab-title-2063\" class=\"elementor-tab-title\" data-tab=\"3\" role=\"button\" aria-controls=\"elementor-tab-content-2063\" aria-expanded=\"false\">\n\t\t\t\t\t\t\t\t\t\t\t\t\t<span class=\"elementor-accordion-icon elementor-accordion-icon-left\" aria-hidden=\"true\">\n\t\t\t\t\t\t\t\t\t\t\t\t\t\t\t<span class=\"elementor-accordion-icon-closed\"><i class=\"fas fa-plus\"><\/i><\/span>\n\t\t\t\t\t\t\t\t<span class=\"elementor-accordion-icon-opened\"><i class=\"fas fa-minus\"><\/i><\/span>\n\t\t\t\t\t\t\t\t\t\t\t\t\t\t<\/span>\n\t\t\t\t\t\t\t\t\t\t\t\t<a class=\"elementor-accordion-title\" tabindex=\"0\">M\u00f3dulo III<\/a>\n\t\t\t\t\t<\/div>\n\t\t\t\t\t<div id=\"elementor-tab-content-2063\" class=\"elementor-tab-content elementor-clearfix\" data-tab=\"3\" role=\"region\" aria-labelledby=\"elementor-tab-title-2063\"><p>3.1 Identificaci\u00f3n en el EKG parte 1.<\/p><p>3.2 Identificaci\u00f3n en el EKG parte 2.<\/p><p>3.3 Tutor\u00eda 2<\/p><\/div>\n\t\t\t\t<\/div>\n\t\t\t\t\t\t\t<div class=\"elementor-accordion-item\">\n\t\t\t\t\t<div id=\"elementor-tab-title-2064\" class=\"elementor-tab-title\" data-tab=\"4\" role=\"button\" aria-controls=\"elementor-tab-content-2064\" aria-expanded=\"false\">\n\t\t\t\t\t\t\t\t\t\t\t\t\t<span class=\"elementor-accordion-icon elementor-accordion-icon-left\" aria-hidden=\"true\">\n\t\t\t\t\t\t\t\t\t\t\t\t\t\t\t<span class=\"elementor-accordion-icon-closed\"><i class=\"fas fa-plus\"><\/i><\/span>\n\t\t\t\t\t\t\t\t<span class=\"elementor-accordion-icon-opened\"><i class=\"fas fa-minus\"><\/i><\/span>\n\t\t\t\t\t\t\t\t\t\t\t\t\t\t<\/span>\n\t\t\t\t\t\t\t\t\t\t\t\t<a class=\"elementor-accordion-title\" tabindex=\"0\">M\u00f3dulo IV<\/a>\n\t\t\t\t\t<\/div>\n\t\t\t\t\t<div id=\"elementor-tab-content-2064\" class=\"elementor-tab-content elementor-clearfix\" data-tab=\"4\" role=\"region\" aria-labelledby=\"elementor-tab-title-2064\"><p>4.1 Realizaci\u00f3n e interpretaci\u00f3n b\u00e1sica de un electrocardiograma.<\/p><p>4.2 Bradiarritmias.<\/p><p>4.3 Taquiarritmias.<\/p><\/div>\n\t\t\t\t<\/div>\n\t\t\t\t\t\t\t<div class=\"elementor-accordion-item\">\n\t\t\t\t\t<div id=\"elementor-tab-title-2065\" class=\"elementor-tab-title\" data-tab=\"5\" role=\"button\" aria-controls=\"elementor-tab-content-2065\" aria-expanded=\"false\">\n\t\t\t\t\t\t\t\t\t\t\t\t\t<span class=\"elementor-accordion-icon elementor-accordion-icon-left\" aria-hidden=\"true\">\n\t\t\t\t\t\t\t\t\t\t\t\t\t\t\t<span class=\"elementor-accordion-icon-closed\"><i class=\"fas fa-plus\"><\/i><\/span>\n\t\t\t\t\t\t\t\t<span class=\"elementor-accordion-icon-opened\"><i class=\"fas fa-minus\"><\/i><\/span>\n\t\t\t\t\t\t\t\t\t\t\t\t\t\t<\/span>\n\t\t\t\t\t\t\t\t\t\t\t\t<a class=\"elementor-accordion-title\" tabindex=\"0\">M\u00f3dulo V<\/a>\n\t\t\t\t\t<\/div>\n\t\t\t\t\t<div id=\"elementor-tab-content-2065\" class=\"elementor-tab-content elementor-clearfix\" data-tab=\"5\" role=\"region\" aria-labelledby=\"elementor-tab-title-2065\"><p>5.1 cardiopat\u00eda isqu\u00e9mica parte1.<\/p><p>5.2 cardiopat\u00eda isqu\u00e9mica parte 2.<\/p><p>5.3 Tutor\u00eda 3.<\/p><\/div>\n\t\t\t\t<\/div>\n\t\t\t\t\t\t\t<div class=\"elementor-accordion-item\">\n\t\t\t\t\t<div id=\"elementor-tab-title-2066\" class=\"elementor-tab-title\" data-tab=\"6\" role=\"button\" aria-controls=\"elementor-tab-content-2066\" aria-expanded=\"false\">\n\t\t\t\t\t\t\t\t\t\t\t\t\t<span class=\"elementor-accordion-icon elementor-accordion-icon-left\" aria-hidden=\"true\">\n\t\t\t\t\t\t\t\t\t\t\t\t\t\t\t<span class=\"elementor-accordion-icon-closed\"><i class=\"fas fa-plus\"><\/i><\/span>\n\t\t\t\t\t\t\t\t<span class=\"elementor-accordion-icon-opened\"><i class=\"fas fa-minus\"><\/i><\/span>\n\t\t\t\t\t\t\t\t\t\t\t\t\t\t<\/span>\n\t\t\t\t\t\t\t\t\t\t\t\t<a class=\"elementor-accordion-title\" tabindex=\"0\">M\u00f3dulo VI<\/a>\n\t\t\t\t\t<\/div>\n\t\t\t\t\t<div id=\"elementor-tab-content-2066\" class=\"elementor-tab-content elementor-clearfix\" data-tab=\"6\" role=\"region\" aria-labelledby=\"elementor-tab-title-2066\"><p>6.1. Otros electrocardiogramas que debes de conocer parte 1.<\/p><p>6.2. Otros electrocardiogramas que debes de conocer parte 2.<\/p><\/div>\n\t\t\t\t<\/div>\n\t\t\t\t\t\t\t<div class=\"elementor-accordion-item\">\n\t\t\t\t\t<div id=\"elementor-tab-title-2067\" class=\"elementor-tab-title\" data-tab=\"7\" role=\"button\" aria-controls=\"elementor-tab-content-2067\" aria-expanded=\"false\">\n\t\t\t\t\t\t\t\t\t\t\t\t\t<span class=\"elementor-accordion-icon elementor-accordion-icon-left\" aria-hidden=\"true\">\n\t\t\t\t\t\t\t\t\t\t\t\t\t\t\t<span class=\"elementor-accordion-icon-closed\"><i class=\"fas fa-plus\"><\/i><\/span>\n\t\t\t\t\t\t\t\t<span class=\"elementor-accordion-icon-opened\"><i class=\"fas fa-minus\"><\/i><\/span>\n\t\t\t\t\t\t\t\t\t\t\t\t\t\t<\/span>\n\t\t\t\t\t\t\t\t\t\t\t\t<a class=\"elementor-accordion-title\" tabindex=\"0\">M\u00f3dulo VII<\/a>\n\t\t\t\t\t<\/div>\n\t\t\t\t\t<div id=\"elementor-tab-content-2067\" class=\"elementor-tab-content elementor-clearfix\" data-tab=\"7\" role=\"region\" aria-labelledby=\"elementor-tab-title-2067\"><p>7.1 Realizaci\u00f3n e interpretaci\u00f3n b\u00e1sica de un electrocardiograma, errores frecuentes.<\/p><p>7.2 Bradiarritmias y marcapasos.<\/p><p>7.3 Tutor\u00eda 4.<\/p><\/div>\n\t\t\t\t<\/div>\n\t\t\t\t\t\t\t<div class=\"elementor-accordion-item\">\n\t\t\t\t\t<div id=\"elementor-tab-title-2068\" class=\"elementor-tab-title\" data-tab=\"8\" role=\"button\" aria-controls=\"elementor-tab-content-2068\" aria-expanded=\"false\">\n\t\t\t\t\t\t\t\t\t\t\t\t\t<span class=\"elementor-accordion-icon elementor-accordion-icon-left\" aria-hidden=\"true\">\n\t\t\t\t\t\t\t\t\t\t\t\t\t\t\t<span class=\"elementor-accordion-icon-closed\"><i class=\"fas fa-plus\"><\/i><\/span>\n\t\t\t\t\t\t\t\t<span class=\"elementor-accordion-icon-opened\"><i class=\"fas fa-minus\"><\/i><\/span>\n\t\t\t\t\t\t\t\t\t\t\t\t\t\t<\/span>\n\t\t\t\t\t\t\t\t\t\t\t\t<a class=\"elementor-accordion-title\" tabindex=\"0\">M\u00f3dulo VIII<\/a>\n\t\t\t\t\t<\/div>\n\t\t\t\t\t<div id=\"elementor-tab-content-2068\" class=\"elementor-tab-content elementor-clearfix\" data-tab=\"8\" role=\"region\" aria-labelledby=\"elementor-tab-title-2068\"><p>8.1 Taquiarritmias manejo general parte 1.<\/p><p>8.2 Taquiarritmias manejo general parte 2.<\/p><p>8.3 Tutor\u00eda 5.<\/p><\/div>\n\t\t\t\t<\/div>\n\t\t\t\t\t\t\t\t<\/div>\n\t\t\t\t\t\t<\/div>\n\t\t\t\t<\/div>\n\t\t\t\t\t<\/div>\n\t\t\t\t<\/div>\n\t\t\t\t<\/div>\n\t\t\n","protected":false},"excerpt":{"rendered":"<div class=\"page\" title=\"Page 2\">\n<div class=\"layoutArea\">\n<div class=\"column\">\n<div class=\"page\" title=\"Page 2\">\n<div class=\"layoutArea\">\n<div class=\"column\">\n<p>Mejora tus conocimientos y adquiere un dominio total del Electrocardiograma, con el objetivo de mejorar la pr\u00e1ctica cl\u00ednica y brindar una atenci\u00f3n de calidad a los pacientes<\/p>\n<p>El programa educativo del curso ha sido cuidadosamente desarrollado por expertos en el campo, con el objetivo de brindarte una experiencia de aprendizaje enriquecedora y pr\u00e1ctica.<\/p>\n<p>\u00a1No pierdas la oportunidad de actualizar tus conocimientos y brindar la mejor atenci\u00f3n a tus pacientes! Inscr\u00edbete ahora en nuestro Curso de Actualizaci\u00f3n en Electrogr\u00e1fica y lleva tu pr\u00e1ctica cl\u00ednica al siguiente nivel.<\/p>\n<\/div>\n<\/div>\n<\/div>\n<\/div>\n<\/div>\n<\/div>\n","protected":false},"featured_media":12140,"template":"","meta":{"_acf_changed":false},"product_brand":[],"product_cat":[59],"product_tag":[86],"class_list":{"0":"post-12135","1":"product","2":"type-product","3":"status-publish","4":"has-post-thumbnail","6":"product_cat-medicina","7":"product_tag-venta","9":"first","10":"instock","11":"purchasable","12":"product-type-variable"},"acf":[],"yoast_head":"<!-- This site is optimized with the Yoast SEO Premium plugin v26.8 (Yoast SEO v26.8) - https:\/\/yoast.com\/product\/yoast-seo-premium-wordpress\/ -->\n<title>Actualizaci\u00f3n en Electrocardiograf\u00eda para enfermeros - Centro Am\u00e9rica<\/title>\n<meta name=\"robots\" content=\"index, follow, max-snippet:-1, max-image-preview:large, max-video-preview:-1\" \/>\n<link rel=\"canonical\" href=\"https:\/\/amirlatam.com\/ca\/cursos\/medicina\/actualizacion-en-electrografia-para-enfermeros\/\" \/>\n<meta property=\"og:locale\" content=\"es_ES\" \/>\n<meta property=\"og:type\" content=\"article\" \/>\n<meta property=\"og:title\" content=\"Actualizaci\u00f3n en Electrocardiograf\u00eda para enfermeros\" \/>\n<meta property=\"og:description\" content=\"Mejora tus conocimientos y adquiere un dominio total del Electrocardiograma, con el objetivo de mejorar la pr\u00e1ctica cl\u00ednica y brindar una atenci\u00f3n de calidad a los pacientes  El programa educativo del curso ha sido cuidadosamente desarrollado por expertos en el campo, con el objetivo de brindarte una experiencia de aprendizaje enriquecedora y pr\u00e1ctica.  \u00a1No pierdas la oportunidad de actualizar tus conocimientos y brindar la mejor atenci\u00f3n a tus pacientes! Inscr\u00edbete ahora en nuestro Curso de Actualizaci\u00f3n en Electrogr\u00e1fica y lleva tu pr\u00e1ctica cl\u00ednica al siguiente nivel.\" \/>\n<meta property=\"og:url\" content=\"https:\/\/amirlatam.com\/ca\/cursos\/medicina\/actualizacion-en-electrografia-para-enfermeros\/\" \/>\n<meta property=\"og:site_name\" content=\"Centro Am\u00e9rica\" \/>\n<meta property=\"article:modified_time\" content=\"2024-02-01T21:49:42+00:00\" \/>\n<meta property=\"og:image\" content=\"https:\/\/amirlatam.com\/ca\/wp-content\/uploads\/sites\/9\/2024\/01\/doctor-examining-patient-clinic-scaled.jpg\" \/>\n\t<meta property=\"og:image:width\" content=\"1440\" \/>\n\t<meta property=\"og:image:height\" content=\"2560\" \/>\n\t<meta property=\"og:image:type\" content=\"image\/jpeg\" \/>\n<meta name=\"twitter:card\" content=\"summary_large_image\" \/>\n<meta name=\"twitter:label1\" content=\"Disponibilidad\" \/>\n\t<meta name=\"twitter:data1\" content=\"Disponible\" \/>\n<script type=\"application\/ld+json\" class=\"yoast-schema-graph\">{\"@context\":\"https:\/\/schema.org\",\"@graph\":[{\"@type\":\"WebPage\",\"@id\":\"https:\/\/amirlatam.com\/ca\/cursos\/medicina\/actualizacion-en-electrografia-para-enfermeros\/\",\"url\":\"https:\/\/amirlatam.com\/ca\/cursos\/medicina\/actualizacion-en-electrografia-para-enfermeros\/\",\"name\":\"Actualizaci\u00f3n en Electrocardiograf\u00eda para enfermeros - Centro Am\u00e9rica\",\"isPartOf\":{\"@id\":\"https:\/\/amirlatam.com\/ca\/#website\"},\"primaryImageOfPage\":{\"@id\":\"https:\/\/amirlatam.com\/ca\/cursos\/medicina\/actualizacion-en-electrografia-para-enfermeros\/#primaryimage\"},\"image\":{\"@id\":\"https:\/\/amirlatam.com\/ca\/cursos\/medicina\/actualizacion-en-electrografia-para-enfermeros\/#primaryimage\"},\"thumbnailUrl\":\"https:\/\/amirlatam.com\/ca\/wp-content\/uploads\/sites\/9\/2024\/01\/doctor-examining-patient-clinic-scaled.jpg\",\"datePublished\":\"2024-01-29T14:07:45+00:00\",\"dateModified\":\"2024-02-01T21:49:42+00:00\",\"breadcrumb\":{\"@id\":\"https:\/\/amirlatam.com\/ca\/cursos\/medicina\/actualizacion-en-electrografia-para-enfermeros\/#breadcrumb\"},\"inLanguage\":\"es\",\"potentialAction\":[{\"@type\":\"ReadAction\",\"target\":[\"https:\/\/amirlatam.com\/ca\/cursos\/medicina\/actualizacion-en-electrografia-para-enfermeros\/\"]}]},{\"@type\":\"ImageObject\",\"inLanguage\":\"es\",\"@id\":\"https:\/\/amirlatam.com\/ca\/cursos\/medicina\/actualizacion-en-electrografia-para-enfermeros\/#primaryimage\",\"url\":\"https:\/\/amirlatam.com\/ca\/wp-content\/uploads\/sites\/9\/2024\/01\/doctor-examining-patient-clinic-scaled.jpg\",\"contentUrl\":\"https:\/\/amirlatam.com\/ca\/wp-content\/uploads\/sites\/9\/2024\/01\/doctor-examining-patient-clinic-scaled.jpg\",\"width\":1440,\"height\":2560,\"caption\":\"SSUCv3H4sIAAAAAAAACjxSy27bMBD8FYFn0yXFt29FkTQtUCSn5hAVwfKhWI0sGhSVogj8710pSS\/CcjU7y5nhK\/EwD4EcXskwjstcC9QhT+TAdqSkKaaylS9FaLZVKQ41lwHG7eShhuMEp0QO0zKOlx2ZK9RlTjMy4ilATU8I384fqx5e1z45kJsEYz0GKOnTD+QNSIoEi8dft\/53CnUml90H+NtUUxlymf9jrpcyDXUpiVx+7Qg8pSn8Xdfi3pLGBNstHggIFZQyPWXGOSp1lNSBDJT1SfLWOaGiQU7VS6+5jDSoXlGpvKVg8ZMgMqGDc0HJFRYltNIbKqKwVEojqNPJURuUsdbrJF2LMAHB9JA0VTp6Ko0J1IPyFKJiCQT41nCEgdRtTLjU9LqlMkhOwfCW9r1jprc6htgSFPf8B8Wf3k2FJQ559fMlo2XYFNg8lyEM09MbItfjGhxal5epFnSF4LIx5zP4EbPqcSztyBHmGQHxvbHmhS8gn95IplxXAwlORowRKy5ay7WTTBjLbeuEXbPYAj8OOLguWiexDM9DfL\/ugPykN61KUhnKhY5oG9fUc+uoMkIk3iorI0Oy5TxmiHVVh5N9Lqct+wIz6t8koOIz1CM2rw5dx\/fNfS7PKLy5O+aa567DFPbN9VVzk+fzUGFs7qHEhja3Y2zu8HGnqXZdu29+plLXJ9d1nxnjj0xwzqzUj1+YdHvGjLKM2\/33u6\/k8g8AAP\/\/AwCtZNe\/JQMAAA==\"},{\"@type\":\"BreadcrumbList\",\"@id\":\"https:\/\/amirlatam.com\/ca\/cursos\/medicina\/actualizacion-en-electrografia-para-enfermeros\/#breadcrumb\",\"itemListElement\":[{\"@type\":\"ListItem\",\"position\":1,\"name\":\"Portada\",\"item\":\"https:\/\/amirlatam.com\/ca\/\"},{\"@type\":\"ListItem\",\"position\":2,\"name\":\"Tienda\",\"item\":\"https:\/\/amirlatam.com\/ca\/tienda\/\"},{\"@type\":\"ListItem\",\"position\":3,\"name\":\"Actualizaci\u00f3n en Electrocardiograf\u00eda para enfermeros\"}]},{\"@type\":\"WebSite\",\"@id\":\"https:\/\/amirlatam.com\/ca\/#website\",\"url\":\"https:\/\/amirlatam.com\/ca\/\",\"name\":\"Centro Am\u00e9rica\",\"description\":\"AMIR Latinoam\u00e9rica\",\"publisher\":{\"@id\":\"https:\/\/amirlatam.com\/ca\/#organization\"},\"potentialAction\":[{\"@type\":\"SearchAction\",\"target\":{\"@type\":\"EntryPoint\",\"urlTemplate\":\"https:\/\/amirlatam.com\/ca\/?s={search_term_string}\"},\"query-input\":{\"@type\":\"PropertyValueSpecification\",\"valueRequired\":true,\"valueName\":\"search_term_string\"}}],\"inLanguage\":\"es\"},{\"@type\":\"Organization\",\"@id\":\"https:\/\/amirlatam.com\/ca\/#organization\",\"name\":\"Centro Am\u00e9rica\",\"url\":\"https:\/\/amirlatam.com\/ca\/\",\"logo\":{\"@type\":\"ImageObject\",\"inLanguage\":\"es\",\"@id\":\"https:\/\/amirlatam.com\/ca\/#\/schema\/logo\/image\/\",\"url\":\"https:\/\/amirlatam.com\/ca\/wp-content\/uploads\/sites\/9\/2023\/06\/Logo.png\",\"contentUrl\":\"https:\/\/amirlatam.com\/ca\/wp-content\/uploads\/sites\/9\/2023\/06\/Logo.png\",\"width\":676,\"height\":200,\"caption\":\"Centro Am\u00e9rica\"},\"image\":{\"@id\":\"https:\/\/amirlatam.com\/ca\/#\/schema\/logo\/image\/\"}}]}<\/script>\n<meta property=\"og:availability\" content=\"instock\" \/>\n<meta property=\"product:availability\" content=\"instock\" \/>\n<meta property=\"product:condition\" content=\"new\" \/>\n<!-- \/ Yoast SEO Premium plugin. -->","yoast_head_json":{"title":"Actualizaci\u00f3n en Electrocardiograf\u00eda para enfermeros - Centro Am\u00e9rica","robots":{"index":"index","follow":"follow","max-snippet":"max-snippet:-1","max-image-preview":"max-image-preview:large","max-video-preview":"max-video-preview:-1"},"canonical":"https:\/\/amirlatam.com\/ca\/cursos\/medicina\/actualizacion-en-electrografia-para-enfermeros\/","og_locale":"es_ES","og_type":"article","og_title":"Actualizaci\u00f3n en Electrocardiograf\u00eda para enfermeros","og_description":"Mejora tus conocimientos y adquiere un dominio total del Electrocardiograma, con el objetivo de mejorar la pr\u00e1ctica cl\u00ednica y brindar una atenci\u00f3n de calidad a los pacientes  El programa educativo del curso ha sido cuidadosamente desarrollado por expertos en el campo, con el objetivo de brindarte una experiencia de aprendizaje enriquecedora y pr\u00e1ctica.  \u00a1No pierdas la oportunidad de actualizar tus conocimientos y brindar la mejor atenci\u00f3n a tus pacientes! Inscr\u00edbete ahora en nuestro Curso de Actualizaci\u00f3n en Electrogr\u00e1fica y lleva tu pr\u00e1ctica cl\u00ednica al siguiente nivel.","og_url":"https:\/\/amirlatam.com\/ca\/cursos\/medicina\/actualizacion-en-electrografia-para-enfermeros\/","og_site_name":"Centro Am\u00e9rica","article_modified_time":"2024-02-01T21:49:42+00:00","og_image":[{"width":1440,"height":2560,"url":"https:\/\/amirlatam.com\/ca\/wp-content\/uploads\/sites\/9\/2024\/01\/doctor-examining-patient-clinic-scaled.jpg","type":"image\/jpeg"}],"twitter_card":"summary_large_image","twitter_misc":{"Disponibilidad":"Disponible"},"schema":{"@context":"https:\/\/schema.org","@graph":[{"@type":"WebPage","@id":"https:\/\/amirlatam.com\/ca\/cursos\/medicina\/actualizacion-en-electrografia-para-enfermeros\/","url":"https:\/\/amirlatam.com\/ca\/cursos\/medicina\/actualizacion-en-electrografia-para-enfermeros\/","name":"Actualizaci\u00f3n en Electrocardiograf\u00eda para enfermeros - Centro Am\u00e9rica","isPartOf":{"@id":"https:\/\/amirlatam.com\/ca\/#website"},"primaryImageOfPage":{"@id":"https:\/\/amirlatam.com\/ca\/cursos\/medicina\/actualizacion-en-electrografia-para-enfermeros\/#primaryimage"},"image":{"@id":"https:\/\/amirlatam.com\/ca\/cursos\/medicina\/actualizacion-en-electrografia-para-enfermeros\/#primaryimage"},"thumbnailUrl":"https:\/\/amirlatam.com\/ca\/wp-content\/uploads\/sites\/9\/2024\/01\/doctor-examining-patient-clinic-scaled.jpg","datePublished":"2024-01-29T14:07:45+00:00","dateModified":"2024-02-01T21:49:42+00:00","breadcrumb":{"@id":"https:\/\/amirlatam.com\/ca\/cursos\/medicina\/actualizacion-en-electrografia-para-enfermeros\/#breadcrumb"},"inLanguage":"es","potentialAction":[{"@type":"ReadAction","target":["https:\/\/amirlatam.com\/ca\/cursos\/medicina\/actualizacion-en-electrografia-para-enfermeros\/"]}]},{"@type":"ImageObject","inLanguage":"es","@id":"https:\/\/amirlatam.com\/ca\/cursos\/medicina\/actualizacion-en-electrografia-para-enfermeros\/#primaryimage","url":"https:\/\/amirlatam.com\/ca\/wp-content\/uploads\/sites\/9\/2024\/01\/doctor-examining-patient-clinic-scaled.jpg","contentUrl":"https:\/\/amirlatam.com\/ca\/wp-content\/uploads\/sites\/9\/2024\/01\/doctor-examining-patient-clinic-scaled.jpg","width":1440,"height":2560,"caption":"SSUCv3H4sIAAAAAAAACjxSy27bMBD8FYFn0yXFt29FkTQtUCSn5hAVwfKhWI0sGhSVogj8710pSS\/CcjU7y5nhK\/EwD4EcXskwjstcC9QhT+TAdqSkKaaylS9FaLZVKQ41lwHG7eShhuMEp0QO0zKOlx2ZK9RlTjMy4ilATU8I384fqx5e1z45kJsEYz0GKOnTD+QNSIoEi8dft\/53CnUml90H+NtUUxlymf9jrpcyDXUpiVx+7Qg8pSn8Xdfi3pLGBNstHggIFZQyPWXGOSp1lNSBDJT1SfLWOaGiQU7VS6+5jDSoXlGpvKVg8ZMgMqGDc0HJFRYltNIbKqKwVEojqNPJURuUsdbrJF2LMAHB9JA0VTp6Ko0J1IPyFKJiCQT41nCEgdRtTLjU9LqlMkhOwfCW9r1jprc6htgSFPf8B8Wf3k2FJQ559fMlo2XYFNg8lyEM09MbItfjGhxal5epFnSF4LIx5zP4EbPqcSztyBHmGQHxvbHmhS8gn95IplxXAwlORowRKy5ay7WTTBjLbeuEXbPYAj8OOLguWiexDM9DfL\/ugPykN61KUhnKhY5oG9fUc+uoMkIk3iorI0Oy5TxmiHVVh5N9Lqct+wIz6t8koOIz1CM2rw5dx\/fNfS7PKLy5O+aa567DFPbN9VVzk+fzUGFs7qHEhja3Y2zu8HGnqXZdu29+plLXJ9d1nxnjj0xwzqzUj1+YdHvGjLKM2\/33u6\/k8g8AAP\/\/AwCtZNe\/JQMAAA=="},{"@type":"BreadcrumbList","@id":"https:\/\/amirlatam.com\/ca\/cursos\/medicina\/actualizacion-en-electrografia-para-enfermeros\/#breadcrumb","itemListElement":[{"@type":"ListItem","position":1,"name":"Portada","item":"https:\/\/amirlatam.com\/ca\/"},{"@type":"ListItem","position":2,"name":"Tienda","item":"https:\/\/amirlatam.com\/ca\/tienda\/"},{"@type":"ListItem","position":3,"name":"Actualizaci\u00f3n en Electrocardiograf\u00eda para enfermeros"}]},{"@type":"WebSite","@id":"https:\/\/amirlatam.com\/ca\/#website","url":"https:\/\/amirlatam.com\/ca\/","name":"Centro Am\u00e9rica","description":"AMIR Latinoam\u00e9rica","publisher":{"@id":"https:\/\/amirlatam.com\/ca\/#organization"},"potentialAction":[{"@type":"SearchAction","target":{"@type":"EntryPoint","urlTemplate":"https:\/\/amirlatam.com\/ca\/?s={search_term_string}"},"query-input":{"@type":"PropertyValueSpecification","valueRequired":true,"valueName":"search_term_string"}}],"inLanguage":"es"},{"@type":"Organization","@id":"https:\/\/amirlatam.com\/ca\/#organization","name":"Centro Am\u00e9rica","url":"https:\/\/amirlatam.com\/ca\/","logo":{"@type":"ImageObject","inLanguage":"es","@id":"https:\/\/amirlatam.com\/ca\/#\/schema\/logo\/image\/","url":"https:\/\/amirlatam.com\/ca\/wp-content\/uploads\/sites\/9\/2023\/06\/Logo.png","contentUrl":"https:\/\/amirlatam.com\/ca\/wp-content\/uploads\/sites\/9\/2023\/06\/Logo.png","width":676,"height":200,"caption":"Centro Am\u00e9rica"},"image":{"@id":"https:\/\/amirlatam.com\/ca\/#\/schema\/logo\/image\/"}}]},"og_availability":"instock","product_availability":"instock","product_condition":"new"},"_links":{"self":[{"href":"https:\/\/amirlatam.com\/ca\/wp-json\/wp\/v2\/product\/12135","targetHints":{"allow":["GET"]}}],"collection":[{"href":"https:\/\/amirlatam.com\/ca\/wp-json\/wp\/v2\/product"}],"about":[{"href":"https:\/\/amirlatam.com\/ca\/wp-json\/wp\/v2\/types\/product"}],"wp:featuredmedia":[{"embeddable":true,"href":"https:\/\/amirlatam.com\/ca\/wp-json\/wp\/v2\/media\/12140"}],"wp:attachment":[{"href":"https:\/\/amirlatam.com\/ca\/wp-json\/wp\/v2\/media?parent=12135"}],"wp:term":[{"taxonomy":"product_brand","embeddable":true,"href":"https:\/\/amirlatam.com\/ca\/wp-json\/wp\/v2\/product_brand?post=12135"},{"taxonomy":"product_cat","embeddable":true,"href":"https:\/\/amirlatam.com\/ca\/wp-json\/wp\/v2\/product_cat?post=12135"},{"taxonomy":"product_tag","embeddable":true,"href":"https:\/\/amirlatam.com\/ca\/wp-json\/wp\/v2\/product_tag?post=12135"}],"curies":[{"name":"wp","href":"https:\/\/api.w.org\/{rel}","templated":true}]}}