{"id":9999,"date":"2023-08-28T10:49:08","date_gmt":"2023-08-28T14:49:08","guid":{"rendered":"https:\/\/amirlatam.com\/br\/?post_type=product&#038;p=9999"},"modified":"2023-09-01T10:13:26","modified_gmt":"2023-09-01T14:13:26","slug":"pagos-personalizados","status":"publish","type":"product","link":"https:\/\/amirlatam.com\/br\/cursos\/pagos\/pagos-personalizados\/","title":{"rendered":"Pagamentos personalizados"},"content":{"rendered":"<p>Nesta sec\u00e7\u00e3o poder\u00e1 pagar o valor indicado pelo nosso <strong>consultor comercial.<\/strong><\/p>\n<ul>\n<li>Basta inserir o valor.<\/li>\n<li>Adicionar ao carrinho.<\/li>\n<li>Conclua a compra.<\/li>\n<\/ul>\n","protected":false},"excerpt":{"rendered":"<p>Insira o valor a pagar<\/p>\n","protected":false},"featured_media":10000,"template":"","meta":{"_acf_changed":false},"product_brand":[],"product_cat":[73],"product_tag":[74],"class_list":{"0":"post-9999","1":"product","2":"type-product","3":"status-publish","4":"has-post-thumbnail","6":"product_cat-pagos","7":"product_tag-ppa","9":"first","10":"instock","11":"sold-individually","12":"shipping-taxable","13":"purchasable","14":"product-type-simple"},"acf":[],"yoast_head":"<!-- This site is optimized with the Yoast SEO Premium plugin v26.8 (Yoast SEO v26.8) - https:\/\/yoast.com\/product\/yoast-seo-premium-wordpress\/ -->\n<title>Pagamentos personalizados - Brasil<\/title>\n<meta name=\"robots\" content=\"index, follow, max-snippet:-1, max-image-preview:large, max-video-preview:-1\" \/>\n<link rel=\"canonical\" href=\"https:\/\/amirlatam.com\/br\/cursos\/pagos\/pagos-personalizados\/\" \/>\n<meta property=\"og:locale\" content=\"pt_BR\" \/>\n<meta property=\"og:type\" content=\"article\" \/>\n<meta property=\"og:title\" content=\"Pagamentos personalizados\" \/>\n<meta property=\"og:description\" content=\"Insira o valor a pagar\" \/>\n<meta property=\"og:url\" content=\"https:\/\/amirlatam.com\/br\/cursos\/pagos\/pagos-personalizados\/\" \/>\n<meta property=\"og:site_name\" content=\"Brasil\" \/>\n<meta property=\"article:modified_time\" content=\"2023-09-01T14:13:26+00:00\" \/>\n<meta property=\"og:image\" content=\"https:\/\/amirlatam.com\/br\/wp-content\/uploads\/sites\/8\/2023\/09\/amir-favicon.png\" \/>\n\t<meta property=\"og:image:width\" content=\"720\" \/>\n\t<meta property=\"og:image:height\" content=\"720\" \/>\n\t<meta property=\"og:image:type\" content=\"image\/png\" \/>\n<meta name=\"twitter:card\" content=\"summary_large_image\" \/>\n<meta name=\"twitter:label1\" content=\"Pre\u00e7o\" \/>\n\t<meta name=\"twitter:data1\" content=\"\" \/>\n\t<meta name=\"twitter:label2\" content=\"Disponibilidade\" \/>\n\t<meta name=\"twitter:data2\" content=\"Em Estoque\" \/>\n<script type=\"application\/ld+json\" class=\"yoast-schema-graph\">{\"@context\":\"https:\/\/schema.org\",\"@graph\":[{\"@type\":\"WebPage\",\"@id\":\"https:\/\/amirlatam.com\/br\/cursos\/pagos\/pagos-personalizados\/\",\"url\":\"https:\/\/amirlatam.com\/br\/cursos\/pagos\/pagos-personalizados\/\",\"name\":\"Pagamentos personalizados - Brasil\",\"isPartOf\":{\"@id\":\"https:\/\/amirlatam.com\/br\/#website\"},\"primaryImageOfPage\":{\"@id\":\"https:\/\/amirlatam.com\/br\/cursos\/pagos\/pagos-personalizados\/#primaryimage\"},\"image\":{\"@id\":\"https:\/\/amirlatam.com\/br\/cursos\/pagos\/pagos-personalizados\/#primaryimage\"},\"thumbnailUrl\":\"https:\/\/amirlatam.com\/br\/wp-content\/uploads\/sites\/8\/2023\/09\/amir-favicon.png\",\"datePublished\":\"2023-08-28T14:49:08+00:00\",\"dateModified\":\"2023-09-01T14:13:26+00:00\",\"breadcrumb\":{\"@id\":\"https:\/\/amirlatam.com\/br\/cursos\/pagos\/pagos-personalizados\/#breadcrumb\"},\"inLanguage\":\"pt-BR\",\"potentialAction\":[{\"@type\":\"ReadAction\",\"target\":[\"https:\/\/amirlatam.com\/br\/cursos\/pagos\/pagos-personalizados\/\"]}]},{\"@type\":\"ImageObject\",\"inLanguage\":\"pt-BR\",\"@id\":\"https:\/\/amirlatam.com\/br\/cursos\/pagos\/pagos-personalizados\/#primaryimage\",\"url\":\"https:\/\/amirlatam.com\/br\/wp-content\/uploads\/sites\/8\/2023\/09\/amir-favicon.png\",\"contentUrl\":\"https:\/\/amirlatam.com\/br\/wp-content\/uploads\/sites\/8\/2023\/09\/amir-favicon.png\",\"width\":720,\"height\":720},{\"@type\":\"BreadcrumbList\",\"@id\":\"https:\/\/amirlatam.com\/br\/cursos\/pagos\/pagos-personalizados\/#breadcrumb\",\"itemListElement\":[{\"@type\":\"ListItem\",\"position\":1,\"name\":\"Portada\",\"item\":\"https:\/\/amirlatam.com\/br\/\"},{\"@type\":\"ListItem\",\"position\":2,\"name\":\"Tienda\",\"item\":\"https:\/\/amirlatam.com\/br\/tienda\/\"},{\"@type\":\"ListItem\",\"position\":3,\"name\":\"Pagamentos personalizados\"}]},{\"@type\":\"WebSite\",\"@id\":\"https:\/\/amirlatam.com\/br\/#website\",\"url\":\"https:\/\/amirlatam.com\/br\/\",\"name\":\"Brasil\",\"description\":\"AMIR Latinoam\u00e9rica\",\"publisher\":{\"@id\":\"https:\/\/amirlatam.com\/br\/#organization\"},\"potentialAction\":[{\"@type\":\"SearchAction\",\"target\":{\"@type\":\"EntryPoint\",\"urlTemplate\":\"https:\/\/amirlatam.com\/br\/?s={search_term_string}\"},\"query-input\":{\"@type\":\"PropertyValueSpecification\",\"valueRequired\":true,\"valueName\":\"search_term_string\"}}],\"inLanguage\":\"pt-BR\"},{\"@type\":\"Organization\",\"@id\":\"https:\/\/amirlatam.com\/br\/#organization\",\"name\":\"Brasil\",\"url\":\"https:\/\/amirlatam.com\/br\/\",\"logo\":{\"@type\":\"ImageObject\",\"inLanguage\":\"pt-BR\",\"@id\":\"https:\/\/amirlatam.com\/br\/#\/schema\/logo\/image\/\",\"url\":\"https:\/\/amirlatam.com\/br\/wp-content\/uploads\/sites\/8\/2023\/06\/Logo.png\",\"contentUrl\":\"https:\/\/amirlatam.com\/br\/wp-content\/uploads\/sites\/8\/2023\/06\/Logo.png\",\"width\":676,\"height\":200,\"caption\":\"Brasil\"},\"image\":{\"@id\":\"https:\/\/amirlatam.com\/br\/#\/schema\/logo\/image\/\"}}]}<\/script>\n<meta property=\"product:price:currency\" content=\"BRL\" \/>\n<meta property=\"og:availability\" content=\"instock\" \/>\n<meta property=\"product:availability\" content=\"instock\" \/>\n<meta property=\"product:condition\" content=\"new\" \/>\n<!-- \/ Yoast SEO Premium plugin. -->","yoast_head_json":{"title":"Pagamentos personalizados - Brasil","robots":{"index":"index","follow":"follow","max-snippet":"max-snippet:-1","max-image-preview":"max-image-preview:large","max-video-preview":"max-video-preview:-1"},"canonical":"https:\/\/amirlatam.com\/br\/cursos\/pagos\/pagos-personalizados\/","og_locale":"pt_BR","og_type":"article","og_title":"Pagamentos personalizados","og_description":"Insira o valor a pagar","og_url":"https:\/\/amirlatam.com\/br\/cursos\/pagos\/pagos-personalizados\/","og_site_name":"Brasil","article_modified_time":"2023-09-01T14:13:26+00:00","og_image":[{"width":720,"height":720,"url":"https:\/\/amirlatam.com\/br\/wp-content\/uploads\/sites\/8\/2023\/09\/amir-favicon.png","type":"image\/png"}],"twitter_card":"summary_large_image","twitter_misc":{"Pre\u00e7o":"","Disponibilidade":"Em Estoque"},"schema":{"@context":"https:\/\/schema.org","@graph":[{"@type":"WebPage","@id":"https:\/\/amirlatam.com\/br\/cursos\/pagos\/pagos-personalizados\/","url":"https:\/\/amirlatam.com\/br\/cursos\/pagos\/pagos-personalizados\/","name":"Pagamentos personalizados - Brasil","isPartOf":{"@id":"https:\/\/amirlatam.com\/br\/#website"},"primaryImageOfPage":{"@id":"https:\/\/amirlatam.com\/br\/cursos\/pagos\/pagos-personalizados\/#primaryimage"},"image":{"@id":"https:\/\/amirlatam.com\/br\/cursos\/pagos\/pagos-personalizados\/#primaryimage"},"thumbnailUrl":"https:\/\/amirlatam.com\/br\/wp-content\/uploads\/sites\/8\/2023\/09\/amir-favicon.png","datePublished":"2023-08-28T14:49:08+00:00","dateModified":"2023-09-01T14:13:26+00:00","breadcrumb":{"@id":"https:\/\/amirlatam.com\/br\/cursos\/pagos\/pagos-personalizados\/#breadcrumb"},"inLanguage":"pt-BR","potentialAction":[{"@type":"ReadAction","target":["https:\/\/amirlatam.com\/br\/cursos\/pagos\/pagos-personalizados\/"]}]},{"@type":"ImageObject","inLanguage":"pt-BR","@id":"https:\/\/amirlatam.com\/br\/cursos\/pagos\/pagos-personalizados\/#primaryimage","url":"https:\/\/amirlatam.com\/br\/wp-content\/uploads\/sites\/8\/2023\/09\/amir-favicon.png","contentUrl":"https:\/\/amirlatam.com\/br\/wp-content\/uploads\/sites\/8\/2023\/09\/amir-favicon.png","width":720,"height":720},{"@type":"BreadcrumbList","@id":"https:\/\/amirlatam.com\/br\/cursos\/pagos\/pagos-personalizados\/#breadcrumb","itemListElement":[{"@type":"ListItem","position":1,"name":"Portada","item":"https:\/\/amirlatam.com\/br\/"},{"@type":"ListItem","position":2,"name":"Tienda","item":"https:\/\/amirlatam.com\/br\/tienda\/"},{"@type":"ListItem","position":3,"name":"Pagamentos personalizados"}]},{"@type":"WebSite","@id":"https:\/\/amirlatam.com\/br\/#website","url":"https:\/\/amirlatam.com\/br\/","name":"Brasil","description":"AMIR Latinoam\u00e9rica","publisher":{"@id":"https:\/\/amirlatam.com\/br\/#organization"},"potentialAction":[{"@type":"SearchAction","target":{"@type":"EntryPoint","urlTemplate":"https:\/\/amirlatam.com\/br\/?s={search_term_string}"},"query-input":{"@type":"PropertyValueSpecification","valueRequired":true,"valueName":"search_term_string"}}],"inLanguage":"pt-BR"},{"@type":"Organization","@id":"https:\/\/amirlatam.com\/br\/#organization","name":"Brasil","url":"https:\/\/amirlatam.com\/br\/","logo":{"@type":"ImageObject","inLanguage":"pt-BR","@id":"https:\/\/amirlatam.com\/br\/#\/schema\/logo\/image\/","url":"https:\/\/amirlatam.com\/br\/wp-content\/uploads\/sites\/8\/2023\/06\/Logo.png","contentUrl":"https:\/\/amirlatam.com\/br\/wp-content\/uploads\/sites\/8\/2023\/06\/Logo.png","width":676,"height":200,"caption":"Brasil"},"image":{"@id":"https:\/\/amirlatam.com\/br\/#\/schema\/logo\/image\/"}}]},"product_price_currency":"BRL","og_availability":"instock","product_availability":"instock","product_condition":"new"},"_links":{"self":[{"href":"https:\/\/amirlatam.com\/br\/wp-json\/wp\/v2\/product\/9999","targetHints":{"allow":["GET"]}}],"collection":[{"href":"https:\/\/amirlatam.com\/br\/wp-json\/wp\/v2\/product"}],"about":[{"href":"https:\/\/amirlatam.com\/br\/wp-json\/wp\/v2\/types\/product"}],"version-history":[{"count":3,"href":"https:\/\/amirlatam.com\/br\/wp-json\/wp\/v2\/product\/9999\/revisions"}],"predecessor-version":[{"id":10003,"href":"https:\/\/amirlatam.com\/br\/wp-json\/wp\/v2\/product\/9999\/revisions\/10003"}],"wp:featuredmedia":[{"embeddable":true,"href":"https:\/\/amirlatam.com\/br\/wp-json\/wp\/v2\/media\/10000"}],"wp:attachment":[{"href":"https:\/\/amirlatam.com\/br\/wp-json\/wp\/v2\/media?parent=9999"}],"wp:term":[{"taxonomy":"product_brand","embeddable":true,"href":"https:\/\/amirlatam.com\/br\/wp-json\/wp\/v2\/product_brand?post=9999"},{"taxonomy":"product_cat","embeddable":true,"href":"https:\/\/amirlatam.com\/br\/wp-json\/wp\/v2\/product_cat?post=9999"},{"taxonomy":"product_tag","embeddable":true,"href":"https:\/\/amirlatam.com\/br\/wp-json\/wp\/v2\/product_tag?post=9999"}],"curies":[{"name":"wp","href":"https:\/\/api.w.org\/{rel}","templated":true}]}}