{"id":2422,"date":"2023-08-12T10:01:17","date_gmt":"2023-08-12T14:01:17","guid":{"rendered":"https:\/\/amirlatam.com\/br\/?post_type=product&#038;p=2422"},"modified":"2023-10-20T11:41:06","modified_gmt":"2023-10-20T15:41:06","slug":"mir","status":"publish","type":"product","link":"https:\/\/amirlatam.com\/br\/cursos\/acceso-a-especialidades\/mir\/mir\/","title":{"rendered":"MIR"},"content":{"rendered":"<h3 style=\"text-align: center\">Como voc\u00ea gostaria de estudar?<\/h3>\n<p style=\"text-align: center\">Voc\u00ea imagina ter um curso que se adapte a voc\u00ea, \u00e0s suas prefer\u00eancias e necessidades? Na AMIR, temos isso! Descubra qual dos nossos cursos melhor se adapta a voc\u00ea.<\/p>\n","protected":false},"excerpt":{"rendered":"<h2><strong>A f\u00f3rmula AMIR para conseguir o seu lugar<\/strong><\/h2>\n<p>Voc\u00ea est\u00e1 procurando a melhor prepara\u00e7\u00e3o para o exame MIR? Na AMIR o nosso principal objetivo \u00e9 conseguir tirar todo o seu potencial para que lhe seja mais f\u00e1cil alcan\u00e7ar o sucesso nesta aventura em que estamos dispostos a acompanh\u00e1-lo. Para isso, h\u00e1 mais de 16 anos, desenvolvemos um m\u00e9todo de estudo que testamos e aperfei\u00e7oamos ao longo do tempo para que voc\u00ea alcance com mais facilidade a posi\u00e7\u00e3o que deseja.<\/p>\n","protected":false},"featured_media":1605,"template":"","meta":{"_acf_changed":false},"product_brand":[],"product_cat":[65],"product_tag":[64],"class_list":{"0":"post-2422","1":"product","2":"type-product","3":"status-publish","4":"has-post-thumbnail","6":"product_cat-mir","7":"product_tag-mir","9":"first","10":"instock","11":"featured","12":"shipping-taxable","13":"purchasable","14":"product-type-simple"},"acf":[],"yoast_head":"<!-- This site is optimized with the Yoast SEO Premium plugin v26.8 (Yoast SEO v26.8) - https:\/\/yoast.com\/product\/yoast-seo-premium-wordpress\/ -->\n<title>MIR - Brasil<\/title>\n<meta name=\"robots\" content=\"index, follow, max-snippet:-1, max-image-preview:large, max-video-preview:-1\" \/>\n<link rel=\"canonical\" href=\"https:\/\/amirlatam.com\/br\/cursos\/acceso-a-especialidades\/mir\/mir\/\" \/>\n<meta property=\"og:locale\" content=\"pt_BR\" \/>\n<meta property=\"og:type\" content=\"article\" \/>\n<meta property=\"og:title\" content=\"MIR\" \/>\n<meta property=\"og:description\" content=\"A f\u00f3rmula AMIR para conseguir o seu lugar Voc\u00ea est\u00e1 procurando a melhor prepara\u00e7\u00e3o para o exame MIR? Na AMIR o nosso principal objetivo \u00e9 conseguir tirar todo o seu potencial para que lhe seja mais f\u00e1cil alcan\u00e7ar o sucesso nesta aventura em que estamos dispostos a acompanh\u00e1-lo. Para isso, h\u00e1 mais de 16 anos, desenvolvemos um m\u00e9todo de estudo que testamos e aperfei\u00e7oamos ao longo do tempo para que voc\u00ea alcance com mais facilidade a posi\u00e7\u00e3o que deseja.\" \/>\n<meta property=\"og:url\" content=\"https:\/\/amirlatam.com\/br\/cursos\/acceso-a-especialidades\/mir\/mir\/\" \/>\n<meta property=\"og:site_name\" content=\"Brasil\" \/>\n<meta property=\"article:modified_time\" content=\"2023-10-20T15:41:06+00:00\" \/>\n<meta property=\"og:image\" content=\"https:\/\/amirlatam.com\/br\/wp-content\/uploads\/sites\/8\/2023\/07\/cursos-prueba-a.jpg\" \/>\n\t<meta property=\"og:image:width\" content=\"1920\" \/>\n\t<meta property=\"og:image:height\" content=\"1280\" \/>\n\t<meta property=\"og:image:type\" content=\"image\/jpeg\" \/>\n<meta name=\"twitter:card\" content=\"summary_large_image\" \/>\n<meta name=\"twitter:label1\" content=\"Pre\u00e7o\" \/>\n\t<meta name=\"twitter:data1\" content=\"&#082;&#036;1,00\" \/>\n\t<meta name=\"twitter:label2\" content=\"Disponibilidade\" \/>\n\t<meta name=\"twitter:data2\" content=\"Em Estoque\" \/>\n<script type=\"application\/ld+json\" class=\"yoast-schema-graph\">{\"@context\":\"https:\/\/schema.org\",\"@graph\":[{\"@type\":\"WebPage\",\"@id\":\"https:\/\/amirlatam.com\/br\/cursos\/acceso-a-especialidades\/mir\/mir\/\",\"url\":\"https:\/\/amirlatam.com\/br\/cursos\/acceso-a-especialidades\/mir\/mir\/\",\"name\":\"MIR - Brasil\",\"isPartOf\":{\"@id\":\"https:\/\/amirlatam.com\/br\/#website\"},\"primaryImageOfPage\":{\"@id\":\"https:\/\/amirlatam.com\/br\/cursos\/acceso-a-especialidades\/mir\/mir\/#primaryimage\"},\"image\":{\"@id\":\"https:\/\/amirlatam.com\/br\/cursos\/acceso-a-especialidades\/mir\/mir\/#primaryimage\"},\"thumbnailUrl\":\"https:\/\/amirlatam.com\/br\/wp-content\/uploads\/sites\/8\/2023\/07\/cursos-prueba-a.jpg\",\"datePublished\":\"2023-08-12T14:01:17+00:00\",\"dateModified\":\"2023-10-20T15:41:06+00:00\",\"breadcrumb\":{\"@id\":\"https:\/\/amirlatam.com\/br\/cursos\/acceso-a-especialidades\/mir\/mir\/#breadcrumb\"},\"inLanguage\":\"pt-BR\",\"potentialAction\":[{\"@type\":\"ReadAction\",\"target\":[\"https:\/\/amirlatam.com\/br\/cursos\/acceso-a-especialidades\/mir\/mir\/\"]}]},{\"@type\":\"ImageObject\",\"inLanguage\":\"pt-BR\",\"@id\":\"https:\/\/amirlatam.com\/br\/cursos\/acceso-a-especialidades\/mir\/mir\/#primaryimage\",\"url\":\"https:\/\/amirlatam.com\/br\/wp-content\/uploads\/sites\/8\/2023\/07\/cursos-prueba-a.jpg\",\"contentUrl\":\"https:\/\/amirlatam.com\/br\/wp-content\/uploads\/sites\/8\/2023\/07\/cursos-prueba-a.jpg\",\"width\":1920,\"height\":1280},{\"@type\":\"BreadcrumbList\",\"@id\":\"https:\/\/amirlatam.com\/br\/cursos\/acceso-a-especialidades\/mir\/mir\/#breadcrumb\",\"itemListElement\":[{\"@type\":\"ListItem\",\"position\":1,\"name\":\"Portada\",\"item\":\"https:\/\/amirlatam.com\/br\/\"},{\"@type\":\"ListItem\",\"position\":2,\"name\":\"Tienda\",\"item\":\"https:\/\/amirlatam.com\/br\/tienda\/\"},{\"@type\":\"ListItem\",\"position\":3,\"name\":\"MIR\"}]},{\"@type\":\"WebSite\",\"@id\":\"https:\/\/amirlatam.com\/br\/#website\",\"url\":\"https:\/\/amirlatam.com\/br\/\",\"name\":\"Brasil\",\"description\":\"AMIR Latinoam\u00e9rica\",\"publisher\":{\"@id\":\"https:\/\/amirlatam.com\/br\/#organization\"},\"potentialAction\":[{\"@type\":\"SearchAction\",\"target\":{\"@type\":\"EntryPoint\",\"urlTemplate\":\"https:\/\/amirlatam.com\/br\/?s={search_term_string}\"},\"query-input\":{\"@type\":\"PropertyValueSpecification\",\"valueRequired\":true,\"valueName\":\"search_term_string\"}}],\"inLanguage\":\"pt-BR\"},{\"@type\":\"Organization\",\"@id\":\"https:\/\/amirlatam.com\/br\/#organization\",\"name\":\"Brasil\",\"url\":\"https:\/\/amirlatam.com\/br\/\",\"logo\":{\"@type\":\"ImageObject\",\"inLanguage\":\"pt-BR\",\"@id\":\"https:\/\/amirlatam.com\/br\/#\/schema\/logo\/image\/\",\"url\":\"https:\/\/amirlatam.com\/br\/wp-content\/uploads\/sites\/8\/2023\/06\/Logo.png\",\"contentUrl\":\"https:\/\/amirlatam.com\/br\/wp-content\/uploads\/sites\/8\/2023\/06\/Logo.png\",\"width\":676,\"height\":200,\"caption\":\"Brasil\"},\"image\":{\"@id\":\"https:\/\/amirlatam.com\/br\/#\/schema\/logo\/image\/\"}}]}<\/script>\n<meta property=\"product:price:amount\" content=\"1.00\" \/>\n<meta property=\"product:price:currency\" content=\"BRL\" \/>\n<meta property=\"og:availability\" content=\"instock\" \/>\n<meta property=\"product:availability\" content=\"instock\" \/>\n<meta property=\"product:condition\" content=\"new\" \/>\n<!-- \/ Yoast SEO Premium plugin. -->","yoast_head_json":{"title":"MIR - Brasil","robots":{"index":"index","follow":"follow","max-snippet":"max-snippet:-1","max-image-preview":"max-image-preview:large","max-video-preview":"max-video-preview:-1"},"canonical":"https:\/\/amirlatam.com\/br\/cursos\/acceso-a-especialidades\/mir\/mir\/","og_locale":"pt_BR","og_type":"article","og_title":"MIR","og_description":"A f\u00f3rmula AMIR para conseguir o seu lugar Voc\u00ea est\u00e1 procurando a melhor prepara\u00e7\u00e3o para o exame MIR? Na AMIR o nosso principal objetivo \u00e9 conseguir tirar todo o seu potencial para que lhe seja mais f\u00e1cil alcan\u00e7ar o sucesso nesta aventura em que estamos dispostos a acompanh\u00e1-lo. Para isso, h\u00e1 mais de 16 anos, desenvolvemos um m\u00e9todo de estudo que testamos e aperfei\u00e7oamos ao longo do tempo para que voc\u00ea alcance com mais facilidade a posi\u00e7\u00e3o que deseja.","og_url":"https:\/\/amirlatam.com\/br\/cursos\/acceso-a-especialidades\/mir\/mir\/","og_site_name":"Brasil","article_modified_time":"2023-10-20T15:41:06+00:00","og_image":[{"width":1920,"height":1280,"url":"https:\/\/amirlatam.com\/br\/wp-content\/uploads\/sites\/8\/2023\/07\/cursos-prueba-a.jpg","type":"image\/jpeg"}],"twitter_card":"summary_large_image","twitter_misc":{"Pre\u00e7o":"&#82;&#36;1,00","Disponibilidade":"Em Estoque"},"schema":{"@context":"https:\/\/schema.org","@graph":[{"@type":"WebPage","@id":"https:\/\/amirlatam.com\/br\/cursos\/acceso-a-especialidades\/mir\/mir\/","url":"https:\/\/amirlatam.com\/br\/cursos\/acceso-a-especialidades\/mir\/mir\/","name":"MIR - Brasil","isPartOf":{"@id":"https:\/\/amirlatam.com\/br\/#website"},"primaryImageOfPage":{"@id":"https:\/\/amirlatam.com\/br\/cursos\/acceso-a-especialidades\/mir\/mir\/#primaryimage"},"image":{"@id":"https:\/\/amirlatam.com\/br\/cursos\/acceso-a-especialidades\/mir\/mir\/#primaryimage"},"thumbnailUrl":"https:\/\/amirlatam.com\/br\/wp-content\/uploads\/sites\/8\/2023\/07\/cursos-prueba-a.jpg","datePublished":"2023-08-12T14:01:17+00:00","dateModified":"2023-10-20T15:41:06+00:00","breadcrumb":{"@id":"https:\/\/amirlatam.com\/br\/cursos\/acceso-a-especialidades\/mir\/mir\/#breadcrumb"},"inLanguage":"pt-BR","potentialAction":[{"@type":"ReadAction","target":["https:\/\/amirlatam.com\/br\/cursos\/acceso-a-especialidades\/mir\/mir\/"]}]},{"@type":"ImageObject","inLanguage":"pt-BR","@id":"https:\/\/amirlatam.com\/br\/cursos\/acceso-a-especialidades\/mir\/mir\/#primaryimage","url":"https:\/\/amirlatam.com\/br\/wp-content\/uploads\/sites\/8\/2023\/07\/cursos-prueba-a.jpg","contentUrl":"https:\/\/amirlatam.com\/br\/wp-content\/uploads\/sites\/8\/2023\/07\/cursos-prueba-a.jpg","width":1920,"height":1280},{"@type":"BreadcrumbList","@id":"https:\/\/amirlatam.com\/br\/cursos\/acceso-a-especialidades\/mir\/mir\/#breadcrumb","itemListElement":[{"@type":"ListItem","position":1,"name":"Portada","item":"https:\/\/amirlatam.com\/br\/"},{"@type":"ListItem","position":2,"name":"Tienda","item":"https:\/\/amirlatam.com\/br\/tienda\/"},{"@type":"ListItem","position":3,"name":"MIR"}]},{"@type":"WebSite","@id":"https:\/\/amirlatam.com\/br\/#website","url":"https:\/\/amirlatam.com\/br\/","name":"Brasil","description":"AMIR Latinoam\u00e9rica","publisher":{"@id":"https:\/\/amirlatam.com\/br\/#organization"},"potentialAction":[{"@type":"SearchAction","target":{"@type":"EntryPoint","urlTemplate":"https:\/\/amirlatam.com\/br\/?s={search_term_string}"},"query-input":{"@type":"PropertyValueSpecification","valueRequired":true,"valueName":"search_term_string"}}],"inLanguage":"pt-BR"},{"@type":"Organization","@id":"https:\/\/amirlatam.com\/br\/#organization","name":"Brasil","url":"https:\/\/amirlatam.com\/br\/","logo":{"@type":"ImageObject","inLanguage":"pt-BR","@id":"https:\/\/amirlatam.com\/br\/#\/schema\/logo\/image\/","url":"https:\/\/amirlatam.com\/br\/wp-content\/uploads\/sites\/8\/2023\/06\/Logo.png","contentUrl":"https:\/\/amirlatam.com\/br\/wp-content\/uploads\/sites\/8\/2023\/06\/Logo.png","width":676,"height":200,"caption":"Brasil"},"image":{"@id":"https:\/\/amirlatam.com\/br\/#\/schema\/logo\/image\/"}}]},"product_price_amount":"1.00","product_price_currency":"BRL","og_availability":"instock","product_availability":"instock","product_condition":"new"},"_links":{"self":[{"href":"https:\/\/amirlatam.com\/br\/wp-json\/wp\/v2\/product\/2422","targetHints":{"allow":["GET"]}}],"collection":[{"href":"https:\/\/amirlatam.com\/br\/wp-json\/wp\/v2\/product"}],"about":[{"href":"https:\/\/amirlatam.com\/br\/wp-json\/wp\/v2\/types\/product"}],"version-history":[{"count":12,"href":"https:\/\/amirlatam.com\/br\/wp-json\/wp\/v2\/product\/2422\/revisions"}],"predecessor-version":[{"id":10211,"href":"https:\/\/amirlatam.com\/br\/wp-json\/wp\/v2\/product\/2422\/revisions\/10211"}],"wp:featuredmedia":[{"embeddable":true,"href":"https:\/\/amirlatam.com\/br\/wp-json\/wp\/v2\/media\/1605"}],"wp:attachment":[{"href":"https:\/\/amirlatam.com\/br\/wp-json\/wp\/v2\/media?parent=2422"}],"wp:term":[{"taxonomy":"product_brand","embeddable":true,"href":"https:\/\/amirlatam.com\/br\/wp-json\/wp\/v2\/product_brand?post=2422"},{"taxonomy":"product_cat","embeddable":true,"href":"https:\/\/amirlatam.com\/br\/wp-json\/wp\/v2\/product_cat?post=2422"},{"taxonomy":"product_tag","embeddable":true,"href":"https:\/\/amirlatam.com\/br\/wp-json\/wp\/v2\/product_tag?post=2422"}],"curies":[{"name":"wp","href":"https:\/\/api.w.org\/{rel}","templated":true}]}}