{"id":2407,"date":"2023-08-12T09:52:11","date_gmt":"2023-08-12T13:52:11","guid":{"rendered":"https:\/\/amirlatam.com\/br\/?post_type=product&#038;p=2407"},"modified":"2023-10-20T11:45:44","modified_gmt":"2023-10-20T15:45:44","slug":"mir-abril-online","status":"publish","type":"product","link":"https:\/\/amirlatam.com\/br\/cursos\/acceso-a-especialidades\/mir\/abril\/mir-abril-online\/","title":{"rendered":"MIR Abril &#8211; Online"},"content":{"rendered":"\t\t<div data-elementor-type=\"container\" data-elementor-id=\"2265\" class=\"elementor elementor-2265\" data-elementor-settings=\"{&quot;ha_cmc_init_switcher&quot;:&quot;no&quot;}\" data-elementor-post-type=\"elementor_library\">\n\t\t\t\t<div class=\"elementor-element elementor-element-278d498 e-flex e-con-boxed e-con e-parent\" data-id=\"278d498\" data-element_type=\"container\" data-e-type=\"container\" data-settings=\"{&quot;_ha_eqh_enable&quot;:false}\">\n\t\t\t\t\t<div class=\"e-con-inner\">\n\t\t\t\t<div class=\"elementor-element elementor-element-a482c9 elementor-widget elementor-widget-text-editor\" data-id=\"a482c9\" data-element_type=\"widget\" data-e-type=\"widget\" data-widget_type=\"text-editor.default\">\n\t\t\t\t<div class=\"elementor-widget-container\">\n\t\t\t\t\t\t\t\t\t<h3 class=\"zw-paragraph\" data-textformat=\"{&quot;fw&quot;:&quot;none&quot;,&quot;fgc&quot;:&quot;rgb(255,0,0)&quot;,&quot;type&quot;:&quot;text&quot;}\" data-margin-bottom=\"0pt\" data-line-height=\"1\" data-doc-id=\"7619623000000053004\" data-doc-type=\"writer\"><strong>Metodologia e Fases:<\/strong><\/h3><p class=\"zw-paragraph\" data-textformat=\"{&quot;fw&quot;:&quot;none&quot;,&quot;fgc&quot;:&quot;rgb(255,0,0)&quot;,&quot;type&quot;:&quot;text&quot;}\" data-margin-bottom=\"0pt\" data-line-height=\"1\" data-doc-id=\"7619623000000053004\" data-doc-type=\"writer\">Na AMIR, desenvolvemos desde o in\u00edcio, h\u00e1 mais de 15 anos, um m\u00e9todo comprovado de prepara\u00e7\u00e3o para o exame MIR. Tem como pilares a programa\u00e7\u00e3o do curso, estruturada em um calend\u00e1rio faseado, aulas com ensino pr\u00f3prio que \u201ctorna o dif\u00edcil f\u00e1cil\u201d, para o aluno compreender conceitos m\u00e9dicos fundamentais, desenvolva o racioc\u00ednio cl\u00ednico e, l\u00f3gico, a mem\u00f3ria de longo prazo. S\u00e3o treinados com as melhores t\u00e9cnicas para o exame e companhados de uma experi\u00eancia \u00fanica e personalizada.<\/p>\t\t\t\t\t\t\t\t<\/div>\n\t\t\t\t<\/div>\n\t\t\t\t<div class=\"elementor-element elementor-element-15db1170 elementor-widget elementor-widget-accordion\" data-id=\"15db1170\" data-element_type=\"widget\" data-e-type=\"widget\" data-widget_type=\"accordion.default\">\n\t\t\t\t<div class=\"elementor-widget-container\">\n\t\t\t\t\t\t\t<div class=\"elementor-accordion\">\n\t\t\t\t\t\t\t<div class=\"elementor-accordion-item\">\n\t\t\t\t\t<div id=\"elementor-tab-title-3661\" class=\"elementor-tab-title\" data-tab=\"1\" role=\"button\" aria-controls=\"elementor-tab-content-3661\" aria-expanded=\"false\">\n\t\t\t\t\t\t\t\t\t\t\t\t\t<span class=\"elementor-accordion-icon elementor-accordion-icon-left\" aria-hidden=\"true\">\n\t\t\t\t\t\t\t\t\t\t\t\t\t\t\t<i class=\"elementor-accordion-icon-closed fa fa-plus\"><\/i>\n\t\t\t\t\t\t\t\t<i class=\"elementor-accordion-icon-opened fa fa-minus\"><\/i>\n\t\t\t\t\t\t\t\t\t\t\t\t\t\t<\/span>\n\t\t\t\t\t\t\t\t\t\t\t\t<a class=\"elementor-accordion-title\" tabindex=\"0\">Fase de contato<\/a>\n\t\t\t\t\t<\/div>\n\t\t\t\t\t<div id=\"elementor-tab-content-3661\" class=\"elementor-tab-content elementor-clearfix\" data-tab=\"1\" role=\"region\" aria-labelledby=\"elementor-tab-title-3661\"><p>Abrange de abril a junho, o aluno tem aulas semanais, simulados, mentorias em grupo e mentorias especiais. As aulas focam nos t\u00f3picos b\u00e1sicos e mais questionados do MIR.<\/p><\/div>\n\t\t\t\t<\/div>\n\t\t\t\t\t\t\t<div class=\"elementor-accordion-item\">\n\t\t\t\t\t<div id=\"elementor-tab-title-3662\" class=\"elementor-tab-title\" data-tab=\"2\" role=\"button\" aria-controls=\"elementor-tab-content-3662\" aria-expanded=\"false\">\n\t\t\t\t\t\t\t\t\t\t\t\t\t<span class=\"elementor-accordion-icon elementor-accordion-icon-left\" aria-hidden=\"true\">\n\t\t\t\t\t\t\t\t\t\t\t\t\t\t\t<i class=\"elementor-accordion-icon-closed fa fa-plus\"><\/i>\n\t\t\t\t\t\t\t\t<i class=\"elementor-accordion-icon-opened fa fa-minus\"><\/i>\n\t\t\t\t\t\t\t\t\t\t\t\t\t\t<\/span>\n\t\t\t\t\t\t\t\t\t\t\t\t<a class=\"elementor-accordion-title\" tabindex=\"0\">Fase I de consolida\u00e7\u00e3o<\/a>\n\t\t\t\t\t<\/div>\n\t\t\t\t\t<div id=\"elementor-tab-content-3662\" class=\"elementor-tab-content elementor-clearfix\" data-tab=\"2\" role=\"region\" aria-labelledby=\"elementor-tab-title-3662\"><p>De junho a novembro. Nesta etapa, s\u00e3o realizadas aulas semanais focadas nos aspectos mais complexos ou detalhados do MIR, simula\u00e7\u00f5es, mentorias em grupo e intenso trabalho com o Livro de Quest\u00f5es do MIR.<\/p><\/div>\n\t\t\t\t<\/div>\n\t\t\t\t\t\t\t<div class=\"elementor-accordion-item\">\n\t\t\t\t\t<div id=\"elementor-tab-title-3663\" class=\"elementor-tab-title\" data-tab=\"3\" role=\"button\" aria-controls=\"elementor-tab-content-3663\" aria-expanded=\"false\">\n\t\t\t\t\t\t\t\t\t\t\t\t\t<span class=\"elementor-accordion-icon elementor-accordion-icon-left\" aria-hidden=\"true\">\n\t\t\t\t\t\t\t\t\t\t\t\t\t\t\t<i class=\"elementor-accordion-icon-closed fa fa-plus\"><\/i>\n\t\t\t\t\t\t\t\t<i class=\"elementor-accordion-icon-opened fa fa-minus\"><\/i>\n\t\t\t\t\t\t\t\t\t\t\t\t\t\t<\/span>\n\t\t\t\t\t\t\t\t\t\t\t\t<a class=\"elementor-accordion-title\" tabindex=\"0\">Fase II de Consolida\u00e7\u00e3o<\/a>\n\t\t\t\t\t<\/div>\n\t\t\t\t\t<div id=\"elementor-tab-content-3663\" class=\"elementor-tab-content elementor-clearfix\" data-tab=\"3\" role=\"region\" aria-labelledby=\"elementor-tab-title-3663\"><p>Sua dura\u00e7\u00e3o varia conforme a data oficial do MIR de cada ano, publicado em setembro do ano anterior ao edital. Geralmente vai da segunda semana de novembro at\u00e9 tr\u00eas semanas antes do MIR (que geralmente \u00e9 no final de janeiro ou in\u00edcio de fevereiro), mas pode variar a cada ano. Nesta faixa mais curta, a maioria do tempo deve ser voltada para o estudo intenso.<\/p><\/div>\n\t\t\t\t<\/div>\n\t\t\t\t\t\t\t<div class=\"elementor-accordion-item\">\n\t\t\t\t\t<div id=\"elementor-tab-title-3664\" class=\"elementor-tab-title\" data-tab=\"4\" role=\"button\" aria-controls=\"elementor-tab-content-3664\" aria-expanded=\"false\">\n\t\t\t\t\t\t\t\t\t\t\t\t\t<span class=\"elementor-accordion-icon elementor-accordion-icon-left\" aria-hidden=\"true\">\n\t\t\t\t\t\t\t\t\t\t\t\t\t\t\t<i class=\"elementor-accordion-icon-closed fa fa-plus\"><\/i>\n\t\t\t\t\t\t\t\t<i class=\"elementor-accordion-icon-opened fa fa-minus\"><\/i>\n\t\t\t\t\t\t\t\t\t\t\t\t\t\t<\/span>\n\t\t\t\t\t\t\t\t\t\t\t\t<a class=\"elementor-accordion-title\" tabindex=\"0\">Fase Final<\/a>\n\t\t\t\t\t<\/div>\n\t\t\t\t\t<div id=\"elementor-tab-content-3664\" class=\"elementor-tab-content elementor-clearfix\" data-tab=\"4\" role=\"region\" aria-labelledby=\"elementor-tab-title-3664\"><p>\u00c9 a revis\u00e3o final que \u00e9 realizada durante as 3 semanas que antecedem o MIR. Exerc\u00edcios semanais e mentorias especiais pr\u00e9-MIR s\u00e3o mantidos.<\/p><\/div>\n\t\t\t\t<\/div>\n\t\t\t\t\t\t\t\t<\/div>\n\t\t\t\t\t\t<\/div>\n\t\t\t\t<\/div>\n\t\t\t\t\t<\/div>\n\t\t\t\t<\/div>\n\t\t\t\t<\/div>\n\t\t\n","protected":false},"excerpt":{"rendered":"<p class=\"zw-paragraph\" data-margin-bottom=\"0pt\" data-line-height=\"1\" data-doc-id=\"7619623000000060005\" data-doc-type=\"writer\">Sua dura\u00e7\u00e3o varia conforme a data oficial do MIR de cada ano, publicado em setembro do ano anterior ao edital. Geralmente vai da segunda semana de novembro at\u00e9 tr\u00eas semanas antes do MIR (que geralmente \u00e9 no final de janeiro ou in\u00edcio de fevereiro), mas pode variar a cada ano. Nesta faixa mais curta, a maioria do tempo deve ser voltada para o estudo intenso.<\/p>\n","protected":false},"featured_media":1605,"template":"","meta":{"_acf_changed":false},"product_brand":[],"product_cat":[67],"product_tag":[77],"class_list":{"0":"post-2407","1":"product","2":"type-product","3":"status-publish","4":"has-post-thumbnail","6":"product_cat-abril","7":"product_tag-mir-producto","9":"first","10":"instock","11":"shipping-taxable","12":"purchasable","13":"product-type-simple"},"acf":[],"yoast_head":"<!-- This site is optimized with the Yoast SEO Premium plugin v26.8 (Yoast SEO v26.8) - https:\/\/yoast.com\/product\/yoast-seo-premium-wordpress\/ -->\n<title>MIR Abril - Online - Brasil<\/title>\n<meta name=\"robots\" content=\"index, follow, max-snippet:-1, max-image-preview:large, max-video-preview:-1\" \/>\n<link rel=\"canonical\" href=\"https:\/\/amirlatam.com\/br\/cursos\/acceso-a-especialidades\/mir\/abril\/mir-abril-online\/\" \/>\n<meta property=\"og:locale\" content=\"pt_BR\" \/>\n<meta property=\"og:type\" content=\"article\" \/>\n<meta property=\"og:title\" content=\"MIR Abril - Online\" \/>\n<meta property=\"og:description\" content=\"Sua dura\u00e7\u00e3o varia conforme a data oficial do MIR de cada ano, publicado em setembro do ano anterior ao edital. Geralmente vai da segunda semana de novembro at\u00e9 tr\u00eas semanas antes do MIR (que geralmente \u00e9 no final de janeiro ou in\u00edcio de fevereiro), mas pode variar a cada ano. Nesta faixa mais curta, a maioria do tempo deve ser voltada para o estudo intenso.\" \/>\n<meta property=\"og:url\" content=\"https:\/\/amirlatam.com\/br\/cursos\/acceso-a-especialidades\/mir\/abril\/mir-abril-online\/\" \/>\n<meta property=\"og:site_name\" content=\"Brasil\" \/>\n<meta property=\"article:modified_time\" content=\"2023-10-20T15:45:44+00:00\" \/>\n<meta property=\"og:image\" content=\"https:\/\/amirlatam.com\/br\/wp-content\/uploads\/sites\/8\/2023\/07\/cursos-prueba-a.jpg\" \/>\n\t<meta property=\"og:image:width\" content=\"1920\" \/>\n\t<meta property=\"og:image:height\" content=\"1280\" \/>\n\t<meta property=\"og:image:type\" content=\"image\/jpeg\" \/>\n<meta name=\"twitter:card\" content=\"summary_large_image\" \/>\n<meta name=\"twitter:label1\" content=\"Pre\u00e7o\" \/>\n\t<meta name=\"twitter:data1\" content=\"&#082;&#036;1,00\" \/>\n\t<meta name=\"twitter:label2\" content=\"Disponibilidade\" \/>\n\t<meta name=\"twitter:data2\" content=\"Em Estoque\" \/>\n<script type=\"application\/ld+json\" class=\"yoast-schema-graph\">{\"@context\":\"https:\/\/schema.org\",\"@graph\":[{\"@type\":\"WebPage\",\"@id\":\"https:\/\/amirlatam.com\/br\/cursos\/acceso-a-especialidades\/mir\/abril\/mir-abril-online\/\",\"url\":\"https:\/\/amirlatam.com\/br\/cursos\/acceso-a-especialidades\/mir\/abril\/mir-abril-online\/\",\"name\":\"MIR Abril - Online - Brasil\",\"isPartOf\":{\"@id\":\"https:\/\/amirlatam.com\/br\/#website\"},\"primaryImageOfPage\":{\"@id\":\"https:\/\/amirlatam.com\/br\/cursos\/acceso-a-especialidades\/mir\/abril\/mir-abril-online\/#primaryimage\"},\"image\":{\"@id\":\"https:\/\/amirlatam.com\/br\/cursos\/acceso-a-especialidades\/mir\/abril\/mir-abril-online\/#primaryimage\"},\"thumbnailUrl\":\"https:\/\/amirlatam.com\/br\/wp-content\/uploads\/sites\/8\/2023\/07\/cursos-prueba-a.jpg\",\"datePublished\":\"2023-08-12T13:52:11+00:00\",\"dateModified\":\"2023-10-20T15:45:44+00:00\",\"breadcrumb\":{\"@id\":\"https:\/\/amirlatam.com\/br\/cursos\/acceso-a-especialidades\/mir\/abril\/mir-abril-online\/#breadcrumb\"},\"inLanguage\":\"pt-BR\",\"potentialAction\":[{\"@type\":\"ReadAction\",\"target\":[\"https:\/\/amirlatam.com\/br\/cursos\/acceso-a-especialidades\/mir\/abril\/mir-abril-online\/\"]}]},{\"@type\":\"ImageObject\",\"inLanguage\":\"pt-BR\",\"@id\":\"https:\/\/amirlatam.com\/br\/cursos\/acceso-a-especialidades\/mir\/abril\/mir-abril-online\/#primaryimage\",\"url\":\"https:\/\/amirlatam.com\/br\/wp-content\/uploads\/sites\/8\/2023\/07\/cursos-prueba-a.jpg\",\"contentUrl\":\"https:\/\/amirlatam.com\/br\/wp-content\/uploads\/sites\/8\/2023\/07\/cursos-prueba-a.jpg\",\"width\":1920,\"height\":1280},{\"@type\":\"BreadcrumbList\",\"@id\":\"https:\/\/amirlatam.com\/br\/cursos\/acceso-a-especialidades\/mir\/abril\/mir-abril-online\/#breadcrumb\",\"itemListElement\":[{\"@type\":\"ListItem\",\"position\":1,\"name\":\"Portada\",\"item\":\"https:\/\/amirlatam.com\/br\/\"},{\"@type\":\"ListItem\",\"position\":2,\"name\":\"Tienda\",\"item\":\"https:\/\/amirlatam.com\/br\/tienda\/\"},{\"@type\":\"ListItem\",\"position\":3,\"name\":\"MIR Abril &#8211; Online\"}]},{\"@type\":\"WebSite\",\"@id\":\"https:\/\/amirlatam.com\/br\/#website\",\"url\":\"https:\/\/amirlatam.com\/br\/\",\"name\":\"Brasil\",\"description\":\"AMIR Latinoam\u00e9rica\",\"publisher\":{\"@id\":\"https:\/\/amirlatam.com\/br\/#organization\"},\"potentialAction\":[{\"@type\":\"SearchAction\",\"target\":{\"@type\":\"EntryPoint\",\"urlTemplate\":\"https:\/\/amirlatam.com\/br\/?s={search_term_string}\"},\"query-input\":{\"@type\":\"PropertyValueSpecification\",\"valueRequired\":true,\"valueName\":\"search_term_string\"}}],\"inLanguage\":\"pt-BR\"},{\"@type\":\"Organization\",\"@id\":\"https:\/\/amirlatam.com\/br\/#organization\",\"name\":\"Brasil\",\"url\":\"https:\/\/amirlatam.com\/br\/\",\"logo\":{\"@type\":\"ImageObject\",\"inLanguage\":\"pt-BR\",\"@id\":\"https:\/\/amirlatam.com\/br\/#\/schema\/logo\/image\/\",\"url\":\"https:\/\/amirlatam.com\/br\/wp-content\/uploads\/sites\/8\/2023\/06\/Logo.png\",\"contentUrl\":\"https:\/\/amirlatam.com\/br\/wp-content\/uploads\/sites\/8\/2023\/06\/Logo.png\",\"width\":676,\"height\":200,\"caption\":\"Brasil\"},\"image\":{\"@id\":\"https:\/\/amirlatam.com\/br\/#\/schema\/logo\/image\/\"}}]}<\/script>\n<meta property=\"product:price:amount\" content=\"1.00\" \/>\n<meta property=\"product:price:currency\" content=\"BRL\" \/>\n<meta property=\"og:availability\" content=\"instock\" \/>\n<meta property=\"product:availability\" content=\"instock\" \/>\n<meta property=\"product:condition\" content=\"new\" \/>\n<!-- \/ Yoast SEO Premium plugin. -->","yoast_head_json":{"title":"MIR Abril - Online - Brasil","robots":{"index":"index","follow":"follow","max-snippet":"max-snippet:-1","max-image-preview":"max-image-preview:large","max-video-preview":"max-video-preview:-1"},"canonical":"https:\/\/amirlatam.com\/br\/cursos\/acceso-a-especialidades\/mir\/abril\/mir-abril-online\/","og_locale":"pt_BR","og_type":"article","og_title":"MIR Abril - Online","og_description":"Sua dura\u00e7\u00e3o varia conforme a data oficial do MIR de cada ano, publicado em setembro do ano anterior ao edital. Geralmente vai da segunda semana de novembro at\u00e9 tr\u00eas semanas antes do MIR (que geralmente \u00e9 no final de janeiro ou in\u00edcio de fevereiro), mas pode variar a cada ano. Nesta faixa mais curta, a maioria do tempo deve ser voltada para o estudo intenso.","og_url":"https:\/\/amirlatam.com\/br\/cursos\/acceso-a-especialidades\/mir\/abril\/mir-abril-online\/","og_site_name":"Brasil","article_modified_time":"2023-10-20T15:45:44+00:00","og_image":[{"width":1920,"height":1280,"url":"https:\/\/amirlatam.com\/br\/wp-content\/uploads\/sites\/8\/2023\/07\/cursos-prueba-a.jpg","type":"image\/jpeg"}],"twitter_card":"summary_large_image","twitter_misc":{"Pre\u00e7o":"&#82;&#36;1,00","Disponibilidade":"Em Estoque"},"schema":{"@context":"https:\/\/schema.org","@graph":[{"@type":"WebPage","@id":"https:\/\/amirlatam.com\/br\/cursos\/acceso-a-especialidades\/mir\/abril\/mir-abril-online\/","url":"https:\/\/amirlatam.com\/br\/cursos\/acceso-a-especialidades\/mir\/abril\/mir-abril-online\/","name":"MIR Abril - Online - Brasil","isPartOf":{"@id":"https:\/\/amirlatam.com\/br\/#website"},"primaryImageOfPage":{"@id":"https:\/\/amirlatam.com\/br\/cursos\/acceso-a-especialidades\/mir\/abril\/mir-abril-online\/#primaryimage"},"image":{"@id":"https:\/\/amirlatam.com\/br\/cursos\/acceso-a-especialidades\/mir\/abril\/mir-abril-online\/#primaryimage"},"thumbnailUrl":"https:\/\/amirlatam.com\/br\/wp-content\/uploads\/sites\/8\/2023\/07\/cursos-prueba-a.jpg","datePublished":"2023-08-12T13:52:11+00:00","dateModified":"2023-10-20T15:45:44+00:00","breadcrumb":{"@id":"https:\/\/amirlatam.com\/br\/cursos\/acceso-a-especialidades\/mir\/abril\/mir-abril-online\/#breadcrumb"},"inLanguage":"pt-BR","potentialAction":[{"@type":"ReadAction","target":["https:\/\/amirlatam.com\/br\/cursos\/acceso-a-especialidades\/mir\/abril\/mir-abril-online\/"]}]},{"@type":"ImageObject","inLanguage":"pt-BR","@id":"https:\/\/amirlatam.com\/br\/cursos\/acceso-a-especialidades\/mir\/abril\/mir-abril-online\/#primaryimage","url":"https:\/\/amirlatam.com\/br\/wp-content\/uploads\/sites\/8\/2023\/07\/cursos-prueba-a.jpg","contentUrl":"https:\/\/amirlatam.com\/br\/wp-content\/uploads\/sites\/8\/2023\/07\/cursos-prueba-a.jpg","width":1920,"height":1280},{"@type":"BreadcrumbList","@id":"https:\/\/amirlatam.com\/br\/cursos\/acceso-a-especialidades\/mir\/abril\/mir-abril-online\/#breadcrumb","itemListElement":[{"@type":"ListItem","position":1,"name":"Portada","item":"https:\/\/amirlatam.com\/br\/"},{"@type":"ListItem","position":2,"name":"Tienda","item":"https:\/\/amirlatam.com\/br\/tienda\/"},{"@type":"ListItem","position":3,"name":"MIR Abril &#8211; Online"}]},{"@type":"WebSite","@id":"https:\/\/amirlatam.com\/br\/#website","url":"https:\/\/amirlatam.com\/br\/","name":"Brasil","description":"AMIR Latinoam\u00e9rica","publisher":{"@id":"https:\/\/amirlatam.com\/br\/#organization"},"potentialAction":[{"@type":"SearchAction","target":{"@type":"EntryPoint","urlTemplate":"https:\/\/amirlatam.com\/br\/?s={search_term_string}"},"query-input":{"@type":"PropertyValueSpecification","valueRequired":true,"valueName":"search_term_string"}}],"inLanguage":"pt-BR"},{"@type":"Organization","@id":"https:\/\/amirlatam.com\/br\/#organization","name":"Brasil","url":"https:\/\/amirlatam.com\/br\/","logo":{"@type":"ImageObject","inLanguage":"pt-BR","@id":"https:\/\/amirlatam.com\/br\/#\/schema\/logo\/image\/","url":"https:\/\/amirlatam.com\/br\/wp-content\/uploads\/sites\/8\/2023\/06\/Logo.png","contentUrl":"https:\/\/amirlatam.com\/br\/wp-content\/uploads\/sites\/8\/2023\/06\/Logo.png","width":676,"height":200,"caption":"Brasil"},"image":{"@id":"https:\/\/amirlatam.com\/br\/#\/schema\/logo\/image\/"}}]},"product_price_amount":"1.00","product_price_currency":"BRL","og_availability":"instock","product_availability":"instock","product_condition":"new"},"_links":{"self":[{"href":"https:\/\/amirlatam.com\/br\/wp-json\/wp\/v2\/product\/2407","targetHints":{"allow":["GET"]}}],"collection":[{"href":"https:\/\/amirlatam.com\/br\/wp-json\/wp\/v2\/product"}],"about":[{"href":"https:\/\/amirlatam.com\/br\/wp-json\/wp\/v2\/types\/product"}],"version-history":[{"count":5,"href":"https:\/\/amirlatam.com\/br\/wp-json\/wp\/v2\/product\/2407\/revisions"}],"predecessor-version":[{"id":10213,"href":"https:\/\/amirlatam.com\/br\/wp-json\/wp\/v2\/product\/2407\/revisions\/10213"}],"wp:featuredmedia":[{"embeddable":true,"href":"https:\/\/amirlatam.com\/br\/wp-json\/wp\/v2\/media\/1605"}],"wp:attachment":[{"href":"https:\/\/amirlatam.com\/br\/wp-json\/wp\/v2\/media?parent=2407"}],"wp:term":[{"taxonomy":"product_brand","embeddable":true,"href":"https:\/\/amirlatam.com\/br\/wp-json\/wp\/v2\/product_brand?post=2407"},{"taxonomy":"product_cat","embeddable":true,"href":"https:\/\/amirlatam.com\/br\/wp-json\/wp\/v2\/product_cat?post=2407"},{"taxonomy":"product_tag","embeddable":true,"href":"https:\/\/amirlatam.com\/br\/wp-json\/wp\/v2\/product_tag?post=2407"}],"curies":[{"name":"wp","href":"https:\/\/api.w.org\/{rel}","templated":true}]}}