{"id":10426,"date":"2024-02-20T13:05:03","date_gmt":"2024-02-20T17:05:03","guid":{"rendered":"https:\/\/amirlatam.com\/br\/?post_type=product&#038;p=10426"},"modified":"2024-03-08T08:12:26","modified_gmt":"2024-03-08T12:12:26","slug":"pos-graduacao-em-urgencia-e-emergencia","status":"publish","type":"product","link":"https:\/\/amirlatam.com\/br\/cursos\/pos-graduacao\/estetica\/pos-graduacao-em-urgencia-e-emergencia\/","title":{"rendered":"P\u00f3s-gradua\u00e7\u00e3o em Urg\u00eancia e Emerg\u00eancia para Enfermeiros"},"content":{"rendered":"","protected":false},"excerpt":{"rendered":"<p>Esta Especializa\u00e7\u00e3o em Urg\u00eancias e Emerg\u00eancias para Enfermeiros ser\u00e1 oferecida ao profissional de enfermagem que deseja adquirir os conhecimentos necess\u00e1rios para poder enfrentar com seguran\u00e7a qualquer tipo de situa\u00e7\u00e3o que possa surgir em um servi\u00e7o de terapia intensiva, reanima\u00e7\u00e3o, emerg\u00eancias.<\/p>\n","protected":false},"featured_media":10427,"template":"","meta":{"_acf_changed":false},"product_brand":[],"product_cat":[57,80],"product_tag":[],"class_list":{"0":"post-10426","1":"product","2":"type-product","3":"status-publish","4":"has-post-thumbnail","6":"product_cat-estetica","7":"product_cat-pos-graduacao","9":"first","10":"instock","11":"featured","12":"shipping-taxable","13":"product-type-simple"},"acf":[],"yoast_head":"<!-- This site is optimized with the Yoast SEO Premium plugin v26.8 (Yoast SEO v26.8) - https:\/\/yoast.com\/product\/yoast-seo-premium-wordpress\/ -->\n<title>P\u00f3s-gradua\u00e7\u00e3o em Urg\u00eancia e Emerg\u00eancia para Enfermeiros - Brasil<\/title>\n<meta name=\"robots\" content=\"index, follow, max-snippet:-1, max-image-preview:large, max-video-preview:-1\" \/>\n<link rel=\"canonical\" href=\"https:\/\/amirlatam.com\/br\/cursos\/pos-graduacao\/estetica\/pos-graduacao-em-urgencia-e-emergencia\/\" \/>\n<meta property=\"og:locale\" content=\"pt_BR\" \/>\n<meta property=\"og:type\" content=\"article\" \/>\n<meta property=\"og:title\" content=\"P\u00f3s-gradua\u00e7\u00e3o em Urg\u00eancia e Emerg\u00eancia para Enfermeiros\" \/>\n<meta property=\"og:description\" content=\"Esta Especializa\u00e7\u00e3o em Urg\u00eancias e Emerg\u00eancias para Enfermeiros ser\u00e1 oferecida ao profissional de enfermagem que deseja adquirir os conhecimentos necess\u00e1rios para poder enfrentar com seguran\u00e7a qualquer tipo de situa\u00e7\u00e3o que possa surgir em um servi\u00e7o de terapia intensiva, reanima\u00e7\u00e3o, emerg\u00eancias.\" \/>\n<meta property=\"og:url\" content=\"https:\/\/amirlatam.com\/br\/cursos\/pos-graduacao\/estetica\/pos-graduacao-em-urgencia-e-emergencia\/\" \/>\n<meta property=\"og:site_name\" content=\"Brasil\" \/>\n<meta property=\"article:modified_time\" content=\"2024-03-08T12:12:26+00:00\" \/>\n<meta property=\"og:image\" content=\"https:\/\/amirlatam.com\/br\/wp-content\/uploads\/sites\/8\/2024\/02\/Design-sem-nome-35.png\" \/>\n\t<meta property=\"og:image:width\" content=\"1080\" \/>\n\t<meta property=\"og:image:height\" content=\"1350\" \/>\n\t<meta property=\"og:image:type\" content=\"image\/png\" \/>\n<meta name=\"twitter:card\" content=\"summary_large_image\" \/>\n<meta name=\"twitter:label1\" content=\"Pre\u00e7o\" \/>\n\t<meta name=\"twitter:data1\" content=\"\" \/>\n\t<meta name=\"twitter:label2\" content=\"Disponibilidade\" \/>\n\t<meta name=\"twitter:data2\" content=\"Em Estoque\" \/>\n<script type=\"application\/ld+json\" class=\"yoast-schema-graph\">{\"@context\":\"https:\/\/schema.org\",\"@graph\":[{\"@type\":\"WebPage\",\"@id\":\"https:\/\/amirlatam.com\/br\/cursos\/pos-graduacao\/estetica\/pos-graduacao-em-urgencia-e-emergencia\/\",\"url\":\"https:\/\/amirlatam.com\/br\/cursos\/pos-graduacao\/estetica\/pos-graduacao-em-urgencia-e-emergencia\/\",\"name\":\"P\u00f3s-gradua\u00e7\u00e3o em Urg\u00eancia e Emerg\u00eancia para Enfermeiros - Brasil\",\"isPartOf\":{\"@id\":\"https:\/\/amirlatam.com\/br\/#website\"},\"primaryImageOfPage\":{\"@id\":\"https:\/\/amirlatam.com\/br\/cursos\/pos-graduacao\/estetica\/pos-graduacao-em-urgencia-e-emergencia\/#primaryimage\"},\"image\":{\"@id\":\"https:\/\/amirlatam.com\/br\/cursos\/pos-graduacao\/estetica\/pos-graduacao-em-urgencia-e-emergencia\/#primaryimage\"},\"thumbnailUrl\":\"https:\/\/amirlatam.com\/br\/wp-content\/uploads\/sites\/8\/2024\/02\/Design-sem-nome-35.png\",\"datePublished\":\"2024-02-20T17:05:03+00:00\",\"dateModified\":\"2024-03-08T12:12:26+00:00\",\"breadcrumb\":{\"@id\":\"https:\/\/amirlatam.com\/br\/cursos\/pos-graduacao\/estetica\/pos-graduacao-em-urgencia-e-emergencia\/#breadcrumb\"},\"inLanguage\":\"pt-BR\",\"potentialAction\":[{\"@type\":\"ReadAction\",\"target\":[\"https:\/\/amirlatam.com\/br\/cursos\/pos-graduacao\/estetica\/pos-graduacao-em-urgencia-e-emergencia\/\"]}]},{\"@type\":\"ImageObject\",\"inLanguage\":\"pt-BR\",\"@id\":\"https:\/\/amirlatam.com\/br\/cursos\/pos-graduacao\/estetica\/pos-graduacao-em-urgencia-e-emergencia\/#primaryimage\",\"url\":\"https:\/\/amirlatam.com\/br\/wp-content\/uploads\/sites\/8\/2024\/02\/Design-sem-nome-35.png\",\"contentUrl\":\"https:\/\/amirlatam.com\/br\/wp-content\/uploads\/sites\/8\/2024\/02\/Design-sem-nome-35.png\",\"width\":1080,\"height\":1350},{\"@type\":\"BreadcrumbList\",\"@id\":\"https:\/\/amirlatam.com\/br\/cursos\/pos-graduacao\/estetica\/pos-graduacao-em-urgencia-e-emergencia\/#breadcrumb\",\"itemListElement\":[{\"@type\":\"ListItem\",\"position\":1,\"name\":\"Portada\",\"item\":\"https:\/\/amirlatam.com\/br\/\"},{\"@type\":\"ListItem\",\"position\":2,\"name\":\"Tienda\",\"item\":\"https:\/\/amirlatam.com\/br\/tienda\/\"},{\"@type\":\"ListItem\",\"position\":3,\"name\":\"P\u00f3s-gradua\u00e7\u00e3o em Urg\u00eancia e Emerg\u00eancia para Enfermeiros\"}]},{\"@type\":\"WebSite\",\"@id\":\"https:\/\/amirlatam.com\/br\/#website\",\"url\":\"https:\/\/amirlatam.com\/br\/\",\"name\":\"Brasil\",\"description\":\"AMIR Latinoam\u00e9rica\",\"publisher\":{\"@id\":\"https:\/\/amirlatam.com\/br\/#organization\"},\"potentialAction\":[{\"@type\":\"SearchAction\",\"target\":{\"@type\":\"EntryPoint\",\"urlTemplate\":\"https:\/\/amirlatam.com\/br\/?s={search_term_string}\"},\"query-input\":{\"@type\":\"PropertyValueSpecification\",\"valueRequired\":true,\"valueName\":\"search_term_string\"}}],\"inLanguage\":\"pt-BR\"},{\"@type\":\"Organization\",\"@id\":\"https:\/\/amirlatam.com\/br\/#organization\",\"name\":\"Brasil\",\"url\":\"https:\/\/amirlatam.com\/br\/\",\"logo\":{\"@type\":\"ImageObject\",\"inLanguage\":\"pt-BR\",\"@id\":\"https:\/\/amirlatam.com\/br\/#\/schema\/logo\/image\/\",\"url\":\"https:\/\/amirlatam.com\/br\/wp-content\/uploads\/sites\/8\/2023\/06\/Logo.png\",\"contentUrl\":\"https:\/\/amirlatam.com\/br\/wp-content\/uploads\/sites\/8\/2023\/06\/Logo.png\",\"width\":676,\"height\":200,\"caption\":\"Brasil\"},\"image\":{\"@id\":\"https:\/\/amirlatam.com\/br\/#\/schema\/logo\/image\/\"}}]}<\/script>\n<meta property=\"product:price:currency\" content=\"BRL\" \/>\n<meta property=\"og:availability\" content=\"instock\" \/>\n<meta property=\"product:availability\" content=\"instock\" \/>\n<meta property=\"product:condition\" content=\"new\" \/>\n<!-- \/ Yoast SEO Premium plugin. -->","yoast_head_json":{"title":"P\u00f3s-gradua\u00e7\u00e3o em Urg\u00eancia e Emerg\u00eancia para Enfermeiros - Brasil","robots":{"index":"index","follow":"follow","max-snippet":"max-snippet:-1","max-image-preview":"max-image-preview:large","max-video-preview":"max-video-preview:-1"},"canonical":"https:\/\/amirlatam.com\/br\/cursos\/pos-graduacao\/estetica\/pos-graduacao-em-urgencia-e-emergencia\/","og_locale":"pt_BR","og_type":"article","og_title":"P\u00f3s-gradua\u00e7\u00e3o em Urg\u00eancia e Emerg\u00eancia para Enfermeiros","og_description":"Esta Especializa\u00e7\u00e3o em Urg\u00eancias e Emerg\u00eancias para Enfermeiros ser\u00e1 oferecida ao profissional de enfermagem que deseja adquirir os conhecimentos necess\u00e1rios para poder enfrentar com seguran\u00e7a qualquer tipo de situa\u00e7\u00e3o que possa surgir em um servi\u00e7o de terapia intensiva, reanima\u00e7\u00e3o, emerg\u00eancias.","og_url":"https:\/\/amirlatam.com\/br\/cursos\/pos-graduacao\/estetica\/pos-graduacao-em-urgencia-e-emergencia\/","og_site_name":"Brasil","article_modified_time":"2024-03-08T12:12:26+00:00","og_image":[{"width":1080,"height":1350,"url":"https:\/\/amirlatam.com\/br\/wp-content\/uploads\/sites\/8\/2024\/02\/Design-sem-nome-35.png","type":"image\/png"}],"twitter_card":"summary_large_image","twitter_misc":{"Pre\u00e7o":"","Disponibilidade":"Em Estoque"},"schema":{"@context":"https:\/\/schema.org","@graph":[{"@type":"WebPage","@id":"https:\/\/amirlatam.com\/br\/cursos\/pos-graduacao\/estetica\/pos-graduacao-em-urgencia-e-emergencia\/","url":"https:\/\/amirlatam.com\/br\/cursos\/pos-graduacao\/estetica\/pos-graduacao-em-urgencia-e-emergencia\/","name":"P\u00f3s-gradua\u00e7\u00e3o em Urg\u00eancia e Emerg\u00eancia para Enfermeiros - Brasil","isPartOf":{"@id":"https:\/\/amirlatam.com\/br\/#website"},"primaryImageOfPage":{"@id":"https:\/\/amirlatam.com\/br\/cursos\/pos-graduacao\/estetica\/pos-graduacao-em-urgencia-e-emergencia\/#primaryimage"},"image":{"@id":"https:\/\/amirlatam.com\/br\/cursos\/pos-graduacao\/estetica\/pos-graduacao-em-urgencia-e-emergencia\/#primaryimage"},"thumbnailUrl":"https:\/\/amirlatam.com\/br\/wp-content\/uploads\/sites\/8\/2024\/02\/Design-sem-nome-35.png","datePublished":"2024-02-20T17:05:03+00:00","dateModified":"2024-03-08T12:12:26+00:00","breadcrumb":{"@id":"https:\/\/amirlatam.com\/br\/cursos\/pos-graduacao\/estetica\/pos-graduacao-em-urgencia-e-emergencia\/#breadcrumb"},"inLanguage":"pt-BR","potentialAction":[{"@type":"ReadAction","target":["https:\/\/amirlatam.com\/br\/cursos\/pos-graduacao\/estetica\/pos-graduacao-em-urgencia-e-emergencia\/"]}]},{"@type":"ImageObject","inLanguage":"pt-BR","@id":"https:\/\/amirlatam.com\/br\/cursos\/pos-graduacao\/estetica\/pos-graduacao-em-urgencia-e-emergencia\/#primaryimage","url":"https:\/\/amirlatam.com\/br\/wp-content\/uploads\/sites\/8\/2024\/02\/Design-sem-nome-35.png","contentUrl":"https:\/\/amirlatam.com\/br\/wp-content\/uploads\/sites\/8\/2024\/02\/Design-sem-nome-35.png","width":1080,"height":1350},{"@type":"BreadcrumbList","@id":"https:\/\/amirlatam.com\/br\/cursos\/pos-graduacao\/estetica\/pos-graduacao-em-urgencia-e-emergencia\/#breadcrumb","itemListElement":[{"@type":"ListItem","position":1,"name":"Portada","item":"https:\/\/amirlatam.com\/br\/"},{"@type":"ListItem","position":2,"name":"Tienda","item":"https:\/\/amirlatam.com\/br\/tienda\/"},{"@type":"ListItem","position":3,"name":"P\u00f3s-gradua\u00e7\u00e3o em Urg\u00eancia e Emerg\u00eancia para Enfermeiros"}]},{"@type":"WebSite","@id":"https:\/\/amirlatam.com\/br\/#website","url":"https:\/\/amirlatam.com\/br\/","name":"Brasil","description":"AMIR Latinoam\u00e9rica","publisher":{"@id":"https:\/\/amirlatam.com\/br\/#organization"},"potentialAction":[{"@type":"SearchAction","target":{"@type":"EntryPoint","urlTemplate":"https:\/\/amirlatam.com\/br\/?s={search_term_string}"},"query-input":{"@type":"PropertyValueSpecification","valueRequired":true,"valueName":"search_term_string"}}],"inLanguage":"pt-BR"},{"@type":"Organization","@id":"https:\/\/amirlatam.com\/br\/#organization","name":"Brasil","url":"https:\/\/amirlatam.com\/br\/","logo":{"@type":"ImageObject","inLanguage":"pt-BR","@id":"https:\/\/amirlatam.com\/br\/#\/schema\/logo\/image\/","url":"https:\/\/amirlatam.com\/br\/wp-content\/uploads\/sites\/8\/2023\/06\/Logo.png","contentUrl":"https:\/\/amirlatam.com\/br\/wp-content\/uploads\/sites\/8\/2023\/06\/Logo.png","width":676,"height":200,"caption":"Brasil"},"image":{"@id":"https:\/\/amirlatam.com\/br\/#\/schema\/logo\/image\/"}}]},"product_price_currency":"BRL","og_availability":"instock","product_availability":"instock","product_condition":"new"},"_links":{"self":[{"href":"https:\/\/amirlatam.com\/br\/wp-json\/wp\/v2\/product\/10426","targetHints":{"allow":["GET"]}}],"collection":[{"href":"https:\/\/amirlatam.com\/br\/wp-json\/wp\/v2\/product"}],"about":[{"href":"https:\/\/amirlatam.com\/br\/wp-json\/wp\/v2\/types\/product"}],"version-history":[{"count":8,"href":"https:\/\/amirlatam.com\/br\/wp-json\/wp\/v2\/product\/10426\/revisions"}],"predecessor-version":[{"id":10535,"href":"https:\/\/amirlatam.com\/br\/wp-json\/wp\/v2\/product\/10426\/revisions\/10535"}],"wp:featuredmedia":[{"embeddable":true,"href":"https:\/\/amirlatam.com\/br\/wp-json\/wp\/v2\/media\/10427"}],"wp:attachment":[{"href":"https:\/\/amirlatam.com\/br\/wp-json\/wp\/v2\/media?parent=10426"}],"wp:term":[{"taxonomy":"product_brand","embeddable":true,"href":"https:\/\/amirlatam.com\/br\/wp-json\/wp\/v2\/product_brand?post=10426"},{"taxonomy":"product_cat","embeddable":true,"href":"https:\/\/amirlatam.com\/br\/wp-json\/wp\/v2\/product_cat?post=10426"},{"taxonomy":"product_tag","embeddable":true,"href":"https:\/\/amirlatam.com\/br\/wp-json\/wp\/v2\/product_tag?post=10426"}],"curies":[{"name":"wp","href":"https:\/\/api.w.org\/{rel}","templated":true}]}}