{"id":10417,"date":"2024-02-20T12:37:05","date_gmt":"2024-02-20T16:37:05","guid":{"rendered":"https:\/\/amirlatam.com\/br\/?post_type=product&#038;p=10417"},"modified":"2024-08-08T13:39:22","modified_gmt":"2024-08-08T17:39:22","slug":"pos-graduacao-em-harmonizacao_orofacial","status":"publish","type":"product","link":"https:\/\/amirlatam.com\/br\/cursos\/pos-graduacao\/estetica\/pos-graduacao-em-harmonizacao_orofacial\/","title":{"rendered":"Curso de Atualiza\u00e7\u00e3o em Harmoniza\u00e7\u00e3o Orofacial"},"content":{"rendered":"","protected":false},"excerpt":{"rendered":"<p>O curso de Harmoniza\u00e7\u00e3o Orofacial para Dentistas tem como objetivo formar profissionais nos conhecimentos te\u00f3ricos e nas habilidades necess\u00e1rias para diagnosticar e tratar as necessidades est\u00e9ticas do ambiente facial; focando especialmente no ter\u00e7o m\u00e9dio e inferior.<\/p>\n","protected":false},"featured_media":10532,"template":"","meta":{"_acf_changed":false},"product_brand":[],"product_cat":[57,80],"product_tag":[],"class_list":{"0":"post-10417","1":"product","2":"type-product","3":"status-publish","4":"has-post-thumbnail","6":"product_cat-estetica","7":"product_cat-pos-graduacao","9":"first","10":"instock","11":"featured","12":"shipping-taxable","13":"product-type-simple"},"acf":[],"yoast_head":"<!-- This site is optimized with the Yoast SEO Premium plugin v26.8 (Yoast SEO v26.8) - https:\/\/yoast.com\/product\/yoast-seo-premium-wordpress\/ -->\n<title>Curso de Atualiza\u00e7\u00e3o em Harmoniza\u00e7\u00e3o Orofacial - Brasil<\/title>\n<meta name=\"robots\" content=\"index, follow, max-snippet:-1, max-image-preview:large, max-video-preview:-1\" \/>\n<link rel=\"canonical\" href=\"https:\/\/amirlatam.com\/br\/cursos\/pos-graduacao\/estetica\/pos-graduacao-em-harmonizacao_orofacial\/\" \/>\n<meta property=\"og:locale\" content=\"pt_BR\" \/>\n<meta property=\"og:type\" content=\"article\" \/>\n<meta property=\"og:title\" content=\"Curso de Atualiza\u00e7\u00e3o em Harmoniza\u00e7\u00e3o Orofacial\" \/>\n<meta property=\"og:description\" content=\"O curso de Harmoniza\u00e7\u00e3o Orofacial para Dentistas tem como objetivo formar profissionais nos conhecimentos te\u00f3ricos e nas habilidades necess\u00e1rias para diagnosticar e tratar as necessidades est\u00e9ticas do ambiente facial; focando especialmente no ter\u00e7o m\u00e9dio e inferior.\" \/>\n<meta property=\"og:url\" content=\"https:\/\/amirlatam.com\/br\/cursos\/pos-graduacao\/estetica\/pos-graduacao-em-harmonizacao_orofacial\/\" \/>\n<meta property=\"og:site_name\" content=\"Brasil\" \/>\n<meta property=\"article:modified_time\" content=\"2024-08-08T17:39:22+00:00\" \/>\n<meta property=\"og:image\" content=\"https:\/\/amirlatam.com\/br\/wp-content\/uploads\/sites\/8\/2024\/02\/Design-sem-nome-86.png\" \/>\n\t<meta property=\"og:image:width\" content=\"1080\" \/>\n\t<meta property=\"og:image:height\" content=\"1350\" \/>\n\t<meta property=\"og:image:type\" content=\"image\/png\" \/>\n<meta name=\"twitter:card\" content=\"summary_large_image\" \/>\n<meta name=\"twitter:label1\" content=\"Pre\u00e7o\" \/>\n\t<meta name=\"twitter:data1\" content=\"\" \/>\n\t<meta name=\"twitter:label2\" content=\"Disponibilidade\" \/>\n\t<meta name=\"twitter:data2\" content=\"Em Estoque\" \/>\n<script type=\"application\/ld+json\" class=\"yoast-schema-graph\">{\"@context\":\"https:\/\/schema.org\",\"@graph\":[{\"@type\":\"WebPage\",\"@id\":\"https:\/\/amirlatam.com\/br\/cursos\/pos-graduacao\/estetica\/pos-graduacao-em-harmonizacao_orofacial\/\",\"url\":\"https:\/\/amirlatam.com\/br\/cursos\/pos-graduacao\/estetica\/pos-graduacao-em-harmonizacao_orofacial\/\",\"name\":\"Curso de Atualiza\u00e7\u00e3o em Harmoniza\u00e7\u00e3o Orofacial - Brasil\",\"isPartOf\":{\"@id\":\"https:\/\/amirlatam.com\/br\/#website\"},\"primaryImageOfPage\":{\"@id\":\"https:\/\/amirlatam.com\/br\/cursos\/pos-graduacao\/estetica\/pos-graduacao-em-harmonizacao_orofacial\/#primaryimage\"},\"image\":{\"@id\":\"https:\/\/amirlatam.com\/br\/cursos\/pos-graduacao\/estetica\/pos-graduacao-em-harmonizacao_orofacial\/#primaryimage\"},\"thumbnailUrl\":\"https:\/\/amirlatam.com\/br\/wp-content\/uploads\/sites\/8\/2024\/02\/Design-sem-nome-86.png\",\"datePublished\":\"2024-02-20T16:37:05+00:00\",\"dateModified\":\"2024-08-08T17:39:22+00:00\",\"breadcrumb\":{\"@id\":\"https:\/\/amirlatam.com\/br\/cursos\/pos-graduacao\/estetica\/pos-graduacao-em-harmonizacao_orofacial\/#breadcrumb\"},\"inLanguage\":\"pt-BR\",\"potentialAction\":[{\"@type\":\"ReadAction\",\"target\":[\"https:\/\/amirlatam.com\/br\/cursos\/pos-graduacao\/estetica\/pos-graduacao-em-harmonizacao_orofacial\/\"]}]},{\"@type\":\"ImageObject\",\"inLanguage\":\"pt-BR\",\"@id\":\"https:\/\/amirlatam.com\/br\/cursos\/pos-graduacao\/estetica\/pos-graduacao-em-harmonizacao_orofacial\/#primaryimage\",\"url\":\"https:\/\/amirlatam.com\/br\/wp-content\/uploads\/sites\/8\/2024\/02\/Design-sem-nome-86.png\",\"contentUrl\":\"https:\/\/amirlatam.com\/br\/wp-content\/uploads\/sites\/8\/2024\/02\/Design-sem-nome-86.png\",\"width\":1080,\"height\":1350},{\"@type\":\"BreadcrumbList\",\"@id\":\"https:\/\/amirlatam.com\/br\/cursos\/pos-graduacao\/estetica\/pos-graduacao-em-harmonizacao_orofacial\/#breadcrumb\",\"itemListElement\":[{\"@type\":\"ListItem\",\"position\":1,\"name\":\"Portada\",\"item\":\"https:\/\/amirlatam.com\/br\/\"},{\"@type\":\"ListItem\",\"position\":2,\"name\":\"Tienda\",\"item\":\"https:\/\/amirlatam.com\/br\/tienda\/\"},{\"@type\":\"ListItem\",\"position\":3,\"name\":\"Curso de Atualiza\u00e7\u00e3o em Harmoniza\u00e7\u00e3o Orofacial\"}]},{\"@type\":\"WebSite\",\"@id\":\"https:\/\/amirlatam.com\/br\/#website\",\"url\":\"https:\/\/amirlatam.com\/br\/\",\"name\":\"Brasil\",\"description\":\"AMIR Latinoam\u00e9rica\",\"publisher\":{\"@id\":\"https:\/\/amirlatam.com\/br\/#organization\"},\"potentialAction\":[{\"@type\":\"SearchAction\",\"target\":{\"@type\":\"EntryPoint\",\"urlTemplate\":\"https:\/\/amirlatam.com\/br\/?s={search_term_string}\"},\"query-input\":{\"@type\":\"PropertyValueSpecification\",\"valueRequired\":true,\"valueName\":\"search_term_string\"}}],\"inLanguage\":\"pt-BR\"},{\"@type\":\"Organization\",\"@id\":\"https:\/\/amirlatam.com\/br\/#organization\",\"name\":\"Brasil\",\"url\":\"https:\/\/amirlatam.com\/br\/\",\"logo\":{\"@type\":\"ImageObject\",\"inLanguage\":\"pt-BR\",\"@id\":\"https:\/\/amirlatam.com\/br\/#\/schema\/logo\/image\/\",\"url\":\"https:\/\/amirlatam.com\/br\/wp-content\/uploads\/sites\/8\/2023\/06\/Logo.png\",\"contentUrl\":\"https:\/\/amirlatam.com\/br\/wp-content\/uploads\/sites\/8\/2023\/06\/Logo.png\",\"width\":676,\"height\":200,\"caption\":\"Brasil\"},\"image\":{\"@id\":\"https:\/\/amirlatam.com\/br\/#\/schema\/logo\/image\/\"}}]}<\/script>\n<meta property=\"product:price:currency\" content=\"BRL\" \/>\n<meta property=\"og:availability\" content=\"instock\" \/>\n<meta property=\"product:availability\" content=\"instock\" \/>\n<meta property=\"product:condition\" content=\"new\" \/>\n<!-- \/ Yoast SEO Premium plugin. -->","yoast_head_json":{"title":"Curso de Atualiza\u00e7\u00e3o em Harmoniza\u00e7\u00e3o Orofacial - Brasil","robots":{"index":"index","follow":"follow","max-snippet":"max-snippet:-1","max-image-preview":"max-image-preview:large","max-video-preview":"max-video-preview:-1"},"canonical":"https:\/\/amirlatam.com\/br\/cursos\/pos-graduacao\/estetica\/pos-graduacao-em-harmonizacao_orofacial\/","og_locale":"pt_BR","og_type":"article","og_title":"Curso de Atualiza\u00e7\u00e3o em Harmoniza\u00e7\u00e3o Orofacial","og_description":"O curso de Harmoniza\u00e7\u00e3o Orofacial para Dentistas tem como objetivo formar profissionais nos conhecimentos te\u00f3ricos e nas habilidades necess\u00e1rias para diagnosticar e tratar as necessidades est\u00e9ticas do ambiente facial; focando especialmente no ter\u00e7o m\u00e9dio e inferior.","og_url":"https:\/\/amirlatam.com\/br\/cursos\/pos-graduacao\/estetica\/pos-graduacao-em-harmonizacao_orofacial\/","og_site_name":"Brasil","article_modified_time":"2024-08-08T17:39:22+00:00","og_image":[{"width":1080,"height":1350,"url":"https:\/\/amirlatam.com\/br\/wp-content\/uploads\/sites\/8\/2024\/02\/Design-sem-nome-86.png","type":"image\/png"}],"twitter_card":"summary_large_image","twitter_misc":{"Pre\u00e7o":"","Disponibilidade":"Em Estoque"},"schema":{"@context":"https:\/\/schema.org","@graph":[{"@type":"WebPage","@id":"https:\/\/amirlatam.com\/br\/cursos\/pos-graduacao\/estetica\/pos-graduacao-em-harmonizacao_orofacial\/","url":"https:\/\/amirlatam.com\/br\/cursos\/pos-graduacao\/estetica\/pos-graduacao-em-harmonizacao_orofacial\/","name":"Curso de Atualiza\u00e7\u00e3o em Harmoniza\u00e7\u00e3o Orofacial - Brasil","isPartOf":{"@id":"https:\/\/amirlatam.com\/br\/#website"},"primaryImageOfPage":{"@id":"https:\/\/amirlatam.com\/br\/cursos\/pos-graduacao\/estetica\/pos-graduacao-em-harmonizacao_orofacial\/#primaryimage"},"image":{"@id":"https:\/\/amirlatam.com\/br\/cursos\/pos-graduacao\/estetica\/pos-graduacao-em-harmonizacao_orofacial\/#primaryimage"},"thumbnailUrl":"https:\/\/amirlatam.com\/br\/wp-content\/uploads\/sites\/8\/2024\/02\/Design-sem-nome-86.png","datePublished":"2024-02-20T16:37:05+00:00","dateModified":"2024-08-08T17:39:22+00:00","breadcrumb":{"@id":"https:\/\/amirlatam.com\/br\/cursos\/pos-graduacao\/estetica\/pos-graduacao-em-harmonizacao_orofacial\/#breadcrumb"},"inLanguage":"pt-BR","potentialAction":[{"@type":"ReadAction","target":["https:\/\/amirlatam.com\/br\/cursos\/pos-graduacao\/estetica\/pos-graduacao-em-harmonizacao_orofacial\/"]}]},{"@type":"ImageObject","inLanguage":"pt-BR","@id":"https:\/\/amirlatam.com\/br\/cursos\/pos-graduacao\/estetica\/pos-graduacao-em-harmonizacao_orofacial\/#primaryimage","url":"https:\/\/amirlatam.com\/br\/wp-content\/uploads\/sites\/8\/2024\/02\/Design-sem-nome-86.png","contentUrl":"https:\/\/amirlatam.com\/br\/wp-content\/uploads\/sites\/8\/2024\/02\/Design-sem-nome-86.png","width":1080,"height":1350},{"@type":"BreadcrumbList","@id":"https:\/\/amirlatam.com\/br\/cursos\/pos-graduacao\/estetica\/pos-graduacao-em-harmonizacao_orofacial\/#breadcrumb","itemListElement":[{"@type":"ListItem","position":1,"name":"Portada","item":"https:\/\/amirlatam.com\/br\/"},{"@type":"ListItem","position":2,"name":"Tienda","item":"https:\/\/amirlatam.com\/br\/tienda\/"},{"@type":"ListItem","position":3,"name":"Curso de Atualiza\u00e7\u00e3o em Harmoniza\u00e7\u00e3o Orofacial"}]},{"@type":"WebSite","@id":"https:\/\/amirlatam.com\/br\/#website","url":"https:\/\/amirlatam.com\/br\/","name":"Brasil","description":"AMIR Latinoam\u00e9rica","publisher":{"@id":"https:\/\/amirlatam.com\/br\/#organization"},"potentialAction":[{"@type":"SearchAction","target":{"@type":"EntryPoint","urlTemplate":"https:\/\/amirlatam.com\/br\/?s={search_term_string}"},"query-input":{"@type":"PropertyValueSpecification","valueRequired":true,"valueName":"search_term_string"}}],"inLanguage":"pt-BR"},{"@type":"Organization","@id":"https:\/\/amirlatam.com\/br\/#organization","name":"Brasil","url":"https:\/\/amirlatam.com\/br\/","logo":{"@type":"ImageObject","inLanguage":"pt-BR","@id":"https:\/\/amirlatam.com\/br\/#\/schema\/logo\/image\/","url":"https:\/\/amirlatam.com\/br\/wp-content\/uploads\/sites\/8\/2023\/06\/Logo.png","contentUrl":"https:\/\/amirlatam.com\/br\/wp-content\/uploads\/sites\/8\/2023\/06\/Logo.png","width":676,"height":200,"caption":"Brasil"},"image":{"@id":"https:\/\/amirlatam.com\/br\/#\/schema\/logo\/image\/"}}]},"product_price_currency":"BRL","og_availability":"instock","product_availability":"instock","product_condition":"new"},"_links":{"self":[{"href":"https:\/\/amirlatam.com\/br\/wp-json\/wp\/v2\/product\/10417","targetHints":{"allow":["GET"]}}],"collection":[{"href":"https:\/\/amirlatam.com\/br\/wp-json\/wp\/v2\/product"}],"about":[{"href":"https:\/\/amirlatam.com\/br\/wp-json\/wp\/v2\/types\/product"}],"version-history":[{"count":14,"href":"https:\/\/amirlatam.com\/br\/wp-json\/wp\/v2\/product\/10417\/revisions"}],"predecessor-version":[{"id":10653,"href":"https:\/\/amirlatam.com\/br\/wp-json\/wp\/v2\/product\/10417\/revisions\/10653"}],"wp:featuredmedia":[{"embeddable":true,"href":"https:\/\/amirlatam.com\/br\/wp-json\/wp\/v2\/media\/10532"}],"wp:attachment":[{"href":"https:\/\/amirlatam.com\/br\/wp-json\/wp\/v2\/media?parent=10417"}],"wp:term":[{"taxonomy":"product_brand","embeddable":true,"href":"https:\/\/amirlatam.com\/br\/wp-json\/wp\/v2\/product_brand?post=10417"},{"taxonomy":"product_cat","embeddable":true,"href":"https:\/\/amirlatam.com\/br\/wp-json\/wp\/v2\/product_cat?post=10417"},{"taxonomy":"product_tag","embeddable":true,"href":"https:\/\/amirlatam.com\/br\/wp-json\/wp\/v2\/product_tag?post=10417"}],"curies":[{"name":"wp","href":"https:\/\/api.w.org\/{rel}","templated":true}]}}