{"id":10050,"date":"2023-10-04T13:53:17","date_gmt":"2023-10-04T17:53:17","guid":{"rendered":"https:\/\/amirlatam.com\/br\/?post_type=product&#038;p=10050"},"modified":"2023-10-17T13:09:54","modified_gmt":"2023-10-17T17:09:54","slug":"usmle","status":"publish","type":"product","link":"https:\/\/amirlatam.com\/br\/cursos\/exames\/usmle\/","title":{"rendered":"USMLE"},"content":{"rendered":"<p><strong>Principais vantagens de se preparar para a USMLE com AMIR<\/strong><\/p>\n<p>&nbsp;<\/p>\n<ul>\n<li>M\u00e9dicos formando m\u00e9dicos: na AMIR USMLE temos uma equipe de professores altamente qualificados com um estilo de ensino \u00fanico.<\/li>\n<li>Nosso objetivo \u00e9 o seu sucesso: nossa metodologia comprovada, recursos e corpo docente garantem o sucesso de nossos alunos.<\/li>\n<li>Mais de 15 anos de experi\u00eancia: A AMIR foi criada h\u00e1 mais de 15 anos exclusivamente por m\u00e9dicos para formar m\u00e9dicos. O objetivo \u00e9 aplicar toda a teoria aprendida durante seus estudos na Universidade em casos mais pr\u00e1ticos e reais, como os que voc\u00ea encontrar\u00e1 no exame USMLE e trein\u00e1-lo na t\u00e9cnica do exame, a fim de alcan\u00e7ar o melhor resultado poss\u00edvel.<\/li>\n<li>Recursos essenciais para o seu sucesso na USMLE: voc\u00ea ter\u00e1 recursos essenciais como aulas online, testes personalizados com a complexidade das quest\u00f5es reais do exame, plataforma com o design e intera\u00e7\u00e3o do exame real e coment\u00e1rios detalhados da resposta correta complementados com imagens, v\u00eddeos e infogr\u00e1ficos.<\/li>\n<li>Nossa metodologia comprovada, recursos e corpo docente garantem o sucesso: na AMIR voc\u00ea tem tudo inclu\u00eddo para a USMLE: nossa metodologia comprovada, aplica\u00e7\u00e3o web, Qbank, acesso a videoaulas e corpo docente que garantem o sucesso.<br \/>\nNovo 2023!: Agora, ao se inscrever, voc\u00ea ter\u00e1 manuais digitais GRATUITOS em sua plataforma.<\/li>\n<li>Um programa de estudo abrangente e conciso: AMIR USMLE prepara voc\u00ea exatamente para o que voc\u00ea ver\u00e1 no dia do teste.<\/li>\n<\/ul>\n<p>&nbsp;<\/p>\n<p><strong>USMLE Passo 1<\/strong><\/p>\n<p>&nbsp;<\/p>\n<p>Este curso de prepara\u00e7\u00e3o para o USMLE Step 1 \u00e9 um programa de estudo projetado para ajudar a se preparar para o exame de forma eficiente e eficaz. O programa oferece uma revis\u00e3o abrangente dos t\u00f3picos abordados no exame, bem como as melhores estrat\u00e9gias e t\u00e9cnicas de estudo para fazer o exame.<\/p>\n<p>T\u00f3picos:<\/p>\n<p>Ci\u00eancias b\u00e1sicas: anatomia, fisiologia, bioqu\u00edmica, gen\u00e9tica, farmacologia, patologia, microbiologia e imunologia.<\/p>\n<p>Recursos dispon\u00edveis:<\/p>\n<ul>\n<li>Plataforma com mais de 2.000 quest\u00f5es no formato do exame Step 1.<\/li>\n<li>Simulador com a complexidade das quest\u00f5es reais do exame.<\/li>\n<li>Coment\u00e1rios detalhados da resposta correta complementados com imagens, v\u00eddeos e infogr\u00e1ficos;<\/li>\n<li>Tutoriais USMLE;<\/li>\n<li>Manuais digitais AMIR USMLE na sua plataforma.<\/li>\n<\/ul>\n<p>&nbsp;<\/p>\n<p><strong>USMLE Passo 2<\/strong><\/p>\n<p>&nbsp;<\/p>\n<p>Este curso de prepara\u00e7\u00e3o para o Passo 2 da USMLE \u00e9 um programa de estudo projetado para ajudar os estudantes de medicina a se prepararem para o exame de forma eficiente e eficaz.<\/p>\n<p>Este curso aborda os seguintes t\u00f3picos:<\/p>\n<p>Ci\u00eancias cl\u00ednicas: epidemiologia, farmacologia, patologia, fisiopatologia, diagn\u00f3stico e tratamento de doen\u00e7as comuns.<\/p>\n<p>Recursos:<\/p>\n<ul>\n<li>Plataforma com mais de 2.000 quest\u00f5es no formato do exame Step 2 CK.<\/li>\n<li>Simulador com a complexidade das quest\u00f5es reais do exame.<\/li>\n<li>Coment\u00e1rios detalhados da resposta correta complementados com imagens, v\u00eddeos e infogr\u00e1ficos;<\/li>\n<li>Tutoriais USMLE;<\/li>\n<li>Manuais digitais AMIR USMLE na sua plataforma.<\/li>\n<\/ul>\n","protected":false},"excerpt":{"rendered":"<p>Principais vantagens de se preparar para a USMLE com AMIR &nbsp; M\u00e9dicos formando m\u00e9dicos: na AMIR USMLE temos uma equipe de professores altamente qualificados com um estilo de ensino \u00fanico. Nosso objetivo \u00e9 o seu sucesso: nossa metodologia comprovada, recursos e corpo docente garantem o sucesso de nossos alunos. Mais de 15 anos de experi\u00eancia: [&hellip;]<\/p>\n","protected":false},"featured_media":1605,"template":"","meta":{"_acf_changed":false},"product_brand":[],"product_cat":[75],"product_tag":[76],"class_list":{"0":"post-10050","1":"product","2":"type-product","3":"status-publish","4":"has-post-thumbnail","6":"product_cat-exames","7":"product_tag-usmle","9":"first","10":"instock","11":"shipping-taxable","12":"product-type-simple"},"acf":[],"yoast_head":"<!-- This site is optimized with the Yoast SEO Premium plugin v26.8 (Yoast SEO v26.8) - https:\/\/yoast.com\/product\/yoast-seo-premium-wordpress\/ -->\n<title>USMLE - Brasil<\/title>\n<meta name=\"robots\" content=\"index, follow, max-snippet:-1, max-image-preview:large, max-video-preview:-1\" \/>\n<link rel=\"canonical\" href=\"https:\/\/amirlatam.com\/br\/cursos\/exames\/usmle\/\" \/>\n<meta property=\"og:locale\" content=\"pt_BR\" \/>\n<meta property=\"og:type\" content=\"article\" \/>\n<meta property=\"og:title\" content=\"USMLE\" \/>\n<meta property=\"og:description\" content=\"Principais vantagens de se preparar para a USMLE com AMIR &nbsp; M\u00e9dicos formando m\u00e9dicos: na AMIR USMLE temos uma equipe de professores altamente qualificados com um estilo de ensino \u00fanico. Nosso objetivo \u00e9 o seu sucesso: nossa metodologia comprovada, recursos e corpo docente garantem o sucesso de nossos alunos. Mais de 15 anos de experi\u00eancia: [&hellip;]\" \/>\n<meta property=\"og:url\" content=\"https:\/\/amirlatam.com\/br\/cursos\/exames\/usmle\/\" \/>\n<meta property=\"og:site_name\" content=\"Brasil\" \/>\n<meta property=\"article:modified_time\" content=\"2023-10-17T17:09:54+00:00\" \/>\n<meta property=\"og:image\" content=\"https:\/\/amirlatam.com\/br\/wp-content\/uploads\/sites\/8\/2023\/07\/cursos-prueba-a.jpg\" \/>\n\t<meta property=\"og:image:width\" content=\"1920\" \/>\n\t<meta property=\"og:image:height\" content=\"1280\" \/>\n\t<meta property=\"og:image:type\" content=\"image\/jpeg\" \/>\n<meta name=\"twitter:card\" content=\"summary_large_image\" \/>\n<meta name=\"twitter:label1\" content=\"Pre\u00e7o\" \/>\n\t<meta name=\"twitter:data1\" content=\"\" \/>\n\t<meta name=\"twitter:label2\" content=\"Disponibilidade\" \/>\n\t<meta name=\"twitter:data2\" content=\"Em Estoque\" \/>\n<script type=\"application\/ld+json\" class=\"yoast-schema-graph\">{\"@context\":\"https:\/\/schema.org\",\"@graph\":[{\"@type\":\"WebPage\",\"@id\":\"https:\/\/amirlatam.com\/br\/cursos\/exames\/usmle\/\",\"url\":\"https:\/\/amirlatam.com\/br\/cursos\/exames\/usmle\/\",\"name\":\"USMLE - Brasil\",\"isPartOf\":{\"@id\":\"https:\/\/amirlatam.com\/br\/#website\"},\"primaryImageOfPage\":{\"@id\":\"https:\/\/amirlatam.com\/br\/cursos\/exames\/usmle\/#primaryimage\"},\"image\":{\"@id\":\"https:\/\/amirlatam.com\/br\/cursos\/exames\/usmle\/#primaryimage\"},\"thumbnailUrl\":\"https:\/\/amirlatam.com\/br\/wp-content\/uploads\/sites\/8\/2023\/07\/cursos-prueba-a.jpg\",\"datePublished\":\"2023-10-04T17:53:17+00:00\",\"dateModified\":\"2023-10-17T17:09:54+00:00\",\"breadcrumb\":{\"@id\":\"https:\/\/amirlatam.com\/br\/cursos\/exames\/usmle\/#breadcrumb\"},\"inLanguage\":\"pt-BR\",\"potentialAction\":[{\"@type\":\"ReadAction\",\"target\":[\"https:\/\/amirlatam.com\/br\/cursos\/exames\/usmle\/\"]}]},{\"@type\":\"ImageObject\",\"inLanguage\":\"pt-BR\",\"@id\":\"https:\/\/amirlatam.com\/br\/cursos\/exames\/usmle\/#primaryimage\",\"url\":\"https:\/\/amirlatam.com\/br\/wp-content\/uploads\/sites\/8\/2023\/07\/cursos-prueba-a.jpg\",\"contentUrl\":\"https:\/\/amirlatam.com\/br\/wp-content\/uploads\/sites\/8\/2023\/07\/cursos-prueba-a.jpg\",\"width\":1920,\"height\":1280},{\"@type\":\"BreadcrumbList\",\"@id\":\"https:\/\/amirlatam.com\/br\/cursos\/exames\/usmle\/#breadcrumb\",\"itemListElement\":[{\"@type\":\"ListItem\",\"position\":1,\"name\":\"Portada\",\"item\":\"https:\/\/amirlatam.com\/br\/\"},{\"@type\":\"ListItem\",\"position\":2,\"name\":\"Tienda\",\"item\":\"https:\/\/amirlatam.com\/br\/tienda\/\"},{\"@type\":\"ListItem\",\"position\":3,\"name\":\"USMLE\"}]},{\"@type\":\"WebSite\",\"@id\":\"https:\/\/amirlatam.com\/br\/#website\",\"url\":\"https:\/\/amirlatam.com\/br\/\",\"name\":\"Brasil\",\"description\":\"AMIR Latinoam\u00e9rica\",\"publisher\":{\"@id\":\"https:\/\/amirlatam.com\/br\/#organization\"},\"potentialAction\":[{\"@type\":\"SearchAction\",\"target\":{\"@type\":\"EntryPoint\",\"urlTemplate\":\"https:\/\/amirlatam.com\/br\/?s={search_term_string}\"},\"query-input\":{\"@type\":\"PropertyValueSpecification\",\"valueRequired\":true,\"valueName\":\"search_term_string\"}}],\"inLanguage\":\"pt-BR\"},{\"@type\":\"Organization\",\"@id\":\"https:\/\/amirlatam.com\/br\/#organization\",\"name\":\"Brasil\",\"url\":\"https:\/\/amirlatam.com\/br\/\",\"logo\":{\"@type\":\"ImageObject\",\"inLanguage\":\"pt-BR\",\"@id\":\"https:\/\/amirlatam.com\/br\/#\/schema\/logo\/image\/\",\"url\":\"https:\/\/amirlatam.com\/br\/wp-content\/uploads\/sites\/8\/2023\/06\/Logo.png\",\"contentUrl\":\"https:\/\/amirlatam.com\/br\/wp-content\/uploads\/sites\/8\/2023\/06\/Logo.png\",\"width\":676,\"height\":200,\"caption\":\"Brasil\"},\"image\":{\"@id\":\"https:\/\/amirlatam.com\/br\/#\/schema\/logo\/image\/\"}}]}<\/script>\n<meta property=\"product:price:currency\" content=\"BRL\" \/>\n<meta property=\"og:availability\" content=\"instock\" \/>\n<meta property=\"product:availability\" content=\"instock\" \/>\n<meta property=\"product:condition\" content=\"new\" \/>\n<!-- \/ Yoast SEO Premium plugin. -->","yoast_head_json":{"title":"USMLE - Brasil","robots":{"index":"index","follow":"follow","max-snippet":"max-snippet:-1","max-image-preview":"max-image-preview:large","max-video-preview":"max-video-preview:-1"},"canonical":"https:\/\/amirlatam.com\/br\/cursos\/exames\/usmle\/","og_locale":"pt_BR","og_type":"article","og_title":"USMLE","og_description":"Principais vantagens de se preparar para a USMLE com AMIR &nbsp; M\u00e9dicos formando m\u00e9dicos: na AMIR USMLE temos uma equipe de professores altamente qualificados com um estilo de ensino \u00fanico. Nosso objetivo \u00e9 o seu sucesso: nossa metodologia comprovada, recursos e corpo docente garantem o sucesso de nossos alunos. Mais de 15 anos de experi\u00eancia: [&hellip;]","og_url":"https:\/\/amirlatam.com\/br\/cursos\/exames\/usmle\/","og_site_name":"Brasil","article_modified_time":"2023-10-17T17:09:54+00:00","og_image":[{"width":1920,"height":1280,"url":"https:\/\/amirlatam.com\/br\/wp-content\/uploads\/sites\/8\/2023\/07\/cursos-prueba-a.jpg","type":"image\/jpeg"}],"twitter_card":"summary_large_image","twitter_misc":{"Pre\u00e7o":"","Disponibilidade":"Em Estoque"},"schema":{"@context":"https:\/\/schema.org","@graph":[{"@type":"WebPage","@id":"https:\/\/amirlatam.com\/br\/cursos\/exames\/usmle\/","url":"https:\/\/amirlatam.com\/br\/cursos\/exames\/usmle\/","name":"USMLE - Brasil","isPartOf":{"@id":"https:\/\/amirlatam.com\/br\/#website"},"primaryImageOfPage":{"@id":"https:\/\/amirlatam.com\/br\/cursos\/exames\/usmle\/#primaryimage"},"image":{"@id":"https:\/\/amirlatam.com\/br\/cursos\/exames\/usmle\/#primaryimage"},"thumbnailUrl":"https:\/\/amirlatam.com\/br\/wp-content\/uploads\/sites\/8\/2023\/07\/cursos-prueba-a.jpg","datePublished":"2023-10-04T17:53:17+00:00","dateModified":"2023-10-17T17:09:54+00:00","breadcrumb":{"@id":"https:\/\/amirlatam.com\/br\/cursos\/exames\/usmle\/#breadcrumb"},"inLanguage":"pt-BR","potentialAction":[{"@type":"ReadAction","target":["https:\/\/amirlatam.com\/br\/cursos\/exames\/usmle\/"]}]},{"@type":"ImageObject","inLanguage":"pt-BR","@id":"https:\/\/amirlatam.com\/br\/cursos\/exames\/usmle\/#primaryimage","url":"https:\/\/amirlatam.com\/br\/wp-content\/uploads\/sites\/8\/2023\/07\/cursos-prueba-a.jpg","contentUrl":"https:\/\/amirlatam.com\/br\/wp-content\/uploads\/sites\/8\/2023\/07\/cursos-prueba-a.jpg","width":1920,"height":1280},{"@type":"BreadcrumbList","@id":"https:\/\/amirlatam.com\/br\/cursos\/exames\/usmle\/#breadcrumb","itemListElement":[{"@type":"ListItem","position":1,"name":"Portada","item":"https:\/\/amirlatam.com\/br\/"},{"@type":"ListItem","position":2,"name":"Tienda","item":"https:\/\/amirlatam.com\/br\/tienda\/"},{"@type":"ListItem","position":3,"name":"USMLE"}]},{"@type":"WebSite","@id":"https:\/\/amirlatam.com\/br\/#website","url":"https:\/\/amirlatam.com\/br\/","name":"Brasil","description":"AMIR Latinoam\u00e9rica","publisher":{"@id":"https:\/\/amirlatam.com\/br\/#organization"},"potentialAction":[{"@type":"SearchAction","target":{"@type":"EntryPoint","urlTemplate":"https:\/\/amirlatam.com\/br\/?s={search_term_string}"},"query-input":{"@type":"PropertyValueSpecification","valueRequired":true,"valueName":"search_term_string"}}],"inLanguage":"pt-BR"},{"@type":"Organization","@id":"https:\/\/amirlatam.com\/br\/#organization","name":"Brasil","url":"https:\/\/amirlatam.com\/br\/","logo":{"@type":"ImageObject","inLanguage":"pt-BR","@id":"https:\/\/amirlatam.com\/br\/#\/schema\/logo\/image\/","url":"https:\/\/amirlatam.com\/br\/wp-content\/uploads\/sites\/8\/2023\/06\/Logo.png","contentUrl":"https:\/\/amirlatam.com\/br\/wp-content\/uploads\/sites\/8\/2023\/06\/Logo.png","width":676,"height":200,"caption":"Brasil"},"image":{"@id":"https:\/\/amirlatam.com\/br\/#\/schema\/logo\/image\/"}}]},"product_price_currency":"BRL","og_availability":"instock","product_availability":"instock","product_condition":"new"},"_links":{"self":[{"href":"https:\/\/amirlatam.com\/br\/wp-json\/wp\/v2\/product\/10050","targetHints":{"allow":["GET"]}}],"collection":[{"href":"https:\/\/amirlatam.com\/br\/wp-json\/wp\/v2\/product"}],"about":[{"href":"https:\/\/amirlatam.com\/br\/wp-json\/wp\/v2\/types\/product"}],"version-history":[{"count":5,"href":"https:\/\/amirlatam.com\/br\/wp-json\/wp\/v2\/product\/10050\/revisions"}],"predecessor-version":[{"id":10177,"href":"https:\/\/amirlatam.com\/br\/wp-json\/wp\/v2\/product\/10050\/revisions\/10177"}],"wp:featuredmedia":[{"embeddable":true,"href":"https:\/\/amirlatam.com\/br\/wp-json\/wp\/v2\/media\/1605"}],"wp:attachment":[{"href":"https:\/\/amirlatam.com\/br\/wp-json\/wp\/v2\/media?parent=10050"}],"wp:term":[{"taxonomy":"product_brand","embeddable":true,"href":"https:\/\/amirlatam.com\/br\/wp-json\/wp\/v2\/product_brand?post=10050"},{"taxonomy":"product_cat","embeddable":true,"href":"https:\/\/amirlatam.com\/br\/wp-json\/wp\/v2\/product_cat?post=10050"},{"taxonomy":"product_tag","embeddable":true,"href":"https:\/\/amirlatam.com\/br\/wp-json\/wp\/v2\/product_tag?post=10050"}],"curies":[{"name":"wp","href":"https:\/\/api.w.org\/{rel}","templated":true}]}}