{"id":753,"date":"2024-04-01T16:08:44","date_gmt":"2024-04-01T20:08:44","guid":{"rendered":"http:\/\/ealvarado"},"modified":"2024-04-01T16:08:44","modified_gmt":"2024-04-01T20:08:44","slug":"mir","status":"publish","type":"product","link":"https:\/\/amirlatam.com\/bol\/producto\/mir\/","title":{"rendered":"Curso Examen MIR | Amir Colombia"},"content":{"rendered":"<h3 style=\"text-align: center;\"><strong>\u00bfC\u00f3mo quieres estudiar?<\/strong><\/h3>\n<p style=\"text-align: center;\">\u00bfImaginas tener un curso que se adapte a ti, a tus preferencias y necesidades?<strong> \u00a1En AMIR lo tenemos!<\/strong> Descubre cu\u00e1l de nuestros cursos es el que m\u00e1s se adapta a ti.<\/p>\n","protected":false},"excerpt":{"rendered":"<h1><b>Desbloquea tu \u00e9xito en el examen MIR con la Estrategia AMIR <\/b><\/h1>\n<p>\u00bfBuscas la preparaci\u00f3n \u00f3ptima para el examen MIR? En <b>AMIR Colombia,<\/b> nos dedicamos a potenciar al m\u00e1ximo tu capacidad para facilitarte el camino hacia el \u00e9xito en esta traves\u00eda, y estamos comprometidos a ser tu gu\u00eda en cada paso. Hace m\u00e1s de 16 a\u00f1os, desarrollamos y perfeccionamos meticulosamente una f\u00f3rmula de estudio que ha sido contrastada a lo largo del tiempo, brind\u00e1ndote la herramienta ideal para alcanzar la codiciada plaza que anhelas en el <b>examen MIR<\/b>.<\/p>\n","protected":false},"featured_media":765,"comment_status":"closed","ping_status":"closed","template":"","meta":{"_acf_changed":false},"product_brand":[],"product_cat":[67],"product_tag":[76],"class_list":{"0":"post-753","1":"product","2":"type-product","3":"status-publish","4":"has-post-thumbnail","6":"product_cat-mir","7":"product_tag-mir","9":"first","10":"instock","11":"featured","12":"shipping-taxable","13":"purchasable","14":"product-type-simple"},"acf":[],"yoast_head":"<!-- This site is optimized with the Yoast SEO Premium plugin v26.8 (Yoast SEO v26.8) - https:\/\/yoast.com\/product\/yoast-seo-premium-wordpress\/ -->\n<title>Prep\u00e1rate con Amir para el Examen MIR y Accede a tu Especialidad<\/title>\n<meta name=\"description\" content=\"La mejor preparaci\u00f3n para el Examen MIR en Colombia. Con Amir, asegura tu acceso a la especialidad m\u00e9dica que sue\u00f1as. \u00a1Inicia tu camino al \u00e9xito!\" \/>\n<meta name=\"robots\" content=\"index, follow, max-snippet:-1, max-image-preview:large, max-video-preview:-1\" \/>\n<link rel=\"canonical\" href=\"https:\/\/amirlatam.com\/bol\/producto\/mir\/\" \/>\n<meta property=\"og:locale\" content=\"es_ES\" \/>\n<meta property=\"og:type\" content=\"article\" \/>\n<meta property=\"og:title\" content=\"Curso Examen MIR | Amir Colombia\" \/>\n<meta property=\"og:description\" content=\"La mejor preparaci\u00f3n para el Examen MIR en Colombia. Con Amir, asegura tu acceso a la especialidad m\u00e9dica que sue\u00f1as. \u00a1Inicia tu camino al \u00e9xito!\" \/>\n<meta property=\"og:url\" content=\"https:\/\/amirlatam.com\/bol\/producto\/mir\/\" \/>\n<meta property=\"og:site_name\" content=\"Bolivia\" \/>\n<meta property=\"article:publisher\" content=\"https:\/\/www.facebook.com\/AMIRSuramerica\" \/>\n<meta property=\"og:image\" content=\"https:\/\/amirlatam.com\/bol\/wp-content\/uploads\/sites\/11\/2023\/08\/estudiante-medicina-sonriendo-camara-clase-scaled-1.jpg\" \/>\n\t<meta property=\"og:image:width\" content=\"2560\" \/>\n\t<meta property=\"og:image:height\" content=\"1707\" \/>\n\t<meta property=\"og:image:type\" content=\"image\/jpeg\" \/>\n<meta name=\"twitter:card\" content=\"summary_large_image\" \/>\n<meta name=\"twitter:label1\" content=\"Precio\" \/>\n\t<meta name=\"twitter:data1\" content=\"&#036;&nbsp;1\" \/>\n\t<meta name=\"twitter:label2\" content=\"Disponibilidad\" \/>\n\t<meta name=\"twitter:data2\" content=\"Disponible\" \/>\n<script type=\"application\/ld+json\" class=\"yoast-schema-graph\">{\"@context\":\"https:\/\/schema.org\",\"@graph\":[{\"@type\":\"WebPage\",\"@id\":\"https:\/\/amirlatam.com\/bol\/producto\/mir\/\",\"url\":\"https:\/\/amirlatam.com\/bol\/producto\/mir\/\",\"name\":\"Prep\u00e1rate con Amir para el Examen MIR y Accede a tu Especialidad\",\"isPartOf\":{\"@id\":\"https:\/\/amirlatam.com\/bol\/#website\"},\"primaryImageOfPage\":{\"@id\":\"https:\/\/amirlatam.com\/bol\/producto\/mir\/#primaryimage\"},\"image\":{\"@id\":\"https:\/\/amirlatam.com\/bol\/producto\/mir\/#primaryimage\"},\"thumbnailUrl\":\"https:\/\/amirlatam.com\/bol\/wp-content\/uploads\/sites\/11\/2023\/08\/estudiante-medicina-sonriendo-camara-clase-scaled-1.jpg\",\"datePublished\":\"2024-04-01T20:08:44+00:00\",\"description\":\"La mejor preparaci\u00f3n para el Examen MIR en Colombia. Con Amir, asegura tu acceso a la especialidad m\u00e9dica que sue\u00f1as. \u00a1Inicia tu camino al \u00e9xito!\",\"breadcrumb\":{\"@id\":\"https:\/\/amirlatam.com\/bol\/producto\/mir\/#breadcrumb\"},\"inLanguage\":\"es\",\"potentialAction\":[{\"@type\":\"ReadAction\",\"target\":[\"https:\/\/amirlatam.com\/bol\/producto\/mir\/\"]}]},{\"@type\":\"ImageObject\",\"inLanguage\":\"es\",\"@id\":\"https:\/\/amirlatam.com\/bol\/producto\/mir\/#primaryimage\",\"url\":\"https:\/\/amirlatam.com\/bol\/wp-content\/uploads\/sites\/11\/2023\/08\/estudiante-medicina-sonriendo-camara-clase-scaled-1.jpg\",\"contentUrl\":\"https:\/\/amirlatam.com\/bol\/wp-content\/uploads\/sites\/11\/2023\/08\/estudiante-medicina-sonriendo-camara-clase-scaled-1.jpg\",\"width\":2560,\"height\":1707,\"caption\":\"Residencias\"},{\"@type\":\"BreadcrumbList\",\"@id\":\"https:\/\/amirlatam.com\/bol\/producto\/mir\/#breadcrumb\",\"itemListElement\":[{\"@type\":\"ListItem\",\"position\":1,\"name\":\"Portada\",\"item\":\"https:\/\/amirlatam.com\/bol\/\"},{\"@type\":\"ListItem\",\"position\":2,\"name\":\"Tienda\",\"item\":\"https:\/\/amirlatam.com\/bol\/tienda-2-2\/\"},{\"@type\":\"ListItem\",\"position\":3,\"name\":\"Curso Examen MIR | Amir Colombia\"}]},{\"@type\":\"WebSite\",\"@id\":\"https:\/\/amirlatam.com\/bol\/#website\",\"url\":\"https:\/\/amirlatam.com\/bol\/\",\"name\":\"AMIR Colombia\",\"description\":\"AMIR Latinoam\u00e9rica\",\"publisher\":{\"@id\":\"https:\/\/amirlatam.com\/bol\/#organization\"},\"alternateName\":\"AMIR\",\"potentialAction\":[{\"@type\":\"SearchAction\",\"target\":{\"@type\":\"EntryPoint\",\"urlTemplate\":\"https:\/\/amirlatam.com\/bol\/?s={search_term_string}\"},\"query-input\":{\"@type\":\"PropertyValueSpecification\",\"valueRequired\":true,\"valueName\":\"search_term_string\"}}],\"inLanguage\":\"es\"},{\"@type\":\"Organization\",\"@id\":\"https:\/\/amirlatam.com\/bol\/#organization\",\"name\":\"AMIR Colombia\",\"url\":\"https:\/\/amirlatam.com\/bol\/\",\"logo\":{\"@type\":\"ImageObject\",\"inLanguage\":\"es\",\"@id\":\"https:\/\/amirlatam.com\/bol\/#\/schema\/logo\/image\/\",\"url\":\"https:\/\/amirlatam.com\/co\/wp-content\/uploads\/sites\/2\/2023\/08\/amir-favicon.png\",\"contentUrl\":\"https:\/\/amirlatam.com\/co\/wp-content\/uploads\/sites\/2\/2023\/08\/amir-favicon.png\",\"width\":720,\"height\":720,\"caption\":\"AMIR Colombia\"},\"image\":{\"@id\":\"https:\/\/amirlatam.com\/bol\/#\/schema\/logo\/image\/\"},\"sameAs\":[\"https:\/\/www.facebook.com\/AMIRSuramerica\",\"https:\/\/www.linkedin.com\/company\/amir-colombia\/\",\"https:\/\/www.instagram.com\/amirsuramerica\/\"]}]}<\/script>\n<meta property=\"product:price:amount\" content=\"1\" \/>\n<meta property=\"product:price:currency\" content=\"COP\" \/>\n<meta property=\"og:availability\" content=\"instock\" \/>\n<meta property=\"product:availability\" content=\"instock\" \/>\n<meta property=\"product:condition\" content=\"new\" \/>\n<!-- \/ Yoast SEO Premium plugin. -->","yoast_head_json":{"title":"Prep\u00e1rate con Amir para el Examen MIR y Accede a tu Especialidad","description":"La mejor preparaci\u00f3n para el Examen MIR en Colombia. Con Amir, asegura tu acceso a la especialidad m\u00e9dica que sue\u00f1as. \u00a1Inicia tu camino al \u00e9xito!","robots":{"index":"index","follow":"follow","max-snippet":"max-snippet:-1","max-image-preview":"max-image-preview:large","max-video-preview":"max-video-preview:-1"},"canonical":"https:\/\/amirlatam.com\/bol\/producto\/mir\/","og_locale":"es_ES","og_type":"article","og_title":"Curso Examen MIR | Amir Colombia","og_description":"La mejor preparaci\u00f3n para el Examen MIR en Colombia. Con Amir, asegura tu acceso a la especialidad m\u00e9dica que sue\u00f1as. \u00a1Inicia tu camino al \u00e9xito!","og_url":"https:\/\/amirlatam.com\/bol\/producto\/mir\/","og_site_name":"Bolivia","article_publisher":"https:\/\/www.facebook.com\/AMIRSuramerica","og_image":[{"width":2560,"height":1707,"url":"https:\/\/amirlatam.com\/bol\/wp-content\/uploads\/sites\/11\/2023\/08\/estudiante-medicina-sonriendo-camara-clase-scaled-1.jpg","type":"image\/jpeg"}],"twitter_card":"summary_large_image","twitter_misc":{"Precio":"&#36;&nbsp;1","Disponibilidad":"Disponible"},"schema":{"@context":"https:\/\/schema.org","@graph":[{"@type":"WebPage","@id":"https:\/\/amirlatam.com\/bol\/producto\/mir\/","url":"https:\/\/amirlatam.com\/bol\/producto\/mir\/","name":"Prep\u00e1rate con Amir para el Examen MIR y Accede a tu Especialidad","isPartOf":{"@id":"https:\/\/amirlatam.com\/bol\/#website"},"primaryImageOfPage":{"@id":"https:\/\/amirlatam.com\/bol\/producto\/mir\/#primaryimage"},"image":{"@id":"https:\/\/amirlatam.com\/bol\/producto\/mir\/#primaryimage"},"thumbnailUrl":"https:\/\/amirlatam.com\/bol\/wp-content\/uploads\/sites\/11\/2023\/08\/estudiante-medicina-sonriendo-camara-clase-scaled-1.jpg","datePublished":"2024-04-01T20:08:44+00:00","description":"La mejor preparaci\u00f3n para el Examen MIR en Colombia. Con Amir, asegura tu acceso a la especialidad m\u00e9dica que sue\u00f1as. \u00a1Inicia tu camino al \u00e9xito!","breadcrumb":{"@id":"https:\/\/amirlatam.com\/bol\/producto\/mir\/#breadcrumb"},"inLanguage":"es","potentialAction":[{"@type":"ReadAction","target":["https:\/\/amirlatam.com\/bol\/producto\/mir\/"]}]},{"@type":"ImageObject","inLanguage":"es","@id":"https:\/\/amirlatam.com\/bol\/producto\/mir\/#primaryimage","url":"https:\/\/amirlatam.com\/bol\/wp-content\/uploads\/sites\/11\/2023\/08\/estudiante-medicina-sonriendo-camara-clase-scaled-1.jpg","contentUrl":"https:\/\/amirlatam.com\/bol\/wp-content\/uploads\/sites\/11\/2023\/08\/estudiante-medicina-sonriendo-camara-clase-scaled-1.jpg","width":2560,"height":1707,"caption":"Residencias"},{"@type":"BreadcrumbList","@id":"https:\/\/amirlatam.com\/bol\/producto\/mir\/#breadcrumb","itemListElement":[{"@type":"ListItem","position":1,"name":"Portada","item":"https:\/\/amirlatam.com\/bol\/"},{"@type":"ListItem","position":2,"name":"Tienda","item":"https:\/\/amirlatam.com\/bol\/tienda-2-2\/"},{"@type":"ListItem","position":3,"name":"Curso Examen MIR | Amir Colombia"}]},{"@type":"WebSite","@id":"https:\/\/amirlatam.com\/bol\/#website","url":"https:\/\/amirlatam.com\/bol\/","name":"AMIR Colombia","description":"AMIR Latinoam\u00e9rica","publisher":{"@id":"https:\/\/amirlatam.com\/bol\/#organization"},"alternateName":"AMIR","potentialAction":[{"@type":"SearchAction","target":{"@type":"EntryPoint","urlTemplate":"https:\/\/amirlatam.com\/bol\/?s={search_term_string}"},"query-input":{"@type":"PropertyValueSpecification","valueRequired":true,"valueName":"search_term_string"}}],"inLanguage":"es"},{"@type":"Organization","@id":"https:\/\/amirlatam.com\/bol\/#organization","name":"AMIR Colombia","url":"https:\/\/amirlatam.com\/bol\/","logo":{"@type":"ImageObject","inLanguage":"es","@id":"https:\/\/amirlatam.com\/bol\/#\/schema\/logo\/image\/","url":"https:\/\/amirlatam.com\/co\/wp-content\/uploads\/sites\/2\/2023\/08\/amir-favicon.png","contentUrl":"https:\/\/amirlatam.com\/co\/wp-content\/uploads\/sites\/2\/2023\/08\/amir-favicon.png","width":720,"height":720,"caption":"AMIR Colombia"},"image":{"@id":"https:\/\/amirlatam.com\/bol\/#\/schema\/logo\/image\/"},"sameAs":["https:\/\/www.facebook.com\/AMIRSuramerica","https:\/\/www.linkedin.com\/company\/amir-colombia\/","https:\/\/www.instagram.com\/amirsuramerica\/"]}]},"product_price_amount":"1","product_price_currency":"COP","og_availability":"instock","product_availability":"instock","product_condition":"new"},"_links":{"self":[{"href":"https:\/\/amirlatam.com\/bol\/wp-json\/wp\/v2\/product\/753","targetHints":{"allow":["GET"]}}],"collection":[{"href":"https:\/\/amirlatam.com\/bol\/wp-json\/wp\/v2\/product"}],"about":[{"href":"https:\/\/amirlatam.com\/bol\/wp-json\/wp\/v2\/types\/product"}],"replies":[{"embeddable":true,"href":"https:\/\/amirlatam.com\/bol\/wp-json\/wp\/v2\/comments?post=753"}],"wp:featuredmedia":[{"embeddable":true,"href":"https:\/\/amirlatam.com\/bol\/wp-json\/wp\/v2\/media\/765"}],"wp:attachment":[{"href":"https:\/\/amirlatam.com\/bol\/wp-json\/wp\/v2\/media?parent=753"}],"wp:term":[{"taxonomy":"product_brand","embeddable":true,"href":"https:\/\/amirlatam.com\/bol\/wp-json\/wp\/v2\/product_brand?post=753"},{"taxonomy":"product_cat","embeddable":true,"href":"https:\/\/amirlatam.com\/bol\/wp-json\/wp\/v2\/product_cat?post=753"},{"taxonomy":"product_tag","embeddable":true,"href":"https:\/\/amirlatam.com\/bol\/wp-json\/wp\/v2\/product_tag?post=753"}],"curies":[{"name":"wp","href":"https:\/\/api.w.org\/{rel}","templated":true}]}}