{"id":748,"date":"2024-04-01T16:08:40","date_gmt":"2024-04-01T20:08:40","guid":{"rendered":"http:\/\/ealvarado"},"modified":"2024-04-04T18:12:49","modified_gmt":"2024-04-04T22:12:49","slug":"mir-completo-online","status":"publish","type":"product","link":"https:\/\/amirlatam.com\/bol\/producto\/mir-completo-online\/","title":{"rendered":"Curso MIR Completo Online | Amir Bolivia"},"content":{"rendered":"\n","protected":false},"excerpt":{"rendered":"<h3><strong>\u00bfDeseas prepararte para el MIR sin salir de tu pa\u00eds?<\/strong><\/h3>\n<p class=\"zw-paragraph\" data-margin-bottom=\"0pt\" data-line-height=\"1\" data-doc-id=\"7619623000000060005\" data-doc-type=\"writer\">Este curso es ideal para ti, dise\u00f1ado de manera 100% online, con una duraci\u00f3n aproximada de unos 16-17 meses seg\u00fan la fecha final del examen. Comienza regularmente entre los meses de septiembre y octubre de cada a\u00f1o y se extiende hasta el d\u00eda del examen MIR.<\/p>\n<p>El curso ofrece clases y tutor\u00edas online, asesoramiento personalizado por parte del equipo de tutores, acceso a todos los recursos online, manuales f\u00edsicos y digitales de todas las asignaturas, la gu\u00eda del alumno AMIR, pruebas de las clases para hacer un seguimiento y acceso a AMIR TV. Adem\u00e1s, se ense\u00f1an las t\u00e9cnicas del Curso Genius, las cuales permitir\u00e1n recordar informaci\u00f3n a largo plazo sin necesidad de estudiar durante demasiadas horas.<\/p>\n","protected":false},"featured_media":768,"comment_status":"closed","ping_status":"closed","template":"","meta":{"_acf_changed":false},"product_brand":[],"product_cat":[72],"product_tag":[80],"class_list":{"0":"post-748","1":"product","2":"type-product","3":"status-publish","4":"has-post-thumbnail","6":"product_cat-completo","7":"product_tag-mir-producto","9":"first","10":"instock","11":"shipping-taxable","12":"purchasable","13":"product-type-simple"},"acf":[],"yoast_head":"<!-- This site is optimized with the Yoast SEO Premium plugin v26.8 (Yoast SEO v26.8) - https:\/\/yoast.com\/product\/yoast-seo-premium-wordpress\/ -->\n<title>MIR Completo Online en Amir Colombia &#8226; Prep\u00e1rate con \u00c9xito<\/title>\n<meta name=\"description\" content=\"Optimiza tu preparaci\u00f3n con el curso MIR Completo online de Amir Colombia. Accede a recursos de alta calidad para alcanzar tus metas en medicina.\" \/>\n<meta name=\"robots\" content=\"index, follow, max-snippet:-1, max-image-preview:large, max-video-preview:-1\" \/>\n<link rel=\"canonical\" href=\"https:\/\/amirlatam.com\/bol\/producto\/mir-completo-online\/\" \/>\n<meta property=\"og:locale\" content=\"es_ES\" \/>\n<meta property=\"og:type\" content=\"article\" \/>\n<meta property=\"og:title\" content=\"Curso MIR Completo Online | Amir Bolivia\" \/>\n<meta property=\"og:description\" content=\"Optimiza tu preparaci\u00f3n con el curso MIR Completo online de Amir Colombia. Accede a recursos de alta calidad para alcanzar tus metas en medicina.\" \/>\n<meta property=\"og:url\" content=\"https:\/\/amirlatam.com\/bol\/producto\/mir-completo-online\/\" \/>\n<meta property=\"og:site_name\" content=\"Bolivia\" \/>\n<meta property=\"article:publisher\" content=\"https:\/\/www.facebook.com\/AMIRSuramerica\" \/>\n<meta property=\"article:modified_time\" content=\"2024-04-04T22:12:49+00:00\" \/>\n<meta property=\"og:image\" content=\"https:\/\/amirlatam.com\/bol\/wp-content\/uploads\/sites\/11\/2023\/08\/quisiera-hacer-pregunta-scaled-1.jpg\" \/>\n\t<meta property=\"og:image:width\" content=\"2560\" \/>\n\t<meta property=\"og:image:height\" content=\"1707\" \/>\n\t<meta property=\"og:image:type\" content=\"image\/jpeg\" \/>\n<meta name=\"twitter:card\" content=\"summary_large_image\" \/>\n<meta name=\"twitter:label1\" content=\"Precio\" \/>\n\t<meta name=\"twitter:data1\" content=\"&#036;&nbsp;1\" \/>\n\t<meta name=\"twitter:label2\" content=\"Disponibilidad\" \/>\n\t<meta name=\"twitter:data2\" content=\"Disponible\" \/>\n<script type=\"application\/ld+json\" class=\"yoast-schema-graph\">{\"@context\":\"https:\/\/schema.org\",\"@graph\":[{\"@type\":\"WebPage\",\"@id\":\"https:\/\/amirlatam.com\/bol\/producto\/mir-completo-online\/\",\"url\":\"https:\/\/amirlatam.com\/bol\/producto\/mir-completo-online\/\",\"name\":\"MIR Completo Online en Amir Colombia &#8226; Prep\u00e1rate con \u00c9xito\",\"isPartOf\":{\"@id\":\"https:\/\/amirlatam.com\/bol\/#website\"},\"primaryImageOfPage\":{\"@id\":\"https:\/\/amirlatam.com\/bol\/producto\/mir-completo-online\/#primaryimage\"},\"image\":{\"@id\":\"https:\/\/amirlatam.com\/bol\/producto\/mir-completo-online\/#primaryimage\"},\"thumbnailUrl\":\"https:\/\/amirlatam.com\/bol\/wp-content\/uploads\/sites\/11\/2023\/08\/quisiera-hacer-pregunta-scaled-1.jpg\",\"datePublished\":\"2024-04-01T20:08:40+00:00\",\"dateModified\":\"2024-04-04T22:12:49+00:00\",\"description\":\"Optimiza tu preparaci\u00f3n con el curso MIR Completo online de Amir Colombia. Accede a recursos de alta calidad para alcanzar tus metas en medicina.\",\"breadcrumb\":{\"@id\":\"https:\/\/amirlatam.com\/bol\/producto\/mir-completo-online\/#breadcrumb\"},\"inLanguage\":\"es\",\"potentialAction\":[{\"@type\":\"ReadAction\",\"target\":[\"https:\/\/amirlatam.com\/bol\/producto\/mir-completo-online\/\"]}]},{\"@type\":\"ImageObject\",\"inLanguage\":\"es\",\"@id\":\"https:\/\/amirlatam.com\/bol\/producto\/mir-completo-online\/#primaryimage\",\"url\":\"https:\/\/amirlatam.com\/bol\/wp-content\/uploads\/sites\/11\/2023\/08\/quisiera-hacer-pregunta-scaled-1.jpg\",\"contentUrl\":\"https:\/\/amirlatam.com\/bol\/wp-content\/uploads\/sites\/11\/2023\/08\/quisiera-hacer-pregunta-scaled-1.jpg\",\"width\":2560,\"height\":1707,\"caption\":\"Happy doctor attending a seminar and raising his hand to ask a question at convention center.\"},{\"@type\":\"BreadcrumbList\",\"@id\":\"https:\/\/amirlatam.com\/bol\/producto\/mir-completo-online\/#breadcrumb\",\"itemListElement\":[{\"@type\":\"ListItem\",\"position\":1,\"name\":\"Portada\",\"item\":\"https:\/\/amirlatam.com\/bol\/\"},{\"@type\":\"ListItem\",\"position\":2,\"name\":\"Tienda\",\"item\":\"https:\/\/amirlatam.com\/bol\/tienda-2-2\/\"},{\"@type\":\"ListItem\",\"position\":3,\"name\":\"Curso MIR Completo Online | Amir Bolivia\"}]},{\"@type\":\"WebSite\",\"@id\":\"https:\/\/amirlatam.com\/bol\/#website\",\"url\":\"https:\/\/amirlatam.com\/bol\/\",\"name\":\"AMIR Colombia\",\"description\":\"AMIR Latinoam\u00e9rica\",\"publisher\":{\"@id\":\"https:\/\/amirlatam.com\/bol\/#organization\"},\"alternateName\":\"AMIR\",\"potentialAction\":[{\"@type\":\"SearchAction\",\"target\":{\"@type\":\"EntryPoint\",\"urlTemplate\":\"https:\/\/amirlatam.com\/bol\/?s={search_term_string}\"},\"query-input\":{\"@type\":\"PropertyValueSpecification\",\"valueRequired\":true,\"valueName\":\"search_term_string\"}}],\"inLanguage\":\"es\"},{\"@type\":\"Organization\",\"@id\":\"https:\/\/amirlatam.com\/bol\/#organization\",\"name\":\"AMIR Colombia\",\"url\":\"https:\/\/amirlatam.com\/bol\/\",\"logo\":{\"@type\":\"ImageObject\",\"inLanguage\":\"es\",\"@id\":\"https:\/\/amirlatam.com\/bol\/#\/schema\/logo\/image\/\",\"url\":\"https:\/\/amirlatam.com\/co\/wp-content\/uploads\/sites\/2\/2023\/08\/amir-favicon.png\",\"contentUrl\":\"https:\/\/amirlatam.com\/co\/wp-content\/uploads\/sites\/2\/2023\/08\/amir-favicon.png\",\"width\":720,\"height\":720,\"caption\":\"AMIR Colombia\"},\"image\":{\"@id\":\"https:\/\/amirlatam.com\/bol\/#\/schema\/logo\/image\/\"},\"sameAs\":[\"https:\/\/www.facebook.com\/AMIRSuramerica\",\"https:\/\/www.linkedin.com\/company\/amir-colombia\/\",\"https:\/\/www.instagram.com\/amirsuramerica\/\"]}]}<\/script>\n<meta property=\"product:price:amount\" content=\"1\" \/>\n<meta property=\"product:price:currency\" content=\"COP\" \/>\n<meta property=\"og:availability\" content=\"instock\" \/>\n<meta property=\"product:availability\" content=\"instock\" \/>\n<meta property=\"product:condition\" content=\"new\" \/>\n<!-- \/ Yoast SEO Premium plugin. -->","yoast_head_json":{"title":"MIR Completo Online en Amir Colombia &#8226; Prep\u00e1rate con \u00c9xito","description":"Optimiza tu preparaci\u00f3n con el curso MIR Completo online de Amir Colombia. Accede a recursos de alta calidad para alcanzar tus metas en medicina.","robots":{"index":"index","follow":"follow","max-snippet":"max-snippet:-1","max-image-preview":"max-image-preview:large","max-video-preview":"max-video-preview:-1"},"canonical":"https:\/\/amirlatam.com\/bol\/producto\/mir-completo-online\/","og_locale":"es_ES","og_type":"article","og_title":"Curso MIR Completo Online | Amir Bolivia","og_description":"Optimiza tu preparaci\u00f3n con el curso MIR Completo online de Amir Colombia. Accede a recursos de alta calidad para alcanzar tus metas en medicina.","og_url":"https:\/\/amirlatam.com\/bol\/producto\/mir-completo-online\/","og_site_name":"Bolivia","article_publisher":"https:\/\/www.facebook.com\/AMIRSuramerica","article_modified_time":"2024-04-04T22:12:49+00:00","og_image":[{"width":2560,"height":1707,"url":"https:\/\/amirlatam.com\/bol\/wp-content\/uploads\/sites\/11\/2023\/08\/quisiera-hacer-pregunta-scaled-1.jpg","type":"image\/jpeg"}],"twitter_card":"summary_large_image","twitter_misc":{"Precio":"&#36;&nbsp;1","Disponibilidad":"Disponible"},"schema":{"@context":"https:\/\/schema.org","@graph":[{"@type":"WebPage","@id":"https:\/\/amirlatam.com\/bol\/producto\/mir-completo-online\/","url":"https:\/\/amirlatam.com\/bol\/producto\/mir-completo-online\/","name":"MIR Completo Online en Amir Colombia &#8226; Prep\u00e1rate con \u00c9xito","isPartOf":{"@id":"https:\/\/amirlatam.com\/bol\/#website"},"primaryImageOfPage":{"@id":"https:\/\/amirlatam.com\/bol\/producto\/mir-completo-online\/#primaryimage"},"image":{"@id":"https:\/\/amirlatam.com\/bol\/producto\/mir-completo-online\/#primaryimage"},"thumbnailUrl":"https:\/\/amirlatam.com\/bol\/wp-content\/uploads\/sites\/11\/2023\/08\/quisiera-hacer-pregunta-scaled-1.jpg","datePublished":"2024-04-01T20:08:40+00:00","dateModified":"2024-04-04T22:12:49+00:00","description":"Optimiza tu preparaci\u00f3n con el curso MIR Completo online de Amir Colombia. Accede a recursos de alta calidad para alcanzar tus metas en medicina.","breadcrumb":{"@id":"https:\/\/amirlatam.com\/bol\/producto\/mir-completo-online\/#breadcrumb"},"inLanguage":"es","potentialAction":[{"@type":"ReadAction","target":["https:\/\/amirlatam.com\/bol\/producto\/mir-completo-online\/"]}]},{"@type":"ImageObject","inLanguage":"es","@id":"https:\/\/amirlatam.com\/bol\/producto\/mir-completo-online\/#primaryimage","url":"https:\/\/amirlatam.com\/bol\/wp-content\/uploads\/sites\/11\/2023\/08\/quisiera-hacer-pregunta-scaled-1.jpg","contentUrl":"https:\/\/amirlatam.com\/bol\/wp-content\/uploads\/sites\/11\/2023\/08\/quisiera-hacer-pregunta-scaled-1.jpg","width":2560,"height":1707,"caption":"Happy doctor attending a seminar and raising his hand to ask a question at convention center."},{"@type":"BreadcrumbList","@id":"https:\/\/amirlatam.com\/bol\/producto\/mir-completo-online\/#breadcrumb","itemListElement":[{"@type":"ListItem","position":1,"name":"Portada","item":"https:\/\/amirlatam.com\/bol\/"},{"@type":"ListItem","position":2,"name":"Tienda","item":"https:\/\/amirlatam.com\/bol\/tienda-2-2\/"},{"@type":"ListItem","position":3,"name":"Curso MIR Completo Online | Amir Bolivia"}]},{"@type":"WebSite","@id":"https:\/\/amirlatam.com\/bol\/#website","url":"https:\/\/amirlatam.com\/bol\/","name":"AMIR Colombia","description":"AMIR Latinoam\u00e9rica","publisher":{"@id":"https:\/\/amirlatam.com\/bol\/#organization"},"alternateName":"AMIR","potentialAction":[{"@type":"SearchAction","target":{"@type":"EntryPoint","urlTemplate":"https:\/\/amirlatam.com\/bol\/?s={search_term_string}"},"query-input":{"@type":"PropertyValueSpecification","valueRequired":true,"valueName":"search_term_string"}}],"inLanguage":"es"},{"@type":"Organization","@id":"https:\/\/amirlatam.com\/bol\/#organization","name":"AMIR Colombia","url":"https:\/\/amirlatam.com\/bol\/","logo":{"@type":"ImageObject","inLanguage":"es","@id":"https:\/\/amirlatam.com\/bol\/#\/schema\/logo\/image\/","url":"https:\/\/amirlatam.com\/co\/wp-content\/uploads\/sites\/2\/2023\/08\/amir-favicon.png","contentUrl":"https:\/\/amirlatam.com\/co\/wp-content\/uploads\/sites\/2\/2023\/08\/amir-favicon.png","width":720,"height":720,"caption":"AMIR Colombia"},"image":{"@id":"https:\/\/amirlatam.com\/bol\/#\/schema\/logo\/image\/"},"sameAs":["https:\/\/www.facebook.com\/AMIRSuramerica","https:\/\/www.linkedin.com\/company\/amir-colombia\/","https:\/\/www.instagram.com\/amirsuramerica\/"]}]},"product_price_amount":"1","product_price_currency":"COP","og_availability":"instock","product_availability":"instock","product_condition":"new"},"_links":{"self":[{"href":"https:\/\/amirlatam.com\/bol\/wp-json\/wp\/v2\/product\/748","targetHints":{"allow":["GET"]}}],"collection":[{"href":"https:\/\/amirlatam.com\/bol\/wp-json\/wp\/v2\/product"}],"about":[{"href":"https:\/\/amirlatam.com\/bol\/wp-json\/wp\/v2\/types\/product"}],"replies":[{"embeddable":true,"href":"https:\/\/amirlatam.com\/bol\/wp-json\/wp\/v2\/comments?post=748"}],"wp:featuredmedia":[{"embeddable":true,"href":"https:\/\/amirlatam.com\/bol\/wp-json\/wp\/v2\/media\/768"}],"wp:attachment":[{"href":"https:\/\/amirlatam.com\/bol\/wp-json\/wp\/v2\/media?parent=748"}],"wp:term":[{"taxonomy":"product_brand","embeddable":true,"href":"https:\/\/amirlatam.com\/bol\/wp-json\/wp\/v2\/product_brand?post=748"},{"taxonomy":"product_cat","embeddable":true,"href":"https:\/\/amirlatam.com\/bol\/wp-json\/wp\/v2\/product_cat?post=748"},{"taxonomy":"product_tag","embeddable":true,"href":"https:\/\/amirlatam.com\/bol\/wp-json\/wp\/v2\/product_tag?post=748"}],"curies":[{"name":"wp","href":"https:\/\/api.w.org\/{rel}","templated":true}]}}