{"id":744,"date":"2024-04-01T16:08:36","date_gmt":"2024-04-01T20:08:36","guid":{"rendered":"http:\/\/ealvarado"},"modified":"2024-04-01T16:08:36","modified_gmt":"2024-04-01T20:08:36","slug":"mir-completo","status":"publish","type":"product","link":"https:\/\/amirlatam.com\/bol\/producto\/mir-completo\/","title":{"rendered":"MIR Completo"},"content":{"rendered":"<h3 style=\"text-align: center\"><strong>\u00bfC\u00f3mo quieres estudiar?<\/strong><\/h3>\n<p style=\"text-align: center\">\u00bfImaginas tener un curso que se adapte a ti, a tus preferencias y necesidades?<strong> \u00a1En AMIR lo tenemos!<\/strong> Descubre cu\u00e1l de nuestros cursos es el que m\u00e1s se adapta a ti.<\/p>\n","protected":false},"excerpt":{"rendered":"<h1><b>Prep\u00e1rate para tu residencia con Amir Colombia<\/b><\/h1>\n<p>Descubre nuestro curso MIR Completo, dise\u00f1ado para aquellos que buscan una preparaci\u00f3n m\u00e1s extensa, con una duraci\u00f3n aproximada de 16-17 meses, adapt\u00e1ndose a la fecha final del examen. Este programa inicia regularmente entre septiembre y octubre, abarcando todas las fases del proceso hasta el d\u00eda del <b>examen MIR.<\/b><\/p>\n<p>Nuestro curso ofrece clases y tutor\u00edas online, h\u00edbridas y presenciales, respaldadas por asesoramiento personalizado de nuestro equipo de tutores. Obt\u00e9n acceso completo a recursos online, manuales f\u00edsicos y digitales de todas las asignaturas, la gu\u00eda del alumno AMIR, pruebas de seguimiento durante las clases, y acceso exclusivo a AMIR TV. Adem\u00e1s, aprender\u00e1s las t\u00e9cnicas del Curso Genius, dise\u00f1adas para recordar informaci\u00f3n a largo plazo con un estudio eficiente.<\/p>\n<p>Prep\u00e1rate con confianza y eficacia para el examen MIR con<b> Amir Colombia<\/b>. Tu \u00e9xito comienza aqu\u00ed.<\/p>\n","protected":false},"featured_media":768,"comment_status":"closed","ping_status":"closed","template":"","meta":{"_acf_changed":false},"product_brand":[],"product_cat":[67],"product_tag":[79],"class_list":{"0":"post-744","1":"product","2":"type-product","3":"status-publish","4":"has-post-thumbnail","6":"product_cat-mir","7":"product_tag-mir-completo","9":"first","10":"instock","11":"shipping-taxable","12":"purchasable","13":"product-type-simple"},"acf":[],"yoast_head":"<!-- This site is optimized with the Yoast SEO Premium plugin v26.8 (Yoast SEO v26.8) - https:\/\/yoast.com\/product\/yoast-seo-premium-wordpress\/ -->\n<title>Prep\u00e1rate para el MIR &#8226; curso MIR Completo de Amir Colombia<\/title>\n<meta name=\"description\" content=\"Descubre el curso MIR completo de Amir Colombia. Preparaci\u00f3n integral extensa para el Examen MIR, con clases online y presenciales \u00a1Inscr\u00edbete ahora!\" \/>\n<meta name=\"robots\" content=\"index, follow, max-snippet:-1, max-image-preview:large, max-video-preview:-1\" \/>\n<link rel=\"canonical\" href=\"https:\/\/amirlatam.com\/bol\/producto\/mir-completo\/\" \/>\n<meta property=\"og:locale\" content=\"es_ES\" \/>\n<meta property=\"og:type\" content=\"article\" \/>\n<meta property=\"og:title\" content=\"MIR Completo\" \/>\n<meta property=\"og:description\" content=\"Descubre el curso MIR completo de Amir Colombia. Preparaci\u00f3n integral extensa para el Examen MIR, con clases online y presenciales \u00a1Inscr\u00edbete ahora!\" \/>\n<meta property=\"og:url\" content=\"https:\/\/amirlatam.com\/bol\/producto\/mir-completo\/\" \/>\n<meta property=\"og:site_name\" content=\"Bolivia\" \/>\n<meta property=\"article:publisher\" content=\"https:\/\/www.facebook.com\/AMIRSuramerica\" \/>\n<meta property=\"og:image\" content=\"https:\/\/amirlatam.com\/bol\/wp-content\/uploads\/sites\/11\/2023\/08\/quisiera-hacer-pregunta-scaled-1.jpg\" \/>\n\t<meta property=\"og:image:width\" content=\"2560\" \/>\n\t<meta property=\"og:image:height\" content=\"1707\" \/>\n\t<meta property=\"og:image:type\" content=\"image\/jpeg\" \/>\n<meta name=\"twitter:card\" content=\"summary_large_image\" \/>\n<meta name=\"twitter:label1\" content=\"Precio\" \/>\n\t<meta name=\"twitter:data1\" content=\"&#036;&nbsp;1\" \/>\n\t<meta name=\"twitter:label2\" content=\"Disponibilidad\" \/>\n\t<meta name=\"twitter:data2\" content=\"Disponible\" \/>\n<script type=\"application\/ld+json\" class=\"yoast-schema-graph\">{\"@context\":\"https:\/\/schema.org\",\"@graph\":[{\"@type\":\"WebPage\",\"@id\":\"https:\/\/amirlatam.com\/bol\/producto\/mir-completo\/\",\"url\":\"https:\/\/amirlatam.com\/bol\/producto\/mir-completo\/\",\"name\":\"Prep\u00e1rate para el MIR &#8226; curso MIR Completo de Amir Colombia\",\"isPartOf\":{\"@id\":\"https:\/\/amirlatam.com\/bol\/#website\"},\"primaryImageOfPage\":{\"@id\":\"https:\/\/amirlatam.com\/bol\/producto\/mir-completo\/#primaryimage\"},\"image\":{\"@id\":\"https:\/\/amirlatam.com\/bol\/producto\/mir-completo\/#primaryimage\"},\"thumbnailUrl\":\"https:\/\/amirlatam.com\/bol\/wp-content\/uploads\/sites\/11\/2023\/08\/quisiera-hacer-pregunta-scaled-1.jpg\",\"datePublished\":\"2024-04-01T20:08:36+00:00\",\"description\":\"Descubre el curso MIR completo de Amir Colombia. Preparaci\u00f3n integral extensa para el Examen MIR, con clases online y presenciales \u00a1Inscr\u00edbete ahora!\",\"breadcrumb\":{\"@id\":\"https:\/\/amirlatam.com\/bol\/producto\/mir-completo\/#breadcrumb\"},\"inLanguage\":\"es\",\"potentialAction\":[{\"@type\":\"ReadAction\",\"target\":[\"https:\/\/amirlatam.com\/bol\/producto\/mir-completo\/\"]}]},{\"@type\":\"ImageObject\",\"inLanguage\":\"es\",\"@id\":\"https:\/\/amirlatam.com\/bol\/producto\/mir-completo\/#primaryimage\",\"url\":\"https:\/\/amirlatam.com\/bol\/wp-content\/uploads\/sites\/11\/2023\/08\/quisiera-hacer-pregunta-scaled-1.jpg\",\"contentUrl\":\"https:\/\/amirlatam.com\/bol\/wp-content\/uploads\/sites\/11\/2023\/08\/quisiera-hacer-pregunta-scaled-1.jpg\",\"width\":2560,\"height\":1707,\"caption\":\"Happy doctor attending a seminar and raising his hand to ask a question at convention center.\"},{\"@type\":\"BreadcrumbList\",\"@id\":\"https:\/\/amirlatam.com\/bol\/producto\/mir-completo\/#breadcrumb\",\"itemListElement\":[{\"@type\":\"ListItem\",\"position\":1,\"name\":\"Portada\",\"item\":\"https:\/\/amirlatam.com\/bol\/\"},{\"@type\":\"ListItem\",\"position\":2,\"name\":\"Tienda\",\"item\":\"https:\/\/amirlatam.com\/bol\/tienda-2-2\/\"},{\"@type\":\"ListItem\",\"position\":3,\"name\":\"MIR Completo\"}]},{\"@type\":\"WebSite\",\"@id\":\"https:\/\/amirlatam.com\/bol\/#website\",\"url\":\"https:\/\/amirlatam.com\/bol\/\",\"name\":\"AMIR Colombia\",\"description\":\"AMIR Latinoam\u00e9rica\",\"publisher\":{\"@id\":\"https:\/\/amirlatam.com\/bol\/#organization\"},\"alternateName\":\"AMIR\",\"potentialAction\":[{\"@type\":\"SearchAction\",\"target\":{\"@type\":\"EntryPoint\",\"urlTemplate\":\"https:\/\/amirlatam.com\/bol\/?s={search_term_string}\"},\"query-input\":{\"@type\":\"PropertyValueSpecification\",\"valueRequired\":true,\"valueName\":\"search_term_string\"}}],\"inLanguage\":\"es\"},{\"@type\":\"Organization\",\"@id\":\"https:\/\/amirlatam.com\/bol\/#organization\",\"name\":\"AMIR Colombia\",\"url\":\"https:\/\/amirlatam.com\/bol\/\",\"logo\":{\"@type\":\"ImageObject\",\"inLanguage\":\"es\",\"@id\":\"https:\/\/amirlatam.com\/bol\/#\/schema\/logo\/image\/\",\"url\":\"https:\/\/amirlatam.com\/co\/wp-content\/uploads\/sites\/2\/2023\/08\/amir-favicon.png\",\"contentUrl\":\"https:\/\/amirlatam.com\/co\/wp-content\/uploads\/sites\/2\/2023\/08\/amir-favicon.png\",\"width\":720,\"height\":720,\"caption\":\"AMIR Colombia\"},\"image\":{\"@id\":\"https:\/\/amirlatam.com\/bol\/#\/schema\/logo\/image\/\"},\"sameAs\":[\"https:\/\/www.facebook.com\/AMIRSuramerica\",\"https:\/\/www.linkedin.com\/company\/amir-colombia\/\",\"https:\/\/www.instagram.com\/amirsuramerica\/\"]}]}<\/script>\n<meta property=\"product:price:amount\" content=\"1\" \/>\n<meta property=\"product:price:currency\" content=\"COP\" \/>\n<meta property=\"og:availability\" content=\"instock\" \/>\n<meta property=\"product:availability\" content=\"instock\" \/>\n<meta property=\"product:condition\" content=\"new\" \/>\n<!-- \/ Yoast SEO Premium plugin. -->","yoast_head_json":{"title":"Prep\u00e1rate para el MIR &#8226; curso MIR Completo de Amir Colombia","description":"Descubre el curso MIR completo de Amir Colombia. Preparaci\u00f3n integral extensa para el Examen MIR, con clases online y presenciales \u00a1Inscr\u00edbete ahora!","robots":{"index":"index","follow":"follow","max-snippet":"max-snippet:-1","max-image-preview":"max-image-preview:large","max-video-preview":"max-video-preview:-1"},"canonical":"https:\/\/amirlatam.com\/bol\/producto\/mir-completo\/","og_locale":"es_ES","og_type":"article","og_title":"MIR Completo","og_description":"Descubre el curso MIR completo de Amir Colombia. Preparaci\u00f3n integral extensa para el Examen MIR, con clases online y presenciales \u00a1Inscr\u00edbete ahora!","og_url":"https:\/\/amirlatam.com\/bol\/producto\/mir-completo\/","og_site_name":"Bolivia","article_publisher":"https:\/\/www.facebook.com\/AMIRSuramerica","og_image":[{"width":2560,"height":1707,"url":"https:\/\/amirlatam.com\/bol\/wp-content\/uploads\/sites\/11\/2023\/08\/quisiera-hacer-pregunta-scaled-1.jpg","type":"image\/jpeg"}],"twitter_card":"summary_large_image","twitter_misc":{"Precio":"&#36;&nbsp;1","Disponibilidad":"Disponible"},"schema":{"@context":"https:\/\/schema.org","@graph":[{"@type":"WebPage","@id":"https:\/\/amirlatam.com\/bol\/producto\/mir-completo\/","url":"https:\/\/amirlatam.com\/bol\/producto\/mir-completo\/","name":"Prep\u00e1rate para el MIR &#8226; curso MIR Completo de Amir Colombia","isPartOf":{"@id":"https:\/\/amirlatam.com\/bol\/#website"},"primaryImageOfPage":{"@id":"https:\/\/amirlatam.com\/bol\/producto\/mir-completo\/#primaryimage"},"image":{"@id":"https:\/\/amirlatam.com\/bol\/producto\/mir-completo\/#primaryimage"},"thumbnailUrl":"https:\/\/amirlatam.com\/bol\/wp-content\/uploads\/sites\/11\/2023\/08\/quisiera-hacer-pregunta-scaled-1.jpg","datePublished":"2024-04-01T20:08:36+00:00","description":"Descubre el curso MIR completo de Amir Colombia. Preparaci\u00f3n integral extensa para el Examen MIR, con clases online y presenciales \u00a1Inscr\u00edbete ahora!","breadcrumb":{"@id":"https:\/\/amirlatam.com\/bol\/producto\/mir-completo\/#breadcrumb"},"inLanguage":"es","potentialAction":[{"@type":"ReadAction","target":["https:\/\/amirlatam.com\/bol\/producto\/mir-completo\/"]}]},{"@type":"ImageObject","inLanguage":"es","@id":"https:\/\/amirlatam.com\/bol\/producto\/mir-completo\/#primaryimage","url":"https:\/\/amirlatam.com\/bol\/wp-content\/uploads\/sites\/11\/2023\/08\/quisiera-hacer-pregunta-scaled-1.jpg","contentUrl":"https:\/\/amirlatam.com\/bol\/wp-content\/uploads\/sites\/11\/2023\/08\/quisiera-hacer-pregunta-scaled-1.jpg","width":2560,"height":1707,"caption":"Happy doctor attending a seminar and raising his hand to ask a question at convention center."},{"@type":"BreadcrumbList","@id":"https:\/\/amirlatam.com\/bol\/producto\/mir-completo\/#breadcrumb","itemListElement":[{"@type":"ListItem","position":1,"name":"Portada","item":"https:\/\/amirlatam.com\/bol\/"},{"@type":"ListItem","position":2,"name":"Tienda","item":"https:\/\/amirlatam.com\/bol\/tienda-2-2\/"},{"@type":"ListItem","position":3,"name":"MIR Completo"}]},{"@type":"WebSite","@id":"https:\/\/amirlatam.com\/bol\/#website","url":"https:\/\/amirlatam.com\/bol\/","name":"AMIR Colombia","description":"AMIR Latinoam\u00e9rica","publisher":{"@id":"https:\/\/amirlatam.com\/bol\/#organization"},"alternateName":"AMIR","potentialAction":[{"@type":"SearchAction","target":{"@type":"EntryPoint","urlTemplate":"https:\/\/amirlatam.com\/bol\/?s={search_term_string}"},"query-input":{"@type":"PropertyValueSpecification","valueRequired":true,"valueName":"search_term_string"}}],"inLanguage":"es"},{"@type":"Organization","@id":"https:\/\/amirlatam.com\/bol\/#organization","name":"AMIR Colombia","url":"https:\/\/amirlatam.com\/bol\/","logo":{"@type":"ImageObject","inLanguage":"es","@id":"https:\/\/amirlatam.com\/bol\/#\/schema\/logo\/image\/","url":"https:\/\/amirlatam.com\/co\/wp-content\/uploads\/sites\/2\/2023\/08\/amir-favicon.png","contentUrl":"https:\/\/amirlatam.com\/co\/wp-content\/uploads\/sites\/2\/2023\/08\/amir-favicon.png","width":720,"height":720,"caption":"AMIR Colombia"},"image":{"@id":"https:\/\/amirlatam.com\/bol\/#\/schema\/logo\/image\/"},"sameAs":["https:\/\/www.facebook.com\/AMIRSuramerica","https:\/\/www.linkedin.com\/company\/amir-colombia\/","https:\/\/www.instagram.com\/amirsuramerica\/"]}]},"product_price_amount":"1","product_price_currency":"COP","og_availability":"instock","product_availability":"instock","product_condition":"new"},"_links":{"self":[{"href":"https:\/\/amirlatam.com\/bol\/wp-json\/wp\/v2\/product\/744","targetHints":{"allow":["GET"]}}],"collection":[{"href":"https:\/\/amirlatam.com\/bol\/wp-json\/wp\/v2\/product"}],"about":[{"href":"https:\/\/amirlatam.com\/bol\/wp-json\/wp\/v2\/types\/product"}],"replies":[{"embeddable":true,"href":"https:\/\/amirlatam.com\/bol\/wp-json\/wp\/v2\/comments?post=744"}],"wp:featuredmedia":[{"embeddable":true,"href":"https:\/\/amirlatam.com\/bol\/wp-json\/wp\/v2\/media\/768"}],"wp:attachment":[{"href":"https:\/\/amirlatam.com\/bol\/wp-json\/wp\/v2\/media?parent=744"}],"wp:term":[{"taxonomy":"product_brand","embeddable":true,"href":"https:\/\/amirlatam.com\/bol\/wp-json\/wp\/v2\/product_brand?post=744"},{"taxonomy":"product_cat","embeddable":true,"href":"https:\/\/amirlatam.com\/bol\/wp-json\/wp\/v2\/product_cat?post=744"},{"taxonomy":"product_tag","embeddable":true,"href":"https:\/\/amirlatam.com\/bol\/wp-json\/wp\/v2\/product_tag?post=744"}],"curies":[{"name":"wp","href":"https:\/\/api.w.org\/{rel}","templated":true}]}}